{"id":8781,"date":"2022-01-06T08:02:34","date_gmt":"2022-01-06T07:02:34","guid":{"rendered":"https:\/\/www.swisssem.ch\/?page_id=8781"},"modified":"2023-01-12T11:14:26","modified_gmt":"2023-01-12T10:14:26","slug":"delegiertenversammlung-2022","status":"publish","type":"page","link":"https:\/\/www.swisssem.ch\/fr\/delegiertenversammlung-2022\/","title":{"rendered":"Delegiertenversammlung 2022"},"content":{"rendered":"\n<p><\/p>\n\n\n\n<h2 class=\"wp-block-heading\">100. Assembl\u00e9e ordinaire des d\u00e9l\u00e9gu\u00e9s<\/h2>\n\n\n\n<div class=\"wp-block-columns is-layout-flex wp-container-core-columns-is-layout-9d6595d7 wp-block-columns-is-layout-flex\">\n<div class=\"wp-block-column is-layout-flow wp-block-column-is-layout-flow\">\n<p>Au vu de la situation sanitaire et des r\u00e8gles en vigueur le Comit\u00e9 de swisssem a d\u00e9cid\u00e9 en janvier d\u2019annuler son assembl\u00e9e des d\u00e9l\u00e9gu\u00e9s pr\u00e9vue le 18 f\u00e9vrier . Elle a eu lieu par voie de circulation.<\/p>\n<\/div>\n\n\n\n<div class=\"wp-block-column is-layout-flow wp-block-column-is-layout-flow\">\n<div class=\"wp-block-image\"><figure class=\"aligncenter size-large is-resized\"><img loading=\"lazy\" decoding=\"async\" src=\"https:\/\/www.swisssem.ch\/wp-content\/uploads\/2022\/02\/Guy-Parmelin-4.jpg\" alt=\"\" class=\"wp-image-8925\" width=\"205\" height=\"244\" srcset=\"https:\/\/www.swisssem.ch\/wp-content\/uploads\/2022\/02\/Guy-Parmelin-4.jpg 800w, https:\/\/www.swisssem.ch\/wp-content\/uploads\/2022\/02\/Guy-Parmelin-4-252x300.jpg 252w, https:\/\/www.swisssem.ch\/wp-content\/uploads\/2022\/02\/Guy-Parmelin-4-768x915.jpg 768w\" sizes=\"auto, (max-width: 205px) 100vw, 205px\" \/><figcaption><a href=\"https:\/\/www.swisssem.ch\/wp-content\/uploads\/2022\/02\/20220216_CFGP_Swisssem_FR.mp4\" target=\"_blank\" rel=\"noreferrer noopener\" aria-label=\"Vid\u00e9o (ouverture dans un nouvel onglet)\">Vid\u00e9o<\/a><\/figcaption><\/figure><\/div>\n<\/div>\n\n\n\n<div class=\"wp-block-column is-layout-flow wp-block-column-is-layout-flow\" style=\"flex-basis:28.6%\">\n<p>Notre invit\u00e9 d&rsquo;honneur, <br>Monsieur le Conseiller f\u00e9d\u00e9ral Guy Parmelin nous a transmis son allocution enregistr\u00e9e.<\/p>\n\n\n\n<p class=\"has-normal-font-size\">(<a href=\"https:\/\/www.admin.ch\/gov\/fr\/accueil\/conseil-federal\/photos-discours-conseil-federal\/photos-officielles-du-conseil-federal\/versions-imprimables-et-portraits.html\">source image<\/a>)<\/p>\n\n\n\n<p><\/p>\n<\/div>\n<\/div>\n\n\n\n<div class=\"wp-block-group is-layout-flow wp-block-group-is-layout-flow\"><div class=\"wp-block-group__inner-container\"><\/div><\/div>\n","protected":false},"excerpt":{"rendered":"<p>100. Assembl\u00e9e ordinaire des d\u00e9l\u00e9gu\u00e9s Au vu de la situation sanitaire et des r\u00e8gles en vigueur le Comit\u00e9 de swisssem a d\u00e9cid\u00e9 en janvier d\u2019annuler son assembl\u00e9e des d\u00e9l\u00e9gu\u00e9s pr\u00e9vue le 18 f\u00e9vrier . Elle a eu lieu par voie de circulation. Notre invit\u00e9 d&rsquo;honneur, Monsieur le Conseiller f\u00e9d\u00e9ral Guy Parmelin nous a transmis son [&hellip;]<\/p>\n","protected":false},"author":7,"featured_media":0,"parent":0,"menu_order":76,"comment_status":"closed","ping_status":"closed","template":"page.php","meta":{"_acf_changed":false,"footnotes":""},"class_list":["post-8781","page","type-page","status-publish","hentry"],"acf":[],"yoast_head":"<!-- This site is optimized with the Yoast SEO plugin v27.1.1 - https:\/\/yoast.com\/product\/yoast-seo-wordpress\/ -->\n<title>Delegiertenversammlung 2022 - swisssem semence suisse<\/title>\n<meta name=\"robots\" content=\"index, follow, max-snippet:-1, max-image-preview:large, max-video-preview:-1\" \/>\n<link rel=\"canonical\" href=\"https:\/\/www.swisssem.ch\/fr\/delegiertenversammlung-2022\/\" \/>\n<meta property=\"og:locale\" content=\"fr_FR\" \/>\n<meta property=\"og:type\" content=\"article\" \/>\n<meta property=\"og:title\" content=\"Delegiertenversammlung 2022 - swisssem semence suisse\" \/>\n<meta property=\"og:description\" content=\"100. Assembl\u00e9e ordinaire des d\u00e9l\u00e9gu\u00e9s Au vu de la situation sanitaire et des r\u00e8gles en vigueur le Comit\u00e9 de swisssem a d\u00e9cid\u00e9 en janvier d\u2019annuler son assembl\u00e9e des d\u00e9l\u00e9gu\u00e9s pr\u00e9vue le 18 f\u00e9vrier . Elle a eu lieu par voie de circulation. Notre invit\u00e9 d&rsquo;honneur, Monsieur le Conseiller f\u00e9d\u00e9ral Guy Parmelin nous a transmis son [&hellip;]\" \/>\n<meta property=\"og:url\" content=\"https:\/\/www.swisssem.ch\/fr\/delegiertenversammlung-2022\/\" \/>\n<meta property=\"og:site_name\" content=\"swisssem semence suisse\" \/>\n<meta property=\"article:modified_time\" content=\"2023-01-12T10:14:26+00:00\" \/>\n<meta property=\"og:image\" content=\"https:\/\/www.swisssem.ch\/wp-content\/uploads\/2022\/02\/Guy-Parmelin-4.jpg\" \/>\n<meta name=\"twitter:card\" content=\"summary_large_image\" \/>\n<script type=\"application\/ld+json\" class=\"yoast-schema-graph\">{\"@context\":\"https:\/\/schema.org\",\"@graph\":[{\"@type\":\"WebPage\",\"@id\":\"https:\/\/www.swisssem.ch\/fr\/delegiertenversammlung-2022\/\",\"url\":\"https:\/\/www.swisssem.ch\/fr\/delegiertenversammlung-2022\/\",\"name\":\"Delegiertenversammlung 2022 - swisssem semence suisse\",\"isPartOf\":{\"@id\":\"https:\/\/www.swisssem.ch\/de\/#website\"},\"primaryImageOfPage\":{\"@id\":\"https:\/\/www.swisssem.ch\/fr\/delegiertenversammlung-2022\/#primaryimage\"},\"image\":{\"@id\":\"https:\/\/www.swisssem.ch\/fr\/delegiertenversammlung-2022\/#primaryimage\"},\"thumbnailUrl\":\"https:\/\/www.swisssem.ch\/wp-content\/uploads\/2022\/02\/Guy-Parmelin-4.jpg\",\"datePublished\":\"2022-01-06T07:02:34+00:00\",\"dateModified\":\"2023-01-12T10:14:26+00:00\",\"breadcrumb\":{\"@id\":\"https:\/\/www.swisssem.ch\/fr\/delegiertenversammlung-2022\/#breadcrumb\"},\"inLanguage\":\"fr-FR\",\"potentialAction\":[{\"@type\":\"ReadAction\",\"target\":[\"https:\/\/www.swisssem.ch\/fr\/delegiertenversammlung-2022\/\"]}]},{\"@type\":\"ImageObject\",\"inLanguage\":\"fr-FR\",\"@id\":\"https:\/\/www.swisssem.ch\/fr\/delegiertenversammlung-2022\/#primaryimage\",\"url\":\"https:\/\/www.swisssem.ch\/wp-content\/uploads\/2022\/02\/Guy-Parmelin-4.jpg\",\"contentUrl\":\"https:\/\/www.swisssem.ch\/wp-content\/uploads\/2022\/02\/Guy-Parmelin-4.jpg\"},{\"@type\":\"BreadcrumbList\",\"@id\":\"https:\/\/www.swisssem.ch\/fr\/delegiertenversammlung-2022\/#breadcrumb\",\"itemListElement\":[{\"@type\":\"ListItem\",\"position\":1,\"name\":\"Home\",\"item\":\"https:\/\/www.swisssem.ch\/fr\/\"},{\"@type\":\"ListItem\",\"position\":2,\"name\":\"Delegiertenversammlung 2022\"}]},{\"@type\":\"WebSite\",\"@id\":\"https:\/\/www.swisssem.ch\/de\/#website\",\"url\":\"https:\/\/www.swisssem.ch\/de\/\",\"name\":\"swisssem semence suisse\",\"description\":\"\",\"publisher\":{\"@id\":\"https:\/\/www.swisssem.ch\/de\/#organization\"},\"potentialAction\":[{\"@type\":\"SearchAction\",\"target\":{\"@type\":\"EntryPoint\",\"urlTemplate\":\"https:\/\/www.swisssem.ch\/de\/?s={search_term_string}\"},\"query-input\":{\"@type\":\"PropertyValueSpecification\",\"valueRequired\":true,\"valueName\":\"search_term_string\"}}],\"inLanguage\":\"fr-FR\"},{\"@type\":\"Organization\",\"@id\":\"https:\/\/www.swisssem.ch\/de\/#organization\",\"name\":\"swisssem saatgut schweiz\",\"url\":\"https:\/\/www.swisssem.ch\/de\/\",\"logo\":{\"@type\":\"ImageObject\",\"inLanguage\":\"fr-FR\",\"@id\":\"https:\/\/www.swisssem.ch\/de\/#\/schema\/logo\/image\/\",\"url\":\"https:\/\/www.swisssem.ch\/wp-content\/uploads\/2020\/03\/Logo_swisssem_RGB-1.jpg\",\"contentUrl\":\"https:\/\/www.swisssem.ch\/wp-content\/uploads\/2020\/03\/Logo_swisssem_RGB-1.jpg\",\"width\":1684,\"height\":430,\"caption\":\"swisssem saatgut schweiz\"},\"image\":{\"@id\":\"https:\/\/www.swisssem.ch\/de\/#\/schema\/logo\/image\/\"}}]}<\/script>\n<!-- \/ Yoast SEO plugin. -->","yoast_head_json":{"title":"Delegiertenversammlung 2022 - swisssem semence suisse","robots":{"index":"index","follow":"follow","max-snippet":"max-snippet:-1","max-image-preview":"max-image-preview:large","max-video-preview":"max-video-preview:-1"},"canonical":"https:\/\/www.swisssem.ch\/fr\/delegiertenversammlung-2022\/","og_locale":"fr_FR","og_type":"article","og_title":"Delegiertenversammlung 2022 - swisssem semence suisse","og_description":"100. Assembl\u00e9e ordinaire des d\u00e9l\u00e9gu\u00e9s Au vu de la situation sanitaire et des r\u00e8gles en vigueur le Comit\u00e9 de swisssem a d\u00e9cid\u00e9 en janvier d\u2019annuler son assembl\u00e9e des d\u00e9l\u00e9gu\u00e9s pr\u00e9vue le 18 f\u00e9vrier . Elle a eu lieu par voie de circulation. Notre invit\u00e9 d&rsquo;honneur, Monsieur le Conseiller f\u00e9d\u00e9ral Guy Parmelin nous a transmis son [&hellip;]","og_url":"https:\/\/www.swisssem.ch\/fr\/delegiertenversammlung-2022\/","og_site_name":"swisssem semence suisse","article_modified_time":"2023-01-12T10:14:26+00:00","og_image":[{"url":"https:\/\/www.swisssem.ch\/wp-content\/uploads\/2022\/02\/Guy-Parmelin-4.jpg","type":"","width":"","height":""}],"twitter_card":"summary_large_image","schema":{"@context":"https:\/\/schema.org","@graph":[{"@type":"WebPage","@id":"https:\/\/www.swisssem.ch\/fr\/delegiertenversammlung-2022\/","url":"https:\/\/www.swisssem.ch\/fr\/delegiertenversammlung-2022\/","name":"Delegiertenversammlung 2022 - swisssem semence suisse","isPartOf":{"@id":"https:\/\/www.swisssem.ch\/de\/#website"},"primaryImageOfPage":{"@id":"https:\/\/www.swisssem.ch\/fr\/delegiertenversammlung-2022\/#primaryimage"},"image":{"@id":"https:\/\/www.swisssem.ch\/fr\/delegiertenversammlung-2022\/#primaryimage"},"thumbnailUrl":"https:\/\/www.swisssem.ch\/wp-content\/uploads\/2022\/02\/Guy-Parmelin-4.jpg","datePublished":"2022-01-06T07:02:34+00:00","dateModified":"2023-01-12T10:14:26+00:00","breadcrumb":{"@id":"https:\/\/www.swisssem.ch\/fr\/delegiertenversammlung-2022\/#breadcrumb"},"inLanguage":"fr-FR","potentialAction":[{"@type":"ReadAction","target":["https:\/\/www.swisssem.ch\/fr\/delegiertenversammlung-2022\/"]}]},{"@type":"ImageObject","inLanguage":"fr-FR","@id":"https:\/\/www.swisssem.ch\/fr\/delegiertenversammlung-2022\/#primaryimage","url":"https:\/\/www.swisssem.ch\/wp-content\/uploads\/2022\/02\/Guy-Parmelin-4.jpg","contentUrl":"https:\/\/www.swisssem.ch\/wp-content\/uploads\/2022\/02\/Guy-Parmelin-4.jpg"},{"@type":"BreadcrumbList","@id":"https:\/\/www.swisssem.ch\/fr\/delegiertenversammlung-2022\/#breadcrumb","itemListElement":[{"@type":"ListItem","position":1,"name":"Home","item":"https:\/\/www.swisssem.ch\/fr\/"},{"@type":"ListItem","position":2,"name":"Delegiertenversammlung 2022"}]},{"@type":"WebSite","@id":"https:\/\/www.swisssem.ch\/de\/#website","url":"https:\/\/www.swisssem.ch\/de\/","name":"swisssem semence suisse","description":"","publisher":{"@id":"https:\/\/www.swisssem.ch\/de\/#organization"},"potentialAction":[{"@type":"SearchAction","target":{"@type":"EntryPoint","urlTemplate":"https:\/\/www.swisssem.ch\/de\/?s={search_term_string}"},"query-input":{"@type":"PropertyValueSpecification","valueRequired":true,"valueName":"search_term_string"}}],"inLanguage":"fr-FR"},{"@type":"Organization","@id":"https:\/\/www.swisssem.ch\/de\/#organization","name":"swisssem saatgut schweiz","url":"https:\/\/www.swisssem.ch\/de\/","logo":{"@type":"ImageObject","inLanguage":"fr-FR","@id":"https:\/\/www.swisssem.ch\/de\/#\/schema\/logo\/image\/","url":"https:\/\/www.swisssem.ch\/wp-content\/uploads\/2020\/03\/Logo_swisssem_RGB-1.jpg","contentUrl":"https:\/\/www.swisssem.ch\/wp-content\/uploads\/2020\/03\/Logo_swisssem_RGB-1.jpg","width":1684,"height":430,"caption":"swisssem saatgut schweiz"},"image":{"@id":"https:\/\/www.swisssem.ch\/de\/#\/schema\/logo\/image\/"}}]}},"_links":{"self":[{"href":"https:\/\/www.swisssem.ch\/fr\/wp-json\/wp\/v2\/pages\/8781","targetHints":{"allow":["GET"]}}],"collection":[{"href":"https:\/\/www.swisssem.ch\/fr\/wp-json\/wp\/v2\/pages"}],"about":[{"href":"https:\/\/www.swisssem.ch\/fr\/wp-json\/wp\/v2\/types\/page"}],"author":[{"embeddable":true,"href":"https:\/\/www.swisssem.ch\/fr\/wp-json\/wp\/v2\/users\/7"}],"replies":[{"embeddable":true,"href":"https:\/\/www.swisssem.ch\/fr\/wp-json\/wp\/v2\/comments?post=8781"}],"version-history":[{"count":19,"href":"https:\/\/www.swisssem.ch\/fr\/wp-json\/wp\/v2\/pages\/8781\/revisions"}],"predecessor-version":[{"id":8968,"href":"https:\/\/www.swisssem.ch\/fr\/wp-json\/wp\/v2\/pages\/8781\/revisions\/8968"}],"wp:attachment":[{"href":"https:\/\/www.swisssem.ch\/fr\/wp-json\/wp\/v2\/media?parent=8781"}],"curies":[{"name":"wp","href":"https:\/\/api.w.org\/{rel}","templated":true}]}}