{"id":7585,"date":"2021-02-09T11:11:47","date_gmt":"2021-02-09T10:11:47","guid":{"rendered":"https:\/\/www.swisssem.ch\/?page_id=7585"},"modified":"2021-02-11T16:32:47","modified_gmt":"2021-02-11T15:32:47","slug":"presentation-des-nouveaux-membres-2021","status":"publish","type":"page","link":"https:\/\/www.swisssem.ch\/fr\/espace-membres\/archiv_newsletter\/newsletter-swisssem-fevrier-2021\/nouveaux-membres-au-comite-2021\/presentation-des-nouveaux-membres-2021\/","title":{"rendered":"Pr\u00e9sentation des nouveaux membres 2021"},"content":{"rendered":"\n<h2 class=\"wp-block-heading\"><\/h2>\n\n\n\n<div class=\"wp-block-columns is-layout-flex wp-container-core-columns-is-layout-9d6595d7 wp-block-columns-is-layout-flex\">\n<div class=\"wp-block-column is-layout-flow wp-block-column-is-layout-flow\">\n<figure class=\"wp-block-image size-large is-resized\"><img loading=\"lazy\" decoding=\"async\" src=\"https:\/\/www.swisssem.ch\/wp-content\/uploads\/2021\/02\/M-A-Chevalley-ASS.jpg\" alt=\"\" class=\"wp-image-7495\" width=\"226\" height=\"296\" srcset=\"https:\/\/www.swisssem.ch\/wp-content\/uploads\/2021\/02\/M-A-Chevalley-ASS.jpg 372w, https:\/\/www.swisssem.ch\/wp-content\/uploads\/2021\/02\/M-A-Chevalley-ASS-229x300.jpg 229w\" sizes=\"auto, (max-width: 226px) 100vw, 226px\" \/><figcaption>Marc-Henri Chevalley<\/figcaption><\/figure>\n\n\n\n<div class=\"wp-block-columns is-layout-flex wp-container-core-columns-is-layout-9d6595d7 wp-block-columns-is-layout-flex\">\n<div class=\"wp-block-column is-layout-flow wp-block-column-is-layout-flow\" style=\"flex-basis:66.66%\"><\/div>\n\n\n\n<div class=\"wp-block-column is-layout-flow wp-block-column-is-layout-flow\" style=\"flex-basis:33.33%\"><\/div>\n<\/div>\n\n\n\n<div class=\"wp-block-columns is-layout-flex wp-container-core-columns-is-layout-9d6595d7 wp-block-columns-is-layout-flex\">\n<div class=\"wp-block-column is-layout-flow wp-block-column-is-layout-flow\" style=\"flex-basis:66.66%\"><\/div>\n\n\n\n<div class=\"wp-block-column is-layout-flow wp-block-column-is-layout-flow\" style=\"flex-basis:33.33%\"><\/div>\n<\/div>\n<\/div>\n\n\n\n<div class=\"wp-block-column is-layout-flow wp-block-column-is-layout-flow\">\n<p><strong>Marc-Henri Chevalley<\/strong> est \u00e2g\u00e9 de 55 ans, mari\u00e9 et p\u00e8re de&nbsp;3 enfants. Il est titulaire de la ma\u00eetrise agricole. Il exploite \u00e0 Chavannes-sur-Moudon un domaine agricole mixte avec des grandes cultures (106 ha SAU) et du b\u00e9tail laitier pour la production de Gruy\u00e8re&nbsp;AOP.<br>S\u2019agissant des grandes cultures, M. Chevalley produit des semences de c\u00e9r\u00e9ales et des plants de pommes de terre pour l\u2019ASS depuis 2 g\u00e9n\u00e9rations.<br>Il a \u00e9t\u00e9 fra\u00eechement \u00e9lu au Comit\u00e9 de l\u2019ASS en janvier 2021. Il est \u00e9galement membre de Conseil de l\u2019Office vaudois de cautionnement agricole.<\/p>\n<\/div>\n<\/div>\n\n\n\n<div class=\"wp-block-columns is-layout-flex wp-container-core-columns-is-layout-9d6595d7 wp-block-columns-is-layout-flex\">\n<div class=\"wp-block-column is-layout-flow wp-block-column-is-layout-flow\" style=\"flex-basis:66.66%\">\n<p><strong>Benno Jungo<\/strong> est \u00e2g\u00e9 de 32 ans, p\u00e8re de deux filles. Il est titulaire d\u2019un BSc FH en agronomie. Il exploite \u00e0 Schmitten en domaine agricole mixte avec des grandes cultures (34 ha SAU) et du b\u00e9tail laitier pour la production de Gruy\u00e8re\u00a0AOP. Il consacre une partie de son temps pour le travail \u00e0 fa\u00e7on et la vente directe. Il occupe \u00e9galement la fonction de Key Account chez Agroplus Software SA.<br>Benno produit des semences de bl\u00e9 d\u2019automne et des plants de pommes de terre pour Saatzucht D\u00fcdingen.<br>Il est candidat d\u00e9sign\u00e9 pour rejoindre le Conseil d\u2019administration de SGD \u00e0 partir de l\u2019assembl\u00e9e 2021.<br>Dans son temps libre, il se consacre \u00e0 sa famille et s\u2019investit pour la lutte.<\/p>\n<\/div>\n\n\n\n<div class=\"wp-block-column is-layout-flow wp-block-column-is-layout-flow\" style=\"flex-basis:33.33%\">\n<figure class=\"wp-block-image size-large is-resized\"><img loading=\"lazy\" decoding=\"async\" src=\"https:\/\/www.swisssem.ch\/wp-content\/uploads\/2021\/02\/B.-Jungo-SGD-1-rotated.jpg\" alt=\"\" class=\"wp-image-7501\" width=\"234\" height=\"312\"\/><figcaption>Benno Jungo<\/figcaption><\/figure>\n<\/div>\n<\/div>\n","protected":false},"excerpt":{"rendered":"<p>Marc-Henri Chevalley est \u00e2g\u00e9 de 55 ans, mari\u00e9 et p\u00e8re de&nbsp;3 enfants. Il est titulaire de la ma\u00eetrise agricole. Il exploite \u00e0 Chavannes-sur-Moudon un domaine agricole mixte avec des grandes cultures (106 ha SAU) et du b\u00e9tail laitier pour la production de Gruy\u00e8re&nbsp;AOP.S\u2019agissant des grandes cultures, M. Chevalley produit des semences de c\u00e9r\u00e9ales et des [&hellip;]<\/p>\n","protected":false},"author":6,"featured_media":0,"parent":7579,"menu_order":97,"comment_status":"closed","ping_status":"closed","template":"","meta":{"_acf_changed":false,"footnotes":""},"class_list":["post-7585","page","type-page","status-publish","hentry"],"acf":[],"yoast_head":"<!-- This site is optimized with the Yoast SEO plugin v27.1.1 - https:\/\/yoast.com\/product\/yoast-seo-wordpress\/ -->\n<title>Pr\u00e9sentation des nouveaux membres 2021 - swisssem semence suisse<\/title>\n<meta name=\"robots\" content=\"index, follow, max-snippet:-1, max-image-preview:large, max-video-preview:-1\" \/>\n<link rel=\"canonical\" href=\"https:\/\/www.swisssem.ch\/fr\/espace-membres\/archiv_newsletter\/newsletter-swisssem-fevrier-2021\/nouveaux-membres-au-comite-2021\/presentation-des-nouveaux-membres-2021\/\" \/>\n<meta property=\"og:locale\" content=\"fr_FR\" \/>\n<meta property=\"og:type\" content=\"article\" \/>\n<meta property=\"og:title\" content=\"Pr\u00e9sentation des nouveaux membres 2021 - swisssem semence suisse\" \/>\n<meta property=\"og:description\" content=\"Marc-Henri Chevalley est \u00e2g\u00e9 de 55 ans, mari\u00e9 et p\u00e8re de&nbsp;3 enfants. Il est titulaire de la ma\u00eetrise agricole. Il exploite \u00e0 Chavannes-sur-Moudon un domaine agricole mixte avec des grandes cultures (106 ha SAU) et du b\u00e9tail laitier pour la production de Gruy\u00e8re&nbsp;AOP.S\u2019agissant des grandes cultures, M. Chevalley produit des semences de c\u00e9r\u00e9ales et des [&hellip;]\" \/>\n<meta property=\"og:url\" content=\"https:\/\/www.swisssem.ch\/fr\/espace-membres\/archiv_newsletter\/newsletter-swisssem-fevrier-2021\/nouveaux-membres-au-comite-2021\/presentation-des-nouveaux-membres-2021\/\" \/>\n<meta property=\"og:site_name\" content=\"swisssem semence suisse\" \/>\n<meta property=\"article:modified_time\" content=\"2021-02-11T15:32:47+00:00\" \/>\n<meta property=\"og:image\" content=\"https:\/\/www.swisssem.ch\/wp-content\/uploads\/2021\/02\/M-A-Chevalley-ASS.jpg\" \/>\n<meta name=\"twitter:card\" content=\"summary_large_image\" \/>\n<meta name=\"twitter:label1\" content=\"Dur\u00e9e de lecture estim\u00e9e\" \/>\n\t<meta name=\"twitter:data1\" content=\"1 minute\" \/>\n<script type=\"application\/ld+json\" class=\"yoast-schema-graph\">{\"@context\":\"https:\/\/schema.org\",\"@graph\":[{\"@type\":\"WebPage\",\"@id\":\"https:\/\/www.swisssem.ch\/fr\/espace-membres\/archiv_newsletter\/newsletter-swisssem-fevrier-2021\/nouveaux-membres-au-comite-2021\/presentation-des-nouveaux-membres-2021\/\",\"url\":\"https:\/\/www.swisssem.ch\/fr\/espace-membres\/archiv_newsletter\/newsletter-swisssem-fevrier-2021\/nouveaux-membres-au-comite-2021\/presentation-des-nouveaux-membres-2021\/\",\"name\":\"Pr\u00e9sentation des nouveaux membres 2021 - swisssem semence suisse\",\"isPartOf\":{\"@id\":\"https:\/\/www.swisssem.ch\/de\/#website\"},\"primaryImageOfPage\":{\"@id\":\"https:\/\/www.swisssem.ch\/fr\/espace-membres\/archiv_newsletter\/newsletter-swisssem-fevrier-2021\/nouveaux-membres-au-comite-2021\/presentation-des-nouveaux-membres-2021\/#primaryimage\"},\"image\":{\"@id\":\"https:\/\/www.swisssem.ch\/fr\/espace-membres\/archiv_newsletter\/newsletter-swisssem-fevrier-2021\/nouveaux-membres-au-comite-2021\/presentation-des-nouveaux-membres-2021\/#primaryimage\"},\"thumbnailUrl\":\"https:\/\/www.swisssem.ch\/wp-content\/uploads\/2021\/02\/M-A-Chevalley-ASS.jpg\",\"datePublished\":\"2021-02-09T10:11:47+00:00\",\"dateModified\":\"2021-02-11T15:32:47+00:00\",\"breadcrumb\":{\"@id\":\"https:\/\/www.swisssem.ch\/fr\/espace-membres\/archiv_newsletter\/newsletter-swisssem-fevrier-2021\/nouveaux-membres-au-comite-2021\/presentation-des-nouveaux-membres-2021\/#breadcrumb\"},\"inLanguage\":\"fr-FR\",\"potentialAction\":[{\"@type\":\"ReadAction\",\"target\":[\"https:\/\/www.swisssem.ch\/fr\/espace-membres\/archiv_newsletter\/newsletter-swisssem-fevrier-2021\/nouveaux-membres-au-comite-2021\/presentation-des-nouveaux-membres-2021\/\"]}]},{\"@type\":\"ImageObject\",\"inLanguage\":\"fr-FR\",\"@id\":\"https:\/\/www.swisssem.ch\/fr\/espace-membres\/archiv_newsletter\/newsletter-swisssem-fevrier-2021\/nouveaux-membres-au-comite-2021\/presentation-des-nouveaux-membres-2021\/#primaryimage\",\"url\":\"https:\/\/www.swisssem.ch\/wp-content\/uploads\/2021\/02\/M-A-Chevalley-ASS.jpg\",\"contentUrl\":\"https:\/\/www.swisssem.ch\/wp-content\/uploads\/2021\/02\/M-A-Chevalley-ASS.jpg\"},{\"@type\":\"BreadcrumbList\",\"@id\":\"https:\/\/www.swisssem.ch\/fr\/espace-membres\/archiv_newsletter\/newsletter-swisssem-fevrier-2021\/nouveaux-membres-au-comite-2021\/presentation-des-nouveaux-membres-2021\/#breadcrumb\",\"itemListElement\":[{\"@type\":\"ListItem\",\"position\":1,\"name\":\"Home\",\"item\":\"https:\/\/www.swisssem.ch\/fr\/\"},{\"@type\":\"ListItem\",\"position\":2,\"name\":\"Espace membres\",\"item\":\"https:\/\/www.swisssem.ch\/fr\/espace-membres\/\"},{\"@type\":\"ListItem\",\"position\":3,\"name\":\"Newsletters\",\"item\":\"https:\/\/www.swisssem.ch\/fr\/espace-membres\/archiv_newsletter\/\"},{\"@type\":\"ListItem\",\"position\":4,\"name\":\"Newsletter swisssem f\u00e9vrier 2021\",\"item\":\"https:\/\/www.swisssem.ch\/fr\/espace-membres\/archiv_newsletter\/newsletter-swisssem-fevrier-2021\/\"},{\"@type\":\"ListItem\",\"position\":5,\"name\":\"Nouveaux membres au comit\u00e9 2021\",\"item\":\"https:\/\/www.swisssem.ch\/fr\/espace-membres\/archiv_newsletter\/newsletter-swisssem-fevrier-2021\/nouveaux-membres-au-comite-2021\/\"},{\"@type\":\"ListItem\",\"position\":6,\"name\":\"Pr\u00e9sentation des nouveaux membres 2021\"}]},{\"@type\":\"WebSite\",\"@id\":\"https:\/\/www.swisssem.ch\/de\/#website\",\"url\":\"https:\/\/www.swisssem.ch\/de\/\",\"name\":\"swisssem semence suisse\",\"description\":\"\",\"publisher\":{\"@id\":\"https:\/\/www.swisssem.ch\/de\/#organization\"},\"potentialAction\":[{\"@type\":\"SearchAction\",\"target\":{\"@type\":\"EntryPoint\",\"urlTemplate\":\"https:\/\/www.swisssem.ch\/de\/?s={search_term_string}\"},\"query-input\":{\"@type\":\"PropertyValueSpecification\",\"valueRequired\":true,\"valueName\":\"search_term_string\"}}],\"inLanguage\":\"fr-FR\"},{\"@type\":\"Organization\",\"@id\":\"https:\/\/www.swisssem.ch\/de\/#organization\",\"name\":\"swisssem saatgut schweiz\",\"url\":\"https:\/\/www.swisssem.ch\/de\/\",\"logo\":{\"@type\":\"ImageObject\",\"inLanguage\":\"fr-FR\",\"@id\":\"https:\/\/www.swisssem.ch\/de\/#\/schema\/logo\/image\/\",\"url\":\"https:\/\/www.swisssem.ch\/wp-content\/uploads\/2020\/03\/Logo_swisssem_RGB-1.jpg\",\"contentUrl\":\"https:\/\/www.swisssem.ch\/wp-content\/uploads\/2020\/03\/Logo_swisssem_RGB-1.jpg\",\"width\":1684,\"height\":430,\"caption\":\"swisssem saatgut schweiz\"},\"image\":{\"@id\":\"https:\/\/www.swisssem.ch\/de\/#\/schema\/logo\/image\/\"}}]}<\/script>\n<!-- \/ Yoast SEO plugin. -->","yoast_head_json":{"title":"Pr\u00e9sentation des nouveaux membres 2021 - swisssem semence suisse","robots":{"index":"index","follow":"follow","max-snippet":"max-snippet:-1","max-image-preview":"max-image-preview:large","max-video-preview":"max-video-preview:-1"},"canonical":"https:\/\/www.swisssem.ch\/fr\/espace-membres\/archiv_newsletter\/newsletter-swisssem-fevrier-2021\/nouveaux-membres-au-comite-2021\/presentation-des-nouveaux-membres-2021\/","og_locale":"fr_FR","og_type":"article","og_title":"Pr\u00e9sentation des nouveaux membres 2021 - swisssem semence suisse","og_description":"Marc-Henri Chevalley est \u00e2g\u00e9 de 55 ans, mari\u00e9 et p\u00e8re de&nbsp;3 enfants. Il est titulaire de la ma\u00eetrise agricole. Il exploite \u00e0 Chavannes-sur-Moudon un domaine agricole mixte avec des grandes cultures (106 ha SAU) et du b\u00e9tail laitier pour la production de Gruy\u00e8re&nbsp;AOP.S\u2019agissant des grandes cultures, M. Chevalley produit des semences de c\u00e9r\u00e9ales et des [&hellip;]","og_url":"https:\/\/www.swisssem.ch\/fr\/espace-membres\/archiv_newsletter\/newsletter-swisssem-fevrier-2021\/nouveaux-membres-au-comite-2021\/presentation-des-nouveaux-membres-2021\/","og_site_name":"swisssem semence suisse","article_modified_time":"2021-02-11T15:32:47+00:00","og_image":[{"url":"https:\/\/www.swisssem.ch\/wp-content\/uploads\/2021\/02\/M-A-Chevalley-ASS.jpg","type":"","width":"","height":""}],"twitter_card":"summary_large_image","twitter_misc":{"Dur\u00e9e de lecture estim\u00e9e":"1 minute"},"schema":{"@context":"https:\/\/schema.org","@graph":[{"@type":"WebPage","@id":"https:\/\/www.swisssem.ch\/fr\/espace-membres\/archiv_newsletter\/newsletter-swisssem-fevrier-2021\/nouveaux-membres-au-comite-2021\/presentation-des-nouveaux-membres-2021\/","url":"https:\/\/www.swisssem.ch\/fr\/espace-membres\/archiv_newsletter\/newsletter-swisssem-fevrier-2021\/nouveaux-membres-au-comite-2021\/presentation-des-nouveaux-membres-2021\/","name":"Pr\u00e9sentation des nouveaux membres 2021 - swisssem semence suisse","isPartOf":{"@id":"https:\/\/www.swisssem.ch\/de\/#website"},"primaryImageOfPage":{"@id":"https:\/\/www.swisssem.ch\/fr\/espace-membres\/archiv_newsletter\/newsletter-swisssem-fevrier-2021\/nouveaux-membres-au-comite-2021\/presentation-des-nouveaux-membres-2021\/#primaryimage"},"image":{"@id":"https:\/\/www.swisssem.ch\/fr\/espace-membres\/archiv_newsletter\/newsletter-swisssem-fevrier-2021\/nouveaux-membres-au-comite-2021\/presentation-des-nouveaux-membres-2021\/#primaryimage"},"thumbnailUrl":"https:\/\/www.swisssem.ch\/wp-content\/uploads\/2021\/02\/M-A-Chevalley-ASS.jpg","datePublished":"2021-02-09T10:11:47+00:00","dateModified":"2021-02-11T15:32:47+00:00","breadcrumb":{"@id":"https:\/\/www.swisssem.ch\/fr\/espace-membres\/archiv_newsletter\/newsletter-swisssem-fevrier-2021\/nouveaux-membres-au-comite-2021\/presentation-des-nouveaux-membres-2021\/#breadcrumb"},"inLanguage":"fr-FR","potentialAction":[{"@type":"ReadAction","target":["https:\/\/www.swisssem.ch\/fr\/espace-membres\/archiv_newsletter\/newsletter-swisssem-fevrier-2021\/nouveaux-membres-au-comite-2021\/presentation-des-nouveaux-membres-2021\/"]}]},{"@type":"ImageObject","inLanguage":"fr-FR","@id":"https:\/\/www.swisssem.ch\/fr\/espace-membres\/archiv_newsletter\/newsletter-swisssem-fevrier-2021\/nouveaux-membres-au-comite-2021\/presentation-des-nouveaux-membres-2021\/#primaryimage","url":"https:\/\/www.swisssem.ch\/wp-content\/uploads\/2021\/02\/M-A-Chevalley-ASS.jpg","contentUrl":"https:\/\/www.swisssem.ch\/wp-content\/uploads\/2021\/02\/M-A-Chevalley-ASS.jpg"},{"@type":"BreadcrumbList","@id":"https:\/\/www.swisssem.ch\/fr\/espace-membres\/archiv_newsletter\/newsletter-swisssem-fevrier-2021\/nouveaux-membres-au-comite-2021\/presentation-des-nouveaux-membres-2021\/#breadcrumb","itemListElement":[{"@type":"ListItem","position":1,"name":"Home","item":"https:\/\/www.swisssem.ch\/fr\/"},{"@type":"ListItem","position":2,"name":"Espace membres","item":"https:\/\/www.swisssem.ch\/fr\/espace-membres\/"},{"@type":"ListItem","position":3,"name":"Newsletters","item":"https:\/\/www.swisssem.ch\/fr\/espace-membres\/archiv_newsletter\/"},{"@type":"ListItem","position":4,"name":"Newsletter swisssem f\u00e9vrier 2021","item":"https:\/\/www.swisssem.ch\/fr\/espace-membres\/archiv_newsletter\/newsletter-swisssem-fevrier-2021\/"},{"@type":"ListItem","position":5,"name":"Nouveaux membres au comit\u00e9 2021","item":"https:\/\/www.swisssem.ch\/fr\/espace-membres\/archiv_newsletter\/newsletter-swisssem-fevrier-2021\/nouveaux-membres-au-comite-2021\/"},{"@type":"ListItem","position":6,"name":"Pr\u00e9sentation des nouveaux membres 2021"}]},{"@type":"WebSite","@id":"https:\/\/www.swisssem.ch\/de\/#website","url":"https:\/\/www.swisssem.ch\/de\/","name":"swisssem semence suisse","description":"","publisher":{"@id":"https:\/\/www.swisssem.ch\/de\/#organization"},"potentialAction":[{"@type":"SearchAction","target":{"@type":"EntryPoint","urlTemplate":"https:\/\/www.swisssem.ch\/de\/?s={search_term_string}"},"query-input":{"@type":"PropertyValueSpecification","valueRequired":true,"valueName":"search_term_string"}}],"inLanguage":"fr-FR"},{"@type":"Organization","@id":"https:\/\/www.swisssem.ch\/de\/#organization","name":"swisssem saatgut schweiz","url":"https:\/\/www.swisssem.ch\/de\/","logo":{"@type":"ImageObject","inLanguage":"fr-FR","@id":"https:\/\/www.swisssem.ch\/de\/#\/schema\/logo\/image\/","url":"https:\/\/www.swisssem.ch\/wp-content\/uploads\/2020\/03\/Logo_swisssem_RGB-1.jpg","contentUrl":"https:\/\/www.swisssem.ch\/wp-content\/uploads\/2020\/03\/Logo_swisssem_RGB-1.jpg","width":1684,"height":430,"caption":"swisssem saatgut schweiz"},"image":{"@id":"https:\/\/www.swisssem.ch\/de\/#\/schema\/logo\/image\/"}}]}},"_links":{"self":[{"href":"https:\/\/www.swisssem.ch\/fr\/wp-json\/wp\/v2\/pages\/7585","targetHints":{"allow":["GET"]}}],"collection":[{"href":"https:\/\/www.swisssem.ch\/fr\/wp-json\/wp\/v2\/pages"}],"about":[{"href":"https:\/\/www.swisssem.ch\/fr\/wp-json\/wp\/v2\/types\/page"}],"author":[{"embeddable":true,"href":"https:\/\/www.swisssem.ch\/fr\/wp-json\/wp\/v2\/users\/6"}],"replies":[{"embeddable":true,"href":"https:\/\/www.swisssem.ch\/fr\/wp-json\/wp\/v2\/comments?post=7585"}],"version-history":[{"count":2,"href":"https:\/\/www.swisssem.ch\/fr\/wp-json\/wp\/v2\/pages\/7585\/revisions"}],"predecessor-version":[{"id":7670,"href":"https:\/\/www.swisssem.ch\/fr\/wp-json\/wp\/v2\/pages\/7585\/revisions\/7670"}],"up":[{"embeddable":true,"href":"https:\/\/www.swisssem.ch\/fr\/wp-json\/wp\/v2\/pages\/7579"}],"wp:attachment":[{"href":"https:\/\/www.swisssem.ch\/fr\/wp-json\/wp\/v2\/media?parent=7585"}],"curies":[{"name":"wp","href":"https:\/\/api.w.org\/{rel}","templated":true}]}}