{"id":7579,"date":"2021-02-09T10:52:39","date_gmt":"2021-02-09T09:52:39","guid":{"rendered":"https:\/\/www.swisssem.ch\/?page_id=7579"},"modified":"2021-02-09T11:15:16","modified_gmt":"2021-02-09T10:15:16","slug":"nouveaux-membres-au-comite-2021","status":"publish","type":"page","link":"https:\/\/www.swisssem.ch\/fr\/espace-membres\/archiv_newsletter\/newsletter-swisssem-fevrier-2021\/nouveaux-membres-au-comite-2021\/","title":{"rendered":"Nouveaux membres au comit\u00e9 2021"},"content":{"rendered":"\n<h2 class=\"wp-block-heading\"><strong>Nouveaux membres au comit\u00e9 <\/strong><\/h2>\n\n\n\n<p>Fritz Herren, membre de SGD et Jean-Luc Pidoux de l\u2019ASS, tous deux arriv\u00e9s au terme de leur mandat, ont pr\u00e9sent\u00e9 leur d\u00e9mission. Nous perdons ainsi de deux pr\u00e9sidents. En effet, Jean-Luc\u00a0Pidoux \u00e9tait pr\u00e9sident de swisssem, alors que Fritz Herren, outre son mandat de membre du Comit\u00e9 de swisssem, pr\u00e9sidait le Fondation du Ch\u00e2teau de Delley. Tous deux ont pris leur fonction en 2011. C\u2019est avec regret que nous prenons cong\u00e9 de deux personnalit\u00e9s tr\u00e8s engag\u00e9es pour la cause des semences. Tous deux avaient toujours \u00e0 c\u0153ur de trouver des solutions favorables \u00e0 tous les producteurs. Nous les remercions tr\u00e8s chaleureusement pour leur engagement et leur souhaitons beaucoup de plaisir et de satisfaction dans leur prochaine tranche de vie. La tr\u00e8s regrettable situation que nous inflige le COVID19 nous emp\u00eache de f\u00eater dignement ces deux d\u00e9parts \u00e0 la retraite.<br>Via leur bulletin de vote, les d\u00e9l\u00e9gu\u00e9s ont d\u00e9sign\u00e9 \u00e0 l\u2019unanimit\u00e9<a href=\"https:\/\/www.swisssem.ch\/fr\/espace-membres\/archives-newsletter\/newsletter-swisssem-fevrier-2021\/nouveaux-membres-au-comite-2021\/presentation-des-nouveaux-membres-2021\/\"><strong> Marc-Henri Chevalley de l\u2019ASS et Benno Jungo de SGD<\/strong><\/a> pour succ\u00e9der aux deux d\u00e9missionnaires.<\/p>\n\n\n\n<div class=\"wp-block-columns is-layout-flex wp-container-core-columns-is-layout-9d6595d7 wp-block-columns-is-layout-flex\">\n<div class=\"wp-block-column is-layout-flow wp-block-column-is-layout-flow\"><\/div>\n\n\n\n<div class=\"wp-block-column is-layout-flow wp-block-column-is-layout-flow\">\n<h2 class=\"wp-block-heading\"><strong>Nouveau pr\u00e9sident<\/strong><\/h2>\n<\/div>\n\n\n\n<div class=\"wp-block-column is-layout-flow wp-block-column-is-layout-flow\"><\/div>\n<\/div>\n\n\n\n<div class=\"wp-block-columns is-layout-flex wp-container-core-columns-is-layout-9d6595d7 wp-block-columns-is-layout-flex\">\n<div class=\"wp-block-column is-layout-flow wp-block-column-is-layout-flow\" style=\"flex-basis:33.33%\">\n<figure class=\"wp-block-image size-large\"><img loading=\"lazy\" decoding=\"async\" width=\"325\" height=\"434\" src=\"https:\/\/www.swisssem.ch\/wp-content\/uploads\/2020\/04\/de-rougemont.jpg\" alt=\"\" class=\"wp-image-6060\" srcset=\"https:\/\/www.swisssem.ch\/wp-content\/uploads\/2020\/04\/de-rougemont.jpg 325w, https:\/\/www.swisssem.ch\/wp-content\/uploads\/2020\/04\/de-rougemont-225x300.jpg 225w\" sizes=\"auto, (max-width: 325px) 100vw, 325px\" \/><figcaption>Lukas de Rougemont<\/figcaption><\/figure>\n<\/div>\n\n\n\n<div class=\"wp-block-column is-layout-flow wp-block-column-is-layout-flow\" style=\"flex-basis:66.66%\">\n<p>Il s\u2019agissait \u00e9galement d\u2019\u00e9lire un nouveau pr\u00e9sident pour swisssem. Les voies se sont port\u00e9es sur <strong>Lukas de Rougemont<\/strong>. Il est chef d\u2019exploitation du domaine de la Fondation du Tannenhof \u00e0 Gampelen (144 ha SAU bio) et membre du Conseil d\u2019administration de la SEMAG. Il \u00e9tait vice-pr\u00e9sident du comit\u00e9 de swisssem depuis 2019.<\/p>\n<\/div>\n<\/div>\n\n\n\n<p><br><\/p>\n","protected":false},"excerpt":{"rendered":"<p>Nouveaux membres au comit\u00e9 Fritz Herren, membre de SGD et Jean-Luc Pidoux de l\u2019ASS, tous deux arriv\u00e9s au terme de leur mandat, ont pr\u00e9sent\u00e9 leur d\u00e9mission. Nous perdons ainsi de deux pr\u00e9sidents. En effet, Jean-Luc\u00a0Pidoux \u00e9tait pr\u00e9sident de swisssem, alors que Fritz Herren, outre son mandat de membre du Comit\u00e9 de swisssem, pr\u00e9sidait le Fondation [&hellip;]<\/p>\n","protected":false},"author":6,"featured_media":0,"parent":7544,"menu_order":99,"comment_status":"closed","ping_status":"closed","template":"","meta":{"_acf_changed":false,"footnotes":""},"class_list":["post-7579","page","type-page","status-publish","hentry"],"acf":[],"yoast_head":"<!-- This site is optimized with the Yoast SEO plugin v27.1.1 - https:\/\/yoast.com\/product\/yoast-seo-wordpress\/ -->\n<title>Nouveaux membres au comit\u00e9 2021 - swisssem semence suisse<\/title>\n<meta name=\"robots\" content=\"index, follow, max-snippet:-1, max-image-preview:large, max-video-preview:-1\" \/>\n<link rel=\"canonical\" href=\"https:\/\/www.swisssem.ch\/fr\/espace-membres\/archiv_newsletter\/newsletter-swisssem-fevrier-2021\/nouveaux-membres-au-comite-2021\/\" \/>\n<meta property=\"og:locale\" content=\"fr_FR\" \/>\n<meta property=\"og:type\" content=\"article\" \/>\n<meta property=\"og:title\" content=\"Nouveaux membres au comit\u00e9 2021 - swisssem semence suisse\" \/>\n<meta property=\"og:description\" content=\"Nouveaux membres au comit\u00e9 Fritz Herren, membre de SGD et Jean-Luc Pidoux de l\u2019ASS, tous deux arriv\u00e9s au terme de leur mandat, ont pr\u00e9sent\u00e9 leur d\u00e9mission. Nous perdons ainsi de deux pr\u00e9sidents. En effet, Jean-Luc\u00a0Pidoux \u00e9tait pr\u00e9sident de swisssem, alors que Fritz Herren, outre son mandat de membre du Comit\u00e9 de swisssem, pr\u00e9sidait le Fondation [&hellip;]\" \/>\n<meta property=\"og:url\" content=\"https:\/\/www.swisssem.ch\/fr\/espace-membres\/archiv_newsletter\/newsletter-swisssem-fevrier-2021\/nouveaux-membres-au-comite-2021\/\" \/>\n<meta property=\"og:site_name\" content=\"swisssem semence suisse\" \/>\n<meta property=\"article:modified_time\" content=\"2021-02-09T10:15:16+00:00\" \/>\n<meta property=\"og:image\" content=\"https:\/\/www.swisssem.ch\/wp-content\/uploads\/2020\/04\/de-rougemont.jpg\" \/>\n<meta name=\"twitter:card\" content=\"summary_large_image\" \/>\n<meta name=\"twitter:label1\" content=\"Dur\u00e9e de lecture estim\u00e9e\" \/>\n\t<meta name=\"twitter:data1\" content=\"1 minute\" \/>\n<script type=\"application\/ld+json\" class=\"yoast-schema-graph\">{\"@context\":\"https:\/\/schema.org\",\"@graph\":[{\"@type\":\"WebPage\",\"@id\":\"https:\/\/www.swisssem.ch\/fr\/espace-membres\/archiv_newsletter\/newsletter-swisssem-fevrier-2021\/nouveaux-membres-au-comite-2021\/\",\"url\":\"https:\/\/www.swisssem.ch\/fr\/espace-membres\/archiv_newsletter\/newsletter-swisssem-fevrier-2021\/nouveaux-membres-au-comite-2021\/\",\"name\":\"Nouveaux membres au comit\u00e9 2021 - swisssem semence suisse\",\"isPartOf\":{\"@id\":\"https:\/\/www.swisssem.ch\/de\/#website\"},\"primaryImageOfPage\":{\"@id\":\"https:\/\/www.swisssem.ch\/fr\/espace-membres\/archiv_newsletter\/newsletter-swisssem-fevrier-2021\/nouveaux-membres-au-comite-2021\/#primaryimage\"},\"image\":{\"@id\":\"https:\/\/www.swisssem.ch\/fr\/espace-membres\/archiv_newsletter\/newsletter-swisssem-fevrier-2021\/nouveaux-membres-au-comite-2021\/#primaryimage\"},\"thumbnailUrl\":\"https:\/\/www.swisssem.ch\/wp-content\/uploads\/2020\/04\/de-rougemont.jpg\",\"datePublished\":\"2021-02-09T09:52:39+00:00\",\"dateModified\":\"2021-02-09T10:15:16+00:00\",\"breadcrumb\":{\"@id\":\"https:\/\/www.swisssem.ch\/fr\/espace-membres\/archiv_newsletter\/newsletter-swisssem-fevrier-2021\/nouveaux-membres-au-comite-2021\/#breadcrumb\"},\"inLanguage\":\"fr-FR\",\"potentialAction\":[{\"@type\":\"ReadAction\",\"target\":[\"https:\/\/www.swisssem.ch\/fr\/espace-membres\/archiv_newsletter\/newsletter-swisssem-fevrier-2021\/nouveaux-membres-au-comite-2021\/\"]}]},{\"@type\":\"ImageObject\",\"inLanguage\":\"fr-FR\",\"@id\":\"https:\/\/www.swisssem.ch\/fr\/espace-membres\/archiv_newsletter\/newsletter-swisssem-fevrier-2021\/nouveaux-membres-au-comite-2021\/#primaryimage\",\"url\":\"https:\/\/www.swisssem.ch\/wp-content\/uploads\/2020\/04\/de-rougemont.jpg\",\"contentUrl\":\"https:\/\/www.swisssem.ch\/wp-content\/uploads\/2020\/04\/de-rougemont.jpg\"},{\"@type\":\"BreadcrumbList\",\"@id\":\"https:\/\/www.swisssem.ch\/fr\/espace-membres\/archiv_newsletter\/newsletter-swisssem-fevrier-2021\/nouveaux-membres-au-comite-2021\/#breadcrumb\",\"itemListElement\":[{\"@type\":\"ListItem\",\"position\":1,\"name\":\"Home\",\"item\":\"https:\/\/www.swisssem.ch\/fr\/\"},{\"@type\":\"ListItem\",\"position\":2,\"name\":\"Espace membres\",\"item\":\"https:\/\/www.swisssem.ch\/fr\/espace-membres\/\"},{\"@type\":\"ListItem\",\"position\":3,\"name\":\"Newsletters\",\"item\":\"https:\/\/www.swisssem.ch\/fr\/espace-membres\/archiv_newsletter\/\"},{\"@type\":\"ListItem\",\"position\":4,\"name\":\"Newsletter swisssem f\u00e9vrier 2021\",\"item\":\"https:\/\/www.swisssem.ch\/fr\/espace-membres\/archiv_newsletter\/newsletter-swisssem-fevrier-2021\/\"},{\"@type\":\"ListItem\",\"position\":5,\"name\":\"Nouveaux membres au comit\u00e9 2021\"}]},{\"@type\":\"WebSite\",\"@id\":\"https:\/\/www.swisssem.ch\/de\/#website\",\"url\":\"https:\/\/www.swisssem.ch\/de\/\",\"name\":\"swisssem semence suisse\",\"description\":\"\",\"publisher\":{\"@id\":\"https:\/\/www.swisssem.ch\/de\/#organization\"},\"potentialAction\":[{\"@type\":\"SearchAction\",\"target\":{\"@type\":\"EntryPoint\",\"urlTemplate\":\"https:\/\/www.swisssem.ch\/de\/?s={search_term_string}\"},\"query-input\":{\"@type\":\"PropertyValueSpecification\",\"valueRequired\":true,\"valueName\":\"search_term_string\"}}],\"inLanguage\":\"fr-FR\"},{\"@type\":\"Organization\",\"@id\":\"https:\/\/www.swisssem.ch\/de\/#organization\",\"name\":\"swisssem saatgut schweiz\",\"url\":\"https:\/\/www.swisssem.ch\/de\/\",\"logo\":{\"@type\":\"ImageObject\",\"inLanguage\":\"fr-FR\",\"@id\":\"https:\/\/www.swisssem.ch\/de\/#\/schema\/logo\/image\/\",\"url\":\"https:\/\/www.swisssem.ch\/wp-content\/uploads\/2020\/03\/Logo_swisssem_RGB-1.jpg\",\"contentUrl\":\"https:\/\/www.swisssem.ch\/wp-content\/uploads\/2020\/03\/Logo_swisssem_RGB-1.jpg\",\"width\":1684,\"height\":430,\"caption\":\"swisssem saatgut schweiz\"},\"image\":{\"@id\":\"https:\/\/www.swisssem.ch\/de\/#\/schema\/logo\/image\/\"}}]}<\/script>\n<!-- \/ Yoast SEO plugin. -->","yoast_head_json":{"title":"Nouveaux membres au comit\u00e9 2021 - swisssem semence suisse","robots":{"index":"index","follow":"follow","max-snippet":"max-snippet:-1","max-image-preview":"max-image-preview:large","max-video-preview":"max-video-preview:-1"},"canonical":"https:\/\/www.swisssem.ch\/fr\/espace-membres\/archiv_newsletter\/newsletter-swisssem-fevrier-2021\/nouveaux-membres-au-comite-2021\/","og_locale":"fr_FR","og_type":"article","og_title":"Nouveaux membres au comit\u00e9 2021 - swisssem semence suisse","og_description":"Nouveaux membres au comit\u00e9 Fritz Herren, membre de SGD et Jean-Luc Pidoux de l\u2019ASS, tous deux arriv\u00e9s au terme de leur mandat, ont pr\u00e9sent\u00e9 leur d\u00e9mission. Nous perdons ainsi de deux pr\u00e9sidents. En effet, Jean-Luc\u00a0Pidoux \u00e9tait pr\u00e9sident de swisssem, alors que Fritz Herren, outre son mandat de membre du Comit\u00e9 de swisssem, pr\u00e9sidait le Fondation [&hellip;]","og_url":"https:\/\/www.swisssem.ch\/fr\/espace-membres\/archiv_newsletter\/newsletter-swisssem-fevrier-2021\/nouveaux-membres-au-comite-2021\/","og_site_name":"swisssem semence suisse","article_modified_time":"2021-02-09T10:15:16+00:00","og_image":[{"url":"https:\/\/www.swisssem.ch\/wp-content\/uploads\/2020\/04\/de-rougemont.jpg","type":"","width":"","height":""}],"twitter_card":"summary_large_image","twitter_misc":{"Dur\u00e9e de lecture estim\u00e9e":"1 minute"},"schema":{"@context":"https:\/\/schema.org","@graph":[{"@type":"WebPage","@id":"https:\/\/www.swisssem.ch\/fr\/espace-membres\/archiv_newsletter\/newsletter-swisssem-fevrier-2021\/nouveaux-membres-au-comite-2021\/","url":"https:\/\/www.swisssem.ch\/fr\/espace-membres\/archiv_newsletter\/newsletter-swisssem-fevrier-2021\/nouveaux-membres-au-comite-2021\/","name":"Nouveaux membres au comit\u00e9 2021 - swisssem semence suisse","isPartOf":{"@id":"https:\/\/www.swisssem.ch\/de\/#website"},"primaryImageOfPage":{"@id":"https:\/\/www.swisssem.ch\/fr\/espace-membres\/archiv_newsletter\/newsletter-swisssem-fevrier-2021\/nouveaux-membres-au-comite-2021\/#primaryimage"},"image":{"@id":"https:\/\/www.swisssem.ch\/fr\/espace-membres\/archiv_newsletter\/newsletter-swisssem-fevrier-2021\/nouveaux-membres-au-comite-2021\/#primaryimage"},"thumbnailUrl":"https:\/\/www.swisssem.ch\/wp-content\/uploads\/2020\/04\/de-rougemont.jpg","datePublished":"2021-02-09T09:52:39+00:00","dateModified":"2021-02-09T10:15:16+00:00","breadcrumb":{"@id":"https:\/\/www.swisssem.ch\/fr\/espace-membres\/archiv_newsletter\/newsletter-swisssem-fevrier-2021\/nouveaux-membres-au-comite-2021\/#breadcrumb"},"inLanguage":"fr-FR","potentialAction":[{"@type":"ReadAction","target":["https:\/\/www.swisssem.ch\/fr\/espace-membres\/archiv_newsletter\/newsletter-swisssem-fevrier-2021\/nouveaux-membres-au-comite-2021\/"]}]},{"@type":"ImageObject","inLanguage":"fr-FR","@id":"https:\/\/www.swisssem.ch\/fr\/espace-membres\/archiv_newsletter\/newsletter-swisssem-fevrier-2021\/nouveaux-membres-au-comite-2021\/#primaryimage","url":"https:\/\/www.swisssem.ch\/wp-content\/uploads\/2020\/04\/de-rougemont.jpg","contentUrl":"https:\/\/www.swisssem.ch\/wp-content\/uploads\/2020\/04\/de-rougemont.jpg"},{"@type":"BreadcrumbList","@id":"https:\/\/www.swisssem.ch\/fr\/espace-membres\/archiv_newsletter\/newsletter-swisssem-fevrier-2021\/nouveaux-membres-au-comite-2021\/#breadcrumb","itemListElement":[{"@type":"ListItem","position":1,"name":"Home","item":"https:\/\/www.swisssem.ch\/fr\/"},{"@type":"ListItem","position":2,"name":"Espace membres","item":"https:\/\/www.swisssem.ch\/fr\/espace-membres\/"},{"@type":"ListItem","position":3,"name":"Newsletters","item":"https:\/\/www.swisssem.ch\/fr\/espace-membres\/archiv_newsletter\/"},{"@type":"ListItem","position":4,"name":"Newsletter swisssem f\u00e9vrier 2021","item":"https:\/\/www.swisssem.ch\/fr\/espace-membres\/archiv_newsletter\/newsletter-swisssem-fevrier-2021\/"},{"@type":"ListItem","position":5,"name":"Nouveaux membres au comit\u00e9 2021"}]},{"@type":"WebSite","@id":"https:\/\/www.swisssem.ch\/de\/#website","url":"https:\/\/www.swisssem.ch\/de\/","name":"swisssem semence suisse","description":"","publisher":{"@id":"https:\/\/www.swisssem.ch\/de\/#organization"},"potentialAction":[{"@type":"SearchAction","target":{"@type":"EntryPoint","urlTemplate":"https:\/\/www.swisssem.ch\/de\/?s={search_term_string}"},"query-input":{"@type":"PropertyValueSpecification","valueRequired":true,"valueName":"search_term_string"}}],"inLanguage":"fr-FR"},{"@type":"Organization","@id":"https:\/\/www.swisssem.ch\/de\/#organization","name":"swisssem saatgut schweiz","url":"https:\/\/www.swisssem.ch\/de\/","logo":{"@type":"ImageObject","inLanguage":"fr-FR","@id":"https:\/\/www.swisssem.ch\/de\/#\/schema\/logo\/image\/","url":"https:\/\/www.swisssem.ch\/wp-content\/uploads\/2020\/03\/Logo_swisssem_RGB-1.jpg","contentUrl":"https:\/\/www.swisssem.ch\/wp-content\/uploads\/2020\/03\/Logo_swisssem_RGB-1.jpg","width":1684,"height":430,"caption":"swisssem saatgut schweiz"},"image":{"@id":"https:\/\/www.swisssem.ch\/de\/#\/schema\/logo\/image\/"}}]}},"_links":{"self":[{"href":"https:\/\/www.swisssem.ch\/fr\/wp-json\/wp\/v2\/pages\/7579","targetHints":{"allow":["GET"]}}],"collection":[{"href":"https:\/\/www.swisssem.ch\/fr\/wp-json\/wp\/v2\/pages"}],"about":[{"href":"https:\/\/www.swisssem.ch\/fr\/wp-json\/wp\/v2\/types\/page"}],"author":[{"embeddable":true,"href":"https:\/\/www.swisssem.ch\/fr\/wp-json\/wp\/v2\/users\/6"}],"replies":[{"embeddable":true,"href":"https:\/\/www.swisssem.ch\/fr\/wp-json\/wp\/v2\/comments?post=7579"}],"version-history":[{"count":3,"href":"https:\/\/www.swisssem.ch\/fr\/wp-json\/wp\/v2\/pages\/7579\/revisions"}],"predecessor-version":[{"id":7595,"href":"https:\/\/www.swisssem.ch\/fr\/wp-json\/wp\/v2\/pages\/7579\/revisions\/7595"}],"up":[{"embeddable":true,"href":"https:\/\/www.swisssem.ch\/fr\/wp-json\/wp\/v2\/pages\/7544"}],"wp:attachment":[{"href":"https:\/\/www.swisssem.ch\/fr\/wp-json\/wp\/v2\/media?parent=7579"}],"curies":[{"name":"wp","href":"https:\/\/api.w.org\/{rel}","templated":true}]}}