{"id":7558,"date":"2021-02-09T09:56:13","date_gmt":"2021-02-09T08:56:13","guid":{"rendered":"https:\/\/www.swisssem.ch\/?page_id=7558"},"modified":"2021-02-09T11:17:24","modified_gmt":"2021-02-09T10:17:24","slug":"actualite-de-la-recolte-2021","status":"publish","type":"page","link":"https:\/\/www.swisssem.ch\/fr\/espace-membres\/archiv_newsletter\/newsletter-swisssem-fevrier-2021\/actualite-de-la-recolte-2021\/","title":{"rendered":"Actualit\u00e9 de la r\u00e9colte 2021"},"content":{"rendered":"\n<h2 class=\"wp-block-heading\"><strong>Semences de c\u00e9r\u00e9ales<\/strong><\/h2>\n\n\n\n<p>Les ventes de c\u00e9r\u00e9ales d&rsquo;automne de la r\u00e9colte 2020 sont pratiquement au m\u00eame niveau que celles de 2010. On constate une nouvelle augmentation des ventes de c\u00e9r\u00e9ales fourrag\u00e8res. C&rsquo;est avant tout le bl\u00e9 fourrager qui progresse (+290 t). Globalement l&rsquo;orge diminue l\u00e9g\u00e8rement (-91 t). Dans cette esp\u00e8ce, l&rsquo;ogre hybride gagne \u00e0 nouveau en importance. Les ventes de c\u00e9r\u00e9ales bio (c\u00e9r\u00e9ales d\u2019automne) ont progress\u00e9 de 223 t pour s&rsquo;\u00e9tablir d\u00e9sormais \u00e0 10.9% par rapport \u00e0 10.4% l&rsquo;ann\u00e9e pr\u00e9c\u00e9dente. Compte tenu de la hausse g\u00e9n\u00e9rale des ventes, leur part n\u2019augmente que faiblement.<br><a href=\"https:\/\/www.swisssem.ch\/fr\/publications\/statistiken\/saatgetreideernte-2020\/\">(statistiques au 30.11.2020)<\/a><\/p>\n\n\n\n<!-- downloads component -->\n\t<ul class=\"downloads\">\n\t\t\t\t\t<li>\n\t\t\t\t<figure>\n\t\t\t\t\t<img decoding=\"async\" src=\"https:\/\/www.swisssem.ch\/wp-content\/uploads\/2021\/02\/Actualit\u00e9-r\u00e9colte-cereales-2020-Aktualit\u00e4ten-Saatgetreide-Ernte-2020-1-pdf.jpg\" alt=\"Actualit\u00e9 r\u00e9colte cereales 2020 - Aktualit\u00e4ten Saatgetreide Ernte 2020\">\n\t\t\t\t<\/figure>\n\t\t\t\t<h4>Actualit\u00e9 de la r\u00e9colte 2020<\/h4>\n\t\t\t\t\t\t\t\t<div class=\"download-actions\">\n\t\t\t\t\t<a href=\"https:\/\/www.swisssem.ch\/wp-content\/uploads\/2021\/02\/Actualit\u00e9-r\u00e9colte-cereales-2020-Aktualit\u00e4ten-Saatgetreide-Ernte-2020-1.pdf\" download class=\"download\">\n\t\t\t\t\t\t<svg xmlns=\"http:\/\/www.w3.org\/2000\/svg\" data-name=\"Ebene 1\" viewBox=\"0 0 23.06 21.64\">\n\t\t\t\t\t\t\t<g stroke=\"#000\" data-name=\"Ebene 1-2\">\n\t\t\t\t\t\t\t\t<path fill=\"none\" stroke-width=\"2\" d=\"M2.29 11.86v8.78h18.46v-8.78\"\/>\n\t\t\t\t\t\t\t\t<path stroke-width=\".25\" d=\"M12.38.13h-1.73v13.41L5.08 7.91l-1.2 1.14 7.65 7.68 7.63-7.68-1.21-1.14-5.57 5.63V.13z\"\/>\n\t\t\t\t\t\t\t<\/g>\n\t\t\t\t\t\t<\/svg>\n\t\t\t\t\t<\/a>\n\t\t\t\t\t<a href=\"https:\/\/www.swisssem.ch\/wp-content\/uploads\/2021\/02\/Actualit\u00e9-r\u00e9colte-cereales-2020-Aktualit\u00e4ten-Saatgetreide-Ernte-2020-1.pdf\" target=\"_blank\" rel=\"nofollow\" class=\"expand\">\n\t\t\t\t\t\t<svg xmlns=\"http:\/\/www.w3.org\/2000\/svg\" data-name=\"Ebene 1\" viewBox=\"0 0 23 20\">\n\t\t\t\t\t\t\t<g fill=\"none\" stroke=\"#000\" stroke-width=\".89999998\" data-name=\"Ebene 1-2\">\n\t\t\t\t\t\t\t\t<path d=\"M9.48 13.48l-.55-.57-4.65 4.65.01-3.69-.77-.01-.02 5.03 5.04-.01-.01-.78-3.7.03 4.65-4.65zM13.54 13.48l.58-.57 4.65 4.65-.02-3.69.77-.01.02 5.03-5.05-.01.03-.78 3.68.03-4.66-4.65zM9.48 8.18l-.55.56-4.65-4.65.01 3.69-.77.02-.02-5.04 5.04.02-.01.77-3.7-.02 4.65 4.65zM13.54 8.18l.58.56 4.65-4.65-.02 3.69.77.02.02-5.04-5.05.02.03.77 3.68-.02-4.66 4.65z\"\/>\n\t\t\t\t\t\t\t<\/g>\n\t\t\t\t\t\t<\/svg>\n\t\t\t\t\t<\/a>\n\t\t\t\t<\/div>\n\t\t\t\t\n\t\t\t<\/li>\n\t\t\t<\/ul>\n\n<!-- end of downloads component -->\n\n\n\n\n<h2 class=\"wp-block-heading\"><strong>Plants de pommes de terre<\/strong><\/h2>\n\n\n\n<p>La quantit\u00e9 totale certifi\u00e9e de plants de pommes de terre a atteint 24\u2019973&nbsp;t, soit 15% de plus qu\u2019en 2019. La pression des vecteurs fut particuli\u00e8rement \u00e9lev\u00e9e. Plusieurs lots ont \u00e9t\u00e9 perdus \u00e0 cause des viroses. Malgr\u00e9 ces pertes, les quantit\u00e9s exc\u00e9dentaires seront importantes. Les importations de plants de multiplication seront au m\u00eame niveau \u00e9lev\u00e9 que la saison pr\u00e9c\u00e9dente. Pour les plants de classe A, les livraisons depuis l\u2019Europe diminuent d\u2019environ 30%.<\/p>\n\n\n\n<!-- downloads component -->\n\t<ul class=\"downloads\">\n\t\t\t\t\t<li>\n\t\t\t\t<figure>\n\t\t\t\t\t<img decoding=\"async\" src=\"https:\/\/www.swisssem.ch\/wp-content\/uploads\/2021\/02\/Actualit\u00e9-r\u00e9colte-plants-2020-Aktualit\u00e4ten-Pflanzgut-Ernte-2020-pdf.jpg\" alt=\"Actualit\u00e9 r\u00e9colte plants 2020 - Aktualit\u00e4ten Pflanzgut Ernte 2020\">\n\t\t\t\t<\/figure>\n\t\t\t\t<h4>Actualit\u00e9s de la r\u00e9colte 2020<\/h4>\n\t\t\t\t\t\t\t\t<div class=\"download-actions\">\n\t\t\t\t\t<a href=\"https:\/\/www.swisssem.ch\/wp-content\/uploads\/2021\/02\/Actualit\u00e9-r\u00e9colte-plants-2020-Aktualit\u00e4ten-Pflanzgut-Ernte-2020.pdf\" download class=\"download\">\n\t\t\t\t\t\t<svg xmlns=\"http:\/\/www.w3.org\/2000\/svg\" data-name=\"Ebene 1\" viewBox=\"0 0 23.06 21.64\">\n\t\t\t\t\t\t\t<g stroke=\"#000\" data-name=\"Ebene 1-2\">\n\t\t\t\t\t\t\t\t<path fill=\"none\" stroke-width=\"2\" d=\"M2.29 11.86v8.78h18.46v-8.78\"\/>\n\t\t\t\t\t\t\t\t<path stroke-width=\".25\" d=\"M12.38.13h-1.73v13.41L5.08 7.91l-1.2 1.14 7.65 7.68 7.63-7.68-1.21-1.14-5.57 5.63V.13z\"\/>\n\t\t\t\t\t\t\t<\/g>\n\t\t\t\t\t\t<\/svg>\n\t\t\t\t\t<\/a>\n\t\t\t\t\t<a href=\"https:\/\/www.swisssem.ch\/wp-content\/uploads\/2021\/02\/Actualit\u00e9-r\u00e9colte-plants-2020-Aktualit\u00e4ten-Pflanzgut-Ernte-2020.pdf\" target=\"_blank\" rel=\"nofollow\" class=\"expand\">\n\t\t\t\t\t\t<svg xmlns=\"http:\/\/www.w3.org\/2000\/svg\" data-name=\"Ebene 1\" viewBox=\"0 0 23 20\">\n\t\t\t\t\t\t\t<g fill=\"none\" stroke=\"#000\" stroke-width=\".89999998\" data-name=\"Ebene 1-2\">\n\t\t\t\t\t\t\t\t<path d=\"M9.48 13.48l-.55-.57-4.65 4.65.01-3.69-.77-.01-.02 5.03 5.04-.01-.01-.78-3.7.03 4.65-4.65zM13.54 13.48l.58-.57 4.65 4.65-.02-3.69.77-.01.02 5.03-5.05-.01.03-.78 3.68.03-4.66-4.65zM9.48 8.18l-.55.56-4.65-4.65.01 3.69-.77.02-.02-5.04 5.04.02-.01.77-3.7-.02 4.65 4.65zM13.54 8.18l.58.56 4.65-4.65-.02 3.69.77.02.02-5.04-5.05.02.03.77 3.68-.02-4.66 4.65z\"\/>\n\t\t\t\t\t\t\t<\/g>\n\t\t\t\t\t\t<\/svg>\n\t\t\t\t\t<\/a>\n\t\t\t\t<\/div>\n\t\t\t\t\n\t\t\t<\/li>\n\t\t\t<\/ul>\n\n<!-- end of downloads component -->\n\n","protected":false},"excerpt":{"rendered":"<p>Semences de c\u00e9r\u00e9ales Les ventes de c\u00e9r\u00e9ales d&rsquo;automne de la r\u00e9colte 2020 sont pratiquement au m\u00eame niveau que celles de 2010. On constate une nouvelle augmentation des ventes de c\u00e9r\u00e9ales fourrag\u00e8res. C&rsquo;est avant tout le bl\u00e9 fourrager qui progresse (+290 t). Globalement l&rsquo;orge diminue l\u00e9g\u00e8rement (-91 t). Dans cette esp\u00e8ce, l&rsquo;ogre hybride gagne \u00e0 nouveau [&hellip;]<\/p>\n","protected":false},"author":6,"featured_media":0,"parent":7544,"menu_order":94,"comment_status":"closed","ping_status":"closed","template":"","meta":{"_acf_changed":false,"footnotes":""},"class_list":["post-7558","page","type-page","status-publish","hentry"],"acf":[],"yoast_head":"<!-- This site is optimized with the Yoast SEO plugin v27.1.1 - https:\/\/yoast.com\/product\/yoast-seo-wordpress\/ -->\n<title>Actualit\u00e9 de la r\u00e9colte 2021 - swisssem semence suisse<\/title>\n<meta name=\"robots\" content=\"index, follow, max-snippet:-1, max-image-preview:large, max-video-preview:-1\" \/>\n<link rel=\"canonical\" href=\"https:\/\/www.swisssem.ch\/fr\/espace-membres\/archiv_newsletter\/newsletter-swisssem-fevrier-2021\/actualite-de-la-recolte-2021\/\" \/>\n<meta property=\"og:locale\" content=\"fr_FR\" \/>\n<meta property=\"og:type\" content=\"article\" \/>\n<meta property=\"og:title\" content=\"Actualit\u00e9 de la r\u00e9colte 2021 - swisssem semence suisse\" \/>\n<meta property=\"og:description\" content=\"Semences de c\u00e9r\u00e9ales Les ventes de c\u00e9r\u00e9ales d&rsquo;automne de la r\u00e9colte 2020 sont pratiquement au m\u00eame niveau que celles de 2010. On constate une nouvelle augmentation des ventes de c\u00e9r\u00e9ales fourrag\u00e8res. C&rsquo;est avant tout le bl\u00e9 fourrager qui progresse (+290 t). Globalement l&rsquo;orge diminue l\u00e9g\u00e8rement (-91 t). Dans cette esp\u00e8ce, l&rsquo;ogre hybride gagne \u00e0 nouveau [&hellip;]\" \/>\n<meta property=\"og:url\" content=\"https:\/\/www.swisssem.ch\/fr\/espace-membres\/archiv_newsletter\/newsletter-swisssem-fevrier-2021\/actualite-de-la-recolte-2021\/\" \/>\n<meta property=\"og:site_name\" content=\"swisssem semence suisse\" \/>\n<meta property=\"article:modified_time\" content=\"2021-02-09T10:17:24+00:00\" \/>\n<meta name=\"twitter:card\" content=\"summary_large_image\" \/>\n<meta name=\"twitter:label1\" content=\"Dur\u00e9e de lecture estim\u00e9e\" \/>\n\t<meta name=\"twitter:data1\" content=\"1 minute\" \/>\n<script type=\"application\/ld+json\" class=\"yoast-schema-graph\">{\"@context\":\"https:\/\/schema.org\",\"@graph\":[{\"@type\":\"WebPage\",\"@id\":\"https:\/\/www.swisssem.ch\/fr\/espace-membres\/archiv_newsletter\/newsletter-swisssem-fevrier-2021\/actualite-de-la-recolte-2021\/\",\"url\":\"https:\/\/www.swisssem.ch\/fr\/espace-membres\/archiv_newsletter\/newsletter-swisssem-fevrier-2021\/actualite-de-la-recolte-2021\/\",\"name\":\"Actualit\u00e9 de la r\u00e9colte 2021 - swisssem semence suisse\",\"isPartOf\":{\"@id\":\"https:\/\/www.swisssem.ch\/de\/#website\"},\"datePublished\":\"2021-02-09T08:56:13+00:00\",\"dateModified\":\"2021-02-09T10:17:24+00:00\",\"breadcrumb\":{\"@id\":\"https:\/\/www.swisssem.ch\/fr\/espace-membres\/archiv_newsletter\/newsletter-swisssem-fevrier-2021\/actualite-de-la-recolte-2021\/#breadcrumb\"},\"inLanguage\":\"fr-FR\",\"potentialAction\":[{\"@type\":\"ReadAction\",\"target\":[\"https:\/\/www.swisssem.ch\/fr\/espace-membres\/archiv_newsletter\/newsletter-swisssem-fevrier-2021\/actualite-de-la-recolte-2021\/\"]}]},{\"@type\":\"BreadcrumbList\",\"@id\":\"https:\/\/www.swisssem.ch\/fr\/espace-membres\/archiv_newsletter\/newsletter-swisssem-fevrier-2021\/actualite-de-la-recolte-2021\/#breadcrumb\",\"itemListElement\":[{\"@type\":\"ListItem\",\"position\":1,\"name\":\"Home\",\"item\":\"https:\/\/www.swisssem.ch\/fr\/\"},{\"@type\":\"ListItem\",\"position\":2,\"name\":\"Espace membres\",\"item\":\"https:\/\/www.swisssem.ch\/fr\/espace-membres\/\"},{\"@type\":\"ListItem\",\"position\":3,\"name\":\"Newsletters\",\"item\":\"https:\/\/www.swisssem.ch\/fr\/espace-membres\/archiv_newsletter\/\"},{\"@type\":\"ListItem\",\"position\":4,\"name\":\"Newsletter swisssem f\u00e9vrier 2021\",\"item\":\"https:\/\/www.swisssem.ch\/fr\/espace-membres\/archiv_newsletter\/newsletter-swisssem-fevrier-2021\/\"},{\"@type\":\"ListItem\",\"position\":5,\"name\":\"Actualit\u00e9 de la r\u00e9colte 2021\"}]},{\"@type\":\"WebSite\",\"@id\":\"https:\/\/www.swisssem.ch\/de\/#website\",\"url\":\"https:\/\/www.swisssem.ch\/de\/\",\"name\":\"swisssem semence suisse\",\"description\":\"\",\"publisher\":{\"@id\":\"https:\/\/www.swisssem.ch\/de\/#organization\"},\"potentialAction\":[{\"@type\":\"SearchAction\",\"target\":{\"@type\":\"EntryPoint\",\"urlTemplate\":\"https:\/\/www.swisssem.ch\/de\/?s={search_term_string}\"},\"query-input\":{\"@type\":\"PropertyValueSpecification\",\"valueRequired\":true,\"valueName\":\"search_term_string\"}}],\"inLanguage\":\"fr-FR\"},{\"@type\":\"Organization\",\"@id\":\"https:\/\/www.swisssem.ch\/de\/#organization\",\"name\":\"swisssem saatgut schweiz\",\"url\":\"https:\/\/www.swisssem.ch\/de\/\",\"logo\":{\"@type\":\"ImageObject\",\"inLanguage\":\"fr-FR\",\"@id\":\"https:\/\/www.swisssem.ch\/de\/#\/schema\/logo\/image\/\",\"url\":\"https:\/\/www.swisssem.ch\/wp-content\/uploads\/2020\/03\/Logo_swisssem_RGB-1.jpg\",\"contentUrl\":\"https:\/\/www.swisssem.ch\/wp-content\/uploads\/2020\/03\/Logo_swisssem_RGB-1.jpg\",\"width\":1684,\"height\":430,\"caption\":\"swisssem saatgut schweiz\"},\"image\":{\"@id\":\"https:\/\/www.swisssem.ch\/de\/#\/schema\/logo\/image\/\"}}]}<\/script>\n<!-- \/ Yoast SEO plugin. -->","yoast_head_json":{"title":"Actualit\u00e9 de la r\u00e9colte 2021 - swisssem semence suisse","robots":{"index":"index","follow":"follow","max-snippet":"max-snippet:-1","max-image-preview":"max-image-preview:large","max-video-preview":"max-video-preview:-1"},"canonical":"https:\/\/www.swisssem.ch\/fr\/espace-membres\/archiv_newsletter\/newsletter-swisssem-fevrier-2021\/actualite-de-la-recolte-2021\/","og_locale":"fr_FR","og_type":"article","og_title":"Actualit\u00e9 de la r\u00e9colte 2021 - swisssem semence suisse","og_description":"Semences de c\u00e9r\u00e9ales Les ventes de c\u00e9r\u00e9ales d&rsquo;automne de la r\u00e9colte 2020 sont pratiquement au m\u00eame niveau que celles de 2010. On constate une nouvelle augmentation des ventes de c\u00e9r\u00e9ales fourrag\u00e8res. C&rsquo;est avant tout le bl\u00e9 fourrager qui progresse (+290 t). Globalement l&rsquo;orge diminue l\u00e9g\u00e8rement (-91 t). Dans cette esp\u00e8ce, l&rsquo;ogre hybride gagne \u00e0 nouveau [&hellip;]","og_url":"https:\/\/www.swisssem.ch\/fr\/espace-membres\/archiv_newsletter\/newsletter-swisssem-fevrier-2021\/actualite-de-la-recolte-2021\/","og_site_name":"swisssem semence suisse","article_modified_time":"2021-02-09T10:17:24+00:00","twitter_card":"summary_large_image","twitter_misc":{"Dur\u00e9e de lecture estim\u00e9e":"1 minute"},"schema":{"@context":"https:\/\/schema.org","@graph":[{"@type":"WebPage","@id":"https:\/\/www.swisssem.ch\/fr\/espace-membres\/archiv_newsletter\/newsletter-swisssem-fevrier-2021\/actualite-de-la-recolte-2021\/","url":"https:\/\/www.swisssem.ch\/fr\/espace-membres\/archiv_newsletter\/newsletter-swisssem-fevrier-2021\/actualite-de-la-recolte-2021\/","name":"Actualit\u00e9 de la r\u00e9colte 2021 - swisssem semence suisse","isPartOf":{"@id":"https:\/\/www.swisssem.ch\/de\/#website"},"datePublished":"2021-02-09T08:56:13+00:00","dateModified":"2021-02-09T10:17:24+00:00","breadcrumb":{"@id":"https:\/\/www.swisssem.ch\/fr\/espace-membres\/archiv_newsletter\/newsletter-swisssem-fevrier-2021\/actualite-de-la-recolte-2021\/#breadcrumb"},"inLanguage":"fr-FR","potentialAction":[{"@type":"ReadAction","target":["https:\/\/www.swisssem.ch\/fr\/espace-membres\/archiv_newsletter\/newsletter-swisssem-fevrier-2021\/actualite-de-la-recolte-2021\/"]}]},{"@type":"BreadcrumbList","@id":"https:\/\/www.swisssem.ch\/fr\/espace-membres\/archiv_newsletter\/newsletter-swisssem-fevrier-2021\/actualite-de-la-recolte-2021\/#breadcrumb","itemListElement":[{"@type":"ListItem","position":1,"name":"Home","item":"https:\/\/www.swisssem.ch\/fr\/"},{"@type":"ListItem","position":2,"name":"Espace membres","item":"https:\/\/www.swisssem.ch\/fr\/espace-membres\/"},{"@type":"ListItem","position":3,"name":"Newsletters","item":"https:\/\/www.swisssem.ch\/fr\/espace-membres\/archiv_newsletter\/"},{"@type":"ListItem","position":4,"name":"Newsletter swisssem f\u00e9vrier 2021","item":"https:\/\/www.swisssem.ch\/fr\/espace-membres\/archiv_newsletter\/newsletter-swisssem-fevrier-2021\/"},{"@type":"ListItem","position":5,"name":"Actualit\u00e9 de la r\u00e9colte 2021"}]},{"@type":"WebSite","@id":"https:\/\/www.swisssem.ch\/de\/#website","url":"https:\/\/www.swisssem.ch\/de\/","name":"swisssem semence suisse","description":"","publisher":{"@id":"https:\/\/www.swisssem.ch\/de\/#organization"},"potentialAction":[{"@type":"SearchAction","target":{"@type":"EntryPoint","urlTemplate":"https:\/\/www.swisssem.ch\/de\/?s={search_term_string}"},"query-input":{"@type":"PropertyValueSpecification","valueRequired":true,"valueName":"search_term_string"}}],"inLanguage":"fr-FR"},{"@type":"Organization","@id":"https:\/\/www.swisssem.ch\/de\/#organization","name":"swisssem saatgut schweiz","url":"https:\/\/www.swisssem.ch\/de\/","logo":{"@type":"ImageObject","inLanguage":"fr-FR","@id":"https:\/\/www.swisssem.ch\/de\/#\/schema\/logo\/image\/","url":"https:\/\/www.swisssem.ch\/wp-content\/uploads\/2020\/03\/Logo_swisssem_RGB-1.jpg","contentUrl":"https:\/\/www.swisssem.ch\/wp-content\/uploads\/2020\/03\/Logo_swisssem_RGB-1.jpg","width":1684,"height":430,"caption":"swisssem saatgut schweiz"},"image":{"@id":"https:\/\/www.swisssem.ch\/de\/#\/schema\/logo\/image\/"}}]}},"_links":{"self":[{"href":"https:\/\/www.swisssem.ch\/fr\/wp-json\/wp\/v2\/pages\/7558","targetHints":{"allow":["GET"]}}],"collection":[{"href":"https:\/\/www.swisssem.ch\/fr\/wp-json\/wp\/v2\/pages"}],"about":[{"href":"https:\/\/www.swisssem.ch\/fr\/wp-json\/wp\/v2\/types\/page"}],"author":[{"embeddable":true,"href":"https:\/\/www.swisssem.ch\/fr\/wp-json\/wp\/v2\/users\/6"}],"replies":[{"embeddable":true,"href":"https:\/\/www.swisssem.ch\/fr\/wp-json\/wp\/v2\/comments?post=7558"}],"version-history":[{"count":13,"href":"https:\/\/www.swisssem.ch\/fr\/wp-json\/wp\/v2\/pages\/7558\/revisions"}],"predecessor-version":[{"id":7603,"href":"https:\/\/www.swisssem.ch\/fr\/wp-json\/wp\/v2\/pages\/7558\/revisions\/7603"}],"up":[{"embeddable":true,"href":"https:\/\/www.swisssem.ch\/fr\/wp-json\/wp\/v2\/pages\/7544"}],"wp:attachment":[{"href":"https:\/\/www.swisssem.ch\/fr\/wp-json\/wp\/v2\/media?parent=7558"}],"curies":[{"name":"wp","href":"https:\/\/api.w.org\/{rel}","templated":true}]}}