{"id":7544,"date":"2021-02-09T09:24:02","date_gmt":"2021-02-09T08:24:02","guid":{"rendered":"https:\/\/www.swisssem.ch\/?page_id=7544"},"modified":"2021-02-09T11:16:08","modified_gmt":"2021-02-09T10:16:08","slug":"newsletter-swisssem-fevrier-2021","status":"publish","type":"page","link":"https:\/\/www.swisssem.ch\/fr\/espace-membres\/archiv_newsletter\/newsletter-swisssem-fevrier-2021\/","title":{"rendered":"Newsletter swisssem f\u00e9vrier 2021"},"content":{"rendered":"\n<h2 class=\"wp-block-heading\"><strong>Assembl\u00e9e des d\u00e9l\u00e9gu\u00e9s &#8211; 27.01.2021<\/strong><\/h2>\n\n\n\n<p>Comme tant d\u2019autres assembl\u00e9es statutaires, celle des d\u00e9l\u00e9gu\u00e9s de swisssem, F\u00e9d\u00e9ration suisse des producteurs de semences, a eu lieu par voie de correspondance. Les d\u00e9l\u00e9gu\u00e9s ont accept\u00e9 les comptes annuels, le rapport d\u2019activit\u00e9 ainsi que le budget. Le programme d\u2019activit\u00e9 2020\/21 a \u00e9galement \u00e9t\u00e9 approuv\u00e9. Notons qu\u2019une journ\u00e9e <strong>portes ouvertes pour les producteurs est pr\u00e9vue le 29&nbsp;juin&nbsp;2021<\/strong> pour autant bien s\u00fbr que la situation sanitaire li\u00e9e au COVID19 le permette.<\/p>\n\n\n\n<h2 class=\"wp-block-heading\"><strong>Nouveaux membres au comit\u00e9 et nou<\/strong>v<strong>eau pr\u00e9sident<\/strong><\/h2>\n\n\n\n<p>Deux membres du Comit\u00e9 arriv\u00e9s au terme de leur mandat ont pr\u00e9sent\u00e9 leur d\u00e9mission. Il s\u2019agit de Fritz Herren, membre de SGD et de Jean-Luc Pidoux de l\u2019ASS.<br>Via leur bulletin de vote, les d\u00e9l\u00e9gu\u00e9s ont d\u00e9sign\u00e9 \u00e0 l\u2019unanimit\u00e9 <strong>Marc-Henri Chevalley de l\u2019ASS<\/strong> et <strong>Benno Jungo de SGD<\/strong> pour succ\u00e9der aux deux d\u00e9missionnaires.<br><strong>Lukas de Rougemont <\/strong>a \u00e9t\u00e9 \u00e9lu nouveau pr\u00e9sident du comit\u00e9 de swisssem.<br><a href=\"https:\/\/www.swisssem.ch\/fr\/espace-membres\/archives-newsletter\/newsletter-swisssem-fevrier-2021\/nouveaux-membres-au-comite-2021\/\">Lire plus<\/a><\/p>\n\n\n\n<h2 class=\"wp-block-heading\"><strong>Informations sur la r\u00e9colte 2020<\/strong><\/h2>\n\n\n\n<p><\/p>\n\n\n\n<p>Les ventes de semence de c\u00e9r\u00e9ales d\u2019automne de la r\u00e9colte 2020 ont augment\u00e9 de 4.3% par rapport \u00e0 l&rsquo;ann\u00e9e pr\u00e9c\u00e9dente. La stabilisation des ventes se confirme.<br>La quantit\u00e9 totale certifi\u00e9e de plants de pommes de terre a atteint 24\u2019973&nbsp;t, soit 15% de plus qu\u2019en 2019.<br><strong><a href=\"https:\/\/www.swisssem.ch\/fr\/espace-membres\/archives-newsletter\/newsletter-swisssem-fevrier-2021\/actualite-de-la-recolte-2021\/\">Lire plus<\/a><\/strong><\/p>\n\n\n\n<h2 class=\"wp-block-heading\"><strong>Projet de DSP SA<\/strong><\/h2>\n\n\n\n<p>DSP SA va r\u00e9aliser son projet d\u2019am\u00e9lioration des infrastructures \u00e0 disposition. swisssem, propri\u00e9taire du fonds, a d\u00e9cid\u00e9 de c\u00e9der un droit de superficie incluant tous les b\u00e2timents afin de permettre la r\u00e9alisation du projet de DSP.<\/p>\n","protected":false},"excerpt":{"rendered":"<p>Assembl\u00e9e des d\u00e9l\u00e9gu\u00e9s &#8211; 27.01.2021 Comme tant d\u2019autres assembl\u00e9es statutaires, celle des d\u00e9l\u00e9gu\u00e9s de swisssem, F\u00e9d\u00e9ration suisse des producteurs de semences, a eu lieu par voie de correspondance. Les d\u00e9l\u00e9gu\u00e9s ont accept\u00e9 les comptes annuels, le rapport d\u2019activit\u00e9 ainsi que le budget. Le programme d\u2019activit\u00e9 2020\/21 a \u00e9galement \u00e9t\u00e9 approuv\u00e9. Notons qu\u2019une journ\u00e9e portes ouvertes [&hellip;]<\/p>\n","protected":false},"author":6,"featured_media":0,"parent":5364,"menu_order":113,"comment_status":"closed","ping_status":"closed","template":"","meta":{"_acf_changed":false,"footnotes":""},"class_list":["post-7544","page","type-page","status-publish","hentry"],"acf":[],"yoast_head":"<!-- This site is optimized with the Yoast SEO plugin v27.1.1 - https:\/\/yoast.com\/product\/yoast-seo-wordpress\/ -->\n<title>Newsletter swisssem f\u00e9vrier 2021 - swisssem semence suisse<\/title>\n<meta name=\"robots\" content=\"index, follow, max-snippet:-1, max-image-preview:large, max-video-preview:-1\" \/>\n<link rel=\"canonical\" href=\"https:\/\/www.swisssem.ch\/fr\/espace-membres\/archiv_newsletter\/newsletter-swisssem-fevrier-2021\/\" \/>\n<meta property=\"og:locale\" content=\"fr_FR\" \/>\n<meta property=\"og:type\" content=\"article\" \/>\n<meta property=\"og:title\" content=\"Newsletter swisssem f\u00e9vrier 2021 - swisssem semence suisse\" \/>\n<meta property=\"og:description\" content=\"Assembl\u00e9e des d\u00e9l\u00e9gu\u00e9s &#8211; 27.01.2021 Comme tant d\u2019autres assembl\u00e9es statutaires, celle des d\u00e9l\u00e9gu\u00e9s de swisssem, F\u00e9d\u00e9ration suisse des producteurs de semences, a eu lieu par voie de correspondance. Les d\u00e9l\u00e9gu\u00e9s ont accept\u00e9 les comptes annuels, le rapport d\u2019activit\u00e9 ainsi que le budget. Le programme d\u2019activit\u00e9 2020\/21 a \u00e9galement \u00e9t\u00e9 approuv\u00e9. Notons qu\u2019une journ\u00e9e portes ouvertes [&hellip;]\" \/>\n<meta property=\"og:url\" content=\"https:\/\/www.swisssem.ch\/fr\/espace-membres\/archiv_newsletter\/newsletter-swisssem-fevrier-2021\/\" \/>\n<meta property=\"og:site_name\" content=\"swisssem semence suisse\" \/>\n<meta property=\"article:modified_time\" content=\"2021-02-09T10:16:08+00:00\" \/>\n<meta name=\"twitter:card\" content=\"summary_large_image\" \/>\n<meta name=\"twitter:label1\" content=\"Dur\u00e9e de lecture estim\u00e9e\" \/>\n\t<meta name=\"twitter:data1\" content=\"1 minute\" \/>\n<script type=\"application\/ld+json\" class=\"yoast-schema-graph\">{\"@context\":\"https:\/\/schema.org\",\"@graph\":[{\"@type\":\"WebPage\",\"@id\":\"https:\/\/www.swisssem.ch\/fr\/espace-membres\/archiv_newsletter\/newsletter-swisssem-fevrier-2021\/\",\"url\":\"https:\/\/www.swisssem.ch\/fr\/espace-membres\/archiv_newsletter\/newsletter-swisssem-fevrier-2021\/\",\"name\":\"Newsletter swisssem f\u00e9vrier 2021 - swisssem semence suisse\",\"isPartOf\":{\"@id\":\"https:\/\/www.swisssem.ch\/de\/#website\"},\"datePublished\":\"2021-02-09T08:24:02+00:00\",\"dateModified\":\"2021-02-09T10:16:08+00:00\",\"breadcrumb\":{\"@id\":\"https:\/\/www.swisssem.ch\/fr\/espace-membres\/archiv_newsletter\/newsletter-swisssem-fevrier-2021\/#breadcrumb\"},\"inLanguage\":\"fr-FR\",\"potentialAction\":[{\"@type\":\"ReadAction\",\"target\":[\"https:\/\/www.swisssem.ch\/fr\/espace-membres\/archiv_newsletter\/newsletter-swisssem-fevrier-2021\/\"]}]},{\"@type\":\"BreadcrumbList\",\"@id\":\"https:\/\/www.swisssem.ch\/fr\/espace-membres\/archiv_newsletter\/newsletter-swisssem-fevrier-2021\/#breadcrumb\",\"itemListElement\":[{\"@type\":\"ListItem\",\"position\":1,\"name\":\"Home\",\"item\":\"https:\/\/www.swisssem.ch\/fr\/\"},{\"@type\":\"ListItem\",\"position\":2,\"name\":\"Espace membres\",\"item\":\"https:\/\/www.swisssem.ch\/fr\/espace-membres\/\"},{\"@type\":\"ListItem\",\"position\":3,\"name\":\"Newsletters\",\"item\":\"https:\/\/www.swisssem.ch\/fr\/espace-membres\/archiv_newsletter\/\"},{\"@type\":\"ListItem\",\"position\":4,\"name\":\"Newsletter swisssem f\u00e9vrier 2021\"}]},{\"@type\":\"WebSite\",\"@id\":\"https:\/\/www.swisssem.ch\/de\/#website\",\"url\":\"https:\/\/www.swisssem.ch\/de\/\",\"name\":\"swisssem semence suisse\",\"description\":\"\",\"publisher\":{\"@id\":\"https:\/\/www.swisssem.ch\/de\/#organization\"},\"potentialAction\":[{\"@type\":\"SearchAction\",\"target\":{\"@type\":\"EntryPoint\",\"urlTemplate\":\"https:\/\/www.swisssem.ch\/de\/?s={search_term_string}\"},\"query-input\":{\"@type\":\"PropertyValueSpecification\",\"valueRequired\":true,\"valueName\":\"search_term_string\"}}],\"inLanguage\":\"fr-FR\"},{\"@type\":\"Organization\",\"@id\":\"https:\/\/www.swisssem.ch\/de\/#organization\",\"name\":\"swisssem saatgut schweiz\",\"url\":\"https:\/\/www.swisssem.ch\/de\/\",\"logo\":{\"@type\":\"ImageObject\",\"inLanguage\":\"fr-FR\",\"@id\":\"https:\/\/www.swisssem.ch\/de\/#\/schema\/logo\/image\/\",\"url\":\"https:\/\/www.swisssem.ch\/wp-content\/uploads\/2020\/03\/Logo_swisssem_RGB-1.jpg\",\"contentUrl\":\"https:\/\/www.swisssem.ch\/wp-content\/uploads\/2020\/03\/Logo_swisssem_RGB-1.jpg\",\"width\":1684,\"height\":430,\"caption\":\"swisssem saatgut schweiz\"},\"image\":{\"@id\":\"https:\/\/www.swisssem.ch\/de\/#\/schema\/logo\/image\/\"}}]}<\/script>\n<!-- \/ Yoast SEO plugin. -->","yoast_head_json":{"title":"Newsletter swisssem f\u00e9vrier 2021 - swisssem semence suisse","robots":{"index":"index","follow":"follow","max-snippet":"max-snippet:-1","max-image-preview":"max-image-preview:large","max-video-preview":"max-video-preview:-1"},"canonical":"https:\/\/www.swisssem.ch\/fr\/espace-membres\/archiv_newsletter\/newsletter-swisssem-fevrier-2021\/","og_locale":"fr_FR","og_type":"article","og_title":"Newsletter swisssem f\u00e9vrier 2021 - swisssem semence suisse","og_description":"Assembl\u00e9e des d\u00e9l\u00e9gu\u00e9s &#8211; 27.01.2021 Comme tant d\u2019autres assembl\u00e9es statutaires, celle des d\u00e9l\u00e9gu\u00e9s de swisssem, F\u00e9d\u00e9ration suisse des producteurs de semences, a eu lieu par voie de correspondance. Les d\u00e9l\u00e9gu\u00e9s ont accept\u00e9 les comptes annuels, le rapport d\u2019activit\u00e9 ainsi que le budget. Le programme d\u2019activit\u00e9 2020\/21 a \u00e9galement \u00e9t\u00e9 approuv\u00e9. Notons qu\u2019une journ\u00e9e portes ouvertes [&hellip;]","og_url":"https:\/\/www.swisssem.ch\/fr\/espace-membres\/archiv_newsletter\/newsletter-swisssem-fevrier-2021\/","og_site_name":"swisssem semence suisse","article_modified_time":"2021-02-09T10:16:08+00:00","twitter_card":"summary_large_image","twitter_misc":{"Dur\u00e9e de lecture estim\u00e9e":"1 minute"},"schema":{"@context":"https:\/\/schema.org","@graph":[{"@type":"WebPage","@id":"https:\/\/www.swisssem.ch\/fr\/espace-membres\/archiv_newsletter\/newsletter-swisssem-fevrier-2021\/","url":"https:\/\/www.swisssem.ch\/fr\/espace-membres\/archiv_newsletter\/newsletter-swisssem-fevrier-2021\/","name":"Newsletter swisssem f\u00e9vrier 2021 - swisssem semence suisse","isPartOf":{"@id":"https:\/\/www.swisssem.ch\/de\/#website"},"datePublished":"2021-02-09T08:24:02+00:00","dateModified":"2021-02-09T10:16:08+00:00","breadcrumb":{"@id":"https:\/\/www.swisssem.ch\/fr\/espace-membres\/archiv_newsletter\/newsletter-swisssem-fevrier-2021\/#breadcrumb"},"inLanguage":"fr-FR","potentialAction":[{"@type":"ReadAction","target":["https:\/\/www.swisssem.ch\/fr\/espace-membres\/archiv_newsletter\/newsletter-swisssem-fevrier-2021\/"]}]},{"@type":"BreadcrumbList","@id":"https:\/\/www.swisssem.ch\/fr\/espace-membres\/archiv_newsletter\/newsletter-swisssem-fevrier-2021\/#breadcrumb","itemListElement":[{"@type":"ListItem","position":1,"name":"Home","item":"https:\/\/www.swisssem.ch\/fr\/"},{"@type":"ListItem","position":2,"name":"Espace membres","item":"https:\/\/www.swisssem.ch\/fr\/espace-membres\/"},{"@type":"ListItem","position":3,"name":"Newsletters","item":"https:\/\/www.swisssem.ch\/fr\/espace-membres\/archiv_newsletter\/"},{"@type":"ListItem","position":4,"name":"Newsletter swisssem f\u00e9vrier 2021"}]},{"@type":"WebSite","@id":"https:\/\/www.swisssem.ch\/de\/#website","url":"https:\/\/www.swisssem.ch\/de\/","name":"swisssem semence suisse","description":"","publisher":{"@id":"https:\/\/www.swisssem.ch\/de\/#organization"},"potentialAction":[{"@type":"SearchAction","target":{"@type":"EntryPoint","urlTemplate":"https:\/\/www.swisssem.ch\/de\/?s={search_term_string}"},"query-input":{"@type":"PropertyValueSpecification","valueRequired":true,"valueName":"search_term_string"}}],"inLanguage":"fr-FR"},{"@type":"Organization","@id":"https:\/\/www.swisssem.ch\/de\/#organization","name":"swisssem saatgut schweiz","url":"https:\/\/www.swisssem.ch\/de\/","logo":{"@type":"ImageObject","inLanguage":"fr-FR","@id":"https:\/\/www.swisssem.ch\/de\/#\/schema\/logo\/image\/","url":"https:\/\/www.swisssem.ch\/wp-content\/uploads\/2020\/03\/Logo_swisssem_RGB-1.jpg","contentUrl":"https:\/\/www.swisssem.ch\/wp-content\/uploads\/2020\/03\/Logo_swisssem_RGB-1.jpg","width":1684,"height":430,"caption":"swisssem saatgut schweiz"},"image":{"@id":"https:\/\/www.swisssem.ch\/de\/#\/schema\/logo\/image\/"}}]}},"_links":{"self":[{"href":"https:\/\/www.swisssem.ch\/fr\/wp-json\/wp\/v2\/pages\/7544","targetHints":{"allow":["GET"]}}],"collection":[{"href":"https:\/\/www.swisssem.ch\/fr\/wp-json\/wp\/v2\/pages"}],"about":[{"href":"https:\/\/www.swisssem.ch\/fr\/wp-json\/wp\/v2\/types\/page"}],"author":[{"embeddable":true,"href":"https:\/\/www.swisssem.ch\/fr\/wp-json\/wp\/v2\/users\/6"}],"replies":[{"embeddable":true,"href":"https:\/\/www.swisssem.ch\/fr\/wp-json\/wp\/v2\/comments?post=7544"}],"version-history":[{"count":7,"href":"https:\/\/www.swisssem.ch\/fr\/wp-json\/wp\/v2\/pages\/7544\/revisions"}],"predecessor-version":[{"id":7596,"href":"https:\/\/www.swisssem.ch\/fr\/wp-json\/wp\/v2\/pages\/7544\/revisions\/7596"}],"up":[{"embeddable":true,"href":"https:\/\/www.swisssem.ch\/fr\/wp-json\/wp\/v2\/pages\/5364"}],"wp:attachment":[{"href":"https:\/\/www.swisssem.ch\/fr\/wp-json\/wp\/v2\/media?parent=7544"}],"curies":[{"name":"wp","href":"https:\/\/api.w.org\/{rel}","templated":true}]}}