{"id":6129,"date":"2020-04-28T11:04:56","date_gmt":"2020-04-28T09:04:56","guid":{"rendered":"https:\/\/www.swisssem.ch\/?page_id=6129"},"modified":"2020-04-28T11:04:57","modified_gmt":"2020-04-28T09:04:57","slug":"presentation-des-nouveaux-membres-2019","status":"publish","type":"page","link":"https:\/\/www.swisssem.ch\/fr\/espace-membres\/archiv_newsletter\/newsletter-februar-2019\/presentation-des-nouveaux-membres-2019\/","title":{"rendered":"Pr\u00e9sentation des nouveaux membres 2019"},"content":{"rendered":"\n<h1 class=\"wp-block-heading\">Pr\u00e9sentation des nouveaux  membres du comit\u00e9<\/h1>\n\n\n\n<div class=\"wp-block-columns is-layout-flex wp-container-core-columns-is-layout-9d6595d7 wp-block-columns-is-layout-flex\">\n<div class=\"wp-block-column is-layout-flow wp-block-column-is-layout-flow\" style=\"flex-basis:33.33%\">\n<figure class=\"wp-block-image size-large\"><img loading=\"lazy\" decoding=\"async\" width=\"325\" height=\"434\" src=\"https:\/\/www.swisssem.ch\/wp-content\/uploads\/2020\/04\/de-rougemont.jpg\" alt=\"\" class=\"wp-image-6060\" srcset=\"https:\/\/www.swisssem.ch\/wp-content\/uploads\/2020\/04\/de-rougemont.jpg 325w, https:\/\/www.swisssem.ch\/wp-content\/uploads\/2020\/04\/de-rougemont-225x300.jpg 225w\" sizes=\"auto, (max-width: 325px) 100vw, 325px\" \/><figcaption>L. de Rougemont (SEMAG)<\/figcaption><\/figure>\n<\/div>\n\n\n\n<div class=\"wp-block-column is-layout-flow wp-block-column-is-layout-flow\" style=\"flex-basis:66.66%\">\n<p><strong>Lukas de Rougemont<\/strong>, 44 ans, est mari\u00e9 et p\u00e8re de 4 enfants. Il est domicili\u00e9 dans la commune de Gampelen. Apr\u00e8s avoir obtenu un&nbsp;dipl\u00f4me d&rsquo;ing\u00e9nieur agronome avec sp\u00e9cialisation en \u00e9conomie agricole \u00e0 la Haute \u00e9cole en agronomie&nbsp;de Zollikofen, il a travaill\u00e9 au Tessin puis \u00e0 B\u00e4rau. Depuis 2011, il dirige la Fondation \u00ab\u00a0Tannenhof\u00a0\u00bb, un domaine \u00e0 vocation sociale. Le domaine a \u00e9t\u00e9 converti \u00e0 l&rsquo;agriculture biologique en 2016.&nbsp;La surface agricole utile est de 144&nbsp;ha. Lukas g\u00e8re avec 9&nbsp;collaborateurs, 2&nbsp;apprentis et de 20 \u00e0 25&nbsp;r\u00e9sidents plusieurs secteurs d&rsquo;exploitation, dont les grandes cultures, la culture fourrag\u00e8re, la culture&nbsp;mara\u00eech\u00e8re et fruiti\u00e8re, l&rsquo;engraissement du b\u00e9tail et la for\u00eat.<br>Dans les grandes cultures, on cultive des semences de c\u00e9r\u00e9ales, des c\u00e9r\u00e9ales panifiables, du colza, des f\u00e9veroles, des pois prot\u00e9agineux, du ma\u00efs, des plants et des pommes de terre de consommation.<br>Depuis 1 an, Lukas est \u00e9galement membre du conseil d&rsquo;administration de SEMAG. Il a en outre eu un mandat de tuteur durant plusieurs ann\u00e9es.<br>Lukas de Rougemont attache une importance particuli\u00e8re \u00e0 sa famille. Il fait volontiers du ski, de la randonn\u00e9e et de l&rsquo;alpinisme.<\/p>\n\n\n\n<p><\/p>\n<\/div>\n<\/div>\n\n\n\n<div class=\"wp-block-columns is-layout-flex wp-container-core-columns-is-layout-9d6595d7 wp-block-columns-is-layout-flex\">\n<div class=\"wp-block-column is-layout-flow wp-block-column-is-layout-flow\" style=\"flex-basis:33.33%\">\n<figure class=\"wp-block-image size-large\"><img loading=\"lazy\" decoding=\"async\" width=\"325\" height=\"488\" src=\"https:\/\/www.swisssem.ch\/wp-content\/uploads\/2020\/04\/csm_Portraet_MWietlisbach_91ddeed315.jpg\" alt=\"\" class=\"wp-image-6058\" srcset=\"https:\/\/www.swisssem.ch\/wp-content\/uploads\/2020\/04\/csm_Portraet_MWietlisbach_91ddeed315.jpg 325w, https:\/\/www.swisssem.ch\/wp-content\/uploads\/2020\/04\/csm_Portraet_MWietlisbach_91ddeed315-200x300.jpg 200w\" sizes=\"auto, (max-width: 325px) 100vw, 325px\" \/><figcaption>M. Wietlisbach (OSP)<\/figcaption><\/figure>\n<\/div>\n\n\n\n<div class=\"wp-block-column is-layout-flow wp-block-column-is-layout-flow\" style=\"flex-basis:66.66%\">\n<p><strong>Markus Wietlisbach<\/strong>, 42 ans, est mari\u00e9 et p\u00e8re de 4 enfants. Avec sa famille, il dirige une exploitation agricole diversifi\u00e9e \u00e0 Dottikon, dans le canton d&rsquo;Argovie. En plus des cultures habituelles comme les c\u00e9r\u00e9ales, les betteraves sucri\u00e8res, le soja et le tournesol, il cultive \u00e9galement divers l\u00e9gumes pour la transformation, des fraises et des plants de pommes de terre. Son p\u00e8re avait d\u00e9but\u00e9 la production de plants il y a pr\u00e8s de 60&nbsp;ans.<br>Apr\u00e8s son apprentissage agricole, Markus a poursuivi ses \u00e9tudes \u00e0 l&rsquo;\u00e9cole de commerce. Par la suite, il a achev\u00e9 la formation de chef d&rsquo;exploitation et pass\u00e9 avec succ\u00e8s la ma\u00eetrise agricole.<br>En plus de son travail sur l\u2019exploitation, il s&rsquo;implique \u00e9galement dans diverses fonctions au sein d&rsquo;organisations agricoles. Il est notamment membre du Conseil d&rsquo;administration de VO Ost.<br>Markus aime passer du temps avec sa famille et ses enfants, jouer de la musique avec la fanfare et durant l&rsquo;\u00e9t\u00e9, faire du v\u00e9lo.<\/p>\n\n\n\n<p><\/p>\n<\/div>\n<\/div>\n\n\n\n<div class=\"wp-block-columns is-layout-flex wp-container-core-columns-is-layout-9d6595d7 wp-block-columns-is-layout-flex\">\n<div class=\"wp-block-column is-layout-flow wp-block-column-is-layout-flow\" style=\"flex-basis:33.33%\">\n<figure class=\"wp-block-image size-large\"><img loading=\"lazy\" decoding=\"async\" width=\"502\" height=\"483\" src=\"https:\/\/www.swisssem.ch\/wp-content\/uploads\/2020\/04\/heinz-niederh\u00e4user.jpg\" alt=\"\" class=\"wp-image-6062\" srcset=\"https:\/\/www.swisssem.ch\/wp-content\/uploads\/2020\/04\/heinz-niederh\u00e4user.jpg 502w, https:\/\/www.swisssem.ch\/wp-content\/uploads\/2020\/04\/heinz-niederh\u00e4user-300x289.jpg 300w\" sizes=\"auto, (max-width: 502px) 100vw, 502px\" \/><figcaption>H. von Niederh\u00e4usern (SGD)<\/figcaption><\/figure>\n<\/div>\n\n\n\n<div class=\"wp-block-column is-layout-flow wp-block-column-is-layout-flow\" style=\"flex-basis:66.66%\">\n<p><strong>Heinz<\/strong> <strong>von Niederh\u00e4usern<\/strong>, n\u00e9 en 1963, est mari\u00e9 et p\u00e8re de 2 enfants. Il habite avec sa famille \u00e0 R\u00f6merswil, commune de St-Ours. Outre sa formation agricole, il a \u00e9galement fr\u00e9quent\u00e9 une \u00e9cole de commerce et obtenu la ma\u00eetrise agricole en 1989.<br>Depuis 1993, il exploite le domaine familial de 75 ha \u00e0 R\u00f6merswil, avec engraissement de poulets et \u00e9levage de boeufs.<br>Heinz cultive pour la production de semences du bl\u00e9 d\u2019automne, de l&rsquo;orge hybride, du seigle hybride, de l&rsquo;\u00e9peautre, des pois prot\u00e9agineux et des plants pommes de terre sur les 60\u00a0hectares de terres agricoles ouvertes. Il produit aussi du ma\u00efs, du colza et de la betterave sucri\u00e8re.<br>Comme activit\u00e9 secondaire, il calcule pour les agriculteurs le bilan de fumure et les dossiers PER sur mandat de l\u2019Institut agricole de Grangeneuve.<br>Depuis 2018, Heinz Niederh\u00e4user est membre du Conseil d\u2019administration du Syndicat des s\u00e9lectionneurs de Guin et en est le vice-pr\u00e9sident.<br>Ses hobbies sont le mountain-bike, la moto, le ski et il chante une fois par semaine dans un ch\u0153ur.<\/p>\n\n\n\n<p><\/p>\n<\/div>\n<\/div>\n\n\n\n<div class=\"wp-block-columns is-layout-flex wp-container-core-columns-is-layout-9d6595d7 wp-block-columns-is-layout-flex\">\n<div class=\"wp-block-column is-layout-flow wp-block-column-is-layout-flow\" style=\"flex-basis:33.33%\">\n<figure class=\"wp-block-image size-large\"><img loading=\"lazy\" decoding=\"async\" width=\"493\" height=\"563\" src=\"https:\/\/www.swisssem.ch\/wp-content\/uploads\/2020\/04\/fabrice-bersier.jpg\" alt=\"\" class=\"wp-image-6023\" srcset=\"https:\/\/www.swisssem.ch\/wp-content\/uploads\/2020\/04\/fabrice-bersier.jpg 493w, https:\/\/www.swisssem.ch\/wp-content\/uploads\/2020\/04\/fabrice-bersier-263x300.jpg 263w\" sizes=\"auto, (max-width: 493px) 100vw, 493px\" \/><figcaption>F. Bersier (Broye)<\/figcaption><\/figure>\n<\/div>\n\n\n\n<div class=\"wp-block-column is-layout-flow wp-block-column-is-layout-flow\" style=\"flex-basis:66.66%\">\n<p><strong>Fabrice Bersier<\/strong>, 45 ans, est mari\u00e9 et p\u00e8re de 4 enfants. Il vit \u00e0 Vesin dans la Broye fribourgeoise o\u00f9 il exploite une exploitation de polycultures sur 99&nbsp;ha de SAU. Il est titulaire d\u2019une ma\u00eetrise f\u00e9d\u00e9rale d\u2019agriculture. Il multiplie des semences de c\u00e9r\u00e9ales (orge, triticale et bl\u00e9), cultive du colza, du ma\u00efs, de la betterave sucri\u00e8re et du tabac. Fabrice a \u00e9galement une communaut\u00e9 d\u2019exploitation pour la production animale (lait, poules pondeuses et \u00e9levage de poulettes).<br>Fabrice Bersier est membre du Conseil d\u2019administration du Syndicat des s\u00e9lectionneurs de la Broye depuis 2000. Depuis 2017, il est \u00e9galement pr\u00e9sident du Conseil d\u2019administration de Landi Centre Broye et pr\u00e9sident de Swiss Tabac.<br>Durant ses loisirs, il pratique le ski et le tennis. Il aime les activit\u00e9s en famille et les voyages.<\/p>\n\n\n\n<p><\/p>\n<\/div>\n<\/div>\n","protected":false},"excerpt":{"rendered":"<p>Pr\u00e9sentation des nouveaux membres du comit\u00e9 Lukas de Rougemont, 44 ans, est mari\u00e9 et p\u00e8re de 4 enfants. Il est domicili\u00e9 dans la commune de Gampelen. Apr\u00e8s avoir obtenu un&nbsp;dipl\u00f4me d&rsquo;ing\u00e9nieur agronome avec sp\u00e9cialisation en \u00e9conomie agricole \u00e0 la Haute \u00e9cole en agronomie&nbsp;de Zollikofen, il a travaill\u00e9 au Tessin puis \u00e0 B\u00e4rau. Depuis 2011, il [&hellip;]<\/p>\n","protected":false},"author":6,"featured_media":0,"parent":6090,"menu_order":117,"comment_status":"closed","ping_status":"closed","template":"","meta":{"_acf_changed":false,"footnotes":""},"class_list":["post-6129","page","type-page","status-publish","hentry"],"acf":[],"yoast_head":"<!-- This site is optimized with the Yoast SEO plugin v27.1.1 - https:\/\/yoast.com\/product\/yoast-seo-wordpress\/ -->\n<title>Pr\u00e9sentation des nouveaux membres 2019 - swisssem semence suisse<\/title>\n<meta name=\"robots\" content=\"index, follow, max-snippet:-1, max-image-preview:large, max-video-preview:-1\" \/>\n<link rel=\"canonical\" href=\"https:\/\/www.swisssem.ch\/fr\/espace-membres\/archiv_newsletter\/newsletter-februar-2019\/presentation-des-nouveaux-membres-2019\/\" \/>\n<meta property=\"og:locale\" content=\"fr_FR\" \/>\n<meta property=\"og:type\" content=\"article\" \/>\n<meta property=\"og:title\" content=\"Pr\u00e9sentation des nouveaux membres 2019 - swisssem semence suisse\" \/>\n<meta property=\"og:description\" content=\"Pr\u00e9sentation des nouveaux membres du comit\u00e9 Lukas de Rougemont, 44 ans, est mari\u00e9 et p\u00e8re de 4 enfants. Il est domicili\u00e9 dans la commune de Gampelen. Apr\u00e8s avoir obtenu un&nbsp;dipl\u00f4me d&rsquo;ing\u00e9nieur agronome avec sp\u00e9cialisation en \u00e9conomie agricole \u00e0 la Haute \u00e9cole en agronomie&nbsp;de Zollikofen, il a travaill\u00e9 au Tessin puis \u00e0 B\u00e4rau. Depuis 2011, il [&hellip;]\" \/>\n<meta property=\"og:url\" content=\"https:\/\/www.swisssem.ch\/fr\/espace-membres\/archiv_newsletter\/newsletter-februar-2019\/presentation-des-nouveaux-membres-2019\/\" \/>\n<meta property=\"og:site_name\" content=\"swisssem semence suisse\" \/>\n<meta property=\"article:modified_time\" content=\"2020-04-28T09:04:57+00:00\" \/>\n<meta property=\"og:image\" content=\"https:\/\/www.swisssem.ch\/wp-content\/uploads\/2020\/04\/de-rougemont.jpg\" \/>\n<meta name=\"twitter:card\" content=\"summary_large_image\" \/>\n<meta name=\"twitter:label1\" content=\"Dur\u00e9e de lecture estim\u00e9e\" \/>\n\t<meta name=\"twitter:data1\" content=\"4 minutes\" \/>\n<script type=\"application\/ld+json\" class=\"yoast-schema-graph\">{\"@context\":\"https:\/\/schema.org\",\"@graph\":[{\"@type\":\"WebPage\",\"@id\":\"https:\/\/www.swisssem.ch\/fr\/espace-membres\/archiv_newsletter\/newsletter-februar-2019\/presentation-des-nouveaux-membres-2019\/\",\"url\":\"https:\/\/www.swisssem.ch\/fr\/espace-membres\/archiv_newsletter\/newsletter-februar-2019\/presentation-des-nouveaux-membres-2019\/\",\"name\":\"Pr\u00e9sentation des nouveaux membres 2019 - swisssem semence suisse\",\"isPartOf\":{\"@id\":\"https:\/\/www.swisssem.ch\/de\/#website\"},\"primaryImageOfPage\":{\"@id\":\"https:\/\/www.swisssem.ch\/fr\/espace-membres\/archiv_newsletter\/newsletter-februar-2019\/presentation-des-nouveaux-membres-2019\/#primaryimage\"},\"image\":{\"@id\":\"https:\/\/www.swisssem.ch\/fr\/espace-membres\/archiv_newsletter\/newsletter-februar-2019\/presentation-des-nouveaux-membres-2019\/#primaryimage\"},\"thumbnailUrl\":\"https:\/\/www.swisssem.ch\/wp-content\/uploads\/2020\/04\/de-rougemont.jpg\",\"datePublished\":\"2020-04-28T09:04:56+00:00\",\"dateModified\":\"2020-04-28T09:04:57+00:00\",\"breadcrumb\":{\"@id\":\"https:\/\/www.swisssem.ch\/fr\/espace-membres\/archiv_newsletter\/newsletter-februar-2019\/presentation-des-nouveaux-membres-2019\/#breadcrumb\"},\"inLanguage\":\"fr-FR\",\"potentialAction\":[{\"@type\":\"ReadAction\",\"target\":[\"https:\/\/www.swisssem.ch\/fr\/espace-membres\/archiv_newsletter\/newsletter-februar-2019\/presentation-des-nouveaux-membres-2019\/\"]}]},{\"@type\":\"ImageObject\",\"inLanguage\":\"fr-FR\",\"@id\":\"https:\/\/www.swisssem.ch\/fr\/espace-membres\/archiv_newsletter\/newsletter-februar-2019\/presentation-des-nouveaux-membres-2019\/#primaryimage\",\"url\":\"https:\/\/www.swisssem.ch\/wp-content\/uploads\/2020\/04\/de-rougemont.jpg\",\"contentUrl\":\"https:\/\/www.swisssem.ch\/wp-content\/uploads\/2020\/04\/de-rougemont.jpg\"},{\"@type\":\"BreadcrumbList\",\"@id\":\"https:\/\/www.swisssem.ch\/fr\/espace-membres\/archiv_newsletter\/newsletter-februar-2019\/presentation-des-nouveaux-membres-2019\/#breadcrumb\",\"itemListElement\":[{\"@type\":\"ListItem\",\"position\":1,\"name\":\"Home\",\"item\":\"https:\/\/www.swisssem.ch\/fr\/\"},{\"@type\":\"ListItem\",\"position\":2,\"name\":\"Espace membres\",\"item\":\"https:\/\/www.swisssem.ch\/fr\/espace-membres\/\"},{\"@type\":\"ListItem\",\"position\":3,\"name\":\"Newsletters\",\"item\":\"https:\/\/www.swisssem.ch\/fr\/espace-membres\/archiv_newsletter\/\"},{\"@type\":\"ListItem\",\"position\":4,\"name\":\"Newsletter f\u00e9vrier 2019\",\"item\":\"https:\/\/www.swisssem.ch\/fr\/espace-membres\/archiv_newsletter\/newsletter-februar-2019\/\"},{\"@type\":\"ListItem\",\"position\":5,\"name\":\"Pr\u00e9sentation des nouveaux membres 2019\"}]},{\"@type\":\"WebSite\",\"@id\":\"https:\/\/www.swisssem.ch\/de\/#website\",\"url\":\"https:\/\/www.swisssem.ch\/de\/\",\"name\":\"swisssem semence suisse\",\"description\":\"\",\"publisher\":{\"@id\":\"https:\/\/www.swisssem.ch\/de\/#organization\"},\"potentialAction\":[{\"@type\":\"SearchAction\",\"target\":{\"@type\":\"EntryPoint\",\"urlTemplate\":\"https:\/\/www.swisssem.ch\/de\/?s={search_term_string}\"},\"query-input\":{\"@type\":\"PropertyValueSpecification\",\"valueRequired\":true,\"valueName\":\"search_term_string\"}}],\"inLanguage\":\"fr-FR\"},{\"@type\":\"Organization\",\"@id\":\"https:\/\/www.swisssem.ch\/de\/#organization\",\"name\":\"swisssem saatgut schweiz\",\"url\":\"https:\/\/www.swisssem.ch\/de\/\",\"logo\":{\"@type\":\"ImageObject\",\"inLanguage\":\"fr-FR\",\"@id\":\"https:\/\/www.swisssem.ch\/de\/#\/schema\/logo\/image\/\",\"url\":\"https:\/\/www.swisssem.ch\/wp-content\/uploads\/2020\/03\/Logo_swisssem_RGB-1.jpg\",\"contentUrl\":\"https:\/\/www.swisssem.ch\/wp-content\/uploads\/2020\/03\/Logo_swisssem_RGB-1.jpg\",\"width\":1684,\"height\":430,\"caption\":\"swisssem saatgut schweiz\"},\"image\":{\"@id\":\"https:\/\/www.swisssem.ch\/de\/#\/schema\/logo\/image\/\"}}]}<\/script>\n<!-- \/ Yoast SEO plugin. -->","yoast_head_json":{"title":"Pr\u00e9sentation des nouveaux membres 2019 - swisssem semence suisse","robots":{"index":"index","follow":"follow","max-snippet":"max-snippet:-1","max-image-preview":"max-image-preview:large","max-video-preview":"max-video-preview:-1"},"canonical":"https:\/\/www.swisssem.ch\/fr\/espace-membres\/archiv_newsletter\/newsletter-februar-2019\/presentation-des-nouveaux-membres-2019\/","og_locale":"fr_FR","og_type":"article","og_title":"Pr\u00e9sentation des nouveaux membres 2019 - swisssem semence suisse","og_description":"Pr\u00e9sentation des nouveaux membres du comit\u00e9 Lukas de Rougemont, 44 ans, est mari\u00e9 et p\u00e8re de 4 enfants. Il est domicili\u00e9 dans la commune de Gampelen. Apr\u00e8s avoir obtenu un&nbsp;dipl\u00f4me d&rsquo;ing\u00e9nieur agronome avec sp\u00e9cialisation en \u00e9conomie agricole \u00e0 la Haute \u00e9cole en agronomie&nbsp;de Zollikofen, il a travaill\u00e9 au Tessin puis \u00e0 B\u00e4rau. Depuis 2011, il [&hellip;]","og_url":"https:\/\/www.swisssem.ch\/fr\/espace-membres\/archiv_newsletter\/newsletter-februar-2019\/presentation-des-nouveaux-membres-2019\/","og_site_name":"swisssem semence suisse","article_modified_time":"2020-04-28T09:04:57+00:00","og_image":[{"url":"https:\/\/www.swisssem.ch\/wp-content\/uploads\/2020\/04\/de-rougemont.jpg","type":"","width":"","height":""}],"twitter_card":"summary_large_image","twitter_misc":{"Dur\u00e9e de lecture estim\u00e9e":"4 minutes"},"schema":{"@context":"https:\/\/schema.org","@graph":[{"@type":"WebPage","@id":"https:\/\/www.swisssem.ch\/fr\/espace-membres\/archiv_newsletter\/newsletter-februar-2019\/presentation-des-nouveaux-membres-2019\/","url":"https:\/\/www.swisssem.ch\/fr\/espace-membres\/archiv_newsletter\/newsletter-februar-2019\/presentation-des-nouveaux-membres-2019\/","name":"Pr\u00e9sentation des nouveaux membres 2019 - swisssem semence suisse","isPartOf":{"@id":"https:\/\/www.swisssem.ch\/de\/#website"},"primaryImageOfPage":{"@id":"https:\/\/www.swisssem.ch\/fr\/espace-membres\/archiv_newsletter\/newsletter-februar-2019\/presentation-des-nouveaux-membres-2019\/#primaryimage"},"image":{"@id":"https:\/\/www.swisssem.ch\/fr\/espace-membres\/archiv_newsletter\/newsletter-februar-2019\/presentation-des-nouveaux-membres-2019\/#primaryimage"},"thumbnailUrl":"https:\/\/www.swisssem.ch\/wp-content\/uploads\/2020\/04\/de-rougemont.jpg","datePublished":"2020-04-28T09:04:56+00:00","dateModified":"2020-04-28T09:04:57+00:00","breadcrumb":{"@id":"https:\/\/www.swisssem.ch\/fr\/espace-membres\/archiv_newsletter\/newsletter-februar-2019\/presentation-des-nouveaux-membres-2019\/#breadcrumb"},"inLanguage":"fr-FR","potentialAction":[{"@type":"ReadAction","target":["https:\/\/www.swisssem.ch\/fr\/espace-membres\/archiv_newsletter\/newsletter-februar-2019\/presentation-des-nouveaux-membres-2019\/"]}]},{"@type":"ImageObject","inLanguage":"fr-FR","@id":"https:\/\/www.swisssem.ch\/fr\/espace-membres\/archiv_newsletter\/newsletter-februar-2019\/presentation-des-nouveaux-membres-2019\/#primaryimage","url":"https:\/\/www.swisssem.ch\/wp-content\/uploads\/2020\/04\/de-rougemont.jpg","contentUrl":"https:\/\/www.swisssem.ch\/wp-content\/uploads\/2020\/04\/de-rougemont.jpg"},{"@type":"BreadcrumbList","@id":"https:\/\/www.swisssem.ch\/fr\/espace-membres\/archiv_newsletter\/newsletter-februar-2019\/presentation-des-nouveaux-membres-2019\/#breadcrumb","itemListElement":[{"@type":"ListItem","position":1,"name":"Home","item":"https:\/\/www.swisssem.ch\/fr\/"},{"@type":"ListItem","position":2,"name":"Espace membres","item":"https:\/\/www.swisssem.ch\/fr\/espace-membres\/"},{"@type":"ListItem","position":3,"name":"Newsletters","item":"https:\/\/www.swisssem.ch\/fr\/espace-membres\/archiv_newsletter\/"},{"@type":"ListItem","position":4,"name":"Newsletter f\u00e9vrier 2019","item":"https:\/\/www.swisssem.ch\/fr\/espace-membres\/archiv_newsletter\/newsletter-februar-2019\/"},{"@type":"ListItem","position":5,"name":"Pr\u00e9sentation des nouveaux membres 2019"}]},{"@type":"WebSite","@id":"https:\/\/www.swisssem.ch\/de\/#website","url":"https:\/\/www.swisssem.ch\/de\/","name":"swisssem semence suisse","description":"","publisher":{"@id":"https:\/\/www.swisssem.ch\/de\/#organization"},"potentialAction":[{"@type":"SearchAction","target":{"@type":"EntryPoint","urlTemplate":"https:\/\/www.swisssem.ch\/de\/?s={search_term_string}"},"query-input":{"@type":"PropertyValueSpecification","valueRequired":true,"valueName":"search_term_string"}}],"inLanguage":"fr-FR"},{"@type":"Organization","@id":"https:\/\/www.swisssem.ch\/de\/#organization","name":"swisssem saatgut schweiz","url":"https:\/\/www.swisssem.ch\/de\/","logo":{"@type":"ImageObject","inLanguage":"fr-FR","@id":"https:\/\/www.swisssem.ch\/de\/#\/schema\/logo\/image\/","url":"https:\/\/www.swisssem.ch\/wp-content\/uploads\/2020\/03\/Logo_swisssem_RGB-1.jpg","contentUrl":"https:\/\/www.swisssem.ch\/wp-content\/uploads\/2020\/03\/Logo_swisssem_RGB-1.jpg","width":1684,"height":430,"caption":"swisssem saatgut schweiz"},"image":{"@id":"https:\/\/www.swisssem.ch\/de\/#\/schema\/logo\/image\/"}}]}},"_links":{"self":[{"href":"https:\/\/www.swisssem.ch\/fr\/wp-json\/wp\/v2\/pages\/6129","targetHints":{"allow":["GET"]}}],"collection":[{"href":"https:\/\/www.swisssem.ch\/fr\/wp-json\/wp\/v2\/pages"}],"about":[{"href":"https:\/\/www.swisssem.ch\/fr\/wp-json\/wp\/v2\/types\/page"}],"author":[{"embeddable":true,"href":"https:\/\/www.swisssem.ch\/fr\/wp-json\/wp\/v2\/users\/6"}],"replies":[{"embeddable":true,"href":"https:\/\/www.swisssem.ch\/fr\/wp-json\/wp\/v2\/comments?post=6129"}],"version-history":[{"count":1,"href":"https:\/\/www.swisssem.ch\/fr\/wp-json\/wp\/v2\/pages\/6129\/revisions"}],"predecessor-version":[{"id":6130,"href":"https:\/\/www.swisssem.ch\/fr\/wp-json\/wp\/v2\/pages\/6129\/revisions\/6130"}],"up":[{"embeddable":true,"href":"https:\/\/www.swisssem.ch\/fr\/wp-json\/wp\/v2\/pages\/6090"}],"wp:attachment":[{"href":"https:\/\/www.swisssem.ch\/fr\/wp-json\/wp\/v2\/media?parent=6129"}],"curies":[{"name":"wp","href":"https:\/\/api.w.org\/{rel}","templated":true}]}}