{"id":5830,"date":"2020-04-16T09:23:19","date_gmt":"2020-04-16T07:23:19","guid":{"rendered":"https:\/\/www.swisssem.ch\/?page_id=5830"},"modified":"2024-06-26T09:08:17","modified_gmt":"2024-06-26T07:08:17","slug":"5830-2","status":"publish","type":"page","link":"https:\/\/www.swisssem.ch\/fr\/cultures\/5830-2\/","title":{"rendered":"Pois prot\u00e9agineux"},"content":{"rendered":"\n<h1 class=\"wp-block-heading\">Pois prot\u00e9agineux<\/h1>\n\n\n<div class=\"wp-block-image\">\n<figure class=\"alignleft size-large is-resized\"><img decoding=\"async\" src=\"https:\/\/www.swisssem.ch\/wp-content\/uploads\/2020\/01\/White_pea_flower-1.jpg\" alt=\"\" class=\"wp-image-2342\" style=\"width:350px\"\/><\/figure>\n<\/div>\n\n\n<p>Ces derni\u00e8res ann\u00e9es les pois prot\u00e9agineux ont gagn\u00e9 en importance en tant que source de prot\u00e9ines pour l\u2019alimentation animale ainsi que dans l\u2019assolement, en particulier pour les exploitations bio. De nouvelles vari\u00e9t\u00e9s font r\u00e9guli\u00e8rement leur apparition. Depuis quelques ann\u00e9es des vari\u00e9t\u00e9s, qui peuvent \u00eatre sem\u00e9es en automne dans des endroits doux et prot\u00e9g\u00e9s, sont disponibles. Dans un endroit ad\u00e9quat et avec une date de semis optimale ces pois prot\u00e9agineux d\u2019hiver donnent un meilleur rendement que les vari\u00e9t\u00e9s de printemps.<\/p>\n\n\n\n<div class=\"wp-block-group\"><div class=\"wp-block-group__inner-container is-layout-flow wp-block-group-is-layout-flow\">\n<!-- linklist component -->\n\n\t<ul class=\"linklist\">\n\t\t\t\t\t<li>\n\t\t\t\t<a href=\"https:\/\/www.swissgranum.ch\/fileadmin\/user_upload\/swiss-granum\/dokumente\/Richtlinien\/Sortenlisten\/2024\/LES_Sommereiweisserbsen_2024_F.pdf\" target=\"\">\n\t\t\t\t\t<span>\n\t\t\t\t\t\t<svg xmlns=\"http:\/\/www.w3.org\/2000\/svg\" data-name=\"Ebene 1\" viewBox=\"0 0 23.82 20.35\">\n\t\t\t\t\t\t\t<path d=\"M13.51 20.35L12 18.75l7.56-7.42H0V9h19.52L12 1.6 13.51 0l10.31 10.18z\"\/>\n\t\t\t\t\t\t<\/svg>\n\t\t\t\t\t<\/span>\n\t\t\t\t\tListe recommand\u00e9e pour la r\u00e9colte 2024\t\t\t\t<\/a>\n\t\t\t<\/li>\n\t\t\t<\/ul>\n<!-- end of linklist component -->\n\n<\/div><\/div>\n\n\n\n<div class=\"wp-block-columns is-layout-flex wp-container-core-columns-is-layout-9d6595d7 wp-block-columns-is-layout-flex\">\n<div class=\"wp-block-column is-layout-flow wp-block-column-is-layout-flow\" style=\"flex-basis:66.66%\"><\/div>\n\n\n\n<div class=\"wp-block-column is-layout-flow wp-block-column-is-layout-flow\" style=\"flex-basis:33.33%\"><\/div>\n<\/div>\n\n\n\n<div class=\"wp-block-group\"><div class=\"wp-block-group__inner-container is-layout-flow wp-block-group-is-layout-flow\">\n<div class=\"wp-block-group alignfull\"><div class=\"wp-block-group__inner-container is-layout-flow wp-block-group-is-layout-flow\"><\/div><\/div>\n<\/div><\/div>\n","protected":false},"excerpt":{"rendered":"<p>Pois prot\u00e9agineux Ces derni\u00e8res ann\u00e9es les pois prot\u00e9agineux ont gagn\u00e9 en importance en tant que source de prot\u00e9ines pour l\u2019alimentation animale ainsi que dans l\u2019assolement, en particulier pour les exploitations bio. De nouvelles vari\u00e9t\u00e9s font r\u00e9guli\u00e8rement leur apparition. Depuis quelques ann\u00e9es des vari\u00e9t\u00e9s, qui peuvent \u00eatre sem\u00e9es en automne dans des endroits doux et prot\u00e9g\u00e9s, [&hellip;]<\/p>\n","protected":false},"author":7,"featured_media":0,"parent":2512,"menu_order":236,"comment_status":"closed","ping_status":"closed","template":"","meta":{"_acf_changed":false,"footnotes":""},"class_list":["post-5830","page","type-page","status-publish","hentry"],"acf":[],"yoast_head":"<!-- This site is optimized with the Yoast SEO plugin v27.1.1 - https:\/\/yoast.com\/product\/yoast-seo-wordpress\/ -->\n<title>Pois prot\u00e9agineux - swisssem semence suisse<\/title>\n<meta name=\"robots\" content=\"index, follow, max-snippet:-1, max-image-preview:large, max-video-preview:-1\" \/>\n<link rel=\"canonical\" href=\"https:\/\/www.swisssem.ch\/fr\/cultures\/5830-2\/\" \/>\n<meta property=\"og:locale\" content=\"fr_FR\" \/>\n<meta property=\"og:type\" content=\"article\" \/>\n<meta property=\"og:title\" content=\"Pois prot\u00e9agineux - swisssem semence suisse\" \/>\n<meta property=\"og:description\" content=\"Pois prot\u00e9agineux Ces derni\u00e8res ann\u00e9es les pois prot\u00e9agineux ont gagn\u00e9 en importance en tant que source de prot\u00e9ines pour l\u2019alimentation animale ainsi que dans l\u2019assolement, en particulier pour les exploitations bio. De nouvelles vari\u00e9t\u00e9s font r\u00e9guli\u00e8rement leur apparition. Depuis quelques ann\u00e9es des vari\u00e9t\u00e9s, qui peuvent \u00eatre sem\u00e9es en automne dans des endroits doux et prot\u00e9g\u00e9s, [&hellip;]\" \/>\n<meta property=\"og:url\" content=\"https:\/\/www.swisssem.ch\/fr\/cultures\/5830-2\/\" \/>\n<meta property=\"og:site_name\" content=\"swisssem semence suisse\" \/>\n<meta property=\"article:modified_time\" content=\"2024-06-26T07:08:17+00:00\" \/>\n<meta property=\"og:image\" content=\"https:\/\/www.swisssem.ch\/wp-content\/uploads\/2020\/01\/White_pea_flower-1.jpg\" \/>\n<meta name=\"twitter:card\" content=\"summary_large_image\" \/>\n<meta name=\"twitter:label1\" content=\"Dur\u00e9e de lecture estim\u00e9e\" \/>\n\t<meta name=\"twitter:data1\" content=\"1 minute\" \/>\n<script type=\"application\/ld+json\" class=\"yoast-schema-graph\">{\"@context\":\"https:\/\/schema.org\",\"@graph\":[{\"@type\":\"WebPage\",\"@id\":\"https:\/\/www.swisssem.ch\/fr\/cultures\/5830-2\/\",\"url\":\"https:\/\/www.swisssem.ch\/fr\/cultures\/5830-2\/\",\"name\":\"Pois prot\u00e9agineux - swisssem semence suisse\",\"isPartOf\":{\"@id\":\"https:\/\/www.swisssem.ch\/de\/#website\"},\"primaryImageOfPage\":{\"@id\":\"https:\/\/www.swisssem.ch\/fr\/cultures\/5830-2\/#primaryimage\"},\"image\":{\"@id\":\"https:\/\/www.swisssem.ch\/fr\/cultures\/5830-2\/#primaryimage\"},\"thumbnailUrl\":\"https:\/\/www.swisssem.ch\/wp-content\/uploads\/2020\/01\/White_pea_flower-1.jpg\",\"datePublished\":\"2020-04-16T07:23:19+00:00\",\"dateModified\":\"2024-06-26T07:08:17+00:00\",\"breadcrumb\":{\"@id\":\"https:\/\/www.swisssem.ch\/fr\/cultures\/5830-2\/#breadcrumb\"},\"inLanguage\":\"fr-FR\",\"potentialAction\":[{\"@type\":\"ReadAction\",\"target\":[\"https:\/\/www.swisssem.ch\/fr\/cultures\/5830-2\/\"]}]},{\"@type\":\"ImageObject\",\"inLanguage\":\"fr-FR\",\"@id\":\"https:\/\/www.swisssem.ch\/fr\/cultures\/5830-2\/#primaryimage\",\"url\":\"https:\/\/www.swisssem.ch\/wp-content\/uploads\/2020\/01\/White_pea_flower-1.jpg\",\"contentUrl\":\"https:\/\/www.swisssem.ch\/wp-content\/uploads\/2020\/01\/White_pea_flower-1.jpg\"},{\"@type\":\"BreadcrumbList\",\"@id\":\"https:\/\/www.swisssem.ch\/fr\/cultures\/5830-2\/#breadcrumb\",\"itemListElement\":[{\"@type\":\"ListItem\",\"position\":1,\"name\":\"Home\",\"item\":\"https:\/\/www.swisssem.ch\/fr\/\"},{\"@type\":\"ListItem\",\"position\":2,\"name\":\"Cultures\",\"item\":\"https:\/\/www.swisssem.ch\/fr\/cultures\/\"},{\"@type\":\"ListItem\",\"position\":3,\"name\":\"Pois prot\u00e9agineux\"}]},{\"@type\":\"WebSite\",\"@id\":\"https:\/\/www.swisssem.ch\/de\/#website\",\"url\":\"https:\/\/www.swisssem.ch\/de\/\",\"name\":\"swisssem semence suisse\",\"description\":\"\",\"publisher\":{\"@id\":\"https:\/\/www.swisssem.ch\/de\/#organization\"},\"potentialAction\":[{\"@type\":\"SearchAction\",\"target\":{\"@type\":\"EntryPoint\",\"urlTemplate\":\"https:\/\/www.swisssem.ch\/de\/?s={search_term_string}\"},\"query-input\":{\"@type\":\"PropertyValueSpecification\",\"valueRequired\":true,\"valueName\":\"search_term_string\"}}],\"inLanguage\":\"fr-FR\"},{\"@type\":\"Organization\",\"@id\":\"https:\/\/www.swisssem.ch\/de\/#organization\",\"name\":\"swisssem saatgut schweiz\",\"url\":\"https:\/\/www.swisssem.ch\/de\/\",\"logo\":{\"@type\":\"ImageObject\",\"inLanguage\":\"fr-FR\",\"@id\":\"https:\/\/www.swisssem.ch\/de\/#\/schema\/logo\/image\/\",\"url\":\"https:\/\/www.swisssem.ch\/wp-content\/uploads\/2020\/03\/Logo_swisssem_RGB-1.jpg\",\"contentUrl\":\"https:\/\/www.swisssem.ch\/wp-content\/uploads\/2020\/03\/Logo_swisssem_RGB-1.jpg\",\"width\":1684,\"height\":430,\"caption\":\"swisssem saatgut schweiz\"},\"image\":{\"@id\":\"https:\/\/www.swisssem.ch\/de\/#\/schema\/logo\/image\/\"}}]}<\/script>\n<!-- \/ Yoast SEO plugin. -->","yoast_head_json":{"title":"Pois prot\u00e9agineux - swisssem semence suisse","robots":{"index":"index","follow":"follow","max-snippet":"max-snippet:-1","max-image-preview":"max-image-preview:large","max-video-preview":"max-video-preview:-1"},"canonical":"https:\/\/www.swisssem.ch\/fr\/cultures\/5830-2\/","og_locale":"fr_FR","og_type":"article","og_title":"Pois prot\u00e9agineux - swisssem semence suisse","og_description":"Pois prot\u00e9agineux Ces derni\u00e8res ann\u00e9es les pois prot\u00e9agineux ont gagn\u00e9 en importance en tant que source de prot\u00e9ines pour l\u2019alimentation animale ainsi que dans l\u2019assolement, en particulier pour les exploitations bio. De nouvelles vari\u00e9t\u00e9s font r\u00e9guli\u00e8rement leur apparition. Depuis quelques ann\u00e9es des vari\u00e9t\u00e9s, qui peuvent \u00eatre sem\u00e9es en automne dans des endroits doux et prot\u00e9g\u00e9s, [&hellip;]","og_url":"https:\/\/www.swisssem.ch\/fr\/cultures\/5830-2\/","og_site_name":"swisssem semence suisse","article_modified_time":"2024-06-26T07:08:17+00:00","og_image":[{"url":"https:\/\/www.swisssem.ch\/wp-content\/uploads\/2020\/01\/White_pea_flower-1.jpg","type":"","width":"","height":""}],"twitter_card":"summary_large_image","twitter_misc":{"Dur\u00e9e de lecture estim\u00e9e":"1 minute"},"schema":{"@context":"https:\/\/schema.org","@graph":[{"@type":"WebPage","@id":"https:\/\/www.swisssem.ch\/fr\/cultures\/5830-2\/","url":"https:\/\/www.swisssem.ch\/fr\/cultures\/5830-2\/","name":"Pois prot\u00e9agineux - swisssem semence suisse","isPartOf":{"@id":"https:\/\/www.swisssem.ch\/de\/#website"},"primaryImageOfPage":{"@id":"https:\/\/www.swisssem.ch\/fr\/cultures\/5830-2\/#primaryimage"},"image":{"@id":"https:\/\/www.swisssem.ch\/fr\/cultures\/5830-2\/#primaryimage"},"thumbnailUrl":"https:\/\/www.swisssem.ch\/wp-content\/uploads\/2020\/01\/White_pea_flower-1.jpg","datePublished":"2020-04-16T07:23:19+00:00","dateModified":"2024-06-26T07:08:17+00:00","breadcrumb":{"@id":"https:\/\/www.swisssem.ch\/fr\/cultures\/5830-2\/#breadcrumb"},"inLanguage":"fr-FR","potentialAction":[{"@type":"ReadAction","target":["https:\/\/www.swisssem.ch\/fr\/cultures\/5830-2\/"]}]},{"@type":"ImageObject","inLanguage":"fr-FR","@id":"https:\/\/www.swisssem.ch\/fr\/cultures\/5830-2\/#primaryimage","url":"https:\/\/www.swisssem.ch\/wp-content\/uploads\/2020\/01\/White_pea_flower-1.jpg","contentUrl":"https:\/\/www.swisssem.ch\/wp-content\/uploads\/2020\/01\/White_pea_flower-1.jpg"},{"@type":"BreadcrumbList","@id":"https:\/\/www.swisssem.ch\/fr\/cultures\/5830-2\/#breadcrumb","itemListElement":[{"@type":"ListItem","position":1,"name":"Home","item":"https:\/\/www.swisssem.ch\/fr\/"},{"@type":"ListItem","position":2,"name":"Cultures","item":"https:\/\/www.swisssem.ch\/fr\/cultures\/"},{"@type":"ListItem","position":3,"name":"Pois prot\u00e9agineux"}]},{"@type":"WebSite","@id":"https:\/\/www.swisssem.ch\/de\/#website","url":"https:\/\/www.swisssem.ch\/de\/","name":"swisssem semence suisse","description":"","publisher":{"@id":"https:\/\/www.swisssem.ch\/de\/#organization"},"potentialAction":[{"@type":"SearchAction","target":{"@type":"EntryPoint","urlTemplate":"https:\/\/www.swisssem.ch\/de\/?s={search_term_string}"},"query-input":{"@type":"PropertyValueSpecification","valueRequired":true,"valueName":"search_term_string"}}],"inLanguage":"fr-FR"},{"@type":"Organization","@id":"https:\/\/www.swisssem.ch\/de\/#organization","name":"swisssem saatgut schweiz","url":"https:\/\/www.swisssem.ch\/de\/","logo":{"@type":"ImageObject","inLanguage":"fr-FR","@id":"https:\/\/www.swisssem.ch\/de\/#\/schema\/logo\/image\/","url":"https:\/\/www.swisssem.ch\/wp-content\/uploads\/2020\/03\/Logo_swisssem_RGB-1.jpg","contentUrl":"https:\/\/www.swisssem.ch\/wp-content\/uploads\/2020\/03\/Logo_swisssem_RGB-1.jpg","width":1684,"height":430,"caption":"swisssem saatgut schweiz"},"image":{"@id":"https:\/\/www.swisssem.ch\/de\/#\/schema\/logo\/image\/"}}]}},"_links":{"self":[{"href":"https:\/\/www.swisssem.ch\/fr\/wp-json\/wp\/v2\/pages\/5830","targetHints":{"allow":["GET"]}}],"collection":[{"href":"https:\/\/www.swisssem.ch\/fr\/wp-json\/wp\/v2\/pages"}],"about":[{"href":"https:\/\/www.swisssem.ch\/fr\/wp-json\/wp\/v2\/types\/page"}],"author":[{"embeddable":true,"href":"https:\/\/www.swisssem.ch\/fr\/wp-json\/wp\/v2\/users\/7"}],"replies":[{"embeddable":true,"href":"https:\/\/www.swisssem.ch\/fr\/wp-json\/wp\/v2\/comments?post=5830"}],"version-history":[{"count":26,"href":"https:\/\/www.swisssem.ch\/fr\/wp-json\/wp\/v2\/pages\/5830\/revisions"}],"predecessor-version":[{"id":11701,"href":"https:\/\/www.swisssem.ch\/fr\/wp-json\/wp\/v2\/pages\/5830\/revisions\/11701"}],"up":[{"embeddable":true,"href":"https:\/\/www.swisssem.ch\/fr\/wp-json\/wp\/v2\/pages\/2512"}],"wp:attachment":[{"href":"https:\/\/www.swisssem.ch\/fr\/wp-json\/wp\/v2\/media?parent=5830"}],"curies":[{"name":"wp","href":"https:\/\/api.w.org\/{rel}","templated":true}]}}