{"id":5372,"date":"2020-04-08T10:47:41","date_gmt":"2020-04-08T08:47:41","guid":{"rendered":"https:\/\/www.swisssem.ch\/?page_id=5372"},"modified":"2020-04-28T09:51:26","modified_gmt":"2020-04-28T07:51:26","slug":"nouvelle-membre-dhonneur","status":"publish","type":"page","link":"https:\/\/www.swisssem.ch\/fr\/espace-membres\/archiv_newsletter\/newsletter-fevrier-2020\/nouvelle-membre-dhonneur\/","title":{"rendered":"Nouvelle membre d&rsquo;honneur 2020"},"content":{"rendered":"\n<h2 class=\"wp-block-heading\">Nouvelle membre d&rsquo;honneur<\/h2>\n\n\n\n<div class=\"wp-block-columns is-layout-flex wp-container-core-columns-is-layout-9d6595d7 wp-block-columns-is-layout-flex\">\n<div class=\"wp-block-column is-layout-flow wp-block-column-is-layout-flow\" style=\"flex-basis:33.33%\">\n<figure class=\"wp-block-image size-large\"><img loading=\"lazy\" decoding=\"async\" width=\"186\" height=\"247\" src=\"https:\/\/www.swisssem.ch\/wp-content\/uploads\/2020\/03\/Evelyne-Thomet.jpg\" alt=\"\" class=\"wp-image-4918\"\/><\/figure>\n<\/div>\n\n\n\n<div class=\"wp-block-column is-layout-flow wp-block-column-is-layout-flow\" style=\"flex-basis:66.66%\">\n<p>Evelyne Thomet, pr\u00e9sidente de la direction de DSP SA depuis octobre 2011, a \u00e9t\u00e9 nomm\u00e9e membre d\u2019honneur en remerciement pour son travail en faveur de la branche semenci\u00e8re. Mme Thomet est entr\u00e9e en fonction chez DSP SA en f\u00e9vrier 2001 pour&nbsp;le poste d&rsquo;assistante \u00ab\u00a0Semence Z Suisse\u00a0\u00bb. Puis \u00e0 fin 2002, elle a succ\u00e9d\u00e9 \u00e0 Christian Beglinger \u00e0 la t\u00eate du secteur \u00ab\u00a0semences fourrag\u00e8res\u00a0\u00bb et en m\u00eame temps,&nbsp;Evelyne est devenue membre de la Direction de DSP. Elle est \u00e9galement pr\u00e9sidente de&nbsp;Swiss-Seed depuis 2013.<\/p>\n\n\n\n<p>Evelyne sait&nbsp;\u00e9couter, comprendre, temp\u00e9rer, argumenter, lutter et se battre pour atteindre ses objectifs, ceux de l\u2019entreprise et de ses collaborateurs, sans oublier de <strong>r<\/strong>enforcer la position des femmes.<\/p>\n\n\n\n<p>Tout au long de sa carri\u00e8re, Evelyne Thomet s&rsquo;est fortement engag\u00e9e en faveur de la s\u00e9lection et de la production indig\u00e8ne de semences. Nous lui devons beaucoup.<\/p>\n\n\n\n<p>Mme Thomet prendra une retraite bien m\u00e9rit\u00e9e \u00e0 fin mars 2020. Christian Ochsenbein, actuel membre de la direction et responsable du secteur fourrager, lui succ\u00e9dera.<\/p>\n<\/div>\n<\/div>\n\n\n\n<p><\/p>\n","protected":false},"excerpt":{"rendered":"<p>Nouvelle membre d&rsquo;honneur Evelyne Thomet, pr\u00e9sidente de la direction de DSP SA depuis octobre 2011, a \u00e9t\u00e9 nomm\u00e9e membre d\u2019honneur en remerciement pour son travail en faveur de la branche semenci\u00e8re. Mme Thomet est entr\u00e9e en fonction chez DSP SA en f\u00e9vrier 2001 pour&nbsp;le poste d&rsquo;assistante \u00ab\u00a0Semence Z Suisse\u00a0\u00bb. Puis \u00e0 fin 2002, elle a [&hellip;]<\/p>\n","protected":false},"author":6,"featured_media":0,"parent":5342,"menu_order":133,"comment_status":"closed","ping_status":"closed","template":"","meta":{"_acf_changed":false,"footnotes":""},"class_list":["post-5372","page","type-page","status-publish","hentry"],"acf":[],"yoast_head":"<!-- This site is optimized with the Yoast SEO plugin v27.1.1 - https:\/\/yoast.com\/product\/yoast-seo-wordpress\/ -->\n<title>Nouvelle membre d&#039;honneur 2020 - swisssem semence suisse<\/title>\n<meta name=\"robots\" content=\"index, follow, max-snippet:-1, max-image-preview:large, max-video-preview:-1\" \/>\n<link rel=\"canonical\" href=\"https:\/\/www.swisssem.ch\/fr\/espace-membres\/archiv_newsletter\/newsletter-fevrier-2020\/nouvelle-membre-dhonneur\/\" \/>\n<meta property=\"og:locale\" content=\"fr_FR\" \/>\n<meta property=\"og:type\" content=\"article\" \/>\n<meta property=\"og:title\" content=\"Nouvelle membre d&#039;honneur 2020 - swisssem semence suisse\" \/>\n<meta property=\"og:description\" content=\"Nouvelle membre d&rsquo;honneur Evelyne Thomet, pr\u00e9sidente de la direction de DSP SA depuis octobre 2011, a \u00e9t\u00e9 nomm\u00e9e membre d\u2019honneur en remerciement pour son travail en faveur de la branche semenci\u00e8re. Mme Thomet est entr\u00e9e en fonction chez DSP SA en f\u00e9vrier 2001 pour&nbsp;le poste d&rsquo;assistante \u00ab\u00a0Semence Z Suisse\u00a0\u00bb. Puis \u00e0 fin 2002, elle a [&hellip;]\" \/>\n<meta property=\"og:url\" content=\"https:\/\/www.swisssem.ch\/fr\/espace-membres\/archiv_newsletter\/newsletter-fevrier-2020\/nouvelle-membre-dhonneur\/\" \/>\n<meta property=\"og:site_name\" content=\"swisssem semence suisse\" \/>\n<meta property=\"article:modified_time\" content=\"2020-04-28T07:51:26+00:00\" \/>\n<meta property=\"og:image\" content=\"https:\/\/www.swisssem.ch\/wp-content\/uploads\/2020\/03\/Evelyne-Thomet.jpg\" \/>\n<meta name=\"twitter:card\" content=\"summary_large_image\" \/>\n<meta name=\"twitter:label1\" content=\"Dur\u00e9e de lecture estim\u00e9e\" \/>\n\t<meta name=\"twitter:data1\" content=\"1 minute\" \/>\n<script type=\"application\/ld+json\" class=\"yoast-schema-graph\">{\"@context\":\"https:\/\/schema.org\",\"@graph\":[{\"@type\":\"WebPage\",\"@id\":\"https:\/\/www.swisssem.ch\/fr\/espace-membres\/archiv_newsletter\/newsletter-fevrier-2020\/nouvelle-membre-dhonneur\/\",\"url\":\"https:\/\/www.swisssem.ch\/fr\/espace-membres\/archiv_newsletter\/newsletter-fevrier-2020\/nouvelle-membre-dhonneur\/\",\"name\":\"Nouvelle membre d'honneur 2020 - swisssem semence suisse\",\"isPartOf\":{\"@id\":\"https:\/\/www.swisssem.ch\/de\/#website\"},\"primaryImageOfPage\":{\"@id\":\"https:\/\/www.swisssem.ch\/fr\/espace-membres\/archiv_newsletter\/newsletter-fevrier-2020\/nouvelle-membre-dhonneur\/#primaryimage\"},\"image\":{\"@id\":\"https:\/\/www.swisssem.ch\/fr\/espace-membres\/archiv_newsletter\/newsletter-fevrier-2020\/nouvelle-membre-dhonneur\/#primaryimage\"},\"thumbnailUrl\":\"https:\/\/www.swisssem.ch\/wp-content\/uploads\/2020\/03\/Evelyne-Thomet.jpg\",\"datePublished\":\"2020-04-08T08:47:41+00:00\",\"dateModified\":\"2020-04-28T07:51:26+00:00\",\"breadcrumb\":{\"@id\":\"https:\/\/www.swisssem.ch\/fr\/espace-membres\/archiv_newsletter\/newsletter-fevrier-2020\/nouvelle-membre-dhonneur\/#breadcrumb\"},\"inLanguage\":\"fr-FR\",\"potentialAction\":[{\"@type\":\"ReadAction\",\"target\":[\"https:\/\/www.swisssem.ch\/fr\/espace-membres\/archiv_newsletter\/newsletter-fevrier-2020\/nouvelle-membre-dhonneur\/\"]}]},{\"@type\":\"ImageObject\",\"inLanguage\":\"fr-FR\",\"@id\":\"https:\/\/www.swisssem.ch\/fr\/espace-membres\/archiv_newsletter\/newsletter-fevrier-2020\/nouvelle-membre-dhonneur\/#primaryimage\",\"url\":\"https:\/\/www.swisssem.ch\/wp-content\/uploads\/2020\/03\/Evelyne-Thomet.jpg\",\"contentUrl\":\"https:\/\/www.swisssem.ch\/wp-content\/uploads\/2020\/03\/Evelyne-Thomet.jpg\"},{\"@type\":\"BreadcrumbList\",\"@id\":\"https:\/\/www.swisssem.ch\/fr\/espace-membres\/archiv_newsletter\/newsletter-fevrier-2020\/nouvelle-membre-dhonneur\/#breadcrumb\",\"itemListElement\":[{\"@type\":\"ListItem\",\"position\":1,\"name\":\"Home\",\"item\":\"https:\/\/www.swisssem.ch\/fr\/\"},{\"@type\":\"ListItem\",\"position\":2,\"name\":\"Espace membres\",\"item\":\"https:\/\/www.swisssem.ch\/fr\/espace-membres\/\"},{\"@type\":\"ListItem\",\"position\":3,\"name\":\"Newsletters\",\"item\":\"https:\/\/www.swisssem.ch\/fr\/espace-membres\/archiv_newsletter\/\"},{\"@type\":\"ListItem\",\"position\":4,\"name\":\"Newsletter f\u00e9vrier 2020\",\"item\":\"https:\/\/www.swisssem.ch\/fr\/espace-membres\/archiv_newsletter\/newsletter-fevrier-2020\/\"},{\"@type\":\"ListItem\",\"position\":5,\"name\":\"Nouvelle membre d&rsquo;honneur 2020\"}]},{\"@type\":\"WebSite\",\"@id\":\"https:\/\/www.swisssem.ch\/de\/#website\",\"url\":\"https:\/\/www.swisssem.ch\/de\/\",\"name\":\"swisssem semence suisse\",\"description\":\"\",\"publisher\":{\"@id\":\"https:\/\/www.swisssem.ch\/de\/#organization\"},\"potentialAction\":[{\"@type\":\"SearchAction\",\"target\":{\"@type\":\"EntryPoint\",\"urlTemplate\":\"https:\/\/www.swisssem.ch\/de\/?s={search_term_string}\"},\"query-input\":{\"@type\":\"PropertyValueSpecification\",\"valueRequired\":true,\"valueName\":\"search_term_string\"}}],\"inLanguage\":\"fr-FR\"},{\"@type\":\"Organization\",\"@id\":\"https:\/\/www.swisssem.ch\/de\/#organization\",\"name\":\"swisssem saatgut schweiz\",\"url\":\"https:\/\/www.swisssem.ch\/de\/\",\"logo\":{\"@type\":\"ImageObject\",\"inLanguage\":\"fr-FR\",\"@id\":\"https:\/\/www.swisssem.ch\/de\/#\/schema\/logo\/image\/\",\"url\":\"https:\/\/www.swisssem.ch\/wp-content\/uploads\/2020\/03\/Logo_swisssem_RGB-1.jpg\",\"contentUrl\":\"https:\/\/www.swisssem.ch\/wp-content\/uploads\/2020\/03\/Logo_swisssem_RGB-1.jpg\",\"width\":1684,\"height\":430,\"caption\":\"swisssem saatgut schweiz\"},\"image\":{\"@id\":\"https:\/\/www.swisssem.ch\/de\/#\/schema\/logo\/image\/\"}}]}<\/script>\n<!-- \/ Yoast SEO plugin. -->","yoast_head_json":{"title":"Nouvelle membre d'honneur 2020 - swisssem semence suisse","robots":{"index":"index","follow":"follow","max-snippet":"max-snippet:-1","max-image-preview":"max-image-preview:large","max-video-preview":"max-video-preview:-1"},"canonical":"https:\/\/www.swisssem.ch\/fr\/espace-membres\/archiv_newsletter\/newsletter-fevrier-2020\/nouvelle-membre-dhonneur\/","og_locale":"fr_FR","og_type":"article","og_title":"Nouvelle membre d'honneur 2020 - swisssem semence suisse","og_description":"Nouvelle membre d&rsquo;honneur Evelyne Thomet, pr\u00e9sidente de la direction de DSP SA depuis octobre 2011, a \u00e9t\u00e9 nomm\u00e9e membre d\u2019honneur en remerciement pour son travail en faveur de la branche semenci\u00e8re. Mme Thomet est entr\u00e9e en fonction chez DSP SA en f\u00e9vrier 2001 pour&nbsp;le poste d&rsquo;assistante \u00ab\u00a0Semence Z Suisse\u00a0\u00bb. Puis \u00e0 fin 2002, elle a [&hellip;]","og_url":"https:\/\/www.swisssem.ch\/fr\/espace-membres\/archiv_newsletter\/newsletter-fevrier-2020\/nouvelle-membre-dhonneur\/","og_site_name":"swisssem semence suisse","article_modified_time":"2020-04-28T07:51:26+00:00","og_image":[{"url":"https:\/\/www.swisssem.ch\/wp-content\/uploads\/2020\/03\/Evelyne-Thomet.jpg","type":"","width":"","height":""}],"twitter_card":"summary_large_image","twitter_misc":{"Dur\u00e9e de lecture estim\u00e9e":"1 minute"},"schema":{"@context":"https:\/\/schema.org","@graph":[{"@type":"WebPage","@id":"https:\/\/www.swisssem.ch\/fr\/espace-membres\/archiv_newsletter\/newsletter-fevrier-2020\/nouvelle-membre-dhonneur\/","url":"https:\/\/www.swisssem.ch\/fr\/espace-membres\/archiv_newsletter\/newsletter-fevrier-2020\/nouvelle-membre-dhonneur\/","name":"Nouvelle membre d'honneur 2020 - swisssem semence suisse","isPartOf":{"@id":"https:\/\/www.swisssem.ch\/de\/#website"},"primaryImageOfPage":{"@id":"https:\/\/www.swisssem.ch\/fr\/espace-membres\/archiv_newsletter\/newsletter-fevrier-2020\/nouvelle-membre-dhonneur\/#primaryimage"},"image":{"@id":"https:\/\/www.swisssem.ch\/fr\/espace-membres\/archiv_newsletter\/newsletter-fevrier-2020\/nouvelle-membre-dhonneur\/#primaryimage"},"thumbnailUrl":"https:\/\/www.swisssem.ch\/wp-content\/uploads\/2020\/03\/Evelyne-Thomet.jpg","datePublished":"2020-04-08T08:47:41+00:00","dateModified":"2020-04-28T07:51:26+00:00","breadcrumb":{"@id":"https:\/\/www.swisssem.ch\/fr\/espace-membres\/archiv_newsletter\/newsletter-fevrier-2020\/nouvelle-membre-dhonneur\/#breadcrumb"},"inLanguage":"fr-FR","potentialAction":[{"@type":"ReadAction","target":["https:\/\/www.swisssem.ch\/fr\/espace-membres\/archiv_newsletter\/newsletter-fevrier-2020\/nouvelle-membre-dhonneur\/"]}]},{"@type":"ImageObject","inLanguage":"fr-FR","@id":"https:\/\/www.swisssem.ch\/fr\/espace-membres\/archiv_newsletter\/newsletter-fevrier-2020\/nouvelle-membre-dhonneur\/#primaryimage","url":"https:\/\/www.swisssem.ch\/wp-content\/uploads\/2020\/03\/Evelyne-Thomet.jpg","contentUrl":"https:\/\/www.swisssem.ch\/wp-content\/uploads\/2020\/03\/Evelyne-Thomet.jpg"},{"@type":"BreadcrumbList","@id":"https:\/\/www.swisssem.ch\/fr\/espace-membres\/archiv_newsletter\/newsletter-fevrier-2020\/nouvelle-membre-dhonneur\/#breadcrumb","itemListElement":[{"@type":"ListItem","position":1,"name":"Home","item":"https:\/\/www.swisssem.ch\/fr\/"},{"@type":"ListItem","position":2,"name":"Espace membres","item":"https:\/\/www.swisssem.ch\/fr\/espace-membres\/"},{"@type":"ListItem","position":3,"name":"Newsletters","item":"https:\/\/www.swisssem.ch\/fr\/espace-membres\/archiv_newsletter\/"},{"@type":"ListItem","position":4,"name":"Newsletter f\u00e9vrier 2020","item":"https:\/\/www.swisssem.ch\/fr\/espace-membres\/archiv_newsletter\/newsletter-fevrier-2020\/"},{"@type":"ListItem","position":5,"name":"Nouvelle membre d&rsquo;honneur 2020"}]},{"@type":"WebSite","@id":"https:\/\/www.swisssem.ch\/de\/#website","url":"https:\/\/www.swisssem.ch\/de\/","name":"swisssem semence suisse","description":"","publisher":{"@id":"https:\/\/www.swisssem.ch\/de\/#organization"},"potentialAction":[{"@type":"SearchAction","target":{"@type":"EntryPoint","urlTemplate":"https:\/\/www.swisssem.ch\/de\/?s={search_term_string}"},"query-input":{"@type":"PropertyValueSpecification","valueRequired":true,"valueName":"search_term_string"}}],"inLanguage":"fr-FR"},{"@type":"Organization","@id":"https:\/\/www.swisssem.ch\/de\/#organization","name":"swisssem saatgut schweiz","url":"https:\/\/www.swisssem.ch\/de\/","logo":{"@type":"ImageObject","inLanguage":"fr-FR","@id":"https:\/\/www.swisssem.ch\/de\/#\/schema\/logo\/image\/","url":"https:\/\/www.swisssem.ch\/wp-content\/uploads\/2020\/03\/Logo_swisssem_RGB-1.jpg","contentUrl":"https:\/\/www.swisssem.ch\/wp-content\/uploads\/2020\/03\/Logo_swisssem_RGB-1.jpg","width":1684,"height":430,"caption":"swisssem saatgut schweiz"},"image":{"@id":"https:\/\/www.swisssem.ch\/de\/#\/schema\/logo\/image\/"}}]}},"_links":{"self":[{"href":"https:\/\/www.swisssem.ch\/fr\/wp-json\/wp\/v2\/pages\/5372","targetHints":{"allow":["GET"]}}],"collection":[{"href":"https:\/\/www.swisssem.ch\/fr\/wp-json\/wp\/v2\/pages"}],"about":[{"href":"https:\/\/www.swisssem.ch\/fr\/wp-json\/wp\/v2\/types\/page"}],"author":[{"embeddable":true,"href":"https:\/\/www.swisssem.ch\/fr\/wp-json\/wp\/v2\/users\/6"}],"replies":[{"embeddable":true,"href":"https:\/\/www.swisssem.ch\/fr\/wp-json\/wp\/v2\/comments?post=5372"}],"version-history":[{"count":3,"href":"https:\/\/www.swisssem.ch\/fr\/wp-json\/wp\/v2\/pages\/5372\/revisions"}],"predecessor-version":[{"id":6122,"href":"https:\/\/www.swisssem.ch\/fr\/wp-json\/wp\/v2\/pages\/5372\/revisions\/6122"}],"up":[{"embeddable":true,"href":"https:\/\/www.swisssem.ch\/fr\/wp-json\/wp\/v2\/pages\/5342"}],"wp:attachment":[{"href":"https:\/\/www.swisssem.ch\/fr\/wp-json\/wp\/v2\/media?parent=5372"}],"curies":[{"name":"wp","href":"https:\/\/api.w.org\/{rel}","templated":true}]}}