{"id":4476,"date":"2020-03-17T11:37:50","date_gmt":"2020-03-17T10:37:50","guid":{"rendered":"https:\/\/www.swisssem.ch\/?page_id=4476"},"modified":"2023-07-26T16:42:20","modified_gmt":"2023-07-26T14:42:20","slug":"seigle-dautomne","status":"publish","type":"page","link":"https:\/\/www.swisssem.ch\/fr\/cultures\/cereales\/seigle-dautomne\/","title":{"rendered":"Seigle d&rsquo;automne"},"content":{"rendered":"\n<div class=\"wp-block-group\"><div class=\"wp-block-group__inner-container is-layout-flow wp-block-group-is-layout-flow\">\n<h2 class=\"wp-block-heading\">Seigle d&rsquo;automne<\/h2>\n<\/div><\/div>\n\n\n\n<div class=\"wp-block-columns is-layout-flex wp-container-core-columns-is-layout-9d6595d7 wp-block-columns-is-layout-flex\">\n<div class=\"wp-block-column is-layout-flow wp-block-column-is-layout-flow\" style=\"flex-basis:63.1%\">\n\n<!-- linklist component -->\n<div id=\"\" class=\"table-block not-preview custom-table-style table-index \">\n\t<div id=\"supsystic-table-28_52975\" class=\"supsystic-tables-wrap \" style=\" width:100%%; visibility: hidden; \" data-table-width-fixed=\"100%%\" data-table-width-mobile=\"100%%\" ><table id=\"supsystic-table-28\" class=\"supsystic-table compact paragraphMode ColWithMergeCellsAlign border lightboxImg cell-border\" data-id=\"28\" data-view-id=\"28_52975\" data-title=\"Seigle d&amp;#039;automne\" data-currency-format=\"$1,000.00\" data-percent-format=\"10.00%\" data-date-format=\"DD.MM.YYYY\" data-time-format=\"HH:mm\" data-features=\"[&quot;after_table_loaded_script&quot;]\" data-search-value=\"\" data-lightbox-img=\"\" data-head=\"on\" data-head-rows-count=\"1\" data-pagination-length=\"50,100,All\" data-auto-index=\"off\" data-searching-settings=\"{&quot;columnSearch&quot;:&quot;on&quot;,&quot;columnSearchPosition&quot;:&quot;bottom&quot;,&quot;minChars&quot;:&quot;0&quot;}\" data-lang=\"German\" data-override=\"{&quot;emptyTable&quot;:&quot;&quot;,&quot;info&quot;:&quot;&quot;,&quot;infoEmpty&quot;:&quot;&quot;,&quot;infoFiltered&quot;:&quot;&quot;,&quot;lengthMenu&quot;:&quot;&quot;,&quot;search&quot;:&quot;&quot;,&quot;previous&quot;:&quot;&quot;,&quot;next&quot;:&quot;&quot;,&quot;zeroRecords&quot;:&quot;&quot;,&quot;exportLabel&quot;:&quot;&quot;,&quot;file&quot;:&quot;German&quot;}\" data-merged=\"[{&quot;row&quot;:1,&quot;col&quot;:0,&quot;rowspan&quot;:1,&quot;colspan&quot;:2,&quot;removed&quot;:false},{&quot;row&quot;:0,&quot;col&quot;:0,&quot;rowspan&quot;:1,&quot;colspan&quot;:3,&quot;removed&quot;:false},{&quot;row&quot;:11,&quot;col&quot;:0,&quot;rowspan&quot;:1,&quot;colspan&quot;:2,&quot;removed&quot;:false},{&quot;row&quot;:8,&quot;col&quot;:0,&quot;rowspan&quot;:3,&quot;colspan&quot;:2,&quot;removed&quot;:false},{&quot;row&quot;:2,&quot;col&quot;:0,&quot;rowspan&quot;:6,&quot;colspan&quot;:2,&quot;removed&quot;:false}]\" data-responsive-mode=\"2\" data-from-history=\"0\" ><thead><tr><th data-cell-id=\"A1\" data-x=\"0\" data-y=\"1\" data-db-index=\"1\" class=\"fsize-18 bold\" data-cell-type=\"text\" data-original-value=\"Vari\u00e9t\u00e9\" data-order=\"Vari\u00e9t\u00e9\" style=\"min-width:auto; width:auto;\" data-colspan=\"3\" data-rowspan=\"1\" >Vari\u00e9t\u00e9 <\/th><th data-cell-id=\"B1\" data-x=\"1\" data-y=\"1\" data-db-index=\"1\" class=\"fsize-18 bold\" data-cell-type=\"text\" data-original-value=\"\" data-order=\"\" style=\"min-width:auto; width:auto;\" data-hide=\"true\" ><\/th><th data-cell-id=\"C1\" data-x=\"2\" data-y=\"1\" data-db-index=\"1\" class=\"\" data-cell-type=\"text\" data-original-value=\"\" data-order=\"\" style=\"min-width:auto; width:auto;\" data-hide=\"true\" ><\/th><th data-cell-id=\"D1\" data-x=\"3\" data-y=\"1\" data-db-index=\"1\" class=\"htCenter fsize-16\" data-cell-type=\"text\" data-original-value=\"&lt;a href=&quot;https:\/\/www.dsp-delley.ch\/_includes\/db_bilder_und_pdf\/pdf\/686ce10974747KWS_Serafino.pdf&quot;&gt;KWS Serafino (Hybrid)\" data-order=\"&lt;a href=&quot;https:\/\/www.dsp-delley.ch\/_includes\/db_bilder_und_pdf\/pdf\/686ce10974747KWS_Serafino.pdf&quot;&gt;KWS Serafino (Hybrid)\" style=\"min-width:auto; width:auto;\" ><a href=\"https:\/\/www.dsp-delley.ch\/_includes\/db_bilder_und_pdf\/pdf\/686ce10974747KWS_Serafino.pdf\">KWS Serafino (Hybrid) <\/th><\/tr><\/thead><tbody><tr style=\"height:px\" ><td data-cell-id=\"A2\" data-x=\"0\" data-y=\"2\" data-db-index=\"2\" class=\"fsize-18 bold\" data-cell-type=\"text\" data-original-value=\"Rendement\" data-order=\"Rendement\" data-colspan=\"2\" data-rowspan=\"1\" >Rendement <\/td><td data-cell-id=\"B2\" data-x=\"1\" data-y=\"2\" data-db-index=\"2\" class=\"fsize-18 bold\" data-cell-type=\"text\" data-original-value=\"\" data-order=\"\" data-hide=\"true\" ><\/td><td data-cell-id=\"C2\" data-x=\"2\" data-y=\"2\" data-db-index=\"2\" class=\"fsize-12 bold\" data-cell-type=\"text\" data-original-value=\"Extenso &lt;sup&gt;2)\" data-order=\"Extenso &lt;sup&gt;2)\" >Extenso <sup>2) <\/td><td data-cell-id=\"D2\" data-x=\"3\" data-y=\"2\" data-db-index=\"2\" class=\"fsize-12 htCenter htMiddle\" data-cell-type=\"text\" data-original-value=\"+++\" data-order=\"+++\" >+++ <\/td><\/tr><tr style=\"height:px\" ><td data-cell-id=\"A3\" data-x=\"0\" data-y=\"3\" data-db-index=\"3\" class=\"fsize-18 bold\" data-cell-type=\"text\" data-original-value=\"\" data-order=\"\" data-colspan=\"2\" data-rowspan=\"6\" ><\/td><td data-cell-id=\"B3\" data-x=\"1\" data-y=\"3\" data-db-index=\"3\" class=\"fsize-18 bold\" data-cell-type=\"text\" data-original-value=\"\" data-order=\"\" data-hide=\"true\" ><\/td><td data-cell-id=\"C3\" data-x=\"2\" data-y=\"3\" data-db-index=\"3\" class=\"bold htMiddle fsize-12\" data-cell-type=\"text\" data-original-value=\"Pr\u00e9cocit\u00e9 \u00e0 l&#039;\u00e9piaison\" data-order=\"Pr\u00e9cocit\u00e9 \u00e0 l&#039;\u00e9piaison\" >Pr\u00e9cocit\u00e9 \u00e0 l&rsquo;\u00e9piaison <\/td><td data-cell-id=\"D3\" data-x=\"3\" data-y=\"3\" data-db-index=\"3\" class=\"fsize-12 htCenter htMiddle\" data-cell-type=\"text\" data-original-value=\"mi-pr\u00e9coce\" data-order=\"mi-pr\u00e9coce\" >mi-pr\u00e9coce <\/td><\/tr><tr style=\"height:px\" ><td data-cell-id=\"A4\" data-x=\"0\" data-y=\"4\" data-db-index=\"4\" class=\"fsize-18 bold\" data-cell-type=\"text\" data-original-value=\"\" data-order=\"\" data-hide=\"true\" ><\/td><td data-cell-id=\"B4\" data-x=\"1\" data-y=\"4\" data-db-index=\"4\" class=\"fsize-18 bold\" data-cell-type=\"text\" data-original-value=\"\" data-order=\"\" data-hide=\"true\" ><\/td><td data-cell-id=\"C4\" data-x=\"2\" data-y=\"4\" data-db-index=\"4\" class=\"fsize-12 bold htMiddle\" data-cell-type=\"text\" data-original-value=\"Hauteur de plantes\" data-order=\"Hauteur de plantes\" >Hauteur de plantes <\/td><td data-cell-id=\"D4\" data-x=\"3\" data-y=\"4\" data-db-index=\"4\" class=\"fsize-12 htCenter htMiddle\" data-cell-type=\"text\" data-original-value=\"moyenne-courte\" data-order=\"moyenne-courte\" >moyenne-courte <\/td><\/tr><tr style=\"height:px\" ><td data-cell-id=\"A5\" data-x=\"0\" data-y=\"5\" data-db-index=\"5\" class=\"\" data-cell-type=\"text\" data-original-value=\"\" data-order=\"\" data-hide=\"true\" ><\/td><td data-cell-id=\"B5\" data-x=\"1\" data-y=\"5\" data-db-index=\"5\" class=\"\" data-cell-type=\"text\" data-original-value=\"\" data-order=\"\" data-hide=\"true\" ><\/td><td data-cell-id=\"C5\" data-x=\"2\" data-y=\"5\" data-db-index=\"5\" class=\"bold fsize-12\" data-cell-type=\"text\" data-original-value=\"Poids \u00e0 l&#039;h\u00e9ctolitre\" data-order=\"Poids \u00e0 l&#039;h\u00e9ctolitre\" >Poids \u00e0 l&rsquo;h\u00e9ctolitre <\/td><td data-cell-id=\"D5\" data-x=\"3\" data-y=\"5\" data-db-index=\"5\" class=\"htMiddle htCenter\" data-cell-type=\"text\" data-original-value=\"+++\" data-order=\"+++\" >+++ <\/td><\/tr><tr style=\"height:px\" ><td data-cell-id=\"A6\" data-x=\"0\" data-y=\"6\" data-db-index=\"6\" class=\"fsize-18 bold\" data-cell-type=\"text\" data-original-value=\"\" data-order=\"\" data-hide=\"true\" ><\/td><td data-cell-id=\"B6\" data-x=\"1\" data-y=\"6\" data-db-index=\"6\" class=\"fsize-18 bold\" data-cell-type=\"text\" data-original-value=\"\" data-order=\"\" data-hide=\"true\" ><\/td><td data-cell-id=\"C6\" data-x=\"2\" data-y=\"6\" data-db-index=\"6\" class=\"fsize-12 bold htMiddle\" data-cell-type=\"text\" data-original-value=\"R\u00e9sistance \u00e0 la verse\" data-order=\"R\u00e9sistance \u00e0 la verse\" >R\u00e9sistance \u00e0 la verse <\/td><td data-cell-id=\"D6\" data-x=\"3\" data-y=\"6\" data-db-index=\"6\" class=\"fsize-12 htCenter htMiddle\" data-cell-type=\"text\" data-original-value=\"++\" data-order=\"++\" >++ <\/td><\/tr><tr style=\"height:px\" ><td data-cell-id=\"A7\" data-x=\"0\" data-y=\"7\" data-db-index=\"7\" class=\"fsize-18 bold\" data-cell-type=\"text\" data-original-value=\"\" data-order=\"\" data-hide=\"true\" ><\/td><td data-cell-id=\"B7\" data-x=\"1\" data-y=\"7\" data-db-index=\"7\" class=\"fsize-18 bold\" data-cell-type=\"text\" data-original-value=\"\" data-order=\"\" data-hide=\"true\" ><\/td><td data-cell-id=\"C7\" data-x=\"2\" data-y=\"7\" data-db-index=\"7\" class=\"fsize-12 bold htMiddle\" data-cell-type=\"text\" data-original-value=\"Teneur en prot\u00e9ines\" data-order=\"Teneur en prot\u00e9ines\" >Teneur en prot\u00e9ines <\/td><td data-cell-id=\"D7\" data-x=\"3\" data-y=\"7\" data-db-index=\"7\" class=\"fsize-12 htCenter htMiddle\" data-cell-type=\"text\" data-original-value=\"+\" data-order=\"+\" >+ <\/td><\/tr><tr style=\"height:px\" ><td data-cell-id=\"A8\" data-x=\"0\" data-y=\"8\" data-db-index=\"8\" class=\"\" data-cell-type=\"text\" data-original-value=\"\" data-order=\"\" data-hide=\"true\" ><\/td><td data-cell-id=\"B8\" data-x=\"1\" data-y=\"8\" data-db-index=\"8\" class=\"\" data-cell-type=\"text\" data-original-value=\"\" data-order=\"\" data-hide=\"true\" ><\/td><td data-cell-id=\"C8\" data-x=\"2\" data-y=\"8\" data-db-index=\"8\" class=\"bold fsize-12\" data-cell-type=\"text\" data-original-value=\"Densit\u00e9 de semis recom\u00admand\u00e9e kg\/a\" data-order=\"Densit\u00e9 de semis recom\u00admand\u00e9e kg\/a\" >Densit\u00e9 de semis recom\u00admand\u00e9e kg\/a <\/td><td data-cell-id=\"D8\" data-x=\"3\" data-y=\"8\" data-db-index=\"8\" class=\"fsize-12 htCenter htMiddle\" data-cell-type=\"text\" data-original-value=\"1.0 - 1.3\" data-order=\"1.0 - 1.3\" >1.0 &#8211; 1.3 <\/td><\/tr><tr style=\"height:px\" ><td data-cell-id=\"A9\" data-x=\"0\" data-y=\"9\" data-db-index=\"9\" class=\"fsize-18 bold\" data-cell-type=\"text\" data-original-value=\"R\u00e9sistances aux maladies\" data-order=\"R\u00e9sistances aux maladies\" data-colspan=\"2\" data-rowspan=\"3\" >R\u00e9sistances aux maladies <\/td><td data-cell-id=\"B9\" data-x=\"1\" data-y=\"9\" data-db-index=\"9\" class=\"fsize-18 bold\" data-cell-type=\"text\" data-original-value=\"\" data-order=\"\" data-hide=\"true\" ><\/td><td data-cell-id=\"C9\" data-x=\"2\" data-y=\"9\" data-db-index=\"9\" class=\"bold fsize-12\" data-cell-type=\"text\" data-original-value=\"Mildiou\" data-order=\"Mildiou\" >Mildiou <\/td><td data-cell-id=\"D9\" data-x=\"3\" data-y=\"9\" data-db-index=\"9\" class=\"fsize-12 htCenter htMiddle\" data-cell-type=\"text\" data-original-value=\"+\" data-order=\"+\" >+ <\/td><\/tr><tr style=\"height:px\" ><td data-cell-id=\"A10\" data-x=\"0\" data-y=\"10\" data-db-index=\"10\" class=\"fsize-18 bold\" data-cell-type=\"text\" data-original-value=\"\" data-order=\"\" data-hide=\"true\" ><\/td><td data-cell-id=\"B10\" data-x=\"1\" data-y=\"10\" data-db-index=\"10\" class=\"fsize-18 bold\" data-cell-type=\"text\" data-original-value=\"\" data-order=\"\" data-hide=\"true\" ><\/td><td data-cell-id=\"C10\" data-x=\"2\" data-y=\"10\" data-db-index=\"10\" class=\"bold fsize-12\" data-cell-type=\"text\" data-original-value=\"Rouille jaune\" data-order=\"Rouille jaune\" >Rouille jaune <\/td><td data-cell-id=\"D10\" data-x=\"3\" data-y=\"10\" data-db-index=\"10\" class=\"fsize-12 htCenter htMiddle\" data-cell-type=\"text\" data-original-value=\"\u00d8\" data-order=\"\u00d8\" >\u00d8 <\/td><\/tr><tr style=\"height:px\" ><td data-cell-id=\"A11\" data-x=\"0\" data-y=\"11\" data-db-index=\"11\" class=\"fsize-18 bold\" data-cell-type=\"text\" data-original-value=\"\" data-order=\"\" data-hide=\"true\" ><\/td><td data-cell-id=\"B11\" data-x=\"1\" data-y=\"11\" data-db-index=\"11\" class=\"fsize-18 bold\" data-cell-type=\"text\" data-original-value=\"\" data-order=\"\" data-hide=\"true\" ><\/td><td data-cell-id=\"C11\" data-x=\"2\" data-y=\"11\" data-db-index=\"11\" class=\"bold fsize-12\" data-cell-type=\"text\" data-original-value=\"Rouille brune\" data-order=\"Rouille brune\" >Rouille brune <\/td><td data-cell-id=\"D11\" data-x=\"3\" data-y=\"11\" data-db-index=\"11\" class=\"fsize-12 htCenter htMiddle\" data-cell-type=\"text\" data-original-value=\"+\" data-order=\"+\" >+ <\/td><\/tr><tr style=\"height:px\" ><td data-cell-id=\"A12\" data-x=\"0\" data-y=\"12\" data-db-index=\"12\" class=\"fsize-18 bold\" data-cell-type=\"text\" data-original-value=\"\" data-order=\"\" data-colspan=\"2\" data-rowspan=\"1\" ><\/td><td data-cell-id=\"B12\" data-x=\"1\" data-y=\"12\" data-db-index=\"12\" class=\"fsize-18 bold\" data-cell-type=\"text\" data-original-value=\"\" data-order=\"\" data-hide=\"true\" ><\/td><td data-cell-id=\"C12\" data-x=\"2\" data-y=\"12\" data-db-index=\"12\" class=\"bold fsize-12\" data-cell-type=\"text\" data-original-value=\"Hivernage\" data-order=\"Hivernage\" >Hivernage <\/td><td data-cell-id=\"D12\" data-x=\"3\" data-y=\"12\" data-db-index=\"12\" class=\"fsize-12 htCenter htMiddle\" data-cell-type=\"text\" data-original-value=\"+\" data-order=\"+\" >+ <\/td><\/tr><\/tbody><\/table><!-- \/#supsystic-table-28.supsystic-table --><\/div><!-- \/.supsystic-tables-wrap --><!-- Tables Generator by Supsystic --><!-- Version:1.10.47 --><!-- http:\/\/supsystic.com\/ --><a title=\"WordPress Tables Plugin\" style=\"display:none;\" href=\"https:\/\/supsystic.com\/plugins\/wordpress-data-table-plugin\/?utm_medium=love_link\" target=\"_blank\">WordPress Tables Plugin<\/a>\t<div class=\"table-controls\">\n\t\t<ul class=\"controls\">\n\t\t\t\t\t\t<!-- <li class=\"expand\">\n\t\t\t\t<svg xmlns=\"http:\/\/www.w3.org\/2000\/svg\" data-name=\"Ebene 1\" viewBox=\"0 0 23.04 21.64\">\n\t\t\t\t\t<g fill=\"none\" stroke=\"#000\" stroke-width=\".89999998\" data-name=\"Ebene 1-2\">\n\t\t\t\t\t\t<path d=\"M9.48 13.48l-.55-.57-4.65 4.65.01-3.69-.77-.01-.02 5.03 5.04-.01-.01-.78-3.7.03 4.65-4.65zM13.54 13.48l.58-.57 4.65 4.65-.02-3.69.77-.01.02 5.03-5.05-.01.03-.78 3.68.03-4.66-4.65zM9.48 8.18l-.55.56-4.65-4.65.01 3.69-.77.02-.02-5.04 5.04.02-.01.77-3.7-.02 4.65 4.65zM13.54 8.18l.58.56 4.65-4.65-.02 3.69.77.02.02-5.04-5.05.02.03.77 3.68-.02-4.66 4.65z\"\/>\n\t\t\t\t\t<\/g>\n\t\t\t\t<\/svg>\n\t\t\t<\/li> -->\n\t\t\t<li class=\"filter\">\n\t\t\t\t<svg xmlns=\"http:\/\/www.w3.org\/2000\/svg\" data-name=\"Ebene 1\" viewBox=\"0 0 23.04 21.64\">\n\t\t\t\t\t<path fill=\"none\" stroke=\"#000\" stroke-width=\"2\" d=\"M13.96 20.64H9.08v-7.65L1 7.04V1.38h21.04v5.66l-8.08 5.95v7.65z\" data-name=\"Ebene 1-2\"\/>\n\t\t\t\t<\/svg>\n\t\t\t\t<span>Filtrer par vari\u00e9t\u00e9s<\/span>\n\t\t\t<\/li>\n\t\t<\/ul>\n\t\t<ul class=\"filter-selection\">\n\n\t\t<\/ul>\n\t<\/div>\n<\/div>\n\n\n<!-- end of linklist component -->\n\n\n\n\n<p><\/p>\n<\/div>\n\n\n\n<div class=\"wp-block-column is-layout-flow wp-block-column-is-layout-flow\"><\/div>\n<\/div>\n\n\n\n<div class=\"wp-block-group alignfull is-layout-flow wp-block-group-is-layout-flow\"><div class=\"wp-block-group__inner-container\"><\/div><\/div>\n\n\n\n<h4 class=\"wp-block-heading\">L\u00e9gende<\/h4>\n\n\n\n<div class=\"wp-block-group\"><div class=\"wp-block-group__inner-container is-layout-flow wp-block-group-is-layout-flow\">\n<p style=\"font-size:14px\"><br><br>2. R\u00e9sultats d&rsquo;essais vari\u00e9taux conduits en mode \u00abextenso\u00bb (ext.)<br><br>++++ = excellent <strong>\/<\/strong> +++ = tr\u00e8s bon <strong>\/<\/strong> ++ = bon \u00a0 <strong>\/<\/strong> + = moyen \u00e0 bon<br>\u00d8 = moyen \u00e0 faible <strong>\/<\/strong> &#8211; &#8211; = faible <strong>\/<\/strong> &#8211; &#8211; &#8211; = tr\u00e8s faible<\/p>\n<\/div><\/div>\n","protected":false},"excerpt":{"rendered":"<p>Seigle d&rsquo;automne L\u00e9gende 2. R\u00e9sultats d&rsquo;essais vari\u00e9taux conduits en mode \u00abextenso\u00bb (ext.) ++++ = excellent \/ +++ = tr\u00e8s bon \/ ++ = bon \u00a0 \/ + = moyen \u00e0 bon\u00d8 = moyen \u00e0 faible \/ &#8211; &#8211; = faible \/ &#8211; &#8211; &#8211; = tr\u00e8s faible<\/p>\n","protected":false},"author":7,"featured_media":0,"parent":2224,"menu_order":220,"comment_status":"closed","ping_status":"closed","template":"","meta":{"_acf_changed":false,"footnotes":""},"class_list":["post-4476","page","type-page","status-publish","hentry"],"acf":[],"yoast_head":"<!-- This site is optimized with the Yoast SEO plugin v27.1.1 - https:\/\/yoast.com\/product\/yoast-seo-wordpress\/ -->\n<title>Seigle d&#039;automne - swisssem semence suisse<\/title>\n<meta name=\"robots\" content=\"index, follow, max-snippet:-1, max-image-preview:large, max-video-preview:-1\" \/>\n<link rel=\"canonical\" href=\"https:\/\/www.swisssem.ch\/fr\/cultures\/cereales\/seigle-dautomne\/\" \/>\n<meta property=\"og:locale\" content=\"fr_FR\" \/>\n<meta property=\"og:type\" content=\"article\" \/>\n<meta property=\"og:title\" content=\"Seigle d&#039;automne - swisssem semence suisse\" \/>\n<meta property=\"og:description\" content=\"Seigle d&rsquo;automne L\u00e9gende 2. R\u00e9sultats d&rsquo;essais vari\u00e9taux conduits en mode \u00abextenso\u00bb (ext.) ++++ = excellent \/ +++ = tr\u00e8s bon \/ ++ = bon \u00a0 \/ + = moyen \u00e0 bon\u00d8 = moyen \u00e0 faible \/ &#8211; &#8211; = faible \/ &#8211; &#8211; &#8211; = tr\u00e8s faible\" \/>\n<meta property=\"og:url\" content=\"https:\/\/www.swisssem.ch\/fr\/cultures\/cereales\/seigle-dautomne\/\" \/>\n<meta property=\"og:site_name\" content=\"swisssem semence suisse\" \/>\n<meta property=\"article:modified_time\" content=\"2023-07-26T14:42:20+00:00\" \/>\n<meta name=\"twitter:card\" content=\"summary_large_image\" \/>\n<script type=\"application\/ld+json\" class=\"yoast-schema-graph\">{\"@context\":\"https:\/\/schema.org\",\"@graph\":[{\"@type\":\"WebPage\",\"@id\":\"https:\/\/www.swisssem.ch\/fr\/cultures\/cereales\/seigle-dautomne\/\",\"url\":\"https:\/\/www.swisssem.ch\/fr\/cultures\/cereales\/seigle-dautomne\/\",\"name\":\"Seigle d'automne - swisssem semence suisse\",\"isPartOf\":{\"@id\":\"https:\/\/www.swisssem.ch\/de\/#website\"},\"datePublished\":\"2020-03-17T10:37:50+00:00\",\"dateModified\":\"2023-07-26T14:42:20+00:00\",\"breadcrumb\":{\"@id\":\"https:\/\/www.swisssem.ch\/fr\/cultures\/cereales\/seigle-dautomne\/#breadcrumb\"},\"inLanguage\":\"fr-FR\",\"potentialAction\":[{\"@type\":\"ReadAction\",\"target\":[\"https:\/\/www.swisssem.ch\/fr\/cultures\/cereales\/seigle-dautomne\/\"]}]},{\"@type\":\"BreadcrumbList\",\"@id\":\"https:\/\/www.swisssem.ch\/fr\/cultures\/cereales\/seigle-dautomne\/#breadcrumb\",\"itemListElement\":[{\"@type\":\"ListItem\",\"position\":1,\"name\":\"Home\",\"item\":\"https:\/\/www.swisssem.ch\/fr\/\"},{\"@type\":\"ListItem\",\"position\":2,\"name\":\"Cultures\",\"item\":\"https:\/\/www.swisssem.ch\/fr\/cultures\/\"},{\"@type\":\"ListItem\",\"position\":3,\"name\":\"C\u00e9r\u00e9ales\",\"item\":\"https:\/\/www.swisssem.ch\/fr\/cultures\/cereales\/\"},{\"@type\":\"ListItem\",\"position\":4,\"name\":\"Seigle d&rsquo;automne\"}]},{\"@type\":\"WebSite\",\"@id\":\"https:\/\/www.swisssem.ch\/de\/#website\",\"url\":\"https:\/\/www.swisssem.ch\/de\/\",\"name\":\"swisssem semence suisse\",\"description\":\"\",\"publisher\":{\"@id\":\"https:\/\/www.swisssem.ch\/de\/#organization\"},\"potentialAction\":[{\"@type\":\"SearchAction\",\"target\":{\"@type\":\"EntryPoint\",\"urlTemplate\":\"https:\/\/www.swisssem.ch\/de\/?s={search_term_string}\"},\"query-input\":{\"@type\":\"PropertyValueSpecification\",\"valueRequired\":true,\"valueName\":\"search_term_string\"}}],\"inLanguage\":\"fr-FR\"},{\"@type\":\"Organization\",\"@id\":\"https:\/\/www.swisssem.ch\/de\/#organization\",\"name\":\"swisssem saatgut schweiz\",\"url\":\"https:\/\/www.swisssem.ch\/de\/\",\"logo\":{\"@type\":\"ImageObject\",\"inLanguage\":\"fr-FR\",\"@id\":\"https:\/\/www.swisssem.ch\/de\/#\/schema\/logo\/image\/\",\"url\":\"https:\/\/www.swisssem.ch\/wp-content\/uploads\/2020\/03\/Logo_swisssem_RGB-1.jpg\",\"contentUrl\":\"https:\/\/www.swisssem.ch\/wp-content\/uploads\/2020\/03\/Logo_swisssem_RGB-1.jpg\",\"width\":1684,\"height\":430,\"caption\":\"swisssem saatgut schweiz\"},\"image\":{\"@id\":\"https:\/\/www.swisssem.ch\/de\/#\/schema\/logo\/image\/\"}}]}<\/script>\n<!-- \/ Yoast SEO plugin. -->","yoast_head_json":{"title":"Seigle d'automne - swisssem semence suisse","robots":{"index":"index","follow":"follow","max-snippet":"max-snippet:-1","max-image-preview":"max-image-preview:large","max-video-preview":"max-video-preview:-1"},"canonical":"https:\/\/www.swisssem.ch\/fr\/cultures\/cereales\/seigle-dautomne\/","og_locale":"fr_FR","og_type":"article","og_title":"Seigle d'automne - swisssem semence suisse","og_description":"Seigle d&rsquo;automne L\u00e9gende 2. R\u00e9sultats d&rsquo;essais vari\u00e9taux conduits en mode \u00abextenso\u00bb (ext.) ++++ = excellent \/ +++ = tr\u00e8s bon \/ ++ = bon \u00a0 \/ + = moyen \u00e0 bon\u00d8 = moyen \u00e0 faible \/ &#8211; &#8211; = faible \/ &#8211; &#8211; &#8211; = tr\u00e8s faible","og_url":"https:\/\/www.swisssem.ch\/fr\/cultures\/cereales\/seigle-dautomne\/","og_site_name":"swisssem semence suisse","article_modified_time":"2023-07-26T14:42:20+00:00","twitter_card":"summary_large_image","schema":{"@context":"https:\/\/schema.org","@graph":[{"@type":"WebPage","@id":"https:\/\/www.swisssem.ch\/fr\/cultures\/cereales\/seigle-dautomne\/","url":"https:\/\/www.swisssem.ch\/fr\/cultures\/cereales\/seigle-dautomne\/","name":"Seigle d'automne - swisssem semence suisse","isPartOf":{"@id":"https:\/\/www.swisssem.ch\/de\/#website"},"datePublished":"2020-03-17T10:37:50+00:00","dateModified":"2023-07-26T14:42:20+00:00","breadcrumb":{"@id":"https:\/\/www.swisssem.ch\/fr\/cultures\/cereales\/seigle-dautomne\/#breadcrumb"},"inLanguage":"fr-FR","potentialAction":[{"@type":"ReadAction","target":["https:\/\/www.swisssem.ch\/fr\/cultures\/cereales\/seigle-dautomne\/"]}]},{"@type":"BreadcrumbList","@id":"https:\/\/www.swisssem.ch\/fr\/cultures\/cereales\/seigle-dautomne\/#breadcrumb","itemListElement":[{"@type":"ListItem","position":1,"name":"Home","item":"https:\/\/www.swisssem.ch\/fr\/"},{"@type":"ListItem","position":2,"name":"Cultures","item":"https:\/\/www.swisssem.ch\/fr\/cultures\/"},{"@type":"ListItem","position":3,"name":"C\u00e9r\u00e9ales","item":"https:\/\/www.swisssem.ch\/fr\/cultures\/cereales\/"},{"@type":"ListItem","position":4,"name":"Seigle d&rsquo;automne"}]},{"@type":"WebSite","@id":"https:\/\/www.swisssem.ch\/de\/#website","url":"https:\/\/www.swisssem.ch\/de\/","name":"swisssem semence suisse","description":"","publisher":{"@id":"https:\/\/www.swisssem.ch\/de\/#organization"},"potentialAction":[{"@type":"SearchAction","target":{"@type":"EntryPoint","urlTemplate":"https:\/\/www.swisssem.ch\/de\/?s={search_term_string}"},"query-input":{"@type":"PropertyValueSpecification","valueRequired":true,"valueName":"search_term_string"}}],"inLanguage":"fr-FR"},{"@type":"Organization","@id":"https:\/\/www.swisssem.ch\/de\/#organization","name":"swisssem saatgut schweiz","url":"https:\/\/www.swisssem.ch\/de\/","logo":{"@type":"ImageObject","inLanguage":"fr-FR","@id":"https:\/\/www.swisssem.ch\/de\/#\/schema\/logo\/image\/","url":"https:\/\/www.swisssem.ch\/wp-content\/uploads\/2020\/03\/Logo_swisssem_RGB-1.jpg","contentUrl":"https:\/\/www.swisssem.ch\/wp-content\/uploads\/2020\/03\/Logo_swisssem_RGB-1.jpg","width":1684,"height":430,"caption":"swisssem saatgut schweiz"},"image":{"@id":"https:\/\/www.swisssem.ch\/de\/#\/schema\/logo\/image\/"}}]}},"_links":{"self":[{"href":"https:\/\/www.swisssem.ch\/fr\/wp-json\/wp\/v2\/pages\/4476","targetHints":{"allow":["GET"]}}],"collection":[{"href":"https:\/\/www.swisssem.ch\/fr\/wp-json\/wp\/v2\/pages"}],"about":[{"href":"https:\/\/www.swisssem.ch\/fr\/wp-json\/wp\/v2\/types\/page"}],"author":[{"embeddable":true,"href":"https:\/\/www.swisssem.ch\/fr\/wp-json\/wp\/v2\/users\/7"}],"replies":[{"embeddable":true,"href":"https:\/\/www.swisssem.ch\/fr\/wp-json\/wp\/v2\/comments?post=4476"}],"version-history":[{"count":12,"href":"https:\/\/www.swisssem.ch\/fr\/wp-json\/wp\/v2\/pages\/4476\/revisions"}],"predecessor-version":[{"id":10892,"href":"https:\/\/www.swisssem.ch\/fr\/wp-json\/wp\/v2\/pages\/4476\/revisions\/10892"}],"up":[{"embeddable":true,"href":"https:\/\/www.swisssem.ch\/fr\/wp-json\/wp\/v2\/pages\/2224"}],"wp:attachment":[{"href":"https:\/\/www.swisssem.ch\/fr\/wp-json\/wp\/v2\/media?parent=4476"}],"curies":[{"name":"wp","href":"https:\/\/api.w.org\/{rel}","templated":true}]}}