{"id":4039,"date":"2020-03-03T14:05:46","date_gmt":"2020-03-03T13:05:46","guid":{"rendered":"https:\/\/www.swisssem.ch\/?page_id=4039"},"modified":"2025-02-26T11:24:08","modified_gmt":"2025-02-26T10:24:08","slug":"voss","status":"publish","type":"page","link":"https:\/\/www.swisssem.ch\/fr\/qui-sommes-nous\/2496-2\/voss\/","title":{"rendered":"VOSS"},"content":{"rendered":"\n<h3 class=\"wp-block-heading\">EM Schaffhauser Saatgut<\/h3>\n\n\n\n<p>G\u00e9rance<br>c\/o fenaco Niderfeld<br>In der Euelwies 34<br>8408 Winterthur<\/p>\n\n\n\n<p>Tel. 058 \/ 433 69 30<br>e-mail :\u00a0<a href=\"mailto:juerg.jost@fenaco.com\">juerg.jost@fenaco.com<\/a><br><\/p>\n\n\n\n<p><\/p>\n\n\n\n<p>VOSS multiplie pour les agriculteurs schaffhousois diff\u00e9rentes esp\u00e8ces de c\u00e9r\u00e9ales, afin que le besoin en semences de c\u00e9r\u00e9ales du canton de Schaffhouse puisse \u00eatre compl\u00e8tement couvert. Une petite partie de la production est vendue \u00e0 l&rsquo;ext\u00e9rieur du canton. Il y a une \u00e9troite collaboration entre VOSS et GVS Landi SA. Depuis la cr\u00e9ation du syndicat, GVS exploite les installations de triage pour la pr\u00e9paration des semences de c\u00e9r\u00e9ales, et est responsable de la vente. L&rsquo;\u00e9troite collaboration et les contacts directs avec les s\u00e9lectionneurs permettent de produire de la semence de haute qualit\u00e9 r\u00e9pondant aux exigences du march\u00e9.<\/p>\n\n\n\n<p><strong>Nous multiplions:<\/strong><br>Semences de c\u00e9r\u00e9ales: environ 250 ha \/ 1200 to<br>Semences de gramin\u00e9es et tr\u00e8fles: environ 15 ha<\/p>\n\n\n\n<p>Schaffhauser Saatgut&#8230;b\u00e4renstark<\/p>\n\n\n\n<p><\/p>\n\n\n\n<p><\/p>\n\n\n\n<p><\/p>\n","protected":false},"excerpt":{"rendered":"<p>EM Schaffhauser Saatgut G\u00e9rancec\/o fenaco NiderfeldIn der Euelwies 348408 Winterthur Tel. 058 \/ 433 69 30e-mail :\u00a0juerg.jost@fenaco.com VOSS multiplie pour les agriculteurs schaffhousois diff\u00e9rentes esp\u00e8ces de c\u00e9r\u00e9ales, afin que le besoin en semences de c\u00e9r\u00e9ales du canton de Schaffhouse puisse \u00eatre compl\u00e8tement couvert. Une petite partie de la production est vendue \u00e0 l&rsquo;ext\u00e9rieur du canton. [&hellip;]<\/p>\n","protected":false},"author":7,"featured_media":0,"parent":2496,"menu_order":176,"comment_status":"closed","ping_status":"closed","template":"","meta":{"_acf_changed":false,"footnotes":""},"class_list":["post-4039","page","type-page","status-publish","hentry"],"acf":[],"yoast_head":"<!-- This site is optimized with the Yoast SEO plugin v27.1.1 - https:\/\/yoast.com\/product\/yoast-seo-wordpress\/ -->\n<title>VOSS - swisssem semence suisse<\/title>\n<meta name=\"robots\" content=\"index, follow, max-snippet:-1, max-image-preview:large, max-video-preview:-1\" \/>\n<link rel=\"canonical\" href=\"https:\/\/www.swisssem.ch\/fr\/qui-sommes-nous\/2496-2\/voss\/\" \/>\n<meta property=\"og:locale\" content=\"fr_FR\" \/>\n<meta property=\"og:type\" content=\"article\" \/>\n<meta property=\"og:title\" content=\"VOSS - swisssem semence suisse\" \/>\n<meta property=\"og:description\" content=\"EM Schaffhauser Saatgut G\u00e9rancec\/o fenaco NiderfeldIn der Euelwies 348408 Winterthur Tel. 058 \/ 433 69 30e-mail :\u00a0juerg.jost@fenaco.com VOSS multiplie pour les agriculteurs schaffhousois diff\u00e9rentes esp\u00e8ces de c\u00e9r\u00e9ales, afin que le besoin en semences de c\u00e9r\u00e9ales du canton de Schaffhouse puisse \u00eatre compl\u00e8tement couvert. Une petite partie de la production est vendue \u00e0 l&rsquo;ext\u00e9rieur du canton. [&hellip;]\" \/>\n<meta property=\"og:url\" content=\"https:\/\/www.swisssem.ch\/fr\/qui-sommes-nous\/2496-2\/voss\/\" \/>\n<meta property=\"og:site_name\" content=\"swisssem semence suisse\" \/>\n<meta property=\"article:modified_time\" content=\"2025-02-26T10:24:08+00:00\" \/>\n<meta name=\"twitter:card\" content=\"summary_large_image\" \/>\n<script type=\"application\/ld+json\" class=\"yoast-schema-graph\">{\"@context\":\"https:\/\/schema.org\",\"@graph\":[{\"@type\":\"WebPage\",\"@id\":\"https:\/\/www.swisssem.ch\/fr\/qui-sommes-nous\/2496-2\/voss\/\",\"url\":\"https:\/\/www.swisssem.ch\/fr\/qui-sommes-nous\/2496-2\/voss\/\",\"name\":\"VOSS - swisssem semence suisse\",\"isPartOf\":{\"@id\":\"https:\/\/www.swisssem.ch\/de\/#website\"},\"datePublished\":\"2020-03-03T13:05:46+00:00\",\"dateModified\":\"2025-02-26T10:24:08+00:00\",\"breadcrumb\":{\"@id\":\"https:\/\/www.swisssem.ch\/fr\/qui-sommes-nous\/2496-2\/voss\/#breadcrumb\"},\"inLanguage\":\"fr-FR\",\"potentialAction\":[{\"@type\":\"ReadAction\",\"target\":[\"https:\/\/www.swisssem.ch\/fr\/qui-sommes-nous\/2496-2\/voss\/\"]}]},{\"@type\":\"BreadcrumbList\",\"@id\":\"https:\/\/www.swisssem.ch\/fr\/qui-sommes-nous\/2496-2\/voss\/#breadcrumb\",\"itemListElement\":[{\"@type\":\"ListItem\",\"position\":1,\"name\":\"Home\",\"item\":\"https:\/\/www.swisssem.ch\/fr\/\"},{\"@type\":\"ListItem\",\"position\":2,\"name\":\"Qui sommes nous\",\"item\":\"https:\/\/www.swisssem.ch\/fr\/qui-sommes-nous\/\"},{\"@type\":\"ListItem\",\"position\":3,\"name\":\"Etablissements multiplicateurs\",\"item\":\"https:\/\/www.swisssem.ch\/fr\/qui-sommes-nous\/2496-2\/\"},{\"@type\":\"ListItem\",\"position\":4,\"name\":\"VOSS\"}]},{\"@type\":\"WebSite\",\"@id\":\"https:\/\/www.swisssem.ch\/de\/#website\",\"url\":\"https:\/\/www.swisssem.ch\/de\/\",\"name\":\"swisssem semence suisse\",\"description\":\"\",\"publisher\":{\"@id\":\"https:\/\/www.swisssem.ch\/de\/#organization\"},\"potentialAction\":[{\"@type\":\"SearchAction\",\"target\":{\"@type\":\"EntryPoint\",\"urlTemplate\":\"https:\/\/www.swisssem.ch\/de\/?s={search_term_string}\"},\"query-input\":{\"@type\":\"PropertyValueSpecification\",\"valueRequired\":true,\"valueName\":\"search_term_string\"}}],\"inLanguage\":\"fr-FR\"},{\"@type\":\"Organization\",\"@id\":\"https:\/\/www.swisssem.ch\/de\/#organization\",\"name\":\"swisssem saatgut schweiz\",\"url\":\"https:\/\/www.swisssem.ch\/de\/\",\"logo\":{\"@type\":\"ImageObject\",\"inLanguage\":\"fr-FR\",\"@id\":\"https:\/\/www.swisssem.ch\/de\/#\/schema\/logo\/image\/\",\"url\":\"https:\/\/www.swisssem.ch\/wp-content\/uploads\/2020\/03\/Logo_swisssem_RGB-1.jpg\",\"contentUrl\":\"https:\/\/www.swisssem.ch\/wp-content\/uploads\/2020\/03\/Logo_swisssem_RGB-1.jpg\",\"width\":1684,\"height\":430,\"caption\":\"swisssem saatgut schweiz\"},\"image\":{\"@id\":\"https:\/\/www.swisssem.ch\/de\/#\/schema\/logo\/image\/\"}}]}<\/script>\n<!-- \/ Yoast SEO plugin. -->","yoast_head_json":{"title":"VOSS - swisssem semence suisse","robots":{"index":"index","follow":"follow","max-snippet":"max-snippet:-1","max-image-preview":"max-image-preview:large","max-video-preview":"max-video-preview:-1"},"canonical":"https:\/\/www.swisssem.ch\/fr\/qui-sommes-nous\/2496-2\/voss\/","og_locale":"fr_FR","og_type":"article","og_title":"VOSS - swisssem semence suisse","og_description":"EM Schaffhauser Saatgut G\u00e9rancec\/o fenaco NiderfeldIn der Euelwies 348408 Winterthur Tel. 058 \/ 433 69 30e-mail :\u00a0juerg.jost@fenaco.com VOSS multiplie pour les agriculteurs schaffhousois diff\u00e9rentes esp\u00e8ces de c\u00e9r\u00e9ales, afin que le besoin en semences de c\u00e9r\u00e9ales du canton de Schaffhouse puisse \u00eatre compl\u00e8tement couvert. Une petite partie de la production est vendue \u00e0 l&rsquo;ext\u00e9rieur du canton. [&hellip;]","og_url":"https:\/\/www.swisssem.ch\/fr\/qui-sommes-nous\/2496-2\/voss\/","og_site_name":"swisssem semence suisse","article_modified_time":"2025-02-26T10:24:08+00:00","twitter_card":"summary_large_image","schema":{"@context":"https:\/\/schema.org","@graph":[{"@type":"WebPage","@id":"https:\/\/www.swisssem.ch\/fr\/qui-sommes-nous\/2496-2\/voss\/","url":"https:\/\/www.swisssem.ch\/fr\/qui-sommes-nous\/2496-2\/voss\/","name":"VOSS - swisssem semence suisse","isPartOf":{"@id":"https:\/\/www.swisssem.ch\/de\/#website"},"datePublished":"2020-03-03T13:05:46+00:00","dateModified":"2025-02-26T10:24:08+00:00","breadcrumb":{"@id":"https:\/\/www.swisssem.ch\/fr\/qui-sommes-nous\/2496-2\/voss\/#breadcrumb"},"inLanguage":"fr-FR","potentialAction":[{"@type":"ReadAction","target":["https:\/\/www.swisssem.ch\/fr\/qui-sommes-nous\/2496-2\/voss\/"]}]},{"@type":"BreadcrumbList","@id":"https:\/\/www.swisssem.ch\/fr\/qui-sommes-nous\/2496-2\/voss\/#breadcrumb","itemListElement":[{"@type":"ListItem","position":1,"name":"Home","item":"https:\/\/www.swisssem.ch\/fr\/"},{"@type":"ListItem","position":2,"name":"Qui sommes nous","item":"https:\/\/www.swisssem.ch\/fr\/qui-sommes-nous\/"},{"@type":"ListItem","position":3,"name":"Etablissements multiplicateurs","item":"https:\/\/www.swisssem.ch\/fr\/qui-sommes-nous\/2496-2\/"},{"@type":"ListItem","position":4,"name":"VOSS"}]},{"@type":"WebSite","@id":"https:\/\/www.swisssem.ch\/de\/#website","url":"https:\/\/www.swisssem.ch\/de\/","name":"swisssem semence suisse","description":"","publisher":{"@id":"https:\/\/www.swisssem.ch\/de\/#organization"},"potentialAction":[{"@type":"SearchAction","target":{"@type":"EntryPoint","urlTemplate":"https:\/\/www.swisssem.ch\/de\/?s={search_term_string}"},"query-input":{"@type":"PropertyValueSpecification","valueRequired":true,"valueName":"search_term_string"}}],"inLanguage":"fr-FR"},{"@type":"Organization","@id":"https:\/\/www.swisssem.ch\/de\/#organization","name":"swisssem saatgut schweiz","url":"https:\/\/www.swisssem.ch\/de\/","logo":{"@type":"ImageObject","inLanguage":"fr-FR","@id":"https:\/\/www.swisssem.ch\/de\/#\/schema\/logo\/image\/","url":"https:\/\/www.swisssem.ch\/wp-content\/uploads\/2020\/03\/Logo_swisssem_RGB-1.jpg","contentUrl":"https:\/\/www.swisssem.ch\/wp-content\/uploads\/2020\/03\/Logo_swisssem_RGB-1.jpg","width":1684,"height":430,"caption":"swisssem saatgut schweiz"},"image":{"@id":"https:\/\/www.swisssem.ch\/de\/#\/schema\/logo\/image\/"}}]}},"_links":{"self":[{"href":"https:\/\/www.swisssem.ch\/fr\/wp-json\/wp\/v2\/pages\/4039","targetHints":{"allow":["GET"]}}],"collection":[{"href":"https:\/\/www.swisssem.ch\/fr\/wp-json\/wp\/v2\/pages"}],"about":[{"href":"https:\/\/www.swisssem.ch\/fr\/wp-json\/wp\/v2\/types\/page"}],"author":[{"embeddable":true,"href":"https:\/\/www.swisssem.ch\/fr\/wp-json\/wp\/v2\/users\/7"}],"replies":[{"embeddable":true,"href":"https:\/\/www.swisssem.ch\/fr\/wp-json\/wp\/v2\/comments?post=4039"}],"version-history":[{"count":8,"href":"https:\/\/www.swisssem.ch\/fr\/wp-json\/wp\/v2\/pages\/4039\/revisions"}],"predecessor-version":[{"id":12232,"href":"https:\/\/www.swisssem.ch\/fr\/wp-json\/wp\/v2\/pages\/4039\/revisions\/12232"}],"up":[{"embeddable":true,"href":"https:\/\/www.swisssem.ch\/fr\/wp-json\/wp\/v2\/pages\/2496"}],"wp:attachment":[{"href":"https:\/\/www.swisssem.ch\/fr\/wp-json\/wp\/v2\/media?parent=4039"}],"curies":[{"name":"wp","href":"https:\/\/api.w.org\/{rel}","templated":true}]}}