{"id":3904,"date":"2020-02-27T11:37:58","date_gmt":"2020-02-27T10:37:58","guid":{"rendered":"https:\/\/www.swisssem.ch\/?page_id=3904"},"modified":"2021-08-10T07:43:08","modified_gmt":"2021-08-10T05:43:08","slug":"semag","status":"publish","type":"page","link":"https:\/\/www.swisssem.ch\/fr\/qui-sommes-nous\/2496-2\/semag\/","title":{"rendered":"SEMAG"},"content":{"rendered":"\n<h2 class=\"wp-block-heading\">SEMAG<\/h2>\n\n\n\n<div class=\"wp-block-columns is-layout-flex wp-container-core-columns-is-layout-9d6595d7 wp-block-columns-is-layout-flex\">\n<div class=\"wp-block-column is-layout-flow wp-block-column-is-layout-flow\">\n<p>SEMAG<br>Saat- und Pflanzgut AG&nbsp;<br>Schachenstrasse 41<br>3421 Lyssach<br><a rel=\"noreferrer noopener\" href=\"http:\/\/www.semag.ch\/\" target=\"_blank\">http:\/\/www.semag.ch\/<\/a>&nbsp;<\/p>\n<\/div>\n\n\n\n<div class=\"wp-block-column is-layout-flow wp-block-column-is-layout-flow\">\n<div class=\"wp-block-image\"><figure class=\"alignleft size-large\"><img loading=\"lazy\" decoding=\"async\" width=\"259\" height=\"105\" src=\"https:\/\/www.swisssem.ch\/wp-content\/uploads\/2020\/04\/SEMAG_w259_h105.jpg\" alt=\"\" class=\"wp-image-5590\"\/><\/figure><\/div>\n\n\n\n<p><\/p>\n<\/div>\n<\/div>\n\n\n\n<div class=\"wp-block-columns is-layout-flex wp-container-core-columns-is-layout-9d6595d7 wp-block-columns-is-layout-flex\">\n<div class=\"wp-block-column is-layout-flow wp-block-column-is-layout-flow\">\n<p><strong>G\u00e9rant:<\/strong><br>Adrian Kr\u00e4henb\u00fchl\u00a0<br>Tel. 034 \/ 448 49 81\u00a0\u00a0<br>e-mail\u00a0<a rel=\"noreferrer noopener\" aria-label=\" (ouverture dans un nouvel onglet)\" href=\"mailto:adrian.kraehenbuehl@semag.ch\" target=\"_blank\">adrian.kraehenbuehl@semag.ch<\/a><\/p>\n<\/div>\n\n\n\n<div class=\"wp-block-column is-layout-flow wp-block-column-is-layout-flow\">\n<p><strong>Secr\u00e9tariat:<\/strong><br>Tel. 034 \/ 448 49 80<br>e-mail\u00a0<a href=\"mailto:sekretariat@semag.ch\">sekretariat@semag.ch<\/a><\/p>\n<\/div>\n<\/div>\n\n\n\n<p>La SEMAG a \u00e9t\u00e9 fond\u00e9e en 1996 et a repris les activit\u00e9s op\u00e9rationnelles de cinq syndicats des cantons de Berne, Soleure et B\u00e2le. En 2002, ces syndicats ont fusionn\u00e9 avec la SEMAG. D\u00e8s lors, les producteurs sont actionnaires de la SEMAG et fenaco poss\u00e8de 23% des actions. <\/p>\n\n\n\n<p>La SEMAG s&rsquo;engage en tant qu&rsquo;organisation de producteurs pour une production de semences et plants \u00e9conomiquement int\u00e9ressante. &nbsp;<\/p>\n\n\n\n<p>350 producteurs de la SEMAG multiplient:<br>Plants de pommes de terre: 600 ha<br>Semences de c\u00e9r\u00e9ales: 1&rsquo;500 ha<\/p>\n\n\n\n<p><br><\/p>\n","protected":false},"excerpt":{"rendered":"<p>SEMAG SEMAGSaat- und Pflanzgut AG&nbsp;Schachenstrasse 413421 Lyssachhttp:\/\/www.semag.ch\/&nbsp; G\u00e9rant:Adrian Kr\u00e4henb\u00fchl\u00a0Tel. 034 \/ 448 49 81\u00a0\u00a0e-mail\u00a0adrian.kraehenbuehl@semag.ch Secr\u00e9tariat:Tel. 034 \/ 448 49 80e-mail\u00a0sekretariat@semag.ch La SEMAG a \u00e9t\u00e9 fond\u00e9e en 1996 et a repris les activit\u00e9s op\u00e9rationnelles de cinq syndicats des cantons de Berne, Soleure et B\u00e2le. En 2002, ces syndicats ont fusionn\u00e9 avec la SEMAG. D\u00e8s lors, les [&hellip;]<\/p>\n","protected":false},"author":7,"featured_media":0,"parent":2496,"menu_order":165,"comment_status":"closed","ping_status":"closed","template":"","meta":{"_acf_changed":false,"footnotes":""},"class_list":["post-3904","page","type-page","status-publish","hentry"],"acf":[],"yoast_head":"<!-- This site is optimized with the Yoast SEO plugin v27.1.1 - https:\/\/yoast.com\/product\/yoast-seo-wordpress\/ -->\n<title>SEMAG - swisssem semence suisse<\/title>\n<meta name=\"robots\" content=\"index, follow, max-snippet:-1, max-image-preview:large, max-video-preview:-1\" \/>\n<link rel=\"canonical\" href=\"https:\/\/www.swisssem.ch\/fr\/qui-sommes-nous\/2496-2\/semag\/\" \/>\n<meta property=\"og:locale\" content=\"fr_FR\" \/>\n<meta property=\"og:type\" content=\"article\" \/>\n<meta property=\"og:title\" content=\"SEMAG - swisssem semence suisse\" \/>\n<meta property=\"og:description\" content=\"SEMAG SEMAGSaat- und Pflanzgut AG&nbsp;Schachenstrasse 413421 Lyssachhttp:\/\/www.semag.ch\/&nbsp; G\u00e9rant:Adrian Kr\u00e4henb\u00fchl\u00a0Tel. 034 \/ 448 49 81\u00a0\u00a0e-mail\u00a0adrian.kraehenbuehl@semag.ch Secr\u00e9tariat:Tel. 034 \/ 448 49 80e-mail\u00a0sekretariat@semag.ch La SEMAG a \u00e9t\u00e9 fond\u00e9e en 1996 et a repris les activit\u00e9s op\u00e9rationnelles de cinq syndicats des cantons de Berne, Soleure et B\u00e2le. En 2002, ces syndicats ont fusionn\u00e9 avec la SEMAG. D\u00e8s lors, les [&hellip;]\" \/>\n<meta property=\"og:url\" content=\"https:\/\/www.swisssem.ch\/fr\/qui-sommes-nous\/2496-2\/semag\/\" \/>\n<meta property=\"og:site_name\" content=\"swisssem semence suisse\" \/>\n<meta property=\"article:modified_time\" content=\"2021-08-10T05:43:08+00:00\" \/>\n<meta property=\"og:image\" content=\"https:\/\/www.swisssem.ch\/wp-content\/uploads\/2020\/04\/SEMAG_w259_h105.jpg\" \/>\n<meta name=\"twitter:card\" content=\"summary_large_image\" \/>\n<meta name=\"twitter:label1\" content=\"Dur\u00e9e de lecture estim\u00e9e\" \/>\n\t<meta name=\"twitter:data1\" content=\"1 minute\" \/>\n<script type=\"application\/ld+json\" class=\"yoast-schema-graph\">{\"@context\":\"https:\/\/schema.org\",\"@graph\":[{\"@type\":\"WebPage\",\"@id\":\"https:\/\/www.swisssem.ch\/fr\/qui-sommes-nous\/2496-2\/semag\/\",\"url\":\"https:\/\/www.swisssem.ch\/fr\/qui-sommes-nous\/2496-2\/semag\/\",\"name\":\"SEMAG - swisssem semence suisse\",\"isPartOf\":{\"@id\":\"https:\/\/www.swisssem.ch\/de\/#website\"},\"primaryImageOfPage\":{\"@id\":\"https:\/\/www.swisssem.ch\/fr\/qui-sommes-nous\/2496-2\/semag\/#primaryimage\"},\"image\":{\"@id\":\"https:\/\/www.swisssem.ch\/fr\/qui-sommes-nous\/2496-2\/semag\/#primaryimage\"},\"thumbnailUrl\":\"https:\/\/www.swisssem.ch\/wp-content\/uploads\/2020\/04\/SEMAG_w259_h105.jpg\",\"datePublished\":\"2020-02-27T10:37:58+00:00\",\"dateModified\":\"2021-08-10T05:43:08+00:00\",\"breadcrumb\":{\"@id\":\"https:\/\/www.swisssem.ch\/fr\/qui-sommes-nous\/2496-2\/semag\/#breadcrumb\"},\"inLanguage\":\"fr-FR\",\"potentialAction\":[{\"@type\":\"ReadAction\",\"target\":[\"https:\/\/www.swisssem.ch\/fr\/qui-sommes-nous\/2496-2\/semag\/\"]}]},{\"@type\":\"ImageObject\",\"inLanguage\":\"fr-FR\",\"@id\":\"https:\/\/www.swisssem.ch\/fr\/qui-sommes-nous\/2496-2\/semag\/#primaryimage\",\"url\":\"https:\/\/www.swisssem.ch\/wp-content\/uploads\/2020\/04\/SEMAG_w259_h105.jpg\",\"contentUrl\":\"https:\/\/www.swisssem.ch\/wp-content\/uploads\/2020\/04\/SEMAG_w259_h105.jpg\"},{\"@type\":\"BreadcrumbList\",\"@id\":\"https:\/\/www.swisssem.ch\/fr\/qui-sommes-nous\/2496-2\/semag\/#breadcrumb\",\"itemListElement\":[{\"@type\":\"ListItem\",\"position\":1,\"name\":\"Home\",\"item\":\"https:\/\/www.swisssem.ch\/fr\/\"},{\"@type\":\"ListItem\",\"position\":2,\"name\":\"Qui sommes nous\",\"item\":\"https:\/\/www.swisssem.ch\/fr\/qui-sommes-nous\/\"},{\"@type\":\"ListItem\",\"position\":3,\"name\":\"Etablissements multiplicateurs\",\"item\":\"https:\/\/www.swisssem.ch\/fr\/qui-sommes-nous\/2496-2\/\"},{\"@type\":\"ListItem\",\"position\":4,\"name\":\"SEMAG\"}]},{\"@type\":\"WebSite\",\"@id\":\"https:\/\/www.swisssem.ch\/de\/#website\",\"url\":\"https:\/\/www.swisssem.ch\/de\/\",\"name\":\"swisssem semence suisse\",\"description\":\"\",\"publisher\":{\"@id\":\"https:\/\/www.swisssem.ch\/de\/#organization\"},\"potentialAction\":[{\"@type\":\"SearchAction\",\"target\":{\"@type\":\"EntryPoint\",\"urlTemplate\":\"https:\/\/www.swisssem.ch\/de\/?s={search_term_string}\"},\"query-input\":{\"@type\":\"PropertyValueSpecification\",\"valueRequired\":true,\"valueName\":\"search_term_string\"}}],\"inLanguage\":\"fr-FR\"},{\"@type\":\"Organization\",\"@id\":\"https:\/\/www.swisssem.ch\/de\/#organization\",\"name\":\"swisssem saatgut schweiz\",\"url\":\"https:\/\/www.swisssem.ch\/de\/\",\"logo\":{\"@type\":\"ImageObject\",\"inLanguage\":\"fr-FR\",\"@id\":\"https:\/\/www.swisssem.ch\/de\/#\/schema\/logo\/image\/\",\"url\":\"https:\/\/www.swisssem.ch\/wp-content\/uploads\/2020\/03\/Logo_swisssem_RGB-1.jpg\",\"contentUrl\":\"https:\/\/www.swisssem.ch\/wp-content\/uploads\/2020\/03\/Logo_swisssem_RGB-1.jpg\",\"width\":1684,\"height\":430,\"caption\":\"swisssem saatgut schweiz\"},\"image\":{\"@id\":\"https:\/\/www.swisssem.ch\/de\/#\/schema\/logo\/image\/\"}}]}<\/script>\n<!-- \/ Yoast SEO plugin. -->","yoast_head_json":{"title":"SEMAG - swisssem semence suisse","robots":{"index":"index","follow":"follow","max-snippet":"max-snippet:-1","max-image-preview":"max-image-preview:large","max-video-preview":"max-video-preview:-1"},"canonical":"https:\/\/www.swisssem.ch\/fr\/qui-sommes-nous\/2496-2\/semag\/","og_locale":"fr_FR","og_type":"article","og_title":"SEMAG - swisssem semence suisse","og_description":"SEMAG SEMAGSaat- und Pflanzgut AG&nbsp;Schachenstrasse 413421 Lyssachhttp:\/\/www.semag.ch\/&nbsp; G\u00e9rant:Adrian Kr\u00e4henb\u00fchl\u00a0Tel. 034 \/ 448 49 81\u00a0\u00a0e-mail\u00a0adrian.kraehenbuehl@semag.ch Secr\u00e9tariat:Tel. 034 \/ 448 49 80e-mail\u00a0sekretariat@semag.ch La SEMAG a \u00e9t\u00e9 fond\u00e9e en 1996 et a repris les activit\u00e9s op\u00e9rationnelles de cinq syndicats des cantons de Berne, Soleure et B\u00e2le. En 2002, ces syndicats ont fusionn\u00e9 avec la SEMAG. D\u00e8s lors, les [&hellip;]","og_url":"https:\/\/www.swisssem.ch\/fr\/qui-sommes-nous\/2496-2\/semag\/","og_site_name":"swisssem semence suisse","article_modified_time":"2021-08-10T05:43:08+00:00","og_image":[{"url":"https:\/\/www.swisssem.ch\/wp-content\/uploads\/2020\/04\/SEMAG_w259_h105.jpg","type":"","width":"","height":""}],"twitter_card":"summary_large_image","twitter_misc":{"Dur\u00e9e de lecture estim\u00e9e":"1 minute"},"schema":{"@context":"https:\/\/schema.org","@graph":[{"@type":"WebPage","@id":"https:\/\/www.swisssem.ch\/fr\/qui-sommes-nous\/2496-2\/semag\/","url":"https:\/\/www.swisssem.ch\/fr\/qui-sommes-nous\/2496-2\/semag\/","name":"SEMAG - swisssem semence suisse","isPartOf":{"@id":"https:\/\/www.swisssem.ch\/de\/#website"},"primaryImageOfPage":{"@id":"https:\/\/www.swisssem.ch\/fr\/qui-sommes-nous\/2496-2\/semag\/#primaryimage"},"image":{"@id":"https:\/\/www.swisssem.ch\/fr\/qui-sommes-nous\/2496-2\/semag\/#primaryimage"},"thumbnailUrl":"https:\/\/www.swisssem.ch\/wp-content\/uploads\/2020\/04\/SEMAG_w259_h105.jpg","datePublished":"2020-02-27T10:37:58+00:00","dateModified":"2021-08-10T05:43:08+00:00","breadcrumb":{"@id":"https:\/\/www.swisssem.ch\/fr\/qui-sommes-nous\/2496-2\/semag\/#breadcrumb"},"inLanguage":"fr-FR","potentialAction":[{"@type":"ReadAction","target":["https:\/\/www.swisssem.ch\/fr\/qui-sommes-nous\/2496-2\/semag\/"]}]},{"@type":"ImageObject","inLanguage":"fr-FR","@id":"https:\/\/www.swisssem.ch\/fr\/qui-sommes-nous\/2496-2\/semag\/#primaryimage","url":"https:\/\/www.swisssem.ch\/wp-content\/uploads\/2020\/04\/SEMAG_w259_h105.jpg","contentUrl":"https:\/\/www.swisssem.ch\/wp-content\/uploads\/2020\/04\/SEMAG_w259_h105.jpg"},{"@type":"BreadcrumbList","@id":"https:\/\/www.swisssem.ch\/fr\/qui-sommes-nous\/2496-2\/semag\/#breadcrumb","itemListElement":[{"@type":"ListItem","position":1,"name":"Home","item":"https:\/\/www.swisssem.ch\/fr\/"},{"@type":"ListItem","position":2,"name":"Qui sommes nous","item":"https:\/\/www.swisssem.ch\/fr\/qui-sommes-nous\/"},{"@type":"ListItem","position":3,"name":"Etablissements multiplicateurs","item":"https:\/\/www.swisssem.ch\/fr\/qui-sommes-nous\/2496-2\/"},{"@type":"ListItem","position":4,"name":"SEMAG"}]},{"@type":"WebSite","@id":"https:\/\/www.swisssem.ch\/de\/#website","url":"https:\/\/www.swisssem.ch\/de\/","name":"swisssem semence suisse","description":"","publisher":{"@id":"https:\/\/www.swisssem.ch\/de\/#organization"},"potentialAction":[{"@type":"SearchAction","target":{"@type":"EntryPoint","urlTemplate":"https:\/\/www.swisssem.ch\/de\/?s={search_term_string}"},"query-input":{"@type":"PropertyValueSpecification","valueRequired":true,"valueName":"search_term_string"}}],"inLanguage":"fr-FR"},{"@type":"Organization","@id":"https:\/\/www.swisssem.ch\/de\/#organization","name":"swisssem saatgut schweiz","url":"https:\/\/www.swisssem.ch\/de\/","logo":{"@type":"ImageObject","inLanguage":"fr-FR","@id":"https:\/\/www.swisssem.ch\/de\/#\/schema\/logo\/image\/","url":"https:\/\/www.swisssem.ch\/wp-content\/uploads\/2020\/03\/Logo_swisssem_RGB-1.jpg","contentUrl":"https:\/\/www.swisssem.ch\/wp-content\/uploads\/2020\/03\/Logo_swisssem_RGB-1.jpg","width":1684,"height":430,"caption":"swisssem saatgut schweiz"},"image":{"@id":"https:\/\/www.swisssem.ch\/de\/#\/schema\/logo\/image\/"}}]}},"_links":{"self":[{"href":"https:\/\/www.swisssem.ch\/fr\/wp-json\/wp\/v2\/pages\/3904","targetHints":{"allow":["GET"]}}],"collection":[{"href":"https:\/\/www.swisssem.ch\/fr\/wp-json\/wp\/v2\/pages"}],"about":[{"href":"https:\/\/www.swisssem.ch\/fr\/wp-json\/wp\/v2\/types\/page"}],"author":[{"embeddable":true,"href":"https:\/\/www.swisssem.ch\/fr\/wp-json\/wp\/v2\/users\/7"}],"replies":[{"embeddable":true,"href":"https:\/\/www.swisssem.ch\/fr\/wp-json\/wp\/v2\/comments?post=3904"}],"version-history":[{"count":16,"href":"https:\/\/www.swisssem.ch\/fr\/wp-json\/wp\/v2\/pages\/3904\/revisions"}],"predecessor-version":[{"id":8534,"href":"https:\/\/www.swisssem.ch\/fr\/wp-json\/wp\/v2\/pages\/3904\/revisions\/8534"}],"up":[{"embeddable":true,"href":"https:\/\/www.swisssem.ch\/fr\/wp-json\/wp\/v2\/pages\/2496"}],"wp:attachment":[{"href":"https:\/\/www.swisssem.ch\/fr\/wp-json\/wp\/v2\/media?parent=3904"}],"curies":[{"name":"wp","href":"https:\/\/api.w.org\/{rel}","templated":true}]}}