{"id":3900,"date":"2020-02-27T11:30:28","date_gmt":"2020-02-27T10:30:28","guid":{"rendered":"https:\/\/www.swisssem.ch\/?page_id=3900"},"modified":"2026-03-02T09:08:36","modified_gmt":"2026-03-02T08:08:36","slug":"lsg","status":"publish","type":"page","link":"https:\/\/www.swisssem.ch\/fr\/qui-sommes-nous\/2496-2\/lsg\/","title":{"rendered":"LSG"},"content":{"rendered":"\n<h2 class=\"wp-block-heading\">LSG<\/h2>\n\n\n\n<div class=\"wp-block-columns is-layout-flex wp-container-core-columns-is-layout-9d6595d7 wp-block-columns-is-layout-flex\">\n<div class=\"wp-block-column is-layout-flow wp-block-column-is-layout-flow\" style=\"flex-basis:30%\">\n<p>Luzernische Saatzucht-<br>genossenschaft (LSG)<br>Obstfeldstrasse 1<br>6210 Sursee<\/p>\n\n\n\n<p>Tel.&nbsp;: 058 433 65 90 <\/p>\n<\/div>\n\n\n\n<div class=\"wp-block-column is-layout-flow wp-block-column-is-layout-flow\" style=\"flex-basis:92.9%\">\n<figure class=\"wp-block-image size-large is-resized\"><img loading=\"lazy\" decoding=\"async\" width=\"1024\" height=\"347\" src=\"https:\/\/www.swisssem.ch\/wp-content\/uploads\/2020\/02\/LSG-1024x347.jpg\" alt=\"\" class=\"wp-image-2992\" style=\"width:256px;height:87px\" srcset=\"https:\/\/www.swisssem.ch\/wp-content\/uploads\/2020\/02\/LSG-1024x347.jpg 1024w, https:\/\/www.swisssem.ch\/wp-content\/uploads\/2020\/02\/LSG-300x102.jpg 300w, https:\/\/www.swisssem.ch\/wp-content\/uploads\/2020\/02\/LSG-768x261.jpg 768w\" sizes=\"auto, (max-width: 1024px) 100vw, 1024px\" \/><\/figure>\n\n\n\n<p><\/p>\n<\/div>\n<\/div>\n\n\n\n<p><strong>Pr\u00e9sident<\/strong> : Fritz Trachsel<\/p>\n\n\n\n<p><strong>G\u00e9rant<\/strong>: Patrick Kreienb\u00fchl <br>e-mail: <a href=\"mailto:patrick.kreienbuehl@inoverde.ch\">patrick.kreienbuehl@inoverde.ch<\/a><\/p>\n\n\n\n<p>Contrat de production avec 70 producteurs des syndicats des s\u00e9lectionneurs de Lucerne et Zoug pour:&nbsp;<br>Plants de pommes de terre: 50 ha \/ 1&rsquo;000 t<br>Semence de c\u00e9r\u00e9ales: 160 ha \/ 900 t<\/p>\n","protected":false},"excerpt":{"rendered":"<p>LSG Luzernische Saatzucht-genossenschaft (LSG)Obstfeldstrasse 16210 Sursee Tel.&nbsp;: 058 433 65 90 Pr\u00e9sident : Fritz Trachsel G\u00e9rant: Patrick Kreienb\u00fchl e-mail: patrick.kreienbuehl@inoverde.ch Contrat de production avec 70 producteurs des syndicats des s\u00e9lectionneurs de Lucerne et Zoug pour:&nbsp;Plants de pommes de terre: 50 ha \/ 1&rsquo;000 tSemence de c\u00e9r\u00e9ales: 160 ha \/ 900 t<\/p>\n","protected":false},"author":7,"featured_media":0,"parent":2496,"menu_order":205,"comment_status":"closed","ping_status":"closed","template":"","meta":{"_acf_changed":false,"footnotes":""},"class_list":["post-3900","page","type-page","status-publish","hentry"],"acf":[],"yoast_head":"<!-- This site is optimized with the Yoast SEO plugin v27.1.1 - https:\/\/yoast.com\/product\/yoast-seo-wordpress\/ -->\n<title>LSG - swisssem semence suisse<\/title>\n<meta name=\"robots\" content=\"index, follow, max-snippet:-1, max-image-preview:large, max-video-preview:-1\" \/>\n<link rel=\"canonical\" href=\"https:\/\/www.swisssem.ch\/fr\/qui-sommes-nous\/2496-2\/lsg\/\" \/>\n<meta property=\"og:locale\" content=\"fr_FR\" \/>\n<meta property=\"og:type\" content=\"article\" \/>\n<meta property=\"og:title\" content=\"LSG - swisssem semence suisse\" \/>\n<meta property=\"og:description\" content=\"LSG Luzernische Saatzucht-genossenschaft (LSG)Obstfeldstrasse 16210 Sursee Tel.&nbsp;: 058 433 65 90 Pr\u00e9sident : Fritz Trachsel G\u00e9rant: Patrick Kreienb\u00fchl e-mail: patrick.kreienbuehl@inoverde.ch Contrat de production avec 70 producteurs des syndicats des s\u00e9lectionneurs de Lucerne et Zoug pour:&nbsp;Plants de pommes de terre: 50 ha \/ 1&rsquo;000 tSemence de c\u00e9r\u00e9ales: 160 ha \/ 900 t\" \/>\n<meta property=\"og:url\" content=\"https:\/\/www.swisssem.ch\/fr\/qui-sommes-nous\/2496-2\/lsg\/\" \/>\n<meta property=\"og:site_name\" content=\"swisssem semence suisse\" \/>\n<meta property=\"article:modified_time\" content=\"2026-03-02T08:08:36+00:00\" \/>\n<meta property=\"og:image\" content=\"https:\/\/www.swisssem.ch\/wp-content\/uploads\/2020\/02\/LSG-1024x347.jpg\" \/>\n<meta name=\"twitter:card\" content=\"summary_large_image\" \/>\n<meta name=\"twitter:label1\" content=\"Dur\u00e9e de lecture estim\u00e9e\" \/>\n\t<meta name=\"twitter:data1\" content=\"1 minute\" \/>\n<script type=\"application\/ld+json\" class=\"yoast-schema-graph\">{\"@context\":\"https:\/\/schema.org\",\"@graph\":[{\"@type\":\"WebPage\",\"@id\":\"https:\/\/www.swisssem.ch\/fr\/qui-sommes-nous\/2496-2\/lsg\/\",\"url\":\"https:\/\/www.swisssem.ch\/fr\/qui-sommes-nous\/2496-2\/lsg\/\",\"name\":\"LSG - swisssem semence suisse\",\"isPartOf\":{\"@id\":\"https:\/\/www.swisssem.ch\/de\/#website\"},\"primaryImageOfPage\":{\"@id\":\"https:\/\/www.swisssem.ch\/fr\/qui-sommes-nous\/2496-2\/lsg\/#primaryimage\"},\"image\":{\"@id\":\"https:\/\/www.swisssem.ch\/fr\/qui-sommes-nous\/2496-2\/lsg\/#primaryimage\"},\"thumbnailUrl\":\"https:\/\/www.swisssem.ch\/wp-content\/uploads\/2020\/02\/LSG-1024x347.jpg\",\"datePublished\":\"2020-02-27T10:30:28+00:00\",\"dateModified\":\"2026-03-02T08:08:36+00:00\",\"breadcrumb\":{\"@id\":\"https:\/\/www.swisssem.ch\/fr\/qui-sommes-nous\/2496-2\/lsg\/#breadcrumb\"},\"inLanguage\":\"fr-FR\",\"potentialAction\":[{\"@type\":\"ReadAction\",\"target\":[\"https:\/\/www.swisssem.ch\/fr\/qui-sommes-nous\/2496-2\/lsg\/\"]}]},{\"@type\":\"ImageObject\",\"inLanguage\":\"fr-FR\",\"@id\":\"https:\/\/www.swisssem.ch\/fr\/qui-sommes-nous\/2496-2\/lsg\/#primaryimage\",\"url\":\"https:\/\/www.swisssem.ch\/wp-content\/uploads\/2020\/02\/LSG-1024x347.jpg\",\"contentUrl\":\"https:\/\/www.swisssem.ch\/wp-content\/uploads\/2020\/02\/LSG-1024x347.jpg\"},{\"@type\":\"BreadcrumbList\",\"@id\":\"https:\/\/www.swisssem.ch\/fr\/qui-sommes-nous\/2496-2\/lsg\/#breadcrumb\",\"itemListElement\":[{\"@type\":\"ListItem\",\"position\":1,\"name\":\"Home\",\"item\":\"https:\/\/www.swisssem.ch\/fr\/\"},{\"@type\":\"ListItem\",\"position\":2,\"name\":\"Qui sommes nous\",\"item\":\"https:\/\/www.swisssem.ch\/fr\/qui-sommes-nous\/\"},{\"@type\":\"ListItem\",\"position\":3,\"name\":\"Etablissements multiplicateurs\",\"item\":\"https:\/\/www.swisssem.ch\/fr\/qui-sommes-nous\/2496-2\/\"},{\"@type\":\"ListItem\",\"position\":4,\"name\":\"LSG\"}]},{\"@type\":\"WebSite\",\"@id\":\"https:\/\/www.swisssem.ch\/de\/#website\",\"url\":\"https:\/\/www.swisssem.ch\/de\/\",\"name\":\"swisssem semence suisse\",\"description\":\"\",\"publisher\":{\"@id\":\"https:\/\/www.swisssem.ch\/de\/#organization\"},\"potentialAction\":[{\"@type\":\"SearchAction\",\"target\":{\"@type\":\"EntryPoint\",\"urlTemplate\":\"https:\/\/www.swisssem.ch\/de\/?s={search_term_string}\"},\"query-input\":{\"@type\":\"PropertyValueSpecification\",\"valueRequired\":true,\"valueName\":\"search_term_string\"}}],\"inLanguage\":\"fr-FR\"},{\"@type\":\"Organization\",\"@id\":\"https:\/\/www.swisssem.ch\/de\/#organization\",\"name\":\"swisssem saatgut schweiz\",\"url\":\"https:\/\/www.swisssem.ch\/de\/\",\"logo\":{\"@type\":\"ImageObject\",\"inLanguage\":\"fr-FR\",\"@id\":\"https:\/\/www.swisssem.ch\/de\/#\/schema\/logo\/image\/\",\"url\":\"https:\/\/www.swisssem.ch\/wp-content\/uploads\/2020\/03\/Logo_swisssem_RGB-1.jpg\",\"contentUrl\":\"https:\/\/www.swisssem.ch\/wp-content\/uploads\/2020\/03\/Logo_swisssem_RGB-1.jpg\",\"width\":1684,\"height\":430,\"caption\":\"swisssem saatgut schweiz\"},\"image\":{\"@id\":\"https:\/\/www.swisssem.ch\/de\/#\/schema\/logo\/image\/\"}}]}<\/script>\n<!-- \/ Yoast SEO plugin. -->","yoast_head_json":{"title":"LSG - swisssem semence suisse","robots":{"index":"index","follow":"follow","max-snippet":"max-snippet:-1","max-image-preview":"max-image-preview:large","max-video-preview":"max-video-preview:-1"},"canonical":"https:\/\/www.swisssem.ch\/fr\/qui-sommes-nous\/2496-2\/lsg\/","og_locale":"fr_FR","og_type":"article","og_title":"LSG - swisssem semence suisse","og_description":"LSG Luzernische Saatzucht-genossenschaft (LSG)Obstfeldstrasse 16210 Sursee Tel.&nbsp;: 058 433 65 90 Pr\u00e9sident : Fritz Trachsel G\u00e9rant: Patrick Kreienb\u00fchl e-mail: patrick.kreienbuehl@inoverde.ch Contrat de production avec 70 producteurs des syndicats des s\u00e9lectionneurs de Lucerne et Zoug pour:&nbsp;Plants de pommes de terre: 50 ha \/ 1&rsquo;000 tSemence de c\u00e9r\u00e9ales: 160 ha \/ 900 t","og_url":"https:\/\/www.swisssem.ch\/fr\/qui-sommes-nous\/2496-2\/lsg\/","og_site_name":"swisssem semence suisse","article_modified_time":"2026-03-02T08:08:36+00:00","og_image":[{"url":"https:\/\/www.swisssem.ch\/wp-content\/uploads\/2020\/02\/LSG-1024x347.jpg","type":"","width":"","height":""}],"twitter_card":"summary_large_image","twitter_misc":{"Dur\u00e9e de lecture estim\u00e9e":"1 minute"},"schema":{"@context":"https:\/\/schema.org","@graph":[{"@type":"WebPage","@id":"https:\/\/www.swisssem.ch\/fr\/qui-sommes-nous\/2496-2\/lsg\/","url":"https:\/\/www.swisssem.ch\/fr\/qui-sommes-nous\/2496-2\/lsg\/","name":"LSG - swisssem semence suisse","isPartOf":{"@id":"https:\/\/www.swisssem.ch\/de\/#website"},"primaryImageOfPage":{"@id":"https:\/\/www.swisssem.ch\/fr\/qui-sommes-nous\/2496-2\/lsg\/#primaryimage"},"image":{"@id":"https:\/\/www.swisssem.ch\/fr\/qui-sommes-nous\/2496-2\/lsg\/#primaryimage"},"thumbnailUrl":"https:\/\/www.swisssem.ch\/wp-content\/uploads\/2020\/02\/LSG-1024x347.jpg","datePublished":"2020-02-27T10:30:28+00:00","dateModified":"2026-03-02T08:08:36+00:00","breadcrumb":{"@id":"https:\/\/www.swisssem.ch\/fr\/qui-sommes-nous\/2496-2\/lsg\/#breadcrumb"},"inLanguage":"fr-FR","potentialAction":[{"@type":"ReadAction","target":["https:\/\/www.swisssem.ch\/fr\/qui-sommes-nous\/2496-2\/lsg\/"]}]},{"@type":"ImageObject","inLanguage":"fr-FR","@id":"https:\/\/www.swisssem.ch\/fr\/qui-sommes-nous\/2496-2\/lsg\/#primaryimage","url":"https:\/\/www.swisssem.ch\/wp-content\/uploads\/2020\/02\/LSG-1024x347.jpg","contentUrl":"https:\/\/www.swisssem.ch\/wp-content\/uploads\/2020\/02\/LSG-1024x347.jpg"},{"@type":"BreadcrumbList","@id":"https:\/\/www.swisssem.ch\/fr\/qui-sommes-nous\/2496-2\/lsg\/#breadcrumb","itemListElement":[{"@type":"ListItem","position":1,"name":"Home","item":"https:\/\/www.swisssem.ch\/fr\/"},{"@type":"ListItem","position":2,"name":"Qui sommes nous","item":"https:\/\/www.swisssem.ch\/fr\/qui-sommes-nous\/"},{"@type":"ListItem","position":3,"name":"Etablissements multiplicateurs","item":"https:\/\/www.swisssem.ch\/fr\/qui-sommes-nous\/2496-2\/"},{"@type":"ListItem","position":4,"name":"LSG"}]},{"@type":"WebSite","@id":"https:\/\/www.swisssem.ch\/de\/#website","url":"https:\/\/www.swisssem.ch\/de\/","name":"swisssem semence suisse","description":"","publisher":{"@id":"https:\/\/www.swisssem.ch\/de\/#organization"},"potentialAction":[{"@type":"SearchAction","target":{"@type":"EntryPoint","urlTemplate":"https:\/\/www.swisssem.ch\/de\/?s={search_term_string}"},"query-input":{"@type":"PropertyValueSpecification","valueRequired":true,"valueName":"search_term_string"}}],"inLanguage":"fr-FR"},{"@type":"Organization","@id":"https:\/\/www.swisssem.ch\/de\/#organization","name":"swisssem saatgut schweiz","url":"https:\/\/www.swisssem.ch\/de\/","logo":{"@type":"ImageObject","inLanguage":"fr-FR","@id":"https:\/\/www.swisssem.ch\/de\/#\/schema\/logo\/image\/","url":"https:\/\/www.swisssem.ch\/wp-content\/uploads\/2020\/03\/Logo_swisssem_RGB-1.jpg","contentUrl":"https:\/\/www.swisssem.ch\/wp-content\/uploads\/2020\/03\/Logo_swisssem_RGB-1.jpg","width":1684,"height":430,"caption":"swisssem saatgut schweiz"},"image":{"@id":"https:\/\/www.swisssem.ch\/de\/#\/schema\/logo\/image\/"}}]}},"_links":{"self":[{"href":"https:\/\/www.swisssem.ch\/fr\/wp-json\/wp\/v2\/pages\/3900","targetHints":{"allow":["GET"]}}],"collection":[{"href":"https:\/\/www.swisssem.ch\/fr\/wp-json\/wp\/v2\/pages"}],"about":[{"href":"https:\/\/www.swisssem.ch\/fr\/wp-json\/wp\/v2\/types\/page"}],"author":[{"embeddable":true,"href":"https:\/\/www.swisssem.ch\/fr\/wp-json\/wp\/v2\/users\/7"}],"replies":[{"embeddable":true,"href":"https:\/\/www.swisssem.ch\/fr\/wp-json\/wp\/v2\/comments?post=3900"}],"version-history":[{"count":13,"href":"https:\/\/www.swisssem.ch\/fr\/wp-json\/wp\/v2\/pages\/3900\/revisions"}],"predecessor-version":[{"id":12860,"href":"https:\/\/www.swisssem.ch\/fr\/wp-json\/wp\/v2\/pages\/3900\/revisions\/12860"}],"up":[{"embeddable":true,"href":"https:\/\/www.swisssem.ch\/fr\/wp-json\/wp\/v2\/pages\/2496"}],"wp:attachment":[{"href":"https:\/\/www.swisssem.ch\/fr\/wp-json\/wp\/v2\/media?parent=3900"}],"curies":[{"name":"wp","href":"https:\/\/api.w.org\/{rel}","templated":true}]}}