{"id":3879,"date":"2020-02-27T11:06:26","date_gmt":"2020-02-27T10:06:26","guid":{"rendered":"https:\/\/www.swisssem.ch\/?page_id=3879"},"modified":"2025-02-26T11:18:00","modified_gmt":"2025-02-26T10:18:00","slug":"sativa","status":"publish","type":"page","link":"https:\/\/www.swisssem.ch\/fr\/qui-sommes-nous\/2496-2\/sativa\/","title":{"rendered":"Sativa"},"content":{"rendered":"\n<h2 class=\"wp-block-heading\">SAT<\/h2>\n\n\n\n<div class=\"wp-block-group\"><div class=\"wp-block-group__inner-container is-layout-flow wp-block-group-is-layout-flow\">\n<div class=\"wp-block-columns is-layout-flex wp-container-core-columns-is-layout-9d6595d7 wp-block-columns-is-layout-flex\">\n<div class=\"wp-block-column is-layout-flow wp-block-column-is-layout-flow\">\n<p>Sativa Rheinau AG<br>Chorbstrasse 43<br>CH-8462 Rheinau<br><\/p>\n\n\n\n<p><\/p>\n\n\n\n<p><\/p>\n<\/div>\n\n\n\n<div class=\"wp-block-column is-layout-flow wp-block-column-is-layout-flow\">\n<figure class=\"wp-block-image size-large\"><img loading=\"lazy\" decoding=\"async\" width=\"1024\" height=\"392\" src=\"https:\/\/www.swisssem.ch\/wp-content\/uploads\/2022\/05\/sativa-logo-1-1024x392.png\" alt=\"\" class=\"wp-image-9277\" srcset=\"https:\/\/www.swisssem.ch\/wp-content\/uploads\/2022\/05\/sativa-logo-1-1024x392.png 1024w, https:\/\/www.swisssem.ch\/wp-content\/uploads\/2022\/05\/sativa-logo-1-300x115.png 300w, https:\/\/www.swisssem.ch\/wp-content\/uploads\/2022\/05\/sativa-logo-1-768x294.png 768w, https:\/\/www.swisssem.ch\/wp-content\/uploads\/2022\/05\/sativa-logo-1-1536x588.png 1536w, https:\/\/www.swisssem.ch\/wp-content\/uploads\/2022\/05\/sativa-logo-1.png 1886w\" sizes=\"auto, (max-width: 1024px) 100vw, 1024px\" \/><\/figure>\n\n\n\n<p><\/p>\n<\/div>\n\n\n\n<div class=\"wp-block-column is-layout-flow wp-block-column-is-layout-flow\"><\/div>\n<\/div>\n<\/div><\/div>\n\n\n\n<p><a href=\"http:\/\/www.sativa-rheinau.ch\">w<\/a><a rel=\"noreferrer noopener\" aria-label=\"ww.sativa-rheinau.ch (ouverture dans un nouvel onglet)\" href=\"https:\/\/www.sativa-rheinau.ch\/fr.html\" target=\"_blank\">ww.sativa-rheinau.ch<\/a> \/ <a href=\"http:\/\/www.sativa.bio\">www.sativa.bio<\/a><\/p>\n\n\n\n<p>E-Mail: \u00a0<a href=\"mailto:info@sativa.bio\">info@sativa.bio<\/a><br>T\u00e9l. 052 304 91 00<\/p>\n\n\n\n<p><\/p>\n\n\n\n<p><strong>Pr\u00e9sident et g\u00e9rant<\/strong><br>Amadeus Zschunke  <\/p>\n\n\n\n<p>Avec nos producteurs de semences bio, nous fournissons une large gamme de semences de c\u00e9r\u00e9ales, de graines ol\u00e9agineuses, de l\u00e9gumineuses \u00e0 grains, de tr\u00e8fles et de gramin\u00e9es fourrag\u00e8res pour r\u00e9pondre aux besoins sp\u00e9cifiques de l\u2019agriculture bio. Et nous \u0153uvrons par conviction pour du 100% bio &#8211; pour toutes les cultures.<\/p>\n\n\n\n<p>Sativa \u2026<\/p>\n\n\n\n<p>\u2022 est active en tant qu\u2019\u00e9tablissement multiplicateur. Nous sommes le seul EM \u00e0 produire exclusivement des semences biologiques et biodynamiques avec nos exploitations multiplicatrices.<\/p>\n\n\n\n<p>\u2022 \u00e9change activement avec d\u2019autres s\u00e9lectionneurs bio en Europe. Gr\u00e2ce \u00e0 la fourniture de semences pour les tests des vari\u00e9t\u00e9s et les essais pratiques, de nouveaux cultivars tr\u00e8s prometteurs sont disponibles en Suisse pour l\u2019agriculture bio.<\/p>\n\n\n\n<p>\u2022 s\u2019engage pour plus de diversit\u00e9 vari\u00e9tale. Avec la production de semences d\u2019avant-garde et de base, nous contribuons activement au d\u00e9veloppement de nouvelles vari\u00e9t\u00e9s. Ainsi les productrices et producteurs peuvent choisir les mieux adapt\u00e9es \u00e0 leur exploitation bio.<\/p>\n\n\n\n<p>\u2022 est en outre le seul EM \u00e0 produire des semences de niche, telles que celles de colza bio, sarrasin, lin, et millet en Suisse.<\/p>\n","protected":false},"excerpt":{"rendered":"<p>SAT Sativa Rheinau AGChorbstrasse 43CH-8462 Rheinau www.sativa-rheinau.ch \/ www.sativa.bio E-Mail: \u00a0info@sativa.bioT\u00e9l. 052 304 91 00 Pr\u00e9sident et g\u00e9rantAmadeus Zschunke Avec nos producteurs de semences bio, nous fournissons une large gamme de semences de c\u00e9r\u00e9ales, de graines ol\u00e9agineuses, de l\u00e9gumineuses \u00e0 grains, de tr\u00e8fles et de gramin\u00e9es fourrag\u00e8res pour r\u00e9pondre aux besoins sp\u00e9cifiques de l\u2019agriculture bio. [&hellip;]<\/p>\n","protected":false},"author":7,"featured_media":0,"parent":2496,"menu_order":202,"comment_status":"closed","ping_status":"closed","template":"","meta":{"_acf_changed":false,"footnotes":""},"class_list":["post-3879","page","type-page","status-publish","hentry"],"acf":[],"yoast_head":"<!-- This site is optimized with the Yoast SEO plugin v27.1.1 - https:\/\/yoast.com\/product\/yoast-seo-wordpress\/ -->\n<title>Sativa - swisssem semence suisse<\/title>\n<meta name=\"robots\" content=\"index, follow, max-snippet:-1, max-image-preview:large, max-video-preview:-1\" \/>\n<link rel=\"canonical\" href=\"https:\/\/www.swisssem.ch\/fr\/qui-sommes-nous\/2496-2\/sativa\/\" \/>\n<meta property=\"og:locale\" content=\"fr_FR\" \/>\n<meta property=\"og:type\" content=\"article\" \/>\n<meta property=\"og:title\" content=\"Sativa - swisssem semence suisse\" \/>\n<meta property=\"og:description\" content=\"SAT Sativa Rheinau AGChorbstrasse 43CH-8462 Rheinau www.sativa-rheinau.ch \/ www.sativa.bio E-Mail: \u00a0info@sativa.bioT\u00e9l. 052 304 91 00 Pr\u00e9sident et g\u00e9rantAmadeus Zschunke Avec nos producteurs de semences bio, nous fournissons une large gamme de semences de c\u00e9r\u00e9ales, de graines ol\u00e9agineuses, de l\u00e9gumineuses \u00e0 grains, de tr\u00e8fles et de gramin\u00e9es fourrag\u00e8res pour r\u00e9pondre aux besoins sp\u00e9cifiques de l\u2019agriculture bio. [&hellip;]\" \/>\n<meta property=\"og:url\" content=\"https:\/\/www.swisssem.ch\/fr\/qui-sommes-nous\/2496-2\/sativa\/\" \/>\n<meta property=\"og:site_name\" content=\"swisssem semence suisse\" \/>\n<meta property=\"article:modified_time\" content=\"2025-02-26T10:18:00+00:00\" \/>\n<meta property=\"og:image\" content=\"https:\/\/www.swisssem.ch\/wp-content\/uploads\/2022\/05\/sativa-logo-1-1024x392.png\" \/>\n<meta name=\"twitter:card\" content=\"summary_large_image\" \/>\n<meta name=\"twitter:label1\" content=\"Dur\u00e9e de lecture estim\u00e9e\" \/>\n\t<meta name=\"twitter:data1\" content=\"2 minutes\" \/>\n<script type=\"application\/ld+json\" class=\"yoast-schema-graph\">{\"@context\":\"https:\/\/schema.org\",\"@graph\":[{\"@type\":\"WebPage\",\"@id\":\"https:\/\/www.swisssem.ch\/fr\/qui-sommes-nous\/2496-2\/sativa\/\",\"url\":\"https:\/\/www.swisssem.ch\/fr\/qui-sommes-nous\/2496-2\/sativa\/\",\"name\":\"Sativa - swisssem semence suisse\",\"isPartOf\":{\"@id\":\"https:\/\/www.swisssem.ch\/de\/#website\"},\"primaryImageOfPage\":{\"@id\":\"https:\/\/www.swisssem.ch\/fr\/qui-sommes-nous\/2496-2\/sativa\/#primaryimage\"},\"image\":{\"@id\":\"https:\/\/www.swisssem.ch\/fr\/qui-sommes-nous\/2496-2\/sativa\/#primaryimage\"},\"thumbnailUrl\":\"https:\/\/www.swisssem.ch\/wp-content\/uploads\/2022\/05\/sativa-logo-1-1024x392.png\",\"datePublished\":\"2020-02-27T10:06:26+00:00\",\"dateModified\":\"2025-02-26T10:18:00+00:00\",\"breadcrumb\":{\"@id\":\"https:\/\/www.swisssem.ch\/fr\/qui-sommes-nous\/2496-2\/sativa\/#breadcrumb\"},\"inLanguage\":\"fr-FR\",\"potentialAction\":[{\"@type\":\"ReadAction\",\"target\":[\"https:\/\/www.swisssem.ch\/fr\/qui-sommes-nous\/2496-2\/sativa\/\"]}]},{\"@type\":\"ImageObject\",\"inLanguage\":\"fr-FR\",\"@id\":\"https:\/\/www.swisssem.ch\/fr\/qui-sommes-nous\/2496-2\/sativa\/#primaryimage\",\"url\":\"https:\/\/www.swisssem.ch\/wp-content\/uploads\/2022\/05\/sativa-logo-1-1024x392.png\",\"contentUrl\":\"https:\/\/www.swisssem.ch\/wp-content\/uploads\/2022\/05\/sativa-logo-1-1024x392.png\"},{\"@type\":\"BreadcrumbList\",\"@id\":\"https:\/\/www.swisssem.ch\/fr\/qui-sommes-nous\/2496-2\/sativa\/#breadcrumb\",\"itemListElement\":[{\"@type\":\"ListItem\",\"position\":1,\"name\":\"Home\",\"item\":\"https:\/\/www.swisssem.ch\/fr\/\"},{\"@type\":\"ListItem\",\"position\":2,\"name\":\"Qui sommes nous\",\"item\":\"https:\/\/www.swisssem.ch\/fr\/qui-sommes-nous\/\"},{\"@type\":\"ListItem\",\"position\":3,\"name\":\"Etablissements multiplicateurs\",\"item\":\"https:\/\/www.swisssem.ch\/fr\/qui-sommes-nous\/2496-2\/\"},{\"@type\":\"ListItem\",\"position\":4,\"name\":\"Sativa\"}]},{\"@type\":\"WebSite\",\"@id\":\"https:\/\/www.swisssem.ch\/de\/#website\",\"url\":\"https:\/\/www.swisssem.ch\/de\/\",\"name\":\"swisssem semence suisse\",\"description\":\"\",\"publisher\":{\"@id\":\"https:\/\/www.swisssem.ch\/de\/#organization\"},\"potentialAction\":[{\"@type\":\"SearchAction\",\"target\":{\"@type\":\"EntryPoint\",\"urlTemplate\":\"https:\/\/www.swisssem.ch\/de\/?s={search_term_string}\"},\"query-input\":{\"@type\":\"PropertyValueSpecification\",\"valueRequired\":true,\"valueName\":\"search_term_string\"}}],\"inLanguage\":\"fr-FR\"},{\"@type\":\"Organization\",\"@id\":\"https:\/\/www.swisssem.ch\/de\/#organization\",\"name\":\"swisssem saatgut schweiz\",\"url\":\"https:\/\/www.swisssem.ch\/de\/\",\"logo\":{\"@type\":\"ImageObject\",\"inLanguage\":\"fr-FR\",\"@id\":\"https:\/\/www.swisssem.ch\/de\/#\/schema\/logo\/image\/\",\"url\":\"https:\/\/www.swisssem.ch\/wp-content\/uploads\/2020\/03\/Logo_swisssem_RGB-1.jpg\",\"contentUrl\":\"https:\/\/www.swisssem.ch\/wp-content\/uploads\/2020\/03\/Logo_swisssem_RGB-1.jpg\",\"width\":1684,\"height\":430,\"caption\":\"swisssem saatgut schweiz\"},\"image\":{\"@id\":\"https:\/\/www.swisssem.ch\/de\/#\/schema\/logo\/image\/\"}}]}<\/script>\n<!-- \/ Yoast SEO plugin. -->","yoast_head_json":{"title":"Sativa - swisssem semence suisse","robots":{"index":"index","follow":"follow","max-snippet":"max-snippet:-1","max-image-preview":"max-image-preview:large","max-video-preview":"max-video-preview:-1"},"canonical":"https:\/\/www.swisssem.ch\/fr\/qui-sommes-nous\/2496-2\/sativa\/","og_locale":"fr_FR","og_type":"article","og_title":"Sativa - swisssem semence suisse","og_description":"SAT Sativa Rheinau AGChorbstrasse 43CH-8462 Rheinau www.sativa-rheinau.ch \/ www.sativa.bio E-Mail: \u00a0info@sativa.bioT\u00e9l. 052 304 91 00 Pr\u00e9sident et g\u00e9rantAmadeus Zschunke Avec nos producteurs de semences bio, nous fournissons une large gamme de semences de c\u00e9r\u00e9ales, de graines ol\u00e9agineuses, de l\u00e9gumineuses \u00e0 grains, de tr\u00e8fles et de gramin\u00e9es fourrag\u00e8res pour r\u00e9pondre aux besoins sp\u00e9cifiques de l\u2019agriculture bio. [&hellip;]","og_url":"https:\/\/www.swisssem.ch\/fr\/qui-sommes-nous\/2496-2\/sativa\/","og_site_name":"swisssem semence suisse","article_modified_time":"2025-02-26T10:18:00+00:00","og_image":[{"url":"https:\/\/www.swisssem.ch\/wp-content\/uploads\/2022\/05\/sativa-logo-1-1024x392.png","type":"","width":"","height":""}],"twitter_card":"summary_large_image","twitter_misc":{"Dur\u00e9e de lecture estim\u00e9e":"2 minutes"},"schema":{"@context":"https:\/\/schema.org","@graph":[{"@type":"WebPage","@id":"https:\/\/www.swisssem.ch\/fr\/qui-sommes-nous\/2496-2\/sativa\/","url":"https:\/\/www.swisssem.ch\/fr\/qui-sommes-nous\/2496-2\/sativa\/","name":"Sativa - swisssem semence suisse","isPartOf":{"@id":"https:\/\/www.swisssem.ch\/de\/#website"},"primaryImageOfPage":{"@id":"https:\/\/www.swisssem.ch\/fr\/qui-sommes-nous\/2496-2\/sativa\/#primaryimage"},"image":{"@id":"https:\/\/www.swisssem.ch\/fr\/qui-sommes-nous\/2496-2\/sativa\/#primaryimage"},"thumbnailUrl":"https:\/\/www.swisssem.ch\/wp-content\/uploads\/2022\/05\/sativa-logo-1-1024x392.png","datePublished":"2020-02-27T10:06:26+00:00","dateModified":"2025-02-26T10:18:00+00:00","breadcrumb":{"@id":"https:\/\/www.swisssem.ch\/fr\/qui-sommes-nous\/2496-2\/sativa\/#breadcrumb"},"inLanguage":"fr-FR","potentialAction":[{"@type":"ReadAction","target":["https:\/\/www.swisssem.ch\/fr\/qui-sommes-nous\/2496-2\/sativa\/"]}]},{"@type":"ImageObject","inLanguage":"fr-FR","@id":"https:\/\/www.swisssem.ch\/fr\/qui-sommes-nous\/2496-2\/sativa\/#primaryimage","url":"https:\/\/www.swisssem.ch\/wp-content\/uploads\/2022\/05\/sativa-logo-1-1024x392.png","contentUrl":"https:\/\/www.swisssem.ch\/wp-content\/uploads\/2022\/05\/sativa-logo-1-1024x392.png"},{"@type":"BreadcrumbList","@id":"https:\/\/www.swisssem.ch\/fr\/qui-sommes-nous\/2496-2\/sativa\/#breadcrumb","itemListElement":[{"@type":"ListItem","position":1,"name":"Home","item":"https:\/\/www.swisssem.ch\/fr\/"},{"@type":"ListItem","position":2,"name":"Qui sommes nous","item":"https:\/\/www.swisssem.ch\/fr\/qui-sommes-nous\/"},{"@type":"ListItem","position":3,"name":"Etablissements multiplicateurs","item":"https:\/\/www.swisssem.ch\/fr\/qui-sommes-nous\/2496-2\/"},{"@type":"ListItem","position":4,"name":"Sativa"}]},{"@type":"WebSite","@id":"https:\/\/www.swisssem.ch\/de\/#website","url":"https:\/\/www.swisssem.ch\/de\/","name":"swisssem semence suisse","description":"","publisher":{"@id":"https:\/\/www.swisssem.ch\/de\/#organization"},"potentialAction":[{"@type":"SearchAction","target":{"@type":"EntryPoint","urlTemplate":"https:\/\/www.swisssem.ch\/de\/?s={search_term_string}"},"query-input":{"@type":"PropertyValueSpecification","valueRequired":true,"valueName":"search_term_string"}}],"inLanguage":"fr-FR"},{"@type":"Organization","@id":"https:\/\/www.swisssem.ch\/de\/#organization","name":"swisssem saatgut schweiz","url":"https:\/\/www.swisssem.ch\/de\/","logo":{"@type":"ImageObject","inLanguage":"fr-FR","@id":"https:\/\/www.swisssem.ch\/de\/#\/schema\/logo\/image\/","url":"https:\/\/www.swisssem.ch\/wp-content\/uploads\/2020\/03\/Logo_swisssem_RGB-1.jpg","contentUrl":"https:\/\/www.swisssem.ch\/wp-content\/uploads\/2020\/03\/Logo_swisssem_RGB-1.jpg","width":1684,"height":430,"caption":"swisssem saatgut schweiz"},"image":{"@id":"https:\/\/www.swisssem.ch\/de\/#\/schema\/logo\/image\/"}}]}},"_links":{"self":[{"href":"https:\/\/www.swisssem.ch\/fr\/wp-json\/wp\/v2\/pages\/3879","targetHints":{"allow":["GET"]}}],"collection":[{"href":"https:\/\/www.swisssem.ch\/fr\/wp-json\/wp\/v2\/pages"}],"about":[{"href":"https:\/\/www.swisssem.ch\/fr\/wp-json\/wp\/v2\/types\/page"}],"author":[{"embeddable":true,"href":"https:\/\/www.swisssem.ch\/fr\/wp-json\/wp\/v2\/users\/7"}],"replies":[{"embeddable":true,"href":"https:\/\/www.swisssem.ch\/fr\/wp-json\/wp\/v2\/comments?post=3879"}],"version-history":[{"count":16,"href":"https:\/\/www.swisssem.ch\/fr\/wp-json\/wp\/v2\/pages\/3879\/revisions"}],"predecessor-version":[{"id":12225,"href":"https:\/\/www.swisssem.ch\/fr\/wp-json\/wp\/v2\/pages\/3879\/revisions\/12225"}],"up":[{"embeddable":true,"href":"https:\/\/www.swisssem.ch\/fr\/wp-json\/wp\/v2\/pages\/2496"}],"wp:attachment":[{"href":"https:\/\/www.swisssem.ch\/fr\/wp-json\/wp\/v2\/media?parent=3879"}],"curies":[{"name":"wp","href":"https:\/\/api.w.org\/{rel}","templated":true}]}}