{"id":3720,"date":"2020-02-17T17:14:36","date_gmt":"2020-02-17T16:14:36","guid":{"rendered":"https:\/\/www.swisssem.ch\/qui-sommes-nous\/stiftung-schloss\/bibliografie\/"},"modified":"2020-04-30T16:05:14","modified_gmt":"2020-04-30T14:05:14","slug":"bibliografie","status":"publish","type":"page","link":"https:\/\/www.swisssem.ch\/fr\/qui-sommes-nous\/stiftung-schloss\/bibliografie\/","title":{"rendered":"Bibliographie"},"content":{"rendered":"\n<div class=\"wp-block-columns is-layout-flex wp-container-core-columns-is-layout-9d6595d7 wp-block-columns-is-layout-flex\">\n<div class=\"wp-block-column is-layout-flow wp-block-column-is-layout-flow\" style=\"flex-basis:33.33%\">\n<h1 class=\"wp-block-heading\">Bibliographie<\/h1>\n<\/div>\n\n\n\n<div class=\"wp-block-column is-layout-flow wp-block-column-is-layout-flow\" style=\"flex-basis:66.66%\">\n<figure class=\"wp-block-image size-large\"><img loading=\"lazy\" decoding=\"async\" width=\"1024\" height=\"678\" src=\"https:\/\/www.swisssem.ch\/wp-content\/uploads\/2020\/02\/DSC_0966-1024x678.jpg\" alt=\"\" class=\"wp-image-3480\" srcset=\"https:\/\/www.swisssem.ch\/wp-content\/uploads\/2020\/02\/DSC_0966-1024x678.jpg 1024w, https:\/\/www.swisssem.ch\/wp-content\/uploads\/2020\/02\/DSC_0966-300x199.jpg 300w, https:\/\/www.swisssem.ch\/wp-content\/uploads\/2020\/02\/DSC_0966-768x509.jpg 768w\" sizes=\"auto, (max-width: 1024px) 100vw, 1024px\" \/><\/figure>\n\n\n\n<p><\/p>\n<\/div>\n<\/div>\n\n\n\n<ul class=\"wp-block-list\"><li>Textes (sauf les jardins) : Annakatharina Walser Beglinger<\/li><li>Archives de la famille de Castella,&nbsp; Monnaz<\/li><li>Monsieur Pierre de Castella, Monnaz<\/li><li>Monsieur Pierre Piller, Granges-Paccot<\/li><li>Das B\u00fcrgerhaus der Schweiz, Hrsg. vom SIA, 30 B\u00e4nde, Z\u00fcrich und Leipzig, Orell F\u00fcssli Verlag, 1909-1937 (Bd. 20, Kanton Freiburg 1928)<\/li><li>Christian Renfer et Eduard Widmer, Schl\u00f6sser und Landsitze der Schweiz, Z\u00fcrich, Editions Ex Libris, 1985<\/li><li>Paul M\u00fcller, Schloss Delley: Schl\u00f6sser und Landsitze der Schweiz, Z\u00fcrich, Editions Ex Libris , 1985, S. 102-103<\/li><li>Pierre de Castella, La seigneurie de Delley: Bulletin. Institut fribourgeois d&rsquo;h\u00e9raldique et de g\u00e9n\u00e9alogie, No 23, Dez. 1994, S. 28-39<\/li><li>Charles de Castella, Die Architekturzeichnungen, Ausstellungskatalog, Museum f\u00fcr Kunst und Geschichte Freiburg, 1995&nbsp;<\/li><li>Bernard de Vevey, Ch\u00e2teaux et maisons fortes du canton de Fribourg, Archives de la soci\u00e9t\u00e9 d\u2019histoire du canton de Fribourg, Bd. XXIV, Fribourg, Imprimerie Fragni\u00e8re SA, 1978, S. 96-99<\/li><li>\u201eUne famille fribourgeoise \u00e9toil\u00e9e: les Castella\u201c, Biblioth\u00e8que cantonale et universitaire de Fribourg, 2012<\/li><\/ul>\n\n\n\n<!-- linklist component -->\n\n\t<ul class=\"linklist\">\n\t\t\t\t\t<li>\n\t\t\t\t<a href=\"https:\/\/www.swisssem.ch\/fr\/qui-sommes-nous\/stiftung-schloss\/\" target=\"\">\n\t\t\t\t\t<span>\n\t\t\t\t\t\t<svg xmlns=\"http:\/\/www.w3.org\/2000\/svg\" data-name=\"Ebene 1\" viewBox=\"0 0 23.82 20.35\">\n\t\t\t\t\t\t\t<path d=\"M13.51 20.35L12 18.75l7.56-7.42H0V9h19.52L12 1.6 13.51 0l10.31 10.18z\"\/>\n\t\t\t\t\t\t<\/svg>\n\t\t\t\t\t<\/span>\n\t\t\t\t\tFondation du ch\u00e2teau de Delley\t\t\t\t<\/a>\n\t\t\t<\/li>\n\t\t\t<\/ul>\n<!-- end of linklist component -->\n\n","protected":false},"excerpt":{"rendered":"<p>Bibliographie Textes (sauf les jardins) : Annakatharina Walser Beglinger Archives de la famille de Castella,&nbsp; Monnaz Monsieur Pierre de Castella, Monnaz Monsieur Pierre Piller, Granges-Paccot Das B\u00fcrgerhaus der Schweiz, Hrsg. vom SIA, 30 B\u00e4nde, Z\u00fcrich und Leipzig, Orell F\u00fcssli Verlag, 1909-1937 (Bd. 20, Kanton Freiburg 1928) Christian Renfer et Eduard Widmer, Schl\u00f6sser und Landsitze der [&hellip;]<\/p>\n","protected":false},"author":6,"featured_media":0,"parent":3588,"menu_order":190,"comment_status":"closed","ping_status":"closed","template":"","meta":{"_acf_changed":false,"footnotes":""},"class_list":["post-3720","page","type-page","status-publish","hentry"],"acf":[],"yoast_head":"<!-- This site is optimized with the Yoast SEO plugin v27.1.1 - https:\/\/yoast.com\/product\/yoast-seo-wordpress\/ -->\n<title>Bibliographie - swisssem semence suisse<\/title>\n<meta name=\"robots\" content=\"index, follow, max-snippet:-1, max-image-preview:large, max-video-preview:-1\" \/>\n<link rel=\"canonical\" href=\"https:\/\/www.swisssem.ch\/fr\/qui-sommes-nous\/stiftung-schloss\/bibliografie\/\" \/>\n<meta property=\"og:locale\" content=\"fr_FR\" \/>\n<meta property=\"og:type\" content=\"article\" \/>\n<meta property=\"og:title\" content=\"Bibliographie - swisssem semence suisse\" \/>\n<meta property=\"og:description\" content=\"Bibliographie Textes (sauf les jardins) : Annakatharina Walser Beglinger Archives de la famille de Castella,&nbsp; Monnaz Monsieur Pierre de Castella, Monnaz Monsieur Pierre Piller, Granges-Paccot Das B\u00fcrgerhaus der Schweiz, Hrsg. vom SIA, 30 B\u00e4nde, Z\u00fcrich und Leipzig, Orell F\u00fcssli Verlag, 1909-1937 (Bd. 20, Kanton Freiburg 1928) Christian Renfer et Eduard Widmer, Schl\u00f6sser und Landsitze der [&hellip;]\" \/>\n<meta property=\"og:url\" content=\"https:\/\/www.swisssem.ch\/fr\/qui-sommes-nous\/stiftung-schloss\/bibliografie\/\" \/>\n<meta property=\"og:site_name\" content=\"swisssem semence suisse\" \/>\n<meta property=\"article:modified_time\" content=\"2020-04-30T14:05:14+00:00\" \/>\n<meta property=\"og:image\" content=\"https:\/\/www.swisssem.ch\/wp-content\/uploads\/2020\/02\/DSC_0966-1024x678.jpg\" \/>\n<meta name=\"twitter:card\" content=\"summary_large_image\" \/>\n<meta name=\"twitter:label1\" content=\"Dur\u00e9e de lecture estim\u00e9e\" \/>\n\t<meta name=\"twitter:data1\" content=\"1 minute\" \/>\n<script type=\"application\/ld+json\" class=\"yoast-schema-graph\">{\"@context\":\"https:\/\/schema.org\",\"@graph\":[{\"@type\":\"WebPage\",\"@id\":\"https:\/\/www.swisssem.ch\/fr\/qui-sommes-nous\/stiftung-schloss\/bibliografie\/\",\"url\":\"https:\/\/www.swisssem.ch\/fr\/qui-sommes-nous\/stiftung-schloss\/bibliografie\/\",\"name\":\"Bibliographie - swisssem semence suisse\",\"isPartOf\":{\"@id\":\"https:\/\/www.swisssem.ch\/de\/#website\"},\"primaryImageOfPage\":{\"@id\":\"https:\/\/www.swisssem.ch\/fr\/qui-sommes-nous\/stiftung-schloss\/bibliografie\/#primaryimage\"},\"image\":{\"@id\":\"https:\/\/www.swisssem.ch\/fr\/qui-sommes-nous\/stiftung-schloss\/bibliografie\/#primaryimage\"},\"thumbnailUrl\":\"https:\/\/www.swisssem.ch\/wp-content\/uploads\/2020\/02\/DSC_0966-1024x678.jpg\",\"datePublished\":\"2020-02-17T16:14:36+00:00\",\"dateModified\":\"2020-04-30T14:05:14+00:00\",\"breadcrumb\":{\"@id\":\"https:\/\/www.swisssem.ch\/fr\/qui-sommes-nous\/stiftung-schloss\/bibliografie\/#breadcrumb\"},\"inLanguage\":\"fr-FR\",\"potentialAction\":[{\"@type\":\"ReadAction\",\"target\":[\"https:\/\/www.swisssem.ch\/fr\/qui-sommes-nous\/stiftung-schloss\/bibliografie\/\"]}]},{\"@type\":\"ImageObject\",\"inLanguage\":\"fr-FR\",\"@id\":\"https:\/\/www.swisssem.ch\/fr\/qui-sommes-nous\/stiftung-schloss\/bibliografie\/#primaryimage\",\"url\":\"https:\/\/www.swisssem.ch\/wp-content\/uploads\/2020\/02\/DSC_0966-1024x678.jpg\",\"contentUrl\":\"https:\/\/www.swisssem.ch\/wp-content\/uploads\/2020\/02\/DSC_0966-1024x678.jpg\"},{\"@type\":\"BreadcrumbList\",\"@id\":\"https:\/\/www.swisssem.ch\/fr\/qui-sommes-nous\/stiftung-schloss\/bibliografie\/#breadcrumb\",\"itemListElement\":[{\"@type\":\"ListItem\",\"position\":1,\"name\":\"Home\",\"item\":\"https:\/\/www.swisssem.ch\/fr\/\"},{\"@type\":\"ListItem\",\"position\":2,\"name\":\"Qui sommes nous\",\"item\":\"https:\/\/www.swisssem.ch\/fr\/qui-sommes-nous\/\"},{\"@type\":\"ListItem\",\"position\":3,\"name\":\"Fondation du Ch\u00e2teau\",\"item\":\"https:\/\/www.swisssem.ch\/fr\/qui-sommes-nous\/stiftung-schloss\/\"},{\"@type\":\"ListItem\",\"position\":4,\"name\":\"Bibliographie\"}]},{\"@type\":\"WebSite\",\"@id\":\"https:\/\/www.swisssem.ch\/de\/#website\",\"url\":\"https:\/\/www.swisssem.ch\/de\/\",\"name\":\"swisssem semence suisse\",\"description\":\"\",\"publisher\":{\"@id\":\"https:\/\/www.swisssem.ch\/de\/#organization\"},\"potentialAction\":[{\"@type\":\"SearchAction\",\"target\":{\"@type\":\"EntryPoint\",\"urlTemplate\":\"https:\/\/www.swisssem.ch\/de\/?s={search_term_string}\"},\"query-input\":{\"@type\":\"PropertyValueSpecification\",\"valueRequired\":true,\"valueName\":\"search_term_string\"}}],\"inLanguage\":\"fr-FR\"},{\"@type\":\"Organization\",\"@id\":\"https:\/\/www.swisssem.ch\/de\/#organization\",\"name\":\"swisssem saatgut schweiz\",\"url\":\"https:\/\/www.swisssem.ch\/de\/\",\"logo\":{\"@type\":\"ImageObject\",\"inLanguage\":\"fr-FR\",\"@id\":\"https:\/\/www.swisssem.ch\/de\/#\/schema\/logo\/image\/\",\"url\":\"https:\/\/www.swisssem.ch\/wp-content\/uploads\/2020\/03\/Logo_swisssem_RGB-1.jpg\",\"contentUrl\":\"https:\/\/www.swisssem.ch\/wp-content\/uploads\/2020\/03\/Logo_swisssem_RGB-1.jpg\",\"width\":1684,\"height\":430,\"caption\":\"swisssem saatgut schweiz\"},\"image\":{\"@id\":\"https:\/\/www.swisssem.ch\/de\/#\/schema\/logo\/image\/\"}}]}<\/script>\n<!-- \/ Yoast SEO plugin. -->","yoast_head_json":{"title":"Bibliographie - swisssem semence suisse","robots":{"index":"index","follow":"follow","max-snippet":"max-snippet:-1","max-image-preview":"max-image-preview:large","max-video-preview":"max-video-preview:-1"},"canonical":"https:\/\/www.swisssem.ch\/fr\/qui-sommes-nous\/stiftung-schloss\/bibliografie\/","og_locale":"fr_FR","og_type":"article","og_title":"Bibliographie - swisssem semence suisse","og_description":"Bibliographie Textes (sauf les jardins) : Annakatharina Walser Beglinger Archives de la famille de Castella,&nbsp; Monnaz Monsieur Pierre de Castella, Monnaz Monsieur Pierre Piller, Granges-Paccot Das B\u00fcrgerhaus der Schweiz, Hrsg. vom SIA, 30 B\u00e4nde, Z\u00fcrich und Leipzig, Orell F\u00fcssli Verlag, 1909-1937 (Bd. 20, Kanton Freiburg 1928) Christian Renfer et Eduard Widmer, Schl\u00f6sser und Landsitze der [&hellip;]","og_url":"https:\/\/www.swisssem.ch\/fr\/qui-sommes-nous\/stiftung-schloss\/bibliografie\/","og_site_name":"swisssem semence suisse","article_modified_time":"2020-04-30T14:05:14+00:00","og_image":[{"url":"https:\/\/www.swisssem.ch\/wp-content\/uploads\/2020\/02\/DSC_0966-1024x678.jpg","type":"","width":"","height":""}],"twitter_card":"summary_large_image","twitter_misc":{"Dur\u00e9e de lecture estim\u00e9e":"1 minute"},"schema":{"@context":"https:\/\/schema.org","@graph":[{"@type":"WebPage","@id":"https:\/\/www.swisssem.ch\/fr\/qui-sommes-nous\/stiftung-schloss\/bibliografie\/","url":"https:\/\/www.swisssem.ch\/fr\/qui-sommes-nous\/stiftung-schloss\/bibliografie\/","name":"Bibliographie - swisssem semence suisse","isPartOf":{"@id":"https:\/\/www.swisssem.ch\/de\/#website"},"primaryImageOfPage":{"@id":"https:\/\/www.swisssem.ch\/fr\/qui-sommes-nous\/stiftung-schloss\/bibliografie\/#primaryimage"},"image":{"@id":"https:\/\/www.swisssem.ch\/fr\/qui-sommes-nous\/stiftung-schloss\/bibliografie\/#primaryimage"},"thumbnailUrl":"https:\/\/www.swisssem.ch\/wp-content\/uploads\/2020\/02\/DSC_0966-1024x678.jpg","datePublished":"2020-02-17T16:14:36+00:00","dateModified":"2020-04-30T14:05:14+00:00","breadcrumb":{"@id":"https:\/\/www.swisssem.ch\/fr\/qui-sommes-nous\/stiftung-schloss\/bibliografie\/#breadcrumb"},"inLanguage":"fr-FR","potentialAction":[{"@type":"ReadAction","target":["https:\/\/www.swisssem.ch\/fr\/qui-sommes-nous\/stiftung-schloss\/bibliografie\/"]}]},{"@type":"ImageObject","inLanguage":"fr-FR","@id":"https:\/\/www.swisssem.ch\/fr\/qui-sommes-nous\/stiftung-schloss\/bibliografie\/#primaryimage","url":"https:\/\/www.swisssem.ch\/wp-content\/uploads\/2020\/02\/DSC_0966-1024x678.jpg","contentUrl":"https:\/\/www.swisssem.ch\/wp-content\/uploads\/2020\/02\/DSC_0966-1024x678.jpg"},{"@type":"BreadcrumbList","@id":"https:\/\/www.swisssem.ch\/fr\/qui-sommes-nous\/stiftung-schloss\/bibliografie\/#breadcrumb","itemListElement":[{"@type":"ListItem","position":1,"name":"Home","item":"https:\/\/www.swisssem.ch\/fr\/"},{"@type":"ListItem","position":2,"name":"Qui sommes nous","item":"https:\/\/www.swisssem.ch\/fr\/qui-sommes-nous\/"},{"@type":"ListItem","position":3,"name":"Fondation du Ch\u00e2teau","item":"https:\/\/www.swisssem.ch\/fr\/qui-sommes-nous\/stiftung-schloss\/"},{"@type":"ListItem","position":4,"name":"Bibliographie"}]},{"@type":"WebSite","@id":"https:\/\/www.swisssem.ch\/de\/#website","url":"https:\/\/www.swisssem.ch\/de\/","name":"swisssem semence suisse","description":"","publisher":{"@id":"https:\/\/www.swisssem.ch\/de\/#organization"},"potentialAction":[{"@type":"SearchAction","target":{"@type":"EntryPoint","urlTemplate":"https:\/\/www.swisssem.ch\/de\/?s={search_term_string}"},"query-input":{"@type":"PropertyValueSpecification","valueRequired":true,"valueName":"search_term_string"}}],"inLanguage":"fr-FR"},{"@type":"Organization","@id":"https:\/\/www.swisssem.ch\/de\/#organization","name":"swisssem saatgut schweiz","url":"https:\/\/www.swisssem.ch\/de\/","logo":{"@type":"ImageObject","inLanguage":"fr-FR","@id":"https:\/\/www.swisssem.ch\/de\/#\/schema\/logo\/image\/","url":"https:\/\/www.swisssem.ch\/wp-content\/uploads\/2020\/03\/Logo_swisssem_RGB-1.jpg","contentUrl":"https:\/\/www.swisssem.ch\/wp-content\/uploads\/2020\/03\/Logo_swisssem_RGB-1.jpg","width":1684,"height":430,"caption":"swisssem saatgut schweiz"},"image":{"@id":"https:\/\/www.swisssem.ch\/de\/#\/schema\/logo\/image\/"}}]}},"_links":{"self":[{"href":"https:\/\/www.swisssem.ch\/fr\/wp-json\/wp\/v2\/pages\/3720","targetHints":{"allow":["GET"]}}],"collection":[{"href":"https:\/\/www.swisssem.ch\/fr\/wp-json\/wp\/v2\/pages"}],"about":[{"href":"https:\/\/www.swisssem.ch\/fr\/wp-json\/wp\/v2\/types\/page"}],"author":[{"embeddable":true,"href":"https:\/\/www.swisssem.ch\/fr\/wp-json\/wp\/v2\/users\/6"}],"replies":[{"embeddable":true,"href":"https:\/\/www.swisssem.ch\/fr\/wp-json\/wp\/v2\/comments?post=3720"}],"version-history":[{"count":3,"href":"https:\/\/www.swisssem.ch\/fr\/wp-json\/wp\/v2\/pages\/3720\/revisions"}],"predecessor-version":[{"id":6361,"href":"https:\/\/www.swisssem.ch\/fr\/wp-json\/wp\/v2\/pages\/3720\/revisions\/6361"}],"up":[{"embeddable":true,"href":"https:\/\/www.swisssem.ch\/fr\/wp-json\/wp\/v2\/pages\/3588"}],"wp:attachment":[{"href":"https:\/\/www.swisssem.ch\/fr\/wp-json\/wp\/v2\/media?parent=3720"}],"curies":[{"name":"wp","href":"https:\/\/api.w.org\/{rel}","templated":true}]}}