{"id":3702,"date":"2020-02-18T16:37:59","date_gmt":"2020-02-18T15:37:59","guid":{"rendered":"https:\/\/www.swisssem.ch\/?page_id=3702"},"modified":"2020-05-27T10:51:36","modified_gmt":"2020-05-27T08:51:36","slug":"les-maitres-doeuvre","status":"publish","type":"page","link":"https:\/\/www.swisssem.ch\/fr\/qui-sommes-nous\/stiftung-schloss\/les-maitres-doeuvre\/","title":{"rendered":"Les ma\u00eetres d&rsquo;oeuvre"},"content":{"rendered":"\n<div class=\"wp-block-columns is-layout-flex wp-container-core-columns-is-layout-9d6595d7 wp-block-columns-is-layout-flex\">\n<div class=\"wp-block-column is-layout-flow wp-block-column-is-layout-flow\" style=\"flex-basis:45.5%\">\n<h1 class=\"wp-block-heading\">Les ma\u00eetres d&rsquo;oeuvre<\/h1>\n<\/div>\n\n\n\n<div class=\"wp-block-column is-layout-flow wp-block-column-is-layout-flow\" style=\"flex-basis:66.66%\">\n<div class=\"wp-block-image\"><figure class=\"aligncenter size-large is-resized\"><img loading=\"lazy\" decoding=\"async\" src=\"https:\/\/www.swisssem.ch\/wp-content\/uploads\/2020\/02\/DSC_4203-1024x678.jpg\" alt=\"\" class=\"wp-image-3119\" width=\"512\" height=\"339\" srcset=\"https:\/\/www.swisssem.ch\/wp-content\/uploads\/2020\/02\/DSC_4203-1024x678.jpg 1024w, https:\/\/www.swisssem.ch\/wp-content\/uploads\/2020\/02\/DSC_4203-300x199.jpg 300w, https:\/\/www.swisssem.ch\/wp-content\/uploads\/2020\/02\/DSC_4203-768x509.jpg 768w\" sizes=\"auto, (max-width: 512px) 100vw, 512px\" \/><\/figure><\/div>\n<\/div>\n<\/div>\n\n\n\n<h2 class=\"wp-block-heading\">La noble famille de Castella<\/h2>\n\n\n\n<p>La famille de Castella, d\u00e9j\u00e0 mentionn\u00e9e au 14\u00e8me si\u00e8cle et issue initialement du comt\u00e9 de Gruy\u00e8re, est descendante des vassaux du Duc de Savoye. Depuis 1617 la famille appartenait au patriciat de Fribourg et pouvait servir dans son r\u00e9giment. De nombreux membres y tenaient d\u2019ailleurs des r\u00f4les politiques et militaires importants. La branche de Delley a \u00e9t\u00e9 fond\u00e9e par Jean-Pierre de Castella, membre du Conseil de Fribourg durant de longues ann\u00e9es et plus tard bailli d\u2019Orbe et d\u2019Echallens. La plupart de ses fils et de ses petits-fils ont embrass\u00e9 la carri\u00e8re militaire au service de la France, engagement assez courant pour de nombreux Fribourgeois de la classe sup\u00e9rieure, ce qui renfor\u00e7ait encore l\u2019influence fran\u00e7aise dans de nombreux domaines. La famille de Castella conduisait la compagnie nomm\u00e9e \u00ab\u00a0de Castella de Delley\u00a0\u00bb et prit part \u00e0 de nombreux conflits militaires \u00e0 l\u2019\u00e9tranger. Au pays, elle \u00e9tait politiquement active et occupait des fonctions importantes \u00e0 Fribourg. La famille fut propri\u00e9taire de Delley de 1679 \u00e0 1983. Les de Castella ont donc marqu\u00e9 le site de leur empreinte pendant quelques si\u00e8cles.<\/p>\n\n\n\n<!-- linklist component -->\n\n\t<ul class=\"linklist\">\n\t\t\t\t\t<li>\n\t\t\t\t<a href=\"https:\/\/www.swisssem.ch\/fr\/qui-sommes-nous\/stiftung-schloss\/contexte-historique\/\" target=\"\">\n\t\t\t\t\t<span>\n\t\t\t\t\t\t<svg xmlns=\"http:\/\/www.w3.org\/2000\/svg\" data-name=\"Ebene 1\" viewBox=\"0 0 23.82 20.35\">\n\t\t\t\t\t\t\t<path d=\"M13.51 20.35L12 18.75l7.56-7.42H0V9h19.52L12 1.6 13.51 0l10.31 10.18z\"\/>\n\t\t\t\t\t\t<\/svg>\n\t\t\t\t\t<\/span>\n\t\t\t\t\tContexte historique\t\t\t\t<\/a>\n\t\t\t<\/li>\n\t\t\t<\/ul>\n<!-- end of linklist component -->\n\n","protected":false},"excerpt":{"rendered":"<p>Les ma\u00eetres d&rsquo;oeuvre La noble famille de Castella La famille de Castella, d\u00e9j\u00e0 mentionn\u00e9e au 14\u00e8me si\u00e8cle et issue initialement du comt\u00e9 de Gruy\u00e8re, est descendante des vassaux du Duc de Savoye. Depuis 1617 la famille appartenait au patriciat de Fribourg et pouvait servir dans son r\u00e9giment. De nombreux membres y tenaient d\u2019ailleurs des r\u00f4les [&hellip;]<\/p>\n","protected":false},"author":6,"featured_media":0,"parent":3588,"menu_order":194,"comment_status":"closed","ping_status":"closed","template":"","meta":{"_acf_changed":false,"footnotes":""},"class_list":["post-3702","page","type-page","status-publish","hentry"],"acf":[],"yoast_head":"<!-- This site is optimized with the Yoast SEO plugin v27.1.1 - https:\/\/yoast.com\/product\/yoast-seo-wordpress\/ -->\n<title>Les ma\u00eetres d&#039;oeuvre - swisssem semence suisse<\/title>\n<meta name=\"robots\" content=\"index, follow, max-snippet:-1, max-image-preview:large, max-video-preview:-1\" \/>\n<link rel=\"canonical\" href=\"https:\/\/www.swisssem.ch\/fr\/qui-sommes-nous\/stiftung-schloss\/les-maitres-doeuvre\/\" \/>\n<meta property=\"og:locale\" content=\"fr_FR\" \/>\n<meta property=\"og:type\" content=\"article\" \/>\n<meta property=\"og:title\" content=\"Les ma\u00eetres d&#039;oeuvre - swisssem semence suisse\" \/>\n<meta property=\"og:description\" content=\"Les ma\u00eetres d&rsquo;oeuvre La noble famille de Castella La famille de Castella, d\u00e9j\u00e0 mentionn\u00e9e au 14\u00e8me si\u00e8cle et issue initialement du comt\u00e9 de Gruy\u00e8re, est descendante des vassaux du Duc de Savoye. Depuis 1617 la famille appartenait au patriciat de Fribourg et pouvait servir dans son r\u00e9giment. De nombreux membres y tenaient d\u2019ailleurs des r\u00f4les [&hellip;]\" \/>\n<meta property=\"og:url\" content=\"https:\/\/www.swisssem.ch\/fr\/qui-sommes-nous\/stiftung-schloss\/les-maitres-doeuvre\/\" \/>\n<meta property=\"og:site_name\" content=\"swisssem semence suisse\" \/>\n<meta property=\"article:modified_time\" content=\"2020-05-27T08:51:36+00:00\" \/>\n<meta property=\"og:image\" content=\"https:\/\/www.swisssem.ch\/wp-content\/uploads\/2020\/02\/DSC_4203-1024x678.jpg\" \/>\n<meta name=\"twitter:card\" content=\"summary_large_image\" \/>\n<meta name=\"twitter:label1\" content=\"Dur\u00e9e de lecture estim\u00e9e\" \/>\n\t<meta name=\"twitter:data1\" content=\"1 minute\" \/>\n<script type=\"application\/ld+json\" class=\"yoast-schema-graph\">{\"@context\":\"https:\/\/schema.org\",\"@graph\":[{\"@type\":\"WebPage\",\"@id\":\"https:\/\/www.swisssem.ch\/fr\/qui-sommes-nous\/stiftung-schloss\/les-maitres-doeuvre\/\",\"url\":\"https:\/\/www.swisssem.ch\/fr\/qui-sommes-nous\/stiftung-schloss\/les-maitres-doeuvre\/\",\"name\":\"Les ma\u00eetres d'oeuvre - swisssem semence suisse\",\"isPartOf\":{\"@id\":\"https:\/\/www.swisssem.ch\/de\/#website\"},\"primaryImageOfPage\":{\"@id\":\"https:\/\/www.swisssem.ch\/fr\/qui-sommes-nous\/stiftung-schloss\/les-maitres-doeuvre\/#primaryimage\"},\"image\":{\"@id\":\"https:\/\/www.swisssem.ch\/fr\/qui-sommes-nous\/stiftung-schloss\/les-maitres-doeuvre\/#primaryimage\"},\"thumbnailUrl\":\"https:\/\/www.swisssem.ch\/wp-content\/uploads\/2020\/02\/DSC_4203-1024x678.jpg\",\"datePublished\":\"2020-02-18T15:37:59+00:00\",\"dateModified\":\"2020-05-27T08:51:36+00:00\",\"breadcrumb\":{\"@id\":\"https:\/\/www.swisssem.ch\/fr\/qui-sommes-nous\/stiftung-schloss\/les-maitres-doeuvre\/#breadcrumb\"},\"inLanguage\":\"fr-FR\",\"potentialAction\":[{\"@type\":\"ReadAction\",\"target\":[\"https:\/\/www.swisssem.ch\/fr\/qui-sommes-nous\/stiftung-schloss\/les-maitres-doeuvre\/\"]}]},{\"@type\":\"ImageObject\",\"inLanguage\":\"fr-FR\",\"@id\":\"https:\/\/www.swisssem.ch\/fr\/qui-sommes-nous\/stiftung-schloss\/les-maitres-doeuvre\/#primaryimage\",\"url\":\"https:\/\/www.swisssem.ch\/wp-content\/uploads\/2020\/02\/DSC_4203-1024x678.jpg\",\"contentUrl\":\"https:\/\/www.swisssem.ch\/wp-content\/uploads\/2020\/02\/DSC_4203-1024x678.jpg\"},{\"@type\":\"BreadcrumbList\",\"@id\":\"https:\/\/www.swisssem.ch\/fr\/qui-sommes-nous\/stiftung-schloss\/les-maitres-doeuvre\/#breadcrumb\",\"itemListElement\":[{\"@type\":\"ListItem\",\"position\":1,\"name\":\"Home\",\"item\":\"https:\/\/www.swisssem.ch\/fr\/\"},{\"@type\":\"ListItem\",\"position\":2,\"name\":\"Qui sommes nous\",\"item\":\"https:\/\/www.swisssem.ch\/fr\/qui-sommes-nous\/\"},{\"@type\":\"ListItem\",\"position\":3,\"name\":\"Fondation du Ch\u00e2teau\",\"item\":\"https:\/\/www.swisssem.ch\/fr\/qui-sommes-nous\/stiftung-schloss\/\"},{\"@type\":\"ListItem\",\"position\":4,\"name\":\"Les ma\u00eetres d&rsquo;oeuvre\"}]},{\"@type\":\"WebSite\",\"@id\":\"https:\/\/www.swisssem.ch\/de\/#website\",\"url\":\"https:\/\/www.swisssem.ch\/de\/\",\"name\":\"swisssem semence suisse\",\"description\":\"\",\"publisher\":{\"@id\":\"https:\/\/www.swisssem.ch\/de\/#organization\"},\"potentialAction\":[{\"@type\":\"SearchAction\",\"target\":{\"@type\":\"EntryPoint\",\"urlTemplate\":\"https:\/\/www.swisssem.ch\/de\/?s={search_term_string}\"},\"query-input\":{\"@type\":\"PropertyValueSpecification\",\"valueRequired\":true,\"valueName\":\"search_term_string\"}}],\"inLanguage\":\"fr-FR\"},{\"@type\":\"Organization\",\"@id\":\"https:\/\/www.swisssem.ch\/de\/#organization\",\"name\":\"swisssem saatgut schweiz\",\"url\":\"https:\/\/www.swisssem.ch\/de\/\",\"logo\":{\"@type\":\"ImageObject\",\"inLanguage\":\"fr-FR\",\"@id\":\"https:\/\/www.swisssem.ch\/de\/#\/schema\/logo\/image\/\",\"url\":\"https:\/\/www.swisssem.ch\/wp-content\/uploads\/2020\/03\/Logo_swisssem_RGB-1.jpg\",\"contentUrl\":\"https:\/\/www.swisssem.ch\/wp-content\/uploads\/2020\/03\/Logo_swisssem_RGB-1.jpg\",\"width\":1684,\"height\":430,\"caption\":\"swisssem saatgut schweiz\"},\"image\":{\"@id\":\"https:\/\/www.swisssem.ch\/de\/#\/schema\/logo\/image\/\"}}]}<\/script>\n<!-- \/ Yoast SEO plugin. -->","yoast_head_json":{"title":"Les ma\u00eetres d'oeuvre - swisssem semence suisse","robots":{"index":"index","follow":"follow","max-snippet":"max-snippet:-1","max-image-preview":"max-image-preview:large","max-video-preview":"max-video-preview:-1"},"canonical":"https:\/\/www.swisssem.ch\/fr\/qui-sommes-nous\/stiftung-schloss\/les-maitres-doeuvre\/","og_locale":"fr_FR","og_type":"article","og_title":"Les ma\u00eetres d'oeuvre - swisssem semence suisse","og_description":"Les ma\u00eetres d&rsquo;oeuvre La noble famille de Castella La famille de Castella, d\u00e9j\u00e0 mentionn\u00e9e au 14\u00e8me si\u00e8cle et issue initialement du comt\u00e9 de Gruy\u00e8re, est descendante des vassaux du Duc de Savoye. Depuis 1617 la famille appartenait au patriciat de Fribourg et pouvait servir dans son r\u00e9giment. De nombreux membres y tenaient d\u2019ailleurs des r\u00f4les [&hellip;]","og_url":"https:\/\/www.swisssem.ch\/fr\/qui-sommes-nous\/stiftung-schloss\/les-maitres-doeuvre\/","og_site_name":"swisssem semence suisse","article_modified_time":"2020-05-27T08:51:36+00:00","og_image":[{"url":"https:\/\/www.swisssem.ch\/wp-content\/uploads\/2020\/02\/DSC_4203-1024x678.jpg","type":"","width":"","height":""}],"twitter_card":"summary_large_image","twitter_misc":{"Dur\u00e9e de lecture estim\u00e9e":"1 minute"},"schema":{"@context":"https:\/\/schema.org","@graph":[{"@type":"WebPage","@id":"https:\/\/www.swisssem.ch\/fr\/qui-sommes-nous\/stiftung-schloss\/les-maitres-doeuvre\/","url":"https:\/\/www.swisssem.ch\/fr\/qui-sommes-nous\/stiftung-schloss\/les-maitres-doeuvre\/","name":"Les ma\u00eetres d'oeuvre - swisssem semence suisse","isPartOf":{"@id":"https:\/\/www.swisssem.ch\/de\/#website"},"primaryImageOfPage":{"@id":"https:\/\/www.swisssem.ch\/fr\/qui-sommes-nous\/stiftung-schloss\/les-maitres-doeuvre\/#primaryimage"},"image":{"@id":"https:\/\/www.swisssem.ch\/fr\/qui-sommes-nous\/stiftung-schloss\/les-maitres-doeuvre\/#primaryimage"},"thumbnailUrl":"https:\/\/www.swisssem.ch\/wp-content\/uploads\/2020\/02\/DSC_4203-1024x678.jpg","datePublished":"2020-02-18T15:37:59+00:00","dateModified":"2020-05-27T08:51:36+00:00","breadcrumb":{"@id":"https:\/\/www.swisssem.ch\/fr\/qui-sommes-nous\/stiftung-schloss\/les-maitres-doeuvre\/#breadcrumb"},"inLanguage":"fr-FR","potentialAction":[{"@type":"ReadAction","target":["https:\/\/www.swisssem.ch\/fr\/qui-sommes-nous\/stiftung-schloss\/les-maitres-doeuvre\/"]}]},{"@type":"ImageObject","inLanguage":"fr-FR","@id":"https:\/\/www.swisssem.ch\/fr\/qui-sommes-nous\/stiftung-schloss\/les-maitres-doeuvre\/#primaryimage","url":"https:\/\/www.swisssem.ch\/wp-content\/uploads\/2020\/02\/DSC_4203-1024x678.jpg","contentUrl":"https:\/\/www.swisssem.ch\/wp-content\/uploads\/2020\/02\/DSC_4203-1024x678.jpg"},{"@type":"BreadcrumbList","@id":"https:\/\/www.swisssem.ch\/fr\/qui-sommes-nous\/stiftung-schloss\/les-maitres-doeuvre\/#breadcrumb","itemListElement":[{"@type":"ListItem","position":1,"name":"Home","item":"https:\/\/www.swisssem.ch\/fr\/"},{"@type":"ListItem","position":2,"name":"Qui sommes nous","item":"https:\/\/www.swisssem.ch\/fr\/qui-sommes-nous\/"},{"@type":"ListItem","position":3,"name":"Fondation du Ch\u00e2teau","item":"https:\/\/www.swisssem.ch\/fr\/qui-sommes-nous\/stiftung-schloss\/"},{"@type":"ListItem","position":4,"name":"Les ma\u00eetres d&rsquo;oeuvre"}]},{"@type":"WebSite","@id":"https:\/\/www.swisssem.ch\/de\/#website","url":"https:\/\/www.swisssem.ch\/de\/","name":"swisssem semence suisse","description":"","publisher":{"@id":"https:\/\/www.swisssem.ch\/de\/#organization"},"potentialAction":[{"@type":"SearchAction","target":{"@type":"EntryPoint","urlTemplate":"https:\/\/www.swisssem.ch\/de\/?s={search_term_string}"},"query-input":{"@type":"PropertyValueSpecification","valueRequired":true,"valueName":"search_term_string"}}],"inLanguage":"fr-FR"},{"@type":"Organization","@id":"https:\/\/www.swisssem.ch\/de\/#organization","name":"swisssem saatgut schweiz","url":"https:\/\/www.swisssem.ch\/de\/","logo":{"@type":"ImageObject","inLanguage":"fr-FR","@id":"https:\/\/www.swisssem.ch\/de\/#\/schema\/logo\/image\/","url":"https:\/\/www.swisssem.ch\/wp-content\/uploads\/2020\/03\/Logo_swisssem_RGB-1.jpg","contentUrl":"https:\/\/www.swisssem.ch\/wp-content\/uploads\/2020\/03\/Logo_swisssem_RGB-1.jpg","width":1684,"height":430,"caption":"swisssem saatgut schweiz"},"image":{"@id":"https:\/\/www.swisssem.ch\/de\/#\/schema\/logo\/image\/"}}]}},"_links":{"self":[{"href":"https:\/\/www.swisssem.ch\/fr\/wp-json\/wp\/v2\/pages\/3702","targetHints":{"allow":["GET"]}}],"collection":[{"href":"https:\/\/www.swisssem.ch\/fr\/wp-json\/wp\/v2\/pages"}],"about":[{"href":"https:\/\/www.swisssem.ch\/fr\/wp-json\/wp\/v2\/types\/page"}],"author":[{"embeddable":true,"href":"https:\/\/www.swisssem.ch\/fr\/wp-json\/wp\/v2\/users\/6"}],"replies":[{"embeddable":true,"href":"https:\/\/www.swisssem.ch\/fr\/wp-json\/wp\/v2\/comments?post=3702"}],"version-history":[{"count":5,"href":"https:\/\/www.swisssem.ch\/fr\/wp-json\/wp\/v2\/pages\/3702\/revisions"}],"predecessor-version":[{"id":6561,"href":"https:\/\/www.swisssem.ch\/fr\/wp-json\/wp\/v2\/pages\/3702\/revisions\/6561"}],"up":[{"embeddable":true,"href":"https:\/\/www.swisssem.ch\/fr\/wp-json\/wp\/v2\/pages\/3588"}],"wp:attachment":[{"href":"https:\/\/www.swisssem.ch\/fr\/wp-json\/wp\/v2\/media?parent=3702"}],"curies":[{"name":"wp","href":"https:\/\/api.w.org\/{rel}","templated":true}]}}