{"id":3693,"date":"2020-02-18T16:32:25","date_gmt":"2020-02-18T15:32:25","guid":{"rendered":"https:\/\/www.swisssem.ch\/?page_id=3693"},"modified":"2020-05-27T10:49:24","modified_gmt":"2020-05-27T08:49:24","slug":"les-architectes","status":"publish","type":"page","link":"https:\/\/www.swisssem.ch\/fr\/qui-sommes-nous\/stiftung-schloss\/les-architectes\/","title":{"rendered":"Les Architectes"},"content":{"rendered":"\n<div class=\"wp-block-columns is-layout-flex wp-container-core-columns-is-layout-9d6595d7 wp-block-columns-is-layout-flex\">\n<div class=\"wp-block-column is-layout-flow wp-block-column-is-layout-flow\" style=\"flex-basis:33.33%\">\n<h1 class=\"wp-block-heading\">Les Architectes<\/h1>\n<\/div>\n\n\n\n<div class=\"wp-block-column is-layout-flow wp-block-column-is-layout-flow\" style=\"flex-basis:66.66%\">\n<figure class=\"wp-block-image size-large\"><img loading=\"lazy\" decoding=\"async\" width=\"1024\" height=\"678\" src=\"https:\/\/www.swisssem.ch\/wp-content\/uploads\/2020\/02\/DSC_7847-1-1024x678.jpg\" alt=\"\" class=\"wp-image-3436\" srcset=\"https:\/\/www.swisssem.ch\/wp-content\/uploads\/2020\/02\/DSC_7847-1-1024x678.jpg 1024w, https:\/\/www.swisssem.ch\/wp-content\/uploads\/2020\/02\/DSC_7847-1-300x199.jpg 300w, https:\/\/www.swisssem.ch\/wp-content\/uploads\/2020\/02\/DSC_7847-1-768x509.jpg 768w\" sizes=\"auto, (max-width: 1024px) 100vw, 1024px\" \/><\/figure>\n<\/div>\n<\/div>\n\n\n\n<h2 class=\"wp-block-heading\">Les illustres Architectes Fribourgeois Andr\u00e9-Joseph Rossier (1647-1715) et Charles de Castella (1737-1823)<\/h2>\n\n\n\n<p>Lorsque, au d\u00e9but du 18\u00e8me si\u00e8cle, Andr\u00e9-Joseph Rossier construisit le ch\u00e2teau de Delley sur le mandat du premier propri\u00e9taire de la Famille de Castella, le colonel Jean-Antoine de Castella, il \u00e9tait d\u00e9j\u00e0 une personnalit\u00e9 en vue \u00e0 Fribourg aussi bien dans le monde de l\u2019architecture que de la politique. Il si\u00e9geait au Conseil des Deux Cents et au Conseil des Soixante. Depuis 1668 il faisait en outre partie du patriciat de Fribourg. En tant qu\u2019architecte de b\u00e2timents publics, il se distingua lors de la construction de l\u2019h\u00f4pital des Bourgeois de m\u00eame que lors de celle du couvent des Ursulines. Il mourut en 1715 avant de pouvoir commencer la salle du Grand Conseil, mandat qu\u2019il avait re\u00e7u du gouvernement fribourgeois. Parmi les constructions priv\u00e9es se trouvent, \u00e0 c\u00f4t\u00e9 du ch\u00e2teau de Delley les maisons de ma\u00eetres de Avry-sur-Matran et de Chenaleyres \u00e0 Belfaux, qui pr\u00e9sentent des parall\u00e8les avec Delley. Le fait d\u2019\u00eatre li\u00e9 \u00e0 la famille de Castella par mariage a certainement jou\u00e9 un r\u00f4le non n\u00e9gligeable dans l\u2019obtention du mandat pour la construction du ch\u00e2teau de Delley. Andr\u00e9-Joseph Rossier avait en effet \u00e9pous\u00e9 H\u00e9l\u00e8ne de Castella, la s\u0153ur de Jean-Antoine.<\/p>\n\n\n\n<p>Le mandat pour l\u2019agrandissement du b\u00e2timent fut confi\u00e9 en 1774 \u00e0 un parent direct du propri\u00e9taire, l\u2019architecte non moins connu Antoine-Laurent-Charles de Castella, cousin du ma\u00eetre d\u2019oeuvre Joseph-Tobie. Charles, comme de nombreux autres membres de la famille de Castella, avait aussi embrass\u00e9 la carri\u00e8re militaire. Nous avons tr\u00e8s peu de renseignements concernant sa formation d\u2019architecte. A cette \u00e9poque, celle-ci \u00e9tait encore \u00e0 peine d\u00e9finie. Au si\u00e8cle des lumi\u00e8res et de l\u2019humanisme, des connaissances architecturales de base faisaient partie de l\u2019\u00e9ducation et de la culture d\u2019un jeune patricien. Charles de Castella avait en outre acquis les connaissances requises de mani\u00e8re autodidacte gr\u00e2ce \u00e0 la litt\u00e9rature disponible, dont vraisemblablement des ouvrages h\u00e9rit\u00e9s de Rossier. Charles \u00e9tait un dessinateur passionn\u00e9. Des cahiers contenant des centaines de dessins t\u00e9moignent de ses innombrables projets pour des b\u00e2timents publics ou priv\u00e9s. Parmi ses r\u00e9alisations se trouvent la Maison du Tir \u00e0 Fribourg, la Grenette \u00e0 Moudon, l\u2019\u00e9cole de Romont, une chapelle et deux petites \u00e9glises, une vingtaine de maisons priv\u00e9es et de nombreux manoirs.<\/p>\n\n\n\n<!-- linklist component -->\n\n\t<ul class=\"linklist\">\n\t\t\t\t\t<li>\n\t\t\t\t<a href=\"https:\/\/www.swisssem.ch\/fr\/qui-sommes-nous\/stiftung-schloss\/les-maitres-doeuvre\/\" target=\"\">\n\t\t\t\t\t<span>\n\t\t\t\t\t\t<svg xmlns=\"http:\/\/www.w3.org\/2000\/svg\" data-name=\"Ebene 1\" viewBox=\"0 0 23.82 20.35\">\n\t\t\t\t\t\t\t<path d=\"M13.51 20.35L12 18.75l7.56-7.42H0V9h19.52L12 1.6 13.51 0l10.31 10.18z\"\/>\n\t\t\t\t\t\t<\/svg>\n\t\t\t\t\t<\/span>\n\t\t\t\t\tLes ma\u00eetres d\u2019oeuvre\t\t\t\t<\/a>\n\t\t\t<\/li>\n\t\t\t<\/ul>\n<!-- end of linklist component -->\n\n","protected":false},"excerpt":{"rendered":"<p>Les Architectes Les illustres Architectes Fribourgeois Andr\u00e9-Joseph Rossier (1647-1715) et Charles de Castella (1737-1823) Lorsque, au d\u00e9but du 18\u00e8me si\u00e8cle, Andr\u00e9-Joseph Rossier construisit le ch\u00e2teau de Delley sur le mandat du premier propri\u00e9taire de la Famille de Castella, le colonel Jean-Antoine de Castella, il \u00e9tait d\u00e9j\u00e0 une personnalit\u00e9 en vue \u00e0 Fribourg aussi bien dans [&hellip;]<\/p>\n","protected":false},"author":6,"featured_media":0,"parent":3588,"menu_order":261,"comment_status":"closed","ping_status":"closed","template":"","meta":{"_acf_changed":false,"footnotes":""},"class_list":["post-3693","page","type-page","status-publish","hentry"],"acf":[],"yoast_head":"<!-- This site is optimized with the Yoast SEO plugin v27.1.1 - https:\/\/yoast.com\/product\/yoast-seo-wordpress\/ -->\n<title>Les Architectes - swisssem semence suisse<\/title>\n<meta name=\"robots\" content=\"index, follow, max-snippet:-1, max-image-preview:large, max-video-preview:-1\" \/>\n<link rel=\"canonical\" href=\"https:\/\/www.swisssem.ch\/fr\/qui-sommes-nous\/stiftung-schloss\/les-architectes\/\" \/>\n<meta property=\"og:locale\" content=\"fr_FR\" \/>\n<meta property=\"og:type\" content=\"article\" \/>\n<meta property=\"og:title\" content=\"Les Architectes - swisssem semence suisse\" \/>\n<meta property=\"og:description\" content=\"Les Architectes Les illustres Architectes Fribourgeois Andr\u00e9-Joseph Rossier (1647-1715) et Charles de Castella (1737-1823) Lorsque, au d\u00e9but du 18\u00e8me si\u00e8cle, Andr\u00e9-Joseph Rossier construisit le ch\u00e2teau de Delley sur le mandat du premier propri\u00e9taire de la Famille de Castella, le colonel Jean-Antoine de Castella, il \u00e9tait d\u00e9j\u00e0 une personnalit\u00e9 en vue \u00e0 Fribourg aussi bien dans [&hellip;]\" \/>\n<meta property=\"og:url\" content=\"https:\/\/www.swisssem.ch\/fr\/qui-sommes-nous\/stiftung-schloss\/les-architectes\/\" \/>\n<meta property=\"og:site_name\" content=\"swisssem semence suisse\" \/>\n<meta property=\"article:modified_time\" content=\"2020-05-27T08:49:24+00:00\" \/>\n<meta property=\"og:image\" content=\"https:\/\/www.swisssem.ch\/wp-content\/uploads\/2020\/02\/DSC_7847-1-1024x678.jpg\" \/>\n<meta name=\"twitter:card\" content=\"summary_large_image\" \/>\n<meta name=\"twitter:label1\" content=\"Dur\u00e9e de lecture estim\u00e9e\" \/>\n\t<meta name=\"twitter:data1\" content=\"2 minutes\" \/>\n<script type=\"application\/ld+json\" class=\"yoast-schema-graph\">{\"@context\":\"https:\/\/schema.org\",\"@graph\":[{\"@type\":\"WebPage\",\"@id\":\"https:\/\/www.swisssem.ch\/fr\/qui-sommes-nous\/stiftung-schloss\/les-architectes\/\",\"url\":\"https:\/\/www.swisssem.ch\/fr\/qui-sommes-nous\/stiftung-schloss\/les-architectes\/\",\"name\":\"Les Architectes - swisssem semence suisse\",\"isPartOf\":{\"@id\":\"https:\/\/www.swisssem.ch\/de\/#website\"},\"primaryImageOfPage\":{\"@id\":\"https:\/\/www.swisssem.ch\/fr\/qui-sommes-nous\/stiftung-schloss\/les-architectes\/#primaryimage\"},\"image\":{\"@id\":\"https:\/\/www.swisssem.ch\/fr\/qui-sommes-nous\/stiftung-schloss\/les-architectes\/#primaryimage\"},\"thumbnailUrl\":\"https:\/\/www.swisssem.ch\/wp-content\/uploads\/2020\/02\/DSC_7847-1-1024x678.jpg\",\"datePublished\":\"2020-02-18T15:32:25+00:00\",\"dateModified\":\"2020-05-27T08:49:24+00:00\",\"breadcrumb\":{\"@id\":\"https:\/\/www.swisssem.ch\/fr\/qui-sommes-nous\/stiftung-schloss\/les-architectes\/#breadcrumb\"},\"inLanguage\":\"fr-FR\",\"potentialAction\":[{\"@type\":\"ReadAction\",\"target\":[\"https:\/\/www.swisssem.ch\/fr\/qui-sommes-nous\/stiftung-schloss\/les-architectes\/\"]}]},{\"@type\":\"ImageObject\",\"inLanguage\":\"fr-FR\",\"@id\":\"https:\/\/www.swisssem.ch\/fr\/qui-sommes-nous\/stiftung-schloss\/les-architectes\/#primaryimage\",\"url\":\"https:\/\/www.swisssem.ch\/wp-content\/uploads\/2020\/02\/DSC_7847-1-1024x678.jpg\",\"contentUrl\":\"https:\/\/www.swisssem.ch\/wp-content\/uploads\/2020\/02\/DSC_7847-1-1024x678.jpg\"},{\"@type\":\"BreadcrumbList\",\"@id\":\"https:\/\/www.swisssem.ch\/fr\/qui-sommes-nous\/stiftung-schloss\/les-architectes\/#breadcrumb\",\"itemListElement\":[{\"@type\":\"ListItem\",\"position\":1,\"name\":\"Home\",\"item\":\"https:\/\/www.swisssem.ch\/fr\/\"},{\"@type\":\"ListItem\",\"position\":2,\"name\":\"Qui sommes nous\",\"item\":\"https:\/\/www.swisssem.ch\/fr\/qui-sommes-nous\/\"},{\"@type\":\"ListItem\",\"position\":3,\"name\":\"Fondation du Ch\u00e2teau\",\"item\":\"https:\/\/www.swisssem.ch\/fr\/qui-sommes-nous\/stiftung-schloss\/\"},{\"@type\":\"ListItem\",\"position\":4,\"name\":\"Les Architectes\"}]},{\"@type\":\"WebSite\",\"@id\":\"https:\/\/www.swisssem.ch\/de\/#website\",\"url\":\"https:\/\/www.swisssem.ch\/de\/\",\"name\":\"swisssem semence suisse\",\"description\":\"\",\"publisher\":{\"@id\":\"https:\/\/www.swisssem.ch\/de\/#organization\"},\"potentialAction\":[{\"@type\":\"SearchAction\",\"target\":{\"@type\":\"EntryPoint\",\"urlTemplate\":\"https:\/\/www.swisssem.ch\/de\/?s={search_term_string}\"},\"query-input\":{\"@type\":\"PropertyValueSpecification\",\"valueRequired\":true,\"valueName\":\"search_term_string\"}}],\"inLanguage\":\"fr-FR\"},{\"@type\":\"Organization\",\"@id\":\"https:\/\/www.swisssem.ch\/de\/#organization\",\"name\":\"swisssem saatgut schweiz\",\"url\":\"https:\/\/www.swisssem.ch\/de\/\",\"logo\":{\"@type\":\"ImageObject\",\"inLanguage\":\"fr-FR\",\"@id\":\"https:\/\/www.swisssem.ch\/de\/#\/schema\/logo\/image\/\",\"url\":\"https:\/\/www.swisssem.ch\/wp-content\/uploads\/2020\/03\/Logo_swisssem_RGB-1.jpg\",\"contentUrl\":\"https:\/\/www.swisssem.ch\/wp-content\/uploads\/2020\/03\/Logo_swisssem_RGB-1.jpg\",\"width\":1684,\"height\":430,\"caption\":\"swisssem saatgut schweiz\"},\"image\":{\"@id\":\"https:\/\/www.swisssem.ch\/de\/#\/schema\/logo\/image\/\"}}]}<\/script>\n<!-- \/ Yoast SEO plugin. -->","yoast_head_json":{"title":"Les Architectes - swisssem semence suisse","robots":{"index":"index","follow":"follow","max-snippet":"max-snippet:-1","max-image-preview":"max-image-preview:large","max-video-preview":"max-video-preview:-1"},"canonical":"https:\/\/www.swisssem.ch\/fr\/qui-sommes-nous\/stiftung-schloss\/les-architectes\/","og_locale":"fr_FR","og_type":"article","og_title":"Les Architectes - swisssem semence suisse","og_description":"Les Architectes Les illustres Architectes Fribourgeois Andr\u00e9-Joseph Rossier (1647-1715) et Charles de Castella (1737-1823) Lorsque, au d\u00e9but du 18\u00e8me si\u00e8cle, Andr\u00e9-Joseph Rossier construisit le ch\u00e2teau de Delley sur le mandat du premier propri\u00e9taire de la Famille de Castella, le colonel Jean-Antoine de Castella, il \u00e9tait d\u00e9j\u00e0 une personnalit\u00e9 en vue \u00e0 Fribourg aussi bien dans [&hellip;]","og_url":"https:\/\/www.swisssem.ch\/fr\/qui-sommes-nous\/stiftung-schloss\/les-architectes\/","og_site_name":"swisssem semence suisse","article_modified_time":"2020-05-27T08:49:24+00:00","og_image":[{"url":"https:\/\/www.swisssem.ch\/wp-content\/uploads\/2020\/02\/DSC_7847-1-1024x678.jpg","type":"","width":"","height":""}],"twitter_card":"summary_large_image","twitter_misc":{"Dur\u00e9e de lecture estim\u00e9e":"2 minutes"},"schema":{"@context":"https:\/\/schema.org","@graph":[{"@type":"WebPage","@id":"https:\/\/www.swisssem.ch\/fr\/qui-sommes-nous\/stiftung-schloss\/les-architectes\/","url":"https:\/\/www.swisssem.ch\/fr\/qui-sommes-nous\/stiftung-schloss\/les-architectes\/","name":"Les Architectes - swisssem semence suisse","isPartOf":{"@id":"https:\/\/www.swisssem.ch\/de\/#website"},"primaryImageOfPage":{"@id":"https:\/\/www.swisssem.ch\/fr\/qui-sommes-nous\/stiftung-schloss\/les-architectes\/#primaryimage"},"image":{"@id":"https:\/\/www.swisssem.ch\/fr\/qui-sommes-nous\/stiftung-schloss\/les-architectes\/#primaryimage"},"thumbnailUrl":"https:\/\/www.swisssem.ch\/wp-content\/uploads\/2020\/02\/DSC_7847-1-1024x678.jpg","datePublished":"2020-02-18T15:32:25+00:00","dateModified":"2020-05-27T08:49:24+00:00","breadcrumb":{"@id":"https:\/\/www.swisssem.ch\/fr\/qui-sommes-nous\/stiftung-schloss\/les-architectes\/#breadcrumb"},"inLanguage":"fr-FR","potentialAction":[{"@type":"ReadAction","target":["https:\/\/www.swisssem.ch\/fr\/qui-sommes-nous\/stiftung-schloss\/les-architectes\/"]}]},{"@type":"ImageObject","inLanguage":"fr-FR","@id":"https:\/\/www.swisssem.ch\/fr\/qui-sommes-nous\/stiftung-schloss\/les-architectes\/#primaryimage","url":"https:\/\/www.swisssem.ch\/wp-content\/uploads\/2020\/02\/DSC_7847-1-1024x678.jpg","contentUrl":"https:\/\/www.swisssem.ch\/wp-content\/uploads\/2020\/02\/DSC_7847-1-1024x678.jpg"},{"@type":"BreadcrumbList","@id":"https:\/\/www.swisssem.ch\/fr\/qui-sommes-nous\/stiftung-schloss\/les-architectes\/#breadcrumb","itemListElement":[{"@type":"ListItem","position":1,"name":"Home","item":"https:\/\/www.swisssem.ch\/fr\/"},{"@type":"ListItem","position":2,"name":"Qui sommes nous","item":"https:\/\/www.swisssem.ch\/fr\/qui-sommes-nous\/"},{"@type":"ListItem","position":3,"name":"Fondation du Ch\u00e2teau","item":"https:\/\/www.swisssem.ch\/fr\/qui-sommes-nous\/stiftung-schloss\/"},{"@type":"ListItem","position":4,"name":"Les Architectes"}]},{"@type":"WebSite","@id":"https:\/\/www.swisssem.ch\/de\/#website","url":"https:\/\/www.swisssem.ch\/de\/","name":"swisssem semence suisse","description":"","publisher":{"@id":"https:\/\/www.swisssem.ch\/de\/#organization"},"potentialAction":[{"@type":"SearchAction","target":{"@type":"EntryPoint","urlTemplate":"https:\/\/www.swisssem.ch\/de\/?s={search_term_string}"},"query-input":{"@type":"PropertyValueSpecification","valueRequired":true,"valueName":"search_term_string"}}],"inLanguage":"fr-FR"},{"@type":"Organization","@id":"https:\/\/www.swisssem.ch\/de\/#organization","name":"swisssem saatgut schweiz","url":"https:\/\/www.swisssem.ch\/de\/","logo":{"@type":"ImageObject","inLanguage":"fr-FR","@id":"https:\/\/www.swisssem.ch\/de\/#\/schema\/logo\/image\/","url":"https:\/\/www.swisssem.ch\/wp-content\/uploads\/2020\/03\/Logo_swisssem_RGB-1.jpg","contentUrl":"https:\/\/www.swisssem.ch\/wp-content\/uploads\/2020\/03\/Logo_swisssem_RGB-1.jpg","width":1684,"height":430,"caption":"swisssem saatgut schweiz"},"image":{"@id":"https:\/\/www.swisssem.ch\/de\/#\/schema\/logo\/image\/"}}]}},"_links":{"self":[{"href":"https:\/\/www.swisssem.ch\/fr\/wp-json\/wp\/v2\/pages\/3693","targetHints":{"allow":["GET"]}}],"collection":[{"href":"https:\/\/www.swisssem.ch\/fr\/wp-json\/wp\/v2\/pages"}],"about":[{"href":"https:\/\/www.swisssem.ch\/fr\/wp-json\/wp\/v2\/types\/page"}],"author":[{"embeddable":true,"href":"https:\/\/www.swisssem.ch\/fr\/wp-json\/wp\/v2\/users\/6"}],"replies":[{"embeddable":true,"href":"https:\/\/www.swisssem.ch\/fr\/wp-json\/wp\/v2\/comments?post=3693"}],"version-history":[{"count":5,"href":"https:\/\/www.swisssem.ch\/fr\/wp-json\/wp\/v2\/pages\/3693\/revisions"}],"predecessor-version":[{"id":6560,"href":"https:\/\/www.swisssem.ch\/fr\/wp-json\/wp\/v2\/pages\/3693\/revisions\/6560"}],"up":[{"embeddable":true,"href":"https:\/\/www.swisssem.ch\/fr\/wp-json\/wp\/v2\/pages\/3588"}],"wp:attachment":[{"href":"https:\/\/www.swisssem.ch\/fr\/wp-json\/wp\/v2\/media?parent=3693"}],"curies":[{"name":"wp","href":"https:\/\/api.w.org\/{rel}","templated":true}]}}