{"id":2819,"date":"2019-10-22T09:54:03","date_gmt":"2019-10-22T07:54:03","guid":{"rendered":"https:\/\/www.swisssem.ch\/?page_id=2819"},"modified":"2023-01-12T11:02:39","modified_gmt":"2023-01-12T10:02:39","slug":"kontakt","status":"publish","type":"page","link":"https:\/\/www.swisssem.ch\/fr\/kontakt\/","title":{"rendered":"Contact"},"content":{"rendered":"\n<p>swisssem<br>Rte de Portalban 40<br>1567 Delley<\/p>\n\n\n\n<div class=\"wp-block-columns is-layout-flex wp-container-core-columns-is-layout-9d6595d7 wp-block-columns-is-layout-flex\">\n<div class=\"wp-block-column is-layout-flow wp-block-column-is-layout-flow\" style=\"flex-basis:66.66%\"><\/div>\n\n\n\n<div class=\"wp-block-column is-layout-flow wp-block-column-is-layout-flow\" style=\"flex-basis:33.33%\"><\/div>\n<\/div>\n\n\n\n<div class=\"wp-block-group\"><div class=\"wp-block-group__inner-container is-layout-flow wp-block-group-is-layout-flow\">\n<div class=\"wp-block-group\"><div class=\"wp-block-group__inner-container is-layout-flow wp-block-group-is-layout-flow\">\n<div class=\"wp-block-group\"><div class=\"wp-block-group__inner-container is-layout-flow wp-block-group-is-layout-flow\">\n<p class=\"has-text-align-left\"><strong>G\u00e9rant<\/strong>: Christof R\u00fcfenacht<br>                  026 677 90 31<br>                  <a rel=\"noreferrer noopener\" aria-label=\"ruefenacht@swisssem.ch (ouverture dans un nouvel onglet)\" href=\"mailto:ruefenacht@swisssem.ch\" target=\"_blank\">ruefenacht@swisssem.ch<\/a><\/p>\n<\/div><\/div>\n<\/div><\/div>\n<\/div><\/div>\n\n\n\n<div class=\"wp-block-group\"><div class=\"wp-block-group__inner-container is-layout-flow wp-block-group-is-layout-flow\">\n<p><strong>Secr\u00e9tariat<\/strong>: Mireille Godel<br>                           026 677 90 33<br>                           <a rel=\"noreferrer noopener\" aria-label=\"info@swisssem.ch (ouverture dans un nouvel onglet)\" href=\"mailto:info@swisssem.ch\" target=\"_blank\">info@swisssem.ch<\/a>                           <\/p>\n<\/div><\/div>\n\n\n\n<div class=\"wp-block-group\"><div class=\"wp-block-group__inner-container is-layout-flow wp-block-group-is-layout-flow\">\n<p><strong>Comptabilit\u00e9<\/strong> : Alain Lehmann<br>                               026 677 90 22<\/p>\n<\/div><\/div>\n\n\n\n<p>Pour toute commande de brochure ou mat\u00e9riel publicitaire veuillez vous adresser \u00e0&nbsp;:<\/p>\n\n\n\n<p><a href=\"mailto:saatgut.schweiz@swisssem.ch\">saatgut.schweiz@swisssem.ch<\/a><\/p>\n\n\n\n<p>swisssem<br><strong>semence suisse<\/strong><br>Route de Portalban 40<br>1567 Delley<\/p>\n","protected":false},"excerpt":{"rendered":"<p>swisssemRte de Portalban 401567 Delley G\u00e9rant: Christof R\u00fcfenacht 026 677 90 31 ruefenacht@swisssem.ch Secr\u00e9tariat: Mireille Godel 026 677 90 33 info@swisssem.ch Comptabilit\u00e9 : Alain Lehmann 026 677 90 22 Pour toute commande de brochure ou mat\u00e9riel publicitaire veuillez vous adresser \u00e0&nbsp;: saatgut.schweiz@swisssem.ch swisssemsemence suisseRoute de Portalban 401567 Delley<\/p>\n","protected":false},"author":6,"featured_media":0,"parent":0,"menu_order":257,"comment_status":"closed","ping_status":"closed","template":"","meta":{"_acf_changed":false,"footnotes":""},"class_list":["post-2819","page","type-page","status-publish","hentry"],"acf":[],"yoast_head":"<!-- This site is optimized with the Yoast SEO plugin v27.1.1 - https:\/\/yoast.com\/product\/yoast-seo-wordpress\/ -->\n<title>Contact - swisssem semence suisse<\/title>\n<meta name=\"robots\" content=\"index, follow, max-snippet:-1, max-image-preview:large, max-video-preview:-1\" \/>\n<link rel=\"canonical\" href=\"https:\/\/www.swisssem.ch\/fr\/kontakt\/\" \/>\n<meta property=\"og:locale\" content=\"fr_FR\" \/>\n<meta property=\"og:type\" content=\"article\" \/>\n<meta property=\"og:title\" content=\"Contact - swisssem semence suisse\" \/>\n<meta property=\"og:description\" content=\"swisssemRte de Portalban 401567 Delley G\u00e9rant: Christof R\u00fcfenacht 026 677 90 31 ruefenacht@swisssem.ch Secr\u00e9tariat: Mireille Godel 026 677 90 33 info@swisssem.ch Comptabilit\u00e9 : Alain Lehmann 026 677 90 22 Pour toute commande de brochure ou mat\u00e9riel publicitaire veuillez vous adresser \u00e0&nbsp;: saatgut.schweiz@swisssem.ch swisssemsemence suisseRoute de Portalban 401567 Delley\" \/>\n<meta property=\"og:url\" content=\"https:\/\/www.swisssem.ch\/fr\/kontakt\/\" \/>\n<meta property=\"og:site_name\" content=\"swisssem semence suisse\" \/>\n<meta property=\"article:modified_time\" content=\"2023-01-12T10:02:39+00:00\" \/>\n<meta name=\"twitter:card\" content=\"summary_large_image\" \/>\n<script type=\"application\/ld+json\" class=\"yoast-schema-graph\">{\"@context\":\"https:\/\/schema.org\",\"@graph\":[{\"@type\":\"WebPage\",\"@id\":\"https:\/\/www.swisssem.ch\/fr\/kontakt\/\",\"url\":\"https:\/\/www.swisssem.ch\/fr\/kontakt\/\",\"name\":\"Contact - swisssem semence suisse\",\"isPartOf\":{\"@id\":\"https:\/\/www.swisssem.ch\/de\/#website\"},\"datePublished\":\"2019-10-22T07:54:03+00:00\",\"dateModified\":\"2023-01-12T10:02:39+00:00\",\"breadcrumb\":{\"@id\":\"https:\/\/www.swisssem.ch\/fr\/kontakt\/#breadcrumb\"},\"inLanguage\":\"fr-FR\",\"potentialAction\":[{\"@type\":\"ReadAction\",\"target\":[\"https:\/\/www.swisssem.ch\/fr\/kontakt\/\"]}]},{\"@type\":\"BreadcrumbList\",\"@id\":\"https:\/\/www.swisssem.ch\/fr\/kontakt\/#breadcrumb\",\"itemListElement\":[{\"@type\":\"ListItem\",\"position\":1,\"name\":\"Home\",\"item\":\"https:\/\/www.swisssem.ch\/fr\/\"},{\"@type\":\"ListItem\",\"position\":2,\"name\":\"Contact\"}]},{\"@type\":\"WebSite\",\"@id\":\"https:\/\/www.swisssem.ch\/de\/#website\",\"url\":\"https:\/\/www.swisssem.ch\/de\/\",\"name\":\"swisssem semence suisse\",\"description\":\"\",\"publisher\":{\"@id\":\"https:\/\/www.swisssem.ch\/de\/#organization\"},\"potentialAction\":[{\"@type\":\"SearchAction\",\"target\":{\"@type\":\"EntryPoint\",\"urlTemplate\":\"https:\/\/www.swisssem.ch\/de\/?s={search_term_string}\"},\"query-input\":{\"@type\":\"PropertyValueSpecification\",\"valueRequired\":true,\"valueName\":\"search_term_string\"}}],\"inLanguage\":\"fr-FR\"},{\"@type\":\"Organization\",\"@id\":\"https:\/\/www.swisssem.ch\/de\/#organization\",\"name\":\"swisssem saatgut schweiz\",\"url\":\"https:\/\/www.swisssem.ch\/de\/\",\"logo\":{\"@type\":\"ImageObject\",\"inLanguage\":\"fr-FR\",\"@id\":\"https:\/\/www.swisssem.ch\/de\/#\/schema\/logo\/image\/\",\"url\":\"https:\/\/www.swisssem.ch\/wp-content\/uploads\/2020\/03\/Logo_swisssem_RGB-1.jpg\",\"contentUrl\":\"https:\/\/www.swisssem.ch\/wp-content\/uploads\/2020\/03\/Logo_swisssem_RGB-1.jpg\",\"width\":1684,\"height\":430,\"caption\":\"swisssem saatgut schweiz\"},\"image\":{\"@id\":\"https:\/\/www.swisssem.ch\/de\/#\/schema\/logo\/image\/\"}}]}<\/script>\n<!-- \/ Yoast SEO plugin. -->","yoast_head_json":{"title":"Contact - swisssem semence suisse","robots":{"index":"index","follow":"follow","max-snippet":"max-snippet:-1","max-image-preview":"max-image-preview:large","max-video-preview":"max-video-preview:-1"},"canonical":"https:\/\/www.swisssem.ch\/fr\/kontakt\/","og_locale":"fr_FR","og_type":"article","og_title":"Contact - swisssem semence suisse","og_description":"swisssemRte de Portalban 401567 Delley G\u00e9rant: Christof R\u00fcfenacht 026 677 90 31 ruefenacht@swisssem.ch Secr\u00e9tariat: Mireille Godel 026 677 90 33 info@swisssem.ch Comptabilit\u00e9 : Alain Lehmann 026 677 90 22 Pour toute commande de brochure ou mat\u00e9riel publicitaire veuillez vous adresser \u00e0&nbsp;: saatgut.schweiz@swisssem.ch swisssemsemence suisseRoute de Portalban 401567 Delley","og_url":"https:\/\/www.swisssem.ch\/fr\/kontakt\/","og_site_name":"swisssem semence suisse","article_modified_time":"2023-01-12T10:02:39+00:00","twitter_card":"summary_large_image","schema":{"@context":"https:\/\/schema.org","@graph":[{"@type":"WebPage","@id":"https:\/\/www.swisssem.ch\/fr\/kontakt\/","url":"https:\/\/www.swisssem.ch\/fr\/kontakt\/","name":"Contact - swisssem semence suisse","isPartOf":{"@id":"https:\/\/www.swisssem.ch\/de\/#website"},"datePublished":"2019-10-22T07:54:03+00:00","dateModified":"2023-01-12T10:02:39+00:00","breadcrumb":{"@id":"https:\/\/www.swisssem.ch\/fr\/kontakt\/#breadcrumb"},"inLanguage":"fr-FR","potentialAction":[{"@type":"ReadAction","target":["https:\/\/www.swisssem.ch\/fr\/kontakt\/"]}]},{"@type":"BreadcrumbList","@id":"https:\/\/www.swisssem.ch\/fr\/kontakt\/#breadcrumb","itemListElement":[{"@type":"ListItem","position":1,"name":"Home","item":"https:\/\/www.swisssem.ch\/fr\/"},{"@type":"ListItem","position":2,"name":"Contact"}]},{"@type":"WebSite","@id":"https:\/\/www.swisssem.ch\/de\/#website","url":"https:\/\/www.swisssem.ch\/de\/","name":"swisssem semence suisse","description":"","publisher":{"@id":"https:\/\/www.swisssem.ch\/de\/#organization"},"potentialAction":[{"@type":"SearchAction","target":{"@type":"EntryPoint","urlTemplate":"https:\/\/www.swisssem.ch\/de\/?s={search_term_string}"},"query-input":{"@type":"PropertyValueSpecification","valueRequired":true,"valueName":"search_term_string"}}],"inLanguage":"fr-FR"},{"@type":"Organization","@id":"https:\/\/www.swisssem.ch\/de\/#organization","name":"swisssem saatgut schweiz","url":"https:\/\/www.swisssem.ch\/de\/","logo":{"@type":"ImageObject","inLanguage":"fr-FR","@id":"https:\/\/www.swisssem.ch\/de\/#\/schema\/logo\/image\/","url":"https:\/\/www.swisssem.ch\/wp-content\/uploads\/2020\/03\/Logo_swisssem_RGB-1.jpg","contentUrl":"https:\/\/www.swisssem.ch\/wp-content\/uploads\/2020\/03\/Logo_swisssem_RGB-1.jpg","width":1684,"height":430,"caption":"swisssem saatgut schweiz"},"image":{"@id":"https:\/\/www.swisssem.ch\/de\/#\/schema\/logo\/image\/"}}]}},"_links":{"self":[{"href":"https:\/\/www.swisssem.ch\/fr\/wp-json\/wp\/v2\/pages\/2819","targetHints":{"allow":["GET"]}}],"collection":[{"href":"https:\/\/www.swisssem.ch\/fr\/wp-json\/wp\/v2\/pages"}],"about":[{"href":"https:\/\/www.swisssem.ch\/fr\/wp-json\/wp\/v2\/types\/page"}],"author":[{"embeddable":true,"href":"https:\/\/www.swisssem.ch\/fr\/wp-json\/wp\/v2\/users\/6"}],"replies":[{"embeddable":true,"href":"https:\/\/www.swisssem.ch\/fr\/wp-json\/wp\/v2\/comments?post=2819"}],"version-history":[{"count":8,"href":"https:\/\/www.swisssem.ch\/fr\/wp-json\/wp\/v2\/pages\/2819\/revisions"}],"predecessor-version":[{"id":6797,"href":"https:\/\/www.swisssem.ch\/fr\/wp-json\/wp\/v2\/pages\/2819\/revisions\/6797"}],"wp:attachment":[{"href":"https:\/\/www.swisssem.ch\/fr\/wp-json\/wp\/v2\/media?parent=2819"}],"curies":[{"name":"wp","href":"https:\/\/api.w.org\/{rel}","templated":true}]}}