{"id":2711,"date":"2020-01-23T11:44:26","date_gmt":"2020-01-23T10:44:26","guid":{"rendered":"https:\/\/www.swisssem.ch\/?page_id=2711"},"modified":"2024-06-26T10:50:31","modified_gmt":"2024-06-26T08:50:31","slug":"semence-suisse","status":"publish","type":"page","link":"https:\/\/www.swisssem.ch\/fr\/qui-sommes-nous\/semence-suisse\/","title":{"rendered":"Semence suisse"},"content":{"rendered":"\n<div class=\"wp-block-group\"><div class=\"wp-block-group__inner-container is-layout-flow wp-block-group-is-layout-flow\">\n<div class=\"wp-block-columns is-layout-flex wp-container-core-columns-is-layout-9d6595d7 wp-block-columns-is-layout-flex\">\n<div class=\"wp-block-column is-layout-flow wp-block-column-is-layout-flow\"><\/div>\n\n\n\n<div class=\"wp-block-column is-layout-flow wp-block-column-is-layout-flow\"><\/div>\n<\/div>\n<\/div><\/div>\n\n\n\n<p>Le label \u201e<strong>semence suisse<\/strong>\u201c est d\u00e9cern\u00e9 aux semences et plants qui ont \u00e9t\u00e9 produits en Suisse par les membres de swisssem et certifi\u00e9s par le Service f\u00e9d\u00e9ral. Il s\u2019agit donc d\u2019une appellation de qualit\u00e9 et d\u2019origine.  <strong>semence suisse<\/strong>  signifie qu\u2019il s\u2019agit de semences certifi\u00e9es, contr\u00f4l\u00e9es officiellement et qui remplissent de hautes exigences de qualit\u00e9. La d\u00e9signation \u00ab\u00a0suisse\u00a0\u00bb atteste que la semence est produite en Suisse et n\u2019a ainsi pas subi de longs transports. Le label  <strong>semence suisse<\/strong>  ne peut en aucun cas \u00eatre appliqu\u00e9 aux semences&nbsp;&nbsp; et plants certifi\u00e9s import\u00e9s.&nbsp;<br><strong>semence suisse<\/strong>  a pour but, sur le plan national, de promouvoir l\u2019utilisation de semences et de plants certifi\u00e9s d\u2019origine suisse. Ainsi, la production de&nbsp;&nbsp; semences et plants indig\u00e8nes peut \u00eatre maintenue.   <br><strong>semence suisse<\/strong> vise &nbsp;aussi \u00e0 ouvrir le march\u00e9 de l\u2019exportation. Pour atteindre ce but,  <strong>semence suisse<\/strong> offre diff\u00e9rents supports d\u2019informations et moyens publicitaires pour convaincre les acheteurs et les utilisateurs des avantages de  <strong>semence suisse<\/strong> .<\/p>\n\n\n\n<div class=\"wp-block-columns is-layout-flex wp-container-core-columns-is-layout-9d6595d7 wp-block-columns-is-layout-flex\">\n<div class=\"wp-block-column is-layout-flow wp-block-column-is-layout-flow\"><div class=\"wp-block-image\">\n<figure class=\"alignleft size-medium\"><img decoding=\"async\" src=\"https:\/\/www.swisssem.ch\/wp-content\/uploads\/2020\/02\/Logo_saatgutschweiz-semencesuisse_RGB-300x64.jpg\" alt=\"\" class=\"wp-image-3380\"\/><\/figure>\n<\/div><\/div>\n\n\n\n<div class=\"wp-block-column is-layout-flow wp-block-column-is-layout-flow\"><\/div>\n<\/div>\n\n\n\n<p><br>Contact \/ Commande:\u00a0\u00a0\u00a0<br><strong>semence suisse<\/strong> <br>swisssem\u00a0 <br>Route de Portalban 40\u00a0\u00a0<br>1567 Delley\u00a0\u00a0<br>T\u00e9l. 026 677 90 33\u00a0 <br>e-mail: <a aria-label=\"z-saatgut(at)swisssem(dot)ch\u00a0 (ouverture dans un nouvel onglet)\" href=\"mailto:saatgut.schweiz@swisssem.ch\" target=\"_blank\" rel=\"noreferrer noopener\">saatgut.schweiz@swisssem.ch<\/a><\/p>\n","protected":false},"excerpt":{"rendered":"<p>Le label \u201esemence suisse\u201c est d\u00e9cern\u00e9 aux semences et plants qui ont \u00e9t\u00e9 produits en Suisse par les membres de swisssem et certifi\u00e9s par le Service f\u00e9d\u00e9ral. Il s\u2019agit donc d\u2019une appellation de qualit\u00e9 et d\u2019origine. semence suisse signifie qu\u2019il s\u2019agit de semences certifi\u00e9es, contr\u00f4l\u00e9es officiellement et qui remplissent de hautes exigences de qualit\u00e9. La [&hellip;]<\/p>\n","protected":false},"author":7,"featured_media":0,"parent":2736,"menu_order":198,"comment_status":"closed","ping_status":"closed","template":"","meta":{"_acf_changed":false,"footnotes":""},"class_list":["post-2711","page","type-page","status-publish","hentry"],"acf":[],"yoast_head":"<!-- This site is optimized with the Yoast SEO plugin v27.1.1 - https:\/\/yoast.com\/product\/yoast-seo-wordpress\/ -->\n<title>Semence suisse - swisssem semence suisse<\/title>\n<meta name=\"robots\" content=\"index, follow, max-snippet:-1, max-image-preview:large, max-video-preview:-1\" \/>\n<link rel=\"canonical\" href=\"https:\/\/www.swisssem.ch\/fr\/qui-sommes-nous\/semence-suisse\/\" \/>\n<meta property=\"og:locale\" content=\"fr_FR\" \/>\n<meta property=\"og:type\" content=\"article\" \/>\n<meta property=\"og:title\" content=\"Semence suisse - swisssem semence suisse\" \/>\n<meta property=\"og:description\" content=\"Le label \u201esemence suisse\u201c est d\u00e9cern\u00e9 aux semences et plants qui ont \u00e9t\u00e9 produits en Suisse par les membres de swisssem et certifi\u00e9s par le Service f\u00e9d\u00e9ral. Il s\u2019agit donc d\u2019une appellation de qualit\u00e9 et d\u2019origine. semence suisse signifie qu\u2019il s\u2019agit de semences certifi\u00e9es, contr\u00f4l\u00e9es officiellement et qui remplissent de hautes exigences de qualit\u00e9. La [&hellip;]\" \/>\n<meta property=\"og:url\" content=\"https:\/\/www.swisssem.ch\/fr\/qui-sommes-nous\/semence-suisse\/\" \/>\n<meta property=\"og:site_name\" content=\"swisssem semence suisse\" \/>\n<meta property=\"article:modified_time\" content=\"2024-06-26T08:50:31+00:00\" \/>\n<meta property=\"og:image\" content=\"https:\/\/www.swisssem.ch\/wp-content\/uploads\/2020\/02\/Logo_saatgutschweiz-semencesuisse_RGB-300x64.jpg\" \/>\n<meta name=\"twitter:card\" content=\"summary_large_image\" \/>\n<meta name=\"twitter:label1\" content=\"Dur\u00e9e de lecture estim\u00e9e\" \/>\n\t<meta name=\"twitter:data1\" content=\"2 minutes\" \/>\n<script type=\"application\/ld+json\" class=\"yoast-schema-graph\">{\"@context\":\"https:\/\/schema.org\",\"@graph\":[{\"@type\":\"WebPage\",\"@id\":\"https:\/\/www.swisssem.ch\/fr\/qui-sommes-nous\/semence-suisse\/\",\"url\":\"https:\/\/www.swisssem.ch\/fr\/qui-sommes-nous\/semence-suisse\/\",\"name\":\"Semence suisse - swisssem semence suisse\",\"isPartOf\":{\"@id\":\"https:\/\/www.swisssem.ch\/de\/#website\"},\"primaryImageOfPage\":{\"@id\":\"https:\/\/www.swisssem.ch\/fr\/qui-sommes-nous\/semence-suisse\/#primaryimage\"},\"image\":{\"@id\":\"https:\/\/www.swisssem.ch\/fr\/qui-sommes-nous\/semence-suisse\/#primaryimage\"},\"thumbnailUrl\":\"https:\/\/www.swisssem.ch\/wp-content\/uploads\/2020\/02\/Logo_saatgutschweiz-semencesuisse_RGB-300x64.jpg\",\"datePublished\":\"2020-01-23T10:44:26+00:00\",\"dateModified\":\"2024-06-26T08:50:31+00:00\",\"breadcrumb\":{\"@id\":\"https:\/\/www.swisssem.ch\/fr\/qui-sommes-nous\/semence-suisse\/#breadcrumb\"},\"inLanguage\":\"fr-FR\",\"potentialAction\":[{\"@type\":\"ReadAction\",\"target\":[\"https:\/\/www.swisssem.ch\/fr\/qui-sommes-nous\/semence-suisse\/\"]}]},{\"@type\":\"ImageObject\",\"inLanguage\":\"fr-FR\",\"@id\":\"https:\/\/www.swisssem.ch\/fr\/qui-sommes-nous\/semence-suisse\/#primaryimage\",\"url\":\"https:\/\/www.swisssem.ch\/wp-content\/uploads\/2020\/02\/Logo_saatgutschweiz-semencesuisse_RGB-300x64.jpg\",\"contentUrl\":\"https:\/\/www.swisssem.ch\/wp-content\/uploads\/2020\/02\/Logo_saatgutschweiz-semencesuisse_RGB-300x64.jpg\"},{\"@type\":\"BreadcrumbList\",\"@id\":\"https:\/\/www.swisssem.ch\/fr\/qui-sommes-nous\/semence-suisse\/#breadcrumb\",\"itemListElement\":[{\"@type\":\"ListItem\",\"position\":1,\"name\":\"Home\",\"item\":\"https:\/\/www.swisssem.ch\/fr\/\"},{\"@type\":\"ListItem\",\"position\":2,\"name\":\"Qui sommes nous\",\"item\":\"https:\/\/www.swisssem.ch\/fr\/qui-sommes-nous\/\"},{\"@type\":\"ListItem\",\"position\":3,\"name\":\"Semence suisse\"}]},{\"@type\":\"WebSite\",\"@id\":\"https:\/\/www.swisssem.ch\/de\/#website\",\"url\":\"https:\/\/www.swisssem.ch\/de\/\",\"name\":\"swisssem semence suisse\",\"description\":\"\",\"publisher\":{\"@id\":\"https:\/\/www.swisssem.ch\/de\/#organization\"},\"potentialAction\":[{\"@type\":\"SearchAction\",\"target\":{\"@type\":\"EntryPoint\",\"urlTemplate\":\"https:\/\/www.swisssem.ch\/de\/?s={search_term_string}\"},\"query-input\":{\"@type\":\"PropertyValueSpecification\",\"valueRequired\":true,\"valueName\":\"search_term_string\"}}],\"inLanguage\":\"fr-FR\"},{\"@type\":\"Organization\",\"@id\":\"https:\/\/www.swisssem.ch\/de\/#organization\",\"name\":\"swisssem saatgut schweiz\",\"url\":\"https:\/\/www.swisssem.ch\/de\/\",\"logo\":{\"@type\":\"ImageObject\",\"inLanguage\":\"fr-FR\",\"@id\":\"https:\/\/www.swisssem.ch\/de\/#\/schema\/logo\/image\/\",\"url\":\"https:\/\/www.swisssem.ch\/wp-content\/uploads\/2020\/03\/Logo_swisssem_RGB-1.jpg\",\"contentUrl\":\"https:\/\/www.swisssem.ch\/wp-content\/uploads\/2020\/03\/Logo_swisssem_RGB-1.jpg\",\"width\":1684,\"height\":430,\"caption\":\"swisssem saatgut schweiz\"},\"image\":{\"@id\":\"https:\/\/www.swisssem.ch\/de\/#\/schema\/logo\/image\/\"}}]}<\/script>\n<!-- \/ Yoast SEO plugin. -->","yoast_head_json":{"title":"Semence suisse - swisssem semence suisse","robots":{"index":"index","follow":"follow","max-snippet":"max-snippet:-1","max-image-preview":"max-image-preview:large","max-video-preview":"max-video-preview:-1"},"canonical":"https:\/\/www.swisssem.ch\/fr\/qui-sommes-nous\/semence-suisse\/","og_locale":"fr_FR","og_type":"article","og_title":"Semence suisse - swisssem semence suisse","og_description":"Le label \u201esemence suisse\u201c est d\u00e9cern\u00e9 aux semences et plants qui ont \u00e9t\u00e9 produits en Suisse par les membres de swisssem et certifi\u00e9s par le Service f\u00e9d\u00e9ral. Il s\u2019agit donc d\u2019une appellation de qualit\u00e9 et d\u2019origine. semence suisse signifie qu\u2019il s\u2019agit de semences certifi\u00e9es, contr\u00f4l\u00e9es officiellement et qui remplissent de hautes exigences de qualit\u00e9. La [&hellip;]","og_url":"https:\/\/www.swisssem.ch\/fr\/qui-sommes-nous\/semence-suisse\/","og_site_name":"swisssem semence suisse","article_modified_time":"2024-06-26T08:50:31+00:00","og_image":[{"url":"https:\/\/www.swisssem.ch\/wp-content\/uploads\/2020\/02\/Logo_saatgutschweiz-semencesuisse_RGB-300x64.jpg","type":"","width":"","height":""}],"twitter_card":"summary_large_image","twitter_misc":{"Dur\u00e9e de lecture estim\u00e9e":"2 minutes"},"schema":{"@context":"https:\/\/schema.org","@graph":[{"@type":"WebPage","@id":"https:\/\/www.swisssem.ch\/fr\/qui-sommes-nous\/semence-suisse\/","url":"https:\/\/www.swisssem.ch\/fr\/qui-sommes-nous\/semence-suisse\/","name":"Semence suisse - swisssem semence suisse","isPartOf":{"@id":"https:\/\/www.swisssem.ch\/de\/#website"},"primaryImageOfPage":{"@id":"https:\/\/www.swisssem.ch\/fr\/qui-sommes-nous\/semence-suisse\/#primaryimage"},"image":{"@id":"https:\/\/www.swisssem.ch\/fr\/qui-sommes-nous\/semence-suisse\/#primaryimage"},"thumbnailUrl":"https:\/\/www.swisssem.ch\/wp-content\/uploads\/2020\/02\/Logo_saatgutschweiz-semencesuisse_RGB-300x64.jpg","datePublished":"2020-01-23T10:44:26+00:00","dateModified":"2024-06-26T08:50:31+00:00","breadcrumb":{"@id":"https:\/\/www.swisssem.ch\/fr\/qui-sommes-nous\/semence-suisse\/#breadcrumb"},"inLanguage":"fr-FR","potentialAction":[{"@type":"ReadAction","target":["https:\/\/www.swisssem.ch\/fr\/qui-sommes-nous\/semence-suisse\/"]}]},{"@type":"ImageObject","inLanguage":"fr-FR","@id":"https:\/\/www.swisssem.ch\/fr\/qui-sommes-nous\/semence-suisse\/#primaryimage","url":"https:\/\/www.swisssem.ch\/wp-content\/uploads\/2020\/02\/Logo_saatgutschweiz-semencesuisse_RGB-300x64.jpg","contentUrl":"https:\/\/www.swisssem.ch\/wp-content\/uploads\/2020\/02\/Logo_saatgutschweiz-semencesuisse_RGB-300x64.jpg"},{"@type":"BreadcrumbList","@id":"https:\/\/www.swisssem.ch\/fr\/qui-sommes-nous\/semence-suisse\/#breadcrumb","itemListElement":[{"@type":"ListItem","position":1,"name":"Home","item":"https:\/\/www.swisssem.ch\/fr\/"},{"@type":"ListItem","position":2,"name":"Qui sommes nous","item":"https:\/\/www.swisssem.ch\/fr\/qui-sommes-nous\/"},{"@type":"ListItem","position":3,"name":"Semence suisse"}]},{"@type":"WebSite","@id":"https:\/\/www.swisssem.ch\/de\/#website","url":"https:\/\/www.swisssem.ch\/de\/","name":"swisssem semence suisse","description":"","publisher":{"@id":"https:\/\/www.swisssem.ch\/de\/#organization"},"potentialAction":[{"@type":"SearchAction","target":{"@type":"EntryPoint","urlTemplate":"https:\/\/www.swisssem.ch\/de\/?s={search_term_string}"},"query-input":{"@type":"PropertyValueSpecification","valueRequired":true,"valueName":"search_term_string"}}],"inLanguage":"fr-FR"},{"@type":"Organization","@id":"https:\/\/www.swisssem.ch\/de\/#organization","name":"swisssem saatgut schweiz","url":"https:\/\/www.swisssem.ch\/de\/","logo":{"@type":"ImageObject","inLanguage":"fr-FR","@id":"https:\/\/www.swisssem.ch\/de\/#\/schema\/logo\/image\/","url":"https:\/\/www.swisssem.ch\/wp-content\/uploads\/2020\/03\/Logo_swisssem_RGB-1.jpg","contentUrl":"https:\/\/www.swisssem.ch\/wp-content\/uploads\/2020\/03\/Logo_swisssem_RGB-1.jpg","width":1684,"height":430,"caption":"swisssem saatgut schweiz"},"image":{"@id":"https:\/\/www.swisssem.ch\/de\/#\/schema\/logo\/image\/"}}]}},"_links":{"self":[{"href":"https:\/\/www.swisssem.ch\/fr\/wp-json\/wp\/v2\/pages\/2711","targetHints":{"allow":["GET"]}}],"collection":[{"href":"https:\/\/www.swisssem.ch\/fr\/wp-json\/wp\/v2\/pages"}],"about":[{"href":"https:\/\/www.swisssem.ch\/fr\/wp-json\/wp\/v2\/types\/page"}],"author":[{"embeddable":true,"href":"https:\/\/www.swisssem.ch\/fr\/wp-json\/wp\/v2\/users\/7"}],"replies":[{"embeddable":true,"href":"https:\/\/www.swisssem.ch\/fr\/wp-json\/wp\/v2\/comments?post=2711"}],"version-history":[{"count":17,"href":"https:\/\/www.swisssem.ch\/fr\/wp-json\/wp\/v2\/pages\/2711\/revisions"}],"predecessor-version":[{"id":11715,"href":"https:\/\/www.swisssem.ch\/fr\/wp-json\/wp\/v2\/pages\/2711\/revisions\/11715"}],"up":[{"embeddable":true,"href":"https:\/\/www.swisssem.ch\/fr\/wp-json\/wp\/v2\/pages\/2736"}],"wp:attachment":[{"href":"https:\/\/www.swisssem.ch\/fr\/wp-json\/wp\/v2\/media?parent=2711"}],"curies":[{"name":"wp","href":"https:\/\/api.w.org\/{rel}","templated":true}]}}