{"id":2706,"date":"2020-01-23T11:26:14","date_gmt":"2020-01-23T10:26:14","guid":{"rendered":"https:\/\/www.swisssem.ch\/?page_id=2706"},"modified":"2026-04-15T10:38:40","modified_gmt":"2026-04-15T08:38:40","slug":"partenaire-2","status":"publish","type":"page","link":"https:\/\/www.swisssem.ch\/fr\/qui-sommes-nous\/partenaire-2\/","title":{"rendered":"Partenaires"},"content":{"rendered":"\n<h1 class=\"wp-block-heading\">Partenaires de la F\u00e9d\u00e9ration suisse des producteurs de semences<\/h1>\n\n\n\n<ul class=\"wp-block-list\">\n<li><a href=\"https:\/\/www.dsp-delley.ch\/fr\/\">www.dsp-delley.ch<\/a><strong>&nbsp;&nbsp; DSP SA<\/strong>&nbsp; (Delley semences et plantes SA) <\/li>\n\n\n\n<li><a href=\"https:\/\/www.blw.admin.ch\/blw\/fr\/home.html\">www.ofag.admin.ch<\/a><strong>&nbsp;&nbsp; OFAG&nbsp;<\/strong> (Office f\u00e9d\u00e9ral de l&rsquo;Agriculture ) &nbsp;<\/li>\n\n\n\n<li><a href=\"https:\/\/www.agroscope.admin.ch\/agroscope\/fr\/home.html\">www.agroscope.ch<\/a><strong>&nbsp;&nbsp; Agroscope<\/strong>&nbsp; (Stations de recherche&nbsp; Agroscope)&nbsp;<\/li>\n\n\n\n<li><a href=\"https:\/\/www.swissgranum.ch\/fr\/home\">www.swissgranum.ch<\/a><strong>&nbsp;&nbsp; Swiss granum<\/strong>&nbsp; (Organisation de la branche Suisse des c\u00e9r\u00e9ales, des ol\u00e9agineux et des prot\u00e9agineux)<\/li>\n\n\n\n<li><a href=\"https:\/\/www.kartoffel.ch\/fr\">www.patate.ch<\/a>\u00a0<strong>\u00a0\u00a0 Swisspatat <\/strong>(interprofession du secteur suisse des pommes de terre)<br><a href=\"https:\/\/www.producteursdepommesdeterre.ch\/\" type=\"link\" id=\"https:\/\/www.producteursdepommesdeterre.ch\/\">www.producteursdepommesdeterre.ch<\/a> <strong>USPTT<\/strong> (Union Suisse des Producteurs de Pommes de terre)<\/li>\n\n\n\n<li><a rel=\"noreferrer noopener\" href=\"https:\/\/www.ipsuisse.ch\/\" target=\"_blank\">www.ipsuisse.ch<\/a><strong>&nbsp;&nbsp; IP &#8211; Suisse<\/strong> (Association de producteurs qui se s&rsquo;engage pour la production int\u00e9gr\u00e9e)<\/li>\n\n\n\n<li><a href=\"http:\/\/www.sgpv.ch\/fr\/\">www.fspc.ch<\/a>&nbsp;&nbsp;&nbsp; <strong>FSPC<\/strong>&nbsp; (F\u00e9d\u00e9ration Suisse de producteurs des c\u00e9r\u00e9ales) &nbsp;&nbsp;<\/li>\n\n\n\n<li><a href=\"https:\/\/www.swiss-seed.ch\/fr\">www.swiss-seed.ch<\/a><strong>&nbsp;&nbsp; Swiss-Seed<\/strong> (<small>Association Suisse du commerce des semences et de la protection des obtentions v\u00e9g\u00e9tales<\/small>)<\/li>\n\n\n\n<li><a href=\"https:\/\/painsuisse.ch\/blog-2\/\">Pain Suisse<\/a> &nbsp;&nbsp; <strong>Association Pain Suisse<\/strong><\/li>\n\n\n\n<li><a href=\"https:\/\/www.agriculture-durable.ch\/\">www.agriculture-durable.ch<\/a>&nbsp;  <strong>Agriculture durable<\/strong> <\/li>\n<\/ul>\n\n\n\n<p><\/p>\n","protected":false},"excerpt":{"rendered":"<p>Partenaires de la F\u00e9d\u00e9ration suisse des producteurs de semences<\/p>\n","protected":false},"author":7,"featured_media":0,"parent":2736,"menu_order":195,"comment_status":"closed","ping_status":"closed","template":"","meta":{"_acf_changed":false,"footnotes":""},"class_list":["post-2706","page","type-page","status-publish","hentry"],"acf":[],"yoast_head":"<!-- This site is optimized with the Yoast SEO plugin v27.1.1 - https:\/\/yoast.com\/product\/yoast-seo-wordpress\/ -->\n<title>Partenaires - swisssem semence suisse<\/title>\n<meta name=\"robots\" content=\"index, follow, max-snippet:-1, max-image-preview:large, max-video-preview:-1\" \/>\n<link rel=\"canonical\" href=\"https:\/\/www.swisssem.ch\/fr\/qui-sommes-nous\/partenaire-2\/\" \/>\n<meta property=\"og:locale\" content=\"fr_FR\" \/>\n<meta property=\"og:type\" content=\"article\" \/>\n<meta property=\"og:title\" content=\"Partenaires - swisssem semence suisse\" \/>\n<meta property=\"og:description\" content=\"Partenaires de la F\u00e9d\u00e9ration suisse des producteurs de semences\" \/>\n<meta property=\"og:url\" content=\"https:\/\/www.swisssem.ch\/fr\/qui-sommes-nous\/partenaire-2\/\" \/>\n<meta property=\"og:site_name\" content=\"swisssem semence suisse\" \/>\n<meta property=\"article:modified_time\" content=\"2026-04-15T08:38:40+00:00\" \/>\n<meta name=\"twitter:card\" content=\"summary_large_image\" \/>\n<meta name=\"twitter:label1\" content=\"Dur\u00e9e de lecture estim\u00e9e\" \/>\n\t<meta name=\"twitter:data1\" content=\"1 minute\" \/>\n<script type=\"application\/ld+json\" class=\"yoast-schema-graph\">{\"@context\":\"https:\/\/schema.org\",\"@graph\":[{\"@type\":\"WebPage\",\"@id\":\"https:\/\/www.swisssem.ch\/fr\/qui-sommes-nous\/partenaire-2\/\",\"url\":\"https:\/\/www.swisssem.ch\/fr\/qui-sommes-nous\/partenaire-2\/\",\"name\":\"Partenaires - swisssem semence suisse\",\"isPartOf\":{\"@id\":\"https:\/\/www.swisssem.ch\/de\/#website\"},\"datePublished\":\"2020-01-23T10:26:14+00:00\",\"dateModified\":\"2026-04-15T08:38:40+00:00\",\"breadcrumb\":{\"@id\":\"https:\/\/www.swisssem.ch\/fr\/qui-sommes-nous\/partenaire-2\/#breadcrumb\"},\"inLanguage\":\"fr-FR\",\"potentialAction\":[{\"@type\":\"ReadAction\",\"target\":[\"https:\/\/www.swisssem.ch\/fr\/qui-sommes-nous\/partenaire-2\/\"]}]},{\"@type\":\"BreadcrumbList\",\"@id\":\"https:\/\/www.swisssem.ch\/fr\/qui-sommes-nous\/partenaire-2\/#breadcrumb\",\"itemListElement\":[{\"@type\":\"ListItem\",\"position\":1,\"name\":\"Home\",\"item\":\"https:\/\/www.swisssem.ch\/fr\/\"},{\"@type\":\"ListItem\",\"position\":2,\"name\":\"Qui sommes nous\",\"item\":\"https:\/\/www.swisssem.ch\/fr\/qui-sommes-nous\/\"},{\"@type\":\"ListItem\",\"position\":3,\"name\":\"Partenaires\"}]},{\"@type\":\"WebSite\",\"@id\":\"https:\/\/www.swisssem.ch\/de\/#website\",\"url\":\"https:\/\/www.swisssem.ch\/de\/\",\"name\":\"swisssem semence suisse\",\"description\":\"\",\"publisher\":{\"@id\":\"https:\/\/www.swisssem.ch\/de\/#organization\"},\"potentialAction\":[{\"@type\":\"SearchAction\",\"target\":{\"@type\":\"EntryPoint\",\"urlTemplate\":\"https:\/\/www.swisssem.ch\/de\/?s={search_term_string}\"},\"query-input\":{\"@type\":\"PropertyValueSpecification\",\"valueRequired\":true,\"valueName\":\"search_term_string\"}}],\"inLanguage\":\"fr-FR\"},{\"@type\":\"Organization\",\"@id\":\"https:\/\/www.swisssem.ch\/de\/#organization\",\"name\":\"swisssem saatgut schweiz\",\"url\":\"https:\/\/www.swisssem.ch\/de\/\",\"logo\":{\"@type\":\"ImageObject\",\"inLanguage\":\"fr-FR\",\"@id\":\"https:\/\/www.swisssem.ch\/de\/#\/schema\/logo\/image\/\",\"url\":\"https:\/\/www.swisssem.ch\/wp-content\/uploads\/2020\/03\/Logo_swisssem_RGB-1.jpg\",\"contentUrl\":\"https:\/\/www.swisssem.ch\/wp-content\/uploads\/2020\/03\/Logo_swisssem_RGB-1.jpg\",\"width\":1684,\"height\":430,\"caption\":\"swisssem saatgut schweiz\"},\"image\":{\"@id\":\"https:\/\/www.swisssem.ch\/de\/#\/schema\/logo\/image\/\"}}]}<\/script>\n<!-- \/ Yoast SEO plugin. -->","yoast_head_json":{"title":"Partenaires - swisssem semence suisse","robots":{"index":"index","follow":"follow","max-snippet":"max-snippet:-1","max-image-preview":"max-image-preview:large","max-video-preview":"max-video-preview:-1"},"canonical":"https:\/\/www.swisssem.ch\/fr\/qui-sommes-nous\/partenaire-2\/","og_locale":"fr_FR","og_type":"article","og_title":"Partenaires - swisssem semence suisse","og_description":"Partenaires de la F\u00e9d\u00e9ration suisse des producteurs de semences","og_url":"https:\/\/www.swisssem.ch\/fr\/qui-sommes-nous\/partenaire-2\/","og_site_name":"swisssem semence suisse","article_modified_time":"2026-04-15T08:38:40+00:00","twitter_card":"summary_large_image","twitter_misc":{"Dur\u00e9e de lecture estim\u00e9e":"1 minute"},"schema":{"@context":"https:\/\/schema.org","@graph":[{"@type":"WebPage","@id":"https:\/\/www.swisssem.ch\/fr\/qui-sommes-nous\/partenaire-2\/","url":"https:\/\/www.swisssem.ch\/fr\/qui-sommes-nous\/partenaire-2\/","name":"Partenaires - swisssem semence suisse","isPartOf":{"@id":"https:\/\/www.swisssem.ch\/de\/#website"},"datePublished":"2020-01-23T10:26:14+00:00","dateModified":"2026-04-15T08:38:40+00:00","breadcrumb":{"@id":"https:\/\/www.swisssem.ch\/fr\/qui-sommes-nous\/partenaire-2\/#breadcrumb"},"inLanguage":"fr-FR","potentialAction":[{"@type":"ReadAction","target":["https:\/\/www.swisssem.ch\/fr\/qui-sommes-nous\/partenaire-2\/"]}]},{"@type":"BreadcrumbList","@id":"https:\/\/www.swisssem.ch\/fr\/qui-sommes-nous\/partenaire-2\/#breadcrumb","itemListElement":[{"@type":"ListItem","position":1,"name":"Home","item":"https:\/\/www.swisssem.ch\/fr\/"},{"@type":"ListItem","position":2,"name":"Qui sommes nous","item":"https:\/\/www.swisssem.ch\/fr\/qui-sommes-nous\/"},{"@type":"ListItem","position":3,"name":"Partenaires"}]},{"@type":"WebSite","@id":"https:\/\/www.swisssem.ch\/de\/#website","url":"https:\/\/www.swisssem.ch\/de\/","name":"swisssem semence suisse","description":"","publisher":{"@id":"https:\/\/www.swisssem.ch\/de\/#organization"},"potentialAction":[{"@type":"SearchAction","target":{"@type":"EntryPoint","urlTemplate":"https:\/\/www.swisssem.ch\/de\/?s={search_term_string}"},"query-input":{"@type":"PropertyValueSpecification","valueRequired":true,"valueName":"search_term_string"}}],"inLanguage":"fr-FR"},{"@type":"Organization","@id":"https:\/\/www.swisssem.ch\/de\/#organization","name":"swisssem saatgut schweiz","url":"https:\/\/www.swisssem.ch\/de\/","logo":{"@type":"ImageObject","inLanguage":"fr-FR","@id":"https:\/\/www.swisssem.ch\/de\/#\/schema\/logo\/image\/","url":"https:\/\/www.swisssem.ch\/wp-content\/uploads\/2020\/03\/Logo_swisssem_RGB-1.jpg","contentUrl":"https:\/\/www.swisssem.ch\/wp-content\/uploads\/2020\/03\/Logo_swisssem_RGB-1.jpg","width":1684,"height":430,"caption":"swisssem saatgut schweiz"},"image":{"@id":"https:\/\/www.swisssem.ch\/de\/#\/schema\/logo\/image\/"}}]}},"_links":{"self":[{"href":"https:\/\/www.swisssem.ch\/fr\/wp-json\/wp\/v2\/pages\/2706","targetHints":{"allow":["GET"]}}],"collection":[{"href":"https:\/\/www.swisssem.ch\/fr\/wp-json\/wp\/v2\/pages"}],"about":[{"href":"https:\/\/www.swisssem.ch\/fr\/wp-json\/wp\/v2\/types\/page"}],"author":[{"embeddable":true,"href":"https:\/\/www.swisssem.ch\/fr\/wp-json\/wp\/v2\/users\/7"}],"replies":[{"embeddable":true,"href":"https:\/\/www.swisssem.ch\/fr\/wp-json\/wp\/v2\/comments?post=2706"}],"version-history":[{"count":9,"href":"https:\/\/www.swisssem.ch\/fr\/wp-json\/wp\/v2\/pages\/2706\/revisions"}],"predecessor-version":[{"id":12925,"href":"https:\/\/www.swisssem.ch\/fr\/wp-json\/wp\/v2\/pages\/2706\/revisions\/12925"}],"up":[{"embeddable":true,"href":"https:\/\/www.swisssem.ch\/fr\/wp-json\/wp\/v2\/pages\/2736"}],"wp:attachment":[{"href":"https:\/\/www.swisssem.ch\/fr\/wp-json\/wp\/v2\/media?parent=2706"}],"curies":[{"name":"wp","href":"https:\/\/api.w.org\/{rel}","templated":true}]}}