{"id":2174,"date":"2019-10-23T09:51:30","date_gmt":"2019-10-23T07:51:30","guid":{"rendered":"https:\/\/www.swisssem.ch\/kartoffeln\/"},"modified":"2026-01-07T08:57:18","modified_gmt":"2026-01-07T07:57:18","slug":"pommes-de-terre","status":"publish","type":"page","link":"https:\/\/www.swisssem.ch\/fr\/cultures\/pommes-de-terre\/","title":{"rendered":"Pommes de terre"},"content":{"rendered":"\n<h2 class=\"wp-block-heading\"><strong>Pommes de terre<\/strong><\/h2>\n\n\n<div class=\"wp-block-image is-resized\">\n<figure class=\"alignright size-large\"><img decoding=\"async\" src=\"https:\/\/www.swisssem.ch\/wp-content\/uploads\/2020\/01\/Kartoffelertrag-1024x768.jpg\" alt=\"\" class=\"wp-image-2407\" style=\"width:411px;height:auto\"\/><\/figure>\n<\/div>\n\n\n<p>Agroscope, en collaboration avec <a href=\"http:\/\/www.kartoffel.ch\/fr\/\" target=\"_blank\" rel=\"noreferrer noopener\">Swisspatat<\/a>, teste annuellement plusieurs douzaines de nouvelles vari\u00e9t\u00e9s de pommes de terre obtenues par des s\u00e9lectionneurs exp\u00e9riment\u00e9s et de renomm\u00e9s du monde entier quant \u00e0 leur aptitude de culture en Suisse. Outre les qualit\u00e9s agronomiques d&rsquo;autres crit\u00e8res tels les aptitudes \u00e0 la cuisson, \u00e0 la transformation industrielle, la conservation etc. sont aussi examin\u00e9s. Ces tests en deux phases durent au moins deux ans.<\/p>\n\n\n\n<p>Seules les vari\u00e9t\u00e9s r\u00e9pondant aux crit\u00e8res s\u00e9v\u00e8res de ces tests seront admises sur la liste recommand\u00e9e de Swisspatat.<\/p>\n\n\n\n<p><a href=\"https:\/\/www.swisssem.ch\/wp-content\/uploads\/2025\/12\/Sortenliste_Kartoffeln_2026_FR_Einzelseiten_Web.pdf\">La liste suisse des vari\u00e9t\u00e9s de pommes de terre 2026 a \u00e9t\u00e9 publi\u00e9e.<\/a><\/p>\n\n\n\n<p>Les caract\u00e9ristiques de 76 vari\u00e9t\u00e9s sont d\u00e9crites dans deux tableaux distincts: d\u2019une part une liste principale, o\u00f9 figurent 52 vari\u00e9t\u00e9s et, d\u2019autre part, une liste secondaire, o\u00f9 sont d\u00e9crites 24 vari\u00e9t\u00e9s. Sur la liste principale apparaissent les vari\u00e9t\u00e9s ayant atteint une certaine importance sur le march\u00e9 suisse; quant \u00e0 la liste secondaire, elle contient des vari\u00e9t\u00e9s dont l\u2019importance commerciale est moindre ainsi que des anciennes vari\u00e9t\u00e9s.<\/p>\n\n\n\n<p><br><strong><a href=\"https:\/\/www.swisssem.ch\/wp-content\/uploads\/2026\/01\/Merkblatt_Kartoffeln_Nr_256_Francis.pdf\">Francis <\/a><\/strong>et <strong><a href=\"https:\/\/www.swisssem.ch\/wp-content\/uploads\/2026\/01\/Merkblatt_Kartoffeln_Nr_254_Amora.pdf\">Amora <\/a><\/strong>(Frites) ainsi que <strong><a href=\"https:\/\/www.swisssem.ch\/wp-content\/uploads\/2026\/01\/Merkblatt_Kartoffeln_Nr_255_Favola.pdf\">Favola <\/a><\/strong>et <strong><a href=\"https:\/\/www.swisssem.ch\/wp-content\/uploads\/2026\/01\/Merkblatt_Kartoffeln_Nr_257_Odysseus.pdf\">Odysseus <\/a><\/strong>(chips) ont \u00e9t\u00e9 nouvellement inscrites sur la liste principale.<\/p>\n\n\n\n<p>Deux vari\u00e9t\u00e9s de consommation \u00e0 chair ferme, \u00e0 savoir <strong>Aubaine <\/strong>et <strong>Fineline<\/strong>, et deux vari\u00e9t\u00e9s \u00e0 chair farineuse, <strong>Otolia <\/strong>et <strong>Twister<\/strong>, passent de la liste secondaire \u00e0 la liste principale. Deux vari\u00e9t\u00e9s de consommation, <strong>Ma\u00efwen<\/strong> et <strong>Oscar<\/strong>, deux vari\u00e9t\u00e9s frites, <strong>Donata <\/strong>et <strong>Lugano<\/strong>, ainsi qu\u2019une vari\u00e9t\u00e9 chips,<br><strong>Nofy<\/strong>, viennent \u00e9toffer la liste secondaire.<\/p>\n\n\n\n<p><\/p>\n\n\n\n<p>Seuls les plants qui r\u00e9pondent aux crit\u00e8res de qualit\u00e9s s\u00e9v\u00e8res de l&rsquo;OFAG et de swisssem portent le label prot\u00e9g\u00e9 de <a href=\"https:\/\/www.swisssem.ch\/fr\/qui-sommes-nous\/semence-suisse\/\"><strong>semence suisse<\/strong><\/a>.<br>Les crit\u00e8res de qualit\u00e9s les plus importants se trouvent r\u00e9sum\u00e9s dans le r\u00e8glement plants de pommes de terre.<\/p>\n\n\n\n<div class=\"wp-block-group\"><div class=\"wp-block-group__inner-container is-layout-flow wp-block-group-is-layout-flow\">\n<p>La liste suisse des vari\u00e9t\u00e9s de pommes de terre a valeur de liste recommand\u00e9e pour la Suisse. <\/p>\n\n\n\n<p><\/p>\n\n\n\n<!-- linklist component -->\n\n\t<ul class=\"linklist\">\n\t\t\t\t\t<li>\n\t\t\t\t<a href=\"https:\/\/www.swisssem.ch\/fr\/hauptsortenliste-speisekartoffeln-fruh\/\" target=\"\">\n\t\t\t\t\t<span>\n\t\t\t\t\t\t<svg xmlns=\"http:\/\/www.w3.org\/2000\/svg\" data-name=\"Ebene 1\" viewBox=\"0 0 23.82 20.35\">\n\t\t\t\t\t\t\t<path d=\"M13.51 20.35L12 18.75l7.56-7.42H0V9h19.52L12 1.6 13.51 0l10.31 10.18z\"\/>\n\t\t\t\t\t\t<\/svg>\n\t\t\t\t\t<\/span>\n\t\t\t\t\tListe principale: Vari\u00e9t\u00e9s de consommation pr\u00e9coces\t\t\t\t<\/a>\n\t\t\t<\/li>\n\t\t\t\t\t<li>\n\t\t\t\t<a href=\"https:\/\/www.swisssem.ch\/fr\/cultures\/pommes-de-terre\/liste-principale-varietes-de-consommation-a-chair-ferme\/\" target=\"\">\n\t\t\t\t\t<span>\n\t\t\t\t\t\t<svg xmlns=\"http:\/\/www.w3.org\/2000\/svg\" data-name=\"Ebene 1\" viewBox=\"0 0 23.82 20.35\">\n\t\t\t\t\t\t\t<path d=\"M13.51 20.35L12 18.75l7.56-7.42H0V9h19.52L12 1.6 13.51 0l10.31 10.18z\"\/>\n\t\t\t\t\t\t<\/svg>\n\t\t\t\t\t<\/span>\n\t\t\t\t\tListe principale: Vari\u00e9t\u00e9s de consommation \u00e0 chair ferme\t\t\t\t<\/a>\n\t\t\t<\/li>\n\t\t\t\t\t<li>\n\t\t\t\t<a href=\"https:\/\/www.swisssem.ch\/fr\/liste-principale-varietes-de-consommation-a-chair-farineuse\/\" target=\"\">\n\t\t\t\t\t<span>\n\t\t\t\t\t\t<svg xmlns=\"http:\/\/www.w3.org\/2000\/svg\" data-name=\"Ebene 1\" viewBox=\"0 0 23.82 20.35\">\n\t\t\t\t\t\t\t<path d=\"M13.51 20.35L12 18.75l7.56-7.42H0V9h19.52L12 1.6 13.51 0l10.31 10.18z\"\/>\n\t\t\t\t\t\t<\/svg>\n\t\t\t\t\t<\/span>\n\t\t\t\t\tListe principale: Vari\u00e9t\u00e9s de consommation \u00e0 chair farineuse\t\t\t\t<\/a>\n\t\t\t<\/li>\n\t\t\t\t\t<li>\n\t\t\t\t<a href=\"https:\/\/www.swisssem.ch\/fr\/liste-principale-varietes-de-transformation-industrielle\/\" target=\"\">\n\t\t\t\t\t<span>\n\t\t\t\t\t\t<svg xmlns=\"http:\/\/www.w3.org\/2000\/svg\" data-name=\"Ebene 1\" viewBox=\"0 0 23.82 20.35\">\n\t\t\t\t\t\t\t<path d=\"M13.51 20.35L12 18.75l7.56-7.42H0V9h19.52L12 1.6 13.51 0l10.31 10.18z\"\/>\n\t\t\t\t\t\t<\/svg>\n\t\t\t\t\t<\/span>\n\t\t\t\t\tListe principale: Vari\u00e9tes de transformation industrielle:\t\t\t\t<\/a>\n\t\t\t<\/li>\n\t\t\t\t\t<li>\n\t\t\t\t<a href=\"https:\/\/www.swisssem.ch\/fr\/liste-secondaire\/\" target=\"\">\n\t\t\t\t\t<span>\n\t\t\t\t\t\t<svg xmlns=\"http:\/\/www.w3.org\/2000\/svg\" data-name=\"Ebene 1\" viewBox=\"0 0 23.82 20.35\">\n\t\t\t\t\t\t\t<path d=\"M13.51 20.35L12 18.75l7.56-7.42H0V9h19.52L12 1.6 13.51 0l10.31 10.18z\"\/>\n\t\t\t\t\t\t<\/svg>\n\t\t\t\t\t<\/span>\n\t\t\t\t\tListe secondaire\t\t\t\t<\/a>\n\t\t\t<\/li>\n\t\t\t<\/ul>\n<!-- end of linklist component -->\n\n\n\n\n<div class=\"wp-block-columns is-layout-flex wp-container-core-columns-is-layout-9d6595d7 wp-block-columns-is-layout-flex\">\n<div class=\"wp-block-column is-layout-flow wp-block-column-is-layout-flow\" style=\"flex-basis:82.5%\">\n<!-- downloads component -->\n\t<ul class=\"downloads\">\n\t\t\t\t\t<li>\n\t\t\t\t<figure>\n\t\t\t\t\t<img decoding=\"async\" src=\"https:\/\/www.swisssem.ch\/wp-content\/uploads\/2020\/04\/20-RAP-V-4-200914-communication-presse-agricole-f-pdf.jpg\" alt=\"20 RAP V-4 200914 communication presse agricole f\">\n\t\t\t\t<\/figure>\n\t\t\t\t<h4>Nouveau calibrage des plants de pommes de terre du segment \u00ab chips \u00bb<\/h4>\n\t\t\t\t\t\t\t\t<div class=\"download-actions\">\n\t\t\t\t\t<a href=\"https:\/\/www.swisssem.ch\/wp-content\/uploads\/2020\/04\/20-RAP-V-4-200914-communication-presse-agricole-f.pdf\" download class=\"download\">\n\t\t\t\t\t\t<svg xmlns=\"http:\/\/www.w3.org\/2000\/svg\" data-name=\"Ebene 1\" viewBox=\"0 0 23.06 21.64\">\n\t\t\t\t\t\t\t<g stroke=\"#000\" data-name=\"Ebene 1-2\">\n\t\t\t\t\t\t\t\t<path fill=\"none\" stroke-width=\"2\" d=\"M2.29 11.86v8.78h18.46v-8.78\"\/>\n\t\t\t\t\t\t\t\t<path stroke-width=\".25\" d=\"M12.38.13h-1.73v13.41L5.08 7.91l-1.2 1.14 7.65 7.68 7.63-7.68-1.21-1.14-5.57 5.63V.13z\"\/>\n\t\t\t\t\t\t\t<\/g>\n\t\t\t\t\t\t<\/svg>\n\t\t\t\t\t<\/a>\n\t\t\t\t\t<a href=\"https:\/\/www.swisssem.ch\/wp-content\/uploads\/2020\/04\/20-RAP-V-4-200914-communication-presse-agricole-f.pdf\" target=\"_blank\" rel=\"nofollow\" class=\"expand\">\n\t\t\t\t\t\t<svg xmlns=\"http:\/\/www.w3.org\/2000\/svg\" data-name=\"Ebene 1\" viewBox=\"0 0 23 20\">\n\t\t\t\t\t\t\t<g fill=\"none\" stroke=\"#000\" stroke-width=\".89999998\" data-name=\"Ebene 1-2\">\n\t\t\t\t\t\t\t\t<path d=\"M9.48 13.48l-.55-.57-4.65 4.65.01-3.69-.77-.01-.02 5.03 5.04-.01-.01-.78-3.7.03 4.65-4.65zM13.54 13.48l.58-.57 4.65 4.65-.02-3.69.77-.01.02 5.03-5.05-.01.03-.78 3.68.03-4.66-4.65zM9.48 8.18l-.55.56-4.65-4.65.01 3.69-.77.02-.02-5.04 5.04.02-.01.77-3.7-.02 4.65 4.65zM13.54 8.18l.58.56 4.65-4.65-.02 3.69.77.02.02-5.04-5.05.02.03.77 3.68-.02-4.66 4.65z\"\/>\n\t\t\t\t\t\t\t<\/g>\n\t\t\t\t\t\t<\/svg>\n\t\t\t\t\t<\/a>\n\t\t\t\t<\/div>\n\t\t\t\t\n\t\t\t<\/li>\n\t\t\t<\/ul>\n\n<!-- end of downloads component -->\n\n\n\n\n<!-- downloads component -->\n\t<ul class=\"downloads\">\n\t\t\t\t\t<li>\n\t\t\t\t<figure>\n\t\t\t\t\t<img decoding=\"async\" src=\"https:\/\/www.swisssem.ch\/wp-content\/uploads\/2021\/03\/choix-des-vari\u00e9t\u00e9s-selon-plats-et-saison-couleur-ASS-5-pdf.jpg\" alt=\"choix des vari\u00e9t\u00e9s selon plats et saison couleur ASS\">\n\t\t\t\t<\/figure>\n\t\t\t\t<h4>Utilisation culinaire des diff\u00e9rentes vari\u00e9t\u00e9s<\/h4>\n\t\t\t\t\t\t\t\t<div class=\"download-actions\">\n\t\t\t\t\t<a href=\"https:\/\/www.swisssem.ch\/wp-content\/uploads\/2021\/03\/choix-des-vari\u00e9t\u00e9s-selon-plats-et-saison-couleur-ASS-5.pdf\" download class=\"download\">\n\t\t\t\t\t\t<svg xmlns=\"http:\/\/www.w3.org\/2000\/svg\" data-name=\"Ebene 1\" viewBox=\"0 0 23.06 21.64\">\n\t\t\t\t\t\t\t<g stroke=\"#000\" data-name=\"Ebene 1-2\">\n\t\t\t\t\t\t\t\t<path fill=\"none\" stroke-width=\"2\" d=\"M2.29 11.86v8.78h18.46v-8.78\"\/>\n\t\t\t\t\t\t\t\t<path stroke-width=\".25\" d=\"M12.38.13h-1.73v13.41L5.08 7.91l-1.2 1.14 7.65 7.68 7.63-7.68-1.21-1.14-5.57 5.63V.13z\"\/>\n\t\t\t\t\t\t\t<\/g>\n\t\t\t\t\t\t<\/svg>\n\t\t\t\t\t<\/a>\n\t\t\t\t\t<a href=\"https:\/\/www.swisssem.ch\/wp-content\/uploads\/2021\/03\/choix-des-vari\u00e9t\u00e9s-selon-plats-et-saison-couleur-ASS-5.pdf\" target=\"_blank\" rel=\"nofollow\" class=\"expand\">\n\t\t\t\t\t\t<svg xmlns=\"http:\/\/www.w3.org\/2000\/svg\" data-name=\"Ebene 1\" viewBox=\"0 0 23 20\">\n\t\t\t\t\t\t\t<g fill=\"none\" stroke=\"#000\" stroke-width=\".89999998\" data-name=\"Ebene 1-2\">\n\t\t\t\t\t\t\t\t<path d=\"M9.48 13.48l-.55-.57-4.65 4.65.01-3.69-.77-.01-.02 5.03 5.04-.01-.01-.78-3.7.03 4.65-4.65zM13.54 13.48l.58-.57 4.65 4.65-.02-3.69.77-.01.02 5.03-5.05-.01.03-.78 3.68.03-4.66-4.65zM9.48 8.18l-.55.56-4.65-4.65.01 3.69-.77.02-.02-5.04 5.04.02-.01.77-3.7-.02 4.65 4.65zM13.54 8.18l.58.56 4.65-4.65-.02 3.69.77.02.02-5.04-5.05.02.03.77 3.68-.02-4.66 4.65z\"\/>\n\t\t\t\t\t\t\t<\/g>\n\t\t\t\t\t\t<\/svg>\n\t\t\t\t\t<\/a>\n\t\t\t\t<\/div>\n\t\t\t\t\n\t\t\t<\/li>\n\t\t\t<\/ul>\n\n<!-- end of downloads component -->\n\n<\/div>\n\n\n\n<div class=\"wp-block-column is-layout-flow wp-block-column-is-layout-flow\" style=\"flex-basis:33.33%\">\n<p><\/p>\n<\/div>\n<\/div>\n<\/div><\/div>\n\n\n\n<p><a href=\"https:\/\/www.swisssem.ch\/wp-content\/uploads\/2025\/09\/2025-nombre-de-tubercules-plantes-pdt-ASS-und-SEMAG.pdf\">Le tableau avec le nombre de tubercules par vari\u00e9t\u00e9 pour un \u00e9chantillon de 100 kg est disponible.<\/a><\/p>\n\n\n\n<p><\/p>\n\n\n\n<p><\/p>\n","protected":false},"excerpt":{"rendered":"<p>Pommes de terre Agroscope, en collaboration avec Swisspatat, teste annuellement plusieurs douzaines de nouvelles vari\u00e9t\u00e9s de pommes de terre obtenues par des s\u00e9lectionneurs exp\u00e9riment\u00e9s et de renomm\u00e9s du monde entier quant \u00e0 leur aptitude de culture en Suisse. Outre les qualit\u00e9s agronomiques d&rsquo;autres crit\u00e8res tels les aptitudes \u00e0 la cuisson, \u00e0 la transformation industrielle, la [&hellip;]<\/p>\n","protected":false},"author":7,"featured_media":0,"parent":2512,"menu_order":231,"comment_status":"closed","ping_status":"closed","template":"","meta":{"_acf_changed":false,"footnotes":""},"class_list":["post-2174","page","type-page","status-publish","hentry"],"acf":[],"yoast_head":"<!-- This site is optimized with the Yoast SEO plugin v27.1.1 - https:\/\/yoast.com\/product\/yoast-seo-wordpress\/ -->\n<title>Pommes de terre - swisssem semence suisse<\/title>\n<meta name=\"robots\" content=\"index, follow, max-snippet:-1, max-image-preview:large, max-video-preview:-1\" \/>\n<link rel=\"canonical\" href=\"https:\/\/www.swisssem.ch\/fr\/cultures\/pommes-de-terre\/\" \/>\n<meta property=\"og:locale\" content=\"fr_FR\" \/>\n<meta property=\"og:type\" content=\"article\" \/>\n<meta property=\"og:title\" content=\"Pommes de terre - swisssem semence suisse\" \/>\n<meta property=\"og:description\" content=\"Pommes de terre Agroscope, en collaboration avec Swisspatat, teste annuellement plusieurs douzaines de nouvelles vari\u00e9t\u00e9s de pommes de terre obtenues par des s\u00e9lectionneurs exp\u00e9riment\u00e9s et de renomm\u00e9s du monde entier quant \u00e0 leur aptitude de culture en Suisse. Outre les qualit\u00e9s agronomiques d&rsquo;autres crit\u00e8res tels les aptitudes \u00e0 la cuisson, \u00e0 la transformation industrielle, la [&hellip;]\" \/>\n<meta property=\"og:url\" content=\"https:\/\/www.swisssem.ch\/fr\/cultures\/pommes-de-terre\/\" \/>\n<meta property=\"og:site_name\" content=\"swisssem semence suisse\" \/>\n<meta property=\"article:modified_time\" content=\"2026-01-07T07:57:18+00:00\" \/>\n<meta property=\"og:image\" content=\"https:\/\/www.swisssem.ch\/wp-content\/uploads\/2020\/01\/Kartoffelertrag-1024x768.jpg\" \/>\n<meta name=\"twitter:card\" content=\"summary_large_image\" \/>\n<meta name=\"twitter:label1\" content=\"Dur\u00e9e de lecture estim\u00e9e\" \/>\n\t<meta name=\"twitter:data1\" content=\"2 minutes\" \/>\n<script type=\"application\/ld+json\" class=\"yoast-schema-graph\">{\"@context\":\"https:\/\/schema.org\",\"@graph\":[{\"@type\":\"WebPage\",\"@id\":\"https:\/\/www.swisssem.ch\/fr\/cultures\/pommes-de-terre\/\",\"url\":\"https:\/\/www.swisssem.ch\/fr\/cultures\/pommes-de-terre\/\",\"name\":\"Pommes de terre - swisssem semence suisse\",\"isPartOf\":{\"@id\":\"https:\/\/www.swisssem.ch\/de\/#website\"},\"primaryImageOfPage\":{\"@id\":\"https:\/\/www.swisssem.ch\/fr\/cultures\/pommes-de-terre\/#primaryimage\"},\"image\":{\"@id\":\"https:\/\/www.swisssem.ch\/fr\/cultures\/pommes-de-terre\/#primaryimage\"},\"thumbnailUrl\":\"https:\/\/www.swisssem.ch\/wp-content\/uploads\/2020\/01\/Kartoffelertrag-1024x768.jpg\",\"datePublished\":\"2019-10-23T07:51:30+00:00\",\"dateModified\":\"2026-01-07T07:57:18+00:00\",\"breadcrumb\":{\"@id\":\"https:\/\/www.swisssem.ch\/fr\/cultures\/pommes-de-terre\/#breadcrumb\"},\"inLanguage\":\"fr-FR\",\"potentialAction\":[{\"@type\":\"ReadAction\",\"target\":[\"https:\/\/www.swisssem.ch\/fr\/cultures\/pommes-de-terre\/\"]}]},{\"@type\":\"ImageObject\",\"inLanguage\":\"fr-FR\",\"@id\":\"https:\/\/www.swisssem.ch\/fr\/cultures\/pommes-de-terre\/#primaryimage\",\"url\":\"https:\/\/www.swisssem.ch\/wp-content\/uploads\/2020\/01\/Kartoffelertrag-1024x768.jpg\",\"contentUrl\":\"https:\/\/www.swisssem.ch\/wp-content\/uploads\/2020\/01\/Kartoffelertrag-1024x768.jpg\"},{\"@type\":\"BreadcrumbList\",\"@id\":\"https:\/\/www.swisssem.ch\/fr\/cultures\/pommes-de-terre\/#breadcrumb\",\"itemListElement\":[{\"@type\":\"ListItem\",\"position\":1,\"name\":\"Home\",\"item\":\"https:\/\/www.swisssem.ch\/fr\/\"},{\"@type\":\"ListItem\",\"position\":2,\"name\":\"Cultures\",\"item\":\"https:\/\/www.swisssem.ch\/fr\/cultures\/\"},{\"@type\":\"ListItem\",\"position\":3,\"name\":\"Pommes de terre\"}]},{\"@type\":\"WebSite\",\"@id\":\"https:\/\/www.swisssem.ch\/de\/#website\",\"url\":\"https:\/\/www.swisssem.ch\/de\/\",\"name\":\"swisssem semence suisse\",\"description\":\"\",\"publisher\":{\"@id\":\"https:\/\/www.swisssem.ch\/de\/#organization\"},\"potentialAction\":[{\"@type\":\"SearchAction\",\"target\":{\"@type\":\"EntryPoint\",\"urlTemplate\":\"https:\/\/www.swisssem.ch\/de\/?s={search_term_string}\"},\"query-input\":{\"@type\":\"PropertyValueSpecification\",\"valueRequired\":true,\"valueName\":\"search_term_string\"}}],\"inLanguage\":\"fr-FR\"},{\"@type\":\"Organization\",\"@id\":\"https:\/\/www.swisssem.ch\/de\/#organization\",\"name\":\"swisssem saatgut schweiz\",\"url\":\"https:\/\/www.swisssem.ch\/de\/\",\"logo\":{\"@type\":\"ImageObject\",\"inLanguage\":\"fr-FR\",\"@id\":\"https:\/\/www.swisssem.ch\/de\/#\/schema\/logo\/image\/\",\"url\":\"https:\/\/www.swisssem.ch\/wp-content\/uploads\/2020\/03\/Logo_swisssem_RGB-1.jpg\",\"contentUrl\":\"https:\/\/www.swisssem.ch\/wp-content\/uploads\/2020\/03\/Logo_swisssem_RGB-1.jpg\",\"width\":1684,\"height\":430,\"caption\":\"swisssem saatgut schweiz\"},\"image\":{\"@id\":\"https:\/\/www.swisssem.ch\/de\/#\/schema\/logo\/image\/\"}}]}<\/script>\n<!-- \/ Yoast SEO plugin. -->","yoast_head_json":{"title":"Pommes de terre - swisssem semence suisse","robots":{"index":"index","follow":"follow","max-snippet":"max-snippet:-1","max-image-preview":"max-image-preview:large","max-video-preview":"max-video-preview:-1"},"canonical":"https:\/\/www.swisssem.ch\/fr\/cultures\/pommes-de-terre\/","og_locale":"fr_FR","og_type":"article","og_title":"Pommes de terre - swisssem semence suisse","og_description":"Pommes de terre Agroscope, en collaboration avec Swisspatat, teste annuellement plusieurs douzaines de nouvelles vari\u00e9t\u00e9s de pommes de terre obtenues par des s\u00e9lectionneurs exp\u00e9riment\u00e9s et de renomm\u00e9s du monde entier quant \u00e0 leur aptitude de culture en Suisse. Outre les qualit\u00e9s agronomiques d&rsquo;autres crit\u00e8res tels les aptitudes \u00e0 la cuisson, \u00e0 la transformation industrielle, la [&hellip;]","og_url":"https:\/\/www.swisssem.ch\/fr\/cultures\/pommes-de-terre\/","og_site_name":"swisssem semence suisse","article_modified_time":"2026-01-07T07:57:18+00:00","og_image":[{"url":"https:\/\/www.swisssem.ch\/wp-content\/uploads\/2020\/01\/Kartoffelertrag-1024x768.jpg","type":"","width":"","height":""}],"twitter_card":"summary_large_image","twitter_misc":{"Dur\u00e9e de lecture estim\u00e9e":"2 minutes"},"schema":{"@context":"https:\/\/schema.org","@graph":[{"@type":"WebPage","@id":"https:\/\/www.swisssem.ch\/fr\/cultures\/pommes-de-terre\/","url":"https:\/\/www.swisssem.ch\/fr\/cultures\/pommes-de-terre\/","name":"Pommes de terre - swisssem semence suisse","isPartOf":{"@id":"https:\/\/www.swisssem.ch\/de\/#website"},"primaryImageOfPage":{"@id":"https:\/\/www.swisssem.ch\/fr\/cultures\/pommes-de-terre\/#primaryimage"},"image":{"@id":"https:\/\/www.swisssem.ch\/fr\/cultures\/pommes-de-terre\/#primaryimage"},"thumbnailUrl":"https:\/\/www.swisssem.ch\/wp-content\/uploads\/2020\/01\/Kartoffelertrag-1024x768.jpg","datePublished":"2019-10-23T07:51:30+00:00","dateModified":"2026-01-07T07:57:18+00:00","breadcrumb":{"@id":"https:\/\/www.swisssem.ch\/fr\/cultures\/pommes-de-terre\/#breadcrumb"},"inLanguage":"fr-FR","potentialAction":[{"@type":"ReadAction","target":["https:\/\/www.swisssem.ch\/fr\/cultures\/pommes-de-terre\/"]}]},{"@type":"ImageObject","inLanguage":"fr-FR","@id":"https:\/\/www.swisssem.ch\/fr\/cultures\/pommes-de-terre\/#primaryimage","url":"https:\/\/www.swisssem.ch\/wp-content\/uploads\/2020\/01\/Kartoffelertrag-1024x768.jpg","contentUrl":"https:\/\/www.swisssem.ch\/wp-content\/uploads\/2020\/01\/Kartoffelertrag-1024x768.jpg"},{"@type":"BreadcrumbList","@id":"https:\/\/www.swisssem.ch\/fr\/cultures\/pommes-de-terre\/#breadcrumb","itemListElement":[{"@type":"ListItem","position":1,"name":"Home","item":"https:\/\/www.swisssem.ch\/fr\/"},{"@type":"ListItem","position":2,"name":"Cultures","item":"https:\/\/www.swisssem.ch\/fr\/cultures\/"},{"@type":"ListItem","position":3,"name":"Pommes de terre"}]},{"@type":"WebSite","@id":"https:\/\/www.swisssem.ch\/de\/#website","url":"https:\/\/www.swisssem.ch\/de\/","name":"swisssem semence suisse","description":"","publisher":{"@id":"https:\/\/www.swisssem.ch\/de\/#organization"},"potentialAction":[{"@type":"SearchAction","target":{"@type":"EntryPoint","urlTemplate":"https:\/\/www.swisssem.ch\/de\/?s={search_term_string}"},"query-input":{"@type":"PropertyValueSpecification","valueRequired":true,"valueName":"search_term_string"}}],"inLanguage":"fr-FR"},{"@type":"Organization","@id":"https:\/\/www.swisssem.ch\/de\/#organization","name":"swisssem saatgut schweiz","url":"https:\/\/www.swisssem.ch\/de\/","logo":{"@type":"ImageObject","inLanguage":"fr-FR","@id":"https:\/\/www.swisssem.ch\/de\/#\/schema\/logo\/image\/","url":"https:\/\/www.swisssem.ch\/wp-content\/uploads\/2020\/03\/Logo_swisssem_RGB-1.jpg","contentUrl":"https:\/\/www.swisssem.ch\/wp-content\/uploads\/2020\/03\/Logo_swisssem_RGB-1.jpg","width":1684,"height":430,"caption":"swisssem saatgut schweiz"},"image":{"@id":"https:\/\/www.swisssem.ch\/de\/#\/schema\/logo\/image\/"}}]}},"_links":{"self":[{"href":"https:\/\/www.swisssem.ch\/fr\/wp-json\/wp\/v2\/pages\/2174","targetHints":{"allow":["GET"]}}],"collection":[{"href":"https:\/\/www.swisssem.ch\/fr\/wp-json\/wp\/v2\/pages"}],"about":[{"href":"https:\/\/www.swisssem.ch\/fr\/wp-json\/wp\/v2\/types\/page"}],"author":[{"embeddable":true,"href":"https:\/\/www.swisssem.ch\/fr\/wp-json\/wp\/v2\/users\/7"}],"replies":[{"embeddable":true,"href":"https:\/\/www.swisssem.ch\/fr\/wp-json\/wp\/v2\/comments?post=2174"}],"version-history":[{"count":119,"href":"https:\/\/www.swisssem.ch\/fr\/wp-json\/wp\/v2\/pages\/2174\/revisions"}],"predecessor-version":[{"id":12644,"href":"https:\/\/www.swisssem.ch\/fr\/wp-json\/wp\/v2\/pages\/2174\/revisions\/12644"}],"up":[{"embeddable":true,"href":"https:\/\/www.swisssem.ch\/fr\/wp-json\/wp\/v2\/pages\/2512"}],"wp:attachment":[{"href":"https:\/\/www.swisssem.ch\/fr\/wp-json\/wp\/v2\/media?parent=2174"}],"curies":[{"name":"wp","href":"https:\/\/api.w.org\/{rel}","templated":true}]}}