{"id":1990,"date":"2019-11-27T10:02:32","date_gmt":"2019-11-27T09:02:32","guid":{"rendered":"https:\/\/www.swisssem.ch\/home-fr\/"},"modified":"2026-03-06T11:34:47","modified_gmt":"2026-03-06T10:34:47","slug":"home","status":"publish","type":"page","link":"https:\/\/www.swisssem.ch\/fr\/","title":{"rendered":"Home"},"content":{"rendered":"\n<!-- slider component -->\n   <div class=\"slider\">\n            <ul class=\"slides\">\n\t\t\t                <li>\n                    <div class=\"splash layout-default\"> \n                        <figure>\n                            <picture>\n                                <img decoding=\"async\" src=\"https:\/\/www.swisssem.ch\/wp-content\/uploads\/2021\/01\/swisssem_sackmesser.jpg\" alt=\"swisssem_sackmesser\"\/>\n                            <\/picture>\n                        <\/figure>\n                        <div>\n                            <h3 class=\"h1\">Diversit\u00e9 Suisse<\/h3>\n                            <p class=\"h2\">Patates, c\u00e9r\u00e9ales ou ma\u00efs : un grand nombre de vari\u00e9t\u00e9s pour aujourd\u2019hui et demain. Semence suisse certifi\u00e9e \u2013 le germe du succ\u00e8s.<\/p>\n                        <\/div>\n                    <\/div>\n                <\/li>\n\t\t\t\t                <li>\n                    <div class=\"splash layout-one\"> \n                        <figure>\n                            <picture>\n                                <img decoding=\"async\" src=\"https:\/\/www.swisssem.ch\/wp-content\/uploads\/2019\/10\/SEM-SWISSKNIFE-Session-studio-SEM-new-019-lowres-150dpi-rgb.jpg\" alt=\"_SEM-SWISSKNIFE-Session-studio-SEM-new-019-lowres-150dpi-rgb\"\/>\n                            <\/picture>\n                        <\/figure>\n                        <div>\n                            <h3 class=\"h1\">Pr\u00e9cision suisse<\/h3>\n                            <p class=\"h2\">S\u00e9lection, production et mise en march\u00e9 : la ma\u00eetrise \u00e0 tous les niveaux. Semence suisse certifi\u00e9e \u2013 le germe du succ\u00e8s.<\/p>\n                        <\/div>\n                    <\/div>\n                <\/li>\n\t\t\t\t                <li>\n                    <div class=\"splash layout-two\"> \n                        <figure>\n                            <picture>\n                                <img decoding=\"async\" src=\"https:\/\/www.swisssem.ch\/wp-content\/uploads\/2019\/10\/SEM-SWISSKNIFE-Session-studio-SEM-new-049-lowres-150dpi-rgb.jpg\" alt=\"_SEM-SWISSKNIFE-Session-studio-SEM-new-049-lowres-150dpi-rgb\"\/>\n                            <\/picture>\n                        <\/figure>\n                        <div>\n                            <h3 class=\"h1\">1921 &#8211; 2021 <\/h3>\n                            <p class=\"h2\">Jubil\u00e9 des 100 ans de la F\u00e9d\u00e9ration suisse des producteurs de semences\r\n<\/p>\n                        <\/div>\n                    <\/div>\n                <\/li>\n\t\t\t\t                <li>\n                    <div class=\"splash layout-default\"> \n                        <figure>\n                            <picture>\n                                <img decoding=\"async\" src=\"https:\/\/www.swisssem.ch\/wp-content\/uploads\/2021\/01\/swisssem_fondue-e1610637322647.jpg\" alt=\"swisssem_fondue\"\/>\n                            <\/picture>\n                        <\/figure>\n                        <div>\n                            <h3 class=\"h1\">Tradition suisse<\/h3>\n                            <p class=\"h2\">Depuis 1902, une production de semences indig\u00e8nes. Semence suisse certifi\u00e9e \u2013 le germe du succ\u00e8s.\t\t\t\t\t\t\t\r\n<\/p>\n                        <\/div>\n                    <\/div>\n                <\/li>\n\t\t\t\t            <\/ul>\n        <\/div>\n        <!-- end of slider component -->\n\n\n\n\n<p style=\"font-size:26px\"><strong>De la semence au pain en 8 \u00e9tapes<\/strong>: <a href=\"https:\/\/www.swisssem.ch\/wp-content\/uploads\/2023\/08\/DSP_DeLaSemenceAuPain_0_Intro_Finale_1.mp4\">Introduction <\/a><\/p>\n\n\n\n<div class=\"wp-block-columns is-layout-flex wp-container-core-columns-is-layout-9d6595d7 wp-block-columns-is-layout-flex\">\n<div class=\"wp-block-column is-layout-flow wp-block-column-is-layout-flow\">\n<p><img loading=\"lazy\" decoding=\"async\" width=\"150\" height=\"105\" class=\"wp-image-10238\" style=\"width: 150px;\" src=\"https:\/\/www.swisssem.ch\/wp-content\/uploads\/2023\/01\/t\u00e9l\u00e9charger.jpg\" alt=\"\"><\/p>\n<\/div>\n\n\n\n<div class=\"wp-block-column is-layout-flow wp-block-column-is-layout-flow\">\n<p>1. S<a href=\"https:\/\/www.swisssem.ch\/wp-content\/uploads\/2023\/08\/DSP_DeLaSemenceAuPain_1_Selection_Finale_2.mp4\">\u00e9lection vari\u00e9tale<\/a><br>2. <a href=\"https:\/\/www.swisssem.ch\/wp-content\/uploads\/2023\/08\/DSP_DeLaSemenceAuPain_2_TestVariertaux_Finale_3.mp4\">Tests vari\u00e9taux<\/a><br>3. <a href=\"https:\/\/www.swisssem.ch\/wp-content\/uploads\/2023\/08\/DSP_DeLaSemenceAuPain_3_SelectionsConservatrice_Finale_2.mp4\">S\u00e9lection conservatrice<\/a><\/p>\n<\/div>\n\n\n\n<div class=\"wp-block-column is-layout-flow wp-block-column-is-layout-flow\">\n<p>4. <a href=\"https:\/\/www.swisssem.ch\/wp-content\/uploads\/2023\/08\/DSP_DeLaSemenceAuPain_4_EM_Finale_1.mp4\">Les \u00e9tablissements multiplicateurs (EM)<\/a><br>5.<a href=\"https:\/\/www.swisssem.ch\/wp-content\/uploads\/2023\/08\/DSP_DeLaSemenceAuPain_5_Multiplicateurs_Finale_2.mp4\"> Les producteurs<\/a><\/p>\n<\/div>\n\n\n\n<div class=\"wp-block-column is-layout-flow wp-block-column-is-layout-flow\">\n<p>6. <a href=\"https:\/\/www.swisssem.ch\/wp-content\/uploads\/2023\/01\/DSP_DeLaSemenceAuPain_6_VisitesOfficielles_Finale_3.mp4\">Visite de culture<\/a><br>7. <a href=\"https:\/\/www.swisssem.ch\/wp-content\/uploads\/2023\/08\/DSP_DeLaSemenceAuPain_7_Conditionnement_Finale_2.mp4\">Conditionnement<\/a><br>8. <a href=\"https:\/\/www.swisssem.ch\/wp-content\/uploads\/2023\/08\/DSP_DeLaSemenceAuPain_8_EtiquetageEtVente_Finale_1.mp4\">Vente<\/a><\/p>\n<\/div>\n<\/div>\n\n\n\n<!-- post loop component -->\n\t<div class=\"post-loop init\">\n\t\t\t\t<a href=\"https:\/\/www.swisssem.ch\/fr\/cultures\/cereales\/\" class=\"brown\">\n\t\t\t<article>\n\t\t\t\t\t\t\t\t<figure>\n\t\t\t\t\t<picture>\n\t\t\t\t\t\t<img decoding=\"async\" src=\"https:\/\/www.swisssem.ch\/wp-content\/uploads\/2020\/03\/coeur-cereales.jpg\" alt=\"coeur-cereales\"\/>\n\t\t\t\t\t<\/picture>\n\t\t\t\t<\/figure>\n\t\t\t\t\t\t\t\t<h2 class=\"h1\">\n\t\t\t\t\tLien vers<br \/>\r\nles c\u00e9r\u00e9ales\t\t\t\t<\/h2>\n\t\t\t\t\t\t\t\t<p>\n\t\t\t\t\t\t\t\t\t<\/p>\n\t\t\t\t\t\t\t<\/article>\n\t\t<\/a>\n\t\t\t\t<a href=\"https:\/\/www.swisssem.ch\/fr\/cultures\/pommes-de-terre\/\" class=\"green\">\n\t\t\t<article>\n\t\t\t\t\t\t\t\t<figure>\n\t\t\t\t\t<picture>\n\t\t\t\t\t\t<img decoding=\"async\" src=\"https:\/\/www.swisssem.ch\/wp-content\/uploads\/2020\/03\/IMGP2288-1-1.jpg\" alt=\"IMGP2288-1\"\/>\n\t\t\t\t\t<\/picture>\n\t\t\t\t<\/figure>\n\t\t\t\t\t\t\t\t<h2 class=\"h1\">\n\t\t\t\t\tLien vers les<br \/>\r\npommes de terre\t\t\t\t<\/h2>\n\t\t\t\t\t\t\t\t<p>\n\t\t\t\t\t\t\t\t\t<\/p>\n\t\t\t\t\t\t\t<\/article>\n\t\t<\/a>\n\t\t\t\t<a href=\"https:\/\/www.swisssem.ch\/fr\/plants-de-pommes-de-terre\/\" class=\"green\">\n\t\t\t<article>\n\t\t\t\t\t\t\t\t<h2 class=\"h1\">\n\t\t\t\t\tNouvelles vari\u00e9t\u00e9s de pommes de terre\t\t\t\t<\/h2>\n\t\t\t\t\t\t\t\t<p>\n\t\t\t\t\t\t\t\t\t<\/p>\n\t\t\t\t\t\t\t<\/article>\n\t\t<\/a>\n\t\t\t\t<a href=\"https:\/\/www.swisssem.ch\/fr\/statistiken\/\" class=\"brown\">\n\t\t\t<article>\n\t\t\t\t\t\t\t\t<h2 class=\"h1\">\n\t\t\t\t\tLes nouvelles statistiques sont en ligne !\t\t\t\t<\/h2>\n\t\t\t\t\t\t\t\t<p>\n\t\t\t\t\t\t\t\t\t<\/p>\n\t\t\t\t\t\t\t<\/article>\n\t\t<\/a>\n\t\t\t\t<a href=\"https:\/\/www.swisssem.ch\/fr\/journees-culturales-2026-feldtage\/\" class=\"green\">\n\t\t\t<article>\n\t\t\t\t\t\t\t\t<figure>\n\t\t\t\t\t<picture>\n\t\t\t\t\t\t<img decoding=\"async\" src=\"https:\/\/www.swisssem.ch\/wp-content\/uploads\/2025\/12\/Logo-Feldtage2026_DE.jpg\" alt=\"Logo-Feldtage2026_DE\"\/>\n\t\t\t\t\t<\/picture>\n\t\t\t\t<\/figure>\n\t\t\t\t\t\t\t\t<h2 class=\"h1\">\n\t\t\t\t\t\t\t\t\t<\/h2>\n\t\t\t\t\t\t\t\t<p>\n\t\t\t\t\t\t\t\t\t<\/p>\n\t\t\t\t\t\t\t<\/article>\n\t\t<\/a>\n\t\t\t\t<a href=\"https:\/\/www.swisssem.ch\/fr\/delegiertenversammlung-2023\/\" class=\"brown\">\n\t\t\t<article>\n\t\t\t\t\t\t\t\t<h2 class=\"h1\">\n\t\t\t\t\tCommuniqu\u00e9 de presse AD 2026\t\t\t\t<\/h2>\n\t\t\t\t\t\t\t\t<p>\n\t\t\t\t\t\t\t\t\t<\/p>\n\t\t\t\t\t\t\t<\/article>\n\t\t<\/a>\n\t\t\t<\/div>\n\t\n\t<!-- end of post loop component -->\n\n\n\n\n<h1 class=\"wp-block-heading\"><strong>swisssem \u2013 F\u00e9d\u00e9ration suisse des producteurs de semence<\/strong>s<br><\/h1>\n\n\n\n<p>Les buts et&nbsp; t\u00e2ches de la f\u00e9d\u00e9ration suisse des producteurs de semences <strong>swisssem<\/strong> sont de garantir et promouvoir&nbsp; la production indig\u00e8ne de semences et plants de qualit\u00e9 \u00e9lev\u00e9e et r\u00e9pondant au march\u00e9 sous la marque de <strong><a rel=\"noreferrer noopener\" aria-label=\" (ouverture dans un nouvel onglet)\" href=\"https:\/\/www.swisssem.ch\/fr\/qui-sommes-nous\/semence-suisse\/\" target=\"_blank\">semence suisse<\/a><\/strong>.<\/p>\n\n\n\n<figure class=\"wp-block-image size-large is-resized\"><img loading=\"lazy\" decoding=\"async\" width=\"1024\" height=\"219\" src=\"https:\/\/www.swisssem.ch\/wp-content\/uploads\/2020\/03\/Logo_saatgutschweiz-semencesuisse_RGB-3-1024x219.png\" alt=\"\" class=\"wp-image-4833\" style=\"width:300px;height:65px\" srcset=\"https:\/\/www.swisssem.ch\/wp-content\/uploads\/2020\/03\/Logo_saatgutschweiz-semencesuisse_RGB-3-1024x219.png 1024w, https:\/\/www.swisssem.ch\/wp-content\/uploads\/2020\/03\/Logo_saatgutschweiz-semencesuisse_RGB-3-300x64.png 300w, https:\/\/www.swisssem.ch\/wp-content\/uploads\/2020\/03\/Logo_saatgutschweiz-semencesuisse_RGB-3-768x164.png 768w, https:\/\/www.swisssem.ch\/wp-content\/uploads\/2020\/03\/Logo_saatgutschweiz-semencesuisse_RGB-3.png 2014w\" sizes=\"auto, (max-width: 1024px) 100vw, 1024px\" \/><\/figure>\n","protected":false},"excerpt":{"rendered":"<p>De la semence au pain en 8 \u00e9tapes: Introduction 1. S\u00e9lection vari\u00e9tale2. Tests vari\u00e9taux3. S\u00e9lection conservatrice 4. Les \u00e9tablissements multiplicateurs (EM)5. Les producteurs 6. Visite de culture7. Conditionnement8. Vente swisssem \u2013 F\u00e9d\u00e9ration suisse des producteurs de semences Les buts et&nbsp; t\u00e2ches de la f\u00e9d\u00e9ration suisse des producteurs de semences swisssem sont de garantir et promouvoir&nbsp; [&hellip;]<\/p>\n","protected":false},"author":7,"featured_media":0,"parent":0,"menu_order":208,"comment_status":"closed","ping_status":"closed","template":"home.php","meta":{"_acf_changed":false,"footnotes":""},"class_list":["post-1990","page","type-page","status-publish","hentry"],"acf":[],"yoast_head":"<!-- This site is optimized with the Yoast SEO plugin v27.1.1 - https:\/\/yoast.com\/product\/yoast-seo-wordpress\/ -->\n<title>Home - swisssem semence suisse<\/title>\n<meta name=\"robots\" content=\"index, follow, max-snippet:-1, max-image-preview:large, max-video-preview:-1\" \/>\n<link rel=\"canonical\" href=\"https:\/\/www.swisssem.ch\/fr\/\" \/>\n<meta property=\"og:locale\" content=\"fr_FR\" \/>\n<meta property=\"og:type\" content=\"article\" \/>\n<meta property=\"og:title\" content=\"Home - swisssem semence suisse\" \/>\n<meta property=\"og:description\" content=\"De la semence au pain en 8 \u00e9tapes: Introduction 1. S\u00e9lection vari\u00e9tale2. Tests vari\u00e9taux3. S\u00e9lection conservatrice 4. Les \u00e9tablissements multiplicateurs (EM)5. Les producteurs 6. Visite de culture7. Conditionnement8. Vente swisssem \u2013 F\u00e9d\u00e9ration suisse des producteurs de semences Les buts et&nbsp; t\u00e2ches de la f\u00e9d\u00e9ration suisse des producteurs de semences swisssem sont de garantir et promouvoir&nbsp; [&hellip;]\" \/>\n<meta property=\"og:url\" content=\"https:\/\/www.swisssem.ch\/fr\/\" \/>\n<meta property=\"og:site_name\" content=\"swisssem semence suisse\" \/>\n<meta property=\"article:modified_time\" content=\"2026-03-06T10:34:47+00:00\" \/>\n<meta property=\"og:image\" content=\"https:\/\/www.swisssem.ch\/wp-content\/uploads\/2020\/03\/Logo_saatgutschweiz-semencesuisse_RGB-3-1024x219.png\" \/>\n<meta name=\"twitter:card\" content=\"summary_large_image\" \/>\n<meta name=\"twitter:label1\" content=\"Dur\u00e9e de lecture estim\u00e9e\" \/>\n\t<meta name=\"twitter:data1\" content=\"1 minute\" \/>\n<script type=\"application\/ld+json\" class=\"yoast-schema-graph\">{\"@context\":\"https:\/\/schema.org\",\"@graph\":[{\"@type\":\"WebPage\",\"@id\":\"https:\/\/www.swisssem.ch\/fr\/\",\"url\":\"https:\/\/www.swisssem.ch\/fr\/\",\"name\":\"Home - swisssem semence suisse\",\"isPartOf\":{\"@id\":\"https:\/\/www.swisssem.ch\/de\/#website\"},\"primaryImageOfPage\":{\"@id\":\"https:\/\/www.swisssem.ch\/fr\/#primaryimage\"},\"image\":{\"@id\":\"https:\/\/www.swisssem.ch\/fr\/#primaryimage\"},\"thumbnailUrl\":\"https:\/\/www.swisssem.ch\/wp-content\/uploads\/2020\/03\/Logo_saatgutschweiz-semencesuisse_RGB-3-1024x219.png\",\"datePublished\":\"2019-11-27T09:02:32+00:00\",\"dateModified\":\"2026-03-06T10:34:47+00:00\",\"breadcrumb\":{\"@id\":\"https:\/\/www.swisssem.ch\/fr\/#breadcrumb\"},\"inLanguage\":\"fr-FR\",\"potentialAction\":[{\"@type\":\"ReadAction\",\"target\":[\"https:\/\/www.swisssem.ch\/fr\/\"]}]},{\"@type\":\"ImageObject\",\"inLanguage\":\"fr-FR\",\"@id\":\"https:\/\/www.swisssem.ch\/fr\/#primaryimage\",\"url\":\"https:\/\/www.swisssem.ch\/wp-content\/uploads\/2020\/03\/Logo_saatgutschweiz-semencesuisse_RGB-3-1024x219.png\",\"contentUrl\":\"https:\/\/www.swisssem.ch\/wp-content\/uploads\/2020\/03\/Logo_saatgutschweiz-semencesuisse_RGB-3-1024x219.png\"},{\"@type\":\"BreadcrumbList\",\"@id\":\"https:\/\/www.swisssem.ch\/fr\/#breadcrumb\",\"itemListElement\":[{\"@type\":\"ListItem\",\"position\":1,\"name\":\"Home\",\"item\":\"https:\/\/www.swisssem.ch\/fr\/\"},{\"@type\":\"ListItem\",\"position\":2,\"name\":\"Home\"}]},{\"@type\":\"WebSite\",\"@id\":\"https:\/\/www.swisssem.ch\/de\/#website\",\"url\":\"https:\/\/www.swisssem.ch\/de\/\",\"name\":\"swisssem semence suisse\",\"description\":\"\",\"publisher\":{\"@id\":\"https:\/\/www.swisssem.ch\/de\/#organization\"},\"potentialAction\":[{\"@type\":\"SearchAction\",\"target\":{\"@type\":\"EntryPoint\",\"urlTemplate\":\"https:\/\/www.swisssem.ch\/de\/?s={search_term_string}\"},\"query-input\":{\"@type\":\"PropertyValueSpecification\",\"valueRequired\":true,\"valueName\":\"search_term_string\"}}],\"inLanguage\":\"fr-FR\"},{\"@type\":\"Organization\",\"@id\":\"https:\/\/www.swisssem.ch\/de\/#organization\",\"name\":\"swisssem saatgut schweiz\",\"url\":\"https:\/\/www.swisssem.ch\/de\/\",\"logo\":{\"@type\":\"ImageObject\",\"inLanguage\":\"fr-FR\",\"@id\":\"https:\/\/www.swisssem.ch\/de\/#\/schema\/logo\/image\/\",\"url\":\"https:\/\/www.swisssem.ch\/wp-content\/uploads\/2020\/03\/Logo_swisssem_RGB-1.jpg\",\"contentUrl\":\"https:\/\/www.swisssem.ch\/wp-content\/uploads\/2020\/03\/Logo_swisssem_RGB-1.jpg\",\"width\":1684,\"height\":430,\"caption\":\"swisssem saatgut schweiz\"},\"image\":{\"@id\":\"https:\/\/www.swisssem.ch\/de\/#\/schema\/logo\/image\/\"}}]}<\/script>\n<!-- \/ Yoast SEO plugin. -->","yoast_head_json":{"title":"Home - swisssem semence suisse","robots":{"index":"index","follow":"follow","max-snippet":"max-snippet:-1","max-image-preview":"max-image-preview:large","max-video-preview":"max-video-preview:-1"},"canonical":"https:\/\/www.swisssem.ch\/fr\/","og_locale":"fr_FR","og_type":"article","og_title":"Home - swisssem semence suisse","og_description":"De la semence au pain en 8 \u00e9tapes: Introduction 1. S\u00e9lection vari\u00e9tale2. Tests vari\u00e9taux3. S\u00e9lection conservatrice 4. Les \u00e9tablissements multiplicateurs (EM)5. Les producteurs 6. Visite de culture7. Conditionnement8. Vente swisssem \u2013 F\u00e9d\u00e9ration suisse des producteurs de semences Les buts et&nbsp; t\u00e2ches de la f\u00e9d\u00e9ration suisse des producteurs de semences swisssem sont de garantir et promouvoir&nbsp; [&hellip;]","og_url":"https:\/\/www.swisssem.ch\/fr\/","og_site_name":"swisssem semence suisse","article_modified_time":"2026-03-06T10:34:47+00:00","og_image":[{"url":"https:\/\/www.swisssem.ch\/wp-content\/uploads\/2020\/03\/Logo_saatgutschweiz-semencesuisse_RGB-3-1024x219.png","type":"","width":"","height":""}],"twitter_card":"summary_large_image","twitter_misc":{"Dur\u00e9e de lecture estim\u00e9e":"1 minute"},"schema":{"@context":"https:\/\/schema.org","@graph":[{"@type":"WebPage","@id":"https:\/\/www.swisssem.ch\/fr\/","url":"https:\/\/www.swisssem.ch\/fr\/","name":"Home - swisssem semence suisse","isPartOf":{"@id":"https:\/\/www.swisssem.ch\/de\/#website"},"primaryImageOfPage":{"@id":"https:\/\/www.swisssem.ch\/fr\/#primaryimage"},"image":{"@id":"https:\/\/www.swisssem.ch\/fr\/#primaryimage"},"thumbnailUrl":"https:\/\/www.swisssem.ch\/wp-content\/uploads\/2020\/03\/Logo_saatgutschweiz-semencesuisse_RGB-3-1024x219.png","datePublished":"2019-11-27T09:02:32+00:00","dateModified":"2026-03-06T10:34:47+00:00","breadcrumb":{"@id":"https:\/\/www.swisssem.ch\/fr\/#breadcrumb"},"inLanguage":"fr-FR","potentialAction":[{"@type":"ReadAction","target":["https:\/\/www.swisssem.ch\/fr\/"]}]},{"@type":"ImageObject","inLanguage":"fr-FR","@id":"https:\/\/www.swisssem.ch\/fr\/#primaryimage","url":"https:\/\/www.swisssem.ch\/wp-content\/uploads\/2020\/03\/Logo_saatgutschweiz-semencesuisse_RGB-3-1024x219.png","contentUrl":"https:\/\/www.swisssem.ch\/wp-content\/uploads\/2020\/03\/Logo_saatgutschweiz-semencesuisse_RGB-3-1024x219.png"},{"@type":"BreadcrumbList","@id":"https:\/\/www.swisssem.ch\/fr\/#breadcrumb","itemListElement":[{"@type":"ListItem","position":1,"name":"Home","item":"https:\/\/www.swisssem.ch\/fr\/"},{"@type":"ListItem","position":2,"name":"Home"}]},{"@type":"WebSite","@id":"https:\/\/www.swisssem.ch\/de\/#website","url":"https:\/\/www.swisssem.ch\/de\/","name":"swisssem semence suisse","description":"","publisher":{"@id":"https:\/\/www.swisssem.ch\/de\/#organization"},"potentialAction":[{"@type":"SearchAction","target":{"@type":"EntryPoint","urlTemplate":"https:\/\/www.swisssem.ch\/de\/?s={search_term_string}"},"query-input":{"@type":"PropertyValueSpecification","valueRequired":true,"valueName":"search_term_string"}}],"inLanguage":"fr-FR"},{"@type":"Organization","@id":"https:\/\/www.swisssem.ch\/de\/#organization","name":"swisssem saatgut schweiz","url":"https:\/\/www.swisssem.ch\/de\/","logo":{"@type":"ImageObject","inLanguage":"fr-FR","@id":"https:\/\/www.swisssem.ch\/de\/#\/schema\/logo\/image\/","url":"https:\/\/www.swisssem.ch\/wp-content\/uploads\/2020\/03\/Logo_swisssem_RGB-1.jpg","contentUrl":"https:\/\/www.swisssem.ch\/wp-content\/uploads\/2020\/03\/Logo_swisssem_RGB-1.jpg","width":1684,"height":430,"caption":"swisssem saatgut schweiz"},"image":{"@id":"https:\/\/www.swisssem.ch\/de\/#\/schema\/logo\/image\/"}}]}},"_links":{"self":[{"href":"https:\/\/www.swisssem.ch\/fr\/wp-json\/wp\/v2\/pages\/1990","targetHints":{"allow":["GET"]}}],"collection":[{"href":"https:\/\/www.swisssem.ch\/fr\/wp-json\/wp\/v2\/pages"}],"about":[{"href":"https:\/\/www.swisssem.ch\/fr\/wp-json\/wp\/v2\/types\/page"}],"author":[{"embeddable":true,"href":"https:\/\/www.swisssem.ch\/fr\/wp-json\/wp\/v2\/users\/7"}],"replies":[{"embeddable":true,"href":"https:\/\/www.swisssem.ch\/fr\/wp-json\/wp\/v2\/comments?post=1990"}],"version-history":[{"count":334,"href":"https:\/\/www.swisssem.ch\/fr\/wp-json\/wp\/v2\/pages\/1990\/revisions"}],"predecessor-version":[{"id":12917,"href":"https:\/\/www.swisssem.ch\/fr\/wp-json\/wp\/v2\/pages\/1990\/revisions\/12917"}],"wp:attachment":[{"href":"https:\/\/www.swisssem.ch\/fr\/wp-json\/wp\/v2\/media?parent=1990"}],"curies":[{"name":"wp","href":"https:\/\/api.w.org\/{rel}","templated":true}]}}