{"id":11810,"date":"2024-12-09T15:15:52","date_gmt":"2024-12-09T14:15:52","guid":{"rendered":"https:\/\/www.swisssem.ch\/?page_id=11810"},"modified":"2025-01-21T16:40:07","modified_gmt":"2025-01-21T15:40:07","slug":"workshop-2024","status":"publish","type":"page","link":"https:\/\/www.swisssem.ch\/fr\/workshop-2024\/","title":{"rendered":"Workshop 2024"},"content":{"rendered":"\n<p>Expos\u00e9s<\/p>\n\n\n\n<!-- downloads component -->\n\t<ul class=\"downloads\">\n\t\t\t\t\t<li>\n\t\t\t\t<figure>\n\t\t\t\t\t<img decoding=\"async\" src=\"https:\/\/www.swisssem.ch\/wp-content\/uploads\/2024\/12\/01_20241206-Bilan-2024-PK-CT-workshop-online-pdf.jpg\" alt=\"01_20241206-Bilan-2024-PK-CT-workshop-online\">\n\t\t\t\t<\/figure>\n\t\t\t\t<h4>Informations Agroscope &#8211; Bilan R2024<\/h4>\n\t\t\t\t\t\t\t\t<div class=\"download-actions\">\n\t\t\t\t\t<a href=\"https:\/\/www.swisssem.ch\/wp-content\/uploads\/2024\/12\/01_20241206-Bilan-2024-PK-CT-workshop-online.pdf\" download class=\"download\">\n\t\t\t\t\t\t<svg xmlns=\"http:\/\/www.w3.org\/2000\/svg\" data-name=\"Ebene 1\" viewBox=\"0 0 23.06 21.64\">\n\t\t\t\t\t\t\t<g stroke=\"#000\" data-name=\"Ebene 1-2\">\n\t\t\t\t\t\t\t\t<path fill=\"none\" stroke-width=\"2\" d=\"M2.29 11.86v8.78h18.46v-8.78\"\/>\n\t\t\t\t\t\t\t\t<path stroke-width=\".25\" d=\"M12.38.13h-1.73v13.41L5.08 7.91l-1.2 1.14 7.65 7.68 7.63-7.68-1.21-1.14-5.57 5.63V.13z\"\/>\n\t\t\t\t\t\t\t<\/g>\n\t\t\t\t\t\t<\/svg>\n\t\t\t\t\t<\/a>\n\t\t\t\t\t<a href=\"https:\/\/www.swisssem.ch\/wp-content\/uploads\/2024\/12\/01_20241206-Bilan-2024-PK-CT-workshop-online.pdf\" target=\"_blank\" rel=\"nofollow\" class=\"expand\">\n\t\t\t\t\t\t<svg xmlns=\"http:\/\/www.w3.org\/2000\/svg\" data-name=\"Ebene 1\" viewBox=\"0 0 23 20\">\n\t\t\t\t\t\t\t<g fill=\"none\" stroke=\"#000\" stroke-width=\".89999998\" data-name=\"Ebene 1-2\">\n\t\t\t\t\t\t\t\t<path d=\"M9.48 13.48l-.55-.57-4.65 4.65.01-3.69-.77-.01-.02 5.03 5.04-.01-.01-.78-3.7.03 4.65-4.65zM13.54 13.48l.58-.57 4.65 4.65-.02-3.69.77-.01.02 5.03-5.05-.01.03-.78 3.68.03-4.66-4.65zM9.48 8.18l-.55.56-4.65-4.65.01 3.69-.77.02-.02-5.04 5.04.02-.01.77-3.7-.02 4.65 4.65zM13.54 8.18l.58.56 4.65-4.65-.02 3.69.77.02.02-5.04-5.05.02.03.77 3.68-.02-4.66 4.65z\"\/>\n\t\t\t\t\t\t\t<\/g>\n\t\t\t\t\t\t<\/svg>\n\t\t\t\t\t<\/a>\n\t\t\t\t<\/div>\n\t\t\t\t\n\t\t\t<\/li>\n\t\t\t\t\t<li>\n\t\t\t\t<figure>\n\t\t\t\t\t<img decoding=\"async\" src=\"https:\/\/www.swisssem.ch\/wp-content\/uploads\/2024\/12\/02_Bioreba-pdf.jpg\" alt=\"02_Bioreba\">\n\t\t\t\t<\/figure>\n\t\t\t\t<h4>D\u00e9veloppement et validation d&rsquo;un kit qPCR pour la d\u00e9tection du Ralstonia Solanacearum Species Complex (RSSC) (seulement en allemand)<\/h4>\n\t\t\t\t\t\t\t\t<div class=\"download-actions\">\n\t\t\t\t\t<a href=\"https:\/\/www.swisssem.ch\/wp-content\/uploads\/2024\/12\/02_Bioreba.pdf\" download class=\"download\">\n\t\t\t\t\t\t<svg xmlns=\"http:\/\/www.w3.org\/2000\/svg\" data-name=\"Ebene 1\" viewBox=\"0 0 23.06 21.64\">\n\t\t\t\t\t\t\t<g stroke=\"#000\" data-name=\"Ebene 1-2\">\n\t\t\t\t\t\t\t\t<path fill=\"none\" stroke-width=\"2\" d=\"M2.29 11.86v8.78h18.46v-8.78\"\/>\n\t\t\t\t\t\t\t\t<path stroke-width=\".25\" d=\"M12.38.13h-1.73v13.41L5.08 7.91l-1.2 1.14 7.65 7.68 7.63-7.68-1.21-1.14-5.57 5.63V.13z\"\/>\n\t\t\t\t\t\t\t<\/g>\n\t\t\t\t\t\t<\/svg>\n\t\t\t\t\t<\/a>\n\t\t\t\t\t<a href=\"https:\/\/www.swisssem.ch\/wp-content\/uploads\/2024\/12\/02_Bioreba.pdf\" target=\"_blank\" rel=\"nofollow\" class=\"expand\">\n\t\t\t\t\t\t<svg xmlns=\"http:\/\/www.w3.org\/2000\/svg\" data-name=\"Ebene 1\" viewBox=\"0 0 23 20\">\n\t\t\t\t\t\t\t<g fill=\"none\" stroke=\"#000\" stroke-width=\".89999998\" data-name=\"Ebene 1-2\">\n\t\t\t\t\t\t\t\t<path d=\"M9.48 13.48l-.55-.57-4.65 4.65.01-3.69-.77-.01-.02 5.03 5.04-.01-.01-.78-3.7.03 4.65-4.65zM13.54 13.48l.58-.57 4.65 4.65-.02-3.69.77-.01.02 5.03-5.05-.01.03-.78 3.68.03-4.66-4.65zM9.48 8.18l-.55.56-4.65-4.65.01 3.69-.77.02-.02-5.04 5.04.02-.01.77-3.7-.02 4.65 4.65zM13.54 8.18l.58.56 4.65-4.65-.02 3.69.77.02.02-5.04-5.05.02.03.77 3.68-.02-4.66 4.65z\"\/>\n\t\t\t\t\t\t\t<\/g>\n\t\t\t\t\t\t<\/svg>\n\t\t\t\t\t<\/a>\n\t\t\t\t<\/div>\n\t\t\t\t\n\t\t\t<\/li>\n\t\t\t\t\t<li>\n\t\t\t\t<figure>\n\t\t\t\t\t<img decoding=\"async\" src=\"https:\/\/www.swisssem.ch\/wp-content\/uploads\/2024\/12\/04f_6-decembre-2024_Maverick-Gouerou-pdf.jpg\" alt=\"04f_6 d\u00e9cembre 2024_Maverick Gouerou\">\n\t\t\t\t<\/figure>\n\t\t\t\t<h4>Param\u00e8tres de croissance influen\u00e7ant les pertes de rendement des pommes de terre en p\u00e9riode de s\u00e9cheresse<\/h4>\n\t\t\t\t\t\t\t\t<div class=\"download-actions\">\n\t\t\t\t\t<a href=\"https:\/\/www.swisssem.ch\/wp-content\/uploads\/2024\/12\/04f_6-decembre-2024_Maverick-Gouerou.pdf\" download class=\"download\">\n\t\t\t\t\t\t<svg xmlns=\"http:\/\/www.w3.org\/2000\/svg\" data-name=\"Ebene 1\" viewBox=\"0 0 23.06 21.64\">\n\t\t\t\t\t\t\t<g stroke=\"#000\" data-name=\"Ebene 1-2\">\n\t\t\t\t\t\t\t\t<path fill=\"none\" stroke-width=\"2\" d=\"M2.29 11.86v8.78h18.46v-8.78\"\/>\n\t\t\t\t\t\t\t\t<path stroke-width=\".25\" d=\"M12.38.13h-1.73v13.41L5.08 7.91l-1.2 1.14 7.65 7.68 7.63-7.68-1.21-1.14-5.57 5.63V.13z\"\/>\n\t\t\t\t\t\t\t<\/g>\n\t\t\t\t\t\t<\/svg>\n\t\t\t\t\t<\/a>\n\t\t\t\t\t<a href=\"https:\/\/www.swisssem.ch\/wp-content\/uploads\/2024\/12\/04f_6-decembre-2024_Maverick-Gouerou.pdf\" target=\"_blank\" rel=\"nofollow\" class=\"expand\">\n\t\t\t\t\t\t<svg xmlns=\"http:\/\/www.w3.org\/2000\/svg\" data-name=\"Ebene 1\" viewBox=\"0 0 23 20\">\n\t\t\t\t\t\t\t<g fill=\"none\" stroke=\"#000\" stroke-width=\".89999998\" data-name=\"Ebene 1-2\">\n\t\t\t\t\t\t\t\t<path d=\"M9.48 13.48l-.55-.57-4.65 4.65.01-3.69-.77-.01-.02 5.03 5.04-.01-.01-.78-3.7.03 4.65-4.65zM13.54 13.48l.58-.57 4.65 4.65-.02-3.69.77-.01.02 5.03-5.05-.01.03-.78 3.68.03-4.66-4.65zM9.48 8.18l-.55.56-4.65-4.65.01 3.69-.77.02-.02-5.04 5.04.02-.01.77-3.7-.02 4.65 4.65zM13.54 8.18l.58.56 4.65-4.65-.02 3.69.77.02.02-5.04-5.05.02.03.77 3.68-.02-4.66 4.65z\"\/>\n\t\t\t\t\t\t\t<\/g>\n\t\t\t\t\t\t<\/svg>\n\t\t\t\t\t<\/a>\n\t\t\t\t<\/div>\n\t\t\t\t\n\t\t\t<\/li>\n\t\t\t\t\t<li>\n\t\t\t\t<figure>\n\t\t\t\t\t<img decoding=\"async\" src=\"https:\/\/www.swisssem.ch\/wp-content\/uploads\/2024\/12\/05_Swissem-MDV_comp-pdf.jpg\" alt=\"05_Swissem MDV_comp\">\n\t\t\t\t<\/figure>\n\t\t\t\t<h4>Evolution des souches de mildiou en Europe et nouvelles perspectives de lutte<\/h4>\n\t\t\t\t\t\t\t\t<div class=\"download-actions\">\n\t\t\t\t\t<a href=\"https:\/\/www.swisssem.ch\/wp-content\/uploads\/2024\/12\/05_Swissem-MDV_comp.pdf\" download class=\"download\">\n\t\t\t\t\t\t<svg xmlns=\"http:\/\/www.w3.org\/2000\/svg\" data-name=\"Ebene 1\" viewBox=\"0 0 23.06 21.64\">\n\t\t\t\t\t\t\t<g stroke=\"#000\" data-name=\"Ebene 1-2\">\n\t\t\t\t\t\t\t\t<path fill=\"none\" stroke-width=\"2\" d=\"M2.29 11.86v8.78h18.46v-8.78\"\/>\n\t\t\t\t\t\t\t\t<path stroke-width=\".25\" d=\"M12.38.13h-1.73v13.41L5.08 7.91l-1.2 1.14 7.65 7.68 7.63-7.68-1.21-1.14-5.57 5.63V.13z\"\/>\n\t\t\t\t\t\t\t<\/g>\n\t\t\t\t\t\t<\/svg>\n\t\t\t\t\t<\/a>\n\t\t\t\t\t<a href=\"https:\/\/www.swisssem.ch\/wp-content\/uploads\/2024\/12\/05_Swissem-MDV_comp.pdf\" target=\"_blank\" rel=\"nofollow\" class=\"expand\">\n\t\t\t\t\t\t<svg xmlns=\"http:\/\/www.w3.org\/2000\/svg\" data-name=\"Ebene 1\" viewBox=\"0 0 23 20\">\n\t\t\t\t\t\t\t<g fill=\"none\" stroke=\"#000\" stroke-width=\".89999998\" data-name=\"Ebene 1-2\">\n\t\t\t\t\t\t\t\t<path d=\"M9.48 13.48l-.55-.57-4.65 4.65.01-3.69-.77-.01-.02 5.03 5.04-.01-.01-.78-3.7.03 4.65-4.65zM13.54 13.48l.58-.57 4.65 4.65-.02-3.69.77-.01.02 5.03-5.05-.01.03-.78 3.68.03-4.66-4.65zM9.48 8.18l-.55.56-4.65-4.65.01 3.69-.77.02-.02-5.04 5.04.02-.01.77-3.7-.02 4.65 4.65zM13.54 8.18l.58.56 4.65-4.65-.02 3.69.77.02.02-5.04-5.05.02.03.77 3.68-.02-4.66 4.65z\"\/>\n\t\t\t\t\t\t\t<\/g>\n\t\t\t\t\t\t<\/svg>\n\t\t\t\t\t<\/a>\n\t\t\t\t<\/div>\n\t\t\t\t\n\t\t\t<\/li>\n\t\t\t\t\t<li>\n\t\t\t\t<figure>\n\t\t\t\t\t<img decoding=\"async\" src=\"https:\/\/www.swisssem.ch\/wp-content\/uploads\/2024\/12\/06_20241206-Globodera_Swiss-pdf.jpg\" alt=\"06_20241206-Globodera_Swiss\">\n\t\t\t\t<\/figure>\n\t\t\t\t<h4>Kartoffelzystennematoden in der Schweiz<\/h4>\n\t\t\t\t\t\t\t\t<div class=\"download-actions\">\n\t\t\t\t\t<a href=\"https:\/\/www.swisssem.ch\/wp-content\/uploads\/2024\/12\/06_20241206-Globodera_Swiss.pdf\" download class=\"download\">\n\t\t\t\t\t\t<svg xmlns=\"http:\/\/www.w3.org\/2000\/svg\" data-name=\"Ebene 1\" viewBox=\"0 0 23.06 21.64\">\n\t\t\t\t\t\t\t<g stroke=\"#000\" data-name=\"Ebene 1-2\">\n\t\t\t\t\t\t\t\t<path fill=\"none\" stroke-width=\"2\" d=\"M2.29 11.86v8.78h18.46v-8.78\"\/>\n\t\t\t\t\t\t\t\t<path stroke-width=\".25\" d=\"M12.38.13h-1.73v13.41L5.08 7.91l-1.2 1.14 7.65 7.68 7.63-7.68-1.21-1.14-5.57 5.63V.13z\"\/>\n\t\t\t\t\t\t\t<\/g>\n\t\t\t\t\t\t<\/svg>\n\t\t\t\t\t<\/a>\n\t\t\t\t\t<a href=\"https:\/\/www.swisssem.ch\/wp-content\/uploads\/2024\/12\/06_20241206-Globodera_Swiss.pdf\" target=\"_blank\" rel=\"nofollow\" class=\"expand\">\n\t\t\t\t\t\t<svg xmlns=\"http:\/\/www.w3.org\/2000\/svg\" data-name=\"Ebene 1\" viewBox=\"0 0 23 20\">\n\t\t\t\t\t\t\t<g fill=\"none\" stroke=\"#000\" stroke-width=\".89999998\" data-name=\"Ebene 1-2\">\n\t\t\t\t\t\t\t\t<path d=\"M9.48 13.48l-.55-.57-4.65 4.65.01-3.69-.77-.01-.02 5.03 5.04-.01-.01-.78-3.7.03 4.65-4.65zM13.54 13.48l.58-.57 4.65 4.65-.02-3.69.77-.01.02 5.03-5.05-.01.03-.78 3.68.03-4.66-4.65zM9.48 8.18l-.55.56-4.65-4.65.01 3.69-.77.02-.02-5.04 5.04.02-.01.77-3.7-.02 4.65 4.65zM13.54 8.18l.58.56 4.65-4.65-.02 3.69.77.02.02-5.04-5.05.02.03.77 3.68-.02-4.66 4.65z\"\/>\n\t\t\t\t\t\t\t<\/g>\n\t\t\t\t\t\t<\/svg>\n\t\t\t\t\t<\/a>\n\t\t\t\t<\/div>\n\t\t\t\t\n\t\t\t<\/li>\n\t\t\t\t\t<li>\n\t\t\t\t<figure>\n\t\t\t\t\t<img decoding=\"async\" src=\"https:\/\/www.swisssem.ch\/wp-content\/uploads\/2025\/01\/2024_WS_Praesentation-Backtest-Jan_14_1_25-pdf.jpg\" alt=\"2024_WS_Pr\u00e4sentation Backtest - Jan_14_1_25\">\n\t\t\t\t<\/figure>\n\t\t\t\t<h4>Pr\u00e9sentation HAFL (seulement en allemand)<\/h4>\n\t\t\t\t\t\t\t\t<div class=\"download-actions\">\n\t\t\t\t\t<a href=\"https:\/\/www.swisssem.ch\/wp-content\/uploads\/2025\/01\/2024_WS_Praesentation-Backtest-Jan_14_1_25.pdf\" download class=\"download\">\n\t\t\t\t\t\t<svg xmlns=\"http:\/\/www.w3.org\/2000\/svg\" data-name=\"Ebene 1\" viewBox=\"0 0 23.06 21.64\">\n\t\t\t\t\t\t\t<g stroke=\"#000\" data-name=\"Ebene 1-2\">\n\t\t\t\t\t\t\t\t<path fill=\"none\" stroke-width=\"2\" d=\"M2.29 11.86v8.78h18.46v-8.78\"\/>\n\t\t\t\t\t\t\t\t<path stroke-width=\".25\" d=\"M12.38.13h-1.73v13.41L5.08 7.91l-1.2 1.14 7.65 7.68 7.63-7.68-1.21-1.14-5.57 5.63V.13z\"\/>\n\t\t\t\t\t\t\t<\/g>\n\t\t\t\t\t\t<\/svg>\n\t\t\t\t\t<\/a>\n\t\t\t\t\t<a href=\"https:\/\/www.swisssem.ch\/wp-content\/uploads\/2025\/01\/2024_WS_Praesentation-Backtest-Jan_14_1_25.pdf\" target=\"_blank\" rel=\"nofollow\" class=\"expand\">\n\t\t\t\t\t\t<svg xmlns=\"http:\/\/www.w3.org\/2000\/svg\" data-name=\"Ebene 1\" viewBox=\"0 0 23 20\">\n\t\t\t\t\t\t\t<g fill=\"none\" stroke=\"#000\" stroke-width=\".89999998\" data-name=\"Ebene 1-2\">\n\t\t\t\t\t\t\t\t<path d=\"M9.48 13.48l-.55-.57-4.65 4.65.01-3.69-.77-.01-.02 5.03 5.04-.01-.01-.78-3.7.03 4.65-4.65zM13.54 13.48l.58-.57 4.65 4.65-.02-3.69.77-.01.02 5.03-5.05-.01.03-.78 3.68.03-4.66-4.65zM9.48 8.18l-.55.56-4.65-4.65.01 3.69-.77.02-.02-5.04 5.04.02-.01.77-3.7-.02 4.65 4.65zM13.54 8.18l.58.56 4.65-4.65-.02 3.69.77.02.02-5.04-5.05.02.03.77 3.68-.02-4.66 4.65z\"\/>\n\t\t\t\t\t\t\t<\/g>\n\t\t\t\t\t\t<\/svg>\n\t\t\t\t\t<\/a>\n\t\t\t\t<\/div>\n\t\t\t\t\n\t\t\t<\/li>\n\t\t\t\t\t<li>\n\t\t\t\t<figure>\n\t\t\t\t\t<img decoding=\"async\" src=\"https:\/\/www.swisssem.ch\/wp-content\/uploads\/2024\/12\/07_2024-Swisssem-Ruedi-pdf.jpg\" alt=\"07_2024 Swisssem Ruedi\">\n\t\t\t\t<\/figure>\n\t\t\t\t<h4>Expos\u00e9 de Ruedi Schw\u00e4rzel<\/h4>\n\t\t\t\t\t\t\t\t<div class=\"download-actions\">\n\t\t\t\t\t<a href=\"https:\/\/www.swisssem.ch\/wp-content\/uploads\/2024\/12\/07_2024-Swisssem-Ruedi.pdf\" download class=\"download\">\n\t\t\t\t\t\t<svg xmlns=\"http:\/\/www.w3.org\/2000\/svg\" data-name=\"Ebene 1\" viewBox=\"0 0 23.06 21.64\">\n\t\t\t\t\t\t\t<g stroke=\"#000\" data-name=\"Ebene 1-2\">\n\t\t\t\t\t\t\t\t<path fill=\"none\" stroke-width=\"2\" d=\"M2.29 11.86v8.78h18.46v-8.78\"\/>\n\t\t\t\t\t\t\t\t<path stroke-width=\".25\" d=\"M12.38.13h-1.73v13.41L5.08 7.91l-1.2 1.14 7.65 7.68 7.63-7.68-1.21-1.14-5.57 5.63V.13z\"\/>\n\t\t\t\t\t\t\t<\/g>\n\t\t\t\t\t\t<\/svg>\n\t\t\t\t\t<\/a>\n\t\t\t\t\t<a href=\"https:\/\/www.swisssem.ch\/wp-content\/uploads\/2024\/12\/07_2024-Swisssem-Ruedi.pdf\" target=\"_blank\" rel=\"nofollow\" class=\"expand\">\n\t\t\t\t\t\t<svg xmlns=\"http:\/\/www.w3.org\/2000\/svg\" data-name=\"Ebene 1\" viewBox=\"0 0 23 20\">\n\t\t\t\t\t\t\t<g fill=\"none\" stroke=\"#000\" stroke-width=\".89999998\" data-name=\"Ebene 1-2\">\n\t\t\t\t\t\t\t\t<path d=\"M9.48 13.48l-.55-.57-4.65 4.65.01-3.69-.77-.01-.02 5.03 5.04-.01-.01-.78-3.7.03 4.65-4.65zM13.54 13.48l.58-.57 4.65 4.65-.02-3.69.77-.01.02 5.03-5.05-.01.03-.78 3.68.03-4.66-4.65zM9.48 8.18l-.55.56-4.65-4.65.01 3.69-.77.02-.02-5.04 5.04.02-.01.77-3.7-.02 4.65 4.65zM13.54 8.18l.58.56 4.65-4.65-.02 3.69.77.02.02-5.04-5.05.02.03.77 3.68-.02-4.66 4.65z\"\/>\n\t\t\t\t\t\t\t<\/g>\n\t\t\t\t\t\t<\/svg>\n\t\t\t\t\t<\/a>\n\t\t\t\t<\/div>\n\t\t\t\t\n\t\t\t<\/li>\n\t\t\t<\/ul>\n\n<!-- end of downloads component -->\n\n","protected":false},"excerpt":{"rendered":"<p>Expos\u00e9s<\/p>\n","protected":false},"author":6,"featured_media":0,"parent":0,"menu_order":23,"comment_status":"closed","ping_status":"closed","template":"","meta":{"_acf_changed":false,"footnotes":""},"class_list":["post-11810","page","type-page","status-publish","hentry"],"acf":[],"yoast_head":"<!-- This site is optimized with the Yoast SEO plugin v27.1.1 - https:\/\/yoast.com\/product\/yoast-seo-wordpress\/ -->\n<title>Workshop 2024 - swisssem semence suisse<\/title>\n<meta name=\"robots\" content=\"index, follow, max-snippet:-1, max-image-preview:large, max-video-preview:-1\" \/>\n<link rel=\"canonical\" href=\"https:\/\/www.swisssem.ch\/fr\/workshop-2024\/\" \/>\n<meta property=\"og:locale\" content=\"fr_FR\" \/>\n<meta property=\"og:type\" content=\"article\" \/>\n<meta property=\"og:title\" content=\"Workshop 2024 - swisssem semence suisse\" \/>\n<meta property=\"og:description\" content=\"Expos\u00e9s\" \/>\n<meta property=\"og:url\" content=\"https:\/\/www.swisssem.ch\/fr\/workshop-2024\/\" \/>\n<meta property=\"og:site_name\" content=\"swisssem semence suisse\" \/>\n<meta property=\"article:modified_time\" content=\"2025-01-21T15:40:07+00:00\" \/>\n<meta name=\"twitter:card\" content=\"summary_large_image\" \/>\n<meta name=\"twitter:label1\" content=\"Dur\u00e9e de lecture estim\u00e9e\" \/>\n\t<meta name=\"twitter:data1\" content=\"1 minute\" \/>\n<script type=\"application\/ld+json\" class=\"yoast-schema-graph\">{\"@context\":\"https:\/\/schema.org\",\"@graph\":[{\"@type\":\"WebPage\",\"@id\":\"https:\/\/www.swisssem.ch\/fr\/workshop-2024\/\",\"url\":\"https:\/\/www.swisssem.ch\/fr\/workshop-2024\/\",\"name\":\"Workshop 2024 - swisssem semence suisse\",\"isPartOf\":{\"@id\":\"https:\/\/www.swisssem.ch\/de\/#website\"},\"datePublished\":\"2024-12-09T14:15:52+00:00\",\"dateModified\":\"2025-01-21T15:40:07+00:00\",\"breadcrumb\":{\"@id\":\"https:\/\/www.swisssem.ch\/fr\/workshop-2024\/#breadcrumb\"},\"inLanguage\":\"fr-FR\",\"potentialAction\":[{\"@type\":\"ReadAction\",\"target\":[\"https:\/\/www.swisssem.ch\/fr\/workshop-2024\/\"]}]},{\"@type\":\"BreadcrumbList\",\"@id\":\"https:\/\/www.swisssem.ch\/fr\/workshop-2024\/#breadcrumb\",\"itemListElement\":[{\"@type\":\"ListItem\",\"position\":1,\"name\":\"Home\",\"item\":\"https:\/\/www.swisssem.ch\/fr\/\"},{\"@type\":\"ListItem\",\"position\":2,\"name\":\"Workshop 2024\"}]},{\"@type\":\"WebSite\",\"@id\":\"https:\/\/www.swisssem.ch\/de\/#website\",\"url\":\"https:\/\/www.swisssem.ch\/de\/\",\"name\":\"swisssem semence suisse\",\"description\":\"\",\"publisher\":{\"@id\":\"https:\/\/www.swisssem.ch\/de\/#organization\"},\"potentialAction\":[{\"@type\":\"SearchAction\",\"target\":{\"@type\":\"EntryPoint\",\"urlTemplate\":\"https:\/\/www.swisssem.ch\/de\/?s={search_term_string}\"},\"query-input\":{\"@type\":\"PropertyValueSpecification\",\"valueRequired\":true,\"valueName\":\"search_term_string\"}}],\"inLanguage\":\"fr-FR\"},{\"@type\":\"Organization\",\"@id\":\"https:\/\/www.swisssem.ch\/de\/#organization\",\"name\":\"swisssem saatgut schweiz\",\"url\":\"https:\/\/www.swisssem.ch\/de\/\",\"logo\":{\"@type\":\"ImageObject\",\"inLanguage\":\"fr-FR\",\"@id\":\"https:\/\/www.swisssem.ch\/de\/#\/schema\/logo\/image\/\",\"url\":\"https:\/\/www.swisssem.ch\/wp-content\/uploads\/2020\/03\/Logo_swisssem_RGB-1.jpg\",\"contentUrl\":\"https:\/\/www.swisssem.ch\/wp-content\/uploads\/2020\/03\/Logo_swisssem_RGB-1.jpg\",\"width\":1684,\"height\":430,\"caption\":\"swisssem saatgut schweiz\"},\"image\":{\"@id\":\"https:\/\/www.swisssem.ch\/de\/#\/schema\/logo\/image\/\"}}]}<\/script>\n<!-- \/ Yoast SEO plugin. -->","yoast_head_json":{"title":"Workshop 2024 - swisssem semence suisse","robots":{"index":"index","follow":"follow","max-snippet":"max-snippet:-1","max-image-preview":"max-image-preview:large","max-video-preview":"max-video-preview:-1"},"canonical":"https:\/\/www.swisssem.ch\/fr\/workshop-2024\/","og_locale":"fr_FR","og_type":"article","og_title":"Workshop 2024 - swisssem semence suisse","og_description":"Expos\u00e9s","og_url":"https:\/\/www.swisssem.ch\/fr\/workshop-2024\/","og_site_name":"swisssem semence suisse","article_modified_time":"2025-01-21T15:40:07+00:00","twitter_card":"summary_large_image","twitter_misc":{"Dur\u00e9e de lecture estim\u00e9e":"1 minute"},"schema":{"@context":"https:\/\/schema.org","@graph":[{"@type":"WebPage","@id":"https:\/\/www.swisssem.ch\/fr\/workshop-2024\/","url":"https:\/\/www.swisssem.ch\/fr\/workshop-2024\/","name":"Workshop 2024 - swisssem semence suisse","isPartOf":{"@id":"https:\/\/www.swisssem.ch\/de\/#website"},"datePublished":"2024-12-09T14:15:52+00:00","dateModified":"2025-01-21T15:40:07+00:00","breadcrumb":{"@id":"https:\/\/www.swisssem.ch\/fr\/workshop-2024\/#breadcrumb"},"inLanguage":"fr-FR","potentialAction":[{"@type":"ReadAction","target":["https:\/\/www.swisssem.ch\/fr\/workshop-2024\/"]}]},{"@type":"BreadcrumbList","@id":"https:\/\/www.swisssem.ch\/fr\/workshop-2024\/#breadcrumb","itemListElement":[{"@type":"ListItem","position":1,"name":"Home","item":"https:\/\/www.swisssem.ch\/fr\/"},{"@type":"ListItem","position":2,"name":"Workshop 2024"}]},{"@type":"WebSite","@id":"https:\/\/www.swisssem.ch\/de\/#website","url":"https:\/\/www.swisssem.ch\/de\/","name":"swisssem semence suisse","description":"","publisher":{"@id":"https:\/\/www.swisssem.ch\/de\/#organization"},"potentialAction":[{"@type":"SearchAction","target":{"@type":"EntryPoint","urlTemplate":"https:\/\/www.swisssem.ch\/de\/?s={search_term_string}"},"query-input":{"@type":"PropertyValueSpecification","valueRequired":true,"valueName":"search_term_string"}}],"inLanguage":"fr-FR"},{"@type":"Organization","@id":"https:\/\/www.swisssem.ch\/de\/#organization","name":"swisssem saatgut schweiz","url":"https:\/\/www.swisssem.ch\/de\/","logo":{"@type":"ImageObject","inLanguage":"fr-FR","@id":"https:\/\/www.swisssem.ch\/de\/#\/schema\/logo\/image\/","url":"https:\/\/www.swisssem.ch\/wp-content\/uploads\/2020\/03\/Logo_swisssem_RGB-1.jpg","contentUrl":"https:\/\/www.swisssem.ch\/wp-content\/uploads\/2020\/03\/Logo_swisssem_RGB-1.jpg","width":1684,"height":430,"caption":"swisssem saatgut schweiz"},"image":{"@id":"https:\/\/www.swisssem.ch\/de\/#\/schema\/logo\/image\/"}}]}},"_links":{"self":[{"href":"https:\/\/www.swisssem.ch\/fr\/wp-json\/wp\/v2\/pages\/11810","targetHints":{"allow":["GET"]}}],"collection":[{"href":"https:\/\/www.swisssem.ch\/fr\/wp-json\/wp\/v2\/pages"}],"about":[{"href":"https:\/\/www.swisssem.ch\/fr\/wp-json\/wp\/v2\/types\/page"}],"author":[{"embeddable":true,"href":"https:\/\/www.swisssem.ch\/fr\/wp-json\/wp\/v2\/users\/6"}],"replies":[{"embeddable":true,"href":"https:\/\/www.swisssem.ch\/fr\/wp-json\/wp\/v2\/comments?post=11810"}],"version-history":[{"count":6,"href":"https:\/\/www.swisssem.ch\/fr\/wp-json\/wp\/v2\/pages\/11810\/revisions"}],"predecessor-version":[{"id":11832,"href":"https:\/\/www.swisssem.ch\/fr\/wp-json\/wp\/v2\/pages\/11810\/revisions\/11832"}],"wp:attachment":[{"href":"https:\/\/www.swisssem.ch\/fr\/wp-json\/wp\/v2\/media?parent=11810"}],"curies":[{"name":"wp","href":"https:\/\/api.w.org\/{rel}","templated":true}]}}