{"id":11317,"date":"2024-02-06T17:32:36","date_gmt":"2024-02-06T16:32:36","guid":{"rendered":"https:\/\/www.swisssem.ch\/?page_id=11317"},"modified":"2024-02-06T17:32:36","modified_gmt":"2024-02-06T16:32:36","slug":"actualites-de-la-recolte-2023","status":"publish","type":"page","link":"https:\/\/www.swisssem.ch\/fr\/espace-membres\/archiv_newsletter\/newsletter-fevrier-2024\/actualites-de-la-recolte-2023\/","title":{"rendered":"Actualit\u00e9s de la r\u00e9colte 2023"},"content":{"rendered":"\n<h2 class=\"wp-block-heading\">Plants de pommes de terre<\/h2>\n\n\n\n<p>Depuis 2020 les surfaces de multiplication de <strong>plants de pommes de terre<\/strong> diminuent, tout d\u2019abord lentement et maintenant de mani\u00e8re acc\u00e9l\u00e9r\u00e9e. Les causes, comme toujours, sont multiples. Mais il y a tout de m\u00eame une cause profonde que nous ne pouvons pas ignorer. Le climat change.<br>L\u2019amplitude des variations m\u00e9t\u00e9orologiques pose de plus en plus de probl\u00e8mes \u00e0 la culture de plants de pommes de terre.<br>En 2023, la grande difficult\u00e9 furent les conditions trop humides du printemps qui ont fortement retard\u00e9 la plantation. De plus, les plus grandes chaleurs favorisent les pucerons qui diss\u00e9minent les viroses. En cons\u00e9quence, la part produite et vendue en Suisse diminue et les importations augmentent. La succession d\u2019ann\u00e9es difficiles d\u00e9courage les producteurs de plants. La surface de r\u00e9f\u00e9rence de 1540 ha ne sera pas atteinte. Les surfaces annonc\u00e9es en multiplication de plants seront inf\u00e9rieures \u00e0 1400&nbsp;ha pour la prochaine campagne.<\/p>\n\n\n\n<!-- downloads component -->\n\t<ul class=\"downloads\">\n\t\t\t\t\t<li>\n\t\t\t\t<figure>\n\t\t\t\t\t<img decoding=\"async\" src=\"https:\/\/www.swisssem.ch\/wp-content\/uploads\/2024\/02\/Actualit\u00e9s-de-la-r\u00e9colte-PDT-Aktualit\u00e4ten-E2023-pdf.jpg\" alt=\"Actualit\u00e9s de la r\u00e9colte PDT -Aktualit\u00e4ten E2023\">\n\t\t\t\t<\/figure>\n\t\t\t\t<h4>Graphiques R2023<\/h4>\n\t\t\t\t\t\t\t\t<div class=\"download-actions\">\n\t\t\t\t\t<a href=\"https:\/\/www.swisssem.ch\/wp-content\/uploads\/2024\/02\/Actualit\u00e9s-de-la-r\u00e9colte-PDT-Aktualit\u00e4ten-E2023.pdf\" download class=\"download\">\n\t\t\t\t\t\t<svg xmlns=\"http:\/\/www.w3.org\/2000\/svg\" data-name=\"Ebene 1\" viewBox=\"0 0 23.06 21.64\">\n\t\t\t\t\t\t\t<g stroke=\"#000\" data-name=\"Ebene 1-2\">\n\t\t\t\t\t\t\t\t<path fill=\"none\" stroke-width=\"2\" d=\"M2.29 11.86v8.78h18.46v-8.78\"\/>\n\t\t\t\t\t\t\t\t<path stroke-width=\".25\" d=\"M12.38.13h-1.73v13.41L5.08 7.91l-1.2 1.14 7.65 7.68 7.63-7.68-1.21-1.14-5.57 5.63V.13z\"\/>\n\t\t\t\t\t\t\t<\/g>\n\t\t\t\t\t\t<\/svg>\n\t\t\t\t\t<\/a>\n\t\t\t\t\t<a href=\"https:\/\/www.swisssem.ch\/wp-content\/uploads\/2024\/02\/Actualit\u00e9s-de-la-r\u00e9colte-PDT-Aktualit\u00e4ten-E2023.pdf\" target=\"_blank\" rel=\"nofollow\" class=\"expand\">\n\t\t\t\t\t\t<svg xmlns=\"http:\/\/www.w3.org\/2000\/svg\" data-name=\"Ebene 1\" viewBox=\"0 0 23 20\">\n\t\t\t\t\t\t\t<g fill=\"none\" stroke=\"#000\" stroke-width=\".89999998\" data-name=\"Ebene 1-2\">\n\t\t\t\t\t\t\t\t<path d=\"M9.48 13.48l-.55-.57-4.65 4.65.01-3.69-.77-.01-.02 5.03 5.04-.01-.01-.78-3.7.03 4.65-4.65zM13.54 13.48l.58-.57 4.65 4.65-.02-3.69.77-.01.02 5.03-5.05-.01.03-.78 3.68.03-4.66-4.65zM9.48 8.18l-.55.56-4.65-4.65.01 3.69-.77.02-.02-5.04 5.04.02-.01.77-3.7-.02 4.65 4.65zM13.54 8.18l.58.56 4.65-4.65-.02 3.69.77.02.02-5.04-5.05.02.03.77 3.68-.02-4.66 4.65z\"\/>\n\t\t\t\t\t\t\t<\/g>\n\t\t\t\t\t\t<\/svg>\n\t\t\t\t\t<\/a>\n\t\t\t\t<\/div>\n\t\t\t\t\n\t\t\t<\/li>\n\t\t\t<\/ul>\n\n<!-- end of downloads component -->\n\n\n\n\n<h2 class=\"wp-block-heading\">Semences de c\u00e9r\u00e9ales<\/h2>\n\n\n\n<p>Le r\u00e9sultat au 30 novembre est d\u00e9cevant. Une diff\u00e9rence entre novembre 2022 et novembre 2023 de -7.4%, d\u00e9passe largement nos craintes. Le fait que des surfaces non n\u00e9gligeables de betteraves n\u2019\u00e9taient pas encore r\u00e9colt\u00e9es \u00e0 cette date pourrait expliquer une partie de ce r\u00e9sultat. D&rsquo;autres raisons, telles que l&rsquo;accroissement des surfaces de compensation \u00e9cologiques ou le semis en lignes espac\u00e9es pourraient \u00e9galement jouer un r\u00f4le. Sans connaitre le d\u00e9veloppement effectif de ces surfaces, il est toutefois trop t\u00f4t pour en tirer des conclusions.<br>Les c\u00e9r\u00e9ales fourrag\u00e8res paient le tribut le plus lourd, avec une baisse d\u2019environ 1000 tonnes. Avec pr\u00e8s de 700 t de r\u00e9duction des ventes, l\u2019orge plonge le plus. De mani\u00e8re plus surprenante et tr\u00e8s durement touch\u00e9 par le recul des ventes, il faut signaler le secteur des c\u00e9r\u00e9ales Bio. Pour ce label, le recul est de 419&nbsp;tonnes. Il passe ainsi de 12.9% des ventes en 2022 \u00e0 12% en automne 2023 (panifiables et fourrag\u00e8res). Les ventes de c\u00e9r\u00e9ales PER non trait\u00e9es (2864 t) ont pris le dessus sur le bio (2573&nbsp;t) durant cette campagne.<\/p>\n\n\n\n<!-- downloads component -->\n\t<ul class=\"downloads\">\n\t\t\t\t\t<li>\n\t\t\t\t<figure>\n\t\t\t\t\t<img decoding=\"async\" src=\"https:\/\/www.swisssem.ch\/wp-content\/uploads\/2024\/02\/Actualit\u00e9s-de-la-r\u00e9colte-Aktualit\u00e4ten-E2023-SG-pdf.jpg\" alt=\"Actualit\u00e9s de la r\u00e9colte -Aktualit\u00e4ten E2023 SG\">\n\t\t\t\t<\/figure>\n\t\t\t\t<h4>Graphiques R2023<\/h4>\n\t\t\t\t\t\t\t\t<div class=\"download-actions\">\n\t\t\t\t\t<a href=\"https:\/\/www.swisssem.ch\/wp-content\/uploads\/2024\/02\/Actualit\u00e9s-de-la-r\u00e9colte-Aktualit\u00e4ten-E2023-SG.pdf\" download class=\"download\">\n\t\t\t\t\t\t<svg xmlns=\"http:\/\/www.w3.org\/2000\/svg\" data-name=\"Ebene 1\" viewBox=\"0 0 23.06 21.64\">\n\t\t\t\t\t\t\t<g stroke=\"#000\" data-name=\"Ebene 1-2\">\n\t\t\t\t\t\t\t\t<path fill=\"none\" stroke-width=\"2\" d=\"M2.29 11.86v8.78h18.46v-8.78\"\/>\n\t\t\t\t\t\t\t\t<path stroke-width=\".25\" d=\"M12.38.13h-1.73v13.41L5.08 7.91l-1.2 1.14 7.65 7.68 7.63-7.68-1.21-1.14-5.57 5.63V.13z\"\/>\n\t\t\t\t\t\t\t<\/g>\n\t\t\t\t\t\t<\/svg>\n\t\t\t\t\t<\/a>\n\t\t\t\t\t<a href=\"https:\/\/www.swisssem.ch\/wp-content\/uploads\/2024\/02\/Actualit\u00e9s-de-la-r\u00e9colte-Aktualit\u00e4ten-E2023-SG.pdf\" target=\"_blank\" rel=\"nofollow\" class=\"expand\">\n\t\t\t\t\t\t<svg xmlns=\"http:\/\/www.w3.org\/2000\/svg\" data-name=\"Ebene 1\" viewBox=\"0 0 23 20\">\n\t\t\t\t\t\t\t<g fill=\"none\" stroke=\"#000\" stroke-width=\".89999998\" data-name=\"Ebene 1-2\">\n\t\t\t\t\t\t\t\t<path d=\"M9.48 13.48l-.55-.57-4.65 4.65.01-3.69-.77-.01-.02 5.03 5.04-.01-.01-.78-3.7.03 4.65-4.65zM13.54 13.48l.58-.57 4.65 4.65-.02-3.69.77-.01.02 5.03-5.05-.01.03-.78 3.68.03-4.66-4.65zM9.48 8.18l-.55.56-4.65-4.65.01 3.69-.77.02-.02-5.04 5.04.02-.01.77-3.7-.02 4.65 4.65zM13.54 8.18l.58.56 4.65-4.65-.02 3.69.77.02.02-5.04-5.05.02.03.77 3.68-.02-4.66 4.65z\"\/>\n\t\t\t\t\t\t\t<\/g>\n\t\t\t\t\t\t<\/svg>\n\t\t\t\t\t<\/a>\n\t\t\t\t<\/div>\n\t\t\t\t\n\t\t\t<\/li>\n\t\t\t<\/ul>\n\n<!-- end of downloads component -->\n\n\n\n\n<h2 class=\"wp-block-heading\">Autres cultures<\/h2>\n\n\n\n<p>Le printemps tardif et l\u2019\u00e9t\u00e9 sec a eu des r\u00e9percussions diverses sur les autres cultures.<br>Les cultures fourrag\u00e8res (tr\u00e8fles et gramin\u00e9es) ont subi peu de pertes. Les conditions de r\u00e9colte \u00e9taient plut\u00f4t bonnes. Selon les premi\u00e8res estimations les quantit\u00e9s r\u00e9colt\u00e9es et les qualit\u00e9s semblent satisfaisantes voire bonnes, de mani\u00e8re g\u00e9n\u00e9rale. <br>Les prot\u00e9agineux s\u2019en sortent nettement moins bien. Les rendements ne sont pas \u00e0 la hauteur des attentes et en plus, de nombreux lots tr\u00e9buchent \u00e0 la facult\u00e9 germinative. Alors que la demande s\u2019accroit, la production de semences des ol\u00e9o-prot\u00e9agineux peine suivre.<br>Apr\u00e8s des ann\u00e9es de grosses difficult\u00e9s dans le ma\u00efs, en absence de chaleurs extr\u00eames, les r\u00e9sultats sont meilleurs cette ann\u00e9e. Ils sont n\u00e9anmoins en-dessous des rendements attendus. En production de ma\u00efs semence on attend un rendement de 30 dt\/ha alors que selon swissmais, la r\u00e9colte 2023 laissera un peu plus de 26 dt\/ha.<\/p>\n","protected":false},"excerpt":{"rendered":"<p>Plants de pommes de terre Depuis 2020 les surfaces de multiplication de plants de pommes de terre diminuent, tout d\u2019abord lentement et maintenant de mani\u00e8re acc\u00e9l\u00e9r\u00e9e. Les causes, comme toujours, sont multiples. Mais il y a tout de m\u00eame une cause profonde que nous ne pouvons pas ignorer. Le climat change.L\u2019amplitude des variations m\u00e9t\u00e9orologiques pose [&hellip;]<\/p>\n","protected":false},"author":6,"featured_media":0,"parent":11274,"menu_order":32,"comment_status":"closed","ping_status":"closed","template":"","meta":{"_acf_changed":false,"footnotes":""},"class_list":["post-11317","page","type-page","status-publish","hentry"],"acf":[],"yoast_head":"<!-- This site is optimized with the Yoast SEO plugin v27.1.1 - https:\/\/yoast.com\/product\/yoast-seo-wordpress\/ -->\n<title>Actualit\u00e9s de la r\u00e9colte 2023 - swisssem semence suisse<\/title>\n<meta name=\"robots\" content=\"index, follow, max-snippet:-1, max-image-preview:large, max-video-preview:-1\" \/>\n<link rel=\"canonical\" href=\"https:\/\/www.swisssem.ch\/fr\/espace-membres\/archiv_newsletter\/newsletter-fevrier-2024\/actualites-de-la-recolte-2023\/\" \/>\n<meta property=\"og:locale\" content=\"fr_FR\" \/>\n<meta property=\"og:type\" content=\"article\" \/>\n<meta property=\"og:title\" content=\"Actualit\u00e9s de la r\u00e9colte 2023 - swisssem semence suisse\" \/>\n<meta property=\"og:description\" content=\"Plants de pommes de terre Depuis 2020 les surfaces de multiplication de plants de pommes de terre diminuent, tout d\u2019abord lentement et maintenant de mani\u00e8re acc\u00e9l\u00e9r\u00e9e. Les causes, comme toujours, sont multiples. Mais il y a tout de m\u00eame une cause profonde que nous ne pouvons pas ignorer. Le climat change.L\u2019amplitude des variations m\u00e9t\u00e9orologiques pose [&hellip;]\" \/>\n<meta property=\"og:url\" content=\"https:\/\/www.swisssem.ch\/fr\/espace-membres\/archiv_newsletter\/newsletter-fevrier-2024\/actualites-de-la-recolte-2023\/\" \/>\n<meta property=\"og:site_name\" content=\"swisssem semence suisse\" \/>\n<meta name=\"twitter:card\" content=\"summary_large_image\" \/>\n<meta name=\"twitter:label1\" content=\"Dur\u00e9e de lecture estim\u00e9e\" \/>\n\t<meta name=\"twitter:data1\" content=\"3 minutes\" \/>\n<script type=\"application\/ld+json\" class=\"yoast-schema-graph\">{\"@context\":\"https:\/\/schema.org\",\"@graph\":[{\"@type\":\"WebPage\",\"@id\":\"https:\/\/www.swisssem.ch\/fr\/espace-membres\/archiv_newsletter\/newsletter-fevrier-2024\/actualites-de-la-recolte-2023\/\",\"url\":\"https:\/\/www.swisssem.ch\/fr\/espace-membres\/archiv_newsletter\/newsletter-fevrier-2024\/actualites-de-la-recolte-2023\/\",\"name\":\"Actualit\u00e9s de la r\u00e9colte 2023 - swisssem semence suisse\",\"isPartOf\":{\"@id\":\"https:\/\/www.swisssem.ch\/de\/#website\"},\"datePublished\":\"2024-02-06T16:32:36+00:00\",\"breadcrumb\":{\"@id\":\"https:\/\/www.swisssem.ch\/fr\/espace-membres\/archiv_newsletter\/newsletter-fevrier-2024\/actualites-de-la-recolte-2023\/#breadcrumb\"},\"inLanguage\":\"fr-FR\",\"potentialAction\":[{\"@type\":\"ReadAction\",\"target\":[\"https:\/\/www.swisssem.ch\/fr\/espace-membres\/archiv_newsletter\/newsletter-fevrier-2024\/actualites-de-la-recolte-2023\/\"]}]},{\"@type\":\"BreadcrumbList\",\"@id\":\"https:\/\/www.swisssem.ch\/fr\/espace-membres\/archiv_newsletter\/newsletter-fevrier-2024\/actualites-de-la-recolte-2023\/#breadcrumb\",\"itemListElement\":[{\"@type\":\"ListItem\",\"position\":1,\"name\":\"Home\",\"item\":\"https:\/\/www.swisssem.ch\/fr\/\"},{\"@type\":\"ListItem\",\"position\":2,\"name\":\"Espace membres\",\"item\":\"https:\/\/www.swisssem.ch\/fr\/espace-membres\/\"},{\"@type\":\"ListItem\",\"position\":3,\"name\":\"Newsletters\",\"item\":\"https:\/\/www.swisssem.ch\/fr\/espace-membres\/archiv_newsletter\/\"},{\"@type\":\"ListItem\",\"position\":4,\"name\":\"Newsletter F\u00e9vrier 2024\",\"item\":\"https:\/\/www.swisssem.ch\/fr\/espace-membres\/archiv_newsletter\/newsletter-fevrier-2024\/\"},{\"@type\":\"ListItem\",\"position\":5,\"name\":\"Actualit\u00e9s de la r\u00e9colte 2023\"}]},{\"@type\":\"WebSite\",\"@id\":\"https:\/\/www.swisssem.ch\/de\/#website\",\"url\":\"https:\/\/www.swisssem.ch\/de\/\",\"name\":\"swisssem semence suisse\",\"description\":\"\",\"publisher\":{\"@id\":\"https:\/\/www.swisssem.ch\/de\/#organization\"},\"potentialAction\":[{\"@type\":\"SearchAction\",\"target\":{\"@type\":\"EntryPoint\",\"urlTemplate\":\"https:\/\/www.swisssem.ch\/de\/?s={search_term_string}\"},\"query-input\":{\"@type\":\"PropertyValueSpecification\",\"valueRequired\":true,\"valueName\":\"search_term_string\"}}],\"inLanguage\":\"fr-FR\"},{\"@type\":\"Organization\",\"@id\":\"https:\/\/www.swisssem.ch\/de\/#organization\",\"name\":\"swisssem saatgut schweiz\",\"url\":\"https:\/\/www.swisssem.ch\/de\/\",\"logo\":{\"@type\":\"ImageObject\",\"inLanguage\":\"fr-FR\",\"@id\":\"https:\/\/www.swisssem.ch\/de\/#\/schema\/logo\/image\/\",\"url\":\"https:\/\/www.swisssem.ch\/wp-content\/uploads\/2020\/03\/Logo_swisssem_RGB-1.jpg\",\"contentUrl\":\"https:\/\/www.swisssem.ch\/wp-content\/uploads\/2020\/03\/Logo_swisssem_RGB-1.jpg\",\"width\":1684,\"height\":430,\"caption\":\"swisssem saatgut schweiz\"},\"image\":{\"@id\":\"https:\/\/www.swisssem.ch\/de\/#\/schema\/logo\/image\/\"}}]}<\/script>\n<!-- \/ Yoast SEO plugin. -->","yoast_head_json":{"title":"Actualit\u00e9s de la r\u00e9colte 2023 - swisssem semence suisse","robots":{"index":"index","follow":"follow","max-snippet":"max-snippet:-1","max-image-preview":"max-image-preview:large","max-video-preview":"max-video-preview:-1"},"canonical":"https:\/\/www.swisssem.ch\/fr\/espace-membres\/archiv_newsletter\/newsletter-fevrier-2024\/actualites-de-la-recolte-2023\/","og_locale":"fr_FR","og_type":"article","og_title":"Actualit\u00e9s de la r\u00e9colte 2023 - swisssem semence suisse","og_description":"Plants de pommes de terre Depuis 2020 les surfaces de multiplication de plants de pommes de terre diminuent, tout d\u2019abord lentement et maintenant de mani\u00e8re acc\u00e9l\u00e9r\u00e9e. Les causes, comme toujours, sont multiples. Mais il y a tout de m\u00eame une cause profonde que nous ne pouvons pas ignorer. Le climat change.L\u2019amplitude des variations m\u00e9t\u00e9orologiques pose [&hellip;]","og_url":"https:\/\/www.swisssem.ch\/fr\/espace-membres\/archiv_newsletter\/newsletter-fevrier-2024\/actualites-de-la-recolte-2023\/","og_site_name":"swisssem semence suisse","twitter_card":"summary_large_image","twitter_misc":{"Dur\u00e9e de lecture estim\u00e9e":"3 minutes"},"schema":{"@context":"https:\/\/schema.org","@graph":[{"@type":"WebPage","@id":"https:\/\/www.swisssem.ch\/fr\/espace-membres\/archiv_newsletter\/newsletter-fevrier-2024\/actualites-de-la-recolte-2023\/","url":"https:\/\/www.swisssem.ch\/fr\/espace-membres\/archiv_newsletter\/newsletter-fevrier-2024\/actualites-de-la-recolte-2023\/","name":"Actualit\u00e9s de la r\u00e9colte 2023 - swisssem semence suisse","isPartOf":{"@id":"https:\/\/www.swisssem.ch\/de\/#website"},"datePublished":"2024-02-06T16:32:36+00:00","breadcrumb":{"@id":"https:\/\/www.swisssem.ch\/fr\/espace-membres\/archiv_newsletter\/newsletter-fevrier-2024\/actualites-de-la-recolte-2023\/#breadcrumb"},"inLanguage":"fr-FR","potentialAction":[{"@type":"ReadAction","target":["https:\/\/www.swisssem.ch\/fr\/espace-membres\/archiv_newsletter\/newsletter-fevrier-2024\/actualites-de-la-recolte-2023\/"]}]},{"@type":"BreadcrumbList","@id":"https:\/\/www.swisssem.ch\/fr\/espace-membres\/archiv_newsletter\/newsletter-fevrier-2024\/actualites-de-la-recolte-2023\/#breadcrumb","itemListElement":[{"@type":"ListItem","position":1,"name":"Home","item":"https:\/\/www.swisssem.ch\/fr\/"},{"@type":"ListItem","position":2,"name":"Espace membres","item":"https:\/\/www.swisssem.ch\/fr\/espace-membres\/"},{"@type":"ListItem","position":3,"name":"Newsletters","item":"https:\/\/www.swisssem.ch\/fr\/espace-membres\/archiv_newsletter\/"},{"@type":"ListItem","position":4,"name":"Newsletter F\u00e9vrier 2024","item":"https:\/\/www.swisssem.ch\/fr\/espace-membres\/archiv_newsletter\/newsletter-fevrier-2024\/"},{"@type":"ListItem","position":5,"name":"Actualit\u00e9s de la r\u00e9colte 2023"}]},{"@type":"WebSite","@id":"https:\/\/www.swisssem.ch\/de\/#website","url":"https:\/\/www.swisssem.ch\/de\/","name":"swisssem semence suisse","description":"","publisher":{"@id":"https:\/\/www.swisssem.ch\/de\/#organization"},"potentialAction":[{"@type":"SearchAction","target":{"@type":"EntryPoint","urlTemplate":"https:\/\/www.swisssem.ch\/de\/?s={search_term_string}"},"query-input":{"@type":"PropertyValueSpecification","valueRequired":true,"valueName":"search_term_string"}}],"inLanguage":"fr-FR"},{"@type":"Organization","@id":"https:\/\/www.swisssem.ch\/de\/#organization","name":"swisssem saatgut schweiz","url":"https:\/\/www.swisssem.ch\/de\/","logo":{"@type":"ImageObject","inLanguage":"fr-FR","@id":"https:\/\/www.swisssem.ch\/de\/#\/schema\/logo\/image\/","url":"https:\/\/www.swisssem.ch\/wp-content\/uploads\/2020\/03\/Logo_swisssem_RGB-1.jpg","contentUrl":"https:\/\/www.swisssem.ch\/wp-content\/uploads\/2020\/03\/Logo_swisssem_RGB-1.jpg","width":1684,"height":430,"caption":"swisssem saatgut schweiz"},"image":{"@id":"https:\/\/www.swisssem.ch\/de\/#\/schema\/logo\/image\/"}}]}},"_links":{"self":[{"href":"https:\/\/www.swisssem.ch\/fr\/wp-json\/wp\/v2\/pages\/11317","targetHints":{"allow":["GET"]}}],"collection":[{"href":"https:\/\/www.swisssem.ch\/fr\/wp-json\/wp\/v2\/pages"}],"about":[{"href":"https:\/\/www.swisssem.ch\/fr\/wp-json\/wp\/v2\/types\/page"}],"author":[{"embeddable":true,"href":"https:\/\/www.swisssem.ch\/fr\/wp-json\/wp\/v2\/users\/6"}],"replies":[{"embeddable":true,"href":"https:\/\/www.swisssem.ch\/fr\/wp-json\/wp\/v2\/comments?post=11317"}],"version-history":[{"count":3,"href":"https:\/\/www.swisssem.ch\/fr\/wp-json\/wp\/v2\/pages\/11317\/revisions"}],"predecessor-version":[{"id":11320,"href":"https:\/\/www.swisssem.ch\/fr\/wp-json\/wp\/v2\/pages\/11317\/revisions\/11320"}],"up":[{"embeddable":true,"href":"https:\/\/www.swisssem.ch\/fr\/wp-json\/wp\/v2\/pages\/11274"}],"wp:attachment":[{"href":"https:\/\/www.swisssem.ch\/fr\/wp-json\/wp\/v2\/media?parent=11317"}],"curies":[{"name":"wp","href":"https:\/\/api.w.org\/{rel}","templated":true}]}}