{"id":11282,"date":"2024-02-06T14:55:00","date_gmt":"2024-02-06T13:55:00","guid":{"rendered":"https:\/\/www.swisssem.ch\/?page_id=11282"},"modified":"2024-02-06T15:03:38","modified_gmt":"2024-02-06T14:03:38","slug":"allocution-2024","status":"publish","type":"page","link":"https:\/\/www.swisssem.ch\/fr\/espace-membres\/archiv_newsletter\/newsletter-fevrier-2024\/allocution-2024\/","title":{"rendered":"Discours d&rsquo;ouverture 2024"},"content":{"rendered":"\n<div class=\"wp-block-columns is-layout-flex wp-container-core-columns-is-layout-9d6595d7 wp-block-columns-is-layout-flex\">\n<div class=\"wp-block-column is-layout-flow wp-block-column-is-layout-flow\" style=\"flex-basis:33.33%\">\n<figure class=\"wp-block-image size-large\"><img loading=\"lazy\" decoding=\"async\" width=\"790\" height=\"919\" src=\"https:\/\/www.swisssem.ch\/wp-content\/uploads\/2024\/02\/lukas-2.jpg\" alt=\"\" class=\"wp-image-11262\" srcset=\"https:\/\/www.swisssem.ch\/wp-content\/uploads\/2024\/02\/lukas-2.jpg 790w, https:\/\/www.swisssem.ch\/wp-content\/uploads\/2024\/02\/lukas-2-258x300.jpg 258w, https:\/\/www.swisssem.ch\/wp-content\/uploads\/2024\/02\/lukas-2-768x893.jpg 768w\" sizes=\"auto, (max-width: 790px) 100vw, 790px\" \/><figcaption>Lukas de Rougemont<\/figcaption><\/figure>\n<\/div>\n\n\n\n<div class=\"wp-block-column is-layout-flow wp-block-column-is-layout-flow\" style=\"flex-basis:66.66%\">\n<h2 class=\"wp-block-heading\">Allocution du Pr\u00e9sident <br>Assembl\u00e9e des d\u00e9l\u00e9gu\u00e9s &#8211; 31.01.2024<\/h2>\n<\/div>\n<\/div>\n\n\n\n<p>L&rsquo;ann\u00e9e derni\u00e8re, nous, producteurs de semences et de plants, avons \u00e0 nouveau \u00e9t\u00e9 confront\u00e9s \u00e0 quelques obstacles. Tout d&rsquo;abord, un printemps humide nous a demand\u00e9 beaucoup de patience. Les semis et plantations tardifs \u00e0 tr\u00e8s tardifs de ma\u00efs, de soja et de pommes de terre ont \u00e9t\u00e9 suivis d&rsquo;un \u00e9t\u00e9 sec et chaud. Cela n&rsquo;a pas favoris\u00e9 les cultures de pommes de terre. Si la r\u00e9colte de nos c\u00e9r\u00e9ales a donn\u00e9 des rendements satisfaisants et d&rsquo;excellente qualit\u00e9, les producteurs de plants de pommes de terre ont, en revanche, fait la grimace lors des estimations de r\u00e9colte. Une r\u00e9colte d\u00e9cevante pour la troisi\u00e8me ann\u00e9e cons\u00e9cutive&nbsp;: des plantations trop tardives avec trop de compromis accept\u00e9s, la s\u00e9cheresse estivale et de nombreux refus dus aux viroses. swisssem doit se contenter de la plus petite r\u00e9colte de plants de pommes de terre depuis sa cr\u00e9ation. Par cons\u00e9quent, ce th\u00e8me est actuellement dominant chez swisssem et dans toute la branche de la pomme de terre. Je me permets donc de m&rsquo;\u00e9tendre un peu sur ce sujet.<\/p>\n\n\n\n<p>Le manque de plants n&rsquo;est pas une \u00a0\u00bb pr\u00e9occupation interne \u00e0 swisssem \u00ab\u00a0, une \u00a0\u00bb affaire de famille \u00a0\u00bb entre les producteurs de plants et les \u00e9tablissements multiplicateurs. Non, cela a pris une dimension bien plus importante. Ces jours-ci, on nous montre clairement ce que cela signifie lorsque nous, producteurs de plants, ne pouvons remplir que partiellement notre mission. \u00c0 la diminution de la motivation de cultiver des plants de pommes de terre en Suisse, un ph\u00e9nom\u00e8ne encore tr\u00e8s r\u00e9cent, s&rsquo;ajoute un nouveau facteur, \u00e0 savoir une p\u00e9nurie de l&rsquo;offre de plants de pommes de terre dans toute l&rsquo;Europe. La soupape \u00ab\u00a0importation\u00a0\u00bb, jusqu&rsquo;\u00e0 pr\u00e9sent toujours fiable, est partiellement d\u00e9ficiente.<\/p>\n\n\n\n<p>Ce n&rsquo;est pas une question de pouvoir d&rsquo;achat ou de prix, non, la marchandise n&rsquo;est tout simplement pas disponible. Il est d\u00e9j\u00e0 question de \u00ab\u00a0plants de secours\u00a0\u00bb, c&rsquo;est-\u00e0-dire de pommes de terre de consommation qui doivent \u00eatre utilis\u00e9es comme plants. Nous constatons que la nervosit\u00e9 s\u2019\u00e9tend \u00e0 tout le secteur. \u00c0 juste titre, car un manque \u00e0 gagner menace \u00e0 tous les niveaux de la cha\u00eene de cr\u00e9ation de valeur et la s\u00e9curit\u00e9 de l&rsquo;approvisionnement est en partie menac\u00e9e. Le fait que le march\u00e9 ne puisse pas \u00eatre approvisionn\u00e9 en quantit\u00e9s suffisantes avec des plants certifi\u00e9s serait en soi d\u00e9j\u00e0 suffisamment ennuyeux. Mais pour nous, producteurs de plants, le manque de lots de multiplication, qui ne peuvent pas \u00eatre obtenus en Suisse ou en Europe, ou seulement tr\u00e8s difficilement, est bien plus tragique. Les surfaces des producteurs de plants motiv\u00e9s ne peuvent donc pas \u00eatre plant\u00e9es en raison de ce manque de plants. Si la situation des importations reste tendue \u00e0 l&rsquo;avenir, cette probl\u00e9matique se r\u00e9p\u00e9tera l&rsquo;ann\u00e9e prochaine et s&rsquo;aggravera probablement encore. Je n&rsquo;ai pas besoin de vous expliquer l&rsquo;effet de multiplication.<\/p>\n\n\n\n<p>Cela montre clairement l&rsquo;importance, la port\u00e9e strat\u00e9gique d&rsquo;une production indig\u00e8ne de vari\u00e9t\u00e9s. Chaque effort au service de la production de plants de pr\u00e9-base, qu&rsquo;il s&rsquo;agisse du travail en milieu aseptis\u00e9 de Daniel Page avec la micropropagation, de la culture laborieuse en caissettes sous serre prot\u00e9g\u00e9e, des muscles douloureux et des mains endolories par la pose de filets de protection pour la culture sous tunnel : chaque geste a \u00e9t\u00e9 r\u00e9compens\u00e9. Je rends hommage \u00e0 tous ceux qui s&rsquo;y investissent et les remercie, au nom de swisssem, pour leur engagement suppl\u00e9mentaire ! Cet important travail de d\u00e9veloppement, enti\u00e8rement entre nos mains, constituera \u00e9galement \u00e0 l&rsquo;avenir une base solide pour une disponibilit\u00e9 fiable des plants au profit des producteurs de pommes de terre et de toute la branche. Oui, les solutions ne tombent pas du ciel, mais nous devons nous-m\u00eames trouver des solutions.<\/p>\n\n\n\n<p>swisssem s&rsquo;est fix\u00e9 pour objectif d&rsquo;analyser la situation difficile de la production de plants de pommes de terre et en particulier le d\u00e9couragement de nos producteurs. Nous avons besoin d&rsquo;une \u00e9valuation s\u00e9rieuse de la situation. Logiquement, nous n&rsquo;avons que peu, voire pas d&rsquo;influence sur la m\u00e9t\u00e9o et le climat qui, en fin de compte, remplissent nos paloxes, mais d&rsquo;autres facteurs int\u00e9ressants vont se r\u00e9v\u00e9ler, pour lesquels nous esp\u00e9rons disposer d&rsquo;une plus grande marge de man\u0153uvre afin d&rsquo;inverser la tendance. \u00c0 cet \u00e9gard, les augmentations de prix des plants d\u00e9cid\u00e9es par swisssem \u00e0 partir de la r\u00e9colte 2022 vont dans la bonne direction et sont soutenues par la branche. Parall\u00e8lement, nous demandons avec insistance une augmentation des contributions aux cultures particuli\u00e8res pour la production de plants, mais aussi pour la production de semences de gramin\u00e9es, de tr\u00e8fle, de ma\u00efs et aussi de c\u00e9r\u00e9ales. Nous sommes reconnaissants pour le partenariat et les pr\u00e9cieux services de l&rsquo;OFAG et en particulier d&rsquo;Agroscope, qui contr\u00f4le et fait respecter les exigences l\u00e9gales en mati\u00e8re de sant\u00e9 des plantes et atteste des normes de qualit\u00e9 \u00e9lev\u00e9es au moyen de la certification. Nous attendons avec impatience et confiance le renouvellement du contrat entre l&rsquo;OFAG et swisssem en ce qui concerne la d\u00e9l\u00e9gation des contr\u00f4les dans la production de plants de pommes de terre, m\u00eame si un round de n\u00e9gociations suppl\u00e9mentaire est encore n\u00e9cessaire dans ce dossier.<\/p>\n\n\n\n<p>swisssem s&rsquo;est fix\u00e9 pour objectif de cr\u00e9er les meilleures conditions cadres possibles pour ses membres, afin qu&rsquo;une production rentable de semences et de plants soit \u00e9galement assur\u00e9e \u00e0 l&rsquo;avenir. Pour cela, nous avons besoin &#8211; et j&rsquo;en arrive \u00e0 la fin de mon intervention &#8211; d&rsquo;une politique agricole fiable qui ne se contente pas de promouvoir l&rsquo;extensification de mani\u00e8re unilat\u00e9rale et id\u00e9ologique, mais qui prenne \u00e0 nouveau conscience de l&rsquo;importance de la production v\u00e9g\u00e9tale et en particulier des grandes cultures pour l&rsquo;ensemble de l&rsquo;\u00e9conomie alimentaire et qui assume ses responsabilit\u00e9s. Le fait que le peuple suisse doive voter cette ann\u00e9e une nouvelle fois sur une demande d&rsquo;extensification extr\u00eame, l&rsquo;initiative dite \u00ab\u00a0Biodiversit\u00e9\u00a0\u00bb, nous montre de mani\u00e8re exemplaire \u00e0 quel point nos exploitations agricoles sont sous pression. Et ce, \u00e0 tort ! Je suis convaincu que swisssem, avec les principales organisations de grandes cultures, mais aussi l&rsquo;Union suisse des paysans, a le devoir de s&rsquo;unir et de faire entendre sa voix.<\/p>\n\n\n\n<p>Cela peut para\u00eetre un peu path\u00e9tique, mais c&rsquo;est n\u00e9cessaire, car je pense que certains signes des temps ne sont plus interpr\u00e9t\u00e9s correctement. Non pas que nous devions, \u00e0 l&rsquo;instar de nos coll\u00e8gues allemands avec les manifestations des agriculteurs, renverser un gouvernement incapable. Non, mais nous devons montrer le mieux possible ce dont nous avons besoin, en partant de la base et en nous adressant \u00e0 la politique, \u00e0 l&rsquo;administration, aux m\u00e9dias et aux consommateurs. Nous devons expliquer o\u00f9 nous m\u00e8nera la ligne de conduite choisie, \u00e0 savoir des baisses de prix, une liste d&rsquo;intrants r\u00e9duite, une biodiversit\u00e9 suppl\u00e9mentaire et une structure de paiements directs compliqu\u00e9e. Elle conduit clairement \u00e0 un affaiblissement des grandes cultures suisses avec une perte de valeur ajout\u00e9e sur un large front, une d\u00e9pendance accrue vis-\u00e0-vis des denr\u00e9es alimentaires \u00e9trang\u00e8res et la restructuration de nombreuses exploitations. Une telle \u00e9volution n&rsquo;est pas dans l&rsquo;int\u00e9r\u00eat d&rsquo;un secteur \u00ab&nbsp;grande culture&nbsp;\u00bb fort et diversifi\u00e9 au service de la s\u00e9curit\u00e9 alimentaire, conform\u00e9ment \u00e0 l&rsquo;art. 104a de la Constitution f\u00e9d\u00e9rale. Il n\u2019est pas non plus dans l&rsquo;int\u00e9r\u00eat de notre F\u00e9d\u00e9ration des producteurs de semences, o\u00f9 nous devons continuer \u00e0 compter sur des volumes de r\u00e9colte pr\u00e9visibles et une qualit\u00e9 aussi constante que possible.<\/p>\n\n\n\n<p>Je suis convaincu que la crise actuelle des plants de pommes de terre aura finalement aussi son c\u00f4t\u00e9 positif. Si elles sont bien comprises, les crises peuvent aussi \u00eatre porteuses des germes de la solution. Nous sommes demand\u00e9s et sollicit\u00e9s, notre travail est appr\u00e9ci\u00e9, nous sommes tr\u00e8s bien organis\u00e9s au niveau r\u00e9gional et national. Nous sommes une partie notoire de la solution. <br>Je d\u00e9clare ainsi ouverte la 102e assembl\u00e9e des d\u00e9l\u00e9gu\u00e9s<\/p>\n","protected":false},"excerpt":{"rendered":"<p>Allocution du Pr\u00e9sident Assembl\u00e9e des d\u00e9l\u00e9gu\u00e9s &#8211; 31.01.2024 L&rsquo;ann\u00e9e derni\u00e8re, nous, producteurs de semences et de plants, avons \u00e0 nouveau \u00e9t\u00e9 confront\u00e9s \u00e0 quelques obstacles. Tout d&rsquo;abord, un printemps humide nous a demand\u00e9 beaucoup de patience. Les semis et plantations tardifs \u00e0 tr\u00e8s tardifs de ma\u00efs, de soja et de pommes de terre ont \u00e9t\u00e9 [&hellip;]<\/p>\n","protected":false},"author":6,"featured_media":0,"parent":11274,"menu_order":28,"comment_status":"closed","ping_status":"closed","template":"","meta":{"_acf_changed":false,"footnotes":""},"class_list":["post-11282","page","type-page","status-publish","hentry"],"acf":[],"yoast_head":"<!-- This site is optimized with the Yoast SEO plugin v27.1.1 - https:\/\/yoast.com\/product\/yoast-seo-wordpress\/ -->\n<title>Discours d&#039;ouverture 2024 - swisssem semence suisse<\/title>\n<meta name=\"robots\" content=\"index, follow, max-snippet:-1, max-image-preview:large, max-video-preview:-1\" \/>\n<link rel=\"canonical\" href=\"https:\/\/www.swisssem.ch\/fr\/espace-membres\/archiv_newsletter\/newsletter-fevrier-2024\/allocution-2024\/\" \/>\n<meta property=\"og:locale\" content=\"fr_FR\" \/>\n<meta property=\"og:type\" content=\"article\" \/>\n<meta property=\"og:title\" content=\"Discours d&#039;ouverture 2024 - swisssem semence suisse\" \/>\n<meta property=\"og:description\" content=\"Allocution du Pr\u00e9sident Assembl\u00e9e des d\u00e9l\u00e9gu\u00e9s &#8211; 31.01.2024 L&rsquo;ann\u00e9e derni\u00e8re, nous, producteurs de semences et de plants, avons \u00e0 nouveau \u00e9t\u00e9 confront\u00e9s \u00e0 quelques obstacles. Tout d&rsquo;abord, un printemps humide nous a demand\u00e9 beaucoup de patience. Les semis et plantations tardifs \u00e0 tr\u00e8s tardifs de ma\u00efs, de soja et de pommes de terre ont \u00e9t\u00e9 [&hellip;]\" \/>\n<meta property=\"og:url\" content=\"https:\/\/www.swisssem.ch\/fr\/espace-membres\/archiv_newsletter\/newsletter-fevrier-2024\/allocution-2024\/\" \/>\n<meta property=\"og:site_name\" content=\"swisssem semence suisse\" \/>\n<meta property=\"article:modified_time\" content=\"2024-02-06T14:03:38+00:00\" \/>\n<meta property=\"og:image\" content=\"https:\/\/www.swisssem.ch\/wp-content\/uploads\/2024\/02\/lukas-2.jpg\" \/>\n<meta name=\"twitter:card\" content=\"summary_large_image\" \/>\n<meta name=\"twitter:label1\" content=\"Dur\u00e9e de lecture estim\u00e9e\" \/>\n\t<meta name=\"twitter:data1\" content=\"7 minutes\" \/>\n<script type=\"application\/ld+json\" class=\"yoast-schema-graph\">{\"@context\":\"https:\/\/schema.org\",\"@graph\":[{\"@type\":\"WebPage\",\"@id\":\"https:\/\/www.swisssem.ch\/fr\/espace-membres\/archiv_newsletter\/newsletter-fevrier-2024\/allocution-2024\/\",\"url\":\"https:\/\/www.swisssem.ch\/fr\/espace-membres\/archiv_newsletter\/newsletter-fevrier-2024\/allocution-2024\/\",\"name\":\"Discours d'ouverture 2024 - swisssem semence suisse\",\"isPartOf\":{\"@id\":\"https:\/\/www.swisssem.ch\/de\/#website\"},\"primaryImageOfPage\":{\"@id\":\"https:\/\/www.swisssem.ch\/fr\/espace-membres\/archiv_newsletter\/newsletter-fevrier-2024\/allocution-2024\/#primaryimage\"},\"image\":{\"@id\":\"https:\/\/www.swisssem.ch\/fr\/espace-membres\/archiv_newsletter\/newsletter-fevrier-2024\/allocution-2024\/#primaryimage\"},\"thumbnailUrl\":\"https:\/\/www.swisssem.ch\/wp-content\/uploads\/2024\/02\/lukas-2.jpg\",\"datePublished\":\"2024-02-06T13:55:00+00:00\",\"dateModified\":\"2024-02-06T14:03:38+00:00\",\"breadcrumb\":{\"@id\":\"https:\/\/www.swisssem.ch\/fr\/espace-membres\/archiv_newsletter\/newsletter-fevrier-2024\/allocution-2024\/#breadcrumb\"},\"inLanguage\":\"fr-FR\",\"potentialAction\":[{\"@type\":\"ReadAction\",\"target\":[\"https:\/\/www.swisssem.ch\/fr\/espace-membres\/archiv_newsletter\/newsletter-fevrier-2024\/allocution-2024\/\"]}]},{\"@type\":\"ImageObject\",\"inLanguage\":\"fr-FR\",\"@id\":\"https:\/\/www.swisssem.ch\/fr\/espace-membres\/archiv_newsletter\/newsletter-fevrier-2024\/allocution-2024\/#primaryimage\",\"url\":\"https:\/\/www.swisssem.ch\/wp-content\/uploads\/2024\/02\/lukas-2.jpg\",\"contentUrl\":\"https:\/\/www.swisssem.ch\/wp-content\/uploads\/2024\/02\/lukas-2.jpg\"},{\"@type\":\"BreadcrumbList\",\"@id\":\"https:\/\/www.swisssem.ch\/fr\/espace-membres\/archiv_newsletter\/newsletter-fevrier-2024\/allocution-2024\/#breadcrumb\",\"itemListElement\":[{\"@type\":\"ListItem\",\"position\":1,\"name\":\"Home\",\"item\":\"https:\/\/www.swisssem.ch\/fr\/\"},{\"@type\":\"ListItem\",\"position\":2,\"name\":\"Espace membres\",\"item\":\"https:\/\/www.swisssem.ch\/fr\/espace-membres\/\"},{\"@type\":\"ListItem\",\"position\":3,\"name\":\"Newsletters\",\"item\":\"https:\/\/www.swisssem.ch\/fr\/espace-membres\/archiv_newsletter\/\"},{\"@type\":\"ListItem\",\"position\":4,\"name\":\"Newsletter F\u00e9vrier 2024\",\"item\":\"https:\/\/www.swisssem.ch\/fr\/espace-membres\/archiv_newsletter\/newsletter-fevrier-2024\/\"},{\"@type\":\"ListItem\",\"position\":5,\"name\":\"Discours d&rsquo;ouverture 2024\"}]},{\"@type\":\"WebSite\",\"@id\":\"https:\/\/www.swisssem.ch\/de\/#website\",\"url\":\"https:\/\/www.swisssem.ch\/de\/\",\"name\":\"swisssem semence suisse\",\"description\":\"\",\"publisher\":{\"@id\":\"https:\/\/www.swisssem.ch\/de\/#organization\"},\"potentialAction\":[{\"@type\":\"SearchAction\",\"target\":{\"@type\":\"EntryPoint\",\"urlTemplate\":\"https:\/\/www.swisssem.ch\/de\/?s={search_term_string}\"},\"query-input\":{\"@type\":\"PropertyValueSpecification\",\"valueRequired\":true,\"valueName\":\"search_term_string\"}}],\"inLanguage\":\"fr-FR\"},{\"@type\":\"Organization\",\"@id\":\"https:\/\/www.swisssem.ch\/de\/#organization\",\"name\":\"swisssem saatgut schweiz\",\"url\":\"https:\/\/www.swisssem.ch\/de\/\",\"logo\":{\"@type\":\"ImageObject\",\"inLanguage\":\"fr-FR\",\"@id\":\"https:\/\/www.swisssem.ch\/de\/#\/schema\/logo\/image\/\",\"url\":\"https:\/\/www.swisssem.ch\/wp-content\/uploads\/2020\/03\/Logo_swisssem_RGB-1.jpg\",\"contentUrl\":\"https:\/\/www.swisssem.ch\/wp-content\/uploads\/2020\/03\/Logo_swisssem_RGB-1.jpg\",\"width\":1684,\"height\":430,\"caption\":\"swisssem saatgut schweiz\"},\"image\":{\"@id\":\"https:\/\/www.swisssem.ch\/de\/#\/schema\/logo\/image\/\"}}]}<\/script>\n<!-- \/ Yoast SEO plugin. -->","yoast_head_json":{"title":"Discours d'ouverture 2024 - swisssem semence suisse","robots":{"index":"index","follow":"follow","max-snippet":"max-snippet:-1","max-image-preview":"max-image-preview:large","max-video-preview":"max-video-preview:-1"},"canonical":"https:\/\/www.swisssem.ch\/fr\/espace-membres\/archiv_newsletter\/newsletter-fevrier-2024\/allocution-2024\/","og_locale":"fr_FR","og_type":"article","og_title":"Discours d'ouverture 2024 - swisssem semence suisse","og_description":"Allocution du Pr\u00e9sident Assembl\u00e9e des d\u00e9l\u00e9gu\u00e9s &#8211; 31.01.2024 L&rsquo;ann\u00e9e derni\u00e8re, nous, producteurs de semences et de plants, avons \u00e0 nouveau \u00e9t\u00e9 confront\u00e9s \u00e0 quelques obstacles. Tout d&rsquo;abord, un printemps humide nous a demand\u00e9 beaucoup de patience. Les semis et plantations tardifs \u00e0 tr\u00e8s tardifs de ma\u00efs, de soja et de pommes de terre ont \u00e9t\u00e9 [&hellip;]","og_url":"https:\/\/www.swisssem.ch\/fr\/espace-membres\/archiv_newsletter\/newsletter-fevrier-2024\/allocution-2024\/","og_site_name":"swisssem semence suisse","article_modified_time":"2024-02-06T14:03:38+00:00","og_image":[{"url":"https:\/\/www.swisssem.ch\/wp-content\/uploads\/2024\/02\/lukas-2.jpg","type":"","width":"","height":""}],"twitter_card":"summary_large_image","twitter_misc":{"Dur\u00e9e de lecture estim\u00e9e":"7 minutes"},"schema":{"@context":"https:\/\/schema.org","@graph":[{"@type":"WebPage","@id":"https:\/\/www.swisssem.ch\/fr\/espace-membres\/archiv_newsletter\/newsletter-fevrier-2024\/allocution-2024\/","url":"https:\/\/www.swisssem.ch\/fr\/espace-membres\/archiv_newsletter\/newsletter-fevrier-2024\/allocution-2024\/","name":"Discours d'ouverture 2024 - swisssem semence suisse","isPartOf":{"@id":"https:\/\/www.swisssem.ch\/de\/#website"},"primaryImageOfPage":{"@id":"https:\/\/www.swisssem.ch\/fr\/espace-membres\/archiv_newsletter\/newsletter-fevrier-2024\/allocution-2024\/#primaryimage"},"image":{"@id":"https:\/\/www.swisssem.ch\/fr\/espace-membres\/archiv_newsletter\/newsletter-fevrier-2024\/allocution-2024\/#primaryimage"},"thumbnailUrl":"https:\/\/www.swisssem.ch\/wp-content\/uploads\/2024\/02\/lukas-2.jpg","datePublished":"2024-02-06T13:55:00+00:00","dateModified":"2024-02-06T14:03:38+00:00","breadcrumb":{"@id":"https:\/\/www.swisssem.ch\/fr\/espace-membres\/archiv_newsletter\/newsletter-fevrier-2024\/allocution-2024\/#breadcrumb"},"inLanguage":"fr-FR","potentialAction":[{"@type":"ReadAction","target":["https:\/\/www.swisssem.ch\/fr\/espace-membres\/archiv_newsletter\/newsletter-fevrier-2024\/allocution-2024\/"]}]},{"@type":"ImageObject","inLanguage":"fr-FR","@id":"https:\/\/www.swisssem.ch\/fr\/espace-membres\/archiv_newsletter\/newsletter-fevrier-2024\/allocution-2024\/#primaryimage","url":"https:\/\/www.swisssem.ch\/wp-content\/uploads\/2024\/02\/lukas-2.jpg","contentUrl":"https:\/\/www.swisssem.ch\/wp-content\/uploads\/2024\/02\/lukas-2.jpg"},{"@type":"BreadcrumbList","@id":"https:\/\/www.swisssem.ch\/fr\/espace-membres\/archiv_newsletter\/newsletter-fevrier-2024\/allocution-2024\/#breadcrumb","itemListElement":[{"@type":"ListItem","position":1,"name":"Home","item":"https:\/\/www.swisssem.ch\/fr\/"},{"@type":"ListItem","position":2,"name":"Espace membres","item":"https:\/\/www.swisssem.ch\/fr\/espace-membres\/"},{"@type":"ListItem","position":3,"name":"Newsletters","item":"https:\/\/www.swisssem.ch\/fr\/espace-membres\/archiv_newsletter\/"},{"@type":"ListItem","position":4,"name":"Newsletter F\u00e9vrier 2024","item":"https:\/\/www.swisssem.ch\/fr\/espace-membres\/archiv_newsletter\/newsletter-fevrier-2024\/"},{"@type":"ListItem","position":5,"name":"Discours d&rsquo;ouverture 2024"}]},{"@type":"WebSite","@id":"https:\/\/www.swisssem.ch\/de\/#website","url":"https:\/\/www.swisssem.ch\/de\/","name":"swisssem semence suisse","description":"","publisher":{"@id":"https:\/\/www.swisssem.ch\/de\/#organization"},"potentialAction":[{"@type":"SearchAction","target":{"@type":"EntryPoint","urlTemplate":"https:\/\/www.swisssem.ch\/de\/?s={search_term_string}"},"query-input":{"@type":"PropertyValueSpecification","valueRequired":true,"valueName":"search_term_string"}}],"inLanguage":"fr-FR"},{"@type":"Organization","@id":"https:\/\/www.swisssem.ch\/de\/#organization","name":"swisssem saatgut schweiz","url":"https:\/\/www.swisssem.ch\/de\/","logo":{"@type":"ImageObject","inLanguage":"fr-FR","@id":"https:\/\/www.swisssem.ch\/de\/#\/schema\/logo\/image\/","url":"https:\/\/www.swisssem.ch\/wp-content\/uploads\/2020\/03\/Logo_swisssem_RGB-1.jpg","contentUrl":"https:\/\/www.swisssem.ch\/wp-content\/uploads\/2020\/03\/Logo_swisssem_RGB-1.jpg","width":1684,"height":430,"caption":"swisssem saatgut schweiz"},"image":{"@id":"https:\/\/www.swisssem.ch\/de\/#\/schema\/logo\/image\/"}}]}},"_links":{"self":[{"href":"https:\/\/www.swisssem.ch\/fr\/wp-json\/wp\/v2\/pages\/11282","targetHints":{"allow":["GET"]}}],"collection":[{"href":"https:\/\/www.swisssem.ch\/fr\/wp-json\/wp\/v2\/pages"}],"about":[{"href":"https:\/\/www.swisssem.ch\/fr\/wp-json\/wp\/v2\/types\/page"}],"author":[{"embeddable":true,"href":"https:\/\/www.swisssem.ch\/fr\/wp-json\/wp\/v2\/users\/6"}],"replies":[{"embeddable":true,"href":"https:\/\/www.swisssem.ch\/fr\/wp-json\/wp\/v2\/comments?post=11282"}],"version-history":[{"count":3,"href":"https:\/\/www.swisssem.ch\/fr\/wp-json\/wp\/v2\/pages\/11282\/revisions"}],"predecessor-version":[{"id":11286,"href":"https:\/\/www.swisssem.ch\/fr\/wp-json\/wp\/v2\/pages\/11282\/revisions\/11286"}],"up":[{"embeddable":true,"href":"https:\/\/www.swisssem.ch\/fr\/wp-json\/wp\/v2\/pages\/11274"}],"wp:attachment":[{"href":"https:\/\/www.swisssem.ch\/fr\/wp-json\/wp\/v2\/media?parent=11282"}],"curies":[{"name":"wp","href":"https:\/\/api.w.org\/{rel}","templated":true}]}}