{"id":11274,"date":"2024-02-06T15:01:32","date_gmt":"2024-02-06T14:01:32","guid":{"rendered":"https:\/\/www.swisssem.ch\/?page_id=11274"},"modified":"2024-02-07T09:42:10","modified_gmt":"2024-02-07T08:42:10","slug":"newsletter-fevrier-2024","status":"publish","type":"page","link":"https:\/\/www.swisssem.ch\/fr\/espace-membres\/archiv_newsletter\/newsletter-fevrier-2024\/","title":{"rendered":"Newsletter F\u00e9vrier 2024"},"content":{"rendered":"\n<h2 class=\"wp-block-heading\">Assembl\u00e9e des d\u00e9l\u00e9gu\u00e9s 2024<\/h2>\n\n\n\n<p>Les d\u00e9l\u00e9gu\u00e9s se sont r\u00e9unis le 31 janvier \u00e0 Morat pour la 102<sup>\u00e8me<\/sup> assembl\u00e9e de la F\u00e9d\u00e9ration suisse des producteurs de semences \u2013 swisssem.<\/p>\n\n\n\n<div class=\"wp-block-columns is-layout-flex wp-container-core-columns-is-layout-9d6595d7 wp-block-columns-is-layout-flex\">\n<div class=\"wp-block-column is-layout-flow wp-block-column-is-layout-flow\" style=\"flex-basis:33.33%\">\n<figure class=\"wp-block-image size-large is-resized\"><img loading=\"lazy\" decoding=\"async\" src=\"https:\/\/www.swisssem.ch\/wp-content\/uploads\/2024\/02\/lukas-2.jpg\" alt=\"\" class=\"wp-image-11262\" width=\"155\" height=\"180\" srcset=\"https:\/\/www.swisssem.ch\/wp-content\/uploads\/2024\/02\/lukas-2.jpg 790w, https:\/\/www.swisssem.ch\/wp-content\/uploads\/2024\/02\/lukas-2-258x300.jpg 258w, https:\/\/www.swisssem.ch\/wp-content\/uploads\/2024\/02\/lukas-2-768x893.jpg 768w\" sizes=\"auto, (max-width: 155px) 100vw, 155px\" \/><figcaption>Lukas de Rougemont,<br>Pr\u00e9sident de swisssem<\/figcaption><\/figure>\n<\/div>\n\n\n\n<div class=\"wp-block-column is-layout-flow wp-block-column-is-layout-flow\" style=\"flex-basis:66.66%\">\n<p>Dans son <a href=\"https:\/\/www.swisssem.ch\/fr\/espace-membres\/archiv_newsletter\/newsletter-fevrier-2024\/allocution-2024\/\">discours d\u2019ouverture<\/a>, le <strong>pr\u00e9sident Lukas deRougemont<\/strong> a fait part de son inqui\u00e9tude quant aux d\u00e9fis auxquels sont confront\u00e9s les producteurs de semences et plants. Il a mis l\u2019accent sur la difficult\u00e9 \u00e0 approvisionner le march\u00e9 suisse en plants de pommes de terre. Le manque de plants a pris une dimension importante. \u00c0 la diminution de la motivation de cultiver des plants en Suisse, un ph\u00e9nom\u00e8ne encore tr\u00e8s r\u00e9cent, s&rsquo;ajoute un nouveau facteur, \u00e0 savoir une p\u00e9nurie de l&rsquo;offre de plants de pommes de terre dans toute l&rsquo;Europe.<br>swisssem s&rsquo;efforce de cr\u00e9er les meilleures conditions possibles pour ses membres, afin de garantir \u00e0 l&rsquo;avenir une production rentable de semences et de plants. Pour ce faire, il faut, selon le pr\u00e9sident, une politique agricole fiable qui ne se contente pas de promouvoir l&rsquo;extensification de mani\u00e8re unilat\u00e9rale et id\u00e9ologique, mais qui prenne \u00e0 nouveau conscience de l&rsquo;importance de la production v\u00e9g\u00e9tale, et plus particuli\u00e8rement de la culture des champs, pour l&rsquo;ensemble de l&rsquo;\u00e9conomie alimentaire et qui assume ses responsabilit\u00e9s.<br><strong><a href=\"https:\/\/www.swisssem.ch\/fr\/espace-membres\/archiv_newsletter\/newsletter-fevrier-2024\/allocution-2024\/\">Lire plus<\/a><\/strong><\/p>\n<\/div>\n<\/div>\n\n\n\n<h2 class=\"wp-block-heading\">Actualit\u00e9s de la r\u00e9colte 2023<\/h2>\n\n\n\n<div class=\"wp-block-columns is-layout-flex wp-container-core-columns-is-layout-9d6595d7 wp-block-columns-is-layout-flex\">\n<div class=\"wp-block-column is-layout-flow wp-block-column-is-layout-flow\" style=\"flex-basis:33.33%\">\n<figure class=\"wp-block-image size-large is-resized\"><img loading=\"lazy\" decoding=\"async\" src=\"https:\/\/www.swisssem.ch\/wp-content\/uploads\/2024\/02\/ruf-2-689x1024.jpg\" alt=\"\" class=\"wp-image-11266\" width=\"121\" height=\"180\" srcset=\"https:\/\/www.swisssem.ch\/wp-content\/uploads\/2024\/02\/ruf-2-689x1024.jpg 689w, https:\/\/www.swisssem.ch\/wp-content\/uploads\/2024\/02\/ruf-2-202x300.jpg 202w, https:\/\/www.swisssem.ch\/wp-content\/uploads\/2024\/02\/ruf-2.jpg 699w\" sizes=\"auto, (max-width: 121px) 100vw, 121px\" \/><figcaption>Christof R\u00fcfenacht,<br>g\u00e9rant de swisssem<\/figcaption><\/figure>\n\n\n\n<p><\/p>\n<\/div>\n\n\n\n<div class=\"wp-block-column is-layout-flow wp-block-column-is-layout-flow\" style=\"flex-basis:66.66%\">\n<p><strong>Le g\u00e9rant, Christof R\u00fcfenacht<\/strong>, a confirm\u00e9 les propos alarmants du pr\u00e9sident. Depuis 2020 les surfaces de multiplication de <strong>plants de pommes de terre<\/strong> diminuent, tout d\u2019abord lentement et maintenant de mani\u00e8re acc\u00e9l\u00e9r\u00e9e. Les causes, comme toujours, sont multiples. Mais il y a tout de m\u00eame une cause profonde que nous ne pouvons pas ignorer. Le climat change.<br>Le g\u00e9rant a donn\u00e9 quelques informations sur la situation actuelle de la r\u00e9colte 2023.<br><a href=\"https:\/\/www.swisssem.ch\/fr\/espace-membres\/archiv_newsletter\/newsletter-fevrier-2024\/actualites-de-la-recolte-2023\/\">Lire plus<\/a><\/p>\n<\/div>\n<\/div>\n\n\n\n<h2 class=\"wp-block-heading\">Informations de DSP SA<\/h2>\n\n\n\n<div class=\"wp-block-columns is-layout-flex wp-container-core-columns-is-layout-9d6595d7 wp-block-columns-is-layout-flex\">\n<div class=\"wp-block-column is-layout-flow wp-block-column-is-layout-flow\" style=\"flex-basis:33.33%\">\n<figure class=\"wp-block-image size-medium is-resized\"><img decoding=\"async\" src=\"https:\/\/www.swisssem.ch\/wp-content\/uploads\/2024\/02\/Ochsenbein_2024-1-295x300.jpg\" alt=\"\" class=\"wp-image-11264\" width=\"175\" srcset=\"https:\/\/www.swisssem.ch\/wp-content\/uploads\/2024\/02\/Ochsenbein_2024-1-295x300.jpg 295w, https:\/\/www.swisssem.ch\/wp-content\/uploads\/2024\/02\/Ochsenbein_2024-1-1007x1024.jpg 1007w, https:\/\/www.swisssem.ch\/wp-content\/uploads\/2024\/02\/Ochsenbein_2024-1-768x781.jpg 768w, https:\/\/www.swisssem.ch\/wp-content\/uploads\/2024\/02\/Ochsenbein_2024-1-1510x1536.jpg 1510w, https:\/\/www.swisssem.ch\/wp-content\/uploads\/2024\/02\/Ochsenbein_2024-1-2013x2048.jpg 2013w\" sizes=\"(max-width: 295px) 100vw, 295px\" \/><figcaption>Christian Ochsenbein,<br>DSP SA<\/figcaption><\/figure>\n<\/div>\n\n\n\n<div class=\"wp-block-column is-layout-flow wp-block-column-is-layout-flow\" style=\"flex-basis:66.66%\">\n<p><strong>Christian Ochsenbein<\/strong>, pr\u00e9sident de la direction de DSP SA, a pr\u00e9sent\u00e9 l\u2019avancement des travaux de renouvellement et d\u2019extension des infrastructures. <strong>Une journ\u00e9e portes ouvertes aura lieu le samedi 8 juin 2024 <\/strong>pourinaugurer les nouveaux b\u00e2timents et c\u00e9l\u00e9brer les 30 ans de DSP SA. Vous trouverez de plus amples informations sur cet \u00e9v\u00e9nement sur<a href=\"https:\/\/www.dsp-delley.ch\/fr\/\"> www.dsp-delley.ch<\/a> en temps utile.<\/p>\n<\/div>\n<\/div>\n\n\n\n<p><\/p>\n","protected":false},"excerpt":{"rendered":"<p>Assembl\u00e9e des d\u00e9l\u00e9gu\u00e9s 2024 Les d\u00e9l\u00e9gu\u00e9s se sont r\u00e9unis le 31 janvier \u00e0 Morat pour la 102\u00e8me assembl\u00e9e de la F\u00e9d\u00e9ration suisse des producteurs de semences \u2013 swisssem. Dans son discours d\u2019ouverture, le pr\u00e9sident Lukas deRougemont a fait part de son inqui\u00e9tude quant aux d\u00e9fis auxquels sont confront\u00e9s les producteurs de semences et plants. Il [&hellip;]<\/p>\n","protected":false},"author":6,"featured_media":0,"parent":5364,"menu_order":30,"comment_status":"closed","ping_status":"closed","template":"","meta":{"_acf_changed":false,"footnotes":""},"class_list":["post-11274","page","type-page","status-publish","hentry"],"acf":[],"yoast_head":"<!-- This site is optimized with the Yoast SEO plugin v27.1.1 - https:\/\/yoast.com\/product\/yoast-seo-wordpress\/ -->\n<title>Newsletter F\u00e9vrier 2024 - swisssem semence suisse<\/title>\n<meta name=\"robots\" content=\"index, follow, max-snippet:-1, max-image-preview:large, max-video-preview:-1\" \/>\n<link rel=\"canonical\" href=\"https:\/\/www.swisssem.ch\/fr\/espace-membres\/archiv_newsletter\/newsletter-fevrier-2024\/\" \/>\n<meta property=\"og:locale\" content=\"fr_FR\" \/>\n<meta property=\"og:type\" content=\"article\" \/>\n<meta property=\"og:title\" content=\"Newsletter F\u00e9vrier 2024 - swisssem semence suisse\" \/>\n<meta property=\"og:description\" content=\"Assembl\u00e9e des d\u00e9l\u00e9gu\u00e9s 2024 Les d\u00e9l\u00e9gu\u00e9s se sont r\u00e9unis le 31 janvier \u00e0 Morat pour la 102\u00e8me assembl\u00e9e de la F\u00e9d\u00e9ration suisse des producteurs de semences \u2013 swisssem. Dans son discours d\u2019ouverture, le pr\u00e9sident Lukas deRougemont a fait part de son inqui\u00e9tude quant aux d\u00e9fis auxquels sont confront\u00e9s les producteurs de semences et plants. Il [&hellip;]\" \/>\n<meta property=\"og:url\" content=\"https:\/\/www.swisssem.ch\/fr\/espace-membres\/archiv_newsletter\/newsletter-fevrier-2024\/\" \/>\n<meta property=\"og:site_name\" content=\"swisssem semence suisse\" \/>\n<meta property=\"article:modified_time\" content=\"2024-02-07T08:42:10+00:00\" \/>\n<meta property=\"og:image\" content=\"https:\/\/www.swisssem.ch\/wp-content\/uploads\/2024\/02\/lukas-2.jpg\" \/>\n<meta name=\"twitter:card\" content=\"summary_large_image\" \/>\n<meta name=\"twitter:label1\" content=\"Dur\u00e9e de lecture estim\u00e9e\" \/>\n\t<meta name=\"twitter:data1\" content=\"2 minutes\" \/>\n<script type=\"application\/ld+json\" class=\"yoast-schema-graph\">{\"@context\":\"https:\/\/schema.org\",\"@graph\":[{\"@type\":\"WebPage\",\"@id\":\"https:\/\/www.swisssem.ch\/fr\/espace-membres\/archiv_newsletter\/newsletter-fevrier-2024\/\",\"url\":\"https:\/\/www.swisssem.ch\/fr\/espace-membres\/archiv_newsletter\/newsletter-fevrier-2024\/\",\"name\":\"Newsletter F\u00e9vrier 2024 - swisssem semence suisse\",\"isPartOf\":{\"@id\":\"https:\/\/www.swisssem.ch\/de\/#website\"},\"primaryImageOfPage\":{\"@id\":\"https:\/\/www.swisssem.ch\/fr\/espace-membres\/archiv_newsletter\/newsletter-fevrier-2024\/#primaryimage\"},\"image\":{\"@id\":\"https:\/\/www.swisssem.ch\/fr\/espace-membres\/archiv_newsletter\/newsletter-fevrier-2024\/#primaryimage\"},\"thumbnailUrl\":\"https:\/\/www.swisssem.ch\/wp-content\/uploads\/2024\/02\/lukas-2.jpg\",\"datePublished\":\"2024-02-06T14:01:32+00:00\",\"dateModified\":\"2024-02-07T08:42:10+00:00\",\"breadcrumb\":{\"@id\":\"https:\/\/www.swisssem.ch\/fr\/espace-membres\/archiv_newsletter\/newsletter-fevrier-2024\/#breadcrumb\"},\"inLanguage\":\"fr-FR\",\"potentialAction\":[{\"@type\":\"ReadAction\",\"target\":[\"https:\/\/www.swisssem.ch\/fr\/espace-membres\/archiv_newsletter\/newsletter-fevrier-2024\/\"]}]},{\"@type\":\"ImageObject\",\"inLanguage\":\"fr-FR\",\"@id\":\"https:\/\/www.swisssem.ch\/fr\/espace-membres\/archiv_newsletter\/newsletter-fevrier-2024\/#primaryimage\",\"url\":\"https:\/\/www.swisssem.ch\/wp-content\/uploads\/2024\/02\/lukas-2.jpg\",\"contentUrl\":\"https:\/\/www.swisssem.ch\/wp-content\/uploads\/2024\/02\/lukas-2.jpg\"},{\"@type\":\"BreadcrumbList\",\"@id\":\"https:\/\/www.swisssem.ch\/fr\/espace-membres\/archiv_newsletter\/newsletter-fevrier-2024\/#breadcrumb\",\"itemListElement\":[{\"@type\":\"ListItem\",\"position\":1,\"name\":\"Home\",\"item\":\"https:\/\/www.swisssem.ch\/fr\/\"},{\"@type\":\"ListItem\",\"position\":2,\"name\":\"Espace membres\",\"item\":\"https:\/\/www.swisssem.ch\/fr\/espace-membres\/\"},{\"@type\":\"ListItem\",\"position\":3,\"name\":\"Newsletters\",\"item\":\"https:\/\/www.swisssem.ch\/fr\/espace-membres\/archiv_newsletter\/\"},{\"@type\":\"ListItem\",\"position\":4,\"name\":\"Newsletter F\u00e9vrier 2024\"}]},{\"@type\":\"WebSite\",\"@id\":\"https:\/\/www.swisssem.ch\/de\/#website\",\"url\":\"https:\/\/www.swisssem.ch\/de\/\",\"name\":\"swisssem semence suisse\",\"description\":\"\",\"publisher\":{\"@id\":\"https:\/\/www.swisssem.ch\/de\/#organization\"},\"potentialAction\":[{\"@type\":\"SearchAction\",\"target\":{\"@type\":\"EntryPoint\",\"urlTemplate\":\"https:\/\/www.swisssem.ch\/de\/?s={search_term_string}\"},\"query-input\":{\"@type\":\"PropertyValueSpecification\",\"valueRequired\":true,\"valueName\":\"search_term_string\"}}],\"inLanguage\":\"fr-FR\"},{\"@type\":\"Organization\",\"@id\":\"https:\/\/www.swisssem.ch\/de\/#organization\",\"name\":\"swisssem saatgut schweiz\",\"url\":\"https:\/\/www.swisssem.ch\/de\/\",\"logo\":{\"@type\":\"ImageObject\",\"inLanguage\":\"fr-FR\",\"@id\":\"https:\/\/www.swisssem.ch\/de\/#\/schema\/logo\/image\/\",\"url\":\"https:\/\/www.swisssem.ch\/wp-content\/uploads\/2020\/03\/Logo_swisssem_RGB-1.jpg\",\"contentUrl\":\"https:\/\/www.swisssem.ch\/wp-content\/uploads\/2020\/03\/Logo_swisssem_RGB-1.jpg\",\"width\":1684,\"height\":430,\"caption\":\"swisssem saatgut schweiz\"},\"image\":{\"@id\":\"https:\/\/www.swisssem.ch\/de\/#\/schema\/logo\/image\/\"}}]}<\/script>\n<!-- \/ Yoast SEO plugin. -->","yoast_head_json":{"title":"Newsletter F\u00e9vrier 2024 - swisssem semence suisse","robots":{"index":"index","follow":"follow","max-snippet":"max-snippet:-1","max-image-preview":"max-image-preview:large","max-video-preview":"max-video-preview:-1"},"canonical":"https:\/\/www.swisssem.ch\/fr\/espace-membres\/archiv_newsletter\/newsletter-fevrier-2024\/","og_locale":"fr_FR","og_type":"article","og_title":"Newsletter F\u00e9vrier 2024 - swisssem semence suisse","og_description":"Assembl\u00e9e des d\u00e9l\u00e9gu\u00e9s 2024 Les d\u00e9l\u00e9gu\u00e9s se sont r\u00e9unis le 31 janvier \u00e0 Morat pour la 102\u00e8me assembl\u00e9e de la F\u00e9d\u00e9ration suisse des producteurs de semences \u2013 swisssem. Dans son discours d\u2019ouverture, le pr\u00e9sident Lukas deRougemont a fait part de son inqui\u00e9tude quant aux d\u00e9fis auxquels sont confront\u00e9s les producteurs de semences et plants. Il [&hellip;]","og_url":"https:\/\/www.swisssem.ch\/fr\/espace-membres\/archiv_newsletter\/newsletter-fevrier-2024\/","og_site_name":"swisssem semence suisse","article_modified_time":"2024-02-07T08:42:10+00:00","og_image":[{"url":"https:\/\/www.swisssem.ch\/wp-content\/uploads\/2024\/02\/lukas-2.jpg","type":"","width":"","height":""}],"twitter_card":"summary_large_image","twitter_misc":{"Dur\u00e9e de lecture estim\u00e9e":"2 minutes"},"schema":{"@context":"https:\/\/schema.org","@graph":[{"@type":"WebPage","@id":"https:\/\/www.swisssem.ch\/fr\/espace-membres\/archiv_newsletter\/newsletter-fevrier-2024\/","url":"https:\/\/www.swisssem.ch\/fr\/espace-membres\/archiv_newsletter\/newsletter-fevrier-2024\/","name":"Newsletter F\u00e9vrier 2024 - swisssem semence suisse","isPartOf":{"@id":"https:\/\/www.swisssem.ch\/de\/#website"},"primaryImageOfPage":{"@id":"https:\/\/www.swisssem.ch\/fr\/espace-membres\/archiv_newsletter\/newsletter-fevrier-2024\/#primaryimage"},"image":{"@id":"https:\/\/www.swisssem.ch\/fr\/espace-membres\/archiv_newsletter\/newsletter-fevrier-2024\/#primaryimage"},"thumbnailUrl":"https:\/\/www.swisssem.ch\/wp-content\/uploads\/2024\/02\/lukas-2.jpg","datePublished":"2024-02-06T14:01:32+00:00","dateModified":"2024-02-07T08:42:10+00:00","breadcrumb":{"@id":"https:\/\/www.swisssem.ch\/fr\/espace-membres\/archiv_newsletter\/newsletter-fevrier-2024\/#breadcrumb"},"inLanguage":"fr-FR","potentialAction":[{"@type":"ReadAction","target":["https:\/\/www.swisssem.ch\/fr\/espace-membres\/archiv_newsletter\/newsletter-fevrier-2024\/"]}]},{"@type":"ImageObject","inLanguage":"fr-FR","@id":"https:\/\/www.swisssem.ch\/fr\/espace-membres\/archiv_newsletter\/newsletter-fevrier-2024\/#primaryimage","url":"https:\/\/www.swisssem.ch\/wp-content\/uploads\/2024\/02\/lukas-2.jpg","contentUrl":"https:\/\/www.swisssem.ch\/wp-content\/uploads\/2024\/02\/lukas-2.jpg"},{"@type":"BreadcrumbList","@id":"https:\/\/www.swisssem.ch\/fr\/espace-membres\/archiv_newsletter\/newsletter-fevrier-2024\/#breadcrumb","itemListElement":[{"@type":"ListItem","position":1,"name":"Home","item":"https:\/\/www.swisssem.ch\/fr\/"},{"@type":"ListItem","position":2,"name":"Espace membres","item":"https:\/\/www.swisssem.ch\/fr\/espace-membres\/"},{"@type":"ListItem","position":3,"name":"Newsletters","item":"https:\/\/www.swisssem.ch\/fr\/espace-membres\/archiv_newsletter\/"},{"@type":"ListItem","position":4,"name":"Newsletter F\u00e9vrier 2024"}]},{"@type":"WebSite","@id":"https:\/\/www.swisssem.ch\/de\/#website","url":"https:\/\/www.swisssem.ch\/de\/","name":"swisssem semence suisse","description":"","publisher":{"@id":"https:\/\/www.swisssem.ch\/de\/#organization"},"potentialAction":[{"@type":"SearchAction","target":{"@type":"EntryPoint","urlTemplate":"https:\/\/www.swisssem.ch\/de\/?s={search_term_string}"},"query-input":{"@type":"PropertyValueSpecification","valueRequired":true,"valueName":"search_term_string"}}],"inLanguage":"fr-FR"},{"@type":"Organization","@id":"https:\/\/www.swisssem.ch\/de\/#organization","name":"swisssem saatgut schweiz","url":"https:\/\/www.swisssem.ch\/de\/","logo":{"@type":"ImageObject","inLanguage":"fr-FR","@id":"https:\/\/www.swisssem.ch\/de\/#\/schema\/logo\/image\/","url":"https:\/\/www.swisssem.ch\/wp-content\/uploads\/2020\/03\/Logo_swisssem_RGB-1.jpg","contentUrl":"https:\/\/www.swisssem.ch\/wp-content\/uploads\/2020\/03\/Logo_swisssem_RGB-1.jpg","width":1684,"height":430,"caption":"swisssem saatgut schweiz"},"image":{"@id":"https:\/\/www.swisssem.ch\/de\/#\/schema\/logo\/image\/"}}]}},"_links":{"self":[{"href":"https:\/\/www.swisssem.ch\/fr\/wp-json\/wp\/v2\/pages\/11274","targetHints":{"allow":["GET"]}}],"collection":[{"href":"https:\/\/www.swisssem.ch\/fr\/wp-json\/wp\/v2\/pages"}],"about":[{"href":"https:\/\/www.swisssem.ch\/fr\/wp-json\/wp\/v2\/types\/page"}],"author":[{"embeddable":true,"href":"https:\/\/www.swisssem.ch\/fr\/wp-json\/wp\/v2\/users\/6"}],"replies":[{"embeddable":true,"href":"https:\/\/www.swisssem.ch\/fr\/wp-json\/wp\/v2\/comments?post=11274"}],"version-history":[{"count":9,"href":"https:\/\/www.swisssem.ch\/fr\/wp-json\/wp\/v2\/pages\/11274\/revisions"}],"predecessor-version":[{"id":11348,"href":"https:\/\/www.swisssem.ch\/fr\/wp-json\/wp\/v2\/pages\/11274\/revisions\/11348"}],"up":[{"embeddable":true,"href":"https:\/\/www.swisssem.ch\/fr\/wp-json\/wp\/v2\/pages\/5364"}],"wp:attachment":[{"href":"https:\/\/www.swisssem.ch\/fr\/wp-json\/wp\/v2\/media?parent=11274"}],"curies":[{"name":"wp","href":"https:\/\/api.w.org\/{rel}","templated":true}]}}