{"id":7517,"date":"2021-02-08T16:40:17","date_gmt":"2021-02-08T15:40:17","guid":{"rendered":"https:\/\/www.swisssem.ch\/?page_id=7517"},"modified":"2025-01-31T11:13:44","modified_gmt":"2025-01-31T10:13:44","slug":"aktualitaeten-der-ernte-2021","status":"publish","type":"page","link":"https:\/\/www.swisssem.ch\/de\/mitgliederbereich\/archiv_newsletter\/newsletter-februar-2021\/aktualitaeten-der-ernte-2021\/","title":{"rendered":"Aktualit\u00e4ten der Ernte 2021"},"content":{"rendered":"\n<h2 class=\"wp-block-heading\"><strong>Saatgetreide<\/strong><\/h2>\n\n\n\n<p>Der Umsatz liegt f\u00fcr die Ernte 2020 praktisch auf dem gleichen Niveau wie 2010. Insbesondere Futtersaatgetreide legt weiter zu und hier vor allem der Futterweizen (+290 t). Insgesamt ist die Gerste leicht r\u00fcckl\u00e4ufig (-91 t). Bei dieser Art gewinnt jedoch die Hybridgerste erneut an Bedeutung. Der Absatz von Bio-Saatgetreide (Wintergetreide) stieg um 223 t auf 10,9% im Vergleich zu 10,4% im Vorjahr. Im Hinblick zum allgemeinen Umsatzanstieg steigt der Anteil Bio jedoch nur leicht an. <br><a href=\"https:\/\/www.swisssem.ch\/de\/publikationen\/statistiken\/saatgetreideverkaeufe\/\">(<\/a><a href=\"https:\/\/www.swisssem.ch\/de\/statistiken\/saatgetreideverkaeufe\/\">Statistiken per 30.11.2020<\/a><a href=\"https:\/\/www.swisssem.ch\/de\/publikationen\/statistiken\/saatgetreideverkaeufe\/\">)<\/a><\/p>\n\n\n\n<!-- downloads component -->\n\t<ul class=\"downloads\">\n\t\t\t\t\t<li>\n\t\t\t\t<figure>\n\t\t\t\t\t<img decoding=\"async\" src=\"https:\/\/www.swisssem.ch\/wp-content\/uploads\/2021\/02\/Actualit\u00e9-r\u00e9colte-cereales-2020-Aktualit\u00e4ten-Saatgetreide-Ernte-2020-1-pdf.jpg\" alt=\"Actualit\u00e9 r\u00e9colte cereales 2020 - Aktualit\u00e4ten Saatgetreide Ernte 2020\">\n\t\t\t\t<\/figure>\n\t\t\t\t<h4>Aktualit\u00e4t Saatgetreide E2020<\/h4>\n\t\t\t\t\t\t\t\t<div class=\"download-actions\">\n\t\t\t\t\t<a href=\"https:\/\/www.swisssem.ch\/wp-content\/uploads\/2021\/02\/Actualit\u00e9-r\u00e9colte-cereales-2020-Aktualit\u00e4ten-Saatgetreide-Ernte-2020-1.pdf\" download class=\"download\">\n\t\t\t\t\t\t<svg xmlns=\"http:\/\/www.w3.org\/2000\/svg\" data-name=\"Ebene 1\" viewBox=\"0 0 23.06 21.64\">\n\t\t\t\t\t\t\t<g stroke=\"#000\" data-name=\"Ebene 1-2\">\n\t\t\t\t\t\t\t\t<path fill=\"none\" stroke-width=\"2\" d=\"M2.29 11.86v8.78h18.46v-8.78\"\/>\n\t\t\t\t\t\t\t\t<path stroke-width=\".25\" d=\"M12.38.13h-1.73v13.41L5.08 7.91l-1.2 1.14 7.65 7.68 7.63-7.68-1.21-1.14-5.57 5.63V.13z\"\/>\n\t\t\t\t\t\t\t<\/g>\n\t\t\t\t\t\t<\/svg>\n\t\t\t\t\t<\/a>\n\t\t\t\t\t<a href=\"https:\/\/www.swisssem.ch\/wp-content\/uploads\/2021\/02\/Actualit\u00e9-r\u00e9colte-cereales-2020-Aktualit\u00e4ten-Saatgetreide-Ernte-2020-1.pdf\" target=\"_blank\" rel=\"nofollow\" class=\"expand\">\n\t\t\t\t\t\t<svg xmlns=\"http:\/\/www.w3.org\/2000\/svg\" data-name=\"Ebene 1\" viewBox=\"0 0 23 20\">\n\t\t\t\t\t\t\t<g fill=\"none\" stroke=\"#000\" stroke-width=\".89999998\" data-name=\"Ebene 1-2\">\n\t\t\t\t\t\t\t\t<path d=\"M9.48 13.48l-.55-.57-4.65 4.65.01-3.69-.77-.01-.02 5.03 5.04-.01-.01-.78-3.7.03 4.65-4.65zM13.54 13.48l.58-.57 4.65 4.65-.02-3.69.77-.01.02 5.03-5.05-.01.03-.78 3.68.03-4.66-4.65zM9.48 8.18l-.55.56-4.65-4.65.01 3.69-.77.02-.02-5.04 5.04.02-.01.77-3.7-.02 4.65 4.65zM13.54 8.18l.58.56 4.65-4.65-.02 3.69.77.02.02-5.04-5.05.02.03.77 3.68-.02-4.66 4.65z\"\/>\n\t\t\t\t\t\t\t<\/g>\n\t\t\t\t\t\t<\/svg>\n\t\t\t\t\t<\/a>\n\t\t\t\t<\/div>\n\t\t\t\t\n\t\t\t<\/li>\n\t\t\t<\/ul>\n\n<!-- end of downloads component -->\n\n\n\n\n<h2 class=\"wp-block-heading\"><strong>Pflanzkartoffeln<\/strong><\/h2>\n\n\n\n<p>Die zertifizierte Gesamtmenge an Pflanzkartoffeln erreichte 24\u2019973 t, 15% mehr als im Jahr 2019. Der Druck durch Vektoren war besonders hoch. Mehrere Posten gingen aufgrund von Virusinfektionen verloren. Trotz dieser Verluste werden die \u00dcbersch\u00fcsse erheblich sein. Der Import von Vermehrungspflanzgut wird sich auf dem gleich hohen Niveau wie in der vergangenen Saison bewegen. Bei Pflanzkartoffeln der Klasse A werden die Lieferungen aus Europa um etwa 30 % zur\u00fcckgehen.<\/p>\n\n\n\n<!-- downloads component -->\n\t<ul class=\"downloads\">\n\t\t\t<\/ul>\n\n<!-- end of downloads component -->\n\n\n\n\n<!-- downloads component -->\n\t<ul class=\"downloads\">\n\t\t\t\t\t<li>\n\t\t\t\t<figure>\n\t\t\t\t\t<img decoding=\"async\" src=\"https:\/\/www.swisssem.ch\/wp-content\/uploads\/2021\/02\/Actualit\u00e9-r\u00e9colte-plants-2020-Aktualit\u00e4ten-Pflanzgut-Ernte-2020-pdf.jpg\" alt=\"Actualit\u00e9 r\u00e9colte plants 2020 - Aktualit\u00e4ten Pflanzgut Ernte 2020\">\n\t\t\t\t<\/figure>\n\t\t\t\t<h4>Aktualit\u00e4ten der Ernte 2021<\/h4>\n\t\t\t\t\t\t\t\t<div class=\"download-actions\">\n\t\t\t\t\t<a href=\"https:\/\/www.swisssem.ch\/wp-content\/uploads\/2021\/02\/Actualit\u00e9-r\u00e9colte-plants-2020-Aktualit\u00e4ten-Pflanzgut-Ernte-2020.pdf\" download class=\"download\">\n\t\t\t\t\t\t<svg xmlns=\"http:\/\/www.w3.org\/2000\/svg\" data-name=\"Ebene 1\" viewBox=\"0 0 23.06 21.64\">\n\t\t\t\t\t\t\t<g stroke=\"#000\" data-name=\"Ebene 1-2\">\n\t\t\t\t\t\t\t\t<path fill=\"none\" stroke-width=\"2\" d=\"M2.29 11.86v8.78h18.46v-8.78\"\/>\n\t\t\t\t\t\t\t\t<path stroke-width=\".25\" d=\"M12.38.13h-1.73v13.41L5.08 7.91l-1.2 1.14 7.65 7.68 7.63-7.68-1.21-1.14-5.57 5.63V.13z\"\/>\n\t\t\t\t\t\t\t<\/g>\n\t\t\t\t\t\t<\/svg>\n\t\t\t\t\t<\/a>\n\t\t\t\t\t<a href=\"https:\/\/www.swisssem.ch\/wp-content\/uploads\/2021\/02\/Actualit\u00e9-r\u00e9colte-plants-2020-Aktualit\u00e4ten-Pflanzgut-Ernte-2020.pdf\" target=\"_blank\" rel=\"nofollow\" class=\"expand\">\n\t\t\t\t\t\t<svg xmlns=\"http:\/\/www.w3.org\/2000\/svg\" data-name=\"Ebene 1\" viewBox=\"0 0 23 20\">\n\t\t\t\t\t\t\t<g fill=\"none\" stroke=\"#000\" stroke-width=\".89999998\" data-name=\"Ebene 1-2\">\n\t\t\t\t\t\t\t\t<path d=\"M9.48 13.48l-.55-.57-4.65 4.65.01-3.69-.77-.01-.02 5.03 5.04-.01-.01-.78-3.7.03 4.65-4.65zM13.54 13.48l.58-.57 4.65 4.65-.02-3.69.77-.01.02 5.03-5.05-.01.03-.78 3.68.03-4.66-4.65zM9.48 8.18l-.55.56-4.65-4.65.01 3.69-.77.02-.02-5.04 5.04.02-.01.77-3.7-.02 4.65 4.65zM13.54 8.18l.58.56 4.65-4.65-.02 3.69.77.02.02-5.04-5.05.02.03.77 3.68-.02-4.66 4.65z\"\/>\n\t\t\t\t\t\t\t<\/g>\n\t\t\t\t\t\t<\/svg>\n\t\t\t\t\t<\/a>\n\t\t\t\t<\/div>\n\t\t\t\t\n\t\t\t<\/li>\n\t\t\t<\/ul>\n\n<!-- end of downloads component -->\n\n\n\n\n<!-- downloads component -->\n\t<ul class=\"downloads\">\n\t\t\t<\/ul>\n\n<!-- end of downloads component -->\n\n","protected":false},"excerpt":{"rendered":"<p>Saatgetreide Der Umsatz liegt f\u00fcr die Ernte 2020 praktisch auf dem gleichen Niveau wie 2010. Insbesondere Futtersaatgetreide legt weiter zu und hier vor allem der Futterweizen (+290 t). Insgesamt ist die Gerste leicht r\u00fcckl\u00e4ufig (-91 t). Bei dieser Art gewinnt jedoch die Hybridgerste erneut an Bedeutung. Der Absatz von Bio-Saatgetreide (Wintergetreide) stieg um 223 t [&hellip;]<\/p>\n","protected":false},"author":6,"featured_media":0,"parent":7480,"menu_order":95,"comment_status":"closed","ping_status":"closed","template":"","meta":{"_acf_changed":false,"footnotes":""},"class_list":["post-7517","page","type-page","status-publish","hentry"],"acf":[],"yoast_head":"<!-- This site is optimized with the Yoast SEO plugin v27.1.1 - https:\/\/yoast.com\/product\/yoast-seo-wordpress\/ -->\n<title>Aktualit\u00e4ten der Ernte 2021 - swisssem saatgut schweiz<\/title>\n<meta name=\"robots\" content=\"index, follow, max-snippet:-1, max-image-preview:large, max-video-preview:-1\" \/>\n<link rel=\"canonical\" href=\"https:\/\/www.swisssem.ch\/de\/mitgliederbereich\/archiv_newsletter\/newsletter-februar-2021\/aktualitaeten-der-ernte-2021\/\" \/>\n<meta property=\"og:locale\" content=\"de_DE\" \/>\n<meta property=\"og:type\" content=\"article\" \/>\n<meta property=\"og:title\" content=\"Aktualit\u00e4ten der Ernte 2021 - swisssem saatgut schweiz\" \/>\n<meta property=\"og:description\" content=\"Saatgetreide Der Umsatz liegt f\u00fcr die Ernte 2020 praktisch auf dem gleichen Niveau wie 2010. Insbesondere Futtersaatgetreide legt weiter zu und hier vor allem der Futterweizen (+290 t). Insgesamt ist die Gerste leicht r\u00fcckl\u00e4ufig (-91 t). Bei dieser Art gewinnt jedoch die Hybridgerste erneut an Bedeutung. Der Absatz von Bio-Saatgetreide (Wintergetreide) stieg um 223 t [&hellip;]\" \/>\n<meta property=\"og:url\" content=\"https:\/\/www.swisssem.ch\/de\/mitgliederbereich\/archiv_newsletter\/newsletter-februar-2021\/aktualitaeten-der-ernte-2021\/\" \/>\n<meta property=\"og:site_name\" content=\"swisssem saatgut schweiz\" \/>\n<meta property=\"article:modified_time\" content=\"2025-01-31T10:13:44+00:00\" \/>\n<meta name=\"twitter:card\" content=\"summary_large_image\" \/>\n<meta name=\"twitter:label1\" content=\"Gesch\u00e4tzte Lesezeit\" \/>\n\t<meta name=\"twitter:data1\" content=\"1\u00a0Minute\" \/>\n<script type=\"application\/ld+json\" class=\"yoast-schema-graph\">{\"@context\":\"https:\/\/schema.org\",\"@graph\":[{\"@type\":\"WebPage\",\"@id\":\"https:\/\/www.swisssem.ch\/de\/mitgliederbereich\/archiv_newsletter\/newsletter-februar-2021\/aktualitaeten-der-ernte-2021\/\",\"url\":\"https:\/\/www.swisssem.ch\/de\/mitgliederbereich\/archiv_newsletter\/newsletter-februar-2021\/aktualitaeten-der-ernte-2021\/\",\"name\":\"Aktualit\u00e4ten der Ernte 2021 - swisssem saatgut schweiz\",\"isPartOf\":{\"@id\":\"https:\/\/www.swisssem.ch\/de\/#website\"},\"datePublished\":\"2021-02-08T15:40:17+00:00\",\"dateModified\":\"2025-01-31T10:13:44+00:00\",\"breadcrumb\":{\"@id\":\"https:\/\/www.swisssem.ch\/de\/mitgliederbereich\/archiv_newsletter\/newsletter-februar-2021\/aktualitaeten-der-ernte-2021\/#breadcrumb\"},\"inLanguage\":\"de\",\"potentialAction\":[{\"@type\":\"ReadAction\",\"target\":[\"https:\/\/www.swisssem.ch\/de\/mitgliederbereich\/archiv_newsletter\/newsletter-februar-2021\/aktualitaeten-der-ernte-2021\/\"]}]},{\"@type\":\"BreadcrumbList\",\"@id\":\"https:\/\/www.swisssem.ch\/de\/mitgliederbereich\/archiv_newsletter\/newsletter-februar-2021\/aktualitaeten-der-ernte-2021\/#breadcrumb\",\"itemListElement\":[{\"@type\":\"ListItem\",\"position\":1,\"name\":\"Home\",\"item\":\"https:\/\/www.swisssem.ch\/de\/\"},{\"@type\":\"ListItem\",\"position\":2,\"name\":\"Mitgliederbereich\",\"item\":\"https:\/\/www.swisssem.ch\/de\/mitgliederbereich\/\"},{\"@type\":\"ListItem\",\"position\":3,\"name\":\"Newsletters\",\"item\":\"https:\/\/www.swisssem.ch\/de\/mitgliederbereich\/archiv_newsletter\/\"},{\"@type\":\"ListItem\",\"position\":4,\"name\":\"Newsletter Februar 2021\",\"item\":\"https:\/\/www.swisssem.ch\/de\/mitgliederbereich\/archiv_newsletter\/newsletter-februar-2021\/\"},{\"@type\":\"ListItem\",\"position\":5,\"name\":\"Aktualit\u00e4ten der Ernte 2021\"}]},{\"@type\":\"WebSite\",\"@id\":\"https:\/\/www.swisssem.ch\/de\/#website\",\"url\":\"https:\/\/www.swisssem.ch\/de\/\",\"name\":\"swisssem saatgut schweiz\",\"description\":\"\",\"publisher\":{\"@id\":\"https:\/\/www.swisssem.ch\/de\/#organization\"},\"potentialAction\":[{\"@type\":\"SearchAction\",\"target\":{\"@type\":\"EntryPoint\",\"urlTemplate\":\"https:\/\/www.swisssem.ch\/de\/?s={search_term_string}\"},\"query-input\":{\"@type\":\"PropertyValueSpecification\",\"valueRequired\":true,\"valueName\":\"search_term_string\"}}],\"inLanguage\":\"de\"},{\"@type\":\"Organization\",\"@id\":\"https:\/\/www.swisssem.ch\/de\/#organization\",\"name\":\"swisssem saatgut schweiz\",\"url\":\"https:\/\/www.swisssem.ch\/de\/\",\"logo\":{\"@type\":\"ImageObject\",\"inLanguage\":\"de\",\"@id\":\"https:\/\/www.swisssem.ch\/de\/#\/schema\/logo\/image\/\",\"url\":\"https:\/\/www.swisssem.ch\/wp-content\/uploads\/2020\/03\/Logo_swisssem_RGB-1.jpg\",\"contentUrl\":\"https:\/\/www.swisssem.ch\/wp-content\/uploads\/2020\/03\/Logo_swisssem_RGB-1.jpg\",\"width\":1684,\"height\":430,\"caption\":\"swisssem saatgut schweiz\"},\"image\":{\"@id\":\"https:\/\/www.swisssem.ch\/de\/#\/schema\/logo\/image\/\"}}]}<\/script>\n<!-- \/ Yoast SEO plugin. -->","yoast_head_json":{"title":"Aktualit\u00e4ten der Ernte 2021 - swisssem saatgut schweiz","robots":{"index":"index","follow":"follow","max-snippet":"max-snippet:-1","max-image-preview":"max-image-preview:large","max-video-preview":"max-video-preview:-1"},"canonical":"https:\/\/www.swisssem.ch\/de\/mitgliederbereich\/archiv_newsletter\/newsletter-februar-2021\/aktualitaeten-der-ernte-2021\/","og_locale":"de_DE","og_type":"article","og_title":"Aktualit\u00e4ten der Ernte 2021 - swisssem saatgut schweiz","og_description":"Saatgetreide Der Umsatz liegt f\u00fcr die Ernte 2020 praktisch auf dem gleichen Niveau wie 2010. Insbesondere Futtersaatgetreide legt weiter zu und hier vor allem der Futterweizen (+290 t). Insgesamt ist die Gerste leicht r\u00fcckl\u00e4ufig (-91 t). Bei dieser Art gewinnt jedoch die Hybridgerste erneut an Bedeutung. Der Absatz von Bio-Saatgetreide (Wintergetreide) stieg um 223 t [&hellip;]","og_url":"https:\/\/www.swisssem.ch\/de\/mitgliederbereich\/archiv_newsletter\/newsletter-februar-2021\/aktualitaeten-der-ernte-2021\/","og_site_name":"swisssem saatgut schweiz","article_modified_time":"2025-01-31T10:13:44+00:00","twitter_card":"summary_large_image","twitter_misc":{"Gesch\u00e4tzte Lesezeit":"1\u00a0Minute"},"schema":{"@context":"https:\/\/schema.org","@graph":[{"@type":"WebPage","@id":"https:\/\/www.swisssem.ch\/de\/mitgliederbereich\/archiv_newsletter\/newsletter-februar-2021\/aktualitaeten-der-ernte-2021\/","url":"https:\/\/www.swisssem.ch\/de\/mitgliederbereich\/archiv_newsletter\/newsletter-februar-2021\/aktualitaeten-der-ernte-2021\/","name":"Aktualit\u00e4ten der Ernte 2021 - swisssem saatgut schweiz","isPartOf":{"@id":"https:\/\/www.swisssem.ch\/de\/#website"},"datePublished":"2021-02-08T15:40:17+00:00","dateModified":"2025-01-31T10:13:44+00:00","breadcrumb":{"@id":"https:\/\/www.swisssem.ch\/de\/mitgliederbereich\/archiv_newsletter\/newsletter-februar-2021\/aktualitaeten-der-ernte-2021\/#breadcrumb"},"inLanguage":"de","potentialAction":[{"@type":"ReadAction","target":["https:\/\/www.swisssem.ch\/de\/mitgliederbereich\/archiv_newsletter\/newsletter-februar-2021\/aktualitaeten-der-ernte-2021\/"]}]},{"@type":"BreadcrumbList","@id":"https:\/\/www.swisssem.ch\/de\/mitgliederbereich\/archiv_newsletter\/newsletter-februar-2021\/aktualitaeten-der-ernte-2021\/#breadcrumb","itemListElement":[{"@type":"ListItem","position":1,"name":"Home","item":"https:\/\/www.swisssem.ch\/de\/"},{"@type":"ListItem","position":2,"name":"Mitgliederbereich","item":"https:\/\/www.swisssem.ch\/de\/mitgliederbereich\/"},{"@type":"ListItem","position":3,"name":"Newsletters","item":"https:\/\/www.swisssem.ch\/de\/mitgliederbereich\/archiv_newsletter\/"},{"@type":"ListItem","position":4,"name":"Newsletter Februar 2021","item":"https:\/\/www.swisssem.ch\/de\/mitgliederbereich\/archiv_newsletter\/newsletter-februar-2021\/"},{"@type":"ListItem","position":5,"name":"Aktualit\u00e4ten der Ernte 2021"}]},{"@type":"WebSite","@id":"https:\/\/www.swisssem.ch\/de\/#website","url":"https:\/\/www.swisssem.ch\/de\/","name":"swisssem saatgut schweiz","description":"","publisher":{"@id":"https:\/\/www.swisssem.ch\/de\/#organization"},"potentialAction":[{"@type":"SearchAction","target":{"@type":"EntryPoint","urlTemplate":"https:\/\/www.swisssem.ch\/de\/?s={search_term_string}"},"query-input":{"@type":"PropertyValueSpecification","valueRequired":true,"valueName":"search_term_string"}}],"inLanguage":"de"},{"@type":"Organization","@id":"https:\/\/www.swisssem.ch\/de\/#organization","name":"swisssem saatgut schweiz","url":"https:\/\/www.swisssem.ch\/de\/","logo":{"@type":"ImageObject","inLanguage":"de","@id":"https:\/\/www.swisssem.ch\/de\/#\/schema\/logo\/image\/","url":"https:\/\/www.swisssem.ch\/wp-content\/uploads\/2020\/03\/Logo_swisssem_RGB-1.jpg","contentUrl":"https:\/\/www.swisssem.ch\/wp-content\/uploads\/2020\/03\/Logo_swisssem_RGB-1.jpg","width":1684,"height":430,"caption":"swisssem saatgut schweiz"},"image":{"@id":"https:\/\/www.swisssem.ch\/de\/#\/schema\/logo\/image\/"}}]}},"_links":{"self":[{"href":"https:\/\/www.swisssem.ch\/de\/wp-json\/wp\/v2\/pages\/7517","targetHints":{"allow":["GET"]}}],"collection":[{"href":"https:\/\/www.swisssem.ch\/de\/wp-json\/wp\/v2\/pages"}],"about":[{"href":"https:\/\/www.swisssem.ch\/de\/wp-json\/wp\/v2\/types\/page"}],"author":[{"embeddable":true,"href":"https:\/\/www.swisssem.ch\/de\/wp-json\/wp\/v2\/users\/6"}],"replies":[{"embeddable":true,"href":"https:\/\/www.swisssem.ch\/de\/wp-json\/wp\/v2\/comments?post=7517"}],"version-history":[{"count":15,"href":"https:\/\/www.swisssem.ch\/de\/wp-json\/wp\/v2\/pages\/7517\/revisions"}],"predecessor-version":[{"id":12037,"href":"https:\/\/www.swisssem.ch\/de\/wp-json\/wp\/v2\/pages\/7517\/revisions\/12037"}],"up":[{"embeddable":true,"href":"https:\/\/www.swisssem.ch\/de\/wp-json\/wp\/v2\/pages\/7480"}],"wp:attachment":[{"href":"https:\/\/www.swisssem.ch\/de\/wp-json\/wp\/v2\/media?parent=7517"}],"curies":[{"name":"wp","href":"https:\/\/api.w.org\/{rel}","templated":true}]}}