{"id":7494,"date":"2021-02-08T15:54:43","date_gmt":"2021-02-08T14:54:43","guid":{"rendered":"https:\/\/www.swisssem.ch\/?page_id=7494"},"modified":"2021-02-11T16:30:58","modified_gmt":"2021-02-11T15:30:58","slug":"vorstellung-vorstandsmitglieder","status":"publish","type":"page","link":"https:\/\/www.swisssem.ch\/de\/mitgliederbereich\/archiv_newsletter\/newsletter-februar-2021\/neue-vorstandsmitglieder\/vorstellung-vorstandsmitglieder\/","title":{"rendered":"Vorstellung neue Vorstandsmitglieder 2021"},"content":{"rendered":"\n<p><\/p>\n\n\n\n<div class=\"wp-block-image\"><figure class=\"alignleft size-large is-resized\"><img loading=\"lazy\" decoding=\"async\" src=\"https:\/\/www.swisssem.ch\/wp-content\/uploads\/2021\/02\/M-A-Chevalley-ASS.jpg\" alt=\"\" class=\"wp-image-7495\" width=\"215\" height=\"281\" srcset=\"https:\/\/www.swisssem.ch\/wp-content\/uploads\/2021\/02\/M-A-Chevalley-ASS.jpg 372w, https:\/\/www.swisssem.ch\/wp-content\/uploads\/2021\/02\/M-A-Chevalley-ASS-229x300.jpg 229w\" sizes=\"auto, (max-width: 215px) 100vw, 215px\" \/><figcaption>Marc-Henri Chevalley<\/figcaption><\/figure><\/div>\n\n\n\n<p><strong>Marc-Henri Chevalley<\/strong> ist 55 Jahr alt, verheiratet und&nbsp;Vater von 3 Kindern. Er ist Meisterlandwirt. Er betreibt in Chavannes-sur-Moudon einen gemischten landwirtschaftlichen Betrieb mit Ackerkulturen (106 ha LN) und Milchvieh in einer Bauerngemeinschaft zur Herstellung von Gruy\u00e8re AOP.<br>Was die Ackerkulturen anbelangt, so produziert Marc-Henri Chevalley seit 2 Generationen Getreidesaatgut und Pflanzkartoffeln f\u00fcr die ASS.<br>Im Januar 2021 wurde er als Mitglied des ASS-Vorstand frisch gew\u00e4hlt. Er ist auch Mitglied des Vorstandes der landwirtschaftlichen B\u00fcrgschaftskasse des Kanton Waadt.<br><br><\/p>\n\n\n\n<p><\/p>\n\n\n\n<div class=\"wp-block-image is-style-default\"><figure class=\"alignright size-large is-resized\"><img loading=\"lazy\" decoding=\"async\" src=\"https:\/\/www.swisssem.ch\/wp-content\/uploads\/2021\/02\/B.-Jungo-SGD-1-rotated.jpg\" alt=\"\" class=\"wp-image-7501\" width=\"251\" height=\"334\"\/><figcaption>Benno Jungo<\/figcaption><\/figure><\/div>\n\n\n\n<div class=\"wp-block-group\"><div class=\"wp-block-group__inner-container is-layout-flow wp-block-group-is-layout-flow\">\n<p><strong>Benno Jungo<\/strong> ist 32 Jahre alt und&nbsp;Vater von 2 T\u00f6chtern. Er besitzt einen BSc FH in Agronomie. Er betreibt in Schmitten einen gemischten landwirtschaftlichen Betrieb (34 ha LN) mit Ackerbau und Milchvieh zur Herstellung von Gruy\u00e8re AOP. Ein Teil seiner Zeit widmet er Arbeiten f\u00fcr Dritte und der Direktvermarktung. Ausserdem ist er im Key Account bei Agroplus Software SA t\u00e4tig.<br>Benno produziert Winterweizensaatgut und Pflanzkartoffeln f\u00fcr die Saatzucht D\u00fcdingen.<br>Er ist designiertes Mitglied des Verwaltungsrats der SGD ab GV 2021.<br>In seiner Freizeit widmet er sich seiner Familie und dem Ringen.<\/p>\n<\/div><\/div>\n\n\n\n<p><\/p>\n","protected":false},"excerpt":{"rendered":"<p>Marc-Henri Chevalley ist 55 Jahr alt, verheiratet und&nbsp;Vater von 3 Kindern. Er ist Meisterlandwirt. Er betreibt in Chavannes-sur-Moudon einen gemischten landwirtschaftlichen Betrieb mit Ackerkulturen (106 ha LN) und Milchvieh in einer Bauerngemeinschaft zur Herstellung von Gruy\u00e8re AOP.Was die Ackerkulturen anbelangt, so produziert Marc-Henri Chevalley seit 2 Generationen Getreidesaatgut und Pflanzkartoffeln f\u00fcr die ASS.Im Januar 2021 [&hellip;]<\/p>\n","protected":false},"author":6,"featured_media":0,"parent":7489,"menu_order":96,"comment_status":"closed","ping_status":"closed","template":"","meta":{"_acf_changed":false,"footnotes":""},"class_list":["post-7494","page","type-page","status-publish","hentry"],"acf":[],"yoast_head":"<!-- This site is optimized with the Yoast SEO plugin v27.1.1 - https:\/\/yoast.com\/product\/yoast-seo-wordpress\/ -->\n<title>Vorstellung neue Vorstandsmitglieder 2021 - swisssem saatgut schweiz<\/title>\n<meta name=\"robots\" content=\"index, follow, max-snippet:-1, max-image-preview:large, max-video-preview:-1\" \/>\n<link rel=\"canonical\" href=\"https:\/\/www.swisssem.ch\/de\/mitgliederbereich\/archiv_newsletter\/newsletter-februar-2021\/neue-vorstandsmitglieder\/vorstellung-vorstandsmitglieder\/\" \/>\n<meta property=\"og:locale\" content=\"de_DE\" \/>\n<meta property=\"og:type\" content=\"article\" \/>\n<meta property=\"og:title\" content=\"Vorstellung neue Vorstandsmitglieder 2021 - swisssem saatgut schweiz\" \/>\n<meta property=\"og:description\" content=\"Marc-Henri Chevalley ist 55 Jahr alt, verheiratet und&nbsp;Vater von 3 Kindern. Er ist Meisterlandwirt. Er betreibt in Chavannes-sur-Moudon einen gemischten landwirtschaftlichen Betrieb mit Ackerkulturen (106 ha LN) und Milchvieh in einer Bauerngemeinschaft zur Herstellung von Gruy\u00e8re AOP.Was die Ackerkulturen anbelangt, so produziert Marc-Henri Chevalley seit 2 Generationen Getreidesaatgut und Pflanzkartoffeln f\u00fcr die ASS.Im Januar 2021 [&hellip;]\" \/>\n<meta property=\"og:url\" content=\"https:\/\/www.swisssem.ch\/de\/mitgliederbereich\/archiv_newsletter\/newsletter-februar-2021\/neue-vorstandsmitglieder\/vorstellung-vorstandsmitglieder\/\" \/>\n<meta property=\"og:site_name\" content=\"swisssem saatgut schweiz\" \/>\n<meta property=\"article:modified_time\" content=\"2021-02-11T15:30:58+00:00\" \/>\n<meta property=\"og:image\" content=\"https:\/\/www.swisssem.ch\/wp-content\/uploads\/2021\/02\/M-A-Chevalley-ASS.jpg\" \/>\n<meta name=\"twitter:card\" content=\"summary_large_image\" \/>\n<meta name=\"twitter:label1\" content=\"Gesch\u00e4tzte Lesezeit\" \/>\n\t<meta name=\"twitter:data1\" content=\"1\u00a0Minute\" \/>\n<script type=\"application\/ld+json\" class=\"yoast-schema-graph\">{\"@context\":\"https:\/\/schema.org\",\"@graph\":[{\"@type\":\"WebPage\",\"@id\":\"https:\/\/www.swisssem.ch\/de\/mitgliederbereich\/archiv_newsletter\/newsletter-februar-2021\/neue-vorstandsmitglieder\/vorstellung-vorstandsmitglieder\/\",\"url\":\"https:\/\/www.swisssem.ch\/de\/mitgliederbereich\/archiv_newsletter\/newsletter-februar-2021\/neue-vorstandsmitglieder\/vorstellung-vorstandsmitglieder\/\",\"name\":\"Vorstellung neue Vorstandsmitglieder 2021 - swisssem saatgut schweiz\",\"isPartOf\":{\"@id\":\"https:\/\/www.swisssem.ch\/de\/#website\"},\"primaryImageOfPage\":{\"@id\":\"https:\/\/www.swisssem.ch\/de\/mitgliederbereich\/archiv_newsletter\/newsletter-februar-2021\/neue-vorstandsmitglieder\/vorstellung-vorstandsmitglieder\/#primaryimage\"},\"image\":{\"@id\":\"https:\/\/www.swisssem.ch\/de\/mitgliederbereich\/archiv_newsletter\/newsletter-februar-2021\/neue-vorstandsmitglieder\/vorstellung-vorstandsmitglieder\/#primaryimage\"},\"thumbnailUrl\":\"https:\/\/www.swisssem.ch\/wp-content\/uploads\/2021\/02\/M-A-Chevalley-ASS.jpg\",\"datePublished\":\"2021-02-08T14:54:43+00:00\",\"dateModified\":\"2021-02-11T15:30:58+00:00\",\"breadcrumb\":{\"@id\":\"https:\/\/www.swisssem.ch\/de\/mitgliederbereich\/archiv_newsletter\/newsletter-februar-2021\/neue-vorstandsmitglieder\/vorstellung-vorstandsmitglieder\/#breadcrumb\"},\"inLanguage\":\"de\",\"potentialAction\":[{\"@type\":\"ReadAction\",\"target\":[\"https:\/\/www.swisssem.ch\/de\/mitgliederbereich\/archiv_newsletter\/newsletter-februar-2021\/neue-vorstandsmitglieder\/vorstellung-vorstandsmitglieder\/\"]}]},{\"@type\":\"ImageObject\",\"inLanguage\":\"de\",\"@id\":\"https:\/\/www.swisssem.ch\/de\/mitgliederbereich\/archiv_newsletter\/newsletter-februar-2021\/neue-vorstandsmitglieder\/vorstellung-vorstandsmitglieder\/#primaryimage\",\"url\":\"https:\/\/www.swisssem.ch\/wp-content\/uploads\/2021\/02\/M-A-Chevalley-ASS.jpg\",\"contentUrl\":\"https:\/\/www.swisssem.ch\/wp-content\/uploads\/2021\/02\/M-A-Chevalley-ASS.jpg\"},{\"@type\":\"BreadcrumbList\",\"@id\":\"https:\/\/www.swisssem.ch\/de\/mitgliederbereich\/archiv_newsletter\/newsletter-februar-2021\/neue-vorstandsmitglieder\/vorstellung-vorstandsmitglieder\/#breadcrumb\",\"itemListElement\":[{\"@type\":\"ListItem\",\"position\":1,\"name\":\"Home\",\"item\":\"https:\/\/www.swisssem.ch\/de\/\"},{\"@type\":\"ListItem\",\"position\":2,\"name\":\"Mitgliederbereich\",\"item\":\"https:\/\/www.swisssem.ch\/de\/mitgliederbereich\/\"},{\"@type\":\"ListItem\",\"position\":3,\"name\":\"Newsletters\",\"item\":\"https:\/\/www.swisssem.ch\/de\/mitgliederbereich\/archiv_newsletter\/\"},{\"@type\":\"ListItem\",\"position\":4,\"name\":\"Newsletter Februar 2021\",\"item\":\"https:\/\/www.swisssem.ch\/de\/mitgliederbereich\/archiv_newsletter\/newsletter-februar-2021\/\"},{\"@type\":\"ListItem\",\"position\":5,\"name\":\"Neue Vorstandsmitglieder 2021\",\"item\":\"https:\/\/www.swisssem.ch\/de\/mitgliederbereich\/archiv_newsletter\/newsletter-februar-2021\/neue-vorstandsmitglieder\/\"},{\"@type\":\"ListItem\",\"position\":6,\"name\":\"Vorstellung neue Vorstandsmitglieder 2021\"}]},{\"@type\":\"WebSite\",\"@id\":\"https:\/\/www.swisssem.ch\/de\/#website\",\"url\":\"https:\/\/www.swisssem.ch\/de\/\",\"name\":\"swisssem saatgut schweiz\",\"description\":\"\",\"publisher\":{\"@id\":\"https:\/\/www.swisssem.ch\/de\/#organization\"},\"potentialAction\":[{\"@type\":\"SearchAction\",\"target\":{\"@type\":\"EntryPoint\",\"urlTemplate\":\"https:\/\/www.swisssem.ch\/de\/?s={search_term_string}\"},\"query-input\":{\"@type\":\"PropertyValueSpecification\",\"valueRequired\":true,\"valueName\":\"search_term_string\"}}],\"inLanguage\":\"de\"},{\"@type\":\"Organization\",\"@id\":\"https:\/\/www.swisssem.ch\/de\/#organization\",\"name\":\"swisssem saatgut schweiz\",\"url\":\"https:\/\/www.swisssem.ch\/de\/\",\"logo\":{\"@type\":\"ImageObject\",\"inLanguage\":\"de\",\"@id\":\"https:\/\/www.swisssem.ch\/de\/#\/schema\/logo\/image\/\",\"url\":\"https:\/\/www.swisssem.ch\/wp-content\/uploads\/2020\/03\/Logo_swisssem_RGB-1.jpg\",\"contentUrl\":\"https:\/\/www.swisssem.ch\/wp-content\/uploads\/2020\/03\/Logo_swisssem_RGB-1.jpg\",\"width\":1684,\"height\":430,\"caption\":\"swisssem saatgut schweiz\"},\"image\":{\"@id\":\"https:\/\/www.swisssem.ch\/de\/#\/schema\/logo\/image\/\"}}]}<\/script>\n<!-- \/ Yoast SEO plugin. -->","yoast_head_json":{"title":"Vorstellung neue Vorstandsmitglieder 2021 - swisssem saatgut schweiz","robots":{"index":"index","follow":"follow","max-snippet":"max-snippet:-1","max-image-preview":"max-image-preview:large","max-video-preview":"max-video-preview:-1"},"canonical":"https:\/\/www.swisssem.ch\/de\/mitgliederbereich\/archiv_newsletter\/newsletter-februar-2021\/neue-vorstandsmitglieder\/vorstellung-vorstandsmitglieder\/","og_locale":"de_DE","og_type":"article","og_title":"Vorstellung neue Vorstandsmitglieder 2021 - swisssem saatgut schweiz","og_description":"Marc-Henri Chevalley ist 55 Jahr alt, verheiratet und&nbsp;Vater von 3 Kindern. Er ist Meisterlandwirt. Er betreibt in Chavannes-sur-Moudon einen gemischten landwirtschaftlichen Betrieb mit Ackerkulturen (106 ha LN) und Milchvieh in einer Bauerngemeinschaft zur Herstellung von Gruy\u00e8re AOP.Was die Ackerkulturen anbelangt, so produziert Marc-Henri Chevalley seit 2 Generationen Getreidesaatgut und Pflanzkartoffeln f\u00fcr die ASS.Im Januar 2021 [&hellip;]","og_url":"https:\/\/www.swisssem.ch\/de\/mitgliederbereich\/archiv_newsletter\/newsletter-februar-2021\/neue-vorstandsmitglieder\/vorstellung-vorstandsmitglieder\/","og_site_name":"swisssem saatgut schweiz","article_modified_time":"2021-02-11T15:30:58+00:00","og_image":[{"url":"https:\/\/www.swisssem.ch\/wp-content\/uploads\/2021\/02\/M-A-Chevalley-ASS.jpg","type":"","width":"","height":""}],"twitter_card":"summary_large_image","twitter_misc":{"Gesch\u00e4tzte Lesezeit":"1\u00a0Minute"},"schema":{"@context":"https:\/\/schema.org","@graph":[{"@type":"WebPage","@id":"https:\/\/www.swisssem.ch\/de\/mitgliederbereich\/archiv_newsletter\/newsletter-februar-2021\/neue-vorstandsmitglieder\/vorstellung-vorstandsmitglieder\/","url":"https:\/\/www.swisssem.ch\/de\/mitgliederbereich\/archiv_newsletter\/newsletter-februar-2021\/neue-vorstandsmitglieder\/vorstellung-vorstandsmitglieder\/","name":"Vorstellung neue Vorstandsmitglieder 2021 - swisssem saatgut schweiz","isPartOf":{"@id":"https:\/\/www.swisssem.ch\/de\/#website"},"primaryImageOfPage":{"@id":"https:\/\/www.swisssem.ch\/de\/mitgliederbereich\/archiv_newsletter\/newsletter-februar-2021\/neue-vorstandsmitglieder\/vorstellung-vorstandsmitglieder\/#primaryimage"},"image":{"@id":"https:\/\/www.swisssem.ch\/de\/mitgliederbereich\/archiv_newsletter\/newsletter-februar-2021\/neue-vorstandsmitglieder\/vorstellung-vorstandsmitglieder\/#primaryimage"},"thumbnailUrl":"https:\/\/www.swisssem.ch\/wp-content\/uploads\/2021\/02\/M-A-Chevalley-ASS.jpg","datePublished":"2021-02-08T14:54:43+00:00","dateModified":"2021-02-11T15:30:58+00:00","breadcrumb":{"@id":"https:\/\/www.swisssem.ch\/de\/mitgliederbereich\/archiv_newsletter\/newsletter-februar-2021\/neue-vorstandsmitglieder\/vorstellung-vorstandsmitglieder\/#breadcrumb"},"inLanguage":"de","potentialAction":[{"@type":"ReadAction","target":["https:\/\/www.swisssem.ch\/de\/mitgliederbereich\/archiv_newsletter\/newsletter-februar-2021\/neue-vorstandsmitglieder\/vorstellung-vorstandsmitglieder\/"]}]},{"@type":"ImageObject","inLanguage":"de","@id":"https:\/\/www.swisssem.ch\/de\/mitgliederbereich\/archiv_newsletter\/newsletter-februar-2021\/neue-vorstandsmitglieder\/vorstellung-vorstandsmitglieder\/#primaryimage","url":"https:\/\/www.swisssem.ch\/wp-content\/uploads\/2021\/02\/M-A-Chevalley-ASS.jpg","contentUrl":"https:\/\/www.swisssem.ch\/wp-content\/uploads\/2021\/02\/M-A-Chevalley-ASS.jpg"},{"@type":"BreadcrumbList","@id":"https:\/\/www.swisssem.ch\/de\/mitgliederbereich\/archiv_newsletter\/newsletter-februar-2021\/neue-vorstandsmitglieder\/vorstellung-vorstandsmitglieder\/#breadcrumb","itemListElement":[{"@type":"ListItem","position":1,"name":"Home","item":"https:\/\/www.swisssem.ch\/de\/"},{"@type":"ListItem","position":2,"name":"Mitgliederbereich","item":"https:\/\/www.swisssem.ch\/de\/mitgliederbereich\/"},{"@type":"ListItem","position":3,"name":"Newsletters","item":"https:\/\/www.swisssem.ch\/de\/mitgliederbereich\/archiv_newsletter\/"},{"@type":"ListItem","position":4,"name":"Newsletter Februar 2021","item":"https:\/\/www.swisssem.ch\/de\/mitgliederbereich\/archiv_newsletter\/newsletter-februar-2021\/"},{"@type":"ListItem","position":5,"name":"Neue Vorstandsmitglieder 2021","item":"https:\/\/www.swisssem.ch\/de\/mitgliederbereich\/archiv_newsletter\/newsletter-februar-2021\/neue-vorstandsmitglieder\/"},{"@type":"ListItem","position":6,"name":"Vorstellung neue Vorstandsmitglieder 2021"}]},{"@type":"WebSite","@id":"https:\/\/www.swisssem.ch\/de\/#website","url":"https:\/\/www.swisssem.ch\/de\/","name":"swisssem saatgut schweiz","description":"","publisher":{"@id":"https:\/\/www.swisssem.ch\/de\/#organization"},"potentialAction":[{"@type":"SearchAction","target":{"@type":"EntryPoint","urlTemplate":"https:\/\/www.swisssem.ch\/de\/?s={search_term_string}"},"query-input":{"@type":"PropertyValueSpecification","valueRequired":true,"valueName":"search_term_string"}}],"inLanguage":"de"},{"@type":"Organization","@id":"https:\/\/www.swisssem.ch\/de\/#organization","name":"swisssem saatgut schweiz","url":"https:\/\/www.swisssem.ch\/de\/","logo":{"@type":"ImageObject","inLanguage":"de","@id":"https:\/\/www.swisssem.ch\/de\/#\/schema\/logo\/image\/","url":"https:\/\/www.swisssem.ch\/wp-content\/uploads\/2020\/03\/Logo_swisssem_RGB-1.jpg","contentUrl":"https:\/\/www.swisssem.ch\/wp-content\/uploads\/2020\/03\/Logo_swisssem_RGB-1.jpg","width":1684,"height":430,"caption":"swisssem saatgut schweiz"},"image":{"@id":"https:\/\/www.swisssem.ch\/de\/#\/schema\/logo\/image\/"}}]}},"_links":{"self":[{"href":"https:\/\/www.swisssem.ch\/de\/wp-json\/wp\/v2\/pages\/7494","targetHints":{"allow":["GET"]}}],"collection":[{"href":"https:\/\/www.swisssem.ch\/de\/wp-json\/wp\/v2\/pages"}],"about":[{"href":"https:\/\/www.swisssem.ch\/de\/wp-json\/wp\/v2\/types\/page"}],"author":[{"embeddable":true,"href":"https:\/\/www.swisssem.ch\/de\/wp-json\/wp\/v2\/users\/6"}],"replies":[{"embeddable":true,"href":"https:\/\/www.swisssem.ch\/de\/wp-json\/wp\/v2\/comments?post=7494"}],"version-history":[{"count":15,"href":"https:\/\/www.swisssem.ch\/de\/wp-json\/wp\/v2\/pages\/7494\/revisions"}],"predecessor-version":[{"id":7668,"href":"https:\/\/www.swisssem.ch\/de\/wp-json\/wp\/v2\/pages\/7494\/revisions\/7668"}],"up":[{"embeddable":true,"href":"https:\/\/www.swisssem.ch\/de\/wp-json\/wp\/v2\/pages\/7489"}],"wp:attachment":[{"href":"https:\/\/www.swisssem.ch\/de\/wp-json\/wp\/v2\/media?parent=7494"}],"curies":[{"name":"wp","href":"https:\/\/api.w.org\/{rel}","templated":true}]}}