{"id":7489,"date":"2021-02-08T15:45:42","date_gmt":"2021-02-08T14:45:42","guid":{"rendered":"https:\/\/www.swisssem.ch\/?page_id=7489"},"modified":"2021-02-09T10:53:24","modified_gmt":"2021-02-09T09:53:24","slug":"neue-vorstandsmitglieder","status":"publish","type":"page","link":"https:\/\/www.swisssem.ch\/de\/mitgliederbereich\/archiv_newsletter\/newsletter-februar-2021\/neue-vorstandsmitglieder\/","title":{"rendered":"Neue Vorstandsmitglieder 2021"},"content":{"rendered":"\n<h2 class=\"wp-block-heading\"><strong>Neue Vorstandsmitglieder<\/strong><\/h2>\n\n\n\n<p>Fritz Herren, Mitglied der SGD und Jean-Luc Pidoux von der ASS haben das Ende ihrer Amtszeit erreicht und gaben daher ihren R\u00fccktritt bekannt. Damit verlieren wir zwei Pr\u00e4sidenten. Jean-Luc Pidoux war Pr\u00e4sident von swisssem, w\u00e4hrend Fritz Herren neben seiner T\u00e4tigkeit als Mitglied des swisssem Vorstandes auch Pr\u00e4sident der Stiftung Schloss Delley war. Beide traten ihre Positionen im Jahr 2011 an. Mit Bedauern nehmen wir Abschied von zwei Pers\u00f6nlichkeiten, denen das Thema Saatgut sehr stark am Herzen lag und die sich immer daf\u00fcr eingesetzt haben, L\u00f6sungen zu finden, von denen alle Produzenten profitieren. Wir danken den Beiden sehr herzlich f\u00fcr ihr Engagement und w\u00fcnschen ihnen viel Freude und Zufriedenheit in ihrem n\u00e4chsten Lebensabschnitt. Die Situation im Zusammenhang mit COVID19 l\u00e4sst es leider nicht zu, die beiden R\u00fccktritte w\u00fcrdig zu feiern. Mit ihrer Stimmkarte w\u00e4hlten die Delegierten <a href=\"https:\/\/www.swisssem.ch\/de\/mitgliederbereich\/archiv_newsletter\/newsletter-februar-2021\/neue-vorstandsmitglieder\/vorstellung-vorstandsmitglieder\/\"><strong>Marc-Henri Chevalley von der ASS<\/strong> und <strong>Benno Jungo von der SGD<\/strong><\/a> einstimmig als Nachfolger der beiden scheidenden Mitglieder. <\/p>\n\n\n\n<h2 class=\"wp-block-heading\"><\/h2>\n\n\n\n<div class=\"wp-block-columns is-layout-flex wp-container-core-columns-is-layout-9d6595d7 wp-block-columns-is-layout-flex\">\n<div class=\"wp-block-column is-layout-flow wp-block-column-is-layout-flow\"><\/div>\n\n\n\n<div class=\"wp-block-column is-layout-flow wp-block-column-is-layout-flow\">\n<h2 class=\"wp-block-heading\"><strong>Neuer Pr\u00e4sident<\/strong><\/h2>\n<\/div>\n\n\n\n<div class=\"wp-block-column is-layout-flow wp-block-column-is-layout-flow\"><\/div>\n<\/div>\n\n\n\n<p><\/p>\n\n\n\n<div class=\"wp-block-columns is-layout-flex wp-container-core-columns-is-layout-9d6595d7 wp-block-columns-is-layout-flex\">\n<div class=\"wp-block-column is-layout-flow wp-block-column-is-layout-flow\" style=\"flex-basis:33.33%\">\n<figure class=\"wp-block-image size-large is-resized\"><img loading=\"lazy\" decoding=\"async\" src=\"https:\/\/www.swisssem.ch\/wp-content\/uploads\/2020\/04\/de-rougemont.jpg\" alt=\"\" class=\"wp-image-6060\" width=\"161\" height=\"215\" srcset=\"https:\/\/www.swisssem.ch\/wp-content\/uploads\/2020\/04\/de-rougemont.jpg 325w, https:\/\/www.swisssem.ch\/wp-content\/uploads\/2020\/04\/de-rougemont-225x300.jpg 225w\" sizes=\"auto, (max-width: 161px) 100vw, 161px\" \/><figcaption>Lukas de Rougemont<\/figcaption><\/figure>\n\n\n\n<p><\/p>\n<\/div>\n\n\n\n<div class=\"wp-block-column is-layout-flow wp-block-column-is-layout-flow\" style=\"flex-basis:66.66%\">\n<p>Es ging auch darum, einen neuen Pr\u00e4sidenten f\u00fcr swisssem zu w\u00e4hlen. Die Wahl fiel auf <strong>Lukas de Rougemont<\/strong>. Er ist Betriebsleiter des Gutes der Stiftung Tannenhof in Gampelen (144 ha LN Bio) und Mitglied des SEMAG-Vorstandes. Seit 2019 war er auch Vizepr\u00e4sident des Vorstands von swisssem<\/p>\n<\/div>\n<\/div>\n\n\n\n<p>Der Pr\u00e4sident der Stiftung Schloss Delley wird an der n\u00e4chsten Sitzung des Stiftungsrates gew\u00e4hlt.<\/p>\n","protected":false},"excerpt":{"rendered":"<p>Neue Vorstandsmitglieder Fritz Herren, Mitglied der SGD und Jean-Luc Pidoux von der ASS haben das Ende ihrer Amtszeit erreicht und gaben daher ihren R\u00fccktritt bekannt. Damit verlieren wir zwei Pr\u00e4sidenten. Jean-Luc Pidoux war Pr\u00e4sident von swisssem, w\u00e4hrend Fritz Herren neben seiner T\u00e4tigkeit als Mitglied des swisssem Vorstandes auch Pr\u00e4sident der Stiftung Schloss Delley war. Beide [&hellip;]<\/p>\n","protected":false},"author":6,"featured_media":0,"parent":7480,"menu_order":98,"comment_status":"closed","ping_status":"closed","template":"","meta":{"_acf_changed":false,"footnotes":""},"class_list":["post-7489","page","type-page","status-publish","hentry"],"acf":[],"yoast_head":"<!-- This site is optimized with the Yoast SEO plugin v27.1.1 - https:\/\/yoast.com\/product\/yoast-seo-wordpress\/ -->\n<title>Neue Vorstandsmitglieder 2021 - swisssem saatgut schweiz<\/title>\n<meta name=\"robots\" content=\"index, follow, max-snippet:-1, max-image-preview:large, max-video-preview:-1\" \/>\n<link rel=\"canonical\" href=\"https:\/\/www.swisssem.ch\/de\/mitgliederbereich\/archiv_newsletter\/newsletter-februar-2021\/neue-vorstandsmitglieder\/\" \/>\n<meta property=\"og:locale\" content=\"de_DE\" \/>\n<meta property=\"og:type\" content=\"article\" \/>\n<meta property=\"og:title\" content=\"Neue Vorstandsmitglieder 2021 - swisssem saatgut schweiz\" \/>\n<meta property=\"og:description\" content=\"Neue Vorstandsmitglieder Fritz Herren, Mitglied der SGD und Jean-Luc Pidoux von der ASS haben das Ende ihrer Amtszeit erreicht und gaben daher ihren R\u00fccktritt bekannt. Damit verlieren wir zwei Pr\u00e4sidenten. Jean-Luc Pidoux war Pr\u00e4sident von swisssem, w\u00e4hrend Fritz Herren neben seiner T\u00e4tigkeit als Mitglied des swisssem Vorstandes auch Pr\u00e4sident der Stiftung Schloss Delley war. Beide [&hellip;]\" \/>\n<meta property=\"og:url\" content=\"https:\/\/www.swisssem.ch\/de\/mitgliederbereich\/archiv_newsletter\/newsletter-februar-2021\/neue-vorstandsmitglieder\/\" \/>\n<meta property=\"og:site_name\" content=\"swisssem saatgut schweiz\" \/>\n<meta property=\"article:modified_time\" content=\"2021-02-09T09:53:24+00:00\" \/>\n<meta property=\"og:image\" content=\"https:\/\/www.swisssem.ch\/wp-content\/uploads\/2020\/04\/de-rougemont.jpg\" \/>\n<meta name=\"twitter:card\" content=\"summary_large_image\" \/>\n<meta name=\"twitter:label1\" content=\"Gesch\u00e4tzte Lesezeit\" \/>\n\t<meta name=\"twitter:data1\" content=\"1\u00a0Minute\" \/>\n<script type=\"application\/ld+json\" class=\"yoast-schema-graph\">{\"@context\":\"https:\/\/schema.org\",\"@graph\":[{\"@type\":\"WebPage\",\"@id\":\"https:\/\/www.swisssem.ch\/de\/mitgliederbereich\/archiv_newsletter\/newsletter-februar-2021\/neue-vorstandsmitglieder\/\",\"url\":\"https:\/\/www.swisssem.ch\/de\/mitgliederbereich\/archiv_newsletter\/newsletter-februar-2021\/neue-vorstandsmitglieder\/\",\"name\":\"Neue Vorstandsmitglieder 2021 - swisssem saatgut schweiz\",\"isPartOf\":{\"@id\":\"https:\/\/www.swisssem.ch\/de\/#website\"},\"primaryImageOfPage\":{\"@id\":\"https:\/\/www.swisssem.ch\/de\/mitgliederbereich\/archiv_newsletter\/newsletter-februar-2021\/neue-vorstandsmitglieder\/#primaryimage\"},\"image\":{\"@id\":\"https:\/\/www.swisssem.ch\/de\/mitgliederbereich\/archiv_newsletter\/newsletter-februar-2021\/neue-vorstandsmitglieder\/#primaryimage\"},\"thumbnailUrl\":\"https:\/\/www.swisssem.ch\/wp-content\/uploads\/2020\/04\/de-rougemont.jpg\",\"datePublished\":\"2021-02-08T14:45:42+00:00\",\"dateModified\":\"2021-02-09T09:53:24+00:00\",\"breadcrumb\":{\"@id\":\"https:\/\/www.swisssem.ch\/de\/mitgliederbereich\/archiv_newsletter\/newsletter-februar-2021\/neue-vorstandsmitglieder\/#breadcrumb\"},\"inLanguage\":\"de\",\"potentialAction\":[{\"@type\":\"ReadAction\",\"target\":[\"https:\/\/www.swisssem.ch\/de\/mitgliederbereich\/archiv_newsletter\/newsletter-februar-2021\/neue-vorstandsmitglieder\/\"]}]},{\"@type\":\"ImageObject\",\"inLanguage\":\"de\",\"@id\":\"https:\/\/www.swisssem.ch\/de\/mitgliederbereich\/archiv_newsletter\/newsletter-februar-2021\/neue-vorstandsmitglieder\/#primaryimage\",\"url\":\"https:\/\/www.swisssem.ch\/wp-content\/uploads\/2020\/04\/de-rougemont.jpg\",\"contentUrl\":\"https:\/\/www.swisssem.ch\/wp-content\/uploads\/2020\/04\/de-rougemont.jpg\"},{\"@type\":\"BreadcrumbList\",\"@id\":\"https:\/\/www.swisssem.ch\/de\/mitgliederbereich\/archiv_newsletter\/newsletter-februar-2021\/neue-vorstandsmitglieder\/#breadcrumb\",\"itemListElement\":[{\"@type\":\"ListItem\",\"position\":1,\"name\":\"Home\",\"item\":\"https:\/\/www.swisssem.ch\/de\/\"},{\"@type\":\"ListItem\",\"position\":2,\"name\":\"Mitgliederbereich\",\"item\":\"https:\/\/www.swisssem.ch\/de\/mitgliederbereich\/\"},{\"@type\":\"ListItem\",\"position\":3,\"name\":\"Newsletters\",\"item\":\"https:\/\/www.swisssem.ch\/de\/mitgliederbereich\/archiv_newsletter\/\"},{\"@type\":\"ListItem\",\"position\":4,\"name\":\"Newsletter Februar 2021\",\"item\":\"https:\/\/www.swisssem.ch\/de\/mitgliederbereich\/archiv_newsletter\/newsletter-februar-2021\/\"},{\"@type\":\"ListItem\",\"position\":5,\"name\":\"Neue Vorstandsmitglieder 2021\"}]},{\"@type\":\"WebSite\",\"@id\":\"https:\/\/www.swisssem.ch\/de\/#website\",\"url\":\"https:\/\/www.swisssem.ch\/de\/\",\"name\":\"swisssem saatgut schweiz\",\"description\":\"\",\"publisher\":{\"@id\":\"https:\/\/www.swisssem.ch\/de\/#organization\"},\"potentialAction\":[{\"@type\":\"SearchAction\",\"target\":{\"@type\":\"EntryPoint\",\"urlTemplate\":\"https:\/\/www.swisssem.ch\/de\/?s={search_term_string}\"},\"query-input\":{\"@type\":\"PropertyValueSpecification\",\"valueRequired\":true,\"valueName\":\"search_term_string\"}}],\"inLanguage\":\"de\"},{\"@type\":\"Organization\",\"@id\":\"https:\/\/www.swisssem.ch\/de\/#organization\",\"name\":\"swisssem saatgut schweiz\",\"url\":\"https:\/\/www.swisssem.ch\/de\/\",\"logo\":{\"@type\":\"ImageObject\",\"inLanguage\":\"de\",\"@id\":\"https:\/\/www.swisssem.ch\/de\/#\/schema\/logo\/image\/\",\"url\":\"https:\/\/www.swisssem.ch\/wp-content\/uploads\/2020\/03\/Logo_swisssem_RGB-1.jpg\",\"contentUrl\":\"https:\/\/www.swisssem.ch\/wp-content\/uploads\/2020\/03\/Logo_swisssem_RGB-1.jpg\",\"width\":1684,\"height\":430,\"caption\":\"swisssem saatgut schweiz\"},\"image\":{\"@id\":\"https:\/\/www.swisssem.ch\/de\/#\/schema\/logo\/image\/\"}}]}<\/script>\n<!-- \/ Yoast SEO plugin. -->","yoast_head_json":{"title":"Neue Vorstandsmitglieder 2021 - swisssem saatgut schweiz","robots":{"index":"index","follow":"follow","max-snippet":"max-snippet:-1","max-image-preview":"max-image-preview:large","max-video-preview":"max-video-preview:-1"},"canonical":"https:\/\/www.swisssem.ch\/de\/mitgliederbereich\/archiv_newsletter\/newsletter-februar-2021\/neue-vorstandsmitglieder\/","og_locale":"de_DE","og_type":"article","og_title":"Neue Vorstandsmitglieder 2021 - swisssem saatgut schweiz","og_description":"Neue Vorstandsmitglieder Fritz Herren, Mitglied der SGD und Jean-Luc Pidoux von der ASS haben das Ende ihrer Amtszeit erreicht und gaben daher ihren R\u00fccktritt bekannt. Damit verlieren wir zwei Pr\u00e4sidenten. Jean-Luc Pidoux war Pr\u00e4sident von swisssem, w\u00e4hrend Fritz Herren neben seiner T\u00e4tigkeit als Mitglied des swisssem Vorstandes auch Pr\u00e4sident der Stiftung Schloss Delley war. Beide [&hellip;]","og_url":"https:\/\/www.swisssem.ch\/de\/mitgliederbereich\/archiv_newsletter\/newsletter-februar-2021\/neue-vorstandsmitglieder\/","og_site_name":"swisssem saatgut schweiz","article_modified_time":"2021-02-09T09:53:24+00:00","og_image":[{"url":"https:\/\/www.swisssem.ch\/wp-content\/uploads\/2020\/04\/de-rougemont.jpg","type":"","width":"","height":""}],"twitter_card":"summary_large_image","twitter_misc":{"Gesch\u00e4tzte Lesezeit":"1\u00a0Minute"},"schema":{"@context":"https:\/\/schema.org","@graph":[{"@type":"WebPage","@id":"https:\/\/www.swisssem.ch\/de\/mitgliederbereich\/archiv_newsletter\/newsletter-februar-2021\/neue-vorstandsmitglieder\/","url":"https:\/\/www.swisssem.ch\/de\/mitgliederbereich\/archiv_newsletter\/newsletter-februar-2021\/neue-vorstandsmitglieder\/","name":"Neue Vorstandsmitglieder 2021 - swisssem saatgut schweiz","isPartOf":{"@id":"https:\/\/www.swisssem.ch\/de\/#website"},"primaryImageOfPage":{"@id":"https:\/\/www.swisssem.ch\/de\/mitgliederbereich\/archiv_newsletter\/newsletter-februar-2021\/neue-vorstandsmitglieder\/#primaryimage"},"image":{"@id":"https:\/\/www.swisssem.ch\/de\/mitgliederbereich\/archiv_newsletter\/newsletter-februar-2021\/neue-vorstandsmitglieder\/#primaryimage"},"thumbnailUrl":"https:\/\/www.swisssem.ch\/wp-content\/uploads\/2020\/04\/de-rougemont.jpg","datePublished":"2021-02-08T14:45:42+00:00","dateModified":"2021-02-09T09:53:24+00:00","breadcrumb":{"@id":"https:\/\/www.swisssem.ch\/de\/mitgliederbereich\/archiv_newsletter\/newsletter-februar-2021\/neue-vorstandsmitglieder\/#breadcrumb"},"inLanguage":"de","potentialAction":[{"@type":"ReadAction","target":["https:\/\/www.swisssem.ch\/de\/mitgliederbereich\/archiv_newsletter\/newsletter-februar-2021\/neue-vorstandsmitglieder\/"]}]},{"@type":"ImageObject","inLanguage":"de","@id":"https:\/\/www.swisssem.ch\/de\/mitgliederbereich\/archiv_newsletter\/newsletter-februar-2021\/neue-vorstandsmitglieder\/#primaryimage","url":"https:\/\/www.swisssem.ch\/wp-content\/uploads\/2020\/04\/de-rougemont.jpg","contentUrl":"https:\/\/www.swisssem.ch\/wp-content\/uploads\/2020\/04\/de-rougemont.jpg"},{"@type":"BreadcrumbList","@id":"https:\/\/www.swisssem.ch\/de\/mitgliederbereich\/archiv_newsletter\/newsletter-februar-2021\/neue-vorstandsmitglieder\/#breadcrumb","itemListElement":[{"@type":"ListItem","position":1,"name":"Home","item":"https:\/\/www.swisssem.ch\/de\/"},{"@type":"ListItem","position":2,"name":"Mitgliederbereich","item":"https:\/\/www.swisssem.ch\/de\/mitgliederbereich\/"},{"@type":"ListItem","position":3,"name":"Newsletters","item":"https:\/\/www.swisssem.ch\/de\/mitgliederbereich\/archiv_newsletter\/"},{"@type":"ListItem","position":4,"name":"Newsletter Februar 2021","item":"https:\/\/www.swisssem.ch\/de\/mitgliederbereich\/archiv_newsletter\/newsletter-februar-2021\/"},{"@type":"ListItem","position":5,"name":"Neue Vorstandsmitglieder 2021"}]},{"@type":"WebSite","@id":"https:\/\/www.swisssem.ch\/de\/#website","url":"https:\/\/www.swisssem.ch\/de\/","name":"swisssem saatgut schweiz","description":"","publisher":{"@id":"https:\/\/www.swisssem.ch\/de\/#organization"},"potentialAction":[{"@type":"SearchAction","target":{"@type":"EntryPoint","urlTemplate":"https:\/\/www.swisssem.ch\/de\/?s={search_term_string}"},"query-input":{"@type":"PropertyValueSpecification","valueRequired":true,"valueName":"search_term_string"}}],"inLanguage":"de"},{"@type":"Organization","@id":"https:\/\/www.swisssem.ch\/de\/#organization","name":"swisssem saatgut schweiz","url":"https:\/\/www.swisssem.ch\/de\/","logo":{"@type":"ImageObject","inLanguage":"de","@id":"https:\/\/www.swisssem.ch\/de\/#\/schema\/logo\/image\/","url":"https:\/\/www.swisssem.ch\/wp-content\/uploads\/2020\/03\/Logo_swisssem_RGB-1.jpg","contentUrl":"https:\/\/www.swisssem.ch\/wp-content\/uploads\/2020\/03\/Logo_swisssem_RGB-1.jpg","width":1684,"height":430,"caption":"swisssem saatgut schweiz"},"image":{"@id":"https:\/\/www.swisssem.ch\/de\/#\/schema\/logo\/image\/"}}]}},"_links":{"self":[{"href":"https:\/\/www.swisssem.ch\/de\/wp-json\/wp\/v2\/pages\/7489","targetHints":{"allow":["GET"]}}],"collection":[{"href":"https:\/\/www.swisssem.ch\/de\/wp-json\/wp\/v2\/pages"}],"about":[{"href":"https:\/\/www.swisssem.ch\/de\/wp-json\/wp\/v2\/types\/page"}],"author":[{"embeddable":true,"href":"https:\/\/www.swisssem.ch\/de\/wp-json\/wp\/v2\/users\/6"}],"replies":[{"embeddable":true,"href":"https:\/\/www.swisssem.ch\/de\/wp-json\/wp\/v2\/comments?post=7489"}],"version-history":[{"count":7,"href":"https:\/\/www.swisssem.ch\/de\/wp-json\/wp\/v2\/pages\/7489\/revisions"}],"predecessor-version":[{"id":7580,"href":"https:\/\/www.swisssem.ch\/de\/wp-json\/wp\/v2\/pages\/7489\/revisions\/7580"}],"up":[{"embeddable":true,"href":"https:\/\/www.swisssem.ch\/de\/wp-json\/wp\/v2\/pages\/7480"}],"wp:attachment":[{"href":"https:\/\/www.swisssem.ch\/de\/wp-json\/wp\/v2\/media?parent=7489"}],"curies":[{"name":"wp","href":"https:\/\/api.w.org\/{rel}","templated":true}]}}