{"id":7480,"date":"2021-02-08T15:28:35","date_gmt":"2021-02-08T14:28:35","guid":{"rendered":"https:\/\/www.swisssem.ch\/?page_id=7480"},"modified":"2021-02-09T11:18:44","modified_gmt":"2021-02-09T10:18:44","slug":"newsletter-februar-2021","status":"publish","type":"page","link":"https:\/\/www.swisssem.ch\/de\/mitgliederbereich\/archiv_newsletter\/newsletter-februar-2021\/","title":{"rendered":"Newsletter Februar 2021"},"content":{"rendered":"\n<h2 class=\"wp-block-heading\"><strong>Delegiertenversammlung &#8211; 27.01.2021<\/strong><\/h2>\n\n\n\n<p>Wie zahlreiche andere statutarische Versammlungen wurde auch die Delegiertenversammlung von swisssem, dem Schweizerischen Saatgutproduzenten-Verband, auf dem Korrespondenzweg abgehalten.<br>Die Delegierten genehmigten die Jahresrechnung, den T\u00e4tigkeitsbericht sowie das Budget.<br>Auch dem T\u00e4tigkeitsprogramm 2020\/21 wurde zugestimmt. Es sei darauf hingewiesen, dass f\u00fcr den <br><strong>29. Juni 2021 ein Tag der offenen T\u00fcr f\u00fcr die Produzenten<\/strong> geplant ist, nat\u00fcrlich unter der Voraussetzung, dass die Situation im Zusammenhang mit COVID19 dies zul\u00e4sst.<\/p>\n\n\n\n<h2 class=\"wp-block-heading\"><strong>Neue Vorstandsmitglieder und neuer Pr\u00e4sident<\/strong><\/h2>\n\n\n\n<p>Zwei Mitglieder des Vorstandes haben das Ende ihrer Amtszeit erreicht und gaben daher ihren R\u00fccktritt bekannt. Es handelt sich um Fritz Herren, Mitglied der SGD und Jean-Luc Pidoux von der ASS. Mit ihrer Stimmkarte w\u00e4hlten die Delegierten <strong>Marc-Henri Chevalley von der ASS<\/strong> und <strong>Benno Jungo von der SGD<\/strong> einstimmig als Nachfolger der beiden scheidenden Mitglieder.<\/p>\n\n\n\n<p><strong>Lukas de Rougemont<\/strong> wurde als neuer Pr\u00e4sident des Vorstands von swisssem gew\u00e4hlt.<br><a href=\"https:\/\/www.swisssem.ch\/de\/mitgliederbereich\/archiv_newsletter\/newsletter-februar-2021\/neue-vorstandsmitglieder\/\">Mehr lesen<\/a><\/p>\n\n\n\n<div class=\"wp-block-columns is-layout-flex wp-container-core-columns-is-layout-9d6595d7 wp-block-columns-is-layout-flex\">\n<div class=\"wp-block-column is-layout-flow wp-block-column-is-layout-flow\"><\/div>\n\n\n\n<div class=\"wp-block-column is-layout-flow wp-block-column-is-layout-flow\"><\/div>\n<\/div>\n\n\n\n<h2 class=\"wp-block-heading\"><strong>Informationen \u00fcber die Ernte 2020<\/strong><\/h2>\n\n\n\n<p>Die Verk\u00e4ufe von Wintersaatgetreide aus der Ernte 2020 stiegen im Vergleich zum Vorjahr um 4,3%. Die Stabilisierung des Umsatzes best\u00e4tigt sich.<br>Die zertifizierte Gesamtmenge an Pflanzkartoffeln erreichte 24\u2019973 t, 15% mehr als im Jahr 2019.<br><strong>(<a href=\"https:\/\/www.swisssem.ch\/de\/mitgliederbereich\/archiv_newsletter\/newsletter-februar-2021\/aktualitaeten-der-ernte-2021\/\">mehr lesen)<\/a><\/strong><\/p>\n\n\n\n<h2 class=\"wp-block-heading\"><strong>Projekt DSP AG<\/strong><\/h2>\n\n\n\n<div class=\"wp-block-group\"><div class=\"wp-block-group__inner-container is-layout-flow wp-block-group-is-layout-flow\">\n<p>Die DSP AG wird ein Projekt zur Verbesserung der vorhandenen Infrastruktur realisieren. swisssem, die Eigent\u00fcmerin der Grundst\u00fccke, hat beschlossen, ein Baurecht an DSP zu gew\u00e4hren inklusive der \u00dcbertragung aller Geb\u00e4ude. Damit ist ein wichtiger Grundstein f\u00fcr die Verwirklichung dieses Projekts gelegt.<\/p>\n<\/div><\/div>\n\n\n\n<p><\/p>\n","protected":false},"excerpt":{"rendered":"<p>Delegiertenversammlung &#8211; 27.01.2021 Wie zahlreiche andere statutarische Versammlungen wurde auch die Delegiertenversammlung von swisssem, dem Schweizerischen Saatgutproduzenten-Verband, auf dem Korrespondenzweg abgehalten.Die Delegierten genehmigten die Jahresrechnung, den T\u00e4tigkeitsbericht sowie das Budget.Auch dem T\u00e4tigkeitsprogramm 2020\/21 wurde zugestimmt. Es sei darauf hingewiesen, dass f\u00fcr den 29. Juni 2021 ein Tag der offenen T\u00fcr f\u00fcr die Produzenten geplant ist, [&hellip;]<\/p>\n","protected":false},"author":6,"featured_media":0,"parent":1895,"menu_order":112,"comment_status":"closed","ping_status":"closed","template":"","meta":{"_acf_changed":false,"footnotes":""},"class_list":["post-7480","page","type-page","status-publish","hentry"],"acf":[],"yoast_head":"<!-- This site is optimized with the Yoast SEO plugin v27.1.1 - https:\/\/yoast.com\/product\/yoast-seo-wordpress\/ -->\n<title>Newsletter Februar 2021 - swisssem saatgut schweiz<\/title>\n<meta name=\"robots\" content=\"index, follow, max-snippet:-1, max-image-preview:large, max-video-preview:-1\" \/>\n<link rel=\"canonical\" href=\"https:\/\/www.swisssem.ch\/de\/mitgliederbereich\/archiv_newsletter\/newsletter-februar-2021\/\" \/>\n<meta property=\"og:locale\" content=\"de_DE\" \/>\n<meta property=\"og:type\" content=\"article\" \/>\n<meta property=\"og:title\" content=\"Newsletter Februar 2021 - swisssem saatgut schweiz\" \/>\n<meta property=\"og:description\" content=\"Delegiertenversammlung &#8211; 27.01.2021 Wie zahlreiche andere statutarische Versammlungen wurde auch die Delegiertenversammlung von swisssem, dem Schweizerischen Saatgutproduzenten-Verband, auf dem Korrespondenzweg abgehalten.Die Delegierten genehmigten die Jahresrechnung, den T\u00e4tigkeitsbericht sowie das Budget.Auch dem T\u00e4tigkeitsprogramm 2020\/21 wurde zugestimmt. Es sei darauf hingewiesen, dass f\u00fcr den 29. Juni 2021 ein Tag der offenen T\u00fcr f\u00fcr die Produzenten geplant ist, [&hellip;]\" \/>\n<meta property=\"og:url\" content=\"https:\/\/www.swisssem.ch\/de\/mitgliederbereich\/archiv_newsletter\/newsletter-februar-2021\/\" \/>\n<meta property=\"og:site_name\" content=\"swisssem saatgut schweiz\" \/>\n<meta property=\"article:modified_time\" content=\"2021-02-09T10:18:44+00:00\" \/>\n<meta name=\"twitter:card\" content=\"summary_large_image\" \/>\n<meta name=\"twitter:label1\" content=\"Gesch\u00e4tzte Lesezeit\" \/>\n\t<meta name=\"twitter:data1\" content=\"1\u00a0Minute\" \/>\n<script type=\"application\/ld+json\" class=\"yoast-schema-graph\">{\"@context\":\"https:\/\/schema.org\",\"@graph\":[{\"@type\":\"WebPage\",\"@id\":\"https:\/\/www.swisssem.ch\/de\/mitgliederbereich\/archiv_newsletter\/newsletter-februar-2021\/\",\"url\":\"https:\/\/www.swisssem.ch\/de\/mitgliederbereich\/archiv_newsletter\/newsletter-februar-2021\/\",\"name\":\"Newsletter Februar 2021 - swisssem saatgut schweiz\",\"isPartOf\":{\"@id\":\"https:\/\/www.swisssem.ch\/de\/#website\"},\"datePublished\":\"2021-02-08T14:28:35+00:00\",\"dateModified\":\"2021-02-09T10:18:44+00:00\",\"breadcrumb\":{\"@id\":\"https:\/\/www.swisssem.ch\/de\/mitgliederbereich\/archiv_newsletter\/newsletter-februar-2021\/#breadcrumb\"},\"inLanguage\":\"de\",\"potentialAction\":[{\"@type\":\"ReadAction\",\"target\":[\"https:\/\/www.swisssem.ch\/de\/mitgliederbereich\/archiv_newsletter\/newsletter-februar-2021\/\"]}]},{\"@type\":\"BreadcrumbList\",\"@id\":\"https:\/\/www.swisssem.ch\/de\/mitgliederbereich\/archiv_newsletter\/newsletter-februar-2021\/#breadcrumb\",\"itemListElement\":[{\"@type\":\"ListItem\",\"position\":1,\"name\":\"Home\",\"item\":\"https:\/\/www.swisssem.ch\/de\/\"},{\"@type\":\"ListItem\",\"position\":2,\"name\":\"Mitgliederbereich\",\"item\":\"https:\/\/www.swisssem.ch\/de\/mitgliederbereich\/\"},{\"@type\":\"ListItem\",\"position\":3,\"name\":\"Newsletters\",\"item\":\"https:\/\/www.swisssem.ch\/de\/mitgliederbereich\/archiv_newsletter\/\"},{\"@type\":\"ListItem\",\"position\":4,\"name\":\"Newsletter Februar 2021\"}]},{\"@type\":\"WebSite\",\"@id\":\"https:\/\/www.swisssem.ch\/de\/#website\",\"url\":\"https:\/\/www.swisssem.ch\/de\/\",\"name\":\"swisssem saatgut schweiz\",\"description\":\"\",\"publisher\":{\"@id\":\"https:\/\/www.swisssem.ch\/de\/#organization\"},\"potentialAction\":[{\"@type\":\"SearchAction\",\"target\":{\"@type\":\"EntryPoint\",\"urlTemplate\":\"https:\/\/www.swisssem.ch\/de\/?s={search_term_string}\"},\"query-input\":{\"@type\":\"PropertyValueSpecification\",\"valueRequired\":true,\"valueName\":\"search_term_string\"}}],\"inLanguage\":\"de\"},{\"@type\":\"Organization\",\"@id\":\"https:\/\/www.swisssem.ch\/de\/#organization\",\"name\":\"swisssem saatgut schweiz\",\"url\":\"https:\/\/www.swisssem.ch\/de\/\",\"logo\":{\"@type\":\"ImageObject\",\"inLanguage\":\"de\",\"@id\":\"https:\/\/www.swisssem.ch\/de\/#\/schema\/logo\/image\/\",\"url\":\"https:\/\/www.swisssem.ch\/wp-content\/uploads\/2020\/03\/Logo_swisssem_RGB-1.jpg\",\"contentUrl\":\"https:\/\/www.swisssem.ch\/wp-content\/uploads\/2020\/03\/Logo_swisssem_RGB-1.jpg\",\"width\":1684,\"height\":430,\"caption\":\"swisssem saatgut schweiz\"},\"image\":{\"@id\":\"https:\/\/www.swisssem.ch\/de\/#\/schema\/logo\/image\/\"}}]}<\/script>\n<!-- \/ Yoast SEO plugin. -->","yoast_head_json":{"title":"Newsletter Februar 2021 - swisssem saatgut schweiz","robots":{"index":"index","follow":"follow","max-snippet":"max-snippet:-1","max-image-preview":"max-image-preview:large","max-video-preview":"max-video-preview:-1"},"canonical":"https:\/\/www.swisssem.ch\/de\/mitgliederbereich\/archiv_newsletter\/newsletter-februar-2021\/","og_locale":"de_DE","og_type":"article","og_title":"Newsletter Februar 2021 - swisssem saatgut schweiz","og_description":"Delegiertenversammlung &#8211; 27.01.2021 Wie zahlreiche andere statutarische Versammlungen wurde auch die Delegiertenversammlung von swisssem, dem Schweizerischen Saatgutproduzenten-Verband, auf dem Korrespondenzweg abgehalten.Die Delegierten genehmigten die Jahresrechnung, den T\u00e4tigkeitsbericht sowie das Budget.Auch dem T\u00e4tigkeitsprogramm 2020\/21 wurde zugestimmt. Es sei darauf hingewiesen, dass f\u00fcr den 29. Juni 2021 ein Tag der offenen T\u00fcr f\u00fcr die Produzenten geplant ist, [&hellip;]","og_url":"https:\/\/www.swisssem.ch\/de\/mitgliederbereich\/archiv_newsletter\/newsletter-februar-2021\/","og_site_name":"swisssem saatgut schweiz","article_modified_time":"2021-02-09T10:18:44+00:00","twitter_card":"summary_large_image","twitter_misc":{"Gesch\u00e4tzte Lesezeit":"1\u00a0Minute"},"schema":{"@context":"https:\/\/schema.org","@graph":[{"@type":"WebPage","@id":"https:\/\/www.swisssem.ch\/de\/mitgliederbereich\/archiv_newsletter\/newsletter-februar-2021\/","url":"https:\/\/www.swisssem.ch\/de\/mitgliederbereich\/archiv_newsletter\/newsletter-februar-2021\/","name":"Newsletter Februar 2021 - swisssem saatgut schweiz","isPartOf":{"@id":"https:\/\/www.swisssem.ch\/de\/#website"},"datePublished":"2021-02-08T14:28:35+00:00","dateModified":"2021-02-09T10:18:44+00:00","breadcrumb":{"@id":"https:\/\/www.swisssem.ch\/de\/mitgliederbereich\/archiv_newsletter\/newsletter-februar-2021\/#breadcrumb"},"inLanguage":"de","potentialAction":[{"@type":"ReadAction","target":["https:\/\/www.swisssem.ch\/de\/mitgliederbereich\/archiv_newsletter\/newsletter-februar-2021\/"]}]},{"@type":"BreadcrumbList","@id":"https:\/\/www.swisssem.ch\/de\/mitgliederbereich\/archiv_newsletter\/newsletter-februar-2021\/#breadcrumb","itemListElement":[{"@type":"ListItem","position":1,"name":"Home","item":"https:\/\/www.swisssem.ch\/de\/"},{"@type":"ListItem","position":2,"name":"Mitgliederbereich","item":"https:\/\/www.swisssem.ch\/de\/mitgliederbereich\/"},{"@type":"ListItem","position":3,"name":"Newsletters","item":"https:\/\/www.swisssem.ch\/de\/mitgliederbereich\/archiv_newsletter\/"},{"@type":"ListItem","position":4,"name":"Newsletter Februar 2021"}]},{"@type":"WebSite","@id":"https:\/\/www.swisssem.ch\/de\/#website","url":"https:\/\/www.swisssem.ch\/de\/","name":"swisssem saatgut schweiz","description":"","publisher":{"@id":"https:\/\/www.swisssem.ch\/de\/#organization"},"potentialAction":[{"@type":"SearchAction","target":{"@type":"EntryPoint","urlTemplate":"https:\/\/www.swisssem.ch\/de\/?s={search_term_string}"},"query-input":{"@type":"PropertyValueSpecification","valueRequired":true,"valueName":"search_term_string"}}],"inLanguage":"de"},{"@type":"Organization","@id":"https:\/\/www.swisssem.ch\/de\/#organization","name":"swisssem saatgut schweiz","url":"https:\/\/www.swisssem.ch\/de\/","logo":{"@type":"ImageObject","inLanguage":"de","@id":"https:\/\/www.swisssem.ch\/de\/#\/schema\/logo\/image\/","url":"https:\/\/www.swisssem.ch\/wp-content\/uploads\/2020\/03\/Logo_swisssem_RGB-1.jpg","contentUrl":"https:\/\/www.swisssem.ch\/wp-content\/uploads\/2020\/03\/Logo_swisssem_RGB-1.jpg","width":1684,"height":430,"caption":"swisssem saatgut schweiz"},"image":{"@id":"https:\/\/www.swisssem.ch\/de\/#\/schema\/logo\/image\/"}}]}},"_links":{"self":[{"href":"https:\/\/www.swisssem.ch\/de\/wp-json\/wp\/v2\/pages\/7480","targetHints":{"allow":["GET"]}}],"collection":[{"href":"https:\/\/www.swisssem.ch\/de\/wp-json\/wp\/v2\/pages"}],"about":[{"href":"https:\/\/www.swisssem.ch\/de\/wp-json\/wp\/v2\/types\/page"}],"author":[{"embeddable":true,"href":"https:\/\/www.swisssem.ch\/de\/wp-json\/wp\/v2\/users\/6"}],"replies":[{"embeddable":true,"href":"https:\/\/www.swisssem.ch\/de\/wp-json\/wp\/v2\/comments?post=7480"}],"version-history":[{"count":12,"href":"https:\/\/www.swisssem.ch\/de\/wp-json\/wp\/v2\/pages\/7480\/revisions"}],"predecessor-version":[{"id":7604,"href":"https:\/\/www.swisssem.ch\/de\/wp-json\/wp\/v2\/pages\/7480\/revisions\/7604"}],"up":[{"embeddable":true,"href":"https:\/\/www.swisssem.ch\/de\/wp-json\/wp\/v2\/pages\/1895"}],"wp:attachment":[{"href":"https:\/\/www.swisssem.ch\/de\/wp-json\/wp\/v2\/media?parent=7480"}],"curies":[{"name":"wp","href":"https:\/\/api.w.org\/{rel}","templated":true}]}}