{"id":4932,"date":"2020-03-23T11:31:39","date_gmt":"2020-03-23T10:31:39","guid":{"rendered":"https:\/\/www.swisssem.ch\/?page_id=4932"},"modified":"2020-04-28T11:07:22","modified_gmt":"2020-04-28T09:07:22","slug":"neues-ehrenmitglied","status":"publish","type":"page","link":"https:\/\/www.swisssem.ch\/de\/mitgliederbereich\/archiv_newsletter\/newsletter-februar-2020\/neues-ehrenmitglied\/","title":{"rendered":"Neues Ehrenmitglied 2020"},"content":{"rendered":"\n<h2 class=\"wp-block-heading\">Neues Ehrenmitglied<\/h2>\n\n\n\n<div class=\"wp-block-columns is-layout-flex wp-container-core-columns-is-layout-9d6595d7 wp-block-columns-is-layout-flex\">\n<div class=\"wp-block-column is-layout-flow wp-block-column-is-layout-flow\" style=\"flex-basis:33.33%\">\n<figure class=\"wp-block-image size-large\"><img loading=\"lazy\" decoding=\"async\" width=\"186\" height=\"247\" src=\"https:\/\/www.swisssem.ch\/wp-content\/uploads\/2020\/03\/Evelyne-Thomet.jpg\" alt=\"\" class=\"wp-image-4918\"\/><\/figure>\n<\/div>\n\n\n\n<div class=\"wp-block-column is-layout-flow wp-block-column-is-layout-flow\" style=\"flex-basis:66.66%\">\n<p>Evelyne Thomet, seit Oktober 2011 GL-Vorsitzende der DSP AG, wurde in Anerkennung ihrer Arbeit zugunsten der&nbsp;Saatgutbranche zum Ehrenmitglied ernannt. Frau Thomet kam im Februar 2001 als Assistentin von &#8222;Z-Saatgut Suisse&#8220; zur DSP AG. Ende 2002 \u00fcbernahm sie von Christian Beglinger die Leitung der Abteilung f\u00fcr Feldsamen und ist auch Mitglied der Gesch\u00e4ftsleitung der DSP geworden.&nbsp;Seit 2013 ist sie auch Pr\u00e4sidentin von Swiss-Seed.&nbsp;<\/p>\n\n\n\n<p>Evelyne versteht es, zuzuh\u00f6ren, zu verstehen, zu m\u00e4ssigen, zu argumentieren, zu k\u00e4mpfen und ihre Ziele, die des Unternehmens und seiner Mitarbeiter, zu erreichen, wobei sie nicht vergisst, die Stellung der Frau zu st\u00e4rken.<\/p>\n\n\n\n<p>W\u00e4hrend ihrer gesamten Karriere hat sich Evelyne Thomet stark f\u00fcr die Z\u00fcchtung und Produktion von inl\u00e4ndischem Saatgut eingesetzt. Wir haben ihr viel zu verdanken.<\/p>\n\n\n\n<p>Frau Thomet wird Ende M\u00e4rz 2020 in den wohlverdienten Ruhestand treten. Ihr Nachfolger wird Christian Ochsenbein, derzeit Mitglied der Gesch\u00e4ftsleitung und verantwortlich f\u00fcr den Sektor Feldsamen.<\/p>\n<\/div>\n<\/div>\n","protected":false},"excerpt":{"rendered":"<p>Neues Ehrenmitglied Evelyne Thomet, seit Oktober 2011 GL-Vorsitzende der DSP AG, wurde in Anerkennung ihrer Arbeit zugunsten der&nbsp;Saatgutbranche zum Ehrenmitglied ernannt. Frau Thomet kam im Februar 2001 als Assistentin von &#8222;Z-Saatgut Suisse&#8220; zur DSP AG. Ende 2002 \u00fcbernahm sie von Christian Beglinger die Leitung der Abteilung f\u00fcr Feldsamen und ist auch Mitglied der Gesch\u00e4ftsleitung der [&hellip;]<\/p>\n","protected":false},"author":6,"featured_media":0,"parent":4789,"menu_order":145,"comment_status":"closed","ping_status":"closed","template":"","meta":{"_acf_changed":false,"footnotes":""},"class_list":["post-4932","page","type-page","status-publish","hentry"],"acf":[],"yoast_head":"<!-- This site is optimized with the Yoast SEO plugin v27.1.1 - https:\/\/yoast.com\/product\/yoast-seo-wordpress\/ -->\n<title>Neues Ehrenmitglied 2020 - swisssem saatgut schweiz<\/title>\n<meta name=\"robots\" content=\"index, follow, max-snippet:-1, max-image-preview:large, max-video-preview:-1\" \/>\n<link rel=\"canonical\" href=\"https:\/\/www.swisssem.ch\/de\/mitgliederbereich\/archiv_newsletter\/newsletter-februar-2020\/neues-ehrenmitglied\/\" \/>\n<meta property=\"og:locale\" content=\"de_DE\" \/>\n<meta property=\"og:type\" content=\"article\" \/>\n<meta property=\"og:title\" content=\"Neues Ehrenmitglied 2020 - swisssem saatgut schweiz\" \/>\n<meta property=\"og:description\" content=\"Neues Ehrenmitglied Evelyne Thomet, seit Oktober 2011 GL-Vorsitzende der DSP AG, wurde in Anerkennung ihrer Arbeit zugunsten der&nbsp;Saatgutbranche zum Ehrenmitglied ernannt. Frau Thomet kam im Februar 2001 als Assistentin von &#8222;Z-Saatgut Suisse&#8220; zur DSP AG. Ende 2002 \u00fcbernahm sie von Christian Beglinger die Leitung der Abteilung f\u00fcr Feldsamen und ist auch Mitglied der Gesch\u00e4ftsleitung der [&hellip;]\" \/>\n<meta property=\"og:url\" content=\"https:\/\/www.swisssem.ch\/de\/mitgliederbereich\/archiv_newsletter\/newsletter-februar-2020\/neues-ehrenmitglied\/\" \/>\n<meta property=\"og:site_name\" content=\"swisssem saatgut schweiz\" \/>\n<meta property=\"article:modified_time\" content=\"2020-04-28T09:07:22+00:00\" \/>\n<meta property=\"og:image\" content=\"https:\/\/www.swisssem.ch\/wp-content\/uploads\/2020\/03\/Evelyne-Thomet.jpg\" \/>\n<meta name=\"twitter:card\" content=\"summary_large_image\" \/>\n<meta name=\"twitter:label1\" content=\"Gesch\u00e4tzte Lesezeit\" \/>\n\t<meta name=\"twitter:data1\" content=\"1\u00a0Minute\" \/>\n<script type=\"application\/ld+json\" class=\"yoast-schema-graph\">{\"@context\":\"https:\/\/schema.org\",\"@graph\":[{\"@type\":\"WebPage\",\"@id\":\"https:\/\/www.swisssem.ch\/de\/mitgliederbereich\/archiv_newsletter\/newsletter-februar-2020\/neues-ehrenmitglied\/\",\"url\":\"https:\/\/www.swisssem.ch\/de\/mitgliederbereich\/archiv_newsletter\/newsletter-februar-2020\/neues-ehrenmitglied\/\",\"name\":\"Neues Ehrenmitglied 2020 - swisssem saatgut schweiz\",\"isPartOf\":{\"@id\":\"https:\/\/www.swisssem.ch\/de\/#website\"},\"primaryImageOfPage\":{\"@id\":\"https:\/\/www.swisssem.ch\/de\/mitgliederbereich\/archiv_newsletter\/newsletter-februar-2020\/neues-ehrenmitglied\/#primaryimage\"},\"image\":{\"@id\":\"https:\/\/www.swisssem.ch\/de\/mitgliederbereich\/archiv_newsletter\/newsletter-februar-2020\/neues-ehrenmitglied\/#primaryimage\"},\"thumbnailUrl\":\"https:\/\/www.swisssem.ch\/wp-content\/uploads\/2020\/03\/Evelyne-Thomet.jpg\",\"datePublished\":\"2020-03-23T10:31:39+00:00\",\"dateModified\":\"2020-04-28T09:07:22+00:00\",\"breadcrumb\":{\"@id\":\"https:\/\/www.swisssem.ch\/de\/mitgliederbereich\/archiv_newsletter\/newsletter-februar-2020\/neues-ehrenmitglied\/#breadcrumb\"},\"inLanguage\":\"de\",\"potentialAction\":[{\"@type\":\"ReadAction\",\"target\":[\"https:\/\/www.swisssem.ch\/de\/mitgliederbereich\/archiv_newsletter\/newsletter-februar-2020\/neues-ehrenmitglied\/\"]}]},{\"@type\":\"ImageObject\",\"inLanguage\":\"de\",\"@id\":\"https:\/\/www.swisssem.ch\/de\/mitgliederbereich\/archiv_newsletter\/newsletter-februar-2020\/neues-ehrenmitglied\/#primaryimage\",\"url\":\"https:\/\/www.swisssem.ch\/wp-content\/uploads\/2020\/03\/Evelyne-Thomet.jpg\",\"contentUrl\":\"https:\/\/www.swisssem.ch\/wp-content\/uploads\/2020\/03\/Evelyne-Thomet.jpg\"},{\"@type\":\"BreadcrumbList\",\"@id\":\"https:\/\/www.swisssem.ch\/de\/mitgliederbereich\/archiv_newsletter\/newsletter-februar-2020\/neues-ehrenmitglied\/#breadcrumb\",\"itemListElement\":[{\"@type\":\"ListItem\",\"position\":1,\"name\":\"Home\",\"item\":\"https:\/\/www.swisssem.ch\/de\/\"},{\"@type\":\"ListItem\",\"position\":2,\"name\":\"Mitgliederbereich\",\"item\":\"https:\/\/www.swisssem.ch\/de\/mitgliederbereich\/\"},{\"@type\":\"ListItem\",\"position\":3,\"name\":\"Newsletters\",\"item\":\"https:\/\/www.swisssem.ch\/de\/mitgliederbereich\/archiv_newsletter\/\"},{\"@type\":\"ListItem\",\"position\":4,\"name\":\"Newsletter Februar 2020\",\"item\":\"https:\/\/www.swisssem.ch\/de\/mitgliederbereich\/archiv_newsletter\/newsletter-februar-2020\/\"},{\"@type\":\"ListItem\",\"position\":5,\"name\":\"Neues Ehrenmitglied 2020\"}]},{\"@type\":\"WebSite\",\"@id\":\"https:\/\/www.swisssem.ch\/de\/#website\",\"url\":\"https:\/\/www.swisssem.ch\/de\/\",\"name\":\"swisssem saatgut schweiz\",\"description\":\"\",\"publisher\":{\"@id\":\"https:\/\/www.swisssem.ch\/de\/#organization\"},\"potentialAction\":[{\"@type\":\"SearchAction\",\"target\":{\"@type\":\"EntryPoint\",\"urlTemplate\":\"https:\/\/www.swisssem.ch\/de\/?s={search_term_string}\"},\"query-input\":{\"@type\":\"PropertyValueSpecification\",\"valueRequired\":true,\"valueName\":\"search_term_string\"}}],\"inLanguage\":\"de\"},{\"@type\":\"Organization\",\"@id\":\"https:\/\/www.swisssem.ch\/de\/#organization\",\"name\":\"swisssem saatgut schweiz\",\"url\":\"https:\/\/www.swisssem.ch\/de\/\",\"logo\":{\"@type\":\"ImageObject\",\"inLanguage\":\"de\",\"@id\":\"https:\/\/www.swisssem.ch\/de\/#\/schema\/logo\/image\/\",\"url\":\"https:\/\/www.swisssem.ch\/wp-content\/uploads\/2020\/03\/Logo_swisssem_RGB-1.jpg\",\"contentUrl\":\"https:\/\/www.swisssem.ch\/wp-content\/uploads\/2020\/03\/Logo_swisssem_RGB-1.jpg\",\"width\":1684,\"height\":430,\"caption\":\"swisssem saatgut schweiz\"},\"image\":{\"@id\":\"https:\/\/www.swisssem.ch\/de\/#\/schema\/logo\/image\/\"}}]}<\/script>\n<!-- \/ Yoast SEO plugin. -->","yoast_head_json":{"title":"Neues Ehrenmitglied 2020 - swisssem saatgut schweiz","robots":{"index":"index","follow":"follow","max-snippet":"max-snippet:-1","max-image-preview":"max-image-preview:large","max-video-preview":"max-video-preview:-1"},"canonical":"https:\/\/www.swisssem.ch\/de\/mitgliederbereich\/archiv_newsletter\/newsletter-februar-2020\/neues-ehrenmitglied\/","og_locale":"de_DE","og_type":"article","og_title":"Neues Ehrenmitglied 2020 - swisssem saatgut schweiz","og_description":"Neues Ehrenmitglied Evelyne Thomet, seit Oktober 2011 GL-Vorsitzende der DSP AG, wurde in Anerkennung ihrer Arbeit zugunsten der&nbsp;Saatgutbranche zum Ehrenmitglied ernannt. Frau Thomet kam im Februar 2001 als Assistentin von &#8222;Z-Saatgut Suisse&#8220; zur DSP AG. Ende 2002 \u00fcbernahm sie von Christian Beglinger die Leitung der Abteilung f\u00fcr Feldsamen und ist auch Mitglied der Gesch\u00e4ftsleitung der [&hellip;]","og_url":"https:\/\/www.swisssem.ch\/de\/mitgliederbereich\/archiv_newsletter\/newsletter-februar-2020\/neues-ehrenmitglied\/","og_site_name":"swisssem saatgut schweiz","article_modified_time":"2020-04-28T09:07:22+00:00","og_image":[{"url":"https:\/\/www.swisssem.ch\/wp-content\/uploads\/2020\/03\/Evelyne-Thomet.jpg","type":"","width":"","height":""}],"twitter_card":"summary_large_image","twitter_misc":{"Gesch\u00e4tzte Lesezeit":"1\u00a0Minute"},"schema":{"@context":"https:\/\/schema.org","@graph":[{"@type":"WebPage","@id":"https:\/\/www.swisssem.ch\/de\/mitgliederbereich\/archiv_newsletter\/newsletter-februar-2020\/neues-ehrenmitglied\/","url":"https:\/\/www.swisssem.ch\/de\/mitgliederbereich\/archiv_newsletter\/newsletter-februar-2020\/neues-ehrenmitglied\/","name":"Neues Ehrenmitglied 2020 - swisssem saatgut schweiz","isPartOf":{"@id":"https:\/\/www.swisssem.ch\/de\/#website"},"primaryImageOfPage":{"@id":"https:\/\/www.swisssem.ch\/de\/mitgliederbereich\/archiv_newsletter\/newsletter-februar-2020\/neues-ehrenmitglied\/#primaryimage"},"image":{"@id":"https:\/\/www.swisssem.ch\/de\/mitgliederbereich\/archiv_newsletter\/newsletter-februar-2020\/neues-ehrenmitglied\/#primaryimage"},"thumbnailUrl":"https:\/\/www.swisssem.ch\/wp-content\/uploads\/2020\/03\/Evelyne-Thomet.jpg","datePublished":"2020-03-23T10:31:39+00:00","dateModified":"2020-04-28T09:07:22+00:00","breadcrumb":{"@id":"https:\/\/www.swisssem.ch\/de\/mitgliederbereich\/archiv_newsletter\/newsletter-februar-2020\/neues-ehrenmitglied\/#breadcrumb"},"inLanguage":"de","potentialAction":[{"@type":"ReadAction","target":["https:\/\/www.swisssem.ch\/de\/mitgliederbereich\/archiv_newsletter\/newsletter-februar-2020\/neues-ehrenmitglied\/"]}]},{"@type":"ImageObject","inLanguage":"de","@id":"https:\/\/www.swisssem.ch\/de\/mitgliederbereich\/archiv_newsletter\/newsletter-februar-2020\/neues-ehrenmitglied\/#primaryimage","url":"https:\/\/www.swisssem.ch\/wp-content\/uploads\/2020\/03\/Evelyne-Thomet.jpg","contentUrl":"https:\/\/www.swisssem.ch\/wp-content\/uploads\/2020\/03\/Evelyne-Thomet.jpg"},{"@type":"BreadcrumbList","@id":"https:\/\/www.swisssem.ch\/de\/mitgliederbereich\/archiv_newsletter\/newsletter-februar-2020\/neues-ehrenmitglied\/#breadcrumb","itemListElement":[{"@type":"ListItem","position":1,"name":"Home","item":"https:\/\/www.swisssem.ch\/de\/"},{"@type":"ListItem","position":2,"name":"Mitgliederbereich","item":"https:\/\/www.swisssem.ch\/de\/mitgliederbereich\/"},{"@type":"ListItem","position":3,"name":"Newsletters","item":"https:\/\/www.swisssem.ch\/de\/mitgliederbereich\/archiv_newsletter\/"},{"@type":"ListItem","position":4,"name":"Newsletter Februar 2020","item":"https:\/\/www.swisssem.ch\/de\/mitgliederbereich\/archiv_newsletter\/newsletter-februar-2020\/"},{"@type":"ListItem","position":5,"name":"Neues Ehrenmitglied 2020"}]},{"@type":"WebSite","@id":"https:\/\/www.swisssem.ch\/de\/#website","url":"https:\/\/www.swisssem.ch\/de\/","name":"swisssem saatgut schweiz","description":"","publisher":{"@id":"https:\/\/www.swisssem.ch\/de\/#organization"},"potentialAction":[{"@type":"SearchAction","target":{"@type":"EntryPoint","urlTemplate":"https:\/\/www.swisssem.ch\/de\/?s={search_term_string}"},"query-input":{"@type":"PropertyValueSpecification","valueRequired":true,"valueName":"search_term_string"}}],"inLanguage":"de"},{"@type":"Organization","@id":"https:\/\/www.swisssem.ch\/de\/#organization","name":"swisssem saatgut schweiz","url":"https:\/\/www.swisssem.ch\/de\/","logo":{"@type":"ImageObject","inLanguage":"de","@id":"https:\/\/www.swisssem.ch\/de\/#\/schema\/logo\/image\/","url":"https:\/\/www.swisssem.ch\/wp-content\/uploads\/2020\/03\/Logo_swisssem_RGB-1.jpg","contentUrl":"https:\/\/www.swisssem.ch\/wp-content\/uploads\/2020\/03\/Logo_swisssem_RGB-1.jpg","width":1684,"height":430,"caption":"swisssem saatgut schweiz"},"image":{"@id":"https:\/\/www.swisssem.ch\/de\/#\/schema\/logo\/image\/"}}]}},"_links":{"self":[{"href":"https:\/\/www.swisssem.ch\/de\/wp-json\/wp\/v2\/pages\/4932","targetHints":{"allow":["GET"]}}],"collection":[{"href":"https:\/\/www.swisssem.ch\/de\/wp-json\/wp\/v2\/pages"}],"about":[{"href":"https:\/\/www.swisssem.ch\/de\/wp-json\/wp\/v2\/types\/page"}],"author":[{"embeddable":true,"href":"https:\/\/www.swisssem.ch\/de\/wp-json\/wp\/v2\/users\/6"}],"replies":[{"embeddable":true,"href":"https:\/\/www.swisssem.ch\/de\/wp-json\/wp\/v2\/comments?post=4932"}],"version-history":[{"count":2,"href":"https:\/\/www.swisssem.ch\/de\/wp-json\/wp\/v2\/pages\/4932\/revisions"}],"predecessor-version":[{"id":6132,"href":"https:\/\/www.swisssem.ch\/de\/wp-json\/wp\/v2\/pages\/4932\/revisions\/6132"}],"up":[{"embeddable":true,"href":"https:\/\/www.swisssem.ch\/de\/wp-json\/wp\/v2\/pages\/4789"}],"wp:attachment":[{"href":"https:\/\/www.swisssem.ch\/de\/wp-json\/wp\/v2\/media?parent=4932"}],"curies":[{"name":"wp","href":"https:\/\/api.w.org\/{rel}","templated":true}]}}