{"id":4301,"date":"2020-03-10T15:55:31","date_gmt":"2020-03-10T14:55:31","guid":{"rendered":"https:\/\/www.swisssem.ch\/?page_id=4301"},"modified":"2020-03-10T16:29:36","modified_gmt":"2020-03-10T15:29:36","slug":"qualitaetskriterien-saatgut-schweiz","status":"publish","type":"page","link":"https:\/\/www.swisssem.ch\/de\/qualitaetskriterien-saatgut-schweiz\/","title":{"rendered":"Qualit\u00e4tskriterien  Saatgut Schweiz"},"content":{"rendered":"\n<div class=\"wp-block-columns is-layout-flex wp-container-core-columns-is-layout-9d6595d7 wp-block-columns-is-layout-flex\">\n<div class=\"wp-block-column is-layout-flow wp-block-column-is-layout-flow\" style=\"flex-basis:66.66%\">\n<h1 class=\"wp-block-heading\">Qualit\u00e4tskriterien Z-Saatgut Suisse<\/h1>\n<\/div>\n\n\n\n<div class=\"wp-block-column is-layout-flow wp-block-column-is-layout-flow\" style=\"flex-basis:33.33%\">\n<figure class=\"wp-block-image size-large is-resized\"><img loading=\"lazy\" decoding=\"async\" src=\"https:\/\/www.swisssem.ch\/wp-content\/uploads\/2020\/03\/coeur-cereales.jpg\" alt=\"\" class=\"wp-image-4312\" width=\"320\" height=\"212\" srcset=\"https:\/\/www.swisssem.ch\/wp-content\/uploads\/2020\/03\/coeur-cereales.jpg 426w, https:\/\/www.swisssem.ch\/wp-content\/uploads\/2020\/03\/coeur-cereales-300x199.jpg 300w\" sizes=\"auto, (max-width: 320px) 100vw, 320px\" \/><\/figure>\n\n\n\n<p><\/p>\n<\/div>\n<\/div>\n\n\n\n<p class=\"has-text-align-left\">Konsumenten wollen wissen woher das Brot auf dem Ladentisch stammt und wo die Kartoffeln gewachsen sind. Dazu braucht es die l\u00fcckenlose R\u00fcckverfolgbarkeit in allen Produktions-, Verarbeitungs- und Vertriebsstufen. Die R\u00fcckverfolgbarkeit beginnt mit der richtigen Sorte, garantiert durch zertifiziertes Saat- und Pflanzgut aus der Schweiz.<\/p>\n\n\n\n<p>Dies haben die meisten Abnehmer erkannt und verlangen zu Recht bei Vertragsproduktionen zertifiziertes Saat- und Pflanzgut aus der Schweiz.&nbsp;<\/p>\n\n\n\n<h2 class=\"wp-block-heading\">1. Qualit\u00e4t \u2013 staatlich gepr\u00fcft<\/h2>\n\n\n\n<p>Strenge Normen sichern die Qualit\u00e4t des zertifizierten Saat- und Pflanzgutes. Die Einhaltung dieser Normen wird beim verwendeten Basissaatgut, bei der Feldbesichtigung und im Labor durch die Eidgen\u00f6ssischen Forschungsanstalten gepr\u00fcft. Mit der staatlichen Zertifizierungsetikette ist die Sortenechtheit und \u2013reinheit, eine hohe Keimf\u00e4higkeit und beste Gesundheit des Saat- und Pflanzgutes garantiert.<\/p>\n\n\n\n<h2 class=\"wp-block-heading\">2. Ertragssicherheit dank gesundem Saatgut<\/h2>\n\n\n\n<p>Die Gesundheit und die hohe Keimf\u00e4higkeit des zertifizierten Saatgutes sichern einen schnellen und gleichm\u00e4ssigen Auflauf. Ein l\u00fcckenloser Bestand mit kr\u00e4ftigen Pflanzen ist konkurrenzf\u00e4hig gegen\u00fcber Unkr\u00e4utern, weniger krankheitsanf\u00e4llig und bildet die Grundlage f\u00fcr einen guten und qualitativ hochstehenden Ertrag.<\/p>\n\n\n\n<h2 class=\"wp-block-heading\">3. Fortschritt inbegriffen<\/h2>\n\n\n\n<p>Der Ertrag ist ein zentrales Merkmal bei der Beurteilung der Sortenleistung. Aber auch Pflanzengesundheit, Qualit\u00e4t und D\u00fcngeraufnahmeverm\u00f6gen sind von grosser Bedeutung f\u00fcr die Sortenleistung. Die Leistungssteigerungen der letzten 30 Jahre werden zu ungef\u00e4hr der H\u00e4lfte dem Z\u00fcchtungsfortschritt zugeschrieben. Ertragspotential, Qualit\u00e4t und Resistenzen werden laufend verbessert und k\u00f6nnen vom Landwirt preiswert mit Z-Saatgut eingekauft werden.<\/p>\n\n\n\n<h2 class=\"wp-block-heading\">4. Sorten \u2013 die Qual der Auswahl<\/h2>\n\n\n\n<p>Eine breite Palette von leistungsstarken Sorten wird als zertifiziertes Saat- und Pflanzgut angeboten. Aus diesem breiten Angebot kann der Landwirt in Abh\u00e4ngigkeit des Standortes, des Verwendungszweckes und der Absatzm\u00f6glichkeiten die geeigneten Sorten ausw\u00e4hlen.<\/p>\n\n\n\n<h2 class=\"wp-block-heading\">5. Zertifiziert \u2013 der Umwelt zuliebe<\/h2>\n\n\n\n<p>Mit zertifiziertem Saat- und Pflanzgut wird die Vermehrung von Krankheiten sehr effektiv eingeschr\u00e4nkt. Mit dem l\u00fccken-losen Aufgang und der z\u00fcgigen Jugendentwicklung wachsen starke Pflanzen heran, die eine gute Resistenz gegen Krankheiten und Sch\u00e4dlinge aufweisen und die die Unkr\u00e4uter erfolgreich konkurrenzieren. Dadurch wird der Einsatz von Spritzmitteln vermindert \u2013 zum Nutzen der Umwelt und zur Freude der Konsumenten.&nbsp;<\/p>\n\n\n\n<h2 class=\"wp-block-heading\">6. Kostenvorteil dank zertifiziertem Saatgut<\/h2>\n\n\n\n<p>Mit zertifizertem Saat- und Pflanzgut spart man gleich doppelt: Einmal weil das Saatgut bestens keimt und frei von Unkrautsamen ist tieferer Aufwand f\u00fcr die Unkrautbek\u00e4mpfung und das zweite Mal weil das Saatgut gesund und die Sorten resistent sind weniger Fungizide.&nbsp;<\/p>\n\n\n\n<h2 class=\"wp-block-heading\">7. Vom Profi f\u00fcr den Profi<\/h2>\n\n\n\n<p>Die Herstellung eines Qualit\u00e4tsproduktes ist anspruchsvoll. Der Aufwand f\u00fcr fachm\u00e4nnische Vermehrung, Reinigung, Beizung, Verpackung, Lagerung und termingerechte Lieferung des Z-Saatgutes wird kosteng\u00fcnstig durch die Profis der Saatgutbranche \u00fcbernommen.<\/p>\n\n\n\n<h2 class=\"wp-block-heading\">8. R\u00fcckverfolgbarkeit als Prinzip<\/h2>\n\n\n\n<p>Jeder Z-Saatgutsack, jede Pflanzkartoffelpaloxe tr\u00e4gt eine offizielle Zertifizierungsetikette aus der die Herkunft des Produktes eindeutig hervorgeht. Diese R\u00fcckverfolgbarkeit bis zum Ursprungsz\u00fcchter garantiert dem Landwirt Qualit\u00e4t und Gew\u00e4hrleistung, dem Konsumenten Sicherheit.<\/p>\n\n\n\n<h2 class=\"wp-block-heading\">9. Saatgut aus Bauernhand<\/h2>\n\n\n\n<p>\u00dcber 1&#8217;300 Landwirte sind im Schweizerischen Saatgutproduzentenverband zusammengeschlossen. Sie vermehren auf 9\u2018000 ha Ackerfl\u00e4che Saat- und Pflanzgut. Mit der Verwendung von inl\u00e4ndischem, zertifiziertem Saatgut wird die Schweizer Landwirtschaft zum Vorteil aller Produzenten unterst\u00fctzt.<\/p>\n\n\n\n<h2 class=\"wp-block-heading\">10. Der Zukunft verpflichtet<\/h2>\n\n\n\n<p>Mit den Lizenzertr\u00e4gen arbeiten die Z\u00fcchter an der \u00fcbern\u00e4chsten Sortengeneration. Die Lizenzen sind die einzige Einnahmequelle der Z\u00fcchter und sichern daher die stetige Entwicklung von Sorten. Reisst diese Kette ab, so steht der Pflanzenbau bald ohne moderne, konkurrenzf\u00e4hige Sorten und damit ohne Zukunft da.&nbsp;<\/p>\n","protected":false},"excerpt":{"rendered":"<p>Qualit\u00e4tskriterien Z-Saatgut Suisse Konsumenten wollen wissen woher das Brot auf dem Ladentisch stammt und wo die Kartoffeln gewachsen sind. Dazu braucht es die l\u00fcckenlose R\u00fcckverfolgbarkeit in allen Produktions-, Verarbeitungs- und Vertriebsstufen. Die R\u00fcckverfolgbarkeit beginnt mit der richtigen Sorte, garantiert durch zertifiziertes Saat- und Pflanzgut aus der Schweiz. Dies haben die meisten Abnehmer erkannt und verlangen [&hellip;]<\/p>\n","protected":false},"author":6,"featured_media":0,"parent":0,"menu_order":149,"comment_status":"closed","ping_status":"closed","template":"","meta":{"_acf_changed":false,"footnotes":""},"class_list":["post-4301","page","type-page","status-publish","hentry"],"acf":[],"yoast_head":"<!-- This site is optimized with the Yoast SEO plugin v27.1.1 - https:\/\/yoast.com\/product\/yoast-seo-wordpress\/ -->\n<title>Qualit\u00e4tskriterien Saatgut Schweiz - swisssem saatgut schweiz<\/title>\n<meta name=\"robots\" content=\"index, follow, max-snippet:-1, max-image-preview:large, max-video-preview:-1\" \/>\n<link rel=\"canonical\" href=\"https:\/\/www.swisssem.ch\/de\/qualitaetskriterien-saatgut-schweiz\/\" \/>\n<meta property=\"og:locale\" content=\"de_DE\" \/>\n<meta property=\"og:type\" content=\"article\" \/>\n<meta property=\"og:title\" content=\"Qualit\u00e4tskriterien Saatgut Schweiz - swisssem saatgut schweiz\" \/>\n<meta property=\"og:description\" content=\"Qualit\u00e4tskriterien Z-Saatgut Suisse Konsumenten wollen wissen woher das Brot auf dem Ladentisch stammt und wo die Kartoffeln gewachsen sind. Dazu braucht es die l\u00fcckenlose R\u00fcckverfolgbarkeit in allen Produktions-, Verarbeitungs- und Vertriebsstufen. Die R\u00fcckverfolgbarkeit beginnt mit der richtigen Sorte, garantiert durch zertifiziertes Saat- und Pflanzgut aus der Schweiz. Dies haben die meisten Abnehmer erkannt und verlangen [&hellip;]\" \/>\n<meta property=\"og:url\" content=\"https:\/\/www.swisssem.ch\/de\/qualitaetskriterien-saatgut-schweiz\/\" \/>\n<meta property=\"og:site_name\" content=\"swisssem saatgut schweiz\" \/>\n<meta property=\"article:modified_time\" content=\"2020-03-10T15:29:36+00:00\" \/>\n<meta property=\"og:image\" content=\"https:\/\/www.swisssem.ch\/wp-content\/uploads\/2020\/03\/coeur-cereales.jpg\" \/>\n<meta name=\"twitter:card\" content=\"summary_large_image\" \/>\n<meta name=\"twitter:label1\" content=\"Gesch\u00e4tzte Lesezeit\" \/>\n\t<meta name=\"twitter:data1\" content=\"3\u00a0Minuten\" \/>\n<script type=\"application\/ld+json\" class=\"yoast-schema-graph\">{\"@context\":\"https:\/\/schema.org\",\"@graph\":[{\"@type\":\"WebPage\",\"@id\":\"https:\/\/www.swisssem.ch\/de\/qualitaetskriterien-saatgut-schweiz\/\",\"url\":\"https:\/\/www.swisssem.ch\/de\/qualitaetskriterien-saatgut-schweiz\/\",\"name\":\"Qualit\u00e4tskriterien Saatgut Schweiz - swisssem saatgut schweiz\",\"isPartOf\":{\"@id\":\"https:\/\/www.swisssem.ch\/de\/#website\"},\"primaryImageOfPage\":{\"@id\":\"https:\/\/www.swisssem.ch\/de\/qualitaetskriterien-saatgut-schweiz\/#primaryimage\"},\"image\":{\"@id\":\"https:\/\/www.swisssem.ch\/de\/qualitaetskriterien-saatgut-schweiz\/#primaryimage\"},\"thumbnailUrl\":\"https:\/\/www.swisssem.ch\/wp-content\/uploads\/2020\/03\/coeur-cereales.jpg\",\"datePublished\":\"2020-03-10T14:55:31+00:00\",\"dateModified\":\"2020-03-10T15:29:36+00:00\",\"breadcrumb\":{\"@id\":\"https:\/\/www.swisssem.ch\/de\/qualitaetskriterien-saatgut-schweiz\/#breadcrumb\"},\"inLanguage\":\"de\",\"potentialAction\":[{\"@type\":\"ReadAction\",\"target\":[\"https:\/\/www.swisssem.ch\/de\/qualitaetskriterien-saatgut-schweiz\/\"]}]},{\"@type\":\"ImageObject\",\"inLanguage\":\"de\",\"@id\":\"https:\/\/www.swisssem.ch\/de\/qualitaetskriterien-saatgut-schweiz\/#primaryimage\",\"url\":\"https:\/\/www.swisssem.ch\/wp-content\/uploads\/2020\/03\/coeur-cereales.jpg\",\"contentUrl\":\"https:\/\/www.swisssem.ch\/wp-content\/uploads\/2020\/03\/coeur-cereales.jpg\"},{\"@type\":\"BreadcrumbList\",\"@id\":\"https:\/\/www.swisssem.ch\/de\/qualitaetskriterien-saatgut-schweiz\/#breadcrumb\",\"itemListElement\":[{\"@type\":\"ListItem\",\"position\":1,\"name\":\"Home\",\"item\":\"https:\/\/www.swisssem.ch\/de\/\"},{\"@type\":\"ListItem\",\"position\":2,\"name\":\"Qualit\u00e4tskriterien Saatgut Schweiz\"}]},{\"@type\":\"WebSite\",\"@id\":\"https:\/\/www.swisssem.ch\/de\/#website\",\"url\":\"https:\/\/www.swisssem.ch\/de\/\",\"name\":\"swisssem saatgut schweiz\",\"description\":\"\",\"publisher\":{\"@id\":\"https:\/\/www.swisssem.ch\/de\/#organization\"},\"potentialAction\":[{\"@type\":\"SearchAction\",\"target\":{\"@type\":\"EntryPoint\",\"urlTemplate\":\"https:\/\/www.swisssem.ch\/de\/?s={search_term_string}\"},\"query-input\":{\"@type\":\"PropertyValueSpecification\",\"valueRequired\":true,\"valueName\":\"search_term_string\"}}],\"inLanguage\":\"de\"},{\"@type\":\"Organization\",\"@id\":\"https:\/\/www.swisssem.ch\/de\/#organization\",\"name\":\"swisssem saatgut schweiz\",\"url\":\"https:\/\/www.swisssem.ch\/de\/\",\"logo\":{\"@type\":\"ImageObject\",\"inLanguage\":\"de\",\"@id\":\"https:\/\/www.swisssem.ch\/de\/#\/schema\/logo\/image\/\",\"url\":\"https:\/\/www.swisssem.ch\/wp-content\/uploads\/2020\/03\/Logo_swisssem_RGB-1.jpg\",\"contentUrl\":\"https:\/\/www.swisssem.ch\/wp-content\/uploads\/2020\/03\/Logo_swisssem_RGB-1.jpg\",\"width\":1684,\"height\":430,\"caption\":\"swisssem saatgut schweiz\"},\"image\":{\"@id\":\"https:\/\/www.swisssem.ch\/de\/#\/schema\/logo\/image\/\"}}]}<\/script>\n<!-- \/ Yoast SEO plugin. -->","yoast_head_json":{"title":"Qualit\u00e4tskriterien Saatgut Schweiz - swisssem saatgut schweiz","robots":{"index":"index","follow":"follow","max-snippet":"max-snippet:-1","max-image-preview":"max-image-preview:large","max-video-preview":"max-video-preview:-1"},"canonical":"https:\/\/www.swisssem.ch\/de\/qualitaetskriterien-saatgut-schweiz\/","og_locale":"de_DE","og_type":"article","og_title":"Qualit\u00e4tskriterien Saatgut Schweiz - swisssem saatgut schweiz","og_description":"Qualit\u00e4tskriterien Z-Saatgut Suisse Konsumenten wollen wissen woher das Brot auf dem Ladentisch stammt und wo die Kartoffeln gewachsen sind. Dazu braucht es die l\u00fcckenlose R\u00fcckverfolgbarkeit in allen Produktions-, Verarbeitungs- und Vertriebsstufen. Die R\u00fcckverfolgbarkeit beginnt mit der richtigen Sorte, garantiert durch zertifiziertes Saat- und Pflanzgut aus der Schweiz. Dies haben die meisten Abnehmer erkannt und verlangen [&hellip;]","og_url":"https:\/\/www.swisssem.ch\/de\/qualitaetskriterien-saatgut-schweiz\/","og_site_name":"swisssem saatgut schweiz","article_modified_time":"2020-03-10T15:29:36+00:00","og_image":[{"url":"https:\/\/www.swisssem.ch\/wp-content\/uploads\/2020\/03\/coeur-cereales.jpg","type":"","width":"","height":""}],"twitter_card":"summary_large_image","twitter_misc":{"Gesch\u00e4tzte Lesezeit":"3\u00a0Minuten"},"schema":{"@context":"https:\/\/schema.org","@graph":[{"@type":"WebPage","@id":"https:\/\/www.swisssem.ch\/de\/qualitaetskriterien-saatgut-schweiz\/","url":"https:\/\/www.swisssem.ch\/de\/qualitaetskriterien-saatgut-schweiz\/","name":"Qualit\u00e4tskriterien Saatgut Schweiz - swisssem saatgut schweiz","isPartOf":{"@id":"https:\/\/www.swisssem.ch\/de\/#website"},"primaryImageOfPage":{"@id":"https:\/\/www.swisssem.ch\/de\/qualitaetskriterien-saatgut-schweiz\/#primaryimage"},"image":{"@id":"https:\/\/www.swisssem.ch\/de\/qualitaetskriterien-saatgut-schweiz\/#primaryimage"},"thumbnailUrl":"https:\/\/www.swisssem.ch\/wp-content\/uploads\/2020\/03\/coeur-cereales.jpg","datePublished":"2020-03-10T14:55:31+00:00","dateModified":"2020-03-10T15:29:36+00:00","breadcrumb":{"@id":"https:\/\/www.swisssem.ch\/de\/qualitaetskriterien-saatgut-schweiz\/#breadcrumb"},"inLanguage":"de","potentialAction":[{"@type":"ReadAction","target":["https:\/\/www.swisssem.ch\/de\/qualitaetskriterien-saatgut-schweiz\/"]}]},{"@type":"ImageObject","inLanguage":"de","@id":"https:\/\/www.swisssem.ch\/de\/qualitaetskriterien-saatgut-schweiz\/#primaryimage","url":"https:\/\/www.swisssem.ch\/wp-content\/uploads\/2020\/03\/coeur-cereales.jpg","contentUrl":"https:\/\/www.swisssem.ch\/wp-content\/uploads\/2020\/03\/coeur-cereales.jpg"},{"@type":"BreadcrumbList","@id":"https:\/\/www.swisssem.ch\/de\/qualitaetskriterien-saatgut-schweiz\/#breadcrumb","itemListElement":[{"@type":"ListItem","position":1,"name":"Home","item":"https:\/\/www.swisssem.ch\/de\/"},{"@type":"ListItem","position":2,"name":"Qualit\u00e4tskriterien Saatgut Schweiz"}]},{"@type":"WebSite","@id":"https:\/\/www.swisssem.ch\/de\/#website","url":"https:\/\/www.swisssem.ch\/de\/","name":"swisssem saatgut schweiz","description":"","publisher":{"@id":"https:\/\/www.swisssem.ch\/de\/#organization"},"potentialAction":[{"@type":"SearchAction","target":{"@type":"EntryPoint","urlTemplate":"https:\/\/www.swisssem.ch\/de\/?s={search_term_string}"},"query-input":{"@type":"PropertyValueSpecification","valueRequired":true,"valueName":"search_term_string"}}],"inLanguage":"de"},{"@type":"Organization","@id":"https:\/\/www.swisssem.ch\/de\/#organization","name":"swisssem saatgut schweiz","url":"https:\/\/www.swisssem.ch\/de\/","logo":{"@type":"ImageObject","inLanguage":"de","@id":"https:\/\/www.swisssem.ch\/de\/#\/schema\/logo\/image\/","url":"https:\/\/www.swisssem.ch\/wp-content\/uploads\/2020\/03\/Logo_swisssem_RGB-1.jpg","contentUrl":"https:\/\/www.swisssem.ch\/wp-content\/uploads\/2020\/03\/Logo_swisssem_RGB-1.jpg","width":1684,"height":430,"caption":"swisssem saatgut schweiz"},"image":{"@id":"https:\/\/www.swisssem.ch\/de\/#\/schema\/logo\/image\/"}}]}},"_links":{"self":[{"href":"https:\/\/www.swisssem.ch\/de\/wp-json\/wp\/v2\/pages\/4301","targetHints":{"allow":["GET"]}}],"collection":[{"href":"https:\/\/www.swisssem.ch\/de\/wp-json\/wp\/v2\/pages"}],"about":[{"href":"https:\/\/www.swisssem.ch\/de\/wp-json\/wp\/v2\/types\/page"}],"author":[{"embeddable":true,"href":"https:\/\/www.swisssem.ch\/de\/wp-json\/wp\/v2\/users\/6"}],"replies":[{"embeddable":true,"href":"https:\/\/www.swisssem.ch\/de\/wp-json\/wp\/v2\/comments?post=4301"}],"version-history":[{"count":4,"href":"https:\/\/www.swisssem.ch\/de\/wp-json\/wp\/v2\/pages\/4301\/revisions"}],"predecessor-version":[{"id":4314,"href":"https:\/\/www.swisssem.ch\/de\/wp-json\/wp\/v2\/pages\/4301\/revisions\/4314"}],"wp:attachment":[{"href":"https:\/\/www.swisssem.ch\/de\/wp-json\/wp\/v2\/media?parent=4301"}],"curies":[{"name":"wp","href":"https:\/\/api.w.org\/{rel}","templated":true}]}}