{"id":4034,"date":"2020-03-03T14:00:48","date_gmt":"2020-03-03T13:00:48","guid":{"rendered":"https:\/\/www.swisssem.ch\/?page_id=4034"},"modified":"2025-02-26T11:24:21","modified_gmt":"2025-02-26T10:24:21","slug":"voss","status":"publish","type":"page","link":"https:\/\/www.swisssem.ch\/de\/ueber-uns-2\/vermehrungsorganisationen\/voss\/","title":{"rendered":"VOSS"},"content":{"rendered":"\n<h3 class=\"wp-block-heading\">Vermehrungsorganisation Schaffhauser Saatgut<\/h3>\n\n\n\n<p>Gesch\u00e4ftsstelle <br>c\/o fenaco Niderfeld<br>In der Euelwies 34<br>8408 Winterthur<\/p>\n\n\n\n<p>Tel. 058 \/ 433 69 30<br>e-mail : <a href=\"mailto:juerg.jost@fenaco.com\">juerg.jost@fenaco.com<\/a><br><\/p>\n\n\n\n<p><br><\/p>\n\n\n\n<p>Die VOSS vermehrt f\u00fcr die Schaffhauser Landwirte s\u00e4mtliche Getreidearten, so dass im Kanton Schaffhausen der Bedarf an Saatgetreide vollst\u00e4ndig abgedeckt werden kann. Nur ein kleiner Teil des produzierten Getreides wird ausserhalb des Kantons verkauft. Es besteht eine enge Zusammenarbeit zwischen der VOSS und der GVS Landi AG. Seit der Gr\u00fcndung der Saatzuchtgenossenschaft betreibt die GVS Landi AG die Reinigungsanlage zur Aufbereitung des Saatgetreides und ist f\u00fcr den Verkauf des Saatguts verantwortlich. Die enge Zusammenarbeit und der direkte Kontakt zu den Saatz\u00fcchtern machen es m\u00f6glich Saatgut h\u00f6chster Qualit\u00e4t den Bed\u00fcrfnissen des Marktes entsprechend zu produzieren.&nbsp;<\/p>\n\n\n\n<p><strong>Wir vermehren:&nbsp;<\/strong><br>Saatgetreide: ca. 250 ha \/ 1200 t<br>Gras- und Kleesamen: ca. 15 ha<\/p>\n\n\n\n<p>Schaffhauser Saatgut&#8230;b\u00e4renstark!&nbsp;<\/p>\n\n\n\n<p><\/p>\n","protected":false},"excerpt":{"rendered":"<p>Vermehrungsorganisation Schaffhauser Saatgut Gesch\u00e4ftsstelle c\/o fenaco NiderfeldIn der Euelwies 348408 Winterthur Tel. 058 \/ 433 69 30e-mail : juerg.jost@fenaco.com Die VOSS vermehrt f\u00fcr die Schaffhauser Landwirte s\u00e4mtliche Getreidearten, so dass im Kanton Schaffhausen der Bedarf an Saatgetreide vollst\u00e4ndig abgedeckt werden kann. Nur ein kleiner Teil des produzierten Getreides wird ausserhalb des Kantons verkauft. Es besteht [&hellip;]<\/p>\n","protected":false},"author":7,"featured_media":0,"parent":1940,"menu_order":175,"comment_status":"closed","ping_status":"closed","template":"","meta":{"_acf_changed":false,"footnotes":""},"class_list":["post-4034","page","type-page","status-publish","hentry"],"acf":[],"yoast_head":"<!-- This site is optimized with the Yoast SEO plugin v27.1.1 - https:\/\/yoast.com\/product\/yoast-seo-wordpress\/ -->\n<title>VOSS - swisssem saatgut schweiz<\/title>\n<meta name=\"robots\" content=\"index, follow, max-snippet:-1, max-image-preview:large, max-video-preview:-1\" \/>\n<link rel=\"canonical\" href=\"https:\/\/www.swisssem.ch\/de\/ueber-uns-2\/vermehrungsorganisationen\/voss\/\" \/>\n<meta property=\"og:locale\" content=\"de_DE\" \/>\n<meta property=\"og:type\" content=\"article\" \/>\n<meta property=\"og:title\" content=\"VOSS - swisssem saatgut schweiz\" \/>\n<meta property=\"og:description\" content=\"Vermehrungsorganisation Schaffhauser Saatgut Gesch\u00e4ftsstelle c\/o fenaco NiderfeldIn der Euelwies 348408 Winterthur Tel. 058 \/ 433 69 30e-mail : juerg.jost@fenaco.com Die VOSS vermehrt f\u00fcr die Schaffhauser Landwirte s\u00e4mtliche Getreidearten, so dass im Kanton Schaffhausen der Bedarf an Saatgetreide vollst\u00e4ndig abgedeckt werden kann. Nur ein kleiner Teil des produzierten Getreides wird ausserhalb des Kantons verkauft. Es besteht [&hellip;]\" \/>\n<meta property=\"og:url\" content=\"https:\/\/www.swisssem.ch\/de\/ueber-uns-2\/vermehrungsorganisationen\/voss\/\" \/>\n<meta property=\"og:site_name\" content=\"swisssem saatgut schweiz\" \/>\n<meta property=\"article:modified_time\" content=\"2025-02-26T10:24:21+00:00\" \/>\n<meta name=\"twitter:card\" content=\"summary_large_image\" \/>\n<script type=\"application\/ld+json\" class=\"yoast-schema-graph\">{\"@context\":\"https:\/\/schema.org\",\"@graph\":[{\"@type\":\"WebPage\",\"@id\":\"https:\/\/www.swisssem.ch\/de\/ueber-uns-2\/vermehrungsorganisationen\/voss\/\",\"url\":\"https:\/\/www.swisssem.ch\/de\/ueber-uns-2\/vermehrungsorganisationen\/voss\/\",\"name\":\"VOSS - swisssem saatgut schweiz\",\"isPartOf\":{\"@id\":\"https:\/\/www.swisssem.ch\/de\/#website\"},\"datePublished\":\"2020-03-03T13:00:48+00:00\",\"dateModified\":\"2025-02-26T10:24:21+00:00\",\"breadcrumb\":{\"@id\":\"https:\/\/www.swisssem.ch\/de\/ueber-uns-2\/vermehrungsorganisationen\/voss\/#breadcrumb\"},\"inLanguage\":\"de\",\"potentialAction\":[{\"@type\":\"ReadAction\",\"target\":[\"https:\/\/www.swisssem.ch\/de\/ueber-uns-2\/vermehrungsorganisationen\/voss\/\"]}]},{\"@type\":\"BreadcrumbList\",\"@id\":\"https:\/\/www.swisssem.ch\/de\/ueber-uns-2\/vermehrungsorganisationen\/voss\/#breadcrumb\",\"itemListElement\":[{\"@type\":\"ListItem\",\"position\":1,\"name\":\"Home\",\"item\":\"https:\/\/www.swisssem.ch\/de\/\"},{\"@type\":\"ListItem\",\"position\":2,\"name\":\"\u00dcber uns\",\"item\":\"https:\/\/www.swisssem.ch\/de\/ueber-uns-2\/\"},{\"@type\":\"ListItem\",\"position\":3,\"name\":\"Vermehrungsorganisationen\",\"item\":\"https:\/\/www.swisssem.ch\/de\/ueber-uns-2\/vermehrungsorganisationen\/\"},{\"@type\":\"ListItem\",\"position\":4,\"name\":\"VOSS\"}]},{\"@type\":\"WebSite\",\"@id\":\"https:\/\/www.swisssem.ch\/de\/#website\",\"url\":\"https:\/\/www.swisssem.ch\/de\/\",\"name\":\"swisssem saatgut schweiz\",\"description\":\"\",\"publisher\":{\"@id\":\"https:\/\/www.swisssem.ch\/de\/#organization\"},\"potentialAction\":[{\"@type\":\"SearchAction\",\"target\":{\"@type\":\"EntryPoint\",\"urlTemplate\":\"https:\/\/www.swisssem.ch\/de\/?s={search_term_string}\"},\"query-input\":{\"@type\":\"PropertyValueSpecification\",\"valueRequired\":true,\"valueName\":\"search_term_string\"}}],\"inLanguage\":\"de\"},{\"@type\":\"Organization\",\"@id\":\"https:\/\/www.swisssem.ch\/de\/#organization\",\"name\":\"swisssem saatgut schweiz\",\"url\":\"https:\/\/www.swisssem.ch\/de\/\",\"logo\":{\"@type\":\"ImageObject\",\"inLanguage\":\"de\",\"@id\":\"https:\/\/www.swisssem.ch\/de\/#\/schema\/logo\/image\/\",\"url\":\"https:\/\/www.swisssem.ch\/wp-content\/uploads\/2020\/03\/Logo_swisssem_RGB-1.jpg\",\"contentUrl\":\"https:\/\/www.swisssem.ch\/wp-content\/uploads\/2020\/03\/Logo_swisssem_RGB-1.jpg\",\"width\":1684,\"height\":430,\"caption\":\"swisssem saatgut schweiz\"},\"image\":{\"@id\":\"https:\/\/www.swisssem.ch\/de\/#\/schema\/logo\/image\/\"}}]}<\/script>\n<!-- \/ Yoast SEO plugin. -->","yoast_head_json":{"title":"VOSS - swisssem saatgut schweiz","robots":{"index":"index","follow":"follow","max-snippet":"max-snippet:-1","max-image-preview":"max-image-preview:large","max-video-preview":"max-video-preview:-1"},"canonical":"https:\/\/www.swisssem.ch\/de\/ueber-uns-2\/vermehrungsorganisationen\/voss\/","og_locale":"de_DE","og_type":"article","og_title":"VOSS - swisssem saatgut schweiz","og_description":"Vermehrungsorganisation Schaffhauser Saatgut Gesch\u00e4ftsstelle c\/o fenaco NiderfeldIn der Euelwies 348408 Winterthur Tel. 058 \/ 433 69 30e-mail : juerg.jost@fenaco.com Die VOSS vermehrt f\u00fcr die Schaffhauser Landwirte s\u00e4mtliche Getreidearten, so dass im Kanton Schaffhausen der Bedarf an Saatgetreide vollst\u00e4ndig abgedeckt werden kann. Nur ein kleiner Teil des produzierten Getreides wird ausserhalb des Kantons verkauft. Es besteht [&hellip;]","og_url":"https:\/\/www.swisssem.ch\/de\/ueber-uns-2\/vermehrungsorganisationen\/voss\/","og_site_name":"swisssem saatgut schweiz","article_modified_time":"2025-02-26T10:24:21+00:00","twitter_card":"summary_large_image","schema":{"@context":"https:\/\/schema.org","@graph":[{"@type":"WebPage","@id":"https:\/\/www.swisssem.ch\/de\/ueber-uns-2\/vermehrungsorganisationen\/voss\/","url":"https:\/\/www.swisssem.ch\/de\/ueber-uns-2\/vermehrungsorganisationen\/voss\/","name":"VOSS - swisssem saatgut schweiz","isPartOf":{"@id":"https:\/\/www.swisssem.ch\/de\/#website"},"datePublished":"2020-03-03T13:00:48+00:00","dateModified":"2025-02-26T10:24:21+00:00","breadcrumb":{"@id":"https:\/\/www.swisssem.ch\/de\/ueber-uns-2\/vermehrungsorganisationen\/voss\/#breadcrumb"},"inLanguage":"de","potentialAction":[{"@type":"ReadAction","target":["https:\/\/www.swisssem.ch\/de\/ueber-uns-2\/vermehrungsorganisationen\/voss\/"]}]},{"@type":"BreadcrumbList","@id":"https:\/\/www.swisssem.ch\/de\/ueber-uns-2\/vermehrungsorganisationen\/voss\/#breadcrumb","itemListElement":[{"@type":"ListItem","position":1,"name":"Home","item":"https:\/\/www.swisssem.ch\/de\/"},{"@type":"ListItem","position":2,"name":"\u00dcber uns","item":"https:\/\/www.swisssem.ch\/de\/ueber-uns-2\/"},{"@type":"ListItem","position":3,"name":"Vermehrungsorganisationen","item":"https:\/\/www.swisssem.ch\/de\/ueber-uns-2\/vermehrungsorganisationen\/"},{"@type":"ListItem","position":4,"name":"VOSS"}]},{"@type":"WebSite","@id":"https:\/\/www.swisssem.ch\/de\/#website","url":"https:\/\/www.swisssem.ch\/de\/","name":"swisssem saatgut schweiz","description":"","publisher":{"@id":"https:\/\/www.swisssem.ch\/de\/#organization"},"potentialAction":[{"@type":"SearchAction","target":{"@type":"EntryPoint","urlTemplate":"https:\/\/www.swisssem.ch\/de\/?s={search_term_string}"},"query-input":{"@type":"PropertyValueSpecification","valueRequired":true,"valueName":"search_term_string"}}],"inLanguage":"de"},{"@type":"Organization","@id":"https:\/\/www.swisssem.ch\/de\/#organization","name":"swisssem saatgut schweiz","url":"https:\/\/www.swisssem.ch\/de\/","logo":{"@type":"ImageObject","inLanguage":"de","@id":"https:\/\/www.swisssem.ch\/de\/#\/schema\/logo\/image\/","url":"https:\/\/www.swisssem.ch\/wp-content\/uploads\/2020\/03\/Logo_swisssem_RGB-1.jpg","contentUrl":"https:\/\/www.swisssem.ch\/wp-content\/uploads\/2020\/03\/Logo_swisssem_RGB-1.jpg","width":1684,"height":430,"caption":"swisssem saatgut schweiz"},"image":{"@id":"https:\/\/www.swisssem.ch\/de\/#\/schema\/logo\/image\/"}}]}},"_links":{"self":[{"href":"https:\/\/www.swisssem.ch\/de\/wp-json\/wp\/v2\/pages\/4034","targetHints":{"allow":["GET"]}}],"collection":[{"href":"https:\/\/www.swisssem.ch\/de\/wp-json\/wp\/v2\/pages"}],"about":[{"href":"https:\/\/www.swisssem.ch\/de\/wp-json\/wp\/v2\/types\/page"}],"author":[{"embeddable":true,"href":"https:\/\/www.swisssem.ch\/de\/wp-json\/wp\/v2\/users\/7"}],"replies":[{"embeddable":true,"href":"https:\/\/www.swisssem.ch\/de\/wp-json\/wp\/v2\/comments?post=4034"}],"version-history":[{"count":8,"href":"https:\/\/www.swisssem.ch\/de\/wp-json\/wp\/v2\/pages\/4034\/revisions"}],"predecessor-version":[{"id":12233,"href":"https:\/\/www.swisssem.ch\/de\/wp-json\/wp\/v2\/pages\/4034\/revisions\/12233"}],"up":[{"embeddable":true,"href":"https:\/\/www.swisssem.ch\/de\/wp-json\/wp\/v2\/pages\/1940"}],"wp:attachment":[{"href":"https:\/\/www.swisssem.ch\/de\/wp-json\/wp\/v2\/media?parent=4034"}],"curies":[{"name":"wp","href":"https:\/\/api.w.org\/{rel}","templated":true}]}}