{"id":3460,"date":"2020-02-18T08:50:58","date_gmt":"2020-02-18T07:50:58","guid":{"rendered":"https:\/\/www.swisssem.ch\/?page_id=3460"},"modified":"2020-04-30T15:44:14","modified_gmt":"2020-04-30T13:44:14","slug":"baubeschrieb","status":"publish","type":"page","link":"https:\/\/www.swisssem.ch\/de\/ueber-uns-2\/stiftung-schloss\/baubeschrieb\/","title":{"rendered":"Baubeschrieb"},"content":{"rendered":"\n<div class=\"wp-block-columns is-layout-flex wp-container-core-columns-is-layout-9d6595d7 wp-block-columns-is-layout-flex\">\n<div class=\"wp-block-column is-layout-flow wp-block-column-is-layout-flow\">\n<h1 class=\"wp-block-heading\">Baubeschrieb<\/h1>\n<\/div>\n\n\n\n<div class=\"wp-block-column is-layout-flow wp-block-column-is-layout-flow\">\n<figure class=\"wp-block-image size-large\"><img loading=\"lazy\" decoding=\"async\" width=\"735\" height=\"1024\" src=\"https:\/\/www.swisssem.ch\/wp-content\/uploads\/2020\/02\/vue-aerienne-735x1024.jpg\" alt=\"\" class=\"wp-image-3467\" srcset=\"https:\/\/www.swisssem.ch\/wp-content\/uploads\/2020\/02\/vue-aerienne-735x1024.jpg 735w, https:\/\/www.swisssem.ch\/wp-content\/uploads\/2020\/02\/vue-aerienne-215x300.jpg 215w, https:\/\/www.swisssem.ch\/wp-content\/uploads\/2020\/02\/vue-aerienne-768x1070.jpg 768w, https:\/\/www.swisssem.ch\/wp-content\/uploads\/2020\/02\/vue-aerienne.jpg 1849w\" sizes=\"auto, (max-width: 735px) 100vw, 735px\" \/><\/figure>\n<\/div>\n<\/div>\n\n\n\n<h2 class=\"wp-block-heading\">Ein reizvolles Schloss aus dem 18. Jahrhundert<\/h2>\n\n\n\n<p>Heute besteht der Besitz von Delley aus dem anfangs des 18. Jahrhunderts erbauten Landhaus mit den sp\u00e4ter seitlich angebauten Fl\u00fcgeln, einer grossz\u00fcgigen Parkanlage, der freistehenden Kapelle sowie dem Schlossp\u00e4chterhaus. Ein Steinbogen \u00fcberspannt den Zugang zum Schloss. Bei der von Andr\u00e9-Joseph Rossier anfangs des 18. Jahrhunderts erbauten Campagna mit dem hohen, leicht geknickten Walmdach handelt es sich um einen streng symmetrischen Bau. Der Mittelteil mit dem Eingangsportikus und dem dar\u00fcberliegenden Balkon des Obergeschosses wird beidseitig von Seitenrisaliten flankiert. Diese vorspringenden Geb\u00e4udeteile sowie die Dreierarkade des Portikus mit dem Triglyphenfries und die Balustrade des Balkons tragen zu einer gelungenen Gliederung und Belebung der Fassade bei. Auf die Mittelachse der Schaufront f\u00fchrt eine Allee zu, an deren Ende ein kleiner Lustgarten liegt. Auf der anderen Seite, inmitten der Parkanlage und genau in der Mittelachse der Gartenfassade, liegt die schmucke kleine Kapelle. Garten wie Kapelle verst\u00e4rken die zentrale Ausrichtung und evozieren eine herrschaftliche Gesamtanlage. Die von Charles de Castella 1774 seitlich angebauten, pavillonartigen Annexe, welche wohl infolge Platzmangels von der Familie Joseph-Tobies ben\u00f6tigt wurden, f\u00fcgen sich harmonisch an das urspr\u00fcngliche Geb\u00e4ude an. Die vertikale Ausrichtung des Mittelteils und die additive F\u00fcgung der verschiedenen Geb\u00e4udeteile zu einer symmetrischen Gesamterscheinung erinnern an Merkmale der franz\u00f6sischen Renaissancearchitektur.&nbsp;<\/p>\n\n\n\n<p>Das Innere des zweigeschossigen Schlosses entspricht einem im 18. Jahrhundert oft verwendeten Schema; w\u00e4hrend im Erdgeschoss das Vestib\u00fcl, die K\u00fcche, das Esszimmer sowie verschiedene Dienstr\u00e4ume untergebracht waren, lagen im Obergeschoss, der sogenannten Beletage oder dem Piano nobile, der Salon und die Schlafzimmer. Das grossz\u00fcgige Wohn- und Empfangszimmer, urspr\u00fcnglich mit Ledertapeten ausgeschlagen, dient heute als Konferenzzimmer. Pr\u00e4chtige Stukkaturen an Decken und Kaminen, teils mit den Familienwappen, verzieren zahlreiche R\u00e4ume. In der Bibliothek ist eine bemalte Holzdecke erhalten.<\/p>\n\n\n\n<p>Ein grosser Park mit altem Baumbestand umgibt das Bauwerk. Bereits Jean-Antoine de Castella ver\u00e4nderte beim Neubau des Schlosses den Park nach dem Geschmack des 18. Jahrhunderts und verlieh ihm englische Z\u00fcge. Joseph-Tobie f\u00fcgte in der zweiten Jahrhunderth\u00e4lfte seltene, zum Teil heute noch bestehende Baumbest\u00e4nde an und bezeichnete die Anlagen als &#8222;Neuengland&#8220;, &#8222;chinesischer Garten&#8220; und &#8222;Hermitage&#8220;.<\/p>\n\n\n\n<p>Die im Park eingebettete Kapelle entstand im Zusammenhang mit einem Gel\u00f6bnis, welches der in franz\u00f6sischen Kriegsdiensten w\u00e4hrend der spanischen Erbfolgekriege schwer verwundete Oberst Jean-Antoine de Castella abgelegt hatte. Er verpflichtete sich, im Falle seiner Genesung eine Kapelle zu errichten. 1710 erf\u00fcllte er sein Versprechen und liess in Delley die dem Franziskanerm\u00f6nch Antonius von Padua gewidmete Kapelle erbauen. Eine datierte Tafel an der Fassade \u00fcber dem T\u00fcrsturz erinnert an den Bauherrn und nennt den Schutzpatron des Sakralbaus. Beidseitig der Tafel sind Familienwappen angebracht. Auch im Inneren der Kapelle befinden sich Wappen der Familie. Auf dem restaurierten Altarbild ist eines der Wunder aus dem Leben des Heiligen Antonius dargestellt.<\/p>\n\n\n\n<!-- linklist component -->\n\n\t<ul class=\"linklist\">\n\t\t\t\t\t<li>\n\t\t\t\t<a href=\"https:\/\/www.swisssem.ch\/de\/ueber-uns-2\/stiftung-schloss\/die-architekten\/\" target=\"\">\n\t\t\t\t\t<span>\n\t\t\t\t\t\t<svg xmlns=\"http:\/\/www.w3.org\/2000\/svg\" data-name=\"Ebene 1\" viewBox=\"0 0 23.82 20.35\">\n\t\t\t\t\t\t\t<path d=\"M13.51 20.35L12 18.75l7.56-7.42H0V9h19.52L12 1.6 13.51 0l10.31 10.18z\"\/>\n\t\t\t\t\t\t<\/svg>\n\t\t\t\t\t<\/span>\n\t\t\t\t\tDie Architekten\t\t\t\t<\/a>\n\t\t\t<\/li>\n\t\t\t<\/ul>\n<!-- end of linklist component -->\n\n","protected":false},"excerpt":{"rendered":"<p>Baubeschrieb Ein reizvolles Schloss aus dem 18. Jahrhundert Heute besteht der Besitz von Delley aus dem anfangs des 18. Jahrhunderts erbauten Landhaus mit den sp\u00e4ter seitlich angebauten Fl\u00fcgeln, einer grossz\u00fcgigen Parkanlage, der freistehenden Kapelle sowie dem Schlossp\u00e4chterhaus. Ein Steinbogen \u00fcberspannt den Zugang zum Schloss. Bei der von Andr\u00e9-Joseph Rossier anfangs des 18. Jahrhunderts erbauten Campagna [&hellip;]<\/p>\n","protected":false},"author":6,"featured_media":0,"parent":1944,"menu_order":250,"comment_status":"closed","ping_status":"closed","template":"","meta":{"_acf_changed":false,"footnotes":""},"class_list":["post-3460","page","type-page","status-publish","hentry"],"acf":[],"yoast_head":"<!-- This site is optimized with the Yoast SEO plugin v27.1.1 - https:\/\/yoast.com\/product\/yoast-seo-wordpress\/ -->\n<title>Baubeschrieb - swisssem saatgut schweiz<\/title>\n<meta name=\"robots\" content=\"index, follow, max-snippet:-1, max-image-preview:large, max-video-preview:-1\" \/>\n<link rel=\"canonical\" href=\"https:\/\/www.swisssem.ch\/de\/ueber-uns-2\/stiftung-schloss\/baubeschrieb\/\" \/>\n<meta property=\"og:locale\" content=\"de_DE\" \/>\n<meta property=\"og:type\" content=\"article\" \/>\n<meta property=\"og:title\" content=\"Baubeschrieb - swisssem saatgut schweiz\" \/>\n<meta property=\"og:description\" content=\"Baubeschrieb Ein reizvolles Schloss aus dem 18. Jahrhundert Heute besteht der Besitz von Delley aus dem anfangs des 18. Jahrhunderts erbauten Landhaus mit den sp\u00e4ter seitlich angebauten Fl\u00fcgeln, einer grossz\u00fcgigen Parkanlage, der freistehenden Kapelle sowie dem Schlossp\u00e4chterhaus. Ein Steinbogen \u00fcberspannt den Zugang zum Schloss. Bei der von Andr\u00e9-Joseph Rossier anfangs des 18. Jahrhunderts erbauten Campagna [&hellip;]\" \/>\n<meta property=\"og:url\" content=\"https:\/\/www.swisssem.ch\/de\/ueber-uns-2\/stiftung-schloss\/baubeschrieb\/\" \/>\n<meta property=\"og:site_name\" content=\"swisssem saatgut schweiz\" \/>\n<meta property=\"article:modified_time\" content=\"2020-04-30T13:44:14+00:00\" \/>\n<meta property=\"og:image\" content=\"https:\/\/www.swisssem.ch\/wp-content\/uploads\/2020\/02\/vue-aerienne-735x1024.jpg\" \/>\n<meta name=\"twitter:card\" content=\"summary_large_image\" \/>\n<meta name=\"twitter:label1\" content=\"Gesch\u00e4tzte Lesezeit\" \/>\n\t<meta name=\"twitter:data1\" content=\"2\u00a0Minuten\" \/>\n<script type=\"application\/ld+json\" class=\"yoast-schema-graph\">{\"@context\":\"https:\/\/schema.org\",\"@graph\":[{\"@type\":\"WebPage\",\"@id\":\"https:\/\/www.swisssem.ch\/de\/ueber-uns-2\/stiftung-schloss\/baubeschrieb\/\",\"url\":\"https:\/\/www.swisssem.ch\/de\/ueber-uns-2\/stiftung-schloss\/baubeschrieb\/\",\"name\":\"Baubeschrieb - swisssem saatgut schweiz\",\"isPartOf\":{\"@id\":\"https:\/\/www.swisssem.ch\/de\/#website\"},\"primaryImageOfPage\":{\"@id\":\"https:\/\/www.swisssem.ch\/de\/ueber-uns-2\/stiftung-schloss\/baubeschrieb\/#primaryimage\"},\"image\":{\"@id\":\"https:\/\/www.swisssem.ch\/de\/ueber-uns-2\/stiftung-schloss\/baubeschrieb\/#primaryimage\"},\"thumbnailUrl\":\"https:\/\/www.swisssem.ch\/wp-content\/uploads\/2020\/02\/vue-aerienne-735x1024.jpg\",\"datePublished\":\"2020-02-18T07:50:58+00:00\",\"dateModified\":\"2020-04-30T13:44:14+00:00\",\"breadcrumb\":{\"@id\":\"https:\/\/www.swisssem.ch\/de\/ueber-uns-2\/stiftung-schloss\/baubeschrieb\/#breadcrumb\"},\"inLanguage\":\"de\",\"potentialAction\":[{\"@type\":\"ReadAction\",\"target\":[\"https:\/\/www.swisssem.ch\/de\/ueber-uns-2\/stiftung-schloss\/baubeschrieb\/\"]}]},{\"@type\":\"ImageObject\",\"inLanguage\":\"de\",\"@id\":\"https:\/\/www.swisssem.ch\/de\/ueber-uns-2\/stiftung-schloss\/baubeschrieb\/#primaryimage\",\"url\":\"https:\/\/www.swisssem.ch\/wp-content\/uploads\/2020\/02\/vue-aerienne-735x1024.jpg\",\"contentUrl\":\"https:\/\/www.swisssem.ch\/wp-content\/uploads\/2020\/02\/vue-aerienne-735x1024.jpg\"},{\"@type\":\"BreadcrumbList\",\"@id\":\"https:\/\/www.swisssem.ch\/de\/ueber-uns-2\/stiftung-schloss\/baubeschrieb\/#breadcrumb\",\"itemListElement\":[{\"@type\":\"ListItem\",\"position\":1,\"name\":\"Home\",\"item\":\"https:\/\/www.swisssem.ch\/de\/\"},{\"@type\":\"ListItem\",\"position\":2,\"name\":\"\u00dcber uns\",\"item\":\"https:\/\/www.swisssem.ch\/de\/ueber-uns-2\/\"},{\"@type\":\"ListItem\",\"position\":3,\"name\":\"Stiftung Schloss\",\"item\":\"https:\/\/www.swisssem.ch\/de\/ueber-uns-2\/stiftung-schloss\/\"},{\"@type\":\"ListItem\",\"position\":4,\"name\":\"Baubeschrieb\"}]},{\"@type\":\"WebSite\",\"@id\":\"https:\/\/www.swisssem.ch\/de\/#website\",\"url\":\"https:\/\/www.swisssem.ch\/de\/\",\"name\":\"swisssem saatgut schweiz\",\"description\":\"\",\"publisher\":{\"@id\":\"https:\/\/www.swisssem.ch\/de\/#organization\"},\"potentialAction\":[{\"@type\":\"SearchAction\",\"target\":{\"@type\":\"EntryPoint\",\"urlTemplate\":\"https:\/\/www.swisssem.ch\/de\/?s={search_term_string}\"},\"query-input\":{\"@type\":\"PropertyValueSpecification\",\"valueRequired\":true,\"valueName\":\"search_term_string\"}}],\"inLanguage\":\"de\"},{\"@type\":\"Organization\",\"@id\":\"https:\/\/www.swisssem.ch\/de\/#organization\",\"name\":\"swisssem saatgut schweiz\",\"url\":\"https:\/\/www.swisssem.ch\/de\/\",\"logo\":{\"@type\":\"ImageObject\",\"inLanguage\":\"de\",\"@id\":\"https:\/\/www.swisssem.ch\/de\/#\/schema\/logo\/image\/\",\"url\":\"https:\/\/www.swisssem.ch\/wp-content\/uploads\/2020\/03\/Logo_swisssem_RGB-1.jpg\",\"contentUrl\":\"https:\/\/www.swisssem.ch\/wp-content\/uploads\/2020\/03\/Logo_swisssem_RGB-1.jpg\",\"width\":1684,\"height\":430,\"caption\":\"swisssem saatgut schweiz\"},\"image\":{\"@id\":\"https:\/\/www.swisssem.ch\/de\/#\/schema\/logo\/image\/\"}}]}<\/script>\n<!-- \/ Yoast SEO plugin. -->","yoast_head_json":{"title":"Baubeschrieb - swisssem saatgut schweiz","robots":{"index":"index","follow":"follow","max-snippet":"max-snippet:-1","max-image-preview":"max-image-preview:large","max-video-preview":"max-video-preview:-1"},"canonical":"https:\/\/www.swisssem.ch\/de\/ueber-uns-2\/stiftung-schloss\/baubeschrieb\/","og_locale":"de_DE","og_type":"article","og_title":"Baubeschrieb - swisssem saatgut schweiz","og_description":"Baubeschrieb Ein reizvolles Schloss aus dem 18. Jahrhundert Heute besteht der Besitz von Delley aus dem anfangs des 18. Jahrhunderts erbauten Landhaus mit den sp\u00e4ter seitlich angebauten Fl\u00fcgeln, einer grossz\u00fcgigen Parkanlage, der freistehenden Kapelle sowie dem Schlossp\u00e4chterhaus. Ein Steinbogen \u00fcberspannt den Zugang zum Schloss. Bei der von Andr\u00e9-Joseph Rossier anfangs des 18. Jahrhunderts erbauten Campagna [&hellip;]","og_url":"https:\/\/www.swisssem.ch\/de\/ueber-uns-2\/stiftung-schloss\/baubeschrieb\/","og_site_name":"swisssem saatgut schweiz","article_modified_time":"2020-04-30T13:44:14+00:00","og_image":[{"url":"https:\/\/www.swisssem.ch\/wp-content\/uploads\/2020\/02\/vue-aerienne-735x1024.jpg","type":"","width":"","height":""}],"twitter_card":"summary_large_image","twitter_misc":{"Gesch\u00e4tzte Lesezeit":"2\u00a0Minuten"},"schema":{"@context":"https:\/\/schema.org","@graph":[{"@type":"WebPage","@id":"https:\/\/www.swisssem.ch\/de\/ueber-uns-2\/stiftung-schloss\/baubeschrieb\/","url":"https:\/\/www.swisssem.ch\/de\/ueber-uns-2\/stiftung-schloss\/baubeschrieb\/","name":"Baubeschrieb - swisssem saatgut schweiz","isPartOf":{"@id":"https:\/\/www.swisssem.ch\/de\/#website"},"primaryImageOfPage":{"@id":"https:\/\/www.swisssem.ch\/de\/ueber-uns-2\/stiftung-schloss\/baubeschrieb\/#primaryimage"},"image":{"@id":"https:\/\/www.swisssem.ch\/de\/ueber-uns-2\/stiftung-schloss\/baubeschrieb\/#primaryimage"},"thumbnailUrl":"https:\/\/www.swisssem.ch\/wp-content\/uploads\/2020\/02\/vue-aerienne-735x1024.jpg","datePublished":"2020-02-18T07:50:58+00:00","dateModified":"2020-04-30T13:44:14+00:00","breadcrumb":{"@id":"https:\/\/www.swisssem.ch\/de\/ueber-uns-2\/stiftung-schloss\/baubeschrieb\/#breadcrumb"},"inLanguage":"de","potentialAction":[{"@type":"ReadAction","target":["https:\/\/www.swisssem.ch\/de\/ueber-uns-2\/stiftung-schloss\/baubeschrieb\/"]}]},{"@type":"ImageObject","inLanguage":"de","@id":"https:\/\/www.swisssem.ch\/de\/ueber-uns-2\/stiftung-schloss\/baubeschrieb\/#primaryimage","url":"https:\/\/www.swisssem.ch\/wp-content\/uploads\/2020\/02\/vue-aerienne-735x1024.jpg","contentUrl":"https:\/\/www.swisssem.ch\/wp-content\/uploads\/2020\/02\/vue-aerienne-735x1024.jpg"},{"@type":"BreadcrumbList","@id":"https:\/\/www.swisssem.ch\/de\/ueber-uns-2\/stiftung-schloss\/baubeschrieb\/#breadcrumb","itemListElement":[{"@type":"ListItem","position":1,"name":"Home","item":"https:\/\/www.swisssem.ch\/de\/"},{"@type":"ListItem","position":2,"name":"\u00dcber uns","item":"https:\/\/www.swisssem.ch\/de\/ueber-uns-2\/"},{"@type":"ListItem","position":3,"name":"Stiftung Schloss","item":"https:\/\/www.swisssem.ch\/de\/ueber-uns-2\/stiftung-schloss\/"},{"@type":"ListItem","position":4,"name":"Baubeschrieb"}]},{"@type":"WebSite","@id":"https:\/\/www.swisssem.ch\/de\/#website","url":"https:\/\/www.swisssem.ch\/de\/","name":"swisssem saatgut schweiz","description":"","publisher":{"@id":"https:\/\/www.swisssem.ch\/de\/#organization"},"potentialAction":[{"@type":"SearchAction","target":{"@type":"EntryPoint","urlTemplate":"https:\/\/www.swisssem.ch\/de\/?s={search_term_string}"},"query-input":{"@type":"PropertyValueSpecification","valueRequired":true,"valueName":"search_term_string"}}],"inLanguage":"de"},{"@type":"Organization","@id":"https:\/\/www.swisssem.ch\/de\/#organization","name":"swisssem saatgut schweiz","url":"https:\/\/www.swisssem.ch\/de\/","logo":{"@type":"ImageObject","inLanguage":"de","@id":"https:\/\/www.swisssem.ch\/de\/#\/schema\/logo\/image\/","url":"https:\/\/www.swisssem.ch\/wp-content\/uploads\/2020\/03\/Logo_swisssem_RGB-1.jpg","contentUrl":"https:\/\/www.swisssem.ch\/wp-content\/uploads\/2020\/03\/Logo_swisssem_RGB-1.jpg","width":1684,"height":430,"caption":"swisssem saatgut schweiz"},"image":{"@id":"https:\/\/www.swisssem.ch\/de\/#\/schema\/logo\/image\/"}}]}},"_links":{"self":[{"href":"https:\/\/www.swisssem.ch\/de\/wp-json\/wp\/v2\/pages\/3460","targetHints":{"allow":["GET"]}}],"collection":[{"href":"https:\/\/www.swisssem.ch\/de\/wp-json\/wp\/v2\/pages"}],"about":[{"href":"https:\/\/www.swisssem.ch\/de\/wp-json\/wp\/v2\/types\/page"}],"author":[{"embeddable":true,"href":"https:\/\/www.swisssem.ch\/de\/wp-json\/wp\/v2\/users\/6"}],"replies":[{"embeddable":true,"href":"https:\/\/www.swisssem.ch\/de\/wp-json\/wp\/v2\/comments?post=3460"}],"version-history":[{"count":4,"href":"https:\/\/www.swisssem.ch\/de\/wp-json\/wp\/v2\/pages\/3460\/revisions"}],"predecessor-version":[{"id":6336,"href":"https:\/\/www.swisssem.ch\/de\/wp-json\/wp\/v2\/pages\/3460\/revisions\/6336"}],"up":[{"embeddable":true,"href":"https:\/\/www.swisssem.ch\/de\/wp-json\/wp\/v2\/pages\/1944"}],"wp:attachment":[{"href":"https:\/\/www.swisssem.ch\/de\/wp-json\/wp\/v2\/media?parent=3460"}],"curies":[{"name":"wp","href":"https:\/\/api.w.org\/{rel}","templated":true}]}}