{"id":3371,"date":"2020-02-13T11:42:41","date_gmt":"2020-02-13T10:42:41","guid":{"rendered":"https:\/\/www.swisssem.ch\/?page_id=3371"},"modified":"2025-02-26T11:18:49","modified_gmt":"2025-02-26T10:18:49","slug":"sativa","status":"publish","type":"page","link":"https:\/\/www.swisssem.ch\/de\/ueber-uns-2\/vermehrungsorganisationen\/sativa\/","title":{"rendered":"Sativa"},"content":{"rendered":"\n<h2 class=\"wp-block-heading\">SAT<\/h2>\n\n\n\n<div class=\"wp-block-columns is-layout-flex wp-container-core-columns-is-layout-9d6595d7 wp-block-columns-is-layout-flex\">\n<div class=\"wp-block-column is-layout-flow wp-block-column-is-layout-flow\" style=\"flex-basis:20.9%\">\n<p>Sativa Rheinau AG<br>Chorbstrasse 43<br>CH &#8211; 8462 Rheinau<\/p>\n<\/div>\n\n\n\n<div class=\"wp-block-column is-layout-flow wp-block-column-is-layout-flow\">\n<figure class=\"wp-block-image size-large\"><img loading=\"lazy\" decoding=\"async\" width=\"1024\" height=\"392\" src=\"https:\/\/www.swisssem.ch\/wp-content\/uploads\/2022\/05\/sativa-logo-1024x392.png\" alt=\"\" class=\"wp-image-9271\" srcset=\"https:\/\/www.swisssem.ch\/wp-content\/uploads\/2022\/05\/sativa-logo-1024x392.png 1024w, https:\/\/www.swisssem.ch\/wp-content\/uploads\/2022\/05\/sativa-logo-300x115.png 300w, https:\/\/www.swisssem.ch\/wp-content\/uploads\/2022\/05\/sativa-logo-768x294.png 768w, https:\/\/www.swisssem.ch\/wp-content\/uploads\/2022\/05\/sativa-logo-1536x588.png 1536w, https:\/\/www.swisssem.ch\/wp-content\/uploads\/2022\/05\/sativa-logo.png 1886w\" sizes=\"auto, (max-width: 1024px) 100vw, 1024px\" \/><\/figure>\n<\/div>\n\n\n\n<div class=\"wp-block-column is-layout-flow wp-block-column-is-layout-flow\"><\/div>\n<\/div>\n\n\n\n<p><\/p>\n\n\n\n<p><a rel=\"noreferrer noopener\" aria-label=\"www.sativa-rheinau.ch (ouverture dans un nouvel onglet)\" href=\"http:\/\/www.sativa-rheinau.ch\" target=\"_blank\"><a href=\"http:\/\/www.sativa-rheinau.ch\">w<\/a><a rel=\"noreferrer noopener\" href=\"https:\/\/www.sativa-rheinau.ch\/fr.html\" target=\"_blank\">ww.sativa-rheinau.ch<\/a> \/ <a href=\"http:\/\/www.sativa.bio\">www.sativa.bio<\/a><\/a><\/p>\n\n\n\n<p>Tel. 052 304 91 00<br>E-Mail: <a href=\"mailto:info@sativa.bio\">info@sativa.bio<\/a><\/p>\n\n\n\n<p><strong>Pr\u00e4sident und Gesch\u00e4ftsf\u00fchrer<\/strong><br>Amadeus Zschunke<\/p>\n\n\n\n<p>Zusammen mit unseren Bio-Saatgutproduzenten in der Schweiz produzieren wir ein breites Angebot an Saatgut von Getreide, \u00d6lsaaten, K\u00f6rnerleguminosen, Klee und Futtergr\u00e4sern f\u00fcr die besonderen Bed\u00fcrfnisse des Biolandbaus. Und setzen uns aus \u00dcberzeugung ein f\u00fcr 100% Bio \u2013 bei allen Kulturen.<\/p>\n\n\n\n<p>Sativa \u2026<\/p>\n\n\n\n<ul class=\"wp-block-list\">\n<li>ist als Vermehrungsorganisation aktiv. Als einzige VO produzieren wir mit unseren Vermehrungsbetrieben ausschliesslich biologisches und biodynamisches Saatgut.<\/li>\n\n\n\n<li>pflegt aktiv die Kontakte zu verschiedenen Bio-Z\u00fcchtungsbetrieben in Europa. Dank der Bereitstellung von Saatgut f\u00fcr die Sortenpr\u00fcfung und Praxisversuche, werden vielversprechende neue Sorten f\u00fcr die Bio-Landwirtschaft in der Schweiz verf\u00fcgbar<\/li>\n\n\n\n<li>setzt sich f\u00fcr mehr Sortenvielfalt ein. Mit der Produktion von Vorstufen- und Basissaatgut bauen wir aktiv neue Sorten auf. So k\u00f6nnen Produzenten und Produzentinnen jene Sorten w\u00e4hlen, welche f\u00fcr ihren Betrieb am besten passen.<\/li>\n\n\n\n<li>ist zudem die einzige VO, die Saatgut von Nischenkulturen wie Bio-Raps, Buchweizen, Lein und Hirse in der Schweiz produziert.<\/li>\n<\/ul>\n","protected":false},"excerpt":{"rendered":"<p>SAT Sativa Rheinau AGChorbstrasse 43CH &#8211; 8462 Rheinau www.sativa-rheinau.ch \/ www.sativa.bio Tel. 052 304 91 00E-Mail: info@sativa.bio Pr\u00e4sident und Gesch\u00e4ftsf\u00fchrerAmadeus Zschunke Zusammen mit unseren Bio-Saatgutproduzenten in der Schweiz produzieren wir ein breites Angebot an Saatgut von Getreide, \u00d6lsaaten, K\u00f6rnerleguminosen, Klee und Futtergr\u00e4sern f\u00fcr die besonderen Bed\u00fcrfnisse des Biolandbaus. Und setzen uns aus \u00dcberzeugung ein f\u00fcr [&hellip;]<\/p>\n","protected":false},"author":7,"featured_media":0,"parent":1940,"menu_order":201,"comment_status":"closed","ping_status":"closed","template":"","meta":{"_acf_changed":false,"footnotes":""},"class_list":["post-3371","page","type-page","status-publish","hentry"],"acf":[],"yoast_head":"<!-- This site is optimized with the Yoast SEO plugin v27.1.1 - https:\/\/yoast.com\/product\/yoast-seo-wordpress\/ -->\n<title>Sativa - swisssem saatgut schweiz<\/title>\n<meta name=\"robots\" content=\"index, follow, max-snippet:-1, max-image-preview:large, max-video-preview:-1\" \/>\n<link rel=\"canonical\" href=\"https:\/\/www.swisssem.ch\/de\/ueber-uns-2\/vermehrungsorganisationen\/sativa\/\" \/>\n<meta property=\"og:locale\" content=\"de_DE\" \/>\n<meta property=\"og:type\" content=\"article\" \/>\n<meta property=\"og:title\" content=\"Sativa - swisssem saatgut schweiz\" \/>\n<meta property=\"og:description\" content=\"SAT Sativa Rheinau AGChorbstrasse 43CH &#8211; 8462 Rheinau www.sativa-rheinau.ch \/ www.sativa.bio Tel. 052 304 91 00E-Mail: info@sativa.bio Pr\u00e4sident und Gesch\u00e4ftsf\u00fchrerAmadeus Zschunke Zusammen mit unseren Bio-Saatgutproduzenten in der Schweiz produzieren wir ein breites Angebot an Saatgut von Getreide, \u00d6lsaaten, K\u00f6rnerleguminosen, Klee und Futtergr\u00e4sern f\u00fcr die besonderen Bed\u00fcrfnisse des Biolandbaus. Und setzen uns aus \u00dcberzeugung ein f\u00fcr [&hellip;]\" \/>\n<meta property=\"og:url\" content=\"https:\/\/www.swisssem.ch\/de\/ueber-uns-2\/vermehrungsorganisationen\/sativa\/\" \/>\n<meta property=\"og:site_name\" content=\"swisssem saatgut schweiz\" \/>\n<meta property=\"article:modified_time\" content=\"2025-02-26T10:18:49+00:00\" \/>\n<meta property=\"og:image\" content=\"https:\/\/www.swisssem.ch\/wp-content\/uploads\/2022\/05\/sativa-logo-1024x392.png\" \/>\n<meta name=\"twitter:card\" content=\"summary_large_image\" \/>\n<meta name=\"twitter:label1\" content=\"Gesch\u00e4tzte Lesezeit\" \/>\n\t<meta name=\"twitter:data1\" content=\"2\u00a0Minuten\" \/>\n<script type=\"application\/ld+json\" class=\"yoast-schema-graph\">{\"@context\":\"https:\/\/schema.org\",\"@graph\":[{\"@type\":\"WebPage\",\"@id\":\"https:\/\/www.swisssem.ch\/de\/ueber-uns-2\/vermehrungsorganisationen\/sativa\/\",\"url\":\"https:\/\/www.swisssem.ch\/de\/ueber-uns-2\/vermehrungsorganisationen\/sativa\/\",\"name\":\"Sativa - swisssem saatgut schweiz\",\"isPartOf\":{\"@id\":\"https:\/\/www.swisssem.ch\/de\/#website\"},\"primaryImageOfPage\":{\"@id\":\"https:\/\/www.swisssem.ch\/de\/ueber-uns-2\/vermehrungsorganisationen\/sativa\/#primaryimage\"},\"image\":{\"@id\":\"https:\/\/www.swisssem.ch\/de\/ueber-uns-2\/vermehrungsorganisationen\/sativa\/#primaryimage\"},\"thumbnailUrl\":\"https:\/\/www.swisssem.ch\/wp-content\/uploads\/2022\/05\/sativa-logo-1024x392.png\",\"datePublished\":\"2020-02-13T10:42:41+00:00\",\"dateModified\":\"2025-02-26T10:18:49+00:00\",\"breadcrumb\":{\"@id\":\"https:\/\/www.swisssem.ch\/de\/ueber-uns-2\/vermehrungsorganisationen\/sativa\/#breadcrumb\"},\"inLanguage\":\"de\",\"potentialAction\":[{\"@type\":\"ReadAction\",\"target\":[\"https:\/\/www.swisssem.ch\/de\/ueber-uns-2\/vermehrungsorganisationen\/sativa\/\"]}]},{\"@type\":\"ImageObject\",\"inLanguage\":\"de\",\"@id\":\"https:\/\/www.swisssem.ch\/de\/ueber-uns-2\/vermehrungsorganisationen\/sativa\/#primaryimage\",\"url\":\"https:\/\/www.swisssem.ch\/wp-content\/uploads\/2022\/05\/sativa-logo-1024x392.png\",\"contentUrl\":\"https:\/\/www.swisssem.ch\/wp-content\/uploads\/2022\/05\/sativa-logo-1024x392.png\"},{\"@type\":\"BreadcrumbList\",\"@id\":\"https:\/\/www.swisssem.ch\/de\/ueber-uns-2\/vermehrungsorganisationen\/sativa\/#breadcrumb\",\"itemListElement\":[{\"@type\":\"ListItem\",\"position\":1,\"name\":\"Home\",\"item\":\"https:\/\/www.swisssem.ch\/de\/\"},{\"@type\":\"ListItem\",\"position\":2,\"name\":\"\u00dcber uns\",\"item\":\"https:\/\/www.swisssem.ch\/de\/ueber-uns-2\/\"},{\"@type\":\"ListItem\",\"position\":3,\"name\":\"Vermehrungsorganisationen\",\"item\":\"https:\/\/www.swisssem.ch\/de\/ueber-uns-2\/vermehrungsorganisationen\/\"},{\"@type\":\"ListItem\",\"position\":4,\"name\":\"Sativa\"}]},{\"@type\":\"WebSite\",\"@id\":\"https:\/\/www.swisssem.ch\/de\/#website\",\"url\":\"https:\/\/www.swisssem.ch\/de\/\",\"name\":\"swisssem saatgut schweiz\",\"description\":\"\",\"publisher\":{\"@id\":\"https:\/\/www.swisssem.ch\/de\/#organization\"},\"potentialAction\":[{\"@type\":\"SearchAction\",\"target\":{\"@type\":\"EntryPoint\",\"urlTemplate\":\"https:\/\/www.swisssem.ch\/de\/?s={search_term_string}\"},\"query-input\":{\"@type\":\"PropertyValueSpecification\",\"valueRequired\":true,\"valueName\":\"search_term_string\"}}],\"inLanguage\":\"de\"},{\"@type\":\"Organization\",\"@id\":\"https:\/\/www.swisssem.ch\/de\/#organization\",\"name\":\"swisssem saatgut schweiz\",\"url\":\"https:\/\/www.swisssem.ch\/de\/\",\"logo\":{\"@type\":\"ImageObject\",\"inLanguage\":\"de\",\"@id\":\"https:\/\/www.swisssem.ch\/de\/#\/schema\/logo\/image\/\",\"url\":\"https:\/\/www.swisssem.ch\/wp-content\/uploads\/2020\/03\/Logo_swisssem_RGB-1.jpg\",\"contentUrl\":\"https:\/\/www.swisssem.ch\/wp-content\/uploads\/2020\/03\/Logo_swisssem_RGB-1.jpg\",\"width\":1684,\"height\":430,\"caption\":\"swisssem saatgut schweiz\"},\"image\":{\"@id\":\"https:\/\/www.swisssem.ch\/de\/#\/schema\/logo\/image\/\"}}]}<\/script>\n<!-- \/ Yoast SEO plugin. -->","yoast_head_json":{"title":"Sativa - swisssem saatgut schweiz","robots":{"index":"index","follow":"follow","max-snippet":"max-snippet:-1","max-image-preview":"max-image-preview:large","max-video-preview":"max-video-preview:-1"},"canonical":"https:\/\/www.swisssem.ch\/de\/ueber-uns-2\/vermehrungsorganisationen\/sativa\/","og_locale":"de_DE","og_type":"article","og_title":"Sativa - swisssem saatgut schweiz","og_description":"SAT Sativa Rheinau AGChorbstrasse 43CH &#8211; 8462 Rheinau www.sativa-rheinau.ch \/ www.sativa.bio Tel. 052 304 91 00E-Mail: info@sativa.bio Pr\u00e4sident und Gesch\u00e4ftsf\u00fchrerAmadeus Zschunke Zusammen mit unseren Bio-Saatgutproduzenten in der Schweiz produzieren wir ein breites Angebot an Saatgut von Getreide, \u00d6lsaaten, K\u00f6rnerleguminosen, Klee und Futtergr\u00e4sern f\u00fcr die besonderen Bed\u00fcrfnisse des Biolandbaus. Und setzen uns aus \u00dcberzeugung ein f\u00fcr [&hellip;]","og_url":"https:\/\/www.swisssem.ch\/de\/ueber-uns-2\/vermehrungsorganisationen\/sativa\/","og_site_name":"swisssem saatgut schweiz","article_modified_time":"2025-02-26T10:18:49+00:00","og_image":[{"url":"https:\/\/www.swisssem.ch\/wp-content\/uploads\/2022\/05\/sativa-logo-1024x392.png","type":"","width":"","height":""}],"twitter_card":"summary_large_image","twitter_misc":{"Gesch\u00e4tzte Lesezeit":"2\u00a0Minuten"},"schema":{"@context":"https:\/\/schema.org","@graph":[{"@type":"WebPage","@id":"https:\/\/www.swisssem.ch\/de\/ueber-uns-2\/vermehrungsorganisationen\/sativa\/","url":"https:\/\/www.swisssem.ch\/de\/ueber-uns-2\/vermehrungsorganisationen\/sativa\/","name":"Sativa - swisssem saatgut schweiz","isPartOf":{"@id":"https:\/\/www.swisssem.ch\/de\/#website"},"primaryImageOfPage":{"@id":"https:\/\/www.swisssem.ch\/de\/ueber-uns-2\/vermehrungsorganisationen\/sativa\/#primaryimage"},"image":{"@id":"https:\/\/www.swisssem.ch\/de\/ueber-uns-2\/vermehrungsorganisationen\/sativa\/#primaryimage"},"thumbnailUrl":"https:\/\/www.swisssem.ch\/wp-content\/uploads\/2022\/05\/sativa-logo-1024x392.png","datePublished":"2020-02-13T10:42:41+00:00","dateModified":"2025-02-26T10:18:49+00:00","breadcrumb":{"@id":"https:\/\/www.swisssem.ch\/de\/ueber-uns-2\/vermehrungsorganisationen\/sativa\/#breadcrumb"},"inLanguage":"de","potentialAction":[{"@type":"ReadAction","target":["https:\/\/www.swisssem.ch\/de\/ueber-uns-2\/vermehrungsorganisationen\/sativa\/"]}]},{"@type":"ImageObject","inLanguage":"de","@id":"https:\/\/www.swisssem.ch\/de\/ueber-uns-2\/vermehrungsorganisationen\/sativa\/#primaryimage","url":"https:\/\/www.swisssem.ch\/wp-content\/uploads\/2022\/05\/sativa-logo-1024x392.png","contentUrl":"https:\/\/www.swisssem.ch\/wp-content\/uploads\/2022\/05\/sativa-logo-1024x392.png"},{"@type":"BreadcrumbList","@id":"https:\/\/www.swisssem.ch\/de\/ueber-uns-2\/vermehrungsorganisationen\/sativa\/#breadcrumb","itemListElement":[{"@type":"ListItem","position":1,"name":"Home","item":"https:\/\/www.swisssem.ch\/de\/"},{"@type":"ListItem","position":2,"name":"\u00dcber uns","item":"https:\/\/www.swisssem.ch\/de\/ueber-uns-2\/"},{"@type":"ListItem","position":3,"name":"Vermehrungsorganisationen","item":"https:\/\/www.swisssem.ch\/de\/ueber-uns-2\/vermehrungsorganisationen\/"},{"@type":"ListItem","position":4,"name":"Sativa"}]},{"@type":"WebSite","@id":"https:\/\/www.swisssem.ch\/de\/#website","url":"https:\/\/www.swisssem.ch\/de\/","name":"swisssem saatgut schweiz","description":"","publisher":{"@id":"https:\/\/www.swisssem.ch\/de\/#organization"},"potentialAction":[{"@type":"SearchAction","target":{"@type":"EntryPoint","urlTemplate":"https:\/\/www.swisssem.ch\/de\/?s={search_term_string}"},"query-input":{"@type":"PropertyValueSpecification","valueRequired":true,"valueName":"search_term_string"}}],"inLanguage":"de"},{"@type":"Organization","@id":"https:\/\/www.swisssem.ch\/de\/#organization","name":"swisssem saatgut schweiz","url":"https:\/\/www.swisssem.ch\/de\/","logo":{"@type":"ImageObject","inLanguage":"de","@id":"https:\/\/www.swisssem.ch\/de\/#\/schema\/logo\/image\/","url":"https:\/\/www.swisssem.ch\/wp-content\/uploads\/2020\/03\/Logo_swisssem_RGB-1.jpg","contentUrl":"https:\/\/www.swisssem.ch\/wp-content\/uploads\/2020\/03\/Logo_swisssem_RGB-1.jpg","width":1684,"height":430,"caption":"swisssem saatgut schweiz"},"image":{"@id":"https:\/\/www.swisssem.ch\/de\/#\/schema\/logo\/image\/"}}]}},"_links":{"self":[{"href":"https:\/\/www.swisssem.ch\/de\/wp-json\/wp\/v2\/pages\/3371","targetHints":{"allow":["GET"]}}],"collection":[{"href":"https:\/\/www.swisssem.ch\/de\/wp-json\/wp\/v2\/pages"}],"about":[{"href":"https:\/\/www.swisssem.ch\/de\/wp-json\/wp\/v2\/types\/page"}],"author":[{"embeddable":true,"href":"https:\/\/www.swisssem.ch\/de\/wp-json\/wp\/v2\/users\/7"}],"replies":[{"embeddable":true,"href":"https:\/\/www.swisssem.ch\/de\/wp-json\/wp\/v2\/comments?post=3371"}],"version-history":[{"count":18,"href":"https:\/\/www.swisssem.ch\/de\/wp-json\/wp\/v2\/pages\/3371\/revisions"}],"predecessor-version":[{"id":12226,"href":"https:\/\/www.swisssem.ch\/de\/wp-json\/wp\/v2\/pages\/3371\/revisions\/12226"}],"up":[{"embeddable":true,"href":"https:\/\/www.swisssem.ch\/de\/wp-json\/wp\/v2\/pages\/1940"}],"wp:attachment":[{"href":"https:\/\/www.swisssem.ch\/de\/wp-json\/wp\/v2\/media?parent=3371"}],"curies":[{"name":"wp","href":"https:\/\/api.w.org\/{rel}","templated":true}]}}