{"id":3163,"date":"2020-02-11T11:52:50","date_gmt":"2020-02-11T10:52:50","guid":{"rendered":"https:\/\/www.swisssem.ch\/?page_id=3163"},"modified":"2024-06-26T11:10:40","modified_gmt":"2024-06-26T09:10:40","slug":"jura-ssj","status":"publish","type":"page","link":"https:\/\/www.swisssem.ch\/de\/ueber-uns-2\/vermehrungsorganisationen\/jura-ssj\/","title":{"rendered":"Jura (SSJ)"},"content":{"rendered":"\n<h2 class=\"wp-block-heading\">Jura (SSJ)<\/h2>\n\n\n\n<div class=\"wp-block-group\"><div class=\"wp-block-group__inner-container is-layout-flow wp-block-group-is-layout-flow\">\n<div class=\"wp-block-columns is-layout-flex wp-container-core-columns-is-layout-9d6595d7 wp-block-columns-is-layout-flex\">\n<div class=\"wp-block-column is-layout-flow wp-block-column-is-layout-flow\" style=\"flex-basis:33%\">\n<div class=\"wp-block-group\"><div class=\"wp-block-group__inner-container is-layout-flow wp-block-group-is-layout-flow\">\n<p>Certisem Jura<br>Rte de Moutier 62 <br>2800 Del\u00e9mont <\/p>\n<\/div><\/div>\n\n\n\n<p><\/p>\n<\/div>\n\n\n\n<div class=\"wp-block-column is-vertically-aligned-center is-layout-flow wp-block-column-is-layout-flow\" style=\"flex-basis:33%\">\n<figure class=\"wp-block-image size-large is-resized\"><img loading=\"lazy\" decoding=\"async\" width=\"300\" height=\"45\" src=\"https:\/\/www.swisssem.ch\/wp-content\/uploads\/2020\/02\/logo-certisem-jura-1.png\" alt=\"\" class=\"wp-image-3343\" style=\"width:284px;height:42px\"\/><\/figure>\n<\/div>\n\n\n\n<div class=\"wp-block-column is-layout-flow wp-block-column-is-layout-flow\" style=\"flex-basis:34%\"><\/div>\n<\/div>\n<\/div><\/div>\n\n\n\n<p><strong>Gesch\u00e4ftsf\u00fchrer: <\/strong><br>Lo\u00efc Eggenschwiler\u00a0<br>Tel. 078 665 80 79<br>e-mail <a href=\"mailto:info@ssj.ch\">info@ssj.ch<\/a> \u00a0<br>Internet\u00a0<a href=\"http:\/\/www.ssj.ch\/\" target=\"_blank\" rel=\"noreferrer noopener\">www.ssj.ch<\/a> <br><\/p>\n\n\n\n<p><br><br><br><\/p>\n","protected":false},"excerpt":{"rendered":"<p>Jura (SSJ) Certisem JuraRte de Moutier 62 2800 Del\u00e9mont Gesch\u00e4ftsf\u00fchrer: Lo\u00efc Eggenschwiler\u00a0Tel. 078 665 80 79e-mail info@ssj.ch \u00a0Internet\u00a0www.ssj.ch<\/p>\n","protected":false},"author":7,"featured_media":0,"parent":1940,"menu_order":160,"comment_status":"closed","ping_status":"closed","template":"","meta":{"_acf_changed":false,"footnotes":""},"class_list":["post-3163","page","type-page","status-publish","hentry"],"acf":[],"yoast_head":"<!-- This site is optimized with the Yoast SEO plugin v27.1.1 - https:\/\/yoast.com\/product\/yoast-seo-wordpress\/ -->\n<title>Jura (SSJ) - swisssem saatgut schweiz<\/title>\n<meta name=\"robots\" content=\"index, follow, max-snippet:-1, max-image-preview:large, max-video-preview:-1\" \/>\n<link rel=\"canonical\" href=\"https:\/\/www.swisssem.ch\/de\/ueber-uns-2\/vermehrungsorganisationen\/jura-ssj\/\" \/>\n<meta property=\"og:locale\" content=\"de_DE\" \/>\n<meta property=\"og:type\" content=\"article\" \/>\n<meta property=\"og:title\" content=\"Jura (SSJ) - swisssem saatgut schweiz\" \/>\n<meta property=\"og:description\" content=\"Jura (SSJ) Certisem JuraRte de Moutier 62 2800 Del\u00e9mont Gesch\u00e4ftsf\u00fchrer: Lo\u00efc Eggenschwiler\u00a0Tel. 078 665 80 79e-mail info@ssj.ch \u00a0Internet\u00a0www.ssj.ch\" \/>\n<meta property=\"og:url\" content=\"https:\/\/www.swisssem.ch\/de\/ueber-uns-2\/vermehrungsorganisationen\/jura-ssj\/\" \/>\n<meta property=\"og:site_name\" content=\"swisssem saatgut schweiz\" \/>\n<meta property=\"article:modified_time\" content=\"2024-06-26T09:10:40+00:00\" \/>\n<meta property=\"og:image\" content=\"https:\/\/www.swisssem.ch\/wp-content\/uploads\/2020\/02\/logo-certisem-jura-1.png\" \/>\n<meta name=\"twitter:card\" content=\"summary_large_image\" \/>\n<meta name=\"twitter:label1\" content=\"Gesch\u00e4tzte Lesezeit\" \/>\n\t<meta name=\"twitter:data1\" content=\"1\u00a0Minute\" \/>\n<script type=\"application\/ld+json\" class=\"yoast-schema-graph\">{\"@context\":\"https:\/\/schema.org\",\"@graph\":[{\"@type\":\"WebPage\",\"@id\":\"https:\/\/www.swisssem.ch\/de\/ueber-uns-2\/vermehrungsorganisationen\/jura-ssj\/\",\"url\":\"https:\/\/www.swisssem.ch\/de\/ueber-uns-2\/vermehrungsorganisationen\/jura-ssj\/\",\"name\":\"Jura (SSJ) - swisssem saatgut schweiz\",\"isPartOf\":{\"@id\":\"https:\/\/www.swisssem.ch\/de\/#website\"},\"primaryImageOfPage\":{\"@id\":\"https:\/\/www.swisssem.ch\/de\/ueber-uns-2\/vermehrungsorganisationen\/jura-ssj\/#primaryimage\"},\"image\":{\"@id\":\"https:\/\/www.swisssem.ch\/de\/ueber-uns-2\/vermehrungsorganisationen\/jura-ssj\/#primaryimage\"},\"thumbnailUrl\":\"https:\/\/www.swisssem.ch\/wp-content\/uploads\/2020\/02\/logo-certisem-jura-1.png\",\"datePublished\":\"2020-02-11T10:52:50+00:00\",\"dateModified\":\"2024-06-26T09:10:40+00:00\",\"breadcrumb\":{\"@id\":\"https:\/\/www.swisssem.ch\/de\/ueber-uns-2\/vermehrungsorganisationen\/jura-ssj\/#breadcrumb\"},\"inLanguage\":\"de\",\"potentialAction\":[{\"@type\":\"ReadAction\",\"target\":[\"https:\/\/www.swisssem.ch\/de\/ueber-uns-2\/vermehrungsorganisationen\/jura-ssj\/\"]}]},{\"@type\":\"ImageObject\",\"inLanguage\":\"de\",\"@id\":\"https:\/\/www.swisssem.ch\/de\/ueber-uns-2\/vermehrungsorganisationen\/jura-ssj\/#primaryimage\",\"url\":\"https:\/\/www.swisssem.ch\/wp-content\/uploads\/2020\/02\/logo-certisem-jura-1.png\",\"contentUrl\":\"https:\/\/www.swisssem.ch\/wp-content\/uploads\/2020\/02\/logo-certisem-jura-1.png\"},{\"@type\":\"BreadcrumbList\",\"@id\":\"https:\/\/www.swisssem.ch\/de\/ueber-uns-2\/vermehrungsorganisationen\/jura-ssj\/#breadcrumb\",\"itemListElement\":[{\"@type\":\"ListItem\",\"position\":1,\"name\":\"Home\",\"item\":\"https:\/\/www.swisssem.ch\/de\/\"},{\"@type\":\"ListItem\",\"position\":2,\"name\":\"\u00dcber uns\",\"item\":\"https:\/\/www.swisssem.ch\/de\/ueber-uns-2\/\"},{\"@type\":\"ListItem\",\"position\":3,\"name\":\"Vermehrungsorganisationen\",\"item\":\"https:\/\/www.swisssem.ch\/de\/ueber-uns-2\/vermehrungsorganisationen\/\"},{\"@type\":\"ListItem\",\"position\":4,\"name\":\"Jura (SSJ)\"}]},{\"@type\":\"WebSite\",\"@id\":\"https:\/\/www.swisssem.ch\/de\/#website\",\"url\":\"https:\/\/www.swisssem.ch\/de\/\",\"name\":\"swisssem saatgut schweiz\",\"description\":\"\",\"publisher\":{\"@id\":\"https:\/\/www.swisssem.ch\/de\/#organization\"},\"potentialAction\":[{\"@type\":\"SearchAction\",\"target\":{\"@type\":\"EntryPoint\",\"urlTemplate\":\"https:\/\/www.swisssem.ch\/de\/?s={search_term_string}\"},\"query-input\":{\"@type\":\"PropertyValueSpecification\",\"valueRequired\":true,\"valueName\":\"search_term_string\"}}],\"inLanguage\":\"de\"},{\"@type\":\"Organization\",\"@id\":\"https:\/\/www.swisssem.ch\/de\/#organization\",\"name\":\"swisssem saatgut schweiz\",\"url\":\"https:\/\/www.swisssem.ch\/de\/\",\"logo\":{\"@type\":\"ImageObject\",\"inLanguage\":\"de\",\"@id\":\"https:\/\/www.swisssem.ch\/de\/#\/schema\/logo\/image\/\",\"url\":\"https:\/\/www.swisssem.ch\/wp-content\/uploads\/2020\/03\/Logo_swisssem_RGB-1.jpg\",\"contentUrl\":\"https:\/\/www.swisssem.ch\/wp-content\/uploads\/2020\/03\/Logo_swisssem_RGB-1.jpg\",\"width\":1684,\"height\":430,\"caption\":\"swisssem saatgut schweiz\"},\"image\":{\"@id\":\"https:\/\/www.swisssem.ch\/de\/#\/schema\/logo\/image\/\"}}]}<\/script>\n<!-- \/ Yoast SEO plugin. -->","yoast_head_json":{"title":"Jura (SSJ) - swisssem saatgut schweiz","robots":{"index":"index","follow":"follow","max-snippet":"max-snippet:-1","max-image-preview":"max-image-preview:large","max-video-preview":"max-video-preview:-1"},"canonical":"https:\/\/www.swisssem.ch\/de\/ueber-uns-2\/vermehrungsorganisationen\/jura-ssj\/","og_locale":"de_DE","og_type":"article","og_title":"Jura (SSJ) - swisssem saatgut schweiz","og_description":"Jura (SSJ) Certisem JuraRte de Moutier 62 2800 Del\u00e9mont Gesch\u00e4ftsf\u00fchrer: Lo\u00efc Eggenschwiler\u00a0Tel. 078 665 80 79e-mail info@ssj.ch \u00a0Internet\u00a0www.ssj.ch","og_url":"https:\/\/www.swisssem.ch\/de\/ueber-uns-2\/vermehrungsorganisationen\/jura-ssj\/","og_site_name":"swisssem saatgut schweiz","article_modified_time":"2024-06-26T09:10:40+00:00","og_image":[{"url":"https:\/\/www.swisssem.ch\/wp-content\/uploads\/2020\/02\/logo-certisem-jura-1.png","type":"","width":"","height":""}],"twitter_card":"summary_large_image","twitter_misc":{"Gesch\u00e4tzte Lesezeit":"1\u00a0Minute"},"schema":{"@context":"https:\/\/schema.org","@graph":[{"@type":"WebPage","@id":"https:\/\/www.swisssem.ch\/de\/ueber-uns-2\/vermehrungsorganisationen\/jura-ssj\/","url":"https:\/\/www.swisssem.ch\/de\/ueber-uns-2\/vermehrungsorganisationen\/jura-ssj\/","name":"Jura (SSJ) - swisssem saatgut schweiz","isPartOf":{"@id":"https:\/\/www.swisssem.ch\/de\/#website"},"primaryImageOfPage":{"@id":"https:\/\/www.swisssem.ch\/de\/ueber-uns-2\/vermehrungsorganisationen\/jura-ssj\/#primaryimage"},"image":{"@id":"https:\/\/www.swisssem.ch\/de\/ueber-uns-2\/vermehrungsorganisationen\/jura-ssj\/#primaryimage"},"thumbnailUrl":"https:\/\/www.swisssem.ch\/wp-content\/uploads\/2020\/02\/logo-certisem-jura-1.png","datePublished":"2020-02-11T10:52:50+00:00","dateModified":"2024-06-26T09:10:40+00:00","breadcrumb":{"@id":"https:\/\/www.swisssem.ch\/de\/ueber-uns-2\/vermehrungsorganisationen\/jura-ssj\/#breadcrumb"},"inLanguage":"de","potentialAction":[{"@type":"ReadAction","target":["https:\/\/www.swisssem.ch\/de\/ueber-uns-2\/vermehrungsorganisationen\/jura-ssj\/"]}]},{"@type":"ImageObject","inLanguage":"de","@id":"https:\/\/www.swisssem.ch\/de\/ueber-uns-2\/vermehrungsorganisationen\/jura-ssj\/#primaryimage","url":"https:\/\/www.swisssem.ch\/wp-content\/uploads\/2020\/02\/logo-certisem-jura-1.png","contentUrl":"https:\/\/www.swisssem.ch\/wp-content\/uploads\/2020\/02\/logo-certisem-jura-1.png"},{"@type":"BreadcrumbList","@id":"https:\/\/www.swisssem.ch\/de\/ueber-uns-2\/vermehrungsorganisationen\/jura-ssj\/#breadcrumb","itemListElement":[{"@type":"ListItem","position":1,"name":"Home","item":"https:\/\/www.swisssem.ch\/de\/"},{"@type":"ListItem","position":2,"name":"\u00dcber uns","item":"https:\/\/www.swisssem.ch\/de\/ueber-uns-2\/"},{"@type":"ListItem","position":3,"name":"Vermehrungsorganisationen","item":"https:\/\/www.swisssem.ch\/de\/ueber-uns-2\/vermehrungsorganisationen\/"},{"@type":"ListItem","position":4,"name":"Jura (SSJ)"}]},{"@type":"WebSite","@id":"https:\/\/www.swisssem.ch\/de\/#website","url":"https:\/\/www.swisssem.ch\/de\/","name":"swisssem saatgut schweiz","description":"","publisher":{"@id":"https:\/\/www.swisssem.ch\/de\/#organization"},"potentialAction":[{"@type":"SearchAction","target":{"@type":"EntryPoint","urlTemplate":"https:\/\/www.swisssem.ch\/de\/?s={search_term_string}"},"query-input":{"@type":"PropertyValueSpecification","valueRequired":true,"valueName":"search_term_string"}}],"inLanguage":"de"},{"@type":"Organization","@id":"https:\/\/www.swisssem.ch\/de\/#organization","name":"swisssem saatgut schweiz","url":"https:\/\/www.swisssem.ch\/de\/","logo":{"@type":"ImageObject","inLanguage":"de","@id":"https:\/\/www.swisssem.ch\/de\/#\/schema\/logo\/image\/","url":"https:\/\/www.swisssem.ch\/wp-content\/uploads\/2020\/03\/Logo_swisssem_RGB-1.jpg","contentUrl":"https:\/\/www.swisssem.ch\/wp-content\/uploads\/2020\/03\/Logo_swisssem_RGB-1.jpg","width":1684,"height":430,"caption":"swisssem saatgut schweiz"},"image":{"@id":"https:\/\/www.swisssem.ch\/de\/#\/schema\/logo\/image\/"}}]}},"_links":{"self":[{"href":"https:\/\/www.swisssem.ch\/de\/wp-json\/wp\/v2\/pages\/3163","targetHints":{"allow":["GET"]}}],"collection":[{"href":"https:\/\/www.swisssem.ch\/de\/wp-json\/wp\/v2\/pages"}],"about":[{"href":"https:\/\/www.swisssem.ch\/de\/wp-json\/wp\/v2\/types\/page"}],"author":[{"embeddable":true,"href":"https:\/\/www.swisssem.ch\/de\/wp-json\/wp\/v2\/users\/7"}],"replies":[{"embeddable":true,"href":"https:\/\/www.swisssem.ch\/de\/wp-json\/wp\/v2\/comments?post=3163"}],"version-history":[{"count":13,"href":"https:\/\/www.swisssem.ch\/de\/wp-json\/wp\/v2\/pages\/3163\/revisions"}],"predecessor-version":[{"id":11727,"href":"https:\/\/www.swisssem.ch\/de\/wp-json\/wp\/v2\/pages\/3163\/revisions\/11727"}],"up":[{"embeddable":true,"href":"https:\/\/www.swisssem.ch\/de\/wp-json\/wp\/v2\/pages\/1940"}],"wp:attachment":[{"href":"https:\/\/www.swisssem.ch\/de\/wp-json\/wp\/v2\/media?parent=3163"}],"curies":[{"name":"wp","href":"https:\/\/api.w.org\/{rel}","templated":true}]}}