{"id":3134,"date":"2020-02-11T11:41:32","date_gmt":"2020-02-11T10:41:32","guid":{"rendered":"https:\/\/www.swisssem.ch\/?page_id=3134"},"modified":"2025-02-26T10:58:28","modified_gmt":"2025-02-26T09:58:28","slug":"swissmais","status":"publish","type":"page","link":"https:\/\/www.swisssem.ch\/de\/ueber-uns-2\/vermehrungsorganisationen\/swissmais\/","title":{"rendered":"Swissmais"},"content":{"rendered":"\n<h3 class=\"wp-block-heading\">Swissmais<\/h3>\n\n\n\n<p>SWISSMAIS GmbH<br>c\/o Matthieu Pasquier<br>Chemin du Martinet 2A<br>CH-1510 Moudon<\/p>\n\n\n\n<p>Tel. 021 \/ 905 95 16<br>e-mail&nbsp;<a href=\"mailto:m.pasquier@ass-agri.ch\">m.pasquier@ass-agri.ch<\/a><\/p>\n\n\n\n<p><a href=\"https:\/\/ass-agri.ch\/plants-semences\/semences-de-mais\/\">www.ass-agri.ch<\/a><br><br>Swissma\u00efs ist eine im Jahr 1997 gegr\u00fcndete GmbH, die alle Schweizer Maissaatgut-Produzenten vereint. Sie bezweckt die Produktion und Aufbereitung von qualitativ, hochwertigem, zertifiziertem Maissaatgut das den Marktbed\u00fcrfnissen der Schweiz entspricht. Unsere Produktionsmitglieder sind in zwei Regionen aufgeteilt, die jeweils einer Vermehrungsorganisation entsprechen:<\/p>\n\n\n\n<ul class=\"wp-block-list\">\n<li>Rheintal (SG): Saatzuchtgenossenschaft St. Gallen (SZSG)<\/li>\n\n\n\n<li>La C\u00f4te (VD): ASS Soci\u00e9t\u00e9 des s\u00e9lectionneurs<\/li>\n<\/ul>\n\n\n\n<p>Die Koordination der einzelnen Arbeiten wird auf der Ebene jeder regionalen Vermehrungsorganisation gem\u00e4ss den Anweisungen des Gesch\u00e4ftsf\u00fchrers von Swissma\u00efs gew\u00e4hrleistet. Dazu geh\u00f6ren: Planung der Parzellen und Produktions-Bereiche nach Sorte (Isolation), Aussaat von m\u00e4nnlichen und weiblichen Linien, Entfernung von nicht konformen Pflanzen, amtliche Kontrolle der Parzellen, Kastration der weiblichen Pflanzen (mechanisch und manuell), Ernte der Kolben, Trocknung, Kontrolle und Entk\u00f6rnung der Kolben.Die gesamte Schweizerische Produktion von Maissaatgut wird in der Reinigungsanlage der ASS in Moudon (VD), unter Mandat f\u00fcr Swissma\u00efs, sortiert, kalibriert, verarbeitet und verpackt.&nbsp;Maissaatgut wird vertraglich f\u00fcr Schweizer und ausl\u00e4ndische Z\u00fcchter produziert. Letztere sind in Zusammenarbeit mit Grossh\u00e4ndlern und H\u00e4ndlern f\u00fcr die Vermarktung auf dem heimischen Markt verantwortlich.<\/p>\n\n\n\n<h4 class=\"wp-block-heading\">Unsere Ziele:&nbsp;<\/h4>\n\n\n\n<ul class=\"wp-block-list\">\n<li>Wirtschaftlich erfolgreich Saatmais produzieren&nbsp;<\/li>\n\n\n\n<li>Den Schweizer Vermehrern die Fl\u00e4chen sicherstellen<\/li>\n\n\n\n<li>Qualitativ hochstehende Produkte erzeugen&nbsp;<\/li>\n\n\n\n<li>&#8222;Swiss made&#8220; auch beim Saatmais zum Begriff entwickeln&nbsp;<\/li>\n<\/ul>\n\n\n\n<div class=\"wp-block-group\"><div class=\"wp-block-group__inner-container is-layout-flow wp-block-group-is-layout-flow\">\n<div class=\"wp-block-columns is-layout-flex wp-container-core-columns-is-layout-9d6595d7 wp-block-columns-is-layout-flex\">\n<div class=\"wp-block-column is-layout-flow wp-block-column-is-layout-flow\" style=\"flex-basis:43.8%\">\n<h4 class=\"wp-block-heading\"> Pr\u00e4sident: <\/h4>\n\n\n\n<ul class=\"wp-block-list\">\n<li>Seit 2022&nbsp; &nbsp;Denis Huguet<br>2012 &#8211; 2022 Didier Peter<\/li>\n\n\n\n<li>2003 &#8211; 2012&nbsp; Jean-Pierre Porchet<\/li>\n\n\n\n<li>1997 &#8211; 2003&nbsp; Jacques Auderset <br><\/li>\n<\/ul>\n\n\n\n<p><\/p>\n<\/div>\n\n\n\n<div class=\"wp-block-column is-layout-flow wp-block-column-is-layout-flow\" style=\"flex-basis:67.5%\">\n<h4 class=\"wp-block-heading\"> Gesch\u00e4ftsf\u00fchrer: <\/h4>\n\n\n\n<p>&#8211; Seit 2025 Matthieu Pasquier<br>&#8211; 2001 &#8211; 2024 Paolo Bassetti<br>&#8211; 1997 &#8211; 2001 Werner Rosser<\/p>\n<\/div>\n\n\n\n<div class=\"wp-block-column is-layout-flow wp-block-column-is-layout-flow\"><\/div>\n<\/div>\n<\/div><\/div>\n\n\n\n<h4 class=\"wp-block-heading\">&nbsp;J\u00e4hrliche Produktion:<\/h4>\n\n\n\n<ul class=\"wp-block-list\">\n<li>zwischen 130 &#8211; 150 ha<\/li>\n\n\n\n<li>10 bis 12 Sorten<\/li>\n\n\n\n<li>300 &#8211; 450 Tonnen<\/li>\n<\/ul>\n\n\n\n<figure class=\"wp-block-image\"><a href=\"http:\/\/www.swisssem.ch\/fileadmin\/sites\/swisssem\/files\/pdf\/Swissmais_Organigramme_2018.pdf\"><img decoding=\"async\" src=\"http:\/\/www.swisssem.ch\/fileadmin\/_processed_\/c\/9\/csm_Swissmais_Organigramme_2018_a64ef2adcf.png\" alt=\"\"\/><\/a><\/figure>\n","protected":false},"excerpt":{"rendered":"<p>Swissmais SWISSMAIS GmbHc\/o Matthieu PasquierChemin du Martinet 2ACH-1510 Moudon Tel. 021 \/ 905 95 16e-mail&nbsp;m.pasquier@ass-agri.ch www.ass-agri.ch Swissma\u00efs ist eine im Jahr 1997 gegr\u00fcndete GmbH, die alle Schweizer Maissaatgut-Produzenten vereint. Sie bezweckt die Produktion und Aufbereitung von qualitativ, hochwertigem, zertifiziertem Maissaatgut das den Marktbed\u00fcrfnissen der Schweiz entspricht. Unsere Produktionsmitglieder sind in zwei Regionen aufgeteilt, die jeweils [&hellip;]<\/p>\n","protected":false},"author":7,"featured_media":0,"parent":1940,"menu_order":162,"comment_status":"closed","ping_status":"closed","template":"","meta":{"_acf_changed":false,"footnotes":""},"class_list":["post-3134","page","type-page","status-publish","hentry"],"acf":[],"yoast_head":"<!-- This site is optimized with the Yoast SEO plugin v27.1.1 - https:\/\/yoast.com\/product\/yoast-seo-wordpress\/ -->\n<title>Swissmais - swisssem saatgut schweiz<\/title>\n<meta name=\"robots\" content=\"index, follow, max-snippet:-1, max-image-preview:large, max-video-preview:-1\" \/>\n<link rel=\"canonical\" href=\"https:\/\/www.swisssem.ch\/de\/ueber-uns-2\/vermehrungsorganisationen\/swissmais\/\" \/>\n<meta property=\"og:locale\" content=\"de_DE\" \/>\n<meta property=\"og:type\" content=\"article\" \/>\n<meta property=\"og:title\" content=\"Swissmais - swisssem saatgut schweiz\" \/>\n<meta property=\"og:description\" content=\"Swissmais SWISSMAIS GmbHc\/o Matthieu PasquierChemin du Martinet 2ACH-1510 Moudon Tel. 021 \/ 905 95 16e-mail&nbsp;m.pasquier@ass-agri.ch www.ass-agri.ch Swissma\u00efs ist eine im Jahr 1997 gegr\u00fcndete GmbH, die alle Schweizer Maissaatgut-Produzenten vereint. Sie bezweckt die Produktion und Aufbereitung von qualitativ, hochwertigem, zertifiziertem Maissaatgut das den Marktbed\u00fcrfnissen der Schweiz entspricht. Unsere Produktionsmitglieder sind in zwei Regionen aufgeteilt, die jeweils [&hellip;]\" \/>\n<meta property=\"og:url\" content=\"https:\/\/www.swisssem.ch\/de\/ueber-uns-2\/vermehrungsorganisationen\/swissmais\/\" \/>\n<meta property=\"og:site_name\" content=\"swisssem saatgut schweiz\" \/>\n<meta property=\"article:modified_time\" content=\"2025-02-26T09:58:28+00:00\" \/>\n<meta property=\"og:image\" content=\"http:\/\/www.swisssem.ch\/fileadmin\/_processed_\/c\/9\/csm_Swissmais_Organigramme_2018_a64ef2adcf.png\" \/>\n<meta name=\"twitter:card\" content=\"summary_large_image\" \/>\n<meta name=\"twitter:label1\" content=\"Gesch\u00e4tzte Lesezeit\" \/>\n\t<meta name=\"twitter:data1\" content=\"2\u00a0Minuten\" \/>\n<script type=\"application\/ld+json\" class=\"yoast-schema-graph\">{\"@context\":\"https:\/\/schema.org\",\"@graph\":[{\"@type\":\"WebPage\",\"@id\":\"https:\/\/www.swisssem.ch\/de\/ueber-uns-2\/vermehrungsorganisationen\/swissmais\/\",\"url\":\"https:\/\/www.swisssem.ch\/de\/ueber-uns-2\/vermehrungsorganisationen\/swissmais\/\",\"name\":\"Swissmais - swisssem saatgut schweiz\",\"isPartOf\":{\"@id\":\"https:\/\/www.swisssem.ch\/de\/#website\"},\"primaryImageOfPage\":{\"@id\":\"https:\/\/www.swisssem.ch\/de\/ueber-uns-2\/vermehrungsorganisationen\/swissmais\/#primaryimage\"},\"image\":{\"@id\":\"https:\/\/www.swisssem.ch\/de\/ueber-uns-2\/vermehrungsorganisationen\/swissmais\/#primaryimage\"},\"thumbnailUrl\":\"http:\/\/www.swisssem.ch\/fileadmin\/_processed_\/c\/9\/csm_Swissmais_Organigramme_2018_a64ef2adcf.png\",\"datePublished\":\"2020-02-11T10:41:32+00:00\",\"dateModified\":\"2025-02-26T09:58:28+00:00\",\"breadcrumb\":{\"@id\":\"https:\/\/www.swisssem.ch\/de\/ueber-uns-2\/vermehrungsorganisationen\/swissmais\/#breadcrumb\"},\"inLanguage\":\"de\",\"potentialAction\":[{\"@type\":\"ReadAction\",\"target\":[\"https:\/\/www.swisssem.ch\/de\/ueber-uns-2\/vermehrungsorganisationen\/swissmais\/\"]}]},{\"@type\":\"ImageObject\",\"inLanguage\":\"de\",\"@id\":\"https:\/\/www.swisssem.ch\/de\/ueber-uns-2\/vermehrungsorganisationen\/swissmais\/#primaryimage\",\"url\":\"http:\/\/www.swisssem.ch\/fileadmin\/_processed_\/c\/9\/csm_Swissmais_Organigramme_2018_a64ef2adcf.png\",\"contentUrl\":\"http:\/\/www.swisssem.ch\/fileadmin\/_processed_\/c\/9\/csm_Swissmais_Organigramme_2018_a64ef2adcf.png\"},{\"@type\":\"BreadcrumbList\",\"@id\":\"https:\/\/www.swisssem.ch\/de\/ueber-uns-2\/vermehrungsorganisationen\/swissmais\/#breadcrumb\",\"itemListElement\":[{\"@type\":\"ListItem\",\"position\":1,\"name\":\"Home\",\"item\":\"https:\/\/www.swisssem.ch\/de\/\"},{\"@type\":\"ListItem\",\"position\":2,\"name\":\"\u00dcber uns\",\"item\":\"https:\/\/www.swisssem.ch\/de\/ueber-uns-2\/\"},{\"@type\":\"ListItem\",\"position\":3,\"name\":\"Vermehrungsorganisationen\",\"item\":\"https:\/\/www.swisssem.ch\/de\/ueber-uns-2\/vermehrungsorganisationen\/\"},{\"@type\":\"ListItem\",\"position\":4,\"name\":\"Swissmais\"}]},{\"@type\":\"WebSite\",\"@id\":\"https:\/\/www.swisssem.ch\/de\/#website\",\"url\":\"https:\/\/www.swisssem.ch\/de\/\",\"name\":\"swisssem saatgut schweiz\",\"description\":\"\",\"publisher\":{\"@id\":\"https:\/\/www.swisssem.ch\/de\/#organization\"},\"potentialAction\":[{\"@type\":\"SearchAction\",\"target\":{\"@type\":\"EntryPoint\",\"urlTemplate\":\"https:\/\/www.swisssem.ch\/de\/?s={search_term_string}\"},\"query-input\":{\"@type\":\"PropertyValueSpecification\",\"valueRequired\":true,\"valueName\":\"search_term_string\"}}],\"inLanguage\":\"de\"},{\"@type\":\"Organization\",\"@id\":\"https:\/\/www.swisssem.ch\/de\/#organization\",\"name\":\"swisssem saatgut schweiz\",\"url\":\"https:\/\/www.swisssem.ch\/de\/\",\"logo\":{\"@type\":\"ImageObject\",\"inLanguage\":\"de\",\"@id\":\"https:\/\/www.swisssem.ch\/de\/#\/schema\/logo\/image\/\",\"url\":\"https:\/\/www.swisssem.ch\/wp-content\/uploads\/2020\/03\/Logo_swisssem_RGB-1.jpg\",\"contentUrl\":\"https:\/\/www.swisssem.ch\/wp-content\/uploads\/2020\/03\/Logo_swisssem_RGB-1.jpg\",\"width\":1684,\"height\":430,\"caption\":\"swisssem saatgut schweiz\"},\"image\":{\"@id\":\"https:\/\/www.swisssem.ch\/de\/#\/schema\/logo\/image\/\"}}]}<\/script>\n<!-- \/ Yoast SEO plugin. -->","yoast_head_json":{"title":"Swissmais - swisssem saatgut schweiz","robots":{"index":"index","follow":"follow","max-snippet":"max-snippet:-1","max-image-preview":"max-image-preview:large","max-video-preview":"max-video-preview:-1"},"canonical":"https:\/\/www.swisssem.ch\/de\/ueber-uns-2\/vermehrungsorganisationen\/swissmais\/","og_locale":"de_DE","og_type":"article","og_title":"Swissmais - swisssem saatgut schweiz","og_description":"Swissmais SWISSMAIS GmbHc\/o Matthieu PasquierChemin du Martinet 2ACH-1510 Moudon Tel. 021 \/ 905 95 16e-mail&nbsp;m.pasquier@ass-agri.ch www.ass-agri.ch Swissma\u00efs ist eine im Jahr 1997 gegr\u00fcndete GmbH, die alle Schweizer Maissaatgut-Produzenten vereint. Sie bezweckt die Produktion und Aufbereitung von qualitativ, hochwertigem, zertifiziertem Maissaatgut das den Marktbed\u00fcrfnissen der Schweiz entspricht. Unsere Produktionsmitglieder sind in zwei Regionen aufgeteilt, die jeweils [&hellip;]","og_url":"https:\/\/www.swisssem.ch\/de\/ueber-uns-2\/vermehrungsorganisationen\/swissmais\/","og_site_name":"swisssem saatgut schweiz","article_modified_time":"2025-02-26T09:58:28+00:00","og_image":[{"url":"http:\/\/www.swisssem.ch\/fileadmin\/_processed_\/c\/9\/csm_Swissmais_Organigramme_2018_a64ef2adcf.png","type":"","width":"","height":""}],"twitter_card":"summary_large_image","twitter_misc":{"Gesch\u00e4tzte Lesezeit":"2\u00a0Minuten"},"schema":{"@context":"https:\/\/schema.org","@graph":[{"@type":"WebPage","@id":"https:\/\/www.swisssem.ch\/de\/ueber-uns-2\/vermehrungsorganisationen\/swissmais\/","url":"https:\/\/www.swisssem.ch\/de\/ueber-uns-2\/vermehrungsorganisationen\/swissmais\/","name":"Swissmais - swisssem saatgut schweiz","isPartOf":{"@id":"https:\/\/www.swisssem.ch\/de\/#website"},"primaryImageOfPage":{"@id":"https:\/\/www.swisssem.ch\/de\/ueber-uns-2\/vermehrungsorganisationen\/swissmais\/#primaryimage"},"image":{"@id":"https:\/\/www.swisssem.ch\/de\/ueber-uns-2\/vermehrungsorganisationen\/swissmais\/#primaryimage"},"thumbnailUrl":"http:\/\/www.swisssem.ch\/fileadmin\/_processed_\/c\/9\/csm_Swissmais_Organigramme_2018_a64ef2adcf.png","datePublished":"2020-02-11T10:41:32+00:00","dateModified":"2025-02-26T09:58:28+00:00","breadcrumb":{"@id":"https:\/\/www.swisssem.ch\/de\/ueber-uns-2\/vermehrungsorganisationen\/swissmais\/#breadcrumb"},"inLanguage":"de","potentialAction":[{"@type":"ReadAction","target":["https:\/\/www.swisssem.ch\/de\/ueber-uns-2\/vermehrungsorganisationen\/swissmais\/"]}]},{"@type":"ImageObject","inLanguage":"de","@id":"https:\/\/www.swisssem.ch\/de\/ueber-uns-2\/vermehrungsorganisationen\/swissmais\/#primaryimage","url":"http:\/\/www.swisssem.ch\/fileadmin\/_processed_\/c\/9\/csm_Swissmais_Organigramme_2018_a64ef2adcf.png","contentUrl":"http:\/\/www.swisssem.ch\/fileadmin\/_processed_\/c\/9\/csm_Swissmais_Organigramme_2018_a64ef2adcf.png"},{"@type":"BreadcrumbList","@id":"https:\/\/www.swisssem.ch\/de\/ueber-uns-2\/vermehrungsorganisationen\/swissmais\/#breadcrumb","itemListElement":[{"@type":"ListItem","position":1,"name":"Home","item":"https:\/\/www.swisssem.ch\/de\/"},{"@type":"ListItem","position":2,"name":"\u00dcber uns","item":"https:\/\/www.swisssem.ch\/de\/ueber-uns-2\/"},{"@type":"ListItem","position":3,"name":"Vermehrungsorganisationen","item":"https:\/\/www.swisssem.ch\/de\/ueber-uns-2\/vermehrungsorganisationen\/"},{"@type":"ListItem","position":4,"name":"Swissmais"}]},{"@type":"WebSite","@id":"https:\/\/www.swisssem.ch\/de\/#website","url":"https:\/\/www.swisssem.ch\/de\/","name":"swisssem saatgut schweiz","description":"","publisher":{"@id":"https:\/\/www.swisssem.ch\/de\/#organization"},"potentialAction":[{"@type":"SearchAction","target":{"@type":"EntryPoint","urlTemplate":"https:\/\/www.swisssem.ch\/de\/?s={search_term_string}"},"query-input":{"@type":"PropertyValueSpecification","valueRequired":true,"valueName":"search_term_string"}}],"inLanguage":"de"},{"@type":"Organization","@id":"https:\/\/www.swisssem.ch\/de\/#organization","name":"swisssem saatgut schweiz","url":"https:\/\/www.swisssem.ch\/de\/","logo":{"@type":"ImageObject","inLanguage":"de","@id":"https:\/\/www.swisssem.ch\/de\/#\/schema\/logo\/image\/","url":"https:\/\/www.swisssem.ch\/wp-content\/uploads\/2020\/03\/Logo_swisssem_RGB-1.jpg","contentUrl":"https:\/\/www.swisssem.ch\/wp-content\/uploads\/2020\/03\/Logo_swisssem_RGB-1.jpg","width":1684,"height":430,"caption":"swisssem saatgut schweiz"},"image":{"@id":"https:\/\/www.swisssem.ch\/de\/#\/schema\/logo\/image\/"}}]}},"_links":{"self":[{"href":"https:\/\/www.swisssem.ch\/de\/wp-json\/wp\/v2\/pages\/3134","targetHints":{"allow":["GET"]}}],"collection":[{"href":"https:\/\/www.swisssem.ch\/de\/wp-json\/wp\/v2\/pages"}],"about":[{"href":"https:\/\/www.swisssem.ch\/de\/wp-json\/wp\/v2\/types\/page"}],"author":[{"embeddable":true,"href":"https:\/\/www.swisssem.ch\/de\/wp-json\/wp\/v2\/users\/7"}],"replies":[{"embeddable":true,"href":"https:\/\/www.swisssem.ch\/de\/wp-json\/wp\/v2\/comments?post=3134"}],"version-history":[{"count":20,"href":"https:\/\/www.swisssem.ch\/de\/wp-json\/wp\/v2\/pages\/3134\/revisions"}],"predecessor-version":[{"id":12217,"href":"https:\/\/www.swisssem.ch\/de\/wp-json\/wp\/v2\/pages\/3134\/revisions\/12217"}],"up":[{"embeddable":true,"href":"https:\/\/www.swisssem.ch\/de\/wp-json\/wp\/v2\/pages\/1940"}],"wp:attachment":[{"href":"https:\/\/www.swisssem.ch\/de\/wp-json\/wp\/v2\/media?parent=3134"}],"curies":[{"name":"wp","href":"https:\/\/api.w.org\/{rel}","templated":true}]}}