{"id":3039,"date":"2020-02-07T11:18:42","date_gmt":"2020-02-07T10:18:42","guid":{"rendered":"https:\/\/www.swisssem.ch\/?page_id=3039"},"modified":"2020-04-30T16:01:09","modified_gmt":"2020-04-30T14:01:09","slug":"historische-einordnung","status":"publish","type":"page","link":"https:\/\/www.swisssem.ch\/de\/ueber-uns-2\/stiftung-schloss\/historische-einordnung\/","title":{"rendered":"Historische Einordnung"},"content":{"rendered":"\n<div class=\"wp-block-columns is-layout-flex wp-container-core-columns-is-layout-9d6595d7 wp-block-columns-is-layout-flex\">\n<div class=\"wp-block-column is-layout-flow wp-block-column-is-layout-flow\" style=\"flex-basis:43.8%\">\n<h1 class=\"wp-block-heading\">Historische Einordnung<\/h1>\n\n\n\n<p><\/p>\n<\/div>\n\n\n\n<div class=\"wp-block-column is-layout-flow wp-block-column-is-layout-flow\" style=\"flex-basis:66.66%\">\n<figure class=\"wp-block-image size-large\"><img loading=\"lazy\" decoding=\"async\" width=\"1024\" height=\"679\" src=\"https:\/\/www.swisssem.ch\/wp-content\/uploads\/2020\/02\/1975_1-1024x679.jpg\" alt=\"\" class=\"wp-image-3440\" srcset=\"https:\/\/www.swisssem.ch\/wp-content\/uploads\/2020\/02\/1975_1-1024x679.jpg 1024w, https:\/\/www.swisssem.ch\/wp-content\/uploads\/2020\/02\/1975_1-300x199.jpg 300w, https:\/\/www.swisssem.ch\/wp-content\/uploads\/2020\/02\/1975_1-768x509.jpg 768w, https:\/\/www.swisssem.ch\/wp-content\/uploads\/2020\/02\/1975_1.jpg 1492w\" sizes=\"auto, (max-width: 1024px) 100vw, 1024px\" \/><\/figure>\n<\/div>\n<\/div>\n\n\n\n<h2 class=\"wp-block-heading\"><strong> Landsitze als Gesellschaftsspiegel <\/strong><\/h2>\n\n\n\n<p>Die Aristokratie der Eidgenossenschaft &#8211; und mit ihr der private  Herrschaftsbau als Ausdruck des Selbstverst\u00e4ndnisses der Bauherren &#8211; war  im 17. und 18. Jahrhundert provinzielles Abbild grosser F\u00fcrstenh\u00f6fe des  ausl\u00e4ndischen Absolutismus. <\/p>\n\n\n\n<p>Nachdem die befestigten Burgen bereits im  15. Jahrhundert herrschaftlichen Residenzen gewichen waren, welche  Wehrhaftigkeitscharakter allein als Ausdruck der adeligen  Standeszugeh\u00f6rigkeit verwendeten, stand der Schlossbau im Zeitalter des  Barock ganz im Zeichen der gesellschaftlichen Repr\u00e4sentation. <\/p>\n\n\n\n<p>Durch die  Vermischung eidgen\u00f6ssischer Tradition mit h\u00f6fischem Einfluss schwankte  das Erscheinungsbild der schweizerischen Aristokratie zwischen einem  republikanischen Grundmuster einerseits und absolutistischem Gebaren  andererseits. In der Architektur spiegelt sich dieses Dilemma meist in  einem Kompromiss zwischen baulicher Zur\u00fcckhaltung und repr\u00e4sentativer  Zurschaustellung. Um die schweizerischen Patrizierst\u00e4dte herum  entstanden in dieser Zeit zahlreiche Landsitze wie das Schloss Delley.  Im Gegensatz zu den dreifl\u00fcgeligen Pal\u00e4sten grosser F\u00fcrstenh\u00e4user in den  Nachbarl\u00e4ndern handelte es sich in der Schweiz um die bescheideneren,  auf die Breitseite hin orientierten Einfl\u00fcgelanlagen mit Walm- oder  Mansartdach. <\/p>\n\n\n\n<p>Durch den Umbau von 1774 lehnt sich das Schloss Delley  allerdings entfernt an die barocken Dreifl\u00fcgelanlagen an. Die gesamte  Anlage, auf dem Mont Vully zwischen dem Murten- und dem Neuenburgersee  herrlich gelegen, ist eine prachtvolle Zeugin des freiburgischen,  aristokratischen Bau- und Lebensstils des 18. Jahrhunderts. <\/p>\n\n\n\n<!-- linklist component -->\n\n\t<ul class=\"linklist\">\n\t\t\t\t\t<li>\n\t\t\t\t<a href=\"https:\/\/www.swisssem.ch\/de\/ueber-uns-2\/stiftung-schloss\/die-gaerten\/\" target=\"\">\n\t\t\t\t\t<span>\n\t\t\t\t\t\t<svg xmlns=\"http:\/\/www.w3.org\/2000\/svg\" data-name=\"Ebene 1\" viewBox=\"0 0 23.82 20.35\">\n\t\t\t\t\t\t\t<path d=\"M13.51 20.35L12 18.75l7.56-7.42H0V9h19.52L12 1.6 13.51 0l10.31 10.18z\"\/>\n\t\t\t\t\t\t<\/svg>\n\t\t\t\t\t<\/span>\n\t\t\t\t\tDie G\u00e4rten\t\t\t\t<\/a>\n\t\t\t<\/li>\n\t\t\t<\/ul>\n<!-- end of linklist component -->\n\n","protected":false},"excerpt":{"rendered":"<p>Historische Einordnung Landsitze als Gesellschaftsspiegel Die Aristokratie der Eidgenossenschaft &#8211; und mit ihr der private Herrschaftsbau als Ausdruck des Selbstverst\u00e4ndnisses der Bauherren &#8211; war im 17. und 18. Jahrhundert provinzielles Abbild grosser F\u00fcrstenh\u00f6fe des ausl\u00e4ndischen Absolutismus. Nachdem die befestigten Burgen bereits im 15. Jahrhundert herrschaftlichen Residenzen gewichen waren, welche Wehrhaftigkeitscharakter allein als Ausdruck der adeligen [&hellip;]<\/p>\n","protected":false},"author":6,"featured_media":0,"parent":1944,"menu_order":265,"comment_status":"closed","ping_status":"closed","template":"","meta":{"_acf_changed":false,"footnotes":""},"class_list":["post-3039","page","type-page","status-publish","hentry"],"acf":[],"yoast_head":"<!-- This site is optimized with the Yoast SEO plugin v27.1.1 - https:\/\/yoast.com\/product\/yoast-seo-wordpress\/ -->\n<title>Historische Einordnung - swisssem saatgut schweiz<\/title>\n<meta name=\"robots\" content=\"index, follow, max-snippet:-1, max-image-preview:large, max-video-preview:-1\" \/>\n<link rel=\"canonical\" href=\"https:\/\/www.swisssem.ch\/de\/ueber-uns-2\/stiftung-schloss\/historische-einordnung\/\" \/>\n<meta property=\"og:locale\" content=\"de_DE\" \/>\n<meta property=\"og:type\" content=\"article\" \/>\n<meta property=\"og:title\" content=\"Historische Einordnung - swisssem saatgut schweiz\" \/>\n<meta property=\"og:description\" content=\"Historische Einordnung Landsitze als Gesellschaftsspiegel Die Aristokratie der Eidgenossenschaft &#8211; und mit ihr der private Herrschaftsbau als Ausdruck des Selbstverst\u00e4ndnisses der Bauherren &#8211; war im 17. und 18. Jahrhundert provinzielles Abbild grosser F\u00fcrstenh\u00f6fe des ausl\u00e4ndischen Absolutismus. Nachdem die befestigten Burgen bereits im 15. Jahrhundert herrschaftlichen Residenzen gewichen waren, welche Wehrhaftigkeitscharakter allein als Ausdruck der adeligen [&hellip;]\" \/>\n<meta property=\"og:url\" content=\"https:\/\/www.swisssem.ch\/de\/ueber-uns-2\/stiftung-schloss\/historische-einordnung\/\" \/>\n<meta property=\"og:site_name\" content=\"swisssem saatgut schweiz\" \/>\n<meta property=\"article:modified_time\" content=\"2020-04-30T14:01:09+00:00\" \/>\n<meta property=\"og:image\" content=\"https:\/\/www.swisssem.ch\/wp-content\/uploads\/2020\/02\/1975_1-1024x679.jpg\" \/>\n<meta name=\"twitter:card\" content=\"summary_large_image\" \/>\n<meta name=\"twitter:label1\" content=\"Gesch\u00e4tzte Lesezeit\" \/>\n\t<meta name=\"twitter:data1\" content=\"1\u00a0Minute\" \/>\n<script type=\"application\/ld+json\" class=\"yoast-schema-graph\">{\"@context\":\"https:\/\/schema.org\",\"@graph\":[{\"@type\":\"WebPage\",\"@id\":\"https:\/\/www.swisssem.ch\/de\/ueber-uns-2\/stiftung-schloss\/historische-einordnung\/\",\"url\":\"https:\/\/www.swisssem.ch\/de\/ueber-uns-2\/stiftung-schloss\/historische-einordnung\/\",\"name\":\"Historische Einordnung - swisssem saatgut schweiz\",\"isPartOf\":{\"@id\":\"https:\/\/www.swisssem.ch\/de\/#website\"},\"primaryImageOfPage\":{\"@id\":\"https:\/\/www.swisssem.ch\/de\/ueber-uns-2\/stiftung-schloss\/historische-einordnung\/#primaryimage\"},\"image\":{\"@id\":\"https:\/\/www.swisssem.ch\/de\/ueber-uns-2\/stiftung-schloss\/historische-einordnung\/#primaryimage\"},\"thumbnailUrl\":\"https:\/\/www.swisssem.ch\/wp-content\/uploads\/2020\/02\/1975_1-1024x679.jpg\",\"datePublished\":\"2020-02-07T10:18:42+00:00\",\"dateModified\":\"2020-04-30T14:01:09+00:00\",\"breadcrumb\":{\"@id\":\"https:\/\/www.swisssem.ch\/de\/ueber-uns-2\/stiftung-schloss\/historische-einordnung\/#breadcrumb\"},\"inLanguage\":\"de\",\"potentialAction\":[{\"@type\":\"ReadAction\",\"target\":[\"https:\/\/www.swisssem.ch\/de\/ueber-uns-2\/stiftung-schloss\/historische-einordnung\/\"]}]},{\"@type\":\"ImageObject\",\"inLanguage\":\"de\",\"@id\":\"https:\/\/www.swisssem.ch\/de\/ueber-uns-2\/stiftung-schloss\/historische-einordnung\/#primaryimage\",\"url\":\"https:\/\/www.swisssem.ch\/wp-content\/uploads\/2020\/02\/1975_1-1024x679.jpg\",\"contentUrl\":\"https:\/\/www.swisssem.ch\/wp-content\/uploads\/2020\/02\/1975_1-1024x679.jpg\"},{\"@type\":\"BreadcrumbList\",\"@id\":\"https:\/\/www.swisssem.ch\/de\/ueber-uns-2\/stiftung-schloss\/historische-einordnung\/#breadcrumb\",\"itemListElement\":[{\"@type\":\"ListItem\",\"position\":1,\"name\":\"Home\",\"item\":\"https:\/\/www.swisssem.ch\/de\/\"},{\"@type\":\"ListItem\",\"position\":2,\"name\":\"\u00dcber uns\",\"item\":\"https:\/\/www.swisssem.ch\/de\/ueber-uns-2\/\"},{\"@type\":\"ListItem\",\"position\":3,\"name\":\"Stiftung Schloss\",\"item\":\"https:\/\/www.swisssem.ch\/de\/ueber-uns-2\/stiftung-schloss\/\"},{\"@type\":\"ListItem\",\"position\":4,\"name\":\"Historische Einordnung\"}]},{\"@type\":\"WebSite\",\"@id\":\"https:\/\/www.swisssem.ch\/de\/#website\",\"url\":\"https:\/\/www.swisssem.ch\/de\/\",\"name\":\"swisssem saatgut schweiz\",\"description\":\"\",\"publisher\":{\"@id\":\"https:\/\/www.swisssem.ch\/de\/#organization\"},\"potentialAction\":[{\"@type\":\"SearchAction\",\"target\":{\"@type\":\"EntryPoint\",\"urlTemplate\":\"https:\/\/www.swisssem.ch\/de\/?s={search_term_string}\"},\"query-input\":{\"@type\":\"PropertyValueSpecification\",\"valueRequired\":true,\"valueName\":\"search_term_string\"}}],\"inLanguage\":\"de\"},{\"@type\":\"Organization\",\"@id\":\"https:\/\/www.swisssem.ch\/de\/#organization\",\"name\":\"swisssem saatgut schweiz\",\"url\":\"https:\/\/www.swisssem.ch\/de\/\",\"logo\":{\"@type\":\"ImageObject\",\"inLanguage\":\"de\",\"@id\":\"https:\/\/www.swisssem.ch\/de\/#\/schema\/logo\/image\/\",\"url\":\"https:\/\/www.swisssem.ch\/wp-content\/uploads\/2020\/03\/Logo_swisssem_RGB-1.jpg\",\"contentUrl\":\"https:\/\/www.swisssem.ch\/wp-content\/uploads\/2020\/03\/Logo_swisssem_RGB-1.jpg\",\"width\":1684,\"height\":430,\"caption\":\"swisssem saatgut schweiz\"},\"image\":{\"@id\":\"https:\/\/www.swisssem.ch\/de\/#\/schema\/logo\/image\/\"}}]}<\/script>\n<!-- \/ Yoast SEO plugin. -->","yoast_head_json":{"title":"Historische Einordnung - swisssem saatgut schweiz","robots":{"index":"index","follow":"follow","max-snippet":"max-snippet:-1","max-image-preview":"max-image-preview:large","max-video-preview":"max-video-preview:-1"},"canonical":"https:\/\/www.swisssem.ch\/de\/ueber-uns-2\/stiftung-schloss\/historische-einordnung\/","og_locale":"de_DE","og_type":"article","og_title":"Historische Einordnung - swisssem saatgut schweiz","og_description":"Historische Einordnung Landsitze als Gesellschaftsspiegel Die Aristokratie der Eidgenossenschaft &#8211; und mit ihr der private Herrschaftsbau als Ausdruck des Selbstverst\u00e4ndnisses der Bauherren &#8211; war im 17. und 18. Jahrhundert provinzielles Abbild grosser F\u00fcrstenh\u00f6fe des ausl\u00e4ndischen Absolutismus. Nachdem die befestigten Burgen bereits im 15. Jahrhundert herrschaftlichen Residenzen gewichen waren, welche Wehrhaftigkeitscharakter allein als Ausdruck der adeligen [&hellip;]","og_url":"https:\/\/www.swisssem.ch\/de\/ueber-uns-2\/stiftung-schloss\/historische-einordnung\/","og_site_name":"swisssem saatgut schweiz","article_modified_time":"2020-04-30T14:01:09+00:00","og_image":[{"url":"https:\/\/www.swisssem.ch\/wp-content\/uploads\/2020\/02\/1975_1-1024x679.jpg","type":"","width":"","height":""}],"twitter_card":"summary_large_image","twitter_misc":{"Gesch\u00e4tzte Lesezeit":"1\u00a0Minute"},"schema":{"@context":"https:\/\/schema.org","@graph":[{"@type":"WebPage","@id":"https:\/\/www.swisssem.ch\/de\/ueber-uns-2\/stiftung-schloss\/historische-einordnung\/","url":"https:\/\/www.swisssem.ch\/de\/ueber-uns-2\/stiftung-schloss\/historische-einordnung\/","name":"Historische Einordnung - swisssem saatgut schweiz","isPartOf":{"@id":"https:\/\/www.swisssem.ch\/de\/#website"},"primaryImageOfPage":{"@id":"https:\/\/www.swisssem.ch\/de\/ueber-uns-2\/stiftung-schloss\/historische-einordnung\/#primaryimage"},"image":{"@id":"https:\/\/www.swisssem.ch\/de\/ueber-uns-2\/stiftung-schloss\/historische-einordnung\/#primaryimage"},"thumbnailUrl":"https:\/\/www.swisssem.ch\/wp-content\/uploads\/2020\/02\/1975_1-1024x679.jpg","datePublished":"2020-02-07T10:18:42+00:00","dateModified":"2020-04-30T14:01:09+00:00","breadcrumb":{"@id":"https:\/\/www.swisssem.ch\/de\/ueber-uns-2\/stiftung-schloss\/historische-einordnung\/#breadcrumb"},"inLanguage":"de","potentialAction":[{"@type":"ReadAction","target":["https:\/\/www.swisssem.ch\/de\/ueber-uns-2\/stiftung-schloss\/historische-einordnung\/"]}]},{"@type":"ImageObject","inLanguage":"de","@id":"https:\/\/www.swisssem.ch\/de\/ueber-uns-2\/stiftung-schloss\/historische-einordnung\/#primaryimage","url":"https:\/\/www.swisssem.ch\/wp-content\/uploads\/2020\/02\/1975_1-1024x679.jpg","contentUrl":"https:\/\/www.swisssem.ch\/wp-content\/uploads\/2020\/02\/1975_1-1024x679.jpg"},{"@type":"BreadcrumbList","@id":"https:\/\/www.swisssem.ch\/de\/ueber-uns-2\/stiftung-schloss\/historische-einordnung\/#breadcrumb","itemListElement":[{"@type":"ListItem","position":1,"name":"Home","item":"https:\/\/www.swisssem.ch\/de\/"},{"@type":"ListItem","position":2,"name":"\u00dcber uns","item":"https:\/\/www.swisssem.ch\/de\/ueber-uns-2\/"},{"@type":"ListItem","position":3,"name":"Stiftung Schloss","item":"https:\/\/www.swisssem.ch\/de\/ueber-uns-2\/stiftung-schloss\/"},{"@type":"ListItem","position":4,"name":"Historische Einordnung"}]},{"@type":"WebSite","@id":"https:\/\/www.swisssem.ch\/de\/#website","url":"https:\/\/www.swisssem.ch\/de\/","name":"swisssem saatgut schweiz","description":"","publisher":{"@id":"https:\/\/www.swisssem.ch\/de\/#organization"},"potentialAction":[{"@type":"SearchAction","target":{"@type":"EntryPoint","urlTemplate":"https:\/\/www.swisssem.ch\/de\/?s={search_term_string}"},"query-input":{"@type":"PropertyValueSpecification","valueRequired":true,"valueName":"search_term_string"}}],"inLanguage":"de"},{"@type":"Organization","@id":"https:\/\/www.swisssem.ch\/de\/#organization","name":"swisssem saatgut schweiz","url":"https:\/\/www.swisssem.ch\/de\/","logo":{"@type":"ImageObject","inLanguage":"de","@id":"https:\/\/www.swisssem.ch\/de\/#\/schema\/logo\/image\/","url":"https:\/\/www.swisssem.ch\/wp-content\/uploads\/2020\/03\/Logo_swisssem_RGB-1.jpg","contentUrl":"https:\/\/www.swisssem.ch\/wp-content\/uploads\/2020\/03\/Logo_swisssem_RGB-1.jpg","width":1684,"height":430,"caption":"swisssem saatgut schweiz"},"image":{"@id":"https:\/\/www.swisssem.ch\/de\/#\/schema\/logo\/image\/"}}]}},"_links":{"self":[{"href":"https:\/\/www.swisssem.ch\/de\/wp-json\/wp\/v2\/pages\/3039","targetHints":{"allow":["GET"]}}],"collection":[{"href":"https:\/\/www.swisssem.ch\/de\/wp-json\/wp\/v2\/pages"}],"about":[{"href":"https:\/\/www.swisssem.ch\/de\/wp-json\/wp\/v2\/types\/page"}],"author":[{"embeddable":true,"href":"https:\/\/www.swisssem.ch\/de\/wp-json\/wp\/v2\/users\/6"}],"replies":[{"embeddable":true,"href":"https:\/\/www.swisssem.ch\/de\/wp-json\/wp\/v2\/comments?post=3039"}],"version-history":[{"count":11,"href":"https:\/\/www.swisssem.ch\/de\/wp-json\/wp\/v2\/pages\/3039\/revisions"}],"predecessor-version":[{"id":6352,"href":"https:\/\/www.swisssem.ch\/de\/wp-json\/wp\/v2\/pages\/3039\/revisions\/6352"}],"up":[{"embeddable":true,"href":"https:\/\/www.swisssem.ch\/de\/wp-json\/wp\/v2\/pages\/1944"}],"wp:attachment":[{"href":"https:\/\/www.swisssem.ch\/de\/wp-json\/wp\/v2\/media?parent=3039"}],"curies":[{"name":"wp","href":"https:\/\/api.w.org\/{rel}","templated":true}]}}