{"id":2950,"date":"2020-02-06T09:05:50","date_gmt":"2020-02-06T08:05:50","guid":{"rendered":"https:\/\/www.swisssem.ch\/?page_id=2950"},"modified":"2021-08-10T07:42:35","modified_gmt":"2021-08-10T05:42:35","slug":"semag","status":"publish","type":"page","link":"https:\/\/www.swisssem.ch\/de\/ueber-uns-2\/vermehrungsorganisationen\/semag\/","title":{"rendered":"SEMAG"},"content":{"rendered":"\n<h2 class=\"wp-block-heading\">SEMAG<\/h2>\n\n\n\n<div class=\"wp-block-columns is-layout-flex wp-container-core-columns-is-layout-9d6595d7 wp-block-columns-is-layout-flex\">\n<div class=\"wp-block-column is-layout-flow wp-block-column-is-layout-flow\">\n<p>SEMAG<br>Saat- und Pflanzgut AG&nbsp;<br>Schachenstrasse 41<br>3421 Lyssach<br><a rel=\"noreferrer noopener\" href=\"http:\/\/www.semag.ch\/\" target=\"_blank\">http:\/\/www.semag.ch\/<\/a>&nbsp;<\/p>\n<\/div>\n\n\n\n<div class=\"wp-block-column is-layout-flow wp-block-column-is-layout-flow\">\n<div class=\"wp-block-image\"><figure class=\"alignleft size-large\"><img loading=\"lazy\" decoding=\"async\" width=\"259\" height=\"105\" src=\"https:\/\/www.swisssem.ch\/wp-content\/uploads\/2020\/04\/SEMAG_w259_h105.jpg\" alt=\"\" class=\"wp-image-5589\"\/><\/figure><\/div>\n\n\n\n<p><\/p>\n<\/div>\n<\/div>\n\n\n\n<div class=\"wp-block-columns is-layout-flex wp-container-core-columns-is-layout-9d6595d7 wp-block-columns-is-layout-flex\">\n<div class=\"wp-block-column is-layout-flow wp-block-column-is-layout-flow\">\n<p><strong>Gesch\u00e4ftsf\u00fchrer:<\/strong><br>Adrian Kr\u00e4henb\u00fchl\u00a0<br>Tel. 034 \/ 448 49 81\u00a0<br>e-mail\u00a0<a rel=\"noreferrer noopener\" aria-label=\"adrian.kraehenbuehl@semag.ch (ouverture dans un nouvel onglet)\" href=\"mailto:adrian.kraehenbuehl@semag.ch\" target=\"_blank\">adrian.kraehenbuehl@semag.ch<\/a><\/p>\n<\/div>\n\n\n\n<div class=\"wp-block-column is-layout-flow wp-block-column-is-layout-flow\">\n<p><strong>Sekretariat:<\/strong><br>Tel. 034 \/ 448 49 80<br>e-mail: <a href=\"mailto:sekretariat@semag.ch\">sekretariat@semag.ch<\/a><\/p>\n<\/div>\n<\/div>\n\n\n\n<p>Die SEMAG wurde im Jahr 1996 gegr\u00fcndet und \u00fcbernahm die &nbsp;operativen T\u00e4tigkeiten von f\u00fcnf Saatzuchtgenossenschaften in den Kantonen Bern, Solothurn und Basel. Im Jahr 2002 wurden diese Saatzuchtgenossenschaften mit der SEMAG &nbsp;fusioniert. Die Produzenten sind seither Aktion\u00e4re der SEMAG.&nbsp;<\/p>\n\n\n\n<p>Weiter besitzt die fenaco 23 Prozent der Aktien. &nbsp;Die SEMAG engagiert sich als Produzentenorganisation f\u00fcr eine wirtschaftlich interessante Saat- und Pflanzgutproduktion.&nbsp;<\/p>\n\n\n\n<p>350 Produzenten der SEMAG vermehren:<br>Kartoffelpflanzgut: 600 ha<br>Getreidesaatgut: 1&#8217;500 ha<\/p>\n\n\n\n<p><br><\/p>\n","protected":false},"excerpt":{"rendered":"<p>SEMAG SEMAGSaat- und Pflanzgut AG&nbsp;Schachenstrasse 413421 Lyssachhttp:\/\/www.semag.ch\/&nbsp; Gesch\u00e4ftsf\u00fchrer:Adrian Kr\u00e4henb\u00fchl\u00a0Tel. 034 \/ 448 49 81\u00a0e-mail\u00a0adrian.kraehenbuehl@semag.ch Sekretariat:Tel. 034 \/ 448 49 80e-mail: sekretariat@semag.ch Die SEMAG wurde im Jahr 1996 gegr\u00fcndet und \u00fcbernahm die &nbsp;operativen T\u00e4tigkeiten von f\u00fcnf Saatzuchtgenossenschaften in den Kantonen Bern, Solothurn und Basel. Im Jahr 2002 wurden diese Saatzuchtgenossenschaften mit der SEMAG &nbsp;fusioniert. Die Produzenten [&hellip;]<\/p>\n","protected":false},"author":7,"featured_media":0,"parent":1940,"menu_order":164,"comment_status":"closed","ping_status":"closed","template":"","meta":{"_acf_changed":false,"footnotes":""},"class_list":["post-2950","page","type-page","status-publish","hentry"],"acf":[],"yoast_head":"<!-- This site is optimized with the Yoast SEO plugin v27.1.1 - https:\/\/yoast.com\/product\/yoast-seo-wordpress\/ -->\n<title>SEMAG - swisssem saatgut schweiz<\/title>\n<meta name=\"robots\" content=\"index, follow, max-snippet:-1, max-image-preview:large, max-video-preview:-1\" \/>\n<link rel=\"canonical\" href=\"https:\/\/www.swisssem.ch\/de\/ueber-uns-2\/vermehrungsorganisationen\/semag\/\" \/>\n<meta property=\"og:locale\" content=\"de_DE\" \/>\n<meta property=\"og:type\" content=\"article\" \/>\n<meta property=\"og:title\" content=\"SEMAG - swisssem saatgut schweiz\" \/>\n<meta property=\"og:description\" content=\"SEMAG SEMAGSaat- und Pflanzgut AG&nbsp;Schachenstrasse 413421 Lyssachhttp:\/\/www.semag.ch\/&nbsp; Gesch\u00e4ftsf\u00fchrer:Adrian Kr\u00e4henb\u00fchl\u00a0Tel. 034 \/ 448 49 81\u00a0e-mail\u00a0adrian.kraehenbuehl@semag.ch Sekretariat:Tel. 034 \/ 448 49 80e-mail: sekretariat@semag.ch Die SEMAG wurde im Jahr 1996 gegr\u00fcndet und \u00fcbernahm die &nbsp;operativen T\u00e4tigkeiten von f\u00fcnf Saatzuchtgenossenschaften in den Kantonen Bern, Solothurn und Basel. Im Jahr 2002 wurden diese Saatzuchtgenossenschaften mit der SEMAG &nbsp;fusioniert. Die Produzenten [&hellip;]\" \/>\n<meta property=\"og:url\" content=\"https:\/\/www.swisssem.ch\/de\/ueber-uns-2\/vermehrungsorganisationen\/semag\/\" \/>\n<meta property=\"og:site_name\" content=\"swisssem saatgut schweiz\" \/>\n<meta property=\"article:modified_time\" content=\"2021-08-10T05:42:35+00:00\" \/>\n<meta property=\"og:image\" content=\"https:\/\/www.swisssem.ch\/wp-content\/uploads\/2020\/04\/SEMAG_w259_h105.jpg\" \/>\n<meta name=\"twitter:card\" content=\"summary_large_image\" \/>\n<meta name=\"twitter:label1\" content=\"Gesch\u00e4tzte Lesezeit\" \/>\n\t<meta name=\"twitter:data1\" content=\"1\u00a0Minute\" \/>\n<script type=\"application\/ld+json\" class=\"yoast-schema-graph\">{\"@context\":\"https:\/\/schema.org\",\"@graph\":[{\"@type\":\"WebPage\",\"@id\":\"https:\/\/www.swisssem.ch\/de\/ueber-uns-2\/vermehrungsorganisationen\/semag\/\",\"url\":\"https:\/\/www.swisssem.ch\/de\/ueber-uns-2\/vermehrungsorganisationen\/semag\/\",\"name\":\"SEMAG - swisssem saatgut schweiz\",\"isPartOf\":{\"@id\":\"https:\/\/www.swisssem.ch\/de\/#website\"},\"primaryImageOfPage\":{\"@id\":\"https:\/\/www.swisssem.ch\/de\/ueber-uns-2\/vermehrungsorganisationen\/semag\/#primaryimage\"},\"image\":{\"@id\":\"https:\/\/www.swisssem.ch\/de\/ueber-uns-2\/vermehrungsorganisationen\/semag\/#primaryimage\"},\"thumbnailUrl\":\"https:\/\/www.swisssem.ch\/wp-content\/uploads\/2020\/04\/SEMAG_w259_h105.jpg\",\"datePublished\":\"2020-02-06T08:05:50+00:00\",\"dateModified\":\"2021-08-10T05:42:35+00:00\",\"breadcrumb\":{\"@id\":\"https:\/\/www.swisssem.ch\/de\/ueber-uns-2\/vermehrungsorganisationen\/semag\/#breadcrumb\"},\"inLanguage\":\"de\",\"potentialAction\":[{\"@type\":\"ReadAction\",\"target\":[\"https:\/\/www.swisssem.ch\/de\/ueber-uns-2\/vermehrungsorganisationen\/semag\/\"]}]},{\"@type\":\"ImageObject\",\"inLanguage\":\"de\",\"@id\":\"https:\/\/www.swisssem.ch\/de\/ueber-uns-2\/vermehrungsorganisationen\/semag\/#primaryimage\",\"url\":\"https:\/\/www.swisssem.ch\/wp-content\/uploads\/2020\/04\/SEMAG_w259_h105.jpg\",\"contentUrl\":\"https:\/\/www.swisssem.ch\/wp-content\/uploads\/2020\/04\/SEMAG_w259_h105.jpg\"},{\"@type\":\"BreadcrumbList\",\"@id\":\"https:\/\/www.swisssem.ch\/de\/ueber-uns-2\/vermehrungsorganisationen\/semag\/#breadcrumb\",\"itemListElement\":[{\"@type\":\"ListItem\",\"position\":1,\"name\":\"Home\",\"item\":\"https:\/\/www.swisssem.ch\/de\/\"},{\"@type\":\"ListItem\",\"position\":2,\"name\":\"\u00dcber uns\",\"item\":\"https:\/\/www.swisssem.ch\/de\/ueber-uns-2\/\"},{\"@type\":\"ListItem\",\"position\":3,\"name\":\"Vermehrungsorganisationen\",\"item\":\"https:\/\/www.swisssem.ch\/de\/ueber-uns-2\/vermehrungsorganisationen\/\"},{\"@type\":\"ListItem\",\"position\":4,\"name\":\"SEMAG\"}]},{\"@type\":\"WebSite\",\"@id\":\"https:\/\/www.swisssem.ch\/de\/#website\",\"url\":\"https:\/\/www.swisssem.ch\/de\/\",\"name\":\"swisssem saatgut schweiz\",\"description\":\"\",\"publisher\":{\"@id\":\"https:\/\/www.swisssem.ch\/de\/#organization\"},\"potentialAction\":[{\"@type\":\"SearchAction\",\"target\":{\"@type\":\"EntryPoint\",\"urlTemplate\":\"https:\/\/www.swisssem.ch\/de\/?s={search_term_string}\"},\"query-input\":{\"@type\":\"PropertyValueSpecification\",\"valueRequired\":true,\"valueName\":\"search_term_string\"}}],\"inLanguage\":\"de\"},{\"@type\":\"Organization\",\"@id\":\"https:\/\/www.swisssem.ch\/de\/#organization\",\"name\":\"swisssem saatgut schweiz\",\"url\":\"https:\/\/www.swisssem.ch\/de\/\",\"logo\":{\"@type\":\"ImageObject\",\"inLanguage\":\"de\",\"@id\":\"https:\/\/www.swisssem.ch\/de\/#\/schema\/logo\/image\/\",\"url\":\"https:\/\/www.swisssem.ch\/wp-content\/uploads\/2020\/03\/Logo_swisssem_RGB-1.jpg\",\"contentUrl\":\"https:\/\/www.swisssem.ch\/wp-content\/uploads\/2020\/03\/Logo_swisssem_RGB-1.jpg\",\"width\":1684,\"height\":430,\"caption\":\"swisssem saatgut schweiz\"},\"image\":{\"@id\":\"https:\/\/www.swisssem.ch\/de\/#\/schema\/logo\/image\/\"}}]}<\/script>\n<!-- \/ Yoast SEO plugin. -->","yoast_head_json":{"title":"SEMAG - swisssem saatgut schweiz","robots":{"index":"index","follow":"follow","max-snippet":"max-snippet:-1","max-image-preview":"max-image-preview:large","max-video-preview":"max-video-preview:-1"},"canonical":"https:\/\/www.swisssem.ch\/de\/ueber-uns-2\/vermehrungsorganisationen\/semag\/","og_locale":"de_DE","og_type":"article","og_title":"SEMAG - swisssem saatgut schweiz","og_description":"SEMAG SEMAGSaat- und Pflanzgut AG&nbsp;Schachenstrasse 413421 Lyssachhttp:\/\/www.semag.ch\/&nbsp; Gesch\u00e4ftsf\u00fchrer:Adrian Kr\u00e4henb\u00fchl\u00a0Tel. 034 \/ 448 49 81\u00a0e-mail\u00a0adrian.kraehenbuehl@semag.ch Sekretariat:Tel. 034 \/ 448 49 80e-mail: sekretariat@semag.ch Die SEMAG wurde im Jahr 1996 gegr\u00fcndet und \u00fcbernahm die &nbsp;operativen T\u00e4tigkeiten von f\u00fcnf Saatzuchtgenossenschaften in den Kantonen Bern, Solothurn und Basel. Im Jahr 2002 wurden diese Saatzuchtgenossenschaften mit der SEMAG &nbsp;fusioniert. Die Produzenten [&hellip;]","og_url":"https:\/\/www.swisssem.ch\/de\/ueber-uns-2\/vermehrungsorganisationen\/semag\/","og_site_name":"swisssem saatgut schweiz","article_modified_time":"2021-08-10T05:42:35+00:00","og_image":[{"url":"https:\/\/www.swisssem.ch\/wp-content\/uploads\/2020\/04\/SEMAG_w259_h105.jpg","type":"","width":"","height":""}],"twitter_card":"summary_large_image","twitter_misc":{"Gesch\u00e4tzte Lesezeit":"1\u00a0Minute"},"schema":{"@context":"https:\/\/schema.org","@graph":[{"@type":"WebPage","@id":"https:\/\/www.swisssem.ch\/de\/ueber-uns-2\/vermehrungsorganisationen\/semag\/","url":"https:\/\/www.swisssem.ch\/de\/ueber-uns-2\/vermehrungsorganisationen\/semag\/","name":"SEMAG - swisssem saatgut schweiz","isPartOf":{"@id":"https:\/\/www.swisssem.ch\/de\/#website"},"primaryImageOfPage":{"@id":"https:\/\/www.swisssem.ch\/de\/ueber-uns-2\/vermehrungsorganisationen\/semag\/#primaryimage"},"image":{"@id":"https:\/\/www.swisssem.ch\/de\/ueber-uns-2\/vermehrungsorganisationen\/semag\/#primaryimage"},"thumbnailUrl":"https:\/\/www.swisssem.ch\/wp-content\/uploads\/2020\/04\/SEMAG_w259_h105.jpg","datePublished":"2020-02-06T08:05:50+00:00","dateModified":"2021-08-10T05:42:35+00:00","breadcrumb":{"@id":"https:\/\/www.swisssem.ch\/de\/ueber-uns-2\/vermehrungsorganisationen\/semag\/#breadcrumb"},"inLanguage":"de","potentialAction":[{"@type":"ReadAction","target":["https:\/\/www.swisssem.ch\/de\/ueber-uns-2\/vermehrungsorganisationen\/semag\/"]}]},{"@type":"ImageObject","inLanguage":"de","@id":"https:\/\/www.swisssem.ch\/de\/ueber-uns-2\/vermehrungsorganisationen\/semag\/#primaryimage","url":"https:\/\/www.swisssem.ch\/wp-content\/uploads\/2020\/04\/SEMAG_w259_h105.jpg","contentUrl":"https:\/\/www.swisssem.ch\/wp-content\/uploads\/2020\/04\/SEMAG_w259_h105.jpg"},{"@type":"BreadcrumbList","@id":"https:\/\/www.swisssem.ch\/de\/ueber-uns-2\/vermehrungsorganisationen\/semag\/#breadcrumb","itemListElement":[{"@type":"ListItem","position":1,"name":"Home","item":"https:\/\/www.swisssem.ch\/de\/"},{"@type":"ListItem","position":2,"name":"\u00dcber uns","item":"https:\/\/www.swisssem.ch\/de\/ueber-uns-2\/"},{"@type":"ListItem","position":3,"name":"Vermehrungsorganisationen","item":"https:\/\/www.swisssem.ch\/de\/ueber-uns-2\/vermehrungsorganisationen\/"},{"@type":"ListItem","position":4,"name":"SEMAG"}]},{"@type":"WebSite","@id":"https:\/\/www.swisssem.ch\/de\/#website","url":"https:\/\/www.swisssem.ch\/de\/","name":"swisssem saatgut schweiz","description":"","publisher":{"@id":"https:\/\/www.swisssem.ch\/de\/#organization"},"potentialAction":[{"@type":"SearchAction","target":{"@type":"EntryPoint","urlTemplate":"https:\/\/www.swisssem.ch\/de\/?s={search_term_string}"},"query-input":{"@type":"PropertyValueSpecification","valueRequired":true,"valueName":"search_term_string"}}],"inLanguage":"de"},{"@type":"Organization","@id":"https:\/\/www.swisssem.ch\/de\/#organization","name":"swisssem saatgut schweiz","url":"https:\/\/www.swisssem.ch\/de\/","logo":{"@type":"ImageObject","inLanguage":"de","@id":"https:\/\/www.swisssem.ch\/de\/#\/schema\/logo\/image\/","url":"https:\/\/www.swisssem.ch\/wp-content\/uploads\/2020\/03\/Logo_swisssem_RGB-1.jpg","contentUrl":"https:\/\/www.swisssem.ch\/wp-content\/uploads\/2020\/03\/Logo_swisssem_RGB-1.jpg","width":1684,"height":430,"caption":"swisssem saatgut schweiz"},"image":{"@id":"https:\/\/www.swisssem.ch\/de\/#\/schema\/logo\/image\/"}}]}},"_links":{"self":[{"href":"https:\/\/www.swisssem.ch\/de\/wp-json\/wp\/v2\/pages\/2950","targetHints":{"allow":["GET"]}}],"collection":[{"href":"https:\/\/www.swisssem.ch\/de\/wp-json\/wp\/v2\/pages"}],"about":[{"href":"https:\/\/www.swisssem.ch\/de\/wp-json\/wp\/v2\/types\/page"}],"author":[{"embeddable":true,"href":"https:\/\/www.swisssem.ch\/de\/wp-json\/wp\/v2\/users\/7"}],"replies":[{"embeddable":true,"href":"https:\/\/www.swisssem.ch\/de\/wp-json\/wp\/v2\/comments?post=2950"}],"version-history":[{"count":19,"href":"https:\/\/www.swisssem.ch\/de\/wp-json\/wp\/v2\/pages\/2950\/revisions"}],"predecessor-version":[{"id":8533,"href":"https:\/\/www.swisssem.ch\/de\/wp-json\/wp\/v2\/pages\/2950\/revisions\/8533"}],"up":[{"embeddable":true,"href":"https:\/\/www.swisssem.ch\/de\/wp-json\/wp\/v2\/pages\/1940"}],"wp:attachment":[{"href":"https:\/\/www.swisssem.ch\/de\/wp-json\/wp\/v2\/media?parent=2950"}],"curies":[{"name":"wp","href":"https:\/\/api.w.org\/{rel}","templated":true}]}}