{"id":2925,"date":"2020-02-06T08:33:19","date_gmt":"2020-02-06T07:33:19","guid":{"rendered":"https:\/\/www.swisssem.ch\/?page_id=2925"},"modified":"2026-03-02T09:07:04","modified_gmt":"2026-03-02T08:07:04","slug":"ass","status":"publish","type":"page","link":"https:\/\/www.swisssem.ch\/de\/ueber-uns-2\/vermehrungsorganisationen\/ass\/","title":{"rendered":"ASS"},"content":{"rendered":"\n<div class=\"wp-block-group\"><div class=\"wp-block-group__inner-container is-layout-flow wp-block-group-is-layout-flow\">\n<h2 class=\"wp-block-heading\">ASS<\/h2>\n\n\n\n<div class=\"wp-block-group\"><div class=\"wp-block-group__inner-container is-layout-flow wp-block-group-is-layout-flow\">\n<div class=\"wp-block-group\"><div class=\"wp-block-group__inner-container is-layout-flow wp-block-group-is-layout-flow\">\n<div class=\"wp-block-columns is-layout-flex wp-container-core-columns-is-layout-9d6595d7 wp-block-columns-is-layout-flex\">\n<div class=\"wp-block-column is-layout-flow wp-block-column-is-layout-flow\" style=\"flex-basis:30%\">\n<p>ASS Soci\u00e9t\u00e9 coop\u00e9rative <br>des s\u00e9lectionneurs<br>Chemin du Martinet 2a&nbsp;<br>Postfach<br>1510 Moudon<br>t\u00e9l.: 021 905 95 11<br>fax: 021 905 95 10<br><a href=\"http:\/\/www.ass-agri.ch\/\">www.ass-agri.ch<\/a><\/p>\n<\/div>\n\n\n\n<div class=\"wp-block-column is-vertically-aligned-top is-layout-flow wp-block-column-is-layout-flow\" style=\"flex-basis:54.17%\">\n<div class=\"wp-block-group\"><div class=\"wp-block-group__inner-container is-layout-flow wp-block-group-is-layout-flow\"><\/div><\/div>\n\n\n\n<p><\/p>\n<\/div>\n\n\n\n<div class=\"wp-block-column is-layout-flow wp-block-column-is-layout-flow\" style=\"flex-basis:-35.17%\"><\/div>\n<\/div>\n<\/div><\/div>\n<\/div><\/div>\n<\/div><\/div>\n\n\n\n<p> Die&nbsp;Genossenschaft ASS wurde 1909 gegr\u00fcndet, und vereinigt 280 Saat- und  Pflanzgut-Produzenten aus den Kantonen Waadt, Genf, Neuenburg, Freiburg  (Gl\u00e2ne und Veveyse) und Wallis. Sie hat zum Ziel, zertifiziertes Saat-  und Pflanzgut nach den Qualit\u00e4tsanpsr\u00fcchen und Bed\u00fcrfnissen ihrer Kunden  und Mitglieder zu produzieren, zu reinigen und zu vermarkten. Die ASS  produziert Pflanzkartoffeln und Saatgut von Getreide, Mais, Soja,  Eiweisserbsen und Klee. <\/p>\n\n\n\n<div class=\"wp-block-columns is-layout-flex wp-container-core-columns-is-layout-9d6595d7 wp-block-columns-is-layout-flex\">\n<div class=\"wp-block-column is-layout-flow wp-block-column-is-layout-flow\" style=\"flex-basis:50%\">\n<p><strong>Direktor:<\/strong><br>Herr Jacques Demierre<br>Tel. 021 \/ 905 95 11<br>e-mail:\u00a0<a href=\"mailto:j.demierre@ass-agri.ch\">j.demierre@ass-agri.ch<\/a><a aria-label=\"d.peter@ass-agri.ch  (ouverture dans un nouvel onglet)\" href=\"mailto:d.peter@ass-agri.ch\" target=\"_blank\" rel=\"noreferrer noopener\"> <\/a><br><\/p>\n\n\n\n<p><strong>Sektor verschiedene Saatgutarten und Buchhaltung<\/strong><br>Herr Denis Huguet<br>Tel. 021 \/ 905 95 13<br>e-mail <a href=\"mailto:d.huguet@ass-agri.ch\">d.huguet@ass-agri.ch<\/a><br><\/p>\n\n\n\n<p><strong>Leiter Sektor Getreide:<\/strong><br>Herr Matthieu Pasquier<br>Tel. 021 \/ 905 95 16<br>Fax 021 \/ 905 95 20<br>e-mail\u00a0<a href=\"mailto:m.pasquier@ass-agri.ch\" target=\"_blank\" rel=\"noreferrer noopener\">m.pasquier@ass-agri.ch<\/a><br><\/p>\n\n\n\n<p><strong>Qualit\u00e4tssicherung und Unterst\u00fctzung im Getreidesektor:<\/strong><br>Herr Vincent Freymond<br>Tel. 021 \/ 905 95 19<br>e-mail\u00a0<a aria-label=\"v.freymond@ass-agri.ch (ouverture dans un nouvel onglet)\" href=\"mailto:v.freymond@ass-agri.ch\" target=\"_blank\" rel=\"noreferrer noopener\">v.freymond@ass-agri.ch<\/a><br><br><\/p>\n<\/div>\n\n\n\n<div class=\"wp-block-column is-layout-flow wp-block-column-is-layout-flow\" style=\"flex-basis:71.3%\">\n<p><strong>Leiter Sektor Kartoffel:<\/strong><br> Herr Laurent Jayet<br> Tel 021 \/ 905 95 15<br> <a href=\"mailto:l.jayet@ass-agri.ch\" target=\"_blank\" rel=\"noreferrer noopener\">e-mail l.jayet@ass-agri.ch<\/a><\/p>\n\n\n\n<p><\/p>\n\n\n\n<p><strong>Gesch\u00e4ftsf\u00fchrer der Tri\u00f6rzentralen <br>f\u00fcr Getreide und Kartoffeln:<\/strong>\u00a0<br>Herr Martin Walter<br>Tel. 021 \/ 905 95 27<br>e-mail<a aria-label=\" (ouverture dans un nouvel onglet)\" href=\"m.walter@ass-agri.ch\" target=\"_blank\" rel=\"noreferrer noopener\">\u00a0m.walter@ass-agri.ch<\/a><br><\/p>\n\n\n\n<p><strong>Kaufm\u00e4nnischer Leiterin f\u00fcr Getreide und Kartoffeln<\/strong><br>Frau M\u00e9lanie Roth<br>Tel. 021 \/ 905 95 17<br>e-mail <a href=\"mailto:m.roth@ass-agri.ch\">m.roth@ass-agri.ch<\/a><\/p>\n\n\n\n<p><\/p>\n<\/div>\n\n\n\n<div class=\"wp-block-column is-layout-flow wp-block-column-is-layout-flow\" style=\"flex-basis:0%\"><\/div>\n<\/div>\n\n\n\n<p><\/p>\n","protected":false},"excerpt":{"rendered":"<p>ASS ASS Soci\u00e9t\u00e9 coop\u00e9rative des s\u00e9lectionneursChemin du Martinet 2a&nbsp;Postfach1510 Moudont\u00e9l.: 021 905 95 11fax: 021 905 95 10www.ass-agri.ch Die&nbsp;Genossenschaft ASS wurde 1909 gegr\u00fcndet, und vereinigt 280 Saat- und Pflanzgut-Produzenten aus den Kantonen Waadt, Genf, Neuenburg, Freiburg (Gl\u00e2ne und Veveyse) und Wallis. Sie hat zum Ziel, zertifiziertes Saat- und Pflanzgut nach den Qualit\u00e4tsanpsr\u00fcchen und Bed\u00fcrfnissen ihrer [&hellip;]<\/p>\n","protected":false},"author":7,"featured_media":0,"parent":1940,"menu_order":158,"comment_status":"closed","ping_status":"closed","template":"","meta":{"_acf_changed":false,"footnotes":""},"class_list":["post-2925","page","type-page","status-publish","hentry"],"acf":[],"yoast_head":"<!-- This site is optimized with the Yoast SEO plugin v27.1.1 - https:\/\/yoast.com\/product\/yoast-seo-wordpress\/ -->\n<title>ASS - swisssem saatgut schweiz<\/title>\n<meta name=\"robots\" content=\"index, follow, max-snippet:-1, max-image-preview:large, max-video-preview:-1\" \/>\n<link rel=\"canonical\" href=\"https:\/\/www.swisssem.ch\/de\/ueber-uns-2\/vermehrungsorganisationen\/ass\/\" \/>\n<meta property=\"og:locale\" content=\"de_DE\" \/>\n<meta property=\"og:type\" content=\"article\" \/>\n<meta property=\"og:title\" content=\"ASS - swisssem saatgut schweiz\" \/>\n<meta property=\"og:description\" content=\"ASS ASS Soci\u00e9t\u00e9 coop\u00e9rative des s\u00e9lectionneursChemin du Martinet 2a&nbsp;Postfach1510 Moudont\u00e9l.: 021 905 95 11fax: 021 905 95 10www.ass-agri.ch Die&nbsp;Genossenschaft ASS wurde 1909 gegr\u00fcndet, und vereinigt 280 Saat- und Pflanzgut-Produzenten aus den Kantonen Waadt, Genf, Neuenburg, Freiburg (Gl\u00e2ne und Veveyse) und Wallis. Sie hat zum Ziel, zertifiziertes Saat- und Pflanzgut nach den Qualit\u00e4tsanpsr\u00fcchen und Bed\u00fcrfnissen ihrer [&hellip;]\" \/>\n<meta property=\"og:url\" content=\"https:\/\/www.swisssem.ch\/de\/ueber-uns-2\/vermehrungsorganisationen\/ass\/\" \/>\n<meta property=\"og:site_name\" content=\"swisssem saatgut schweiz\" \/>\n<meta property=\"article:modified_time\" content=\"2026-03-02T08:07:04+00:00\" \/>\n<meta name=\"twitter:card\" content=\"summary_large_image\" \/>\n<meta name=\"twitter:label1\" content=\"Gesch\u00e4tzte Lesezeit\" \/>\n\t<meta name=\"twitter:data1\" content=\"2\u00a0Minuten\" \/>\n<script type=\"application\/ld+json\" class=\"yoast-schema-graph\">{\"@context\":\"https:\/\/schema.org\",\"@graph\":[{\"@type\":\"WebPage\",\"@id\":\"https:\/\/www.swisssem.ch\/de\/ueber-uns-2\/vermehrungsorganisationen\/ass\/\",\"url\":\"https:\/\/www.swisssem.ch\/de\/ueber-uns-2\/vermehrungsorganisationen\/ass\/\",\"name\":\"ASS - swisssem saatgut schweiz\",\"isPartOf\":{\"@id\":\"https:\/\/www.swisssem.ch\/de\/#website\"},\"datePublished\":\"2020-02-06T07:33:19+00:00\",\"dateModified\":\"2026-03-02T08:07:04+00:00\",\"breadcrumb\":{\"@id\":\"https:\/\/www.swisssem.ch\/de\/ueber-uns-2\/vermehrungsorganisationen\/ass\/#breadcrumb\"},\"inLanguage\":\"de\",\"potentialAction\":[{\"@type\":\"ReadAction\",\"target\":[\"https:\/\/www.swisssem.ch\/de\/ueber-uns-2\/vermehrungsorganisationen\/ass\/\"]}]},{\"@type\":\"BreadcrumbList\",\"@id\":\"https:\/\/www.swisssem.ch\/de\/ueber-uns-2\/vermehrungsorganisationen\/ass\/#breadcrumb\",\"itemListElement\":[{\"@type\":\"ListItem\",\"position\":1,\"name\":\"Home\",\"item\":\"https:\/\/www.swisssem.ch\/de\/\"},{\"@type\":\"ListItem\",\"position\":2,\"name\":\"\u00dcber uns\",\"item\":\"https:\/\/www.swisssem.ch\/de\/ueber-uns-2\/\"},{\"@type\":\"ListItem\",\"position\":3,\"name\":\"Vermehrungsorganisationen\",\"item\":\"https:\/\/www.swisssem.ch\/de\/ueber-uns-2\/vermehrungsorganisationen\/\"},{\"@type\":\"ListItem\",\"position\":4,\"name\":\"ASS\"}]},{\"@type\":\"WebSite\",\"@id\":\"https:\/\/www.swisssem.ch\/de\/#website\",\"url\":\"https:\/\/www.swisssem.ch\/de\/\",\"name\":\"swisssem saatgut schweiz\",\"description\":\"\",\"publisher\":{\"@id\":\"https:\/\/www.swisssem.ch\/de\/#organization\"},\"potentialAction\":[{\"@type\":\"SearchAction\",\"target\":{\"@type\":\"EntryPoint\",\"urlTemplate\":\"https:\/\/www.swisssem.ch\/de\/?s={search_term_string}\"},\"query-input\":{\"@type\":\"PropertyValueSpecification\",\"valueRequired\":true,\"valueName\":\"search_term_string\"}}],\"inLanguage\":\"de\"},{\"@type\":\"Organization\",\"@id\":\"https:\/\/www.swisssem.ch\/de\/#organization\",\"name\":\"swisssem saatgut schweiz\",\"url\":\"https:\/\/www.swisssem.ch\/de\/\",\"logo\":{\"@type\":\"ImageObject\",\"inLanguage\":\"de\",\"@id\":\"https:\/\/www.swisssem.ch\/de\/#\/schema\/logo\/image\/\",\"url\":\"https:\/\/www.swisssem.ch\/wp-content\/uploads\/2020\/03\/Logo_swisssem_RGB-1.jpg\",\"contentUrl\":\"https:\/\/www.swisssem.ch\/wp-content\/uploads\/2020\/03\/Logo_swisssem_RGB-1.jpg\",\"width\":1684,\"height\":430,\"caption\":\"swisssem saatgut schweiz\"},\"image\":{\"@id\":\"https:\/\/www.swisssem.ch\/de\/#\/schema\/logo\/image\/\"}}]}<\/script>\n<!-- \/ Yoast SEO plugin. -->","yoast_head_json":{"title":"ASS - swisssem saatgut schweiz","robots":{"index":"index","follow":"follow","max-snippet":"max-snippet:-1","max-image-preview":"max-image-preview:large","max-video-preview":"max-video-preview:-1"},"canonical":"https:\/\/www.swisssem.ch\/de\/ueber-uns-2\/vermehrungsorganisationen\/ass\/","og_locale":"de_DE","og_type":"article","og_title":"ASS - swisssem saatgut schweiz","og_description":"ASS ASS Soci\u00e9t\u00e9 coop\u00e9rative des s\u00e9lectionneursChemin du Martinet 2a&nbsp;Postfach1510 Moudont\u00e9l.: 021 905 95 11fax: 021 905 95 10www.ass-agri.ch Die&nbsp;Genossenschaft ASS wurde 1909 gegr\u00fcndet, und vereinigt 280 Saat- und Pflanzgut-Produzenten aus den Kantonen Waadt, Genf, Neuenburg, Freiburg (Gl\u00e2ne und Veveyse) und Wallis. Sie hat zum Ziel, zertifiziertes Saat- und Pflanzgut nach den Qualit\u00e4tsanpsr\u00fcchen und Bed\u00fcrfnissen ihrer [&hellip;]","og_url":"https:\/\/www.swisssem.ch\/de\/ueber-uns-2\/vermehrungsorganisationen\/ass\/","og_site_name":"swisssem saatgut schweiz","article_modified_time":"2026-03-02T08:07:04+00:00","twitter_card":"summary_large_image","twitter_misc":{"Gesch\u00e4tzte Lesezeit":"2\u00a0Minuten"},"schema":{"@context":"https:\/\/schema.org","@graph":[{"@type":"WebPage","@id":"https:\/\/www.swisssem.ch\/de\/ueber-uns-2\/vermehrungsorganisationen\/ass\/","url":"https:\/\/www.swisssem.ch\/de\/ueber-uns-2\/vermehrungsorganisationen\/ass\/","name":"ASS - swisssem saatgut schweiz","isPartOf":{"@id":"https:\/\/www.swisssem.ch\/de\/#website"},"datePublished":"2020-02-06T07:33:19+00:00","dateModified":"2026-03-02T08:07:04+00:00","breadcrumb":{"@id":"https:\/\/www.swisssem.ch\/de\/ueber-uns-2\/vermehrungsorganisationen\/ass\/#breadcrumb"},"inLanguage":"de","potentialAction":[{"@type":"ReadAction","target":["https:\/\/www.swisssem.ch\/de\/ueber-uns-2\/vermehrungsorganisationen\/ass\/"]}]},{"@type":"BreadcrumbList","@id":"https:\/\/www.swisssem.ch\/de\/ueber-uns-2\/vermehrungsorganisationen\/ass\/#breadcrumb","itemListElement":[{"@type":"ListItem","position":1,"name":"Home","item":"https:\/\/www.swisssem.ch\/de\/"},{"@type":"ListItem","position":2,"name":"\u00dcber uns","item":"https:\/\/www.swisssem.ch\/de\/ueber-uns-2\/"},{"@type":"ListItem","position":3,"name":"Vermehrungsorganisationen","item":"https:\/\/www.swisssem.ch\/de\/ueber-uns-2\/vermehrungsorganisationen\/"},{"@type":"ListItem","position":4,"name":"ASS"}]},{"@type":"WebSite","@id":"https:\/\/www.swisssem.ch\/de\/#website","url":"https:\/\/www.swisssem.ch\/de\/","name":"swisssem saatgut schweiz","description":"","publisher":{"@id":"https:\/\/www.swisssem.ch\/de\/#organization"},"potentialAction":[{"@type":"SearchAction","target":{"@type":"EntryPoint","urlTemplate":"https:\/\/www.swisssem.ch\/de\/?s={search_term_string}"},"query-input":{"@type":"PropertyValueSpecification","valueRequired":true,"valueName":"search_term_string"}}],"inLanguage":"de"},{"@type":"Organization","@id":"https:\/\/www.swisssem.ch\/de\/#organization","name":"swisssem saatgut schweiz","url":"https:\/\/www.swisssem.ch\/de\/","logo":{"@type":"ImageObject","inLanguage":"de","@id":"https:\/\/www.swisssem.ch\/de\/#\/schema\/logo\/image\/","url":"https:\/\/www.swisssem.ch\/wp-content\/uploads\/2020\/03\/Logo_swisssem_RGB-1.jpg","contentUrl":"https:\/\/www.swisssem.ch\/wp-content\/uploads\/2020\/03\/Logo_swisssem_RGB-1.jpg","width":1684,"height":430,"caption":"swisssem saatgut schweiz"},"image":{"@id":"https:\/\/www.swisssem.ch\/de\/#\/schema\/logo\/image\/"}}]}},"_links":{"self":[{"href":"https:\/\/www.swisssem.ch\/de\/wp-json\/wp\/v2\/pages\/2925","targetHints":{"allow":["GET"]}}],"collection":[{"href":"https:\/\/www.swisssem.ch\/de\/wp-json\/wp\/v2\/pages"}],"about":[{"href":"https:\/\/www.swisssem.ch\/de\/wp-json\/wp\/v2\/types\/page"}],"author":[{"embeddable":true,"href":"https:\/\/www.swisssem.ch\/de\/wp-json\/wp\/v2\/users\/7"}],"replies":[{"embeddable":true,"href":"https:\/\/www.swisssem.ch\/de\/wp-json\/wp\/v2\/comments?post=2925"}],"version-history":[{"count":50,"href":"https:\/\/www.swisssem.ch\/de\/wp-json\/wp\/v2\/pages\/2925\/revisions"}],"predecessor-version":[{"id":12858,"href":"https:\/\/www.swisssem.ch\/de\/wp-json\/wp\/v2\/pages\/2925\/revisions\/12858"}],"up":[{"embeddable":true,"href":"https:\/\/www.swisssem.ch\/de\/wp-json\/wp\/v2\/pages\/1940"}],"wp:attachment":[{"href":"https:\/\/www.swisssem.ch\/de\/wp-json\/wp\/v2\/media?parent=2925"}],"curies":[{"name":"wp","href":"https:\/\/api.w.org\/{rel}","templated":true}]}}