{"id":1671,"date":"2019-10-23T09:52:52","date_gmt":"2019-10-23T07:52:52","guid":{"rendered":"http:\/\/swisssem:8888\/?page_id=1671"},"modified":"2026-01-07T09:56:11","modified_gmt":"2026-01-07T08:56:11","slug":"soja","status":"publish","type":"page","link":"https:\/\/www.swisssem.ch\/de\/kulturen\/soja\/","title":{"rendered":"Soja"},"content":{"rendered":"\n<h1 class=\"wp-block-heading\">Soja<\/h1>\n\n\n<div class=\"wp-block-image\">\n<figure class=\"alignleft size-large is-resized\"><img loading=\"lazy\" decoding=\"async\" width=\"1024\" height=\"678\" src=\"https:\/\/www.swisssem.ch\/wp-content\/uploads\/2019\/12\/DSC_2758-1024x678.jpg\" alt=\"\" class=\"wp-image-2183\" style=\"width:365px;height:264px\" srcset=\"https:\/\/www.swisssem.ch\/wp-content\/uploads\/2019\/12\/DSC_2758-1024x678.jpg 1024w, https:\/\/www.swisssem.ch\/wp-content\/uploads\/2019\/12\/DSC_2758-300x199.jpg 300w, https:\/\/www.swisssem.ch\/wp-content\/uploads\/2019\/12\/DSC_2758-768x509.jpg 768w\" sizes=\"auto, (max-width: 1024px) 100vw, 1024px\" \/><\/figure>\n<\/div>\n\n\n<p><\/p>\n\n\n\n<p>Die Kultur der Sojabohne wurde Ende der 80-iger Jahre in der Schweiz eingef\u00fchrt. Bei Agroscope &nbsp;wird Soja z\u00fcchterisch bearbeitet mit dem Ziel, Sorten zu entwickeln, welche an die klimatischen Bedingungen der Schweiz angepasst sind und den Marktbed\u00fcrfnissen entsprechen. Dazu geh\u00f6rt unter anderem die Nutzung der Ernteprodukte f\u00fcr die menschliche Ern\u00e4hrung. Ein Beispiel ist die Selektion von Sorten mit grossen, ungef\u00e4rbten K\u00f6rnern, welche ein besseres geschmackliches Profil ergeben. <br>Die <a rel=\"noreferrer noopener\" href=\"http:\/\/www.dsp-delley.ch\/de\/index.php\" target=\"_blank\">DSP AG<\/a> ist Mitinhaberin der Sorten aus dem Zuchtprogramm von Agroscope und verantwortlich f\u00fcr die Erhaltungsz\u00fcchtung sowie die Produktion von Basissaatgut. Die DSP AG beteiligt sich zudem an der Leistungs- und Sortenpr\u00fcfung.<br>Damit die Ernte unter dem Label <a href=\"https:\/\/www.suissegarantie.ch\/de\/das-ist-suisse-garantie\/natuerlichkeit-garantiert-9.html\" target=\"_blank\" rel=\"noreferrer noopener\" aria-label=\" (ouverture dans un nouvel onglet)\">SUISSE GARANTIE<\/a> vermarktet werden kann, ist die Verwendung von zertifiziertem Pflanzgut und von Sorten welche auf der Empfohlenen Sortenliste von swissgranum aufgef\u00fchrt sind, ist eine Grundvoraussetzung. Einige der aufgef\u00fchrten Sorten werden auch in Bioqualit\u00e4t vermehrt. Nur Saatgut das die strenge Qualit\u00e4tsanforderungen des Bundes und von swisssem erf\u00fcllt, kann mit dem gesch\u00fctzten Markenzeichen \u201eZ-Saatgut-Suisse\u201c ausgezeichnet werden.<\/p>\n\n\n\n<!-- linklist component -->\n\n\t<ul class=\"linklist\">\n\t\t\t\t\t<li>\n\t\t\t\t<a href=\"https:\/\/www.swisssem.ch\/wp-content\/uploads\/2026\/01\/LR-dt-soja-2026.pdf\" target=\"_blank\">\n\t\t\t\t\t<span>\n\t\t\t\t\t\t<svg xmlns=\"http:\/\/www.w3.org\/2000\/svg\" data-name=\"Ebene 1\" viewBox=\"0 0 23.82 20.35\">\n\t\t\t\t\t\t\t<path d=\"M13.51 20.35L12 18.75l7.56-7.42H0V9h19.52L12 1.6 13.51 0l10.31 10.18z\"\/>\n\t\t\t\t\t\t<\/svg>\n\t\t\t\t\t<\/span>\n\t\t\t\t\tLink zur empfohlenen Sortenliste 2026\t\t\t\t<\/a>\n\t\t\t<\/li>\n\t\t\t<\/ul>\n<!-- end of linklist component -->\n\n","protected":false},"excerpt":{"rendered":"<p>Soja Die Kultur der Sojabohne wurde Ende der 80-iger Jahre in der Schweiz eingef\u00fchrt. Bei Agroscope &nbsp;wird Soja z\u00fcchterisch bearbeitet mit dem Ziel, Sorten zu entwickeln, welche an die klimatischen Bedingungen der Schweiz angepasst sind und den Marktbed\u00fcrfnissen entsprechen. Dazu geh\u00f6rt unter anderem die Nutzung der Ernteprodukte f\u00fcr die menschliche Ern\u00e4hrung. Ein Beispiel ist die [&hellip;]<\/p>\n","protected":false},"author":7,"featured_media":0,"parent":1631,"menu_order":234,"comment_status":"closed","ping_status":"closed","template":"","meta":{"_acf_changed":false,"footnotes":""},"class_list":["post-1671","page","type-page","status-publish","hentry"],"acf":[],"yoast_head":"<!-- This site is optimized with the Yoast SEO plugin v27.1.1 - https:\/\/yoast.com\/product\/yoast-seo-wordpress\/ -->\n<title>Soja - swisssem saatgut schweiz<\/title>\n<meta name=\"robots\" content=\"index, follow, max-snippet:-1, max-image-preview:large, max-video-preview:-1\" \/>\n<link rel=\"canonical\" href=\"https:\/\/www.swisssem.ch\/de\/kulturen\/soja\/\" \/>\n<meta property=\"og:locale\" content=\"de_DE\" \/>\n<meta property=\"og:type\" content=\"article\" \/>\n<meta property=\"og:title\" content=\"Soja - swisssem saatgut schweiz\" \/>\n<meta property=\"og:description\" content=\"Soja Die Kultur der Sojabohne wurde Ende der 80-iger Jahre in der Schweiz eingef\u00fchrt. Bei Agroscope &nbsp;wird Soja z\u00fcchterisch bearbeitet mit dem Ziel, Sorten zu entwickeln, welche an die klimatischen Bedingungen der Schweiz angepasst sind und den Marktbed\u00fcrfnissen entsprechen. Dazu geh\u00f6rt unter anderem die Nutzung der Ernteprodukte f\u00fcr die menschliche Ern\u00e4hrung. Ein Beispiel ist die [&hellip;]\" \/>\n<meta property=\"og:url\" content=\"https:\/\/www.swisssem.ch\/de\/kulturen\/soja\/\" \/>\n<meta property=\"og:site_name\" content=\"swisssem saatgut schweiz\" \/>\n<meta property=\"article:modified_time\" content=\"2026-01-07T08:56:11+00:00\" \/>\n<meta property=\"og:image\" content=\"https:\/\/www.swisssem.ch\/wp-content\/uploads\/2019\/12\/DSC_2758-1024x678.jpg\" \/>\n<meta name=\"twitter:card\" content=\"summary_large_image\" \/>\n<meta name=\"twitter:label1\" content=\"Gesch\u00e4tzte Lesezeit\" \/>\n\t<meta name=\"twitter:data1\" content=\"2\u00a0Minuten\" \/>\n<script type=\"application\/ld+json\" class=\"yoast-schema-graph\">{\"@context\":\"https:\/\/schema.org\",\"@graph\":[{\"@type\":\"WebPage\",\"@id\":\"https:\/\/www.swisssem.ch\/de\/kulturen\/soja\/\",\"url\":\"https:\/\/www.swisssem.ch\/de\/kulturen\/soja\/\",\"name\":\"Soja - swisssem saatgut schweiz\",\"isPartOf\":{\"@id\":\"https:\/\/www.swisssem.ch\/de\/#website\"},\"primaryImageOfPage\":{\"@id\":\"https:\/\/www.swisssem.ch\/de\/kulturen\/soja\/#primaryimage\"},\"image\":{\"@id\":\"https:\/\/www.swisssem.ch\/de\/kulturen\/soja\/#primaryimage\"},\"thumbnailUrl\":\"https:\/\/www.swisssem.ch\/wp-content\/uploads\/2019\/12\/DSC_2758-1024x678.jpg\",\"datePublished\":\"2019-10-23T07:52:52+00:00\",\"dateModified\":\"2026-01-07T08:56:11+00:00\",\"breadcrumb\":{\"@id\":\"https:\/\/www.swisssem.ch\/de\/kulturen\/soja\/#breadcrumb\"},\"inLanguage\":\"de\",\"potentialAction\":[{\"@type\":\"ReadAction\",\"target\":[\"https:\/\/www.swisssem.ch\/de\/kulturen\/soja\/\"]}]},{\"@type\":\"ImageObject\",\"inLanguage\":\"de\",\"@id\":\"https:\/\/www.swisssem.ch\/de\/kulturen\/soja\/#primaryimage\",\"url\":\"https:\/\/www.swisssem.ch\/wp-content\/uploads\/2019\/12\/DSC_2758-1024x678.jpg\",\"contentUrl\":\"https:\/\/www.swisssem.ch\/wp-content\/uploads\/2019\/12\/DSC_2758-1024x678.jpg\"},{\"@type\":\"BreadcrumbList\",\"@id\":\"https:\/\/www.swisssem.ch\/de\/kulturen\/soja\/#breadcrumb\",\"itemListElement\":[{\"@type\":\"ListItem\",\"position\":1,\"name\":\"Home\",\"item\":\"https:\/\/www.swisssem.ch\/de\/\"},{\"@type\":\"ListItem\",\"position\":2,\"name\":\"Kulturen\",\"item\":\"https:\/\/www.swisssem.ch\/de\/kulturen\/\"},{\"@type\":\"ListItem\",\"position\":3,\"name\":\"Soja\"}]},{\"@type\":\"WebSite\",\"@id\":\"https:\/\/www.swisssem.ch\/de\/#website\",\"url\":\"https:\/\/www.swisssem.ch\/de\/\",\"name\":\"swisssem saatgut schweiz\",\"description\":\"\",\"publisher\":{\"@id\":\"https:\/\/www.swisssem.ch\/de\/#organization\"},\"potentialAction\":[{\"@type\":\"SearchAction\",\"target\":{\"@type\":\"EntryPoint\",\"urlTemplate\":\"https:\/\/www.swisssem.ch\/de\/?s={search_term_string}\"},\"query-input\":{\"@type\":\"PropertyValueSpecification\",\"valueRequired\":true,\"valueName\":\"search_term_string\"}}],\"inLanguage\":\"de\"},{\"@type\":\"Organization\",\"@id\":\"https:\/\/www.swisssem.ch\/de\/#organization\",\"name\":\"swisssem saatgut schweiz\",\"url\":\"https:\/\/www.swisssem.ch\/de\/\",\"logo\":{\"@type\":\"ImageObject\",\"inLanguage\":\"de\",\"@id\":\"https:\/\/www.swisssem.ch\/de\/#\/schema\/logo\/image\/\",\"url\":\"https:\/\/www.swisssem.ch\/wp-content\/uploads\/2020\/03\/Logo_swisssem_RGB-1.jpg\",\"contentUrl\":\"https:\/\/www.swisssem.ch\/wp-content\/uploads\/2020\/03\/Logo_swisssem_RGB-1.jpg\",\"width\":1684,\"height\":430,\"caption\":\"swisssem saatgut schweiz\"},\"image\":{\"@id\":\"https:\/\/www.swisssem.ch\/de\/#\/schema\/logo\/image\/\"}}]}<\/script>\n<!-- \/ Yoast SEO plugin. -->","yoast_head_json":{"title":"Soja - swisssem saatgut schweiz","robots":{"index":"index","follow":"follow","max-snippet":"max-snippet:-1","max-image-preview":"max-image-preview:large","max-video-preview":"max-video-preview:-1"},"canonical":"https:\/\/www.swisssem.ch\/de\/kulturen\/soja\/","og_locale":"de_DE","og_type":"article","og_title":"Soja - swisssem saatgut schweiz","og_description":"Soja Die Kultur der Sojabohne wurde Ende der 80-iger Jahre in der Schweiz eingef\u00fchrt. Bei Agroscope &nbsp;wird Soja z\u00fcchterisch bearbeitet mit dem Ziel, Sorten zu entwickeln, welche an die klimatischen Bedingungen der Schweiz angepasst sind und den Marktbed\u00fcrfnissen entsprechen. Dazu geh\u00f6rt unter anderem die Nutzung der Ernteprodukte f\u00fcr die menschliche Ern\u00e4hrung. Ein Beispiel ist die [&hellip;]","og_url":"https:\/\/www.swisssem.ch\/de\/kulturen\/soja\/","og_site_name":"swisssem saatgut schweiz","article_modified_time":"2026-01-07T08:56:11+00:00","og_image":[{"url":"https:\/\/www.swisssem.ch\/wp-content\/uploads\/2019\/12\/DSC_2758-1024x678.jpg","type":"","width":"","height":""}],"twitter_card":"summary_large_image","twitter_misc":{"Gesch\u00e4tzte Lesezeit":"2\u00a0Minuten"},"schema":{"@context":"https:\/\/schema.org","@graph":[{"@type":"WebPage","@id":"https:\/\/www.swisssem.ch\/de\/kulturen\/soja\/","url":"https:\/\/www.swisssem.ch\/de\/kulturen\/soja\/","name":"Soja - swisssem saatgut schweiz","isPartOf":{"@id":"https:\/\/www.swisssem.ch\/de\/#website"},"primaryImageOfPage":{"@id":"https:\/\/www.swisssem.ch\/de\/kulturen\/soja\/#primaryimage"},"image":{"@id":"https:\/\/www.swisssem.ch\/de\/kulturen\/soja\/#primaryimage"},"thumbnailUrl":"https:\/\/www.swisssem.ch\/wp-content\/uploads\/2019\/12\/DSC_2758-1024x678.jpg","datePublished":"2019-10-23T07:52:52+00:00","dateModified":"2026-01-07T08:56:11+00:00","breadcrumb":{"@id":"https:\/\/www.swisssem.ch\/de\/kulturen\/soja\/#breadcrumb"},"inLanguage":"de","potentialAction":[{"@type":"ReadAction","target":["https:\/\/www.swisssem.ch\/de\/kulturen\/soja\/"]}]},{"@type":"ImageObject","inLanguage":"de","@id":"https:\/\/www.swisssem.ch\/de\/kulturen\/soja\/#primaryimage","url":"https:\/\/www.swisssem.ch\/wp-content\/uploads\/2019\/12\/DSC_2758-1024x678.jpg","contentUrl":"https:\/\/www.swisssem.ch\/wp-content\/uploads\/2019\/12\/DSC_2758-1024x678.jpg"},{"@type":"BreadcrumbList","@id":"https:\/\/www.swisssem.ch\/de\/kulturen\/soja\/#breadcrumb","itemListElement":[{"@type":"ListItem","position":1,"name":"Home","item":"https:\/\/www.swisssem.ch\/de\/"},{"@type":"ListItem","position":2,"name":"Kulturen","item":"https:\/\/www.swisssem.ch\/de\/kulturen\/"},{"@type":"ListItem","position":3,"name":"Soja"}]},{"@type":"WebSite","@id":"https:\/\/www.swisssem.ch\/de\/#website","url":"https:\/\/www.swisssem.ch\/de\/","name":"swisssem saatgut schweiz","description":"","publisher":{"@id":"https:\/\/www.swisssem.ch\/de\/#organization"},"potentialAction":[{"@type":"SearchAction","target":{"@type":"EntryPoint","urlTemplate":"https:\/\/www.swisssem.ch\/de\/?s={search_term_string}"},"query-input":{"@type":"PropertyValueSpecification","valueRequired":true,"valueName":"search_term_string"}}],"inLanguage":"de"},{"@type":"Organization","@id":"https:\/\/www.swisssem.ch\/de\/#organization","name":"swisssem saatgut schweiz","url":"https:\/\/www.swisssem.ch\/de\/","logo":{"@type":"ImageObject","inLanguage":"de","@id":"https:\/\/www.swisssem.ch\/de\/#\/schema\/logo\/image\/","url":"https:\/\/www.swisssem.ch\/wp-content\/uploads\/2020\/03\/Logo_swisssem_RGB-1.jpg","contentUrl":"https:\/\/www.swisssem.ch\/wp-content\/uploads\/2020\/03\/Logo_swisssem_RGB-1.jpg","width":1684,"height":430,"caption":"swisssem saatgut schweiz"},"image":{"@id":"https:\/\/www.swisssem.ch\/de\/#\/schema\/logo\/image\/"}}]}},"_links":{"self":[{"href":"https:\/\/www.swisssem.ch\/de\/wp-json\/wp\/v2\/pages\/1671","targetHints":{"allow":["GET"]}}],"collection":[{"href":"https:\/\/www.swisssem.ch\/de\/wp-json\/wp\/v2\/pages"}],"about":[{"href":"https:\/\/www.swisssem.ch\/de\/wp-json\/wp\/v2\/types\/page"}],"author":[{"embeddable":true,"href":"https:\/\/www.swisssem.ch\/de\/wp-json\/wp\/v2\/users\/7"}],"replies":[{"embeddable":true,"href":"https:\/\/www.swisssem.ch\/de\/wp-json\/wp\/v2\/comments?post=1671"}],"version-history":[{"count":44,"href":"https:\/\/www.swisssem.ch\/de\/wp-json\/wp\/v2\/pages\/1671\/revisions"}],"predecessor-version":[{"id":12651,"href":"https:\/\/www.swisssem.ch\/de\/wp-json\/wp\/v2\/pages\/1671\/revisions\/12651"}],"up":[{"embeddable":true,"href":"https:\/\/www.swisssem.ch\/de\/wp-json\/wp\/v2\/pages\/1631"}],"wp:attachment":[{"href":"https:\/\/www.swisssem.ch\/de\/wp-json\/wp\/v2\/media?parent=1671"}],"curies":[{"name":"wp","href":"https:\/\/api.w.org\/{rel}","templated":true}]}}