{"id":1663,"date":"2019-10-23T09:51:30","date_gmt":"2019-10-23T07:51:30","guid":{"rendered":"http:\/\/swisssem:8888\/?page_id=1663"},"modified":"2026-01-05T11:14:03","modified_gmt":"2026-01-05T10:14:03","slug":"kartoffeln","status":"publish","type":"page","link":"https:\/\/www.swisssem.ch\/de\/kulturen\/kartoffeln\/","title":{"rendered":"Kartoffeln"},"content":{"rendered":"\n<h2 class=\"wp-block-heading\"><strong>Kartoffeln<\/strong><\/h2>\n\n\n<div class=\"wp-block-image is-resized\">\n<figure class=\"alignleft size-large\"><img decoding=\"async\" src=\"https:\/\/www.swisssem.ch\/wp-content\/uploads\/2020\/01\/Kartoffelertrag-1024x768.jpg\" alt=\"\" class=\"wp-image-2407\" style=\"width:287px;height:auto\"\/><\/figure>\n<\/div>\n\n\n<p>Agroscope testet in Zusammenarbeit mit <a rel=\"noreferrer noopener\" href=\"http:\/\/www.kartoffel.ch\/index.php?id=1&amp;L=1\" target=\"_blank\">Swisspatat<\/a> j\u00e4hrlich mehrere Dutzend neue Kartoffelsorten von namhaften und erfahrenen Z\u00fcchtern aus der ganzen Welt auf deren Anbaueignung in der Schweiz. Nebst den agronomischen Eigenschaften werden weiter Kriterien wie Kocheigenschaften, industrielle Verarbeitung,&nbsp; Lagerung, etc. getestet. Das zweistufige Pr\u00fcfverfahren dauert mindestens 4 Jahre. <br>Nur Sorten welche die strengen Pr\u00fcfkriterien erf\u00fcllt haben, finden Zugang auf die Empfohlene Sortenliste von Swisspatat.   <\/p>\n\n\n\n<p><a href=\"https:\/\/www.swisssem.ch\/wp-content\/uploads\/2025\/12\/Sortenliste_Kartoffeln_2026_DE_Einzelseiten_Web.pdf\">Die schweizerische Sortenliste f\u00fcr Kartoffeln f\u00fcr die Ernte 2026 wurde herausgegeben<\/a>.<\/p>\n\n\n\n<p>Die Schweizer Sortenliste f\u00fcr Kartoffeln 2026 enth\u00e4lt 76 Sorten. Die Merkmale werden in zwei separaten Tabellen beschrieben: in der Hauptsortenliste sind 52 Sorten und in der Nebensortenliste sind 24 Sorten aufgef\u00fchrt. Die Hauptsortenliste enth\u00e4lt Sorten, die auf dem Schweizer Markt eine gewisse Bedeutung erlangt haben. In der Nebensortenliste sind Sorten mit geringerer kommerzieller Bedeutung sowie alte Sorten aufgef\u00fchrt.<\/p>\n\n\n\n<p><strong><a href=\"https:\/\/www.swisssem.ch\/wp-content\/uploads\/2026\/01\/Merkblatt_Kartoffeln_Nr_256_Francis.pdf\">Francis <\/a><\/strong>und <a href=\"https:\/\/www.swisssem.ch\/wp-content\/uploads\/2026\/01\/Merkblatt_Kartoffeln_Nr_254_Amora.pdf\"><strong>Amora<\/strong> <\/a>(Frites) sowie <strong><a href=\"https:\/\/www.swisssem.ch\/wp-content\/uploads\/2026\/01\/Merkblatt_Kartoffeln_Nr_255_Favola.pdf\">Favola <\/a><\/strong>und <strong><a href=\"https:\/\/www.swisssem.ch\/wp-content\/uploads\/2026\/01\/Merkblatt_Kartoffeln_Nr_257_Odysseus.pdf\">Odysseus<\/a><\/strong> (Chips) wurden neu in die Hauptsortenliste\u00a0 aufgenommen. Zwei festkochende Speisesorten, n\u00e4mlich <strong>Aubaine <\/strong>und <strong>Fineline<\/strong>, und zwei mehligkochende Sorten, <strong>Otolia <\/strong>und <strong>Twister<\/strong>, wurden von der Nebensortenliste in die Hauptsortenliste verschoben.<\/p>\n\n\n\n<p><strong>Ma\u00efwen <\/strong>und <strong>Oscar<\/strong>, zwei Speisesorten, <strong>Donata <\/strong>und <strong>Lugano<\/strong>, zwei Sorten f\u00fcr die Verarbeitung zu Pommes frites, sowie <strong>Nofy<\/strong>, eine Chips-Verarbeitungssorte, erscheinen neu in der Nebensortenliste.<br>Nur Pflanzgut das die strenge Qualit\u00e4tsanforderungen des Bundes und von swisssem erf\u00fcllt, kann mit dem gesch\u00fctzten Markenzeichen \u201e<a href=\"https:\/\/www.swisssem.ch\/de\/ueber-uns-2\/schweizer-saatgut\/\"><strong>saatgut schweiz<\/strong><\/a>\u201c ausgezeichnet werden.<br>Die wichtigsten Qualit\u00e4tskriterien sind im Pflanzgutreglement zusammengefasst.<\/p>\n\n\n\n<p>Die Schweizer Sortenliste f\u00fcr Kartoffeln hat empfehlenden Charakter. <\/p>\n\n\n\n<p><\/p>\n\n\n\n<!-- linklist component -->\n\n\t<ul class=\"linklist\">\n\t\t\t<\/ul>\n<!-- end of linklist component -->\n\n\n\n\n<!-- linklist component -->\n\n\t<ul class=\"linklist\">\n\t\t\t\t\t<li>\n\t\t\t\t<a href=\"https:\/\/www.swisssem.ch\/de\/hauptsortenliste-speisekartoffeln-frueh\/\" target=\"\">\n\t\t\t\t\t<span>\n\t\t\t\t\t\t<svg xmlns=\"http:\/\/www.w3.org\/2000\/svg\" data-name=\"Ebene 1\" viewBox=\"0 0 23.82 20.35\">\n\t\t\t\t\t\t\t<path d=\"M13.51 20.35L12 18.75l7.56-7.42H0V9h19.52L12 1.6 13.51 0l10.31 10.18z\"\/>\n\t\t\t\t\t\t<\/svg>\n\t\t\t\t\t<\/span>\n\t\t\t\t\tHauptsortenliste: Speisesorten fr\u00fch\t\t\t\t<\/a>\n\t\t\t<\/li>\n\t\t\t\t\t<li>\n\t\t\t\t<a href=\"https:\/\/www.swisssem.ch\/de\/hauptsortenliste-speisesorten-festkochend\/\" target=\"\">\n\t\t\t\t\t<span>\n\t\t\t\t\t\t<svg xmlns=\"http:\/\/www.w3.org\/2000\/svg\" data-name=\"Ebene 1\" viewBox=\"0 0 23.82 20.35\">\n\t\t\t\t\t\t\t<path d=\"M13.51 20.35L12 18.75l7.56-7.42H0V9h19.52L12 1.6 13.51 0l10.31 10.18z\"\/>\n\t\t\t\t\t\t<\/svg>\n\t\t\t\t\t<\/span>\n\t\t\t\t\tHauptsortenliste: Speisesorten festkochend\t\t\t\t<\/a>\n\t\t\t<\/li>\n\t\t\t\t\t<li>\n\t\t\t\t<a href=\"https:\/\/www.swisssem.ch\/de\/hauptsortenliste-speisesorten-mehligkochend\/\" target=\"\">\n\t\t\t\t\t<span>\n\t\t\t\t\t\t<svg xmlns=\"http:\/\/www.w3.org\/2000\/svg\" data-name=\"Ebene 1\" viewBox=\"0 0 23.82 20.35\">\n\t\t\t\t\t\t\t<path d=\"M13.51 20.35L12 18.75l7.56-7.42H0V9h19.52L12 1.6 13.51 0l10.31 10.18z\"\/>\n\t\t\t\t\t\t<\/svg>\n\t\t\t\t\t<\/span>\n\t\t\t\t\tHauptsortenliste: Speisesorten mehligkochend\t\t\t\t<\/a>\n\t\t\t<\/li>\n\t\t\t\t\t<li>\n\t\t\t\t<a href=\"https:\/\/www.swisssem.ch\/de\/kulturen\/kartoffeln\/hauptsortenliste-sorten-fuer-industrielle-chips-und-frites\/\" target=\"\">\n\t\t\t\t\t<span>\n\t\t\t\t\t\t<svg xmlns=\"http:\/\/www.w3.org\/2000\/svg\" data-name=\"Ebene 1\" viewBox=\"0 0 23.82 20.35\">\n\t\t\t\t\t\t\t<path d=\"M13.51 20.35L12 18.75l7.56-7.42H0V9h19.52L12 1.6 13.51 0l10.31 10.18z\"\/>\n\t\t\t\t\t\t<\/svg>\n\t\t\t\t\t<\/span>\n\t\t\t\t\tHauptsortenliste: Sorten f\u00fcr industrielle Pommes-Frites \/ Chips Herstellung\t\t\t\t<\/a>\n\t\t\t<\/li>\n\t\t\t\t\t<li>\n\t\t\t\t<a href=\"https:\/\/www.swisssem.ch\/de\/nebensortenliste\/\" target=\"\">\n\t\t\t\t\t<span>\n\t\t\t\t\t\t<svg xmlns=\"http:\/\/www.w3.org\/2000\/svg\" data-name=\"Ebene 1\" viewBox=\"0 0 23.82 20.35\">\n\t\t\t\t\t\t\t<path d=\"M13.51 20.35L12 18.75l7.56-7.42H0V9h19.52L12 1.6 13.51 0l10.31 10.18z\"\/>\n\t\t\t\t\t\t<\/svg>\n\t\t\t\t\t<\/span>\n\t\t\t\t\tNebensortenliste\t\t\t\t<\/a>\n\t\t\t<\/li>\n\t\t\t<\/ul>\n<!-- end of linklist component -->\n\n\n\n\n<div class=\"wp-block-columns is-layout-flex wp-container-core-columns-is-layout-9d6595d7 wp-block-columns-is-layout-flex\">\n<div class=\"wp-block-column is-layout-flow wp-block-column-is-layout-flow\" style=\"flex-basis:100%\">\n<p class=\"has-text-align-left\"><a href=\"https:\/\/www.swisssem.ch\/wp-content\/uploads\/2025\/09\/2025-Anzahl-Knollen-Pflanzkartoffeln-ASS-und-SEMAG.pdf\">Die Tabelle mit der Anzahl Knollen pro Sorte f\u00fcr ein Muster von 100 kg ist hier verf\u00fcgbar.<\/a><\/p>\n<\/div>\n\n\n\n<div class=\"wp-block-column is-layout-flow wp-block-column-is-layout-flow\" style=\"flex-basis:25.41%\"><\/div>\n<\/div>\n\n\n\n<!-- downloads component -->\n\t<ul class=\"downloads\">\n\t\t\t\t\t<li>\n\t\t\t\t<figure>\n\t\t\t\t\t<img decoding=\"async\" src=\"https:\/\/www.swisssem.ch\/wp-content\/uploads\/2021\/03\/Pressemitteilung-Kaliber-2020-pdf.jpg\" alt=\"Pressemitteilung Kaliber 2020\">\n\t\t\t\t<\/figure>\n\t\t\t\t<h4>Neue Kaliber von Pflanzkartoffeln im Chips-Segment<\/h4>\n\t\t\t\t\t\t\t\t<div class=\"download-actions\">\n\t\t\t\t\t<a href=\"https:\/\/www.swisssem.ch\/wp-content\/uploads\/2021\/03\/Pressemitteilung-Kaliber-2020.pdf\" download class=\"download\">\n\t\t\t\t\t\t<svg xmlns=\"http:\/\/www.w3.org\/2000\/svg\" data-name=\"Ebene 1\" viewBox=\"0 0 23.06 21.64\">\n\t\t\t\t\t\t\t<g stroke=\"#000\" data-name=\"Ebene 1-2\">\n\t\t\t\t\t\t\t\t<path fill=\"none\" stroke-width=\"2\" d=\"M2.29 11.86v8.78h18.46v-8.78\"\/>\n\t\t\t\t\t\t\t\t<path stroke-width=\".25\" d=\"M12.38.13h-1.73v13.41L5.08 7.91l-1.2 1.14 7.65 7.68 7.63-7.68-1.21-1.14-5.57 5.63V.13z\"\/>\n\t\t\t\t\t\t\t<\/g>\n\t\t\t\t\t\t<\/svg>\n\t\t\t\t\t<\/a>\n\t\t\t\t\t<a href=\"https:\/\/www.swisssem.ch\/wp-content\/uploads\/2021\/03\/Pressemitteilung-Kaliber-2020.pdf\" target=\"_blank\" rel=\"nofollow\" class=\"expand\">\n\t\t\t\t\t\t<svg xmlns=\"http:\/\/www.w3.org\/2000\/svg\" data-name=\"Ebene 1\" viewBox=\"0 0 23 20\">\n\t\t\t\t\t\t\t<g fill=\"none\" stroke=\"#000\" stroke-width=\".89999998\" data-name=\"Ebene 1-2\">\n\t\t\t\t\t\t\t\t<path d=\"M9.48 13.48l-.55-.57-4.65 4.65.01-3.69-.77-.01-.02 5.03 5.04-.01-.01-.78-3.7.03 4.65-4.65zM13.54 13.48l.58-.57 4.65 4.65-.02-3.69.77-.01.02 5.03-5.05-.01.03-.78 3.68.03-4.66-4.65zM9.48 8.18l-.55.56-4.65-4.65.01 3.69-.77.02-.02-5.04 5.04.02-.01.77-3.7-.02 4.65 4.65zM13.54 8.18l.58.56 4.65-4.65-.02 3.69.77.02.02-5.04-5.05.02.03.77 3.68-.02-4.66 4.65z\"\/>\n\t\t\t\t\t\t\t<\/g>\n\t\t\t\t\t\t<\/svg>\n\t\t\t\t\t<\/a>\n\t\t\t\t<\/div>\n\t\t\t\t\n\t\t\t<\/li>\n\t\t\t<\/ul>\n\n<!-- end of downloads component -->\n\n\n\n\n<!-- downloads component -->\n\t<ul class=\"downloads\">\n\t\t\t\t\t<li>\n\t\t\t\t<figure>\n\t\t\t\t\t<img decoding=\"async\" src=\"https:\/\/www.swisssem.ch\/wp-content\/uploads\/2021\/03\/choix-des-vari\u00e9t\u00e9s-selon-plats-et-saison-couleur-ASS-4-pdf.jpg\" alt=\"choix des vari\u00e9t\u00e9s selon plats et saison couleur ASS\">\n\t\t\t\t<\/figure>\n\t\t\t\t<h4>Tabelle f\u00fcr die kulinarische Verwendung der verschiedenen Kartoffelsorten (nur franz\u00f6sisch)<\/h4>\n\t\t\t\t\t\t\t\t<div class=\"download-actions\">\n\t\t\t\t\t<a href=\"https:\/\/www.swisssem.ch\/wp-content\/uploads\/2021\/03\/choix-des-vari\u00e9t\u00e9s-selon-plats-et-saison-couleur-ASS-4.pdf\" download class=\"download\">\n\t\t\t\t\t\t<svg xmlns=\"http:\/\/www.w3.org\/2000\/svg\" data-name=\"Ebene 1\" viewBox=\"0 0 23.06 21.64\">\n\t\t\t\t\t\t\t<g stroke=\"#000\" data-name=\"Ebene 1-2\">\n\t\t\t\t\t\t\t\t<path fill=\"none\" stroke-width=\"2\" d=\"M2.29 11.86v8.78h18.46v-8.78\"\/>\n\t\t\t\t\t\t\t\t<path stroke-width=\".25\" d=\"M12.38.13h-1.73v13.41L5.08 7.91l-1.2 1.14 7.65 7.68 7.63-7.68-1.21-1.14-5.57 5.63V.13z\"\/>\n\t\t\t\t\t\t\t<\/g>\n\t\t\t\t\t\t<\/svg>\n\t\t\t\t\t<\/a>\n\t\t\t\t\t<a href=\"https:\/\/www.swisssem.ch\/wp-content\/uploads\/2021\/03\/choix-des-vari\u00e9t\u00e9s-selon-plats-et-saison-couleur-ASS-4.pdf\" target=\"_blank\" rel=\"nofollow\" class=\"expand\">\n\t\t\t\t\t\t<svg xmlns=\"http:\/\/www.w3.org\/2000\/svg\" data-name=\"Ebene 1\" viewBox=\"0 0 23 20\">\n\t\t\t\t\t\t\t<g fill=\"none\" stroke=\"#000\" stroke-width=\".89999998\" data-name=\"Ebene 1-2\">\n\t\t\t\t\t\t\t\t<path d=\"M9.48 13.48l-.55-.57-4.65 4.65.01-3.69-.77-.01-.02 5.03 5.04-.01-.01-.78-3.7.03 4.65-4.65zM13.54 13.48l.58-.57 4.65 4.65-.02-3.69.77-.01.02 5.03-5.05-.01.03-.78 3.68.03-4.66-4.65zM9.48 8.18l-.55.56-4.65-4.65.01 3.69-.77.02-.02-5.04 5.04.02-.01.77-3.7-.02 4.65 4.65zM13.54 8.18l.58.56 4.65-4.65-.02 3.69.77.02.02-5.04-5.05.02.03.77 3.68-.02-4.66 4.65z\"\/>\n\t\t\t\t\t\t\t<\/g>\n\t\t\t\t\t\t<\/svg>\n\t\t\t\t\t<\/a>\n\t\t\t\t<\/div>\n\t\t\t\t\n\t\t\t<\/li>\n\t\t\t<\/ul>\n\n<!-- end of downloads component -->\n\n\n\n\n<p><\/p>\n","protected":false},"excerpt":{"rendered":"<p>Kartoffeln Agroscope testet in Zusammenarbeit mit Swisspatat j\u00e4hrlich mehrere Dutzend neue Kartoffelsorten von namhaften und erfahrenen Z\u00fcchtern aus der ganzen Welt auf deren Anbaueignung in der Schweiz. Nebst den agronomischen Eigenschaften werden weiter Kriterien wie Kocheigenschaften, industrielle Verarbeitung,&nbsp; Lagerung, etc. getestet. Das zweistufige Pr\u00fcfverfahren dauert mindestens 4 Jahre. Nur Sorten welche die strengen Pr\u00fcfkriterien erf\u00fcllt [&hellip;]<\/p>\n","protected":false},"author":7,"featured_media":0,"parent":1631,"menu_order":232,"comment_status":"closed","ping_status":"closed","template":"","meta":{"_acf_changed":false,"footnotes":""},"class_list":["post-1663","page","type-page","status-publish","hentry"],"acf":[],"yoast_head":"<!-- This site is optimized with the Yoast SEO plugin v27.1.1 - https:\/\/yoast.com\/product\/yoast-seo-wordpress\/ -->\n<title>Kartoffeln - swisssem saatgut schweiz<\/title>\n<meta name=\"robots\" content=\"index, follow, max-snippet:-1, max-image-preview:large, max-video-preview:-1\" \/>\n<link rel=\"canonical\" href=\"https:\/\/www.swisssem.ch\/de\/kulturen\/kartoffeln\/\" \/>\n<meta property=\"og:locale\" content=\"de_DE\" \/>\n<meta property=\"og:type\" content=\"article\" \/>\n<meta property=\"og:title\" content=\"Kartoffeln - swisssem saatgut schweiz\" \/>\n<meta property=\"og:description\" content=\"Kartoffeln Agroscope testet in Zusammenarbeit mit Swisspatat j\u00e4hrlich mehrere Dutzend neue Kartoffelsorten von namhaften und erfahrenen Z\u00fcchtern aus der ganzen Welt auf deren Anbaueignung in der Schweiz. Nebst den agronomischen Eigenschaften werden weiter Kriterien wie Kocheigenschaften, industrielle Verarbeitung,&nbsp; Lagerung, etc. getestet. Das zweistufige Pr\u00fcfverfahren dauert mindestens 4 Jahre. Nur Sorten welche die strengen Pr\u00fcfkriterien erf\u00fcllt [&hellip;]\" \/>\n<meta property=\"og:url\" content=\"https:\/\/www.swisssem.ch\/de\/kulturen\/kartoffeln\/\" \/>\n<meta property=\"og:site_name\" content=\"swisssem saatgut schweiz\" \/>\n<meta property=\"article:modified_time\" content=\"2026-01-05T10:14:03+00:00\" \/>\n<meta property=\"og:image\" content=\"https:\/\/www.swisssem.ch\/wp-content\/uploads\/2020\/01\/Kartoffelertrag-1024x768.jpg\" \/>\n<meta name=\"twitter:card\" content=\"summary_large_image\" \/>\n<meta name=\"twitter:label1\" content=\"Gesch\u00e4tzte Lesezeit\" \/>\n\t<meta name=\"twitter:data1\" content=\"2\u00a0Minuten\" \/>\n<script type=\"application\/ld+json\" class=\"yoast-schema-graph\">{\"@context\":\"https:\/\/schema.org\",\"@graph\":[{\"@type\":\"WebPage\",\"@id\":\"https:\/\/www.swisssem.ch\/de\/kulturen\/kartoffeln\/\",\"url\":\"https:\/\/www.swisssem.ch\/de\/kulturen\/kartoffeln\/\",\"name\":\"Kartoffeln - swisssem saatgut schweiz\",\"isPartOf\":{\"@id\":\"https:\/\/www.swisssem.ch\/de\/#website\"},\"primaryImageOfPage\":{\"@id\":\"https:\/\/www.swisssem.ch\/de\/kulturen\/kartoffeln\/#primaryimage\"},\"image\":{\"@id\":\"https:\/\/www.swisssem.ch\/de\/kulturen\/kartoffeln\/#primaryimage\"},\"thumbnailUrl\":\"https:\/\/www.swisssem.ch\/wp-content\/uploads\/2020\/01\/Kartoffelertrag-1024x768.jpg\",\"datePublished\":\"2019-10-23T07:51:30+00:00\",\"dateModified\":\"2026-01-05T10:14:03+00:00\",\"breadcrumb\":{\"@id\":\"https:\/\/www.swisssem.ch\/de\/kulturen\/kartoffeln\/#breadcrumb\"},\"inLanguage\":\"de\",\"potentialAction\":[{\"@type\":\"ReadAction\",\"target\":[\"https:\/\/www.swisssem.ch\/de\/kulturen\/kartoffeln\/\"]}]},{\"@type\":\"ImageObject\",\"inLanguage\":\"de\",\"@id\":\"https:\/\/www.swisssem.ch\/de\/kulturen\/kartoffeln\/#primaryimage\",\"url\":\"https:\/\/www.swisssem.ch\/wp-content\/uploads\/2020\/01\/Kartoffelertrag-1024x768.jpg\",\"contentUrl\":\"https:\/\/www.swisssem.ch\/wp-content\/uploads\/2020\/01\/Kartoffelertrag-1024x768.jpg\"},{\"@type\":\"BreadcrumbList\",\"@id\":\"https:\/\/www.swisssem.ch\/de\/kulturen\/kartoffeln\/#breadcrumb\",\"itemListElement\":[{\"@type\":\"ListItem\",\"position\":1,\"name\":\"Home\",\"item\":\"https:\/\/www.swisssem.ch\/de\/\"},{\"@type\":\"ListItem\",\"position\":2,\"name\":\"Kulturen\",\"item\":\"https:\/\/www.swisssem.ch\/de\/kulturen\/\"},{\"@type\":\"ListItem\",\"position\":3,\"name\":\"Kartoffeln\"}]},{\"@type\":\"WebSite\",\"@id\":\"https:\/\/www.swisssem.ch\/de\/#website\",\"url\":\"https:\/\/www.swisssem.ch\/de\/\",\"name\":\"swisssem saatgut schweiz\",\"description\":\"\",\"publisher\":{\"@id\":\"https:\/\/www.swisssem.ch\/de\/#organization\"},\"potentialAction\":[{\"@type\":\"SearchAction\",\"target\":{\"@type\":\"EntryPoint\",\"urlTemplate\":\"https:\/\/www.swisssem.ch\/de\/?s={search_term_string}\"},\"query-input\":{\"@type\":\"PropertyValueSpecification\",\"valueRequired\":true,\"valueName\":\"search_term_string\"}}],\"inLanguage\":\"de\"},{\"@type\":\"Organization\",\"@id\":\"https:\/\/www.swisssem.ch\/de\/#organization\",\"name\":\"swisssem saatgut schweiz\",\"url\":\"https:\/\/www.swisssem.ch\/de\/\",\"logo\":{\"@type\":\"ImageObject\",\"inLanguage\":\"de\",\"@id\":\"https:\/\/www.swisssem.ch\/de\/#\/schema\/logo\/image\/\",\"url\":\"https:\/\/www.swisssem.ch\/wp-content\/uploads\/2020\/03\/Logo_swisssem_RGB-1.jpg\",\"contentUrl\":\"https:\/\/www.swisssem.ch\/wp-content\/uploads\/2020\/03\/Logo_swisssem_RGB-1.jpg\",\"width\":1684,\"height\":430,\"caption\":\"swisssem saatgut schweiz\"},\"image\":{\"@id\":\"https:\/\/www.swisssem.ch\/de\/#\/schema\/logo\/image\/\"}}]}<\/script>\n<!-- \/ Yoast SEO plugin. -->","yoast_head_json":{"title":"Kartoffeln - swisssem saatgut schweiz","robots":{"index":"index","follow":"follow","max-snippet":"max-snippet:-1","max-image-preview":"max-image-preview:large","max-video-preview":"max-video-preview:-1"},"canonical":"https:\/\/www.swisssem.ch\/de\/kulturen\/kartoffeln\/","og_locale":"de_DE","og_type":"article","og_title":"Kartoffeln - swisssem saatgut schweiz","og_description":"Kartoffeln Agroscope testet in Zusammenarbeit mit Swisspatat j\u00e4hrlich mehrere Dutzend neue Kartoffelsorten von namhaften und erfahrenen Z\u00fcchtern aus der ganzen Welt auf deren Anbaueignung in der Schweiz. Nebst den agronomischen Eigenschaften werden weiter Kriterien wie Kocheigenschaften, industrielle Verarbeitung,&nbsp; Lagerung, etc. getestet. Das zweistufige Pr\u00fcfverfahren dauert mindestens 4 Jahre. Nur Sorten welche die strengen Pr\u00fcfkriterien erf\u00fcllt [&hellip;]","og_url":"https:\/\/www.swisssem.ch\/de\/kulturen\/kartoffeln\/","og_site_name":"swisssem saatgut schweiz","article_modified_time":"2026-01-05T10:14:03+00:00","og_image":[{"url":"https:\/\/www.swisssem.ch\/wp-content\/uploads\/2020\/01\/Kartoffelertrag-1024x768.jpg","type":"","width":"","height":""}],"twitter_card":"summary_large_image","twitter_misc":{"Gesch\u00e4tzte Lesezeit":"2\u00a0Minuten"},"schema":{"@context":"https:\/\/schema.org","@graph":[{"@type":"WebPage","@id":"https:\/\/www.swisssem.ch\/de\/kulturen\/kartoffeln\/","url":"https:\/\/www.swisssem.ch\/de\/kulturen\/kartoffeln\/","name":"Kartoffeln - swisssem saatgut schweiz","isPartOf":{"@id":"https:\/\/www.swisssem.ch\/de\/#website"},"primaryImageOfPage":{"@id":"https:\/\/www.swisssem.ch\/de\/kulturen\/kartoffeln\/#primaryimage"},"image":{"@id":"https:\/\/www.swisssem.ch\/de\/kulturen\/kartoffeln\/#primaryimage"},"thumbnailUrl":"https:\/\/www.swisssem.ch\/wp-content\/uploads\/2020\/01\/Kartoffelertrag-1024x768.jpg","datePublished":"2019-10-23T07:51:30+00:00","dateModified":"2026-01-05T10:14:03+00:00","breadcrumb":{"@id":"https:\/\/www.swisssem.ch\/de\/kulturen\/kartoffeln\/#breadcrumb"},"inLanguage":"de","potentialAction":[{"@type":"ReadAction","target":["https:\/\/www.swisssem.ch\/de\/kulturen\/kartoffeln\/"]}]},{"@type":"ImageObject","inLanguage":"de","@id":"https:\/\/www.swisssem.ch\/de\/kulturen\/kartoffeln\/#primaryimage","url":"https:\/\/www.swisssem.ch\/wp-content\/uploads\/2020\/01\/Kartoffelertrag-1024x768.jpg","contentUrl":"https:\/\/www.swisssem.ch\/wp-content\/uploads\/2020\/01\/Kartoffelertrag-1024x768.jpg"},{"@type":"BreadcrumbList","@id":"https:\/\/www.swisssem.ch\/de\/kulturen\/kartoffeln\/#breadcrumb","itemListElement":[{"@type":"ListItem","position":1,"name":"Home","item":"https:\/\/www.swisssem.ch\/de\/"},{"@type":"ListItem","position":2,"name":"Kulturen","item":"https:\/\/www.swisssem.ch\/de\/kulturen\/"},{"@type":"ListItem","position":3,"name":"Kartoffeln"}]},{"@type":"WebSite","@id":"https:\/\/www.swisssem.ch\/de\/#website","url":"https:\/\/www.swisssem.ch\/de\/","name":"swisssem saatgut schweiz","description":"","publisher":{"@id":"https:\/\/www.swisssem.ch\/de\/#organization"},"potentialAction":[{"@type":"SearchAction","target":{"@type":"EntryPoint","urlTemplate":"https:\/\/www.swisssem.ch\/de\/?s={search_term_string}"},"query-input":{"@type":"PropertyValueSpecification","valueRequired":true,"valueName":"search_term_string"}}],"inLanguage":"de"},{"@type":"Organization","@id":"https:\/\/www.swisssem.ch\/de\/#organization","name":"swisssem saatgut schweiz","url":"https:\/\/www.swisssem.ch\/de\/","logo":{"@type":"ImageObject","inLanguage":"de","@id":"https:\/\/www.swisssem.ch\/de\/#\/schema\/logo\/image\/","url":"https:\/\/www.swisssem.ch\/wp-content\/uploads\/2020\/03\/Logo_swisssem_RGB-1.jpg","contentUrl":"https:\/\/www.swisssem.ch\/wp-content\/uploads\/2020\/03\/Logo_swisssem_RGB-1.jpg","width":1684,"height":430,"caption":"swisssem saatgut schweiz"},"image":{"@id":"https:\/\/www.swisssem.ch\/de\/#\/schema\/logo\/image\/"}}]}},"_links":{"self":[{"href":"https:\/\/www.swisssem.ch\/de\/wp-json\/wp\/v2\/pages\/1663","targetHints":{"allow":["GET"]}}],"collection":[{"href":"https:\/\/www.swisssem.ch\/de\/wp-json\/wp\/v2\/pages"}],"about":[{"href":"https:\/\/www.swisssem.ch\/de\/wp-json\/wp\/v2\/types\/page"}],"author":[{"embeddable":true,"href":"https:\/\/www.swisssem.ch\/de\/wp-json\/wp\/v2\/users\/7"}],"replies":[{"embeddable":true,"href":"https:\/\/www.swisssem.ch\/de\/wp-json\/wp\/v2\/comments?post=1663"}],"version-history":[{"count":234,"href":"https:\/\/www.swisssem.ch\/de\/wp-json\/wp\/v2\/pages\/1663\/revisions"}],"predecessor-version":[{"id":12632,"href":"https:\/\/www.swisssem.ch\/de\/wp-json\/wp\/v2\/pages\/1663\/revisions\/12632"}],"up":[{"embeddable":true,"href":"https:\/\/www.swisssem.ch\/de\/wp-json\/wp\/v2\/pages\/1631"}],"wp:attachment":[{"href":"https:\/\/www.swisssem.ch\/de\/wp-json\/wp\/v2\/media?parent=1663"}],"curies":[{"name":"wp","href":"https:\/\/api.w.org\/{rel}","templated":true}]}}