{"id":11304,"date":"2024-02-06T17:28:02","date_gmt":"2024-02-06T16:28:02","guid":{"rendered":"https:\/\/www.swisssem.ch\/?page_id=11304"},"modified":"2024-02-06T17:28:03","modified_gmt":"2024-02-06T16:28:03","slug":"aktualitaeten-ernte-2023","status":"publish","type":"page","link":"https:\/\/www.swisssem.ch\/de\/mitgliederbereich\/archiv_newsletter\/newsletter-februar-2024\/aktualitaeten-ernte-2023\/","title":{"rendered":"Aktualit\u00e4ten Ernte 2023"},"content":{"rendered":"\n<h2 class=\"wp-block-heading\">Pflanzkartoffeln<\/h2>\n\n\n\n<p>Seit 2020 nehmen die Vermehrungsfl\u00e4chen f\u00fcr <strong>Pflanzkartoffeln<\/strong> ab, zuerst langsam und nun beschleunigt. Die Ursachen sind, wie immer, vielf\u00e4ltig. Aber es gibt dennoch eine tiefere Ursache, die wir nicht ignorieren k\u00f6nnen. Das Klima ver\u00e4ndert sich.<br>Die grossen Wetterschwankungen stellen den Anbau von Pflanzkartoffeln zunehmend vor Probleme.<br>Im Jahr 2023 waren die gr\u00f6ssten Schwierigkeiten die zu feuchten Bedingungen im Fr\u00fchjahr, die den Pflanztermin stark verz\u00f6gerten. Ausserdem beg\u00fcnstigt die Hitze Blattl\u00e4use, die Virosen verbreiten. Infolgedessen sinkt der in der Schweiz produzierte und verkaufte Anteil, w\u00e4hrend die Importe ansteigen. Die Abfolge von schwierigen Jahren entmutigt die Pflanzgutproduzenten. Die Referenzfl\u00e4che von 1540 ha wird nicht erreicht. Die angek\u00fcndigten Fl\u00e4chen f\u00fcr die Vermehrung von Pflanzgut werden im n\u00e4chsten Wirtschaftsjahr unter 1400 ha liegen.<br><\/p>\n\n\n\n<p><\/p>\n\n\n\n<!-- downloads component -->\n\t<ul class=\"downloads\">\n\t\t\t\t\t<li>\n\t\t\t\t<figure>\n\t\t\t\t\t<img decoding=\"async\" src=\"https:\/\/www.swisssem.ch\/wp-content\/uploads\/2024\/02\/Actualit\u00e9s-de-la-r\u00e9colte-PDT-Aktualit\u00e4ten-E2023-pdf.jpg\" alt=\"Actualit\u00e9s de la r\u00e9colte PDT -Aktualit\u00e4ten E2023\">\n\t\t\t\t<\/figure>\n\t\t\t\t<h4>Graphiken Ernte 2023 <\/h4>\n\t\t\t\t\t\t\t\t<div class=\"download-actions\">\n\t\t\t\t\t<a href=\"https:\/\/www.swisssem.ch\/wp-content\/uploads\/2024\/02\/Actualit\u00e9s-de-la-r\u00e9colte-PDT-Aktualit\u00e4ten-E2023.pdf\" download class=\"download\">\n\t\t\t\t\t\t<svg xmlns=\"http:\/\/www.w3.org\/2000\/svg\" data-name=\"Ebene 1\" viewBox=\"0 0 23.06 21.64\">\n\t\t\t\t\t\t\t<g stroke=\"#000\" data-name=\"Ebene 1-2\">\n\t\t\t\t\t\t\t\t<path fill=\"none\" stroke-width=\"2\" d=\"M2.29 11.86v8.78h18.46v-8.78\"\/>\n\t\t\t\t\t\t\t\t<path stroke-width=\".25\" d=\"M12.38.13h-1.73v13.41L5.08 7.91l-1.2 1.14 7.65 7.68 7.63-7.68-1.21-1.14-5.57 5.63V.13z\"\/>\n\t\t\t\t\t\t\t<\/g>\n\t\t\t\t\t\t<\/svg>\n\t\t\t\t\t<\/a>\n\t\t\t\t\t<a href=\"https:\/\/www.swisssem.ch\/wp-content\/uploads\/2024\/02\/Actualit\u00e9s-de-la-r\u00e9colte-PDT-Aktualit\u00e4ten-E2023.pdf\" target=\"_blank\" rel=\"nofollow\" class=\"expand\">\n\t\t\t\t\t\t<svg xmlns=\"http:\/\/www.w3.org\/2000\/svg\" data-name=\"Ebene 1\" viewBox=\"0 0 23 20\">\n\t\t\t\t\t\t\t<g fill=\"none\" stroke=\"#000\" stroke-width=\".89999998\" data-name=\"Ebene 1-2\">\n\t\t\t\t\t\t\t\t<path d=\"M9.48 13.48l-.55-.57-4.65 4.65.01-3.69-.77-.01-.02 5.03 5.04-.01-.01-.78-3.7.03 4.65-4.65zM13.54 13.48l.58-.57 4.65 4.65-.02-3.69.77-.01.02 5.03-5.05-.01.03-.78 3.68.03-4.66-4.65zM9.48 8.18l-.55.56-4.65-4.65.01 3.69-.77.02-.02-5.04 5.04.02-.01.77-3.7-.02 4.65 4.65zM13.54 8.18l.58.56 4.65-4.65-.02 3.69.77.02.02-5.04-5.05.02.03.77 3.68-.02-4.66 4.65z\"\/>\n\t\t\t\t\t\t\t<\/g>\n\t\t\t\t\t\t<\/svg>\n\t\t\t\t\t<\/a>\n\t\t\t\t<\/div>\n\t\t\t\t\n\t\t\t<\/li>\n\t\t\t<\/ul>\n\n<!-- end of downloads component -->\n\n\n\n\n<!-- downloads component -->\n\t<ul class=\"downloads\">\n\t\t\t<\/ul>\n\n<!-- end of downloads component -->\n\n\n\n\n<h2 class=\"wp-block-heading\">Saatgetreide<\/h2>\n\n\n\n<p>Das Ergebnis der <strong>Getreideverk\u00e4ufe zum 30.&nbsp;November<\/strong> war entt\u00e4uschend. Eine Differenz zwischen November 2022 und November 2023 von -7,4%, \u00fcbertrifft die Bef\u00fcrchtungen bei weitem. Die Tatsache, dass eine nicht unerhebliche Fl\u00e4che an Zuckerr\u00fcben zu diesem Zeitpunkt noch nicht geerntet war, k\u00f6nnte einen Teil dieses Ergebnisses erkl\u00e4ren. Andere Gr\u00fcnde, wie die Zunahme der Biodiversit\u00e4tsf\u00f6rderfl\u00e4chen oder die Aussaat in weiten Reihen, k\u00f6nnten ebenfalls eine Rolle spielen. Ohne die tats\u00e4chliche Entwicklung dieser Fl\u00e4chen zu kennen, ist es jedoch noch zu fr\u00fch, um Schlussfolgerungen zu ziehen.<br>Futtergetreide musste mit einem R\u00fcckgang von rund 1000 t den schwersten Verlust hinnehmen. Mit einem Verkaufsr\u00fcckgang von fast 700 t ging Gerste am st\u00e4rksten zur\u00fcck. \u00dcberraschenderweise ist auch der Bio-Getreidesektor sehr stark vom Verkaufsr\u00fcckgang betroffen. Bei diesem Label betrug der R\u00fcckgang 419 Tonnen. Er sinkt damit von 12.9% der Verk\u00e4ufe im Jahr 2022 auf 12% im Herbst 2023 (Brot- und Futtergetreide). Die Verk\u00e4ufe von ungebeiztem \u00d6LN-Getreide (2864 t) haben in dieser Kampagne das Bio-Getreide (2573 t) \u00fcbertroffen.<\/p>\n\n\n\n<!-- downloads component -->\n\t<ul class=\"downloads\">\n\t\t\t\t\t<li>\n\t\t\t\t<figure>\n\t\t\t\t\t<img decoding=\"async\" src=\"https:\/\/www.swisssem.ch\/wp-content\/uploads\/2024\/02\/Actualit\u00e9s-de-la-r\u00e9colte-Aktualit\u00e4ten-E2023-SG-pdf.jpg\" alt=\"Actualit\u00e9s de la r\u00e9colte -Aktualit\u00e4ten E2023 SG\">\n\t\t\t\t<\/figure>\n\t\t\t\t<h4>Saatgetreideverkauf E 2023<\/h4>\n\t\t\t\t\t\t\t\t<div class=\"download-actions\">\n\t\t\t\t\t<a href=\"https:\/\/www.swisssem.ch\/wp-content\/uploads\/2024\/02\/Actualit\u00e9s-de-la-r\u00e9colte-Aktualit\u00e4ten-E2023-SG.pdf\" download class=\"download\">\n\t\t\t\t\t\t<svg xmlns=\"http:\/\/www.w3.org\/2000\/svg\" data-name=\"Ebene 1\" viewBox=\"0 0 23.06 21.64\">\n\t\t\t\t\t\t\t<g stroke=\"#000\" data-name=\"Ebene 1-2\">\n\t\t\t\t\t\t\t\t<path fill=\"none\" stroke-width=\"2\" d=\"M2.29 11.86v8.78h18.46v-8.78\"\/>\n\t\t\t\t\t\t\t\t<path stroke-width=\".25\" d=\"M12.38.13h-1.73v13.41L5.08 7.91l-1.2 1.14 7.65 7.68 7.63-7.68-1.21-1.14-5.57 5.63V.13z\"\/>\n\t\t\t\t\t\t\t<\/g>\n\t\t\t\t\t\t<\/svg>\n\t\t\t\t\t<\/a>\n\t\t\t\t\t<a href=\"https:\/\/www.swisssem.ch\/wp-content\/uploads\/2024\/02\/Actualit\u00e9s-de-la-r\u00e9colte-Aktualit\u00e4ten-E2023-SG.pdf\" target=\"_blank\" rel=\"nofollow\" class=\"expand\">\n\t\t\t\t\t\t<svg xmlns=\"http:\/\/www.w3.org\/2000\/svg\" data-name=\"Ebene 1\" viewBox=\"0 0 23 20\">\n\t\t\t\t\t\t\t<g fill=\"none\" stroke=\"#000\" stroke-width=\".89999998\" data-name=\"Ebene 1-2\">\n\t\t\t\t\t\t\t\t<path d=\"M9.48 13.48l-.55-.57-4.65 4.65.01-3.69-.77-.01-.02 5.03 5.04-.01-.01-.78-3.7.03 4.65-4.65zM13.54 13.48l.58-.57 4.65 4.65-.02-3.69.77-.01.02 5.03-5.05-.01.03-.78 3.68.03-4.66-4.65zM9.48 8.18l-.55.56-4.65-4.65.01 3.69-.77.02-.02-5.04 5.04.02-.01.77-3.7-.02 4.65 4.65zM13.54 8.18l.58.56 4.65-4.65-.02 3.69.77.02.02-5.04-5.05.02.03.77 3.68-.02-4.66 4.65z\"\/>\n\t\t\t\t\t\t\t<\/g>\n\t\t\t\t\t\t<\/svg>\n\t\t\t\t\t<\/a>\n\t\t\t\t<\/div>\n\t\t\t\t\n\t\t\t<\/li>\n\t\t\t<\/ul>\n\n<!-- end of downloads component -->\n\n\n\n\n<h2 class=\"wp-block-heading\">Andere Kulturen<\/h2>\n\n\n\n<p>Der sp\u00e4te Fr\u00fchling und der trockene Sommer wirkten sich unterschiedlich auf die anderen Kulturen aus. <br>Die <strong>Futterpflanzen<\/strong> (Klee und Gr\u00e4ser) erlitten nur geringe Verluste. Die geernteten Mengen und Qualit\u00e4ten scheinen zufriedenstellend bis gut zu sein.<br>Die Ertr\u00e4ge der <strong>Eiweisspflanzen<\/strong> entsprachen nicht den Erwartungen. W\u00e4hrend die Nachfrage stieg, konnte die Saatgutproduktion von \u00d6l- und Eiweisspflanzen kaum Schritt halten. Nach Jahren grosser hitzebedingten Schwierigkeiten bei <strong>Mais<\/strong>waren die Ergebnisse in diesem Jahr besser. Dennoch liegen sie mit 26 dt\/ha unter den erwarteten Ertr\u00e4gen (30 dt\/ha).<\/p>\n","protected":false},"excerpt":{"rendered":"<p>Pflanzkartoffeln Seit 2020 nehmen die Vermehrungsfl\u00e4chen f\u00fcr Pflanzkartoffeln ab, zuerst langsam und nun beschleunigt. Die Ursachen sind, wie immer, vielf\u00e4ltig. Aber es gibt dennoch eine tiefere Ursache, die wir nicht ignorieren k\u00f6nnen. Das Klima ver\u00e4ndert sich.Die grossen Wetterschwankungen stellen den Anbau von Pflanzkartoffeln zunehmend vor Probleme.Im Jahr 2023 waren die gr\u00f6ssten Schwierigkeiten die zu feuchten [&hellip;]<\/p>\n","protected":false},"author":6,"featured_media":0,"parent":11154,"menu_order":31,"comment_status":"closed","ping_status":"closed","template":"","meta":{"_acf_changed":false,"footnotes":""},"class_list":["post-11304","page","type-page","status-publish","hentry"],"acf":[],"yoast_head":"<!-- This site is optimized with the Yoast SEO plugin v27.1.1 - https:\/\/yoast.com\/product\/yoast-seo-wordpress\/ -->\n<title>Aktualit\u00e4ten Ernte 2023 - swisssem saatgut schweiz<\/title>\n<meta name=\"robots\" content=\"index, follow, max-snippet:-1, max-image-preview:large, max-video-preview:-1\" \/>\n<link rel=\"canonical\" href=\"https:\/\/www.swisssem.ch\/de\/mitgliederbereich\/archiv_newsletter\/newsletter-februar-2024\/aktualitaeten-ernte-2023\/\" \/>\n<meta property=\"og:locale\" content=\"de_DE\" \/>\n<meta property=\"og:type\" content=\"article\" \/>\n<meta property=\"og:title\" content=\"Aktualit\u00e4ten Ernte 2023 - swisssem saatgut schweiz\" \/>\n<meta property=\"og:description\" content=\"Pflanzkartoffeln Seit 2020 nehmen die Vermehrungsfl\u00e4chen f\u00fcr Pflanzkartoffeln ab, zuerst langsam und nun beschleunigt. Die Ursachen sind, wie immer, vielf\u00e4ltig. Aber es gibt dennoch eine tiefere Ursache, die wir nicht ignorieren k\u00f6nnen. Das Klima ver\u00e4ndert sich.Die grossen Wetterschwankungen stellen den Anbau von Pflanzkartoffeln zunehmend vor Probleme.Im Jahr 2023 waren die gr\u00f6ssten Schwierigkeiten die zu feuchten [&hellip;]\" \/>\n<meta property=\"og:url\" content=\"https:\/\/www.swisssem.ch\/de\/mitgliederbereich\/archiv_newsletter\/newsletter-februar-2024\/aktualitaeten-ernte-2023\/\" \/>\n<meta property=\"og:site_name\" content=\"swisssem saatgut schweiz\" \/>\n<meta property=\"article:modified_time\" content=\"2024-02-06T16:28:03+00:00\" \/>\n<meta name=\"twitter:card\" content=\"summary_large_image\" \/>\n<meta name=\"twitter:label1\" content=\"Gesch\u00e4tzte Lesezeit\" \/>\n\t<meta name=\"twitter:data1\" content=\"2\u00a0Minuten\" \/>\n<script type=\"application\/ld+json\" class=\"yoast-schema-graph\">{\"@context\":\"https:\/\/schema.org\",\"@graph\":[{\"@type\":\"WebPage\",\"@id\":\"https:\/\/www.swisssem.ch\/de\/mitgliederbereich\/archiv_newsletter\/newsletter-februar-2024\/aktualitaeten-ernte-2023\/\",\"url\":\"https:\/\/www.swisssem.ch\/de\/mitgliederbereich\/archiv_newsletter\/newsletter-februar-2024\/aktualitaeten-ernte-2023\/\",\"name\":\"Aktualit\u00e4ten Ernte 2023 - swisssem saatgut schweiz\",\"isPartOf\":{\"@id\":\"https:\/\/www.swisssem.ch\/de\/#website\"},\"datePublished\":\"2024-02-06T16:28:02+00:00\",\"dateModified\":\"2024-02-06T16:28:03+00:00\",\"breadcrumb\":{\"@id\":\"https:\/\/www.swisssem.ch\/de\/mitgliederbereich\/archiv_newsletter\/newsletter-februar-2024\/aktualitaeten-ernte-2023\/#breadcrumb\"},\"inLanguage\":\"de\",\"potentialAction\":[{\"@type\":\"ReadAction\",\"target\":[\"https:\/\/www.swisssem.ch\/de\/mitgliederbereich\/archiv_newsletter\/newsletter-februar-2024\/aktualitaeten-ernte-2023\/\"]}]},{\"@type\":\"BreadcrumbList\",\"@id\":\"https:\/\/www.swisssem.ch\/de\/mitgliederbereich\/archiv_newsletter\/newsletter-februar-2024\/aktualitaeten-ernte-2023\/#breadcrumb\",\"itemListElement\":[{\"@type\":\"ListItem\",\"position\":1,\"name\":\"Home\",\"item\":\"https:\/\/www.swisssem.ch\/de\/\"},{\"@type\":\"ListItem\",\"position\":2,\"name\":\"Mitgliederbereich\",\"item\":\"https:\/\/www.swisssem.ch\/de\/mitgliederbereich\/\"},{\"@type\":\"ListItem\",\"position\":3,\"name\":\"Newsletters\",\"item\":\"https:\/\/www.swisssem.ch\/de\/mitgliederbereich\/archiv_newsletter\/\"},{\"@type\":\"ListItem\",\"position\":4,\"name\":\"Newsletter Februar 2024\",\"item\":\"https:\/\/www.swisssem.ch\/de\/mitgliederbereich\/archiv_newsletter\/newsletter-februar-2024\/\"},{\"@type\":\"ListItem\",\"position\":5,\"name\":\"Aktualit\u00e4ten Ernte 2023\"}]},{\"@type\":\"WebSite\",\"@id\":\"https:\/\/www.swisssem.ch\/de\/#website\",\"url\":\"https:\/\/www.swisssem.ch\/de\/\",\"name\":\"swisssem saatgut schweiz\",\"description\":\"\",\"publisher\":{\"@id\":\"https:\/\/www.swisssem.ch\/de\/#organization\"},\"potentialAction\":[{\"@type\":\"SearchAction\",\"target\":{\"@type\":\"EntryPoint\",\"urlTemplate\":\"https:\/\/www.swisssem.ch\/de\/?s={search_term_string}\"},\"query-input\":{\"@type\":\"PropertyValueSpecification\",\"valueRequired\":true,\"valueName\":\"search_term_string\"}}],\"inLanguage\":\"de\"},{\"@type\":\"Organization\",\"@id\":\"https:\/\/www.swisssem.ch\/de\/#organization\",\"name\":\"swisssem saatgut schweiz\",\"url\":\"https:\/\/www.swisssem.ch\/de\/\",\"logo\":{\"@type\":\"ImageObject\",\"inLanguage\":\"de\",\"@id\":\"https:\/\/www.swisssem.ch\/de\/#\/schema\/logo\/image\/\",\"url\":\"https:\/\/www.swisssem.ch\/wp-content\/uploads\/2020\/03\/Logo_swisssem_RGB-1.jpg\",\"contentUrl\":\"https:\/\/www.swisssem.ch\/wp-content\/uploads\/2020\/03\/Logo_swisssem_RGB-1.jpg\",\"width\":1684,\"height\":430,\"caption\":\"swisssem saatgut schweiz\"},\"image\":{\"@id\":\"https:\/\/www.swisssem.ch\/de\/#\/schema\/logo\/image\/\"}}]}<\/script>\n<!-- \/ Yoast SEO plugin. -->","yoast_head_json":{"title":"Aktualit\u00e4ten Ernte 2023 - swisssem saatgut schweiz","robots":{"index":"index","follow":"follow","max-snippet":"max-snippet:-1","max-image-preview":"max-image-preview:large","max-video-preview":"max-video-preview:-1"},"canonical":"https:\/\/www.swisssem.ch\/de\/mitgliederbereich\/archiv_newsletter\/newsletter-februar-2024\/aktualitaeten-ernte-2023\/","og_locale":"de_DE","og_type":"article","og_title":"Aktualit\u00e4ten Ernte 2023 - swisssem saatgut schweiz","og_description":"Pflanzkartoffeln Seit 2020 nehmen die Vermehrungsfl\u00e4chen f\u00fcr Pflanzkartoffeln ab, zuerst langsam und nun beschleunigt. Die Ursachen sind, wie immer, vielf\u00e4ltig. Aber es gibt dennoch eine tiefere Ursache, die wir nicht ignorieren k\u00f6nnen. Das Klima ver\u00e4ndert sich.Die grossen Wetterschwankungen stellen den Anbau von Pflanzkartoffeln zunehmend vor Probleme.Im Jahr 2023 waren die gr\u00f6ssten Schwierigkeiten die zu feuchten [&hellip;]","og_url":"https:\/\/www.swisssem.ch\/de\/mitgliederbereich\/archiv_newsletter\/newsletter-februar-2024\/aktualitaeten-ernte-2023\/","og_site_name":"swisssem saatgut schweiz","article_modified_time":"2024-02-06T16:28:03+00:00","twitter_card":"summary_large_image","twitter_misc":{"Gesch\u00e4tzte Lesezeit":"2\u00a0Minuten"},"schema":{"@context":"https:\/\/schema.org","@graph":[{"@type":"WebPage","@id":"https:\/\/www.swisssem.ch\/de\/mitgliederbereich\/archiv_newsletter\/newsletter-februar-2024\/aktualitaeten-ernte-2023\/","url":"https:\/\/www.swisssem.ch\/de\/mitgliederbereich\/archiv_newsletter\/newsletter-februar-2024\/aktualitaeten-ernte-2023\/","name":"Aktualit\u00e4ten Ernte 2023 - swisssem saatgut schweiz","isPartOf":{"@id":"https:\/\/www.swisssem.ch\/de\/#website"},"datePublished":"2024-02-06T16:28:02+00:00","dateModified":"2024-02-06T16:28:03+00:00","breadcrumb":{"@id":"https:\/\/www.swisssem.ch\/de\/mitgliederbereich\/archiv_newsletter\/newsletter-februar-2024\/aktualitaeten-ernte-2023\/#breadcrumb"},"inLanguage":"de","potentialAction":[{"@type":"ReadAction","target":["https:\/\/www.swisssem.ch\/de\/mitgliederbereich\/archiv_newsletter\/newsletter-februar-2024\/aktualitaeten-ernte-2023\/"]}]},{"@type":"BreadcrumbList","@id":"https:\/\/www.swisssem.ch\/de\/mitgliederbereich\/archiv_newsletter\/newsletter-februar-2024\/aktualitaeten-ernte-2023\/#breadcrumb","itemListElement":[{"@type":"ListItem","position":1,"name":"Home","item":"https:\/\/www.swisssem.ch\/de\/"},{"@type":"ListItem","position":2,"name":"Mitgliederbereich","item":"https:\/\/www.swisssem.ch\/de\/mitgliederbereich\/"},{"@type":"ListItem","position":3,"name":"Newsletters","item":"https:\/\/www.swisssem.ch\/de\/mitgliederbereich\/archiv_newsletter\/"},{"@type":"ListItem","position":4,"name":"Newsletter Februar 2024","item":"https:\/\/www.swisssem.ch\/de\/mitgliederbereich\/archiv_newsletter\/newsletter-februar-2024\/"},{"@type":"ListItem","position":5,"name":"Aktualit\u00e4ten Ernte 2023"}]},{"@type":"WebSite","@id":"https:\/\/www.swisssem.ch\/de\/#website","url":"https:\/\/www.swisssem.ch\/de\/","name":"swisssem saatgut schweiz","description":"","publisher":{"@id":"https:\/\/www.swisssem.ch\/de\/#organization"},"potentialAction":[{"@type":"SearchAction","target":{"@type":"EntryPoint","urlTemplate":"https:\/\/www.swisssem.ch\/de\/?s={search_term_string}"},"query-input":{"@type":"PropertyValueSpecification","valueRequired":true,"valueName":"search_term_string"}}],"inLanguage":"de"},{"@type":"Organization","@id":"https:\/\/www.swisssem.ch\/de\/#organization","name":"swisssem saatgut schweiz","url":"https:\/\/www.swisssem.ch\/de\/","logo":{"@type":"ImageObject","inLanguage":"de","@id":"https:\/\/www.swisssem.ch\/de\/#\/schema\/logo\/image\/","url":"https:\/\/www.swisssem.ch\/wp-content\/uploads\/2020\/03\/Logo_swisssem_RGB-1.jpg","contentUrl":"https:\/\/www.swisssem.ch\/wp-content\/uploads\/2020\/03\/Logo_swisssem_RGB-1.jpg","width":1684,"height":430,"caption":"swisssem saatgut schweiz"},"image":{"@id":"https:\/\/www.swisssem.ch\/de\/#\/schema\/logo\/image\/"}}]}},"_links":{"self":[{"href":"https:\/\/www.swisssem.ch\/de\/wp-json\/wp\/v2\/pages\/11304","targetHints":{"allow":["GET"]}}],"collection":[{"href":"https:\/\/www.swisssem.ch\/de\/wp-json\/wp\/v2\/pages"}],"about":[{"href":"https:\/\/www.swisssem.ch\/de\/wp-json\/wp\/v2\/types\/page"}],"author":[{"embeddable":true,"href":"https:\/\/www.swisssem.ch\/de\/wp-json\/wp\/v2\/users\/6"}],"replies":[{"embeddable":true,"href":"https:\/\/www.swisssem.ch\/de\/wp-json\/wp\/v2\/comments?post=11304"}],"version-history":[{"count":8,"href":"https:\/\/www.swisssem.ch\/de\/wp-json\/wp\/v2\/pages\/11304\/revisions"}],"predecessor-version":[{"id":11316,"href":"https:\/\/www.swisssem.ch\/de\/wp-json\/wp\/v2\/pages\/11304\/revisions\/11316"}],"up":[{"embeddable":true,"href":"https:\/\/www.swisssem.ch\/de\/wp-json\/wp\/v2\/pages\/11154"}],"wp:attachment":[{"href":"https:\/\/www.swisssem.ch\/de\/wp-json\/wp\/v2\/media?parent=11304"}],"curies":[{"name":"wp","href":"https:\/\/api.w.org\/{rel}","templated":true}]}}