{"id":11154,"date":"2024-02-06T11:11:04","date_gmt":"2024-02-06T10:11:04","guid":{"rendered":"https:\/\/www.swisssem.ch\/?page_id=11154"},"modified":"2024-02-07T09:42:41","modified_gmt":"2024-02-07T08:42:41","slug":"newsletter-februar-2024","status":"publish","type":"page","link":"https:\/\/www.swisssem.ch\/de\/mitgliederbereich\/archiv_newsletter\/newsletter-februar-2024\/","title":{"rendered":"Newsletter Februar 2024"},"content":{"rendered":"\n<h2 class=\"wp-block-heading\">Delegiertenversammlung &#8211; 31.01.2024<\/h2>\n\n\n\n<p>Die Delegierten trafen sich am 31. Januar in Murten zur 102. Versammlung des Schweizerischen Saatgutproduzenten-Verbandes.<\/p>\n\n\n\n<div class=\"wp-block-columns is-layout-flex wp-container-core-columns-is-layout-9d6595d7 wp-block-columns-is-layout-flex\">\n<div class=\"wp-block-column is-layout-flow wp-block-column-is-layout-flow\" style=\"flex-basis:33.33%\">\n<figure class=\"wp-block-image size-large is-resized\"><img loading=\"lazy\" decoding=\"async\" src=\"https:\/\/www.swisssem.ch\/wp-content\/uploads\/2024\/02\/lukas-1.jpg\" alt=\"\" class=\"wp-image-11258\" width=\"153\" height=\"178\" srcset=\"https:\/\/www.swisssem.ch\/wp-content\/uploads\/2024\/02\/lukas-1.jpg 790w, https:\/\/www.swisssem.ch\/wp-content\/uploads\/2024\/02\/lukas-1-258x300.jpg 258w, https:\/\/www.swisssem.ch\/wp-content\/uploads\/2024\/02\/lukas-1-768x893.jpg 768w\" sizes=\"auto, (max-width: 153px) 100vw, 153px\" \/><figcaption>Lukas de Rougemont,<br>Pr\u00e4sident von swisssem<\/figcaption><\/figure>\n<\/div>\n\n\n\n<div class=\"wp-block-column is-layout-flow wp-block-column-is-layout-flow\" style=\"flex-basis:66.66%\">\n<p>In seiner <strong><a href=\"https:\/\/www.swisssem.ch\/de\/mitgliederbereich\/archiv_newsletter\/newsletter-februar-2024\/eroeffnungsrede-2024\/\">Er\u00f6ffnungsrede <\/a><\/strong>dr\u00fcckte Pr\u00e4sident Lukas de Rougemont seine Besorgnis \u00fcber die Herausforderungen aus, denen sich die Saat- und Pflanzgutproduzenten gegen\u00fcbersehen. Er betonte die Schwierigkeit, den Schweizer Markt mit Pflanzkartoffeln zu versorgen.<br>swisssem strebt die Schaffung bestm\u00f6glicher Rahmenbedingungen f\u00fcr seine Mitglieder an, damit auch in Zukunft eine wirtschaftliche Saat- und Pflanzgutproduktion gew\u00e4hrleistet ist. Dazu braucht es laut dem Pr\u00e4sidenten eine verl\u00e4ssliche Agrarpolitik, die nicht nur einseitig und ideologisch getrieben die Extensivierung f\u00f6rdert, sondern, die sich dem Stellenwert des Pflanzenbaus und speziell des Ackerbaus f\u00fcr die ganze Ern\u00e4hrungswirtschaft wieder bewusst wird und ihre Verantwortung wahrnimmt.<br><a href=\"https:\/\/www.swisssem.ch\/de\/mitgliederbereich\/archiv_newsletter\/newsletter-februar-2024\/eroeffnungsrede-2024\/\"><strong>Mehr lesen<\/strong><\/a><\/p>\n<\/div>\n<\/div>\n\n\n\n<p><\/p>\n\n\n\n<h2 class=\"wp-block-heading\">Aktualit\u00e4ten Ernte 2023<\/h2>\n\n\n\n<div class=\"wp-block-columns is-layout-flex wp-container-core-columns-is-layout-9d6595d7 wp-block-columns-is-layout-flex\">\n<div class=\"wp-block-column is-layout-flow wp-block-column-is-layout-flow\" style=\"flex-basis:33.33%\">\n<figure class=\"wp-block-image size-large is-resized\"><img loading=\"lazy\" decoding=\"async\" src=\"https:\/\/www.swisssem.ch\/wp-content\/uploads\/2024\/02\/ruf-1-689x1024.jpg\" alt=\"\" class=\"wp-image-11254\" width=\"130\" height=\"192\" srcset=\"https:\/\/www.swisssem.ch\/wp-content\/uploads\/2024\/02\/ruf-1-689x1024.jpg 689w, https:\/\/www.swisssem.ch\/wp-content\/uploads\/2024\/02\/ruf-1-202x300.jpg 202w, https:\/\/www.swisssem.ch\/wp-content\/uploads\/2024\/02\/ruf-1.jpg 699w\" sizes=\"auto, (max-width: 130px) 100vw, 130px\" \/><figcaption>Christof R\u00fcfenacht,<br>Gesch\u00e4ftsf\u00fchrer<\/figcaption><\/figure>\n<\/div>\n\n\n\n<div class=\"wp-block-column is-layout-flow wp-block-column-is-layout-flow\" style=\"flex-basis:66.66%\">\n<p>Der <strong>Gesch\u00e4ftsf\u00fchrer, Christof R\u00fcfenacht<\/strong>, best\u00e4tigte die alarmierenden Worte des Pr\u00e4sidenten. Seit 2020 nehmen die Vermehrungsfl\u00e4chen f\u00fcr Pflanzkartoffeln ab, zuerst langsam und nun beschleunigt. Die Ursachen sind, wie immer, vielf\u00e4ltig. Aber es gibt dennoch eine tiefere Ursache, die wir nicht ignorieren k\u00f6nnen. Das Klima ver\u00e4ndert sich.<br>Der Gesch\u00e4ftsf\u00fchrer gab einige Informationen \u00fcber den aktuellen Stand der Ernte 2023. <br><a href=\"https:\/\/www.swisssem.ch\/de\/mitgliederbereich\/archiv_newsletter\/newsletter-februar-2024\/aktualitaeten-ernte-2023\/\">Mehr lesen<\/a><\/p>\n<\/div>\n<\/div>\n\n\n\n<h2 class=\"wp-block-heading\">Informationen DSP AG<\/h2>\n\n\n\n<div class=\"wp-block-columns is-layout-flex wp-container-core-columns-is-layout-9d6595d7 wp-block-columns-is-layout-flex\">\n<div class=\"wp-block-column is-layout-flow wp-block-column-is-layout-flow\" style=\"flex-basis:33.33%\">\n<div class=\"wp-block-image\"><figure class=\"alignleft size-large is-resized\"><img loading=\"lazy\" decoding=\"async\" src=\"https:\/\/www.swisssem.ch\/wp-content\/uploads\/2024\/02\/Ochsenbein_2024-1007x1024.jpg\" alt=\"\" class=\"wp-image-11256\" width=\"168\" height=\"171\" srcset=\"https:\/\/www.swisssem.ch\/wp-content\/uploads\/2024\/02\/Ochsenbein_2024-1007x1024.jpg 1007w, https:\/\/www.swisssem.ch\/wp-content\/uploads\/2024\/02\/Ochsenbein_2024-295x300.jpg 295w, https:\/\/www.swisssem.ch\/wp-content\/uploads\/2024\/02\/Ochsenbein_2024-768x781.jpg 768w, https:\/\/www.swisssem.ch\/wp-content\/uploads\/2024\/02\/Ochsenbein_2024-1510x1536.jpg 1510w, https:\/\/www.swisssem.ch\/wp-content\/uploads\/2024\/02\/Ochsenbein_2024-2013x2048.jpg 2013w\" sizes=\"auto, (max-width: 168px) 100vw, 168px\" \/><figcaption>Christian Ochsenbein,<br>Vorsitzender der GL DSP AG<\/figcaption><\/figure><\/div>\n<\/div>\n\n\n\n<div class=\"wp-block-column is-layout-flow wp-block-column-is-layout-flow\" style=\"flex-basis:66.66%\">\n<p><strong>Christian Ochsenbein, <\/strong>Vorsitzender der Gesch\u00e4ftsleitung der DSP AG, erl\u00e4uterte den Stand der Arbeiten zur Erneuerung und Erweiterung der Infrastruktur<strong>. Am Samstag, den 8. Juni 2024, wird ein Tag der offenen T\u00fcr stattfinden<\/strong>, um die neuen Geb\u00e4ude einzuweihen und das 30-j\u00e4hrige Bestehen der DSP SA zu feiern. Weitere Informationen zu dieser Veranstaltung finden Sie zu gegebener Zeit auf <a href=\"http:\/\/www.dsp-delley.ch\">www.dsp-delley.ch<\/a>.<\/p>\n<\/div>\n<\/div>\n\n\n\n<p><\/p>\n","protected":false},"excerpt":{"rendered":"<p>Delegiertenversammlung &#8211; 31.01.2024 Die Delegierten trafen sich am 31. Januar in Murten zur 102. Versammlung des Schweizerischen Saatgutproduzenten-Verbandes. In seiner Er\u00f6ffnungsrede dr\u00fcckte Pr\u00e4sident Lukas de Rougemont seine Besorgnis \u00fcber die Herausforderungen aus, denen sich die Saat- und Pflanzgutproduzenten gegen\u00fcbersehen. Er betonte die Schwierigkeit, den Schweizer Markt mit Pflanzkartoffeln zu versorgen.swisssem strebt die Schaffung bestm\u00f6glicher Rahmenbedingungen [&hellip;]<\/p>\n","protected":false},"author":6,"featured_media":0,"parent":1895,"menu_order":29,"comment_status":"closed","ping_status":"closed","template":"","meta":{"_acf_changed":false,"footnotes":""},"class_list":["post-11154","page","type-page","status-publish","hentry"],"acf":[],"yoast_head":"<!-- This site is optimized with the Yoast SEO plugin v27.1.1 - https:\/\/yoast.com\/product\/yoast-seo-wordpress\/ -->\n<title>Newsletter Februar 2024 - swisssem saatgut schweiz<\/title>\n<meta name=\"robots\" content=\"index, follow, max-snippet:-1, max-image-preview:large, max-video-preview:-1\" \/>\n<link rel=\"canonical\" href=\"https:\/\/www.swisssem.ch\/de\/mitgliederbereich\/archiv_newsletter\/newsletter-februar-2024\/\" \/>\n<meta property=\"og:locale\" content=\"de_DE\" \/>\n<meta property=\"og:type\" content=\"article\" \/>\n<meta property=\"og:title\" content=\"Newsletter Februar 2024 - swisssem saatgut schweiz\" \/>\n<meta property=\"og:description\" content=\"Delegiertenversammlung &#8211; 31.01.2024 Die Delegierten trafen sich am 31. Januar in Murten zur 102. Versammlung des Schweizerischen Saatgutproduzenten-Verbandes. In seiner Er\u00f6ffnungsrede dr\u00fcckte Pr\u00e4sident Lukas de Rougemont seine Besorgnis \u00fcber die Herausforderungen aus, denen sich die Saat- und Pflanzgutproduzenten gegen\u00fcbersehen. Er betonte die Schwierigkeit, den Schweizer Markt mit Pflanzkartoffeln zu versorgen.swisssem strebt die Schaffung bestm\u00f6glicher Rahmenbedingungen [&hellip;]\" \/>\n<meta property=\"og:url\" content=\"https:\/\/www.swisssem.ch\/de\/mitgliederbereich\/archiv_newsletter\/newsletter-februar-2024\/\" \/>\n<meta property=\"og:site_name\" content=\"swisssem saatgut schweiz\" \/>\n<meta property=\"article:modified_time\" content=\"2024-02-07T08:42:41+00:00\" \/>\n<meta property=\"og:image\" content=\"https:\/\/www.swisssem.ch\/wp-content\/uploads\/2024\/02\/lukas-1.jpg\" \/>\n<meta name=\"twitter:card\" content=\"summary_large_image\" \/>\n<meta name=\"twitter:label1\" content=\"Gesch\u00e4tzte Lesezeit\" \/>\n\t<meta name=\"twitter:data1\" content=\"1\u00a0Minute\" \/>\n<script type=\"application\/ld+json\" class=\"yoast-schema-graph\">{\"@context\":\"https:\/\/schema.org\",\"@graph\":[{\"@type\":\"WebPage\",\"@id\":\"https:\/\/www.swisssem.ch\/de\/mitgliederbereich\/archiv_newsletter\/newsletter-februar-2024\/\",\"url\":\"https:\/\/www.swisssem.ch\/de\/mitgliederbereich\/archiv_newsletter\/newsletter-februar-2024\/\",\"name\":\"Newsletter Februar 2024 - swisssem saatgut schweiz\",\"isPartOf\":{\"@id\":\"https:\/\/www.swisssem.ch\/de\/#website\"},\"primaryImageOfPage\":{\"@id\":\"https:\/\/www.swisssem.ch\/de\/mitgliederbereich\/archiv_newsletter\/newsletter-februar-2024\/#primaryimage\"},\"image\":{\"@id\":\"https:\/\/www.swisssem.ch\/de\/mitgliederbereich\/archiv_newsletter\/newsletter-februar-2024\/#primaryimage\"},\"thumbnailUrl\":\"https:\/\/www.swisssem.ch\/wp-content\/uploads\/2024\/02\/lukas-1.jpg\",\"datePublished\":\"2024-02-06T10:11:04+00:00\",\"dateModified\":\"2024-02-07T08:42:41+00:00\",\"breadcrumb\":{\"@id\":\"https:\/\/www.swisssem.ch\/de\/mitgliederbereich\/archiv_newsletter\/newsletter-februar-2024\/#breadcrumb\"},\"inLanguage\":\"de\",\"potentialAction\":[{\"@type\":\"ReadAction\",\"target\":[\"https:\/\/www.swisssem.ch\/de\/mitgliederbereich\/archiv_newsletter\/newsletter-februar-2024\/\"]}]},{\"@type\":\"ImageObject\",\"inLanguage\":\"de\",\"@id\":\"https:\/\/www.swisssem.ch\/de\/mitgliederbereich\/archiv_newsletter\/newsletter-februar-2024\/#primaryimage\",\"url\":\"https:\/\/www.swisssem.ch\/wp-content\/uploads\/2024\/02\/lukas-1.jpg\",\"contentUrl\":\"https:\/\/www.swisssem.ch\/wp-content\/uploads\/2024\/02\/lukas-1.jpg\"},{\"@type\":\"BreadcrumbList\",\"@id\":\"https:\/\/www.swisssem.ch\/de\/mitgliederbereich\/archiv_newsletter\/newsletter-februar-2024\/#breadcrumb\",\"itemListElement\":[{\"@type\":\"ListItem\",\"position\":1,\"name\":\"Home\",\"item\":\"https:\/\/www.swisssem.ch\/de\/\"},{\"@type\":\"ListItem\",\"position\":2,\"name\":\"Mitgliederbereich\",\"item\":\"https:\/\/www.swisssem.ch\/de\/mitgliederbereich\/\"},{\"@type\":\"ListItem\",\"position\":3,\"name\":\"Newsletters\",\"item\":\"https:\/\/www.swisssem.ch\/de\/mitgliederbereich\/archiv_newsletter\/\"},{\"@type\":\"ListItem\",\"position\":4,\"name\":\"Newsletter Februar 2024\"}]},{\"@type\":\"WebSite\",\"@id\":\"https:\/\/www.swisssem.ch\/de\/#website\",\"url\":\"https:\/\/www.swisssem.ch\/de\/\",\"name\":\"swisssem saatgut schweiz\",\"description\":\"\",\"publisher\":{\"@id\":\"https:\/\/www.swisssem.ch\/de\/#organization\"},\"potentialAction\":[{\"@type\":\"SearchAction\",\"target\":{\"@type\":\"EntryPoint\",\"urlTemplate\":\"https:\/\/www.swisssem.ch\/de\/?s={search_term_string}\"},\"query-input\":{\"@type\":\"PropertyValueSpecification\",\"valueRequired\":true,\"valueName\":\"search_term_string\"}}],\"inLanguage\":\"de\"},{\"@type\":\"Organization\",\"@id\":\"https:\/\/www.swisssem.ch\/de\/#organization\",\"name\":\"swisssem saatgut schweiz\",\"url\":\"https:\/\/www.swisssem.ch\/de\/\",\"logo\":{\"@type\":\"ImageObject\",\"inLanguage\":\"de\",\"@id\":\"https:\/\/www.swisssem.ch\/de\/#\/schema\/logo\/image\/\",\"url\":\"https:\/\/www.swisssem.ch\/wp-content\/uploads\/2020\/03\/Logo_swisssem_RGB-1.jpg\",\"contentUrl\":\"https:\/\/www.swisssem.ch\/wp-content\/uploads\/2020\/03\/Logo_swisssem_RGB-1.jpg\",\"width\":1684,\"height\":430,\"caption\":\"swisssem saatgut schweiz\"},\"image\":{\"@id\":\"https:\/\/www.swisssem.ch\/de\/#\/schema\/logo\/image\/\"}}]}<\/script>\n<!-- \/ Yoast SEO plugin. -->","yoast_head_json":{"title":"Newsletter Februar 2024 - swisssem saatgut schweiz","robots":{"index":"index","follow":"follow","max-snippet":"max-snippet:-1","max-image-preview":"max-image-preview:large","max-video-preview":"max-video-preview:-1"},"canonical":"https:\/\/www.swisssem.ch\/de\/mitgliederbereich\/archiv_newsletter\/newsletter-februar-2024\/","og_locale":"de_DE","og_type":"article","og_title":"Newsletter Februar 2024 - swisssem saatgut schweiz","og_description":"Delegiertenversammlung &#8211; 31.01.2024 Die Delegierten trafen sich am 31. Januar in Murten zur 102. Versammlung des Schweizerischen Saatgutproduzenten-Verbandes. In seiner Er\u00f6ffnungsrede dr\u00fcckte Pr\u00e4sident Lukas de Rougemont seine Besorgnis \u00fcber die Herausforderungen aus, denen sich die Saat- und Pflanzgutproduzenten gegen\u00fcbersehen. Er betonte die Schwierigkeit, den Schweizer Markt mit Pflanzkartoffeln zu versorgen.swisssem strebt die Schaffung bestm\u00f6glicher Rahmenbedingungen [&hellip;]","og_url":"https:\/\/www.swisssem.ch\/de\/mitgliederbereich\/archiv_newsletter\/newsletter-februar-2024\/","og_site_name":"swisssem saatgut schweiz","article_modified_time":"2024-02-07T08:42:41+00:00","og_image":[{"url":"https:\/\/www.swisssem.ch\/wp-content\/uploads\/2024\/02\/lukas-1.jpg","type":"","width":"","height":""}],"twitter_card":"summary_large_image","twitter_misc":{"Gesch\u00e4tzte Lesezeit":"1\u00a0Minute"},"schema":{"@context":"https:\/\/schema.org","@graph":[{"@type":"WebPage","@id":"https:\/\/www.swisssem.ch\/de\/mitgliederbereich\/archiv_newsletter\/newsletter-februar-2024\/","url":"https:\/\/www.swisssem.ch\/de\/mitgliederbereich\/archiv_newsletter\/newsletter-februar-2024\/","name":"Newsletter Februar 2024 - swisssem saatgut schweiz","isPartOf":{"@id":"https:\/\/www.swisssem.ch\/de\/#website"},"primaryImageOfPage":{"@id":"https:\/\/www.swisssem.ch\/de\/mitgliederbereich\/archiv_newsletter\/newsletter-februar-2024\/#primaryimage"},"image":{"@id":"https:\/\/www.swisssem.ch\/de\/mitgliederbereich\/archiv_newsletter\/newsletter-februar-2024\/#primaryimage"},"thumbnailUrl":"https:\/\/www.swisssem.ch\/wp-content\/uploads\/2024\/02\/lukas-1.jpg","datePublished":"2024-02-06T10:11:04+00:00","dateModified":"2024-02-07T08:42:41+00:00","breadcrumb":{"@id":"https:\/\/www.swisssem.ch\/de\/mitgliederbereich\/archiv_newsletter\/newsletter-februar-2024\/#breadcrumb"},"inLanguage":"de","potentialAction":[{"@type":"ReadAction","target":["https:\/\/www.swisssem.ch\/de\/mitgliederbereich\/archiv_newsletter\/newsletter-februar-2024\/"]}]},{"@type":"ImageObject","inLanguage":"de","@id":"https:\/\/www.swisssem.ch\/de\/mitgliederbereich\/archiv_newsletter\/newsletter-februar-2024\/#primaryimage","url":"https:\/\/www.swisssem.ch\/wp-content\/uploads\/2024\/02\/lukas-1.jpg","contentUrl":"https:\/\/www.swisssem.ch\/wp-content\/uploads\/2024\/02\/lukas-1.jpg"},{"@type":"BreadcrumbList","@id":"https:\/\/www.swisssem.ch\/de\/mitgliederbereich\/archiv_newsletter\/newsletter-februar-2024\/#breadcrumb","itemListElement":[{"@type":"ListItem","position":1,"name":"Home","item":"https:\/\/www.swisssem.ch\/de\/"},{"@type":"ListItem","position":2,"name":"Mitgliederbereich","item":"https:\/\/www.swisssem.ch\/de\/mitgliederbereich\/"},{"@type":"ListItem","position":3,"name":"Newsletters","item":"https:\/\/www.swisssem.ch\/de\/mitgliederbereich\/archiv_newsletter\/"},{"@type":"ListItem","position":4,"name":"Newsletter Februar 2024"}]},{"@type":"WebSite","@id":"https:\/\/www.swisssem.ch\/de\/#website","url":"https:\/\/www.swisssem.ch\/de\/","name":"swisssem saatgut schweiz","description":"","publisher":{"@id":"https:\/\/www.swisssem.ch\/de\/#organization"},"potentialAction":[{"@type":"SearchAction","target":{"@type":"EntryPoint","urlTemplate":"https:\/\/www.swisssem.ch\/de\/?s={search_term_string}"},"query-input":{"@type":"PropertyValueSpecification","valueRequired":true,"valueName":"search_term_string"}}],"inLanguage":"de"},{"@type":"Organization","@id":"https:\/\/www.swisssem.ch\/de\/#organization","name":"swisssem saatgut schweiz","url":"https:\/\/www.swisssem.ch\/de\/","logo":{"@type":"ImageObject","inLanguage":"de","@id":"https:\/\/www.swisssem.ch\/de\/#\/schema\/logo\/image\/","url":"https:\/\/www.swisssem.ch\/wp-content\/uploads\/2020\/03\/Logo_swisssem_RGB-1.jpg","contentUrl":"https:\/\/www.swisssem.ch\/wp-content\/uploads\/2020\/03\/Logo_swisssem_RGB-1.jpg","width":1684,"height":430,"caption":"swisssem saatgut schweiz"},"image":{"@id":"https:\/\/www.swisssem.ch\/de\/#\/schema\/logo\/image\/"}}]}},"_links":{"self":[{"href":"https:\/\/www.swisssem.ch\/de\/wp-json\/wp\/v2\/pages\/11154","targetHints":{"allow":["GET"]}}],"collection":[{"href":"https:\/\/www.swisssem.ch\/de\/wp-json\/wp\/v2\/pages"}],"about":[{"href":"https:\/\/www.swisssem.ch\/de\/wp-json\/wp\/v2\/types\/page"}],"author":[{"embeddable":true,"href":"https:\/\/www.swisssem.ch\/de\/wp-json\/wp\/v2\/users\/6"}],"replies":[{"embeddable":true,"href":"https:\/\/www.swisssem.ch\/de\/wp-json\/wp\/v2\/comments?post=11154"}],"version-history":[{"count":8,"href":"https:\/\/www.swisssem.ch\/de\/wp-json\/wp\/v2\/pages\/11154\/revisions"}],"predecessor-version":[{"id":11323,"href":"https:\/\/www.swisssem.ch\/de\/wp-json\/wp\/v2\/pages\/11154\/revisions\/11323"}],"up":[{"embeddable":true,"href":"https:\/\/www.swisssem.ch\/de\/wp-json\/wp\/v2\/pages\/1895"}],"wp:attachment":[{"href":"https:\/\/www.swisssem.ch\/de\/wp-json\/wp\/v2\/media?parent=11154"}],"curies":[{"name":"wp","href":"https:\/\/api.w.org\/{rel}","templated":true}]}}